{"id":883,"date":"2021-05-29T17:14:43","date_gmt":"2021-05-29T16:14:43","guid":{"rendered":"https:\/\/despensafranciscana.com\/produto\/xaile-de-nisa\/"},"modified":"2025-03-07T15:04:53","modified_gmt":"2025-03-07T15:04:53","slug":"xaile-de-nisa","status":"publish","type":"product","link":"https:\/\/despensafranciscana.com\/fr\/loja\/xaile-de-nisa\/","title":{"rendered":"Xaile de Nisa"},"content":{"rendered":"<p>Le ch\u00e2le Nisa est un article artisanal brod\u00e9 \u00e0 la main et le d\u00e9lai de livraison est soumis \u00e0 la confirmation de l'artisane. Il peut varier d'un mois et demi \u00e0 deux mois. Les personnes int\u00e9ress\u00e9es recevront plusieurs photos de ch\u00e2les, avec les diff\u00e9rentes options de broderie, et une fois qu'elles auront fait leur choix, nous entamerons tout le processus.<\/p>","protected":false},"excerpt":{"rendered":"<p>Saviez-vous que les ch\u00e2les traditionnels Nisa sont connus pour habiller les reines ? D\u00e9couvrez la reine qui sommeille en vous gr\u00e2ce \u00e0 nos ch\u00e2les color\u00e9s et fleuris. Appartenant au costume traditionnel de Nisa, ce type de broderie, o\u00f9 le point de cha\u00eenette pr\u00e9domine, \u00e9tait enseign\u00e9 d\u00e8s le plus jeune \u00e2ge aux \"filles\". Il est r\u00e9alis\u00e9 en feutre, en noir ou en blanc, avec des couleurs teint\u00e9es pour rehausser leur beaut\u00e9. Cette broderie est tr\u00e8s utilis\u00e9e sur les couvre-lits, les tableaux et les panneaux, dont les plus connus sont les enxarpes et les xailes de Nisa. Celles r\u00e9alis\u00e9es en feutre noir sont souvent utilis\u00e9es par les chanteurs de fado ou par toute personne souhaitant ajouter une touche d'\u00e9l\u00e9gance \u00e0 une tenue plus sophistiqu\u00e9e. Une pi\u00e8ce unique et intemporelle. Sentez-vous comme une vraie reine.<\/p>","protected":false},"featured_media":1461,"template":"","meta":[],"product_brand":[],"product_cat":[152],"product_tag":[],"class_list":{"0":"post-883","1":"product","2":"type-product","3":"status-publish","4":"has-post-thumbnail","6":"product_cat-artes-de-ca","8":"first","9":"instock","10":"taxable","11":"shipping-taxable","12":"purchasable","13":"product-type-variable"},"yoast_head":"<!-- This site is optimized with the Yoast SEO plugin v27.4 - https:\/\/yoast.com\/product\/yoast-seo-wordpress\/ -->\n<title>Xaile de Nisa - Despensa Franciscana<\/title>\n<meta name=\"robots\" content=\"index, follow, max-snippet:-1, max-image-preview:large, max-video-preview:-1\" \/>\n<link rel=\"canonical\" href=\"https:\/\/despensafranciscana.com\/fr\/loja\/xaile-de-nisa\/\" \/>\n<meta property=\"og:locale\" content=\"fr_FR\" \/>\n<meta property=\"og:type\" content=\"article\" \/>\n<meta property=\"og:title\" content=\"Xaile de Nisa - Despensa Franciscana\" \/>\n<meta property=\"og:description\" content=\"Sabia que os tradicionais xailes de Nisa s\u00e3o conhecidos por vestir rainhas? Descubra a rainha que h\u00e1 em si com os nossos coloridos e floridos xailes. Pertences ao traje tradicional de Nisa, este tipo de bordado onde predomina o ponto cadeia, era ensinado desde muito cedo \u00e0s &quot;mo\u00e7as&quot;, feito em feltro, preto ou branco, com cores matizadas para real\u00e7ar a sua beleza. Este bordado \u00e9 muito usado em colchas, quadros, pain\u00e9is sendo que os mais conhecidos s\u00e3o as enxarpes e os xailes de Nisa. Os realizados em feltro preto s\u00e3o muito usados por fadistas ou por quem queira dar um toque de eleg\u00e2ncia a uma roupa mais sofisticada. Uma pe\u00e7a \u00fanica e intemporal. Sinta-se uma verdadeira Rainha.\" \/>\n<meta property=\"og:url\" content=\"https:\/\/despensafranciscana.com\/fr\/loja\/xaile-de-nisa\/\" \/>\n<meta property=\"og:site_name\" content=\"Despensa Franciscana\" \/>\n<meta property=\"article:publisher\" content=\"https:\/\/www.facebook.com\/despensafranciscana\/\" \/>\n<meta property=\"article:modified_time\" content=\"2025-03-07T15:04:53+00:00\" \/>\n<meta property=\"og:image\" content=\"https:\/\/despensafranciscana.com\/wp-content\/uploads\/2021\/05\/IMG_3983.jpeg\" \/>\n\t<meta property=\"og:image:width\" content=\"2048\" \/>\n\t<meta property=\"og:image:height\" content=\"1536\" \/>\n\t<meta property=\"og:image:type\" content=\"image\/jpeg\" \/>\n<meta name=\"twitter:card\" content=\"summary_large_image\" \/>\n<meta name=\"twitter:label1\" content=\"Dur\u00e9e de lecture estim\u00e9e\" \/>\n\t<meta name=\"twitter:data1\" content=\"1 minute\" \/>\n<script type=\"application\/ld+json\" class=\"yoast-schema-graph\">{\"@context\":\"https:\\\/\\\/schema.org\",\"@graph\":[{\"@type\":\"WebPage\",\"@id\":\"https:\\\/\\\/despensafranciscana.com\\\/fr\\\/loja\\\/xaile-de-nisa\\\/\",\"url\":\"https:\\\/\\\/despensafranciscana.com\\\/fr\\\/loja\\\/xaile-de-nisa\\\/\",\"name\":\"Xaile de Nisa - Despensa Franciscana\",\"isPartOf\":{\"@id\":\"https:\\\/\\\/despensafranciscana.com\\\/#website\"},\"primaryImageOfPage\":{\"@id\":\"https:\\\/\\\/despensafranciscana.com\\\/fr\\\/loja\\\/xaile-de-nisa\\\/#primaryimage\"},\"image\":{\"@id\":\"https:\\\/\\\/despensafranciscana.com\\\/fr\\\/loja\\\/xaile-de-nisa\\\/#primaryimage\"},\"thumbnailUrl\":\"https:\\\/\\\/despensafranciscana.com\\\/wp-content\\\/uploads\\\/2021\\\/05\\\/IMG_3983.jpeg\",\"datePublished\":\"2021-05-29T16:14:43+00:00\",\"dateModified\":\"2025-03-07T15:04:53+00:00\",\"breadcrumb\":{\"@id\":\"https:\\\/\\\/despensafranciscana.com\\\/fr\\\/loja\\\/xaile-de-nisa\\\/#breadcrumb\"},\"inLanguage\":\"fr-FR\",\"potentialAction\":[{\"@type\":\"ReadAction\",\"target\":[\"https:\\\/\\\/despensafranciscana.com\\\/fr\\\/loja\\\/xaile-de-nisa\\\/\"]}]},{\"@type\":\"ImageObject\",\"inLanguage\":\"fr-FR\",\"@id\":\"https:\\\/\\\/despensafranciscana.com\\\/fr\\\/loja\\\/xaile-de-nisa\\\/#primaryimage\",\"url\":\"https:\\\/\\\/despensafranciscana.com\\\/wp-content\\\/uploads\\\/2021\\\/05\\\/IMG_3983.jpeg\",\"contentUrl\":\"https:\\\/\\\/despensafranciscana.com\\\/wp-content\\\/uploads\\\/2021\\\/05\\\/IMG_3983.jpeg\",\"width\":2048,\"height\":1536},{\"@type\":\"BreadcrumbList\",\"@id\":\"https:\\\/\\\/despensafranciscana.com\\\/fr\\\/loja\\\/xaile-de-nisa\\\/#breadcrumb\",\"itemListElement\":[{\"@type\":\"ListItem\",\"position\":1,\"name\":\"In\u00edcio\",\"item\":\"https:\\\/\\\/despensafranciscana.com\\\/\"},{\"@type\":\"ListItem\",\"position\":2,\"name\":\"Loja\",\"item\":\"https:\\\/\\\/despensafranciscana.com\\\/loja\\\/\"},{\"@type\":\"ListItem\",\"position\":3,\"name\":\"Xaile de Nisa\"}]},{\"@type\":\"WebSite\",\"@id\":\"https:\\\/\\\/despensafranciscana.com\\\/#website\",\"url\":\"https:\\\/\\\/despensafranciscana.com\\\/\",\"name\":\"Despensa Franciscana\",\"description\":\"Despensa Franciscana\",\"publisher\":{\"@id\":\"https:\\\/\\\/despensafranciscana.com\\\/#organization\"},\"potentialAction\":[{\"@type\":\"SearchAction\",\"target\":{\"@type\":\"EntryPoint\",\"urlTemplate\":\"https:\\\/\\\/despensafranciscana.com\\\/?s={search_term_string}\"},\"query-input\":{\"@type\":\"PropertyValueSpecification\",\"valueRequired\":true,\"valueName\":\"search_term_string\"}}],\"inLanguage\":\"fr-FR\"},{\"@type\":\"Organization\",\"@id\":\"https:\\\/\\\/despensafranciscana.com\\\/#organization\",\"name\":\"Despensa Franciscana\",\"url\":\"https:\\\/\\\/despensafranciscana.com\\\/\",\"logo\":{\"@type\":\"ImageObject\",\"inLanguage\":\"fr-FR\",\"@id\":\"https:\\\/\\\/despensafranciscana.com\\\/#\\\/schema\\\/logo\\\/image\\\/\",\"url\":\"https:\\\/\\\/despensafranciscana.com\\\/wp-content\\\/uploads\\\/2025\\\/02\\\/despensa-franciscana-revamp-logos-8.png\",\"contentUrl\":\"https:\\\/\\\/despensafranciscana.com\\\/wp-content\\\/uploads\\\/2025\\\/02\\\/despensa-franciscana-revamp-logos-8.png\",\"width\":1920,\"height\":628,\"caption\":\"Despensa Franciscana\"},\"image\":{\"@id\":\"https:\\\/\\\/despensafranciscana.com\\\/#\\\/schema\\\/logo\\\/image\\\/\"},\"sameAs\":[\"https:\\\/\\\/www.facebook.com\\\/despensafranciscana\\\/\",\"https:\\\/\\\/www.instagram.com\\\/despensafranciscana\\\/\"]}]}<\/script>\n<!-- \/ Yoast SEO plugin. -->","yoast_head_json":{"title":"Xaile de Nisa - Despensa Franciscana","robots":{"index":"index","follow":"follow","max-snippet":"max-snippet:-1","max-image-preview":"max-image-preview:large","max-video-preview":"max-video-preview:-1"},"canonical":"https:\/\/despensafranciscana.com\/fr\/loja\/xaile-de-nisa\/","og_locale":"fr_FR","og_type":"article","og_title":"Xaile de Nisa - Despensa Franciscana","og_description":"Sabia que os tradicionais xailes de Nisa s\u00e3o conhecidos por vestir rainhas? Descubra a rainha que h\u00e1 em si com os nossos coloridos e floridos xailes. Pertences ao traje tradicional de Nisa, este tipo de bordado onde predomina o ponto cadeia, era ensinado desde muito cedo \u00e0s \"mo\u00e7as\", feito em feltro, preto ou branco, com cores matizadas para real\u00e7ar a sua beleza. Este bordado \u00e9 muito usado em colchas, quadros, pain\u00e9is sendo que os mais conhecidos s\u00e3o as enxarpes e os xailes de Nisa. Os realizados em feltro preto s\u00e3o muito usados por fadistas ou por quem queira dar um toque de eleg\u00e2ncia a uma roupa mais sofisticada. Uma pe\u00e7a \u00fanica e intemporal. Sinta-se uma verdadeira Rainha.","og_url":"https:\/\/despensafranciscana.com\/fr\/loja\/xaile-de-nisa\/","og_site_name":"Despensa Franciscana","article_publisher":"https:\/\/www.facebook.com\/despensafranciscana\/","article_modified_time":"2025-03-07T15:04:53+00:00","og_image":[{"width":2048,"height":1536,"url":"https:\/\/despensafranciscana.com\/wp-content\/uploads\/2021\/05\/IMG_3983.jpeg","type":"image\/jpeg"}],"twitter_card":"summary_large_image","twitter_misc":{"Dur\u00e9e de lecture estim\u00e9e":"1 minute"},"schema":{"@context":"https:\/\/schema.org","@graph":[{"@type":"WebPage","@id":"https:\/\/despensafranciscana.com\/fr\/loja\/xaile-de-nisa\/","url":"https:\/\/despensafranciscana.com\/fr\/loja\/xaile-de-nisa\/","name":"Xaile de Nisa - Despensa Franciscana","isPartOf":{"@id":"https:\/\/despensafranciscana.com\/#website"},"primaryImageOfPage":{"@id":"https:\/\/despensafranciscana.com\/fr\/loja\/xaile-de-nisa\/#primaryimage"},"image":{"@id":"https:\/\/despensafranciscana.com\/fr\/loja\/xaile-de-nisa\/#primaryimage"},"thumbnailUrl":"https:\/\/despensafranciscana.com\/wp-content\/uploads\/2021\/05\/IMG_3983.jpeg","datePublished":"2021-05-29T16:14:43+00:00","dateModified":"2025-03-07T15:04:53+00:00","breadcrumb":{"@id":"https:\/\/despensafranciscana.com\/fr\/loja\/xaile-de-nisa\/#breadcrumb"},"inLanguage":"fr-FR","potentialAction":[{"@type":"ReadAction","target":["https:\/\/despensafranciscana.com\/fr\/loja\/xaile-de-nisa\/"]}]},{"@type":"ImageObject","inLanguage":"fr-FR","@id":"https:\/\/despensafranciscana.com\/fr\/loja\/xaile-de-nisa\/#primaryimage","url":"https:\/\/despensafranciscana.com\/wp-content\/uploads\/2021\/05\/IMG_3983.jpeg","contentUrl":"https:\/\/despensafranciscana.com\/wp-content\/uploads\/2021\/05\/IMG_3983.jpeg","width":2048,"height":1536},{"@type":"BreadcrumbList","@id":"https:\/\/despensafranciscana.com\/fr\/loja\/xaile-de-nisa\/#breadcrumb","itemListElement":[{"@type":"ListItem","position":1,"name":"In\u00edcio","item":"https:\/\/despensafranciscana.com\/"},{"@type":"ListItem","position":2,"name":"Loja","item":"https:\/\/despensafranciscana.com\/loja\/"},{"@type":"ListItem","position":3,"name":"Xaile de Nisa"}]},{"@type":"WebSite","@id":"https:\/\/despensafranciscana.com\/#website","url":"https:\/\/despensafranciscana.com\/","name":"garde-manger franciscain","description":"garde-manger franciscain","publisher":{"@id":"https:\/\/despensafranciscana.com\/#organization"},"potentialAction":[{"@type":"SearchAction","target":{"@type":"EntryPoint","urlTemplate":"https:\/\/despensafranciscana.com\/?s={search_term_string}"},"query-input":{"@type":"PropertyValueSpecification","valueRequired":true,"valueName":"search_term_string"}}],"inLanguage":"fr-FR"},{"@type":"Organization","@id":"https:\/\/despensafranciscana.com\/#organization","name":"garde-manger franciscain","url":"https:\/\/despensafranciscana.com\/","logo":{"@type":"ImageObject","inLanguage":"fr-FR","@id":"https:\/\/despensafranciscana.com\/#\/schema\/logo\/image\/","url":"https:\/\/despensafranciscana.com\/wp-content\/uploads\/2025\/02\/despensa-franciscana-revamp-logos-8.png","contentUrl":"https:\/\/despensafranciscana.com\/wp-content\/uploads\/2025\/02\/despensa-franciscana-revamp-logos-8.png","width":1920,"height":628,"caption":"Despensa Franciscana"},"image":{"@id":"https:\/\/despensafranciscana.com\/#\/schema\/logo\/image\/"},"sameAs":["https:\/\/www.facebook.com\/despensafranciscana\/","https:\/\/www.instagram.com\/despensafranciscana\/"]}]}},"_links":{"self":[{"href":"https:\/\/despensafranciscana.com\/fr\/wp-json\/wp\/v2\/product\/883","targetHints":{"allow":["GET"]}}],"collection":[{"href":"https:\/\/despensafranciscana.com\/fr\/wp-json\/wp\/v2\/product"}],"about":[{"href":"https:\/\/despensafranciscana.com\/fr\/wp-json\/wp\/v2\/types\/product"}],"wp:featuredmedia":[{"embeddable":true,"href":"https:\/\/despensafranciscana.com\/fr\/wp-json\/wp\/v2\/media\/1461"}],"wp:attachment":[{"href":"https:\/\/despensafranciscana.com\/fr\/wp-json\/wp\/v2\/media?parent=883"}],"wp:term":[{"taxonomy":"product_brand","embeddable":true,"href":"https:\/\/despensafranciscana.com\/fr\/wp-json\/wp\/v2\/product_brand?post=883"},{"taxonomy":"product_cat","embeddable":true,"href":"https:\/\/despensafranciscana.com\/fr\/wp-json\/wp\/v2\/product_cat?post=883"},{"taxonomy":"product_tag","embeddable":true,"href":"https:\/\/despensafranciscana.com\/fr\/wp-json\/wp\/v2\/product_tag?post=883"}],"curies":[{"name":"wp","href":"https:\/\/api.w.org\/{rel}","templated":true}]}}