{"id":876,"date":"2021-05-29T17:14:41","date_gmt":"2021-05-29T16:14:41","guid":{"rendered":"https:\/\/despensafranciscana.com\/produto\/ameixa-delvas-em-calda-caixa-de-madeira\/"},"modified":"2025-02-28T14:39:45","modified_gmt":"2025-02-28T14:39:45","slug":"ameixa-delvas-em-calda-caixa-de-madeira","status":"publish","type":"product","link":"https:\/\/despensafranciscana.com\/fr\/loja\/ameixa-delvas-em-calda-caixa-de-madeira\/","title":{"rendered":"Ameixa D\u2019Elvas em Caixa de Madeira"},"content":{"rendered":"","protected":false},"excerpt":{"rendered":"<p>D\u00e9couvrez les v\u00e9ritables prunes d'Elvas confites. Apr\u00e8s avoir \u00e9t\u00e9 lav\u00e9es et s\u00e9ch\u00e9es dans un four \u00e0 air froid, elles constituent un excellent en-cas au go\u00fbt de fruits frais. Nous recommandons de les conserver dans un environnement frais et sec, car l'exposition \u00e0 l'air et \u00e0 la lumi\u00e8re peut rendre la surface s\u00e8che et dure, ce qui endommage le produit. Ces prunes sont pr\u00e9sent\u00e9es dans d'\u00e9l\u00e9gantes bo\u00eetes en bois.<\/p>","protected":false},"featured_media":969,"template":"","meta":[],"product_brand":[],"product_cat":[43],"product_tag":[],"class_list":{"0":"post-876","1":"product","2":"type-product","3":"status-publish","4":"has-post-thumbnail","6":"product_cat-doces-snacks","8":"first","9":"instock","10":"taxable","11":"shipping-taxable","12":"purchasable","13":"product-type-simple"},"yoast_head":"<!-- This site is optimized with the Yoast SEO plugin v27.2 - https:\/\/yoast.com\/product\/yoast-seo-wordpress\/ -->\n<title>Ameixa D\u2019Elvas em Caixa de Madeira - Despensa Franciscana<\/title>\n<meta name=\"robots\" content=\"index, follow, max-snippet:-1, max-image-preview:large, max-video-preview:-1\" \/>\n<link rel=\"canonical\" href=\"https:\/\/despensafranciscana.com\/fr\/loja\/ameixa-delvas-em-calda-caixa-de-madeira\/\" \/>\n<meta property=\"og:locale\" content=\"fr_FR\" \/>\n<meta property=\"og:type\" content=\"article\" \/>\n<meta property=\"og:title\" content=\"Ameixa D\u2019Elvas em Caixa de Madeira - Despensa Franciscana\" \/>\n<meta property=\"og:description\" content=\"Descubra as verdadeiras Ameixa d&#039;Elvas confitadas. Depois de lavadas e secas em estufa de ar frio, s\u00e3o um \u00f3timo snack com sabor a fruta fresca. Recomendamos a sua conserva\u00e7\u00e3o em ambiente fresco e seco, visto que a exposi\u00e7\u00e3o ao ar e luz pode deixar a superf\u00edcie seca e dura, prejudicando o produto. Estas ameixas apresentam-se em elegantes caixas de madeira.\" \/>\n<meta property=\"og:url\" content=\"https:\/\/despensafranciscana.com\/fr\/loja\/ameixa-delvas-em-calda-caixa-de-madeira\/\" \/>\n<meta property=\"og:site_name\" content=\"Despensa Franciscana\" \/>\n<meta property=\"article:publisher\" content=\"https:\/\/www.facebook.com\/despensafranciscana\/\" \/>\n<meta property=\"article:modified_time\" content=\"2025-02-28T14:39:45+00:00\" \/>\n<meta property=\"og:image\" content=\"https:\/\/despensafranciscana.com\/wp-content\/uploads\/2021\/05\/IMG_3728.jpeg\" \/>\n\t<meta property=\"og:image:width\" content=\"1501\" \/>\n\t<meta property=\"og:image:height\" content=\"1947\" \/>\n\t<meta property=\"og:image:type\" content=\"image\/jpeg\" \/>\n<meta name=\"twitter:card\" content=\"summary_large_image\" \/>\n<script type=\"application\/ld+json\" class=\"yoast-schema-graph\">{\"@context\":\"https:\/\/schema.org\",\"@graph\":[{\"@type\":\"WebPage\",\"@id\":\"https:\/\/despensafranciscana.com\/loja\/ameixa-delvas-em-calda-caixa-de-madeira\/\",\"url\":\"https:\/\/despensafranciscana.com\/loja\/ameixa-delvas-em-calda-caixa-de-madeira\/\",\"name\":\"Ameixa D\u2019Elvas em Caixa de Madeira - Despensa Franciscana\",\"isPartOf\":{\"@id\":\"https:\/\/despensafranciscana.com\/#website\"},\"primaryImageOfPage\":{\"@id\":\"https:\/\/despensafranciscana.com\/loja\/ameixa-delvas-em-calda-caixa-de-madeira\/#primaryimage\"},\"image\":{\"@id\":\"https:\/\/despensafranciscana.com\/loja\/ameixa-delvas-em-calda-caixa-de-madeira\/#primaryimage\"},\"thumbnailUrl\":\"https:\/\/despensafranciscana.com\/wp-content\/uploads\/2021\/05\/IMG_3728.jpeg\",\"datePublished\":\"2021-05-29T16:14:41+00:00\",\"dateModified\":\"2025-02-28T14:39:45+00:00\",\"breadcrumb\":{\"@id\":\"https:\/\/despensafranciscana.com\/loja\/ameixa-delvas-em-calda-caixa-de-madeira\/#breadcrumb\"},\"inLanguage\":\"fr-FR\",\"potentialAction\":[{\"@type\":\"ReadAction\",\"target\":[\"https:\/\/despensafranciscana.com\/loja\/ameixa-delvas-em-calda-caixa-de-madeira\/\"]}]},{\"@type\":\"ImageObject\",\"inLanguage\":\"fr-FR\",\"@id\":\"https:\/\/despensafranciscana.com\/loja\/ameixa-delvas-em-calda-caixa-de-madeira\/#primaryimage\",\"url\":\"https:\/\/despensafranciscana.com\/wp-content\/uploads\/2021\/05\/IMG_3728.jpeg\",\"contentUrl\":\"https:\/\/despensafranciscana.com\/wp-content\/uploads\/2021\/05\/IMG_3728.jpeg\",\"width\":1501,\"height\":1947,\"caption\":\"Ameixa D'Elvas\"},{\"@type\":\"BreadcrumbList\",\"@id\":\"https:\/\/despensafranciscana.com\/loja\/ameixa-delvas-em-calda-caixa-de-madeira\/#breadcrumb\",\"itemListElement\":[{\"@type\":\"ListItem\",\"position\":1,\"name\":\"In\u00edcio\",\"item\":\"https:\/\/despensafranciscana.com\/\"},{\"@type\":\"ListItem\",\"position\":2,\"name\":\"Loja\",\"item\":\"https:\/\/despensafranciscana.com\/loja\/\"},{\"@type\":\"ListItem\",\"position\":3,\"name\":\"Ameixa D\u2019Elvas em Caixa de Madeira\"}]},{\"@type\":\"WebSite\",\"@id\":\"https:\/\/despensafranciscana.com\/#website\",\"url\":\"https:\/\/despensafranciscana.com\/\",\"name\":\"Despensa Franciscana\",\"description\":\"Despensa Franciscana\",\"publisher\":{\"@id\":\"https:\/\/despensafranciscana.com\/#organization\"},\"potentialAction\":[{\"@type\":\"SearchAction\",\"target\":{\"@type\":\"EntryPoint\",\"urlTemplate\":\"https:\/\/despensafranciscana.com\/?s={search_term_string}\"},\"query-input\":{\"@type\":\"PropertyValueSpecification\",\"valueRequired\":true,\"valueName\":\"search_term_string\"}}],\"inLanguage\":\"fr-FR\"},{\"@type\":\"Organization\",\"@id\":\"https:\/\/despensafranciscana.com\/#organization\",\"name\":\"Despensa Franciscana\",\"url\":\"https:\/\/despensafranciscana.com\/\",\"logo\":{\"@type\":\"ImageObject\",\"inLanguage\":\"fr-FR\",\"@id\":\"https:\/\/despensafranciscana.com\/#\/schema\/logo\/image\/\",\"url\":\"https:\/\/despensafranciscana.com\/wp-content\/uploads\/2025\/02\/despensa-franciscana-revamp-logos-8.png\",\"contentUrl\":\"https:\/\/despensafranciscana.com\/wp-content\/uploads\/2025\/02\/despensa-franciscana-revamp-logos-8.png\",\"width\":1920,\"height\":628,\"caption\":\"Despensa Franciscana\"},\"image\":{\"@id\":\"https:\/\/despensafranciscana.com\/#\/schema\/logo\/image\/\"},\"sameAs\":[\"https:\/\/www.facebook.com\/despensafranciscana\/\",\"https:\/\/www.instagram.com\/despensafranciscana\/\"]}]}<\/script>\n<!-- \/ Yoast SEO plugin. -->","yoast_head_json":{"title":"Ameixa D\u2019Elvas em Caixa de Madeira - Despensa Franciscana","robots":{"index":"index","follow":"follow","max-snippet":"max-snippet:-1","max-image-preview":"max-image-preview:large","max-video-preview":"max-video-preview:-1"},"canonical":"https:\/\/despensafranciscana.com\/fr\/loja\/ameixa-delvas-em-calda-caixa-de-madeira\/","og_locale":"fr_FR","og_type":"article","og_title":"Ameixa D\u2019Elvas em Caixa de Madeira - Despensa Franciscana","og_description":"Descubra as verdadeiras Ameixa d'Elvas confitadas. Depois de lavadas e secas em estufa de ar frio, s\u00e3o um \u00f3timo snack com sabor a fruta fresca. Recomendamos a sua conserva\u00e7\u00e3o em ambiente fresco e seco, visto que a exposi\u00e7\u00e3o ao ar e luz pode deixar a superf\u00edcie seca e dura, prejudicando o produto. Estas ameixas apresentam-se em elegantes caixas de madeira.","og_url":"https:\/\/despensafranciscana.com\/fr\/loja\/ameixa-delvas-em-calda-caixa-de-madeira\/","og_site_name":"Despensa Franciscana","article_publisher":"https:\/\/www.facebook.com\/despensafranciscana\/","article_modified_time":"2025-02-28T14:39:45+00:00","og_image":[{"width":1501,"height":1947,"url":"https:\/\/despensafranciscana.com\/wp-content\/uploads\/2021\/05\/IMG_3728.jpeg","type":"image\/jpeg"}],"twitter_card":"summary_large_image","schema":{"@context":"https:\/\/schema.org","@graph":[{"@type":"WebPage","@id":"https:\/\/despensafranciscana.com\/loja\/ameixa-delvas-em-calda-caixa-de-madeira\/","url":"https:\/\/despensafranciscana.com\/loja\/ameixa-delvas-em-calda-caixa-de-madeira\/","name":"Ameixa D\u2019Elvas em Caixa de Madeira - Despensa Franciscana","isPartOf":{"@id":"https:\/\/despensafranciscana.com\/#website"},"primaryImageOfPage":{"@id":"https:\/\/despensafranciscana.com\/loja\/ameixa-delvas-em-calda-caixa-de-madeira\/#primaryimage"},"image":{"@id":"https:\/\/despensafranciscana.com\/loja\/ameixa-delvas-em-calda-caixa-de-madeira\/#primaryimage"},"thumbnailUrl":"https:\/\/despensafranciscana.com\/wp-content\/uploads\/2021\/05\/IMG_3728.jpeg","datePublished":"2021-05-29T16:14:41+00:00","dateModified":"2025-02-28T14:39:45+00:00","breadcrumb":{"@id":"https:\/\/despensafranciscana.com\/loja\/ameixa-delvas-em-calda-caixa-de-madeira\/#breadcrumb"},"inLanguage":"fr-FR","potentialAction":[{"@type":"ReadAction","target":["https:\/\/despensafranciscana.com\/loja\/ameixa-delvas-em-calda-caixa-de-madeira\/"]}]},{"@type":"ImageObject","inLanguage":"fr-FR","@id":"https:\/\/despensafranciscana.com\/loja\/ameixa-delvas-em-calda-caixa-de-madeira\/#primaryimage","url":"https:\/\/despensafranciscana.com\/wp-content\/uploads\/2021\/05\/IMG_3728.jpeg","contentUrl":"https:\/\/despensafranciscana.com\/wp-content\/uploads\/2021\/05\/IMG_3728.jpeg","width":1501,"height":1947,"caption":"Ameixa D'Elvas"},{"@type":"BreadcrumbList","@id":"https:\/\/despensafranciscana.com\/loja\/ameixa-delvas-em-calda-caixa-de-madeira\/#breadcrumb","itemListElement":[{"@type":"ListItem","position":1,"name":"In\u00edcio","item":"https:\/\/despensafranciscana.com\/"},{"@type":"ListItem","position":2,"name":"Loja","item":"https:\/\/despensafranciscana.com\/loja\/"},{"@type":"ListItem","position":3,"name":"Ameixa D\u2019Elvas em Caixa de Madeira"}]},{"@type":"WebSite","@id":"https:\/\/despensafranciscana.com\/#website","url":"https:\/\/despensafranciscana.com\/","name":"garde-manger franciscain","description":"garde-manger franciscain","publisher":{"@id":"https:\/\/despensafranciscana.com\/#organization"},"potentialAction":[{"@type":"SearchAction","target":{"@type":"EntryPoint","urlTemplate":"https:\/\/despensafranciscana.com\/?s={search_term_string}"},"query-input":{"@type":"PropertyValueSpecification","valueRequired":true,"valueName":"search_term_string"}}],"inLanguage":"fr-FR"},{"@type":"Organization","@id":"https:\/\/despensafranciscana.com\/#organization","name":"garde-manger franciscain","url":"https:\/\/despensafranciscana.com\/","logo":{"@type":"ImageObject","inLanguage":"fr-FR","@id":"https:\/\/despensafranciscana.com\/#\/schema\/logo\/image\/","url":"https:\/\/despensafranciscana.com\/wp-content\/uploads\/2025\/02\/despensa-franciscana-revamp-logos-8.png","contentUrl":"https:\/\/despensafranciscana.com\/wp-content\/uploads\/2025\/02\/despensa-franciscana-revamp-logos-8.png","width":1920,"height":628,"caption":"Despensa Franciscana"},"image":{"@id":"https:\/\/despensafranciscana.com\/#\/schema\/logo\/image\/"},"sameAs":["https:\/\/www.facebook.com\/despensafranciscana\/","https:\/\/www.instagram.com\/despensafranciscana\/"]}]}},"_links":{"self":[{"href":"https:\/\/despensafranciscana.com\/fr\/wp-json\/wp\/v2\/product\/876","targetHints":{"allow":["GET"]}}],"collection":[{"href":"https:\/\/despensafranciscana.com\/fr\/wp-json\/wp\/v2\/product"}],"about":[{"href":"https:\/\/despensafranciscana.com\/fr\/wp-json\/wp\/v2\/types\/product"}],"wp:featuredmedia":[{"embeddable":true,"href":"https:\/\/despensafranciscana.com\/fr\/wp-json\/wp\/v2\/media\/969"}],"wp:attachment":[{"href":"https:\/\/despensafranciscana.com\/fr\/wp-json\/wp\/v2\/media?parent=876"}],"wp:term":[{"taxonomy":"product_brand","embeddable":true,"href":"https:\/\/despensafranciscana.com\/fr\/wp-json\/wp\/v2\/product_brand?post=876"},{"taxonomy":"product_cat","embeddable":true,"href":"https:\/\/despensafranciscana.com\/fr\/wp-json\/wp\/v2\/product_cat?post=876"},{"taxonomy":"product_tag","embeddable":true,"href":"https:\/\/despensafranciscana.com\/fr\/wp-json\/wp\/v2\/product_tag?post=876"}],"curies":[{"name":"wp","href":"https:\/\/api.w.org\/{rel}","templated":true}]}}