{"id":727,"date":"2021-05-23T21:58:05","date_gmt":"2021-05-23T20:58:05","guid":{"rendered":"https:\/\/despensafranciscana.com\/produto\/rebucados-de-ovo-de-portalegre-em-lata\/"},"modified":"2026-03-24T16:58:44","modified_gmt":"2026-03-24T16:58:44","slug":"rebucados-de-ovo-de-portalegre-em-lata","status":"publish","type":"product","link":"https:\/\/despensafranciscana.com\/fr\/loja\/rebucados-de-ovo-de-portalegre-em-lata\/","title":{"rendered":"Rebu\u00e7ados de Ovo de Portalegre em Lata"},"content":{"rendered":"","protected":false},"excerpt":{"rendered":"<p>Un bonbon qui raconte une histoire vieille de plus de 300 ans ! D\u00e9couvrez la saveur unique des bonbons aux \u0153ufs de Portalegre de F\u00e1brica do Rebu\u00e7ado\u00ae, une sp\u00e9cialit\u00e9 \u00e0 base d'\u0153ufs et de sucre n\u00e9e dans les couvents de la r\u00e9gion de Portalegre. Ces bonbons aux \u0153ufs enchantent non seulement par leur pr\u00e9sentation soign\u00e9e, mais aussi par la qualit\u00e9 des ingr\u00e9dients qui les composent.<\/p>\n<p>Un cadeau d\u00e9licat qui fera plaisir \u00e0 tout le monde.<\/p>","protected":false},"featured_media":17927,"template":"","meta":[],"product_brand":[],"product_cat":[43],"product_tag":[],"class_list":{"0":"post-727","1":"product","2":"type-product","3":"status-publish","4":"has-post-thumbnail","6":"product_cat-doces-snacks","8":"first","9":"instock","10":"taxable","11":"shipping-taxable","12":"purchasable","13":"product-type-variable"},"yoast_head":"<!-- This site is optimized with the Yoast SEO plugin v27.2 - https:\/\/yoast.com\/product\/yoast-seo-wordpress\/ -->\n<title>Rebu\u00e7ados de Ovo de Portalegre em Lata - Despensa Franciscana<\/title>\n<meta name=\"robots\" content=\"index, follow, max-snippet:-1, max-image-preview:large, max-video-preview:-1\" \/>\n<link rel=\"canonical\" href=\"https:\/\/despensafranciscana.com\/fr\/loja\/rebucados-de-ovo-de-portalegre-em-lata\/\" \/>\n<meta property=\"og:locale\" content=\"fr_FR\" \/>\n<meta property=\"og:type\" content=\"article\" \/>\n<meta property=\"og:title\" content=\"Rebu\u00e7ados de Ovo de Portalegre em Lata - Despensa Franciscana\" \/>\n<meta property=\"og:description\" content=\"Um Rebu\u00e7ado que conta uma hist\u00f3ria com mais de 300 anos! Sinta o sabor \u00fanico dos rebu\u00e7ados de ovo de Portalegre da F\u00e1brica do Rebu\u00e7ado\u00ae, uma especialidade \u00e0 base de ovos e a\u00e7\u00facar nascida nos Conventos da regi\u00e3o de Portalegre. Estes rebu\u00e7ados de ovo encantam n\u00e3o s\u00f3 pela sua apresenta\u00e7\u00e3o cuidada mas tamb\u00e9m pela qualidade dos ingredientes com os quais s\u00e3o confeccionados.  Um presente delicado que agrada a todos.\" \/>\n<meta property=\"og:url\" content=\"https:\/\/despensafranciscana.com\/fr\/loja\/rebucados-de-ovo-de-portalegre-em-lata\/\" \/>\n<meta property=\"og:site_name\" content=\"Despensa Franciscana\" \/>\n<meta property=\"article:publisher\" content=\"https:\/\/www.facebook.com\/despensafranciscana\/\" \/>\n<meta property=\"article:modified_time\" content=\"2026-03-24T16:58:44+00:00\" \/>\n<meta property=\"og:image\" content=\"https:\/\/despensafranciscana.com\/wp-content\/uploads\/2021\/06\/rebucados_12.jpg\" \/>\n\t<meta property=\"og:image:width\" content=\"1080\" \/>\n\t<meta property=\"og:image:height\" content=\"1080\" \/>\n\t<meta property=\"og:image:type\" content=\"image\/jpeg\" \/>\n<meta name=\"twitter:card\" content=\"summary_large_image\" \/>\n<meta name=\"twitter:label1\" content=\"Dur\u00e9e de lecture estim\u00e9e\" \/>\n\t<meta name=\"twitter:data1\" content=\"1 minute\" \/>\n<script type=\"application\/ld+json\" class=\"yoast-schema-graph\">{\"@context\":\"https:\/\/schema.org\",\"@graph\":[{\"@type\":\"WebPage\",\"@id\":\"https:\/\/despensafranciscana.com\/loja\/rebucados-de-ovo-de-portalegre-em-lata\/\",\"url\":\"https:\/\/despensafranciscana.com\/loja\/rebucados-de-ovo-de-portalegre-em-lata\/\",\"name\":\"Rebu\u00e7ados de Ovo de Portalegre em Lata - Despensa Franciscana\",\"isPartOf\":{\"@id\":\"https:\/\/despensafranciscana.com\/#website\"},\"primaryImageOfPage\":{\"@id\":\"https:\/\/despensafranciscana.com\/loja\/rebucados-de-ovo-de-portalegre-em-lata\/#primaryimage\"},\"image\":{\"@id\":\"https:\/\/despensafranciscana.com\/loja\/rebucados-de-ovo-de-portalegre-em-lata\/#primaryimage\"},\"thumbnailUrl\":\"https:\/\/despensafranciscana.com\/wp-content\/uploads\/2021\/06\/rebucados_12.jpg\",\"datePublished\":\"2021-05-23T20:58:05+00:00\",\"dateModified\":\"2026-03-24T16:58:44+00:00\",\"breadcrumb\":{\"@id\":\"https:\/\/despensafranciscana.com\/loja\/rebucados-de-ovo-de-portalegre-em-lata\/#breadcrumb\"},\"inLanguage\":\"fr-FR\",\"potentialAction\":[{\"@type\":\"ReadAction\",\"target\":[\"https:\/\/despensafranciscana.com\/loja\/rebucados-de-ovo-de-portalegre-em-lata\/\"]}]},{\"@type\":\"ImageObject\",\"inLanguage\":\"fr-FR\",\"@id\":\"https:\/\/despensafranciscana.com\/loja\/rebucados-de-ovo-de-portalegre-em-lata\/#primaryimage\",\"url\":\"https:\/\/despensafranciscana.com\/wp-content\/uploads\/2021\/06\/rebucados_12.jpg\",\"contentUrl\":\"https:\/\/despensafranciscana.com\/wp-content\/uploads\/2021\/06\/rebucados_12.jpg\",\"width\":1080,\"height\":1080},{\"@type\":\"BreadcrumbList\",\"@id\":\"https:\/\/despensafranciscana.com\/loja\/rebucados-de-ovo-de-portalegre-em-lata\/#breadcrumb\",\"itemListElement\":[{\"@type\":\"ListItem\",\"position\":1,\"name\":\"In\u00edcio\",\"item\":\"https:\/\/despensafranciscana.com\/\"},{\"@type\":\"ListItem\",\"position\":2,\"name\":\"Loja\",\"item\":\"https:\/\/despensafranciscana.com\/loja\/\"},{\"@type\":\"ListItem\",\"position\":3,\"name\":\"Rebu\u00e7ados de Ovo de Portalegre em Lata\"}]},{\"@type\":\"WebSite\",\"@id\":\"https:\/\/despensafranciscana.com\/#website\",\"url\":\"https:\/\/despensafranciscana.com\/\",\"name\":\"Despensa Franciscana\",\"description\":\"Despensa Franciscana\",\"publisher\":{\"@id\":\"https:\/\/despensafranciscana.com\/#organization\"},\"potentialAction\":[{\"@type\":\"SearchAction\",\"target\":{\"@type\":\"EntryPoint\",\"urlTemplate\":\"https:\/\/despensafranciscana.com\/?s={search_term_string}\"},\"query-input\":{\"@type\":\"PropertyValueSpecification\",\"valueRequired\":true,\"valueName\":\"search_term_string\"}}],\"inLanguage\":\"fr-FR\"},{\"@type\":\"Organization\",\"@id\":\"https:\/\/despensafranciscana.com\/#organization\",\"name\":\"Despensa Franciscana\",\"url\":\"https:\/\/despensafranciscana.com\/\",\"logo\":{\"@type\":\"ImageObject\",\"inLanguage\":\"fr-FR\",\"@id\":\"https:\/\/despensafranciscana.com\/#\/schema\/logo\/image\/\",\"url\":\"https:\/\/despensafranciscana.com\/wp-content\/uploads\/2025\/02\/despensa-franciscana-revamp-logos-8.png\",\"contentUrl\":\"https:\/\/despensafranciscana.com\/wp-content\/uploads\/2025\/02\/despensa-franciscana-revamp-logos-8.png\",\"width\":1920,\"height\":628,\"caption\":\"Despensa Franciscana\"},\"image\":{\"@id\":\"https:\/\/despensafranciscana.com\/#\/schema\/logo\/image\/\"},\"sameAs\":[\"https:\/\/www.facebook.com\/despensafranciscana\/\",\"https:\/\/www.instagram.com\/despensafranciscana\/\"]}]}<\/script>\n<!-- \/ Yoast SEO plugin. -->","yoast_head_json":{"title":"Rebu\u00e7ados de Ovo de Portalegre em Lata - Despensa Franciscana","robots":{"index":"index","follow":"follow","max-snippet":"max-snippet:-1","max-image-preview":"max-image-preview:large","max-video-preview":"max-video-preview:-1"},"canonical":"https:\/\/despensafranciscana.com\/fr\/loja\/rebucados-de-ovo-de-portalegre-em-lata\/","og_locale":"fr_FR","og_type":"article","og_title":"Rebu\u00e7ados de Ovo de Portalegre em Lata - Despensa Franciscana","og_description":"Um Rebu\u00e7ado que conta uma hist\u00f3ria com mais de 300 anos! Sinta o sabor \u00fanico dos rebu\u00e7ados de ovo de Portalegre da F\u00e1brica do Rebu\u00e7ado\u00ae, uma especialidade \u00e0 base de ovos e a\u00e7\u00facar nascida nos Conventos da regi\u00e3o de Portalegre. Estes rebu\u00e7ados de ovo encantam n\u00e3o s\u00f3 pela sua apresenta\u00e7\u00e3o cuidada mas tamb\u00e9m pela qualidade dos ingredientes com os quais s\u00e3o confeccionados.  Um presente delicado que agrada a todos.","og_url":"https:\/\/despensafranciscana.com\/fr\/loja\/rebucados-de-ovo-de-portalegre-em-lata\/","og_site_name":"Despensa Franciscana","article_publisher":"https:\/\/www.facebook.com\/despensafranciscana\/","article_modified_time":"2026-03-24T16:58:44+00:00","og_image":[{"width":1080,"height":1080,"url":"https:\/\/despensafranciscana.com\/wp-content\/uploads\/2021\/06\/rebucados_12.jpg","type":"image\/jpeg"}],"twitter_card":"summary_large_image","twitter_misc":{"Dur\u00e9e de lecture estim\u00e9e":"1 minute"},"schema":{"@context":"https:\/\/schema.org","@graph":[{"@type":"WebPage","@id":"https:\/\/despensafranciscana.com\/loja\/rebucados-de-ovo-de-portalegre-em-lata\/","url":"https:\/\/despensafranciscana.com\/loja\/rebucados-de-ovo-de-portalegre-em-lata\/","name":"Rebu\u00e7ados de Ovo de Portalegre em Lata - Despensa Franciscana","isPartOf":{"@id":"https:\/\/despensafranciscana.com\/#website"},"primaryImageOfPage":{"@id":"https:\/\/despensafranciscana.com\/loja\/rebucados-de-ovo-de-portalegre-em-lata\/#primaryimage"},"image":{"@id":"https:\/\/despensafranciscana.com\/loja\/rebucados-de-ovo-de-portalegre-em-lata\/#primaryimage"},"thumbnailUrl":"https:\/\/despensafranciscana.com\/wp-content\/uploads\/2021\/06\/rebucados_12.jpg","datePublished":"2021-05-23T20:58:05+00:00","dateModified":"2026-03-24T16:58:44+00:00","breadcrumb":{"@id":"https:\/\/despensafranciscana.com\/loja\/rebucados-de-ovo-de-portalegre-em-lata\/#breadcrumb"},"inLanguage":"fr-FR","potentialAction":[{"@type":"ReadAction","target":["https:\/\/despensafranciscana.com\/loja\/rebucados-de-ovo-de-portalegre-em-lata\/"]}]},{"@type":"ImageObject","inLanguage":"fr-FR","@id":"https:\/\/despensafranciscana.com\/loja\/rebucados-de-ovo-de-portalegre-em-lata\/#primaryimage","url":"https:\/\/despensafranciscana.com\/wp-content\/uploads\/2021\/06\/rebucados_12.jpg","contentUrl":"https:\/\/despensafranciscana.com\/wp-content\/uploads\/2021\/06\/rebucados_12.jpg","width":1080,"height":1080},{"@type":"BreadcrumbList","@id":"https:\/\/despensafranciscana.com\/loja\/rebucados-de-ovo-de-portalegre-em-lata\/#breadcrumb","itemListElement":[{"@type":"ListItem","position":1,"name":"In\u00edcio","item":"https:\/\/despensafranciscana.com\/"},{"@type":"ListItem","position":2,"name":"Loja","item":"https:\/\/despensafranciscana.com\/loja\/"},{"@type":"ListItem","position":3,"name":"Rebu\u00e7ados de Ovo de Portalegre em Lata"}]},{"@type":"WebSite","@id":"https:\/\/despensafranciscana.com\/#website","url":"https:\/\/despensafranciscana.com\/","name":"garde-manger franciscain","description":"garde-manger franciscain","publisher":{"@id":"https:\/\/despensafranciscana.com\/#organization"},"potentialAction":[{"@type":"SearchAction","target":{"@type":"EntryPoint","urlTemplate":"https:\/\/despensafranciscana.com\/?s={search_term_string}"},"query-input":{"@type":"PropertyValueSpecification","valueRequired":true,"valueName":"search_term_string"}}],"inLanguage":"fr-FR"},{"@type":"Organization","@id":"https:\/\/despensafranciscana.com\/#organization","name":"garde-manger franciscain","url":"https:\/\/despensafranciscana.com\/","logo":{"@type":"ImageObject","inLanguage":"fr-FR","@id":"https:\/\/despensafranciscana.com\/#\/schema\/logo\/image\/","url":"https:\/\/despensafranciscana.com\/wp-content\/uploads\/2025\/02\/despensa-franciscana-revamp-logos-8.png","contentUrl":"https:\/\/despensafranciscana.com\/wp-content\/uploads\/2025\/02\/despensa-franciscana-revamp-logos-8.png","width":1920,"height":628,"caption":"Despensa Franciscana"},"image":{"@id":"https:\/\/despensafranciscana.com\/#\/schema\/logo\/image\/"},"sameAs":["https:\/\/www.facebook.com\/despensafranciscana\/","https:\/\/www.instagram.com\/despensafranciscana\/"]}]}},"_links":{"self":[{"href":"https:\/\/despensafranciscana.com\/fr\/wp-json\/wp\/v2\/product\/727","targetHints":{"allow":["GET"]}}],"collection":[{"href":"https:\/\/despensafranciscana.com\/fr\/wp-json\/wp\/v2\/product"}],"about":[{"href":"https:\/\/despensafranciscana.com\/fr\/wp-json\/wp\/v2\/types\/product"}],"wp:featuredmedia":[{"embeddable":true,"href":"https:\/\/despensafranciscana.com\/fr\/wp-json\/wp\/v2\/media\/17927"}],"wp:attachment":[{"href":"https:\/\/despensafranciscana.com\/fr\/wp-json\/wp\/v2\/media?parent=727"}],"wp:term":[{"taxonomy":"product_brand","embeddable":true,"href":"https:\/\/despensafranciscana.com\/fr\/wp-json\/wp\/v2\/product_brand?post=727"},{"taxonomy":"product_cat","embeddable":true,"href":"https:\/\/despensafranciscana.com\/fr\/wp-json\/wp\/v2\/product_cat?post=727"},{"taxonomy":"product_tag","embeddable":true,"href":"https:\/\/despensafranciscana.com\/fr\/wp-json\/wp\/v2\/product_tag?post=727"}],"curies":[{"name":"wp","href":"https:\/\/api.w.org\/{rel}","templated":true}]}}