{"id":723,"date":"2021-05-23T21:58:04","date_gmt":"2021-05-23T21:58:04","guid":{"rendered":"https:\/\/despensafranciscana.com\/produto\/xarope-de-erva-principe\/"},"modified":"2026-02-25T15:40:26","modified_gmt":"2026-02-25T15:40:26","slug":"xarope-de-erva-principe","status":"publish","type":"product","link":"https:\/\/despensafranciscana.com\/fr\/loja\/xarope-de-erva-principe\/","title":{"rendered":"Xarope de Ervas Pr\u00edncipe"},"content":{"rendered":"","protected":false},"excerpt":{"rendered":"<p>Savourez cet incroyable rafra\u00eechissement citronn\u00e9 \u00e0 base d&#039;herbe exotique qui arrivait autrefois du sud de l&#039;Inde. En plus de son go\u00fbt agr\u00e9able, cette plante aromatique pr\u00e9sente \u00e9galement des bienfaits pour votre sant\u00e9 gr\u00e2ce \u00e0 ses propri\u00e9t\u00e9s cardiotoniques, digestives et antid\u00e9pressives. Sucrez \u00e0 votre guise en augmentant ou en diminuant la dilution recommand\u00e9e, dans de l&#039;eau plate ou gazeuse.<\/p>\n<p>Nous vous conseillons de conserver la bouteille dans un endroit sec et frais, de pr\u00e9f\u00e9rence au r\u00e9frig\u00e9rateur, afin de pr\u00e9server la qualit\u00e9 du sirop et parce qu&#039;il est meilleur s&#039;il est consomm\u00e9 frais. N&#039;oubliez pas de toujours secouer avant d&#039;ouvrir.<\/p>","protected":false},"featured_media":17854,"template":"","meta":[],"product_brand":[],"product_cat":[39],"product_tag":[],"class_list":{"0":"post-723","1":"product","2":"type-product","3":"status-publish","4":"has-post-thumbnail","6":"product_cat-bebidas","8":"first","9":"outofstock","10":"taxable","11":"shipping-taxable","12":"purchasable","13":"product-type-simple"},"yoast_head":"<!-- This site is optimized with the Yoast SEO plugin v27.2 - https:\/\/yoast.com\/product\/yoast-seo-wordpress\/ -->\n<title>Xarope de Ervas Pr\u00edncipe - Despensa Franciscana<\/title>\n<meta name=\"robots\" content=\"index, follow, max-snippet:-1, max-image-preview:large, max-video-preview:-1\" \/>\n<link rel=\"canonical\" href=\"https:\/\/despensafranciscana.com\/fr\/loja\/xarope-de-erva-principe\/\" \/>\n<meta property=\"og:locale\" content=\"fr_FR\" \/>\n<meta property=\"og:type\" content=\"article\" \/>\n<meta property=\"og:title\" content=\"Xarope de Ervas Pr\u00edncipe - Despensa Franciscana\" \/>\n<meta property=\"og:description\" content=\"Desfrute deste refresco alimonado e surpreendente, feito \u00e0 base da ex\u00f3tica erva-pr\u00edncipe que um dia chegou do sul da \u00cdndia. Para al\u00e9m do seu agrad\u00e1vel sabor esta planta arom\u00e1tica tem tamb\u00e9m benef\u00edcios para a sua sa\u00fade gra\u00e7as \u00e0s suas propriedades cardiot\u00f3nicas, digestivas e antidepressivas. Adoce a seu gosto aumentando ou diminuindo a dilui\u00e7\u00e3o recomendada, em \u00e1gua lisa ou com g\u00e1s.  Aconselhamos que guarde a garrafa em local seco e fresco, preferencialmente no frigor\u00edfico, de forma a preservar a qualidade do xarope e porque sabe melhor se consumido fresco. N\u00e3o se esque\u00e7a de agitar sempre antes de abrir.\" \/>\n<meta property=\"og:url\" content=\"https:\/\/despensafranciscana.com\/fr\/loja\/xarope-de-erva-principe\/\" \/>\n<meta property=\"og:site_name\" content=\"Despensa Franciscana\" \/>\n<meta property=\"article:publisher\" content=\"https:\/\/www.facebook.com\/despensafranciscana\/\" \/>\n<meta property=\"article:modified_time\" content=\"2026-02-25T15:40:26+00:00\" \/>\n<meta property=\"og:image\" content=\"https:\/\/despensafranciscana.com\/wp-content\/uploads\/2021\/05\/671f6bc1ad8df_produtodetalhes_0007_Licores_Erva_principe_Sabores_Santa_Clara.jpg\" \/>\n\t<meta property=\"og:image:width\" content=\"399\" \/>\n\t<meta property=\"og:image:height\" content=\"396\" \/>\n\t<meta property=\"og:image:type\" content=\"image\/jpeg\" \/>\n<meta name=\"twitter:card\" content=\"summary_large_image\" \/>\n<meta name=\"twitter:label1\" content=\"Dur\u00e9e de lecture estim\u00e9e\" \/>\n\t<meta name=\"twitter:data1\" content=\"1 minute\" \/>\n<script type=\"application\/ld+json\" class=\"yoast-schema-graph\">{\"@context\":\"https:\/\/schema.org\",\"@graph\":[{\"@type\":\"WebPage\",\"@id\":\"https:\/\/despensafranciscana.com\/loja\/xarope-de-erva-principe\/\",\"url\":\"https:\/\/despensafranciscana.com\/loja\/xarope-de-erva-principe\/\",\"name\":\"Xarope de Ervas Pr\u00edncipe - Despensa Franciscana\",\"isPartOf\":{\"@id\":\"https:\/\/despensafranciscana.com\/#website\"},\"primaryImageOfPage\":{\"@id\":\"https:\/\/despensafranciscana.com\/loja\/xarope-de-erva-principe\/#primaryimage\"},\"image\":{\"@id\":\"https:\/\/despensafranciscana.com\/loja\/xarope-de-erva-principe\/#primaryimage\"},\"thumbnailUrl\":\"https:\/\/despensafranciscana.com\/wp-content\/uploads\/2021\/05\/671f6bc1ad8df_produtodetalhes_0007_Licores_Erva_principe_Sabores_Santa_Clara.jpg\",\"datePublished\":\"2021-05-23T21:58:04+00:00\",\"dateModified\":\"2026-02-25T15:40:26+00:00\",\"breadcrumb\":{\"@id\":\"https:\/\/despensafranciscana.com\/loja\/xarope-de-erva-principe\/#breadcrumb\"},\"inLanguage\":\"fr-FR\",\"potentialAction\":[{\"@type\":\"ReadAction\",\"target\":[\"https:\/\/despensafranciscana.com\/loja\/xarope-de-erva-principe\/\"]}]},{\"@type\":\"ImageObject\",\"inLanguage\":\"fr-FR\",\"@id\":\"https:\/\/despensafranciscana.com\/loja\/xarope-de-erva-principe\/#primaryimage\",\"url\":\"https:\/\/despensafranciscana.com\/wp-content\/uploads\/2021\/05\/671f6bc1ad8df_produtodetalhes_0007_Licores_Erva_principe_Sabores_Santa_Clara.jpg\",\"contentUrl\":\"https:\/\/despensafranciscana.com\/wp-content\/uploads\/2021\/05\/671f6bc1ad8df_produtodetalhes_0007_Licores_Erva_principe_Sabores_Santa_Clara.jpg\",\"width\":399,\"height\":396},{\"@type\":\"BreadcrumbList\",\"@id\":\"https:\/\/despensafranciscana.com\/loja\/xarope-de-erva-principe\/#breadcrumb\",\"itemListElement\":[{\"@type\":\"ListItem\",\"position\":1,\"name\":\"In\u00edcio\",\"item\":\"https:\/\/despensafranciscana.com\/\"},{\"@type\":\"ListItem\",\"position\":2,\"name\":\"Loja\",\"item\":\"https:\/\/despensafranciscana.com\/loja\/\"},{\"@type\":\"ListItem\",\"position\":3,\"name\":\"Xarope de Ervas Pr\u00edncipe\"}]},{\"@type\":\"WebSite\",\"@id\":\"https:\/\/despensafranciscana.com\/#website\",\"url\":\"https:\/\/despensafranciscana.com\/\",\"name\":\"Despensa Franciscana\",\"description\":\"Despensa Franciscana\",\"publisher\":{\"@id\":\"https:\/\/despensafranciscana.com\/#organization\"},\"potentialAction\":[{\"@type\":\"SearchAction\",\"target\":{\"@type\":\"EntryPoint\",\"urlTemplate\":\"https:\/\/despensafranciscana.com\/?s={search_term_string}\"},\"query-input\":{\"@type\":\"PropertyValueSpecification\",\"valueRequired\":true,\"valueName\":\"search_term_string\"}}],\"inLanguage\":\"fr-FR\"},{\"@type\":\"Organization\",\"@id\":\"https:\/\/despensafranciscana.com\/#organization\",\"name\":\"Despensa Franciscana\",\"url\":\"https:\/\/despensafranciscana.com\/\",\"logo\":{\"@type\":\"ImageObject\",\"inLanguage\":\"fr-FR\",\"@id\":\"https:\/\/despensafranciscana.com\/#\/schema\/logo\/image\/\",\"url\":\"https:\/\/despensafranciscana.com\/wp-content\/uploads\/2025\/02\/despensa-franciscana-revamp-logos-8.png\",\"contentUrl\":\"https:\/\/despensafranciscana.com\/wp-content\/uploads\/2025\/02\/despensa-franciscana-revamp-logos-8.png\",\"width\":1920,\"height\":628,\"caption\":\"Despensa Franciscana\"},\"image\":{\"@id\":\"https:\/\/despensafranciscana.com\/#\/schema\/logo\/image\/\"},\"sameAs\":[\"https:\/\/www.facebook.com\/despensafranciscana\/\",\"https:\/\/www.instagram.com\/despensafranciscana\/\"]}]}<\/script>\n<!-- \/ Yoast SEO plugin. -->","yoast_head_json":{"title":"Xarope de Ervas Pr\u00edncipe - Despensa Franciscana","robots":{"index":"index","follow":"follow","max-snippet":"max-snippet:-1","max-image-preview":"max-image-preview:large","max-video-preview":"max-video-preview:-1"},"canonical":"https:\/\/despensafranciscana.com\/fr\/loja\/xarope-de-erva-principe\/","og_locale":"fr_FR","og_type":"article","og_title":"Xarope de Ervas Pr\u00edncipe - Despensa Franciscana","og_description":"Desfrute deste refresco alimonado e surpreendente, feito \u00e0 base da ex\u00f3tica erva-pr\u00edncipe que um dia chegou do sul da \u00cdndia. Para al\u00e9m do seu agrad\u00e1vel sabor esta planta arom\u00e1tica tem tamb\u00e9m benef\u00edcios para a sua sa\u00fade gra\u00e7as \u00e0s suas propriedades cardiot\u00f3nicas, digestivas e antidepressivas. Adoce a seu gosto aumentando ou diminuindo a dilui\u00e7\u00e3o recomendada, em \u00e1gua lisa ou com g\u00e1s.  Aconselhamos que guarde a garrafa em local seco e fresco, preferencialmente no frigor\u00edfico, de forma a preservar a qualidade do xarope e porque sabe melhor se consumido fresco. N\u00e3o se esque\u00e7a de agitar sempre antes de abrir.","og_url":"https:\/\/despensafranciscana.com\/fr\/loja\/xarope-de-erva-principe\/","og_site_name":"Despensa Franciscana","article_publisher":"https:\/\/www.facebook.com\/despensafranciscana\/","article_modified_time":"2026-02-25T15:40:26+00:00","og_image":[{"width":399,"height":396,"url":"https:\/\/despensafranciscana.com\/wp-content\/uploads\/2021\/05\/671f6bc1ad8df_produtodetalhes_0007_Licores_Erva_principe_Sabores_Santa_Clara.jpg","type":"image\/jpeg"}],"twitter_card":"summary_large_image","twitter_misc":{"Dur\u00e9e de lecture estim\u00e9e":"1 minute"},"schema":{"@context":"https:\/\/schema.org","@graph":[{"@type":"WebPage","@id":"https:\/\/despensafranciscana.com\/loja\/xarope-de-erva-principe\/","url":"https:\/\/despensafranciscana.com\/loja\/xarope-de-erva-principe\/","name":"Xarope de Ervas Pr\u00edncipe - Despensa Franciscana","isPartOf":{"@id":"https:\/\/despensafranciscana.com\/#website"},"primaryImageOfPage":{"@id":"https:\/\/despensafranciscana.com\/loja\/xarope-de-erva-principe\/#primaryimage"},"image":{"@id":"https:\/\/despensafranciscana.com\/loja\/xarope-de-erva-principe\/#primaryimage"},"thumbnailUrl":"https:\/\/despensafranciscana.com\/wp-content\/uploads\/2021\/05\/671f6bc1ad8df_produtodetalhes_0007_Licores_Erva_principe_Sabores_Santa_Clara.jpg","datePublished":"2021-05-23T21:58:04+00:00","dateModified":"2026-02-25T15:40:26+00:00","breadcrumb":{"@id":"https:\/\/despensafranciscana.com\/loja\/xarope-de-erva-principe\/#breadcrumb"},"inLanguage":"fr-FR","potentialAction":[{"@type":"ReadAction","target":["https:\/\/despensafranciscana.com\/loja\/xarope-de-erva-principe\/"]}]},{"@type":"ImageObject","inLanguage":"fr-FR","@id":"https:\/\/despensafranciscana.com\/loja\/xarope-de-erva-principe\/#primaryimage","url":"https:\/\/despensafranciscana.com\/wp-content\/uploads\/2021\/05\/671f6bc1ad8df_produtodetalhes_0007_Licores_Erva_principe_Sabores_Santa_Clara.jpg","contentUrl":"https:\/\/despensafranciscana.com\/wp-content\/uploads\/2021\/05\/671f6bc1ad8df_produtodetalhes_0007_Licores_Erva_principe_Sabores_Santa_Clara.jpg","width":399,"height":396},{"@type":"BreadcrumbList","@id":"https:\/\/despensafranciscana.com\/loja\/xarope-de-erva-principe\/#breadcrumb","itemListElement":[{"@type":"ListItem","position":1,"name":"In\u00edcio","item":"https:\/\/despensafranciscana.com\/"},{"@type":"ListItem","position":2,"name":"Loja","item":"https:\/\/despensafranciscana.com\/loja\/"},{"@type":"ListItem","position":3,"name":"Xarope de Ervas Pr\u00edncipe"}]},{"@type":"WebSite","@id":"https:\/\/despensafranciscana.com\/#website","url":"https:\/\/despensafranciscana.com\/","name":"garde-manger franciscain","description":"garde-manger franciscain","publisher":{"@id":"https:\/\/despensafranciscana.com\/#organization"},"potentialAction":[{"@type":"SearchAction","target":{"@type":"EntryPoint","urlTemplate":"https:\/\/despensafranciscana.com\/?s={search_term_string}"},"query-input":{"@type":"PropertyValueSpecification","valueRequired":true,"valueName":"search_term_string"}}],"inLanguage":"fr-FR"},{"@type":"Organization","@id":"https:\/\/despensafranciscana.com\/#organization","name":"garde-manger franciscain","url":"https:\/\/despensafranciscana.com\/","logo":{"@type":"ImageObject","inLanguage":"fr-FR","@id":"https:\/\/despensafranciscana.com\/#\/schema\/logo\/image\/","url":"https:\/\/despensafranciscana.com\/wp-content\/uploads\/2025\/02\/despensa-franciscana-revamp-logos-8.png","contentUrl":"https:\/\/despensafranciscana.com\/wp-content\/uploads\/2025\/02\/despensa-franciscana-revamp-logos-8.png","width":1920,"height":628,"caption":"Despensa Franciscana"},"image":{"@id":"https:\/\/despensafranciscana.com\/#\/schema\/logo\/image\/"},"sameAs":["https:\/\/www.facebook.com\/despensafranciscana\/","https:\/\/www.instagram.com\/despensafranciscana\/"]}]}},"_links":{"self":[{"href":"https:\/\/despensafranciscana.com\/fr\/wp-json\/wp\/v2\/product\/723","targetHints":{"allow":["GET"]}}],"collection":[{"href":"https:\/\/despensafranciscana.com\/fr\/wp-json\/wp\/v2\/product"}],"about":[{"href":"https:\/\/despensafranciscana.com\/fr\/wp-json\/wp\/v2\/types\/product"}],"wp:featuredmedia":[{"embeddable":true,"href":"https:\/\/despensafranciscana.com\/fr\/wp-json\/wp\/v2\/media\/17854"}],"wp:attachment":[{"href":"https:\/\/despensafranciscana.com\/fr\/wp-json\/wp\/v2\/media?parent=723"}],"wp:term":[{"taxonomy":"product_brand","embeddable":true,"href":"https:\/\/despensafranciscana.com\/fr\/wp-json\/wp\/v2\/product_brand?post=723"},{"taxonomy":"product_cat","embeddable":true,"href":"https:\/\/despensafranciscana.com\/fr\/wp-json\/wp\/v2\/product_cat?post=723"},{"taxonomy":"product_tag","embeddable":true,"href":"https:\/\/despensafranciscana.com\/fr\/wp-json\/wp\/v2\/product_tag?post=723"}],"curies":[{"name":"wp","href":"https:\/\/api.w.org\/{rel}","templated":true}]}}