{"id":722,"date":"2021-05-23T21:58:04","date_gmt":"2021-05-23T21:58:04","guid":{"rendered":"https:\/\/despensafranciscana.com\/produto\/xarope-de-tangerina\/"},"modified":"2026-03-20T12:22:10","modified_gmt":"2026-03-20T12:22:10","slug":"xarope-de-tangerina","status":"publish","type":"product","link":"https:\/\/despensafranciscana.com\/fr\/loja\/xarope-de-tangerina\/","title":{"rendered":"Sirop de Mandarine"},"content":{"rendered":"","protected":false},"excerpt":{"rendered":"<p>Savez-vous comment sont n\u00e9es les mandarines ? On raconte qu'en 1841, les Britanniques ont appel\u00e9 les oranges, petites et tr\u00e8s sucr\u00e9es, de la ville marocaine de Tang\u00ear. Le sirop de mandarine refl\u00e8te une partie de cette histoire, car son processus d'\u00e9laboration a n\u00e9cessit\u00e9 pr\u00e8s de deux cents essais pour obtenir le r\u00e9sultat parfait. Aujourd'hui, c'est l'un des sirops pr\u00e9f\u00e9r\u00e9s des enfants et des adultes. Essayez-le et dites-nous ce que vous en pensez.<\/p>\n<p>Nous vous conseillons de conserver la bouteille dans un endroit sec et frais, de pr\u00e9f\u00e9rence au r\u00e9frig\u00e9rateur, afin de pr\u00e9server la qualit\u00e9 du sirop et parce qu&#039;il est meilleur s&#039;il est consomm\u00e9 frais. N&#039;oubliez pas de toujours secouer avant d&#039;ouvrir.<\/p>","protected":false},"featured_media":955,"template":"","meta":[],"product_brand":[],"product_cat":[39],"product_tag":[],"class_list":{"0":"post-722","1":"product","2":"type-product","3":"status-publish","4":"has-post-thumbnail","6":"product_cat-bebidas","8":"first","9":"instock","10":"taxable","11":"shipping-taxable","12":"purchasable","13":"product-type-simple"},"yoast_head":"<!-- This site is optimized with the Yoast SEO plugin v27.2 - https:\/\/yoast.com\/product\/yoast-seo-wordpress\/ -->\n<title>Xarope de Tangerina - Despensa Franciscana<\/title>\n<meta name=\"robots\" content=\"index, follow, max-snippet:-1, max-image-preview:large, max-video-preview:-1\" \/>\n<link rel=\"canonical\" href=\"https:\/\/despensafranciscana.com\/fr\/loja\/xarope-de-tangerina\/\" \/>\n<meta property=\"og:locale\" content=\"fr_FR\" \/>\n<meta property=\"og:type\" content=\"article\" \/>\n<meta property=\"og:title\" content=\"Xarope de Tangerina - Despensa Franciscana\" \/>\n<meta property=\"og:description\" content=\"Sabe como surgiram as tangerinas? Segundo consta foi a forma como, em 1841, os Ingleses apelidaram as laranjas, pequeninas e muito doces, oriundas da cidade marroquina de Tang\u00ear. O Xarope de Tangerina reflete um pouco desta hist\u00f3ria visto que o seu processo de desenvolvimento implicou quase duas centenas de ensaios para obter o resultado perfeito. Hoje \u00e9 um dos Xaropes favorito de mi\u00fados e gra\u00fados. Prove e d\u00ea-nos a sua opini\u00e3o.  Aconselhamos que guarde a garrafa em local seco e fresco, preferencialmente no frigor\u00edfico, de forma a preservar a qualidade do xarope e porque sabe melhor se consumido fresco. N\u00e3o se esque\u00e7a de agitar sempre antes de abrir.\" \/>\n<meta property=\"og:url\" content=\"https:\/\/despensafranciscana.com\/fr\/loja\/xarope-de-tangerina\/\" \/>\n<meta property=\"og:site_name\" content=\"Despensa Franciscana\" \/>\n<meta property=\"article:publisher\" content=\"https:\/\/www.facebook.com\/despensafranciscana\/\" \/>\n<meta property=\"article:modified_time\" content=\"2026-03-20T12:22:10+00:00\" \/>\n<meta property=\"og:image\" content=\"https:\/\/despensafranciscana.com\/wp-content\/uploads\/2021\/05\/apoio-3-1.jpg\" \/>\n\t<meta property=\"og:image:width\" content=\"1000\" \/>\n\t<meta property=\"og:image:height\" content=\"1000\" \/>\n\t<meta property=\"og:image:type\" content=\"image\/jpeg\" \/>\n<meta name=\"twitter:card\" content=\"summary_large_image\" \/>\n<script type=\"application\/ld+json\" class=\"yoast-schema-graph\">{\"@context\":\"https:\/\/schema.org\",\"@graph\":[{\"@type\":\"WebPage\",\"@id\":\"https:\/\/despensafranciscana.com\/loja\/xarope-de-tangerina\/\",\"url\":\"https:\/\/despensafranciscana.com\/loja\/xarope-de-tangerina\/\",\"name\":\"Xarope de Tangerina - Despensa Franciscana\",\"isPartOf\":{\"@id\":\"https:\/\/despensafranciscana.com\/#website\"},\"primaryImageOfPage\":{\"@id\":\"https:\/\/despensafranciscana.com\/loja\/xarope-de-tangerina\/#primaryimage\"},\"image\":{\"@id\":\"https:\/\/despensafranciscana.com\/loja\/xarope-de-tangerina\/#primaryimage\"},\"thumbnailUrl\":\"https:\/\/despensafranciscana.com\/wp-content\/uploads\/2021\/05\/apoio-3-1.jpg\",\"datePublished\":\"2021-05-23T21:58:04+00:00\",\"dateModified\":\"2026-03-20T12:22:10+00:00\",\"breadcrumb\":{\"@id\":\"https:\/\/despensafranciscana.com\/loja\/xarope-de-tangerina\/#breadcrumb\"},\"inLanguage\":\"fr-FR\",\"potentialAction\":[{\"@type\":\"ReadAction\",\"target\":[\"https:\/\/despensafranciscana.com\/loja\/xarope-de-tangerina\/\"]}]},{\"@type\":\"ImageObject\",\"inLanguage\":\"fr-FR\",\"@id\":\"https:\/\/despensafranciscana.com\/loja\/xarope-de-tangerina\/#primaryimage\",\"url\":\"https:\/\/despensafranciscana.com\/wp-content\/uploads\/2021\/05\/apoio-3-1.jpg\",\"contentUrl\":\"https:\/\/despensafranciscana.com\/wp-content\/uploads\/2021\/05\/apoio-3-1.jpg\",\"width\":1000,\"height\":1000,\"caption\":\"Xarope de Tangerina\"},{\"@type\":\"BreadcrumbList\",\"@id\":\"https:\/\/despensafranciscana.com\/loja\/xarope-de-tangerina\/#breadcrumb\",\"itemListElement\":[{\"@type\":\"ListItem\",\"position\":1,\"name\":\"In\u00edcio\",\"item\":\"https:\/\/despensafranciscana.com\/\"},{\"@type\":\"ListItem\",\"position\":2,\"name\":\"Loja\",\"item\":\"https:\/\/despensafranciscana.com\/loja\/\"},{\"@type\":\"ListItem\",\"position\":3,\"name\":\"Xarope de Tangerina\"}]},{\"@type\":\"WebSite\",\"@id\":\"https:\/\/despensafranciscana.com\/#website\",\"url\":\"https:\/\/despensafranciscana.com\/\",\"name\":\"Despensa Franciscana\",\"description\":\"Despensa Franciscana\",\"publisher\":{\"@id\":\"https:\/\/despensafranciscana.com\/#organization\"},\"potentialAction\":[{\"@type\":\"SearchAction\",\"target\":{\"@type\":\"EntryPoint\",\"urlTemplate\":\"https:\/\/despensafranciscana.com\/?s={search_term_string}\"},\"query-input\":{\"@type\":\"PropertyValueSpecification\",\"valueRequired\":true,\"valueName\":\"search_term_string\"}}],\"inLanguage\":\"fr-FR\"},{\"@type\":\"Organization\",\"@id\":\"https:\/\/despensafranciscana.com\/#organization\",\"name\":\"Despensa Franciscana\",\"url\":\"https:\/\/despensafranciscana.com\/\",\"logo\":{\"@type\":\"ImageObject\",\"inLanguage\":\"fr-FR\",\"@id\":\"https:\/\/despensafranciscana.com\/#\/schema\/logo\/image\/\",\"url\":\"https:\/\/despensafranciscana.com\/wp-content\/uploads\/2025\/02\/despensa-franciscana-revamp-logos-8.png\",\"contentUrl\":\"https:\/\/despensafranciscana.com\/wp-content\/uploads\/2025\/02\/despensa-franciscana-revamp-logos-8.png\",\"width\":1920,\"height\":628,\"caption\":\"Despensa Franciscana\"},\"image\":{\"@id\":\"https:\/\/despensafranciscana.com\/#\/schema\/logo\/image\/\"},\"sameAs\":[\"https:\/\/www.facebook.com\/despensafranciscana\/\",\"https:\/\/www.instagram.com\/despensafranciscana\/\"]}]}<\/script>\n<!-- \/ Yoast SEO plugin. -->","yoast_head_json":{"title":"Xarope de Tangerina - Despensa Franciscana","robots":{"index":"index","follow":"follow","max-snippet":"max-snippet:-1","max-image-preview":"max-image-preview:large","max-video-preview":"max-video-preview:-1"},"canonical":"https:\/\/despensafranciscana.com\/fr\/loja\/xarope-de-tangerina\/","og_locale":"fr_FR","og_type":"article","og_title":"Xarope de Tangerina - Despensa Franciscana","og_description":"Sabe como surgiram as tangerinas? Segundo consta foi a forma como, em 1841, os Ingleses apelidaram as laranjas, pequeninas e muito doces, oriundas da cidade marroquina de Tang\u00ear. O Xarope de Tangerina reflete um pouco desta hist\u00f3ria visto que o seu processo de desenvolvimento implicou quase duas centenas de ensaios para obter o resultado perfeito. Hoje \u00e9 um dos Xaropes favorito de mi\u00fados e gra\u00fados. Prove e d\u00ea-nos a sua opini\u00e3o.  Aconselhamos que guarde a garrafa em local seco e fresco, preferencialmente no frigor\u00edfico, de forma a preservar a qualidade do xarope e porque sabe melhor se consumido fresco. N\u00e3o se esque\u00e7a de agitar sempre antes de abrir.","og_url":"https:\/\/despensafranciscana.com\/fr\/loja\/xarope-de-tangerina\/","og_site_name":"Despensa Franciscana","article_publisher":"https:\/\/www.facebook.com\/despensafranciscana\/","article_modified_time":"2026-03-20T12:22:10+00:00","og_image":[{"width":1000,"height":1000,"url":"https:\/\/despensafranciscana.com\/wp-content\/uploads\/2021\/05\/apoio-3-1.jpg","type":"image\/jpeg"}],"twitter_card":"summary_large_image","schema":{"@context":"https:\/\/schema.org","@graph":[{"@type":"WebPage","@id":"https:\/\/despensafranciscana.com\/loja\/xarope-de-tangerina\/","url":"https:\/\/despensafranciscana.com\/loja\/xarope-de-tangerina\/","name":"Xarope de Tangerina - Despensa Franciscana","isPartOf":{"@id":"https:\/\/despensafranciscana.com\/#website"},"primaryImageOfPage":{"@id":"https:\/\/despensafranciscana.com\/loja\/xarope-de-tangerina\/#primaryimage"},"image":{"@id":"https:\/\/despensafranciscana.com\/loja\/xarope-de-tangerina\/#primaryimage"},"thumbnailUrl":"https:\/\/despensafranciscana.com\/wp-content\/uploads\/2021\/05\/apoio-3-1.jpg","datePublished":"2021-05-23T21:58:04+00:00","dateModified":"2026-03-20T12:22:10+00:00","breadcrumb":{"@id":"https:\/\/despensafranciscana.com\/loja\/xarope-de-tangerina\/#breadcrumb"},"inLanguage":"fr-FR","potentialAction":[{"@type":"ReadAction","target":["https:\/\/despensafranciscana.com\/loja\/xarope-de-tangerina\/"]}]},{"@type":"ImageObject","inLanguage":"fr-FR","@id":"https:\/\/despensafranciscana.com\/loja\/xarope-de-tangerina\/#primaryimage","url":"https:\/\/despensafranciscana.com\/wp-content\/uploads\/2021\/05\/apoio-3-1.jpg","contentUrl":"https:\/\/despensafranciscana.com\/wp-content\/uploads\/2021\/05\/apoio-3-1.jpg","width":1000,"height":1000,"caption":"Xarope de Tangerina"},{"@type":"BreadcrumbList","@id":"https:\/\/despensafranciscana.com\/loja\/xarope-de-tangerina\/#breadcrumb","itemListElement":[{"@type":"ListItem","position":1,"name":"In\u00edcio","item":"https:\/\/despensafranciscana.com\/"},{"@type":"ListItem","position":2,"name":"Loja","item":"https:\/\/despensafranciscana.com\/loja\/"},{"@type":"ListItem","position":3,"name":"Xarope de Tangerina"}]},{"@type":"WebSite","@id":"https:\/\/despensafranciscana.com\/#website","url":"https:\/\/despensafranciscana.com\/","name":"garde-manger franciscain","description":"garde-manger franciscain","publisher":{"@id":"https:\/\/despensafranciscana.com\/#organization"},"potentialAction":[{"@type":"SearchAction","target":{"@type":"EntryPoint","urlTemplate":"https:\/\/despensafranciscana.com\/?s={search_term_string}"},"query-input":{"@type":"PropertyValueSpecification","valueRequired":true,"valueName":"search_term_string"}}],"inLanguage":"fr-FR"},{"@type":"Organization","@id":"https:\/\/despensafranciscana.com\/#organization","name":"garde-manger franciscain","url":"https:\/\/despensafranciscana.com\/","logo":{"@type":"ImageObject","inLanguage":"fr-FR","@id":"https:\/\/despensafranciscana.com\/#\/schema\/logo\/image\/","url":"https:\/\/despensafranciscana.com\/wp-content\/uploads\/2025\/02\/despensa-franciscana-revamp-logos-8.png","contentUrl":"https:\/\/despensafranciscana.com\/wp-content\/uploads\/2025\/02\/despensa-franciscana-revamp-logos-8.png","width":1920,"height":628,"caption":"Despensa Franciscana"},"image":{"@id":"https:\/\/despensafranciscana.com\/#\/schema\/logo\/image\/"},"sameAs":["https:\/\/www.facebook.com\/despensafranciscana\/","https:\/\/www.instagram.com\/despensafranciscana\/"]}]}},"_links":{"self":[{"href":"https:\/\/despensafranciscana.com\/fr\/wp-json\/wp\/v2\/product\/722","targetHints":{"allow":["GET"]}}],"collection":[{"href":"https:\/\/despensafranciscana.com\/fr\/wp-json\/wp\/v2\/product"}],"about":[{"href":"https:\/\/despensafranciscana.com\/fr\/wp-json\/wp\/v2\/types\/product"}],"wp:featuredmedia":[{"embeddable":true,"href":"https:\/\/despensafranciscana.com\/fr\/wp-json\/wp\/v2\/media\/955"}],"wp:attachment":[{"href":"https:\/\/despensafranciscana.com\/fr\/wp-json\/wp\/v2\/media?parent=722"}],"wp:term":[{"taxonomy":"product_brand","embeddable":true,"href":"https:\/\/despensafranciscana.com\/fr\/wp-json\/wp\/v2\/product_brand?post=722"},{"taxonomy":"product_cat","embeddable":true,"href":"https:\/\/despensafranciscana.com\/fr\/wp-json\/wp\/v2\/product_cat?post=722"},{"taxonomy":"product_tag","embeddable":true,"href":"https:\/\/despensafranciscana.com\/fr\/wp-json\/wp\/v2\/product_tag?post=722"}],"curies":[{"name":"wp","href":"https:\/\/api.w.org\/{rel}","templated":true}]}}