{"id":652,"date":"2021-05-23T21:57:32","date_gmt":"2021-05-23T21:57:32","guid":{"rendered":"https:\/\/despensafranciscana.com\/produto\/azeite-virgem-extra-3\/"},"modified":"2025-11-24T14:50:13","modified_gmt":"2025-11-24T14:50:13","slug":"azeite-virgem-extra-3","status":"publish","type":"product","link":"https:\/\/despensafranciscana.com\/fr\/loja\/azeite-virgem-extra-3\/","title":{"rendered":"Azeite Virgem Extra 5L"},"content":{"rendered":"","protected":false},"excerpt":{"rendered":"<p>L'huile d'olive extra vierge est le roi des graisses v\u00e9g\u00e9tales, c'est l'authentique jus naturel de l'olive (fruit de l'olivier), pr\u00e9servant ainsi sa saveur, son ar\u00f4me et toutes ses propri\u00e9t\u00e9s b\u00e9n\u00e9fiques pour la sant\u00e9. Sa couleur jaun\u00e2tre, issue d'olives vertes et d'olives noires m\u00fbres, associe des notes de fruits m\u00fbrs et de feuilles vertes. Il en r\u00e9sulte une huile d'olive fra\u00eeche, \u00e0 l'arri\u00e8re-go\u00fbt l\u00e9g\u00e8rement amer et piquant, au profil doux et harmonieux.<\/p>","protected":false},"featured_media":1726,"template":"","meta":[],"product_brand":[],"product_cat":[43],"product_tag":[],"class_list":{"0":"post-652","1":"product","2":"type-product","3":"status-publish","4":"has-post-thumbnail","6":"product_cat-doces-snacks","8":"first","9":"onbackorder","10":"taxable","11":"shipping-taxable","12":"purchasable","13":"product-type-variable"},"yoast_head":"<!-- This site is optimized with the Yoast SEO plugin v27.2 - https:\/\/yoast.com\/product\/yoast-seo-wordpress\/ -->\n<title>Azeite Virgem Extra 5L - Despensa Franciscana<\/title>\n<meta name=\"robots\" content=\"index, follow, max-snippet:-1, max-image-preview:large, max-video-preview:-1\" \/>\n<link rel=\"canonical\" href=\"https:\/\/despensafranciscana.com\/fr\/loja\/azeite-virgem-extra-3\/\" \/>\n<meta property=\"og:locale\" content=\"fr_FR\" \/>\n<meta property=\"og:type\" content=\"article\" \/>\n<meta property=\"og:title\" content=\"Azeite Virgem Extra 5L - Despensa Franciscana\" \/>\n<meta property=\"og:description\" content=\"O azeite virgem extra \u00e9 o rei das gorduras vegetais, \u00e9 o aut\u00eantico sumo 100% natural da azeitona (fruto da Oliveira), conservando assim o sabor, aroma e todas as propriedades ben\u00e9ficas para a sa\u00fade. A sua cor amarelada, proveniente de azeitona verde e da azeitona preta madura, alia notas de fruta madura e folha verde. O resultado \u00e9 um azeite fresco e com um final de boca ligeiramente amargo e picante, tendo por isso um perfil suave e harmonioso.\" \/>\n<meta property=\"og:url\" content=\"https:\/\/despensafranciscana.com\/fr\/loja\/azeite-virgem-extra-3\/\" \/>\n<meta property=\"og:site_name\" content=\"Despensa Franciscana\" \/>\n<meta property=\"article:publisher\" content=\"https:\/\/www.facebook.com\/despensafranciscana\/\" \/>\n<meta property=\"article:modified_time\" content=\"2025-11-24T14:50:13+00:00\" \/>\n<meta property=\"og:image\" content=\"https:\/\/despensafranciscana.com\/wp-content\/uploads\/2021\/05\/Azeite-Virgem-Extra-MC-5L.png\" \/>\n\t<meta property=\"og:image:width\" content=\"1080\" \/>\n\t<meta property=\"og:image:height\" content=\"1080\" \/>\n\t<meta property=\"og:image:type\" content=\"image\/png\" \/>\n<meta name=\"twitter:card\" content=\"summary_large_image\" \/>\n<script type=\"application\/ld+json\" class=\"yoast-schema-graph\">{\"@context\":\"https:\/\/schema.org\",\"@graph\":[{\"@type\":\"WebPage\",\"@id\":\"https:\/\/despensafranciscana.com\/de\/loja\/azeite-virgem-extra-3\/\",\"url\":\"https:\/\/despensafranciscana.com\/de\/loja\/azeite-virgem-extra-3\/\",\"name\":\"Azeite Virgem Extra 5L - Despensa Franciscana\",\"isPartOf\":{\"@id\":\"https:\/\/despensafranciscana.com\/#website\"},\"primaryImageOfPage\":{\"@id\":\"https:\/\/despensafranciscana.com\/de\/loja\/azeite-virgem-extra-3\/#primaryimage\"},\"image\":{\"@id\":\"https:\/\/despensafranciscana.com\/de\/loja\/azeite-virgem-extra-3\/#primaryimage\"},\"thumbnailUrl\":\"https:\/\/despensafranciscana.com\/wp-content\/uploads\/2021\/05\/Azeite-Virgem-Extra-MC-5L.png\",\"datePublished\":\"2021-05-23T21:57:32+00:00\",\"dateModified\":\"2025-11-24T14:50:13+00:00\",\"breadcrumb\":{\"@id\":\"https:\/\/despensafranciscana.com\/de\/loja\/azeite-virgem-extra-3\/#breadcrumb\"},\"inLanguage\":\"fr-FR\",\"potentialAction\":[{\"@type\":\"ReadAction\",\"target\":[\"https:\/\/despensafranciscana.com\/de\/loja\/azeite-virgem-extra-3\/\"]}]},{\"@type\":\"ImageObject\",\"inLanguage\":\"fr-FR\",\"@id\":\"https:\/\/despensafranciscana.com\/de\/loja\/azeite-virgem-extra-3\/#primaryimage\",\"url\":\"https:\/\/despensafranciscana.com\/wp-content\/uploads\/2021\/05\/Azeite-Virgem-Extra-MC-5L.png\",\"contentUrl\":\"https:\/\/despensafranciscana.com\/wp-content\/uploads\/2021\/05\/Azeite-Virgem-Extra-MC-5L.png\",\"width\":1080,\"height\":1080},{\"@type\":\"BreadcrumbList\",\"@id\":\"https:\/\/despensafranciscana.com\/de\/loja\/azeite-virgem-extra-3\/#breadcrumb\",\"itemListElement\":[{\"@type\":\"ListItem\",\"position\":1,\"name\":\"In\u00edcio\",\"item\":\"https:\/\/despensafranciscana.com\/\"},{\"@type\":\"ListItem\",\"position\":2,\"name\":\"Loja\",\"item\":\"https:\/\/despensafranciscana.com\/loja\/\"},{\"@type\":\"ListItem\",\"position\":3,\"name\":\"Azeite Virgem Extra 5L\"}]},{\"@type\":\"WebSite\",\"@id\":\"https:\/\/despensafranciscana.com\/#website\",\"url\":\"https:\/\/despensafranciscana.com\/\",\"name\":\"Despensa Franciscana\",\"description\":\"Despensa Franciscana\",\"publisher\":{\"@id\":\"https:\/\/despensafranciscana.com\/#organization\"},\"potentialAction\":[{\"@type\":\"SearchAction\",\"target\":{\"@type\":\"EntryPoint\",\"urlTemplate\":\"https:\/\/despensafranciscana.com\/?s={search_term_string}\"},\"query-input\":{\"@type\":\"PropertyValueSpecification\",\"valueRequired\":true,\"valueName\":\"search_term_string\"}}],\"inLanguage\":\"fr-FR\"},{\"@type\":\"Organization\",\"@id\":\"https:\/\/despensafranciscana.com\/#organization\",\"name\":\"Despensa Franciscana\",\"url\":\"https:\/\/despensafranciscana.com\/\",\"logo\":{\"@type\":\"ImageObject\",\"inLanguage\":\"fr-FR\",\"@id\":\"https:\/\/despensafranciscana.com\/#\/schema\/logo\/image\/\",\"url\":\"https:\/\/despensafranciscana.com\/wp-content\/uploads\/2025\/02\/despensa-franciscana-revamp-logos-8.png\",\"contentUrl\":\"https:\/\/despensafranciscana.com\/wp-content\/uploads\/2025\/02\/despensa-franciscana-revamp-logos-8.png\",\"width\":1920,\"height\":628,\"caption\":\"Despensa Franciscana\"},\"image\":{\"@id\":\"https:\/\/despensafranciscana.com\/#\/schema\/logo\/image\/\"},\"sameAs\":[\"https:\/\/www.facebook.com\/despensafranciscana\/\",\"https:\/\/www.instagram.com\/despensafranciscana\/\"]}]}<\/script>\n<!-- \/ Yoast SEO plugin. -->","yoast_head_json":{"title":"Azeite Virgem Extra 5L - Despensa Franciscana","robots":{"index":"index","follow":"follow","max-snippet":"max-snippet:-1","max-image-preview":"max-image-preview:large","max-video-preview":"max-video-preview:-1"},"canonical":"https:\/\/despensafranciscana.com\/fr\/loja\/azeite-virgem-extra-3\/","og_locale":"fr_FR","og_type":"article","og_title":"Azeite Virgem Extra 5L - Despensa Franciscana","og_description":"O azeite virgem extra \u00e9 o rei das gorduras vegetais, \u00e9 o aut\u00eantico sumo 100% natural da azeitona (fruto da Oliveira), conservando assim o sabor, aroma e todas as propriedades ben\u00e9ficas para a sa\u00fade. A sua cor amarelada, proveniente de azeitona verde e da azeitona preta madura, alia notas de fruta madura e folha verde. O resultado \u00e9 um azeite fresco e com um final de boca ligeiramente amargo e picante, tendo por isso um perfil suave e harmonioso.","og_url":"https:\/\/despensafranciscana.com\/fr\/loja\/azeite-virgem-extra-3\/","og_site_name":"Despensa Franciscana","article_publisher":"https:\/\/www.facebook.com\/despensafranciscana\/","article_modified_time":"2025-11-24T14:50:13+00:00","og_image":[{"width":1080,"height":1080,"url":"https:\/\/despensafranciscana.com\/wp-content\/uploads\/2021\/05\/Azeite-Virgem-Extra-MC-5L.png","type":"image\/png"}],"twitter_card":"summary_large_image","schema":{"@context":"https:\/\/schema.org","@graph":[{"@type":"WebPage","@id":"https:\/\/despensafranciscana.com\/de\/loja\/azeite-virgem-extra-3\/","url":"https:\/\/despensafranciscana.com\/de\/loja\/azeite-virgem-extra-3\/","name":"Azeite Virgem Extra 5L - Despensa Franciscana","isPartOf":{"@id":"https:\/\/despensafranciscana.com\/#website"},"primaryImageOfPage":{"@id":"https:\/\/despensafranciscana.com\/de\/loja\/azeite-virgem-extra-3\/#primaryimage"},"image":{"@id":"https:\/\/despensafranciscana.com\/de\/loja\/azeite-virgem-extra-3\/#primaryimage"},"thumbnailUrl":"https:\/\/despensafranciscana.com\/wp-content\/uploads\/2021\/05\/Azeite-Virgem-Extra-MC-5L.png","datePublished":"2021-05-23T21:57:32+00:00","dateModified":"2025-11-24T14:50:13+00:00","breadcrumb":{"@id":"https:\/\/despensafranciscana.com\/de\/loja\/azeite-virgem-extra-3\/#breadcrumb"},"inLanguage":"fr-FR","potentialAction":[{"@type":"ReadAction","target":["https:\/\/despensafranciscana.com\/de\/loja\/azeite-virgem-extra-3\/"]}]},{"@type":"ImageObject","inLanguage":"fr-FR","@id":"https:\/\/despensafranciscana.com\/de\/loja\/azeite-virgem-extra-3\/#primaryimage","url":"https:\/\/despensafranciscana.com\/wp-content\/uploads\/2021\/05\/Azeite-Virgem-Extra-MC-5L.png","contentUrl":"https:\/\/despensafranciscana.com\/wp-content\/uploads\/2021\/05\/Azeite-Virgem-Extra-MC-5L.png","width":1080,"height":1080},{"@type":"BreadcrumbList","@id":"https:\/\/despensafranciscana.com\/de\/loja\/azeite-virgem-extra-3\/#breadcrumb","itemListElement":[{"@type":"ListItem","position":1,"name":"In\u00edcio","item":"https:\/\/despensafranciscana.com\/"},{"@type":"ListItem","position":2,"name":"Loja","item":"https:\/\/despensafranciscana.com\/loja\/"},{"@type":"ListItem","position":3,"name":"Azeite Virgem Extra 5L"}]},{"@type":"WebSite","@id":"https:\/\/despensafranciscana.com\/#website","url":"https:\/\/despensafranciscana.com\/","name":"garde-manger franciscain","description":"garde-manger franciscain","publisher":{"@id":"https:\/\/despensafranciscana.com\/#organization"},"potentialAction":[{"@type":"SearchAction","target":{"@type":"EntryPoint","urlTemplate":"https:\/\/despensafranciscana.com\/?s={search_term_string}"},"query-input":{"@type":"PropertyValueSpecification","valueRequired":true,"valueName":"search_term_string"}}],"inLanguage":"fr-FR"},{"@type":"Organization","@id":"https:\/\/despensafranciscana.com\/#organization","name":"garde-manger franciscain","url":"https:\/\/despensafranciscana.com\/","logo":{"@type":"ImageObject","inLanguage":"fr-FR","@id":"https:\/\/despensafranciscana.com\/#\/schema\/logo\/image\/","url":"https:\/\/despensafranciscana.com\/wp-content\/uploads\/2025\/02\/despensa-franciscana-revamp-logos-8.png","contentUrl":"https:\/\/despensafranciscana.com\/wp-content\/uploads\/2025\/02\/despensa-franciscana-revamp-logos-8.png","width":1920,"height":628,"caption":"Despensa Franciscana"},"image":{"@id":"https:\/\/despensafranciscana.com\/#\/schema\/logo\/image\/"},"sameAs":["https:\/\/www.facebook.com\/despensafranciscana\/","https:\/\/www.instagram.com\/despensafranciscana\/"]}]}},"_links":{"self":[{"href":"https:\/\/despensafranciscana.com\/fr\/wp-json\/wp\/v2\/product\/652","targetHints":{"allow":["GET"]}}],"collection":[{"href":"https:\/\/despensafranciscana.com\/fr\/wp-json\/wp\/v2\/product"}],"about":[{"href":"https:\/\/despensafranciscana.com\/fr\/wp-json\/wp\/v2\/types\/product"}],"wp:featuredmedia":[{"embeddable":true,"href":"https:\/\/despensafranciscana.com\/fr\/wp-json\/wp\/v2\/media\/1726"}],"wp:attachment":[{"href":"https:\/\/despensafranciscana.com\/fr\/wp-json\/wp\/v2\/media?parent=652"}],"wp:term":[{"taxonomy":"product_brand","embeddable":true,"href":"https:\/\/despensafranciscana.com\/fr\/wp-json\/wp\/v2\/product_brand?post=652"},{"taxonomy":"product_cat","embeddable":true,"href":"https:\/\/despensafranciscana.com\/fr\/wp-json\/wp\/v2\/product_cat?post=652"},{"taxonomy":"product_tag","embeddable":true,"href":"https:\/\/despensafranciscana.com\/fr\/wp-json\/wp\/v2\/product_tag?post=652"}],"curies":[{"name":"wp","href":"https:\/\/api.w.org\/{rel}","templated":true}]}}