{"id":17970,"date":"2026-04-17T09:52:29","date_gmt":"2026-04-17T08:52:29","guid":{"rendered":"https:\/\/despensafranciscana.com\/?post_type=product&#038;p=17970"},"modified":"2026-04-17T09:54:01","modified_gmt":"2026-04-17T08:54:01","slug":"ginjinha-franciscana-especial-dia-da-mae","status":"publish","type":"product","link":"https:\/\/despensafranciscana.com\/fr\/loja\/ginjinha-franciscana-especial-dia-da-mae\/","title":{"rendered":"Ginjinha Franciscana &#8211; Especial dia da M\u00e3e"},"content":{"rendered":"","protected":false},"excerpt":{"rendered":"<p>Para o Dia da M\u00e3e, cri\u00e1mos um pack que junta tradi\u00e7\u00e3o e bem-estar:<br \/>\n&#8211; <a href=\"\/fr\/loja\/ginjinha-franciscana\/\">Garrafa de ginja artesanal 500mL<\/a><br \/>\n&#8211; Oferta de <a href=\"\/fr\/loja\/sabonete-e-champo-artesanal-de-ginjinha\/\">Sabonete de ginja feito \u00e0 m\u00e3o<\/a><\/p>","protected":false},"featured_media":17971,"template":"","meta":[],"product_brand":[],"product_cat":[74,154],"product_tag":[],"class_list":{"0":"post-17970","1":"product","2":"type-product","3":"status-publish","4":"has-post-thumbnail","6":"product_cat-ginjinha","7":"product_cat-cabazes","9":"first","10":"instock","11":"taxable","12":"shipping-taxable","13":"purchasable","14":"product-type-simple"},"yoast_head":"<!-- This site is optimized with the Yoast SEO plugin v27.2 - https:\/\/yoast.com\/product\/yoast-seo-wordpress\/ -->\n<title>Ginjinha Franciscana - Especial dia da M\u00e3e - Despensa Franciscana<\/title>\n<meta name=\"robots\" content=\"index, follow, max-snippet:-1, max-image-preview:large, max-video-preview:-1\" \/>\n<link rel=\"canonical\" href=\"https:\/\/despensafranciscana.com\/fr\/loja\/ginjinha-franciscana-especial-dia-da-mae\/\" \/>\n<meta property=\"og:locale\" content=\"fr_FR\" \/>\n<meta property=\"og:type\" content=\"article\" \/>\n<meta property=\"og:title\" content=\"Ginjinha Franciscana - Especial dia da M\u00e3e - Despensa Franciscana\" \/>\n<meta property=\"og:description\" content=\"Para o Dia da M\u00e3e, cri\u00e1mos um pack que junta tradi\u00e7\u00e3o e bem-estar: - Garrafa de ginja artesanal 500mL - Oferta de Sabonete de ginja feito \u00e0 m\u00e3o\" \/>\n<meta property=\"og:url\" content=\"https:\/\/despensafranciscana.com\/fr\/loja\/ginjinha-franciscana-especial-dia-da-mae\/\" \/>\n<meta property=\"og:site_name\" content=\"Despensa Franciscana\" \/>\n<meta property=\"article:publisher\" content=\"https:\/\/www.facebook.com\/despensafranciscana\/\" \/>\n<meta property=\"article:modified_time\" content=\"2026-04-17T08:54:01+00:00\" \/>\n<meta property=\"og:image\" content=\"https:\/\/despensafranciscana.com\/wp-content\/uploads\/2026\/04\/especial_diamae.jpg\" \/>\n\t<meta property=\"og:image:width\" content=\"1080\" \/>\n\t<meta property=\"og:image:height\" content=\"1080\" \/>\n\t<meta property=\"og:image:type\" content=\"image\/jpeg\" \/>\n<meta name=\"twitter:card\" content=\"summary_large_image\" \/>\n<meta name=\"twitter:label1\" content=\"Dur\u00e9e de lecture estim\u00e9e\" \/>\n\t<meta name=\"twitter:data1\" content=\"1 minute\" \/>\n<script type=\"application\/ld+json\" class=\"yoast-schema-graph\">{\"@context\":\"https:\/\/schema.org\",\"@graph\":[{\"@type\":\"WebPage\",\"@id\":\"https:\/\/despensafranciscana.com\/loja\/ginjinha-franciscana-especial-dia-da-mae\/\",\"url\":\"https:\/\/despensafranciscana.com\/loja\/ginjinha-franciscana-especial-dia-da-mae\/\",\"name\":\"Ginjinha Franciscana - Especial dia da M\u00e3e - Despensa Franciscana\",\"isPartOf\":{\"@id\":\"https:\/\/despensafranciscana.com\/#website\"},\"primaryImageOfPage\":{\"@id\":\"https:\/\/despensafranciscana.com\/loja\/ginjinha-franciscana-especial-dia-da-mae\/#primaryimage\"},\"image\":{\"@id\":\"https:\/\/despensafranciscana.com\/loja\/ginjinha-franciscana-especial-dia-da-mae\/#primaryimage\"},\"thumbnailUrl\":\"https:\/\/despensafranciscana.com\/wp-content\/uploads\/2026\/04\/especial_diamae.jpg\",\"datePublished\":\"2026-04-17T08:52:29+00:00\",\"dateModified\":\"2026-04-17T08:54:01+00:00\",\"breadcrumb\":{\"@id\":\"https:\/\/despensafranciscana.com\/loja\/ginjinha-franciscana-especial-dia-da-mae\/#breadcrumb\"},\"inLanguage\":\"fr-FR\",\"potentialAction\":[{\"@type\":\"ReadAction\",\"target\":[\"https:\/\/despensafranciscana.com\/loja\/ginjinha-franciscana-especial-dia-da-mae\/\"]}]},{\"@type\":\"ImageObject\",\"inLanguage\":\"fr-FR\",\"@id\":\"https:\/\/despensafranciscana.com\/loja\/ginjinha-franciscana-especial-dia-da-mae\/#primaryimage\",\"url\":\"https:\/\/despensafranciscana.com\/wp-content\/uploads\/2026\/04\/especial_diamae.jpg\",\"contentUrl\":\"https:\/\/despensafranciscana.com\/wp-content\/uploads\/2026\/04\/especial_diamae.jpg\",\"width\":1080,\"height\":1080},{\"@type\":\"BreadcrumbList\",\"@id\":\"https:\/\/despensafranciscana.com\/loja\/ginjinha-franciscana-especial-dia-da-mae\/#breadcrumb\",\"itemListElement\":[{\"@type\":\"ListItem\",\"position\":1,\"name\":\"In\u00edcio\",\"item\":\"https:\/\/despensafranciscana.com\/\"},{\"@type\":\"ListItem\",\"position\":2,\"name\":\"Loja\",\"item\":\"https:\/\/despensafranciscana.com\/loja\/\"},{\"@type\":\"ListItem\",\"position\":3,\"name\":\"Ginjinha Franciscana &#8211; Especial dia da M\u00e3e\"}]},{\"@type\":\"WebSite\",\"@id\":\"https:\/\/despensafranciscana.com\/#website\",\"url\":\"https:\/\/despensafranciscana.com\/\",\"name\":\"Despensa Franciscana\",\"description\":\"Despensa Franciscana\",\"publisher\":{\"@id\":\"https:\/\/despensafranciscana.com\/#organization\"},\"potentialAction\":[{\"@type\":\"SearchAction\",\"target\":{\"@type\":\"EntryPoint\",\"urlTemplate\":\"https:\/\/despensafranciscana.com\/?s={search_term_string}\"},\"query-input\":{\"@type\":\"PropertyValueSpecification\",\"valueRequired\":true,\"valueName\":\"search_term_string\"}}],\"inLanguage\":\"fr-FR\"},{\"@type\":\"Organization\",\"@id\":\"https:\/\/despensafranciscana.com\/#organization\",\"name\":\"Despensa Franciscana\",\"url\":\"https:\/\/despensafranciscana.com\/\",\"logo\":{\"@type\":\"ImageObject\",\"inLanguage\":\"fr-FR\",\"@id\":\"https:\/\/despensafranciscana.com\/#\/schema\/logo\/image\/\",\"url\":\"https:\/\/despensafranciscana.com\/wp-content\/uploads\/2025\/02\/despensa-franciscana-revamp-logos-8.png\",\"contentUrl\":\"https:\/\/despensafranciscana.com\/wp-content\/uploads\/2025\/02\/despensa-franciscana-revamp-logos-8.png\",\"width\":1920,\"height\":628,\"caption\":\"Despensa Franciscana\"},\"image\":{\"@id\":\"https:\/\/despensafranciscana.com\/#\/schema\/logo\/image\/\"},\"sameAs\":[\"https:\/\/www.facebook.com\/despensafranciscana\/\",\"https:\/\/www.instagram.com\/despensafranciscana\/\"]}]}<\/script>\n<!-- \/ Yoast SEO plugin. -->","yoast_head_json":{"title":"Ginjinha Franciscana - Especial dia da M\u00e3e - Despensa Franciscana","robots":{"index":"index","follow":"follow","max-snippet":"max-snippet:-1","max-image-preview":"max-image-preview:large","max-video-preview":"max-video-preview:-1"},"canonical":"https:\/\/despensafranciscana.com\/fr\/loja\/ginjinha-franciscana-especial-dia-da-mae\/","og_locale":"fr_FR","og_type":"article","og_title":"Ginjinha Franciscana - Especial dia da M\u00e3e - Despensa Franciscana","og_description":"Para o Dia da M\u00e3e, cri\u00e1mos um pack que junta tradi\u00e7\u00e3o e bem-estar: - Garrafa de ginja artesanal 500mL - Oferta de Sabonete de ginja feito \u00e0 m\u00e3o","og_url":"https:\/\/despensafranciscana.com\/fr\/loja\/ginjinha-franciscana-especial-dia-da-mae\/","og_site_name":"Despensa Franciscana","article_publisher":"https:\/\/www.facebook.com\/despensafranciscana\/","article_modified_time":"2026-04-17T08:54:01+00:00","og_image":[{"width":1080,"height":1080,"url":"https:\/\/despensafranciscana.com\/wp-content\/uploads\/2026\/04\/especial_diamae.jpg","type":"image\/jpeg"}],"twitter_card":"summary_large_image","twitter_misc":{"Dur\u00e9e de lecture estim\u00e9e":"1 minute"},"schema":{"@context":"https:\/\/schema.org","@graph":[{"@type":"WebPage","@id":"https:\/\/despensafranciscana.com\/loja\/ginjinha-franciscana-especial-dia-da-mae\/","url":"https:\/\/despensafranciscana.com\/loja\/ginjinha-franciscana-especial-dia-da-mae\/","name":"Ginjinha Franciscana - Especial dia da M\u00e3e - Despensa Franciscana","isPartOf":{"@id":"https:\/\/despensafranciscana.com\/#website"},"primaryImageOfPage":{"@id":"https:\/\/despensafranciscana.com\/loja\/ginjinha-franciscana-especial-dia-da-mae\/#primaryimage"},"image":{"@id":"https:\/\/despensafranciscana.com\/loja\/ginjinha-franciscana-especial-dia-da-mae\/#primaryimage"},"thumbnailUrl":"https:\/\/despensafranciscana.com\/wp-content\/uploads\/2026\/04\/especial_diamae.jpg","datePublished":"2026-04-17T08:52:29+00:00","dateModified":"2026-04-17T08:54:01+00:00","breadcrumb":{"@id":"https:\/\/despensafranciscana.com\/loja\/ginjinha-franciscana-especial-dia-da-mae\/#breadcrumb"},"inLanguage":"fr-FR","potentialAction":[{"@type":"ReadAction","target":["https:\/\/despensafranciscana.com\/loja\/ginjinha-franciscana-especial-dia-da-mae\/"]}]},{"@type":"ImageObject","inLanguage":"fr-FR","@id":"https:\/\/despensafranciscana.com\/loja\/ginjinha-franciscana-especial-dia-da-mae\/#primaryimage","url":"https:\/\/despensafranciscana.com\/wp-content\/uploads\/2026\/04\/especial_diamae.jpg","contentUrl":"https:\/\/despensafranciscana.com\/wp-content\/uploads\/2026\/04\/especial_diamae.jpg","width":1080,"height":1080},{"@type":"BreadcrumbList","@id":"https:\/\/despensafranciscana.com\/loja\/ginjinha-franciscana-especial-dia-da-mae\/#breadcrumb","itemListElement":[{"@type":"ListItem","position":1,"name":"In\u00edcio","item":"https:\/\/despensafranciscana.com\/"},{"@type":"ListItem","position":2,"name":"Loja","item":"https:\/\/despensafranciscana.com\/loja\/"},{"@type":"ListItem","position":3,"name":"Ginjinha Franciscana &#8211; Especial dia da M\u00e3e"}]},{"@type":"WebSite","@id":"https:\/\/despensafranciscana.com\/#website","url":"https:\/\/despensafranciscana.com\/","name":"garde-manger franciscain","description":"garde-manger franciscain","publisher":{"@id":"https:\/\/despensafranciscana.com\/#organization"},"potentialAction":[{"@type":"SearchAction","target":{"@type":"EntryPoint","urlTemplate":"https:\/\/despensafranciscana.com\/?s={search_term_string}"},"query-input":{"@type":"PropertyValueSpecification","valueRequired":true,"valueName":"search_term_string"}}],"inLanguage":"fr-FR"},{"@type":"Organization","@id":"https:\/\/despensafranciscana.com\/#organization","name":"garde-manger franciscain","url":"https:\/\/despensafranciscana.com\/","logo":{"@type":"ImageObject","inLanguage":"fr-FR","@id":"https:\/\/despensafranciscana.com\/#\/schema\/logo\/image\/","url":"https:\/\/despensafranciscana.com\/wp-content\/uploads\/2025\/02\/despensa-franciscana-revamp-logos-8.png","contentUrl":"https:\/\/despensafranciscana.com\/wp-content\/uploads\/2025\/02\/despensa-franciscana-revamp-logos-8.png","width":1920,"height":628,"caption":"Despensa Franciscana"},"image":{"@id":"https:\/\/despensafranciscana.com\/#\/schema\/logo\/image\/"},"sameAs":["https:\/\/www.facebook.com\/despensafranciscana\/","https:\/\/www.instagram.com\/despensafranciscana\/"]}]}},"_links":{"self":[{"href":"https:\/\/despensafranciscana.com\/fr\/wp-json\/wp\/v2\/product\/17970","targetHints":{"allow":["GET"]}}],"collection":[{"href":"https:\/\/despensafranciscana.com\/fr\/wp-json\/wp\/v2\/product"}],"about":[{"href":"https:\/\/despensafranciscana.com\/fr\/wp-json\/wp\/v2\/types\/product"}],"wp:featuredmedia":[{"embeddable":true,"href":"https:\/\/despensafranciscana.com\/fr\/wp-json\/wp\/v2\/media\/17971"}],"wp:attachment":[{"href":"https:\/\/despensafranciscana.com\/fr\/wp-json\/wp\/v2\/media?parent=17970"}],"wp:term":[{"taxonomy":"product_brand","embeddable":true,"href":"https:\/\/despensafranciscana.com\/fr\/wp-json\/wp\/v2\/product_brand?post=17970"},{"taxonomy":"product_cat","embeddable":true,"href":"https:\/\/despensafranciscana.com\/fr\/wp-json\/wp\/v2\/product_cat?post=17970"},{"taxonomy":"product_tag","embeddable":true,"href":"https:\/\/despensafranciscana.com\/fr\/wp-json\/wp\/v2\/product_tag?post=17970"}],"curies":[{"name":"wp","href":"https:\/\/api.w.org\/{rel}","templated":true}]}}