{"id":17550,"date":"2025-10-20T12:42:38","date_gmt":"2025-10-20T11:42:38","guid":{"rendered":"https:\/\/despensafranciscana.com\/?post_type=product&#038;p=17550"},"modified":"2025-10-20T12:42:38","modified_gmt":"2025-10-20T11:42:38","slug":"portalegre-tinto-2021","status":"publish","type":"product","link":"https:\/\/despensafranciscana.com\/fr\/loja\/portalegre-tinto-2021\/","title":{"rendered":"Portalegre Tinto 2021"},"content":{"rendered":"<p>O Portalegre DOC Tinto 2021 \u00e9 um vinho que desafia conven\u00e7\u00f5es, trazendo ao paladar uma experi\u00eancia exc\u00eantrica, inesperada e ousada. Este vinho \u00e9 o resultado de uma cuidadosa vindima manual em caixas de 20 kgs, seguida de um processo vin\u00edcola que inclui desengace total, fermenta\u00e7\u00e3o em cuba e lagar de a\u00e7o inox com controlo de temperatura a 26\u00baC, e uma meticulosa macera\u00e7\u00e3o p\u00f3s-fermentativa, al\u00e9m da fermenta\u00e7\u00e3o malol\u00e1tica tamb\u00e9m em cuba de a\u00e7o inox. Este m\u00e9todo garante a express\u00e3o \u00fanica do terroir de Portalegre, refletindo a sua identidade singular atrav\u00e9s de cada gole.<\/p>\n<p><strong>COMO SERVIR<\/strong><br \/>\nServido idealmente a uma temperatura de 17-18\u00baC, este vinho \u00e9 o acompanhamento perfeito para carnes vermelhas como vitela e borrego, ca\u00e7a, ou mesmo para harmonizar com doces conventuais, oferecendo uma versatilidade not\u00e1vel. Embora este vinho possa ser apreciado imediatamente, possui um potencial de guarda que o permite evoluir favoravelmente em garrafa por pelo menos 10 anos, prometendo uma evolu\u00e7\u00e3o de sabores e aromas que recompensar\u00e1 os mais pacientes.<\/p>","protected":false},"excerpt":{"rendered":"<p><strong>NOTAS DE PROVA <\/strong><br \/>\nUm nariz profundo que evoca aromas de cereja, chocolate preto, pimenta preta, esteva e nuances terrosas. Na boca, revela-se volumoso, com uma tens\u00e3o excelente e uma sucul\u00eancia surpreendente, culminando num final longo e achocolatado, onde as notas de terra e vegetais conferem uma refrescante frescura.<\/p>\n<p><strong>CASTAS<\/strong><br \/>\nAlicante Bouschet, Trincadeira, Aragonez, Grand Noir e Castel\u00e3o.<\/p>\n<p><strong>TEOR ALC\u00d3OLICO: <\/strong>13% vol.<\/p>\n<p><strong>CAPACIT\u00c9<\/strong>: 75cl<\/p>","protected":false},"featured_media":17551,"template":"","meta":[],"product_brand":[],"product_cat":[39],"product_tag":[],"class_list":{"0":"post-17550","1":"product","2":"type-product","3":"status-publish","4":"has-post-thumbnail","6":"product_cat-bebidas","8":"first","9":"instock","10":"taxable","11":"shipping-taxable","12":"purchasable","13":"product-type-simple"},"yoast_head":"<!-- This site is optimized with the Yoast SEO plugin v27.2 - https:\/\/yoast.com\/product\/yoast-seo-wordpress\/ -->\n<title>Portalegre Tinto 2021 - Despensa Franciscana<\/title>\n<meta name=\"robots\" content=\"index, follow, max-snippet:-1, max-image-preview:large, max-video-preview:-1\" \/>\n<link rel=\"canonical\" href=\"https:\/\/despensafranciscana.com\/fr\/loja\/portalegre-tinto-2021\/\" \/>\n<meta property=\"og:locale\" content=\"fr_FR\" \/>\n<meta property=\"og:type\" content=\"article\" \/>\n<meta property=\"og:title\" content=\"Portalegre Tinto 2021 - Despensa Franciscana\" \/>\n<meta property=\"og:description\" content=\"NOTAS DE PROVA  Um nariz profundo que evoca aromas de cereja, chocolate preto, pimenta preta, esteva e nuances terrosas. Na boca, revela-se volumoso, com uma tens\u00e3o excelente e uma sucul\u00eancia surpreendente, culminando num final longo e achocolatado, onde as notas de terra e vegetais conferem uma refrescante frescura.  CASTAS Alicante Bouschet, Trincadeira, Aragonez, Grand Noir e Castel\u00e3o.  TEOR ALC\u00d3OLICO: 13% vol.  CAPACIDADE: 75cl\" \/>\n<meta property=\"og:url\" content=\"https:\/\/despensafranciscana.com\/fr\/loja\/portalegre-tinto-2021\/\" \/>\n<meta property=\"og:site_name\" content=\"Despensa Franciscana\" \/>\n<meta property=\"article:publisher\" content=\"https:\/\/www.facebook.com\/despensafranciscana\/\" \/>\n<meta property=\"og:image\" content=\"https:\/\/despensafranciscana.com\/wp-content\/uploads\/2025\/10\/202401_APW_PortalegreTinto2021.webp\" \/>\n\t<meta property=\"og:image:width\" content=\"1600\" \/>\n\t<meta property=\"og:image:height\" content=\"1600\" \/>\n\t<meta property=\"og:image:type\" content=\"image\/webp\" \/>\n<meta name=\"twitter:card\" content=\"summary_large_image\" \/>\n<meta name=\"twitter:label1\" content=\"Dur\u00e9e de lecture estim\u00e9e\" \/>\n\t<meta name=\"twitter:data1\" content=\"2 minutes\" \/>\n<script type=\"application\/ld+json\" class=\"yoast-schema-graph\">{\"@context\":\"https:\/\/schema.org\",\"@graph\":[{\"@type\":\"WebPage\",\"@id\":\"https:\/\/despensafranciscana.com\/loja\/portalegre-tinto-2021\/\",\"url\":\"https:\/\/despensafranciscana.com\/loja\/portalegre-tinto-2021\/\",\"name\":\"Portalegre Tinto 2021 - Despensa Franciscana\",\"isPartOf\":{\"@id\":\"https:\/\/despensafranciscana.com\/#website\"},\"primaryImageOfPage\":{\"@id\":\"https:\/\/despensafranciscana.com\/loja\/portalegre-tinto-2021\/#primaryimage\"},\"image\":{\"@id\":\"https:\/\/despensafranciscana.com\/loja\/portalegre-tinto-2021\/#primaryimage\"},\"thumbnailUrl\":\"https:\/\/despensafranciscana.com\/wp-content\/uploads\/2025\/10\/202401_APW_PortalegreTinto2021.webp\",\"datePublished\":\"2025-10-20T11:42:38+00:00\",\"breadcrumb\":{\"@id\":\"https:\/\/despensafranciscana.com\/loja\/portalegre-tinto-2021\/#breadcrumb\"},\"inLanguage\":\"fr-FR\",\"potentialAction\":[{\"@type\":\"ReadAction\",\"target\":[\"https:\/\/despensafranciscana.com\/loja\/portalegre-tinto-2021\/\"]}]},{\"@type\":\"ImageObject\",\"inLanguage\":\"fr-FR\",\"@id\":\"https:\/\/despensafranciscana.com\/loja\/portalegre-tinto-2021\/#primaryimage\",\"url\":\"https:\/\/despensafranciscana.com\/wp-content\/uploads\/2025\/10\/202401_APW_PortalegreTinto2021.webp\",\"contentUrl\":\"https:\/\/despensafranciscana.com\/wp-content\/uploads\/2025\/10\/202401_APW_PortalegreTinto2021.webp\",\"width\":1600,\"height\":1600},{\"@type\":\"BreadcrumbList\",\"@id\":\"https:\/\/despensafranciscana.com\/loja\/portalegre-tinto-2021\/#breadcrumb\",\"itemListElement\":[{\"@type\":\"ListItem\",\"position\":1,\"name\":\"In\u00edcio\",\"item\":\"https:\/\/despensafranciscana.com\/\"},{\"@type\":\"ListItem\",\"position\":2,\"name\":\"Loja\",\"item\":\"https:\/\/despensafranciscana.com\/loja\/\"},{\"@type\":\"ListItem\",\"position\":3,\"name\":\"Portalegre Tinto 2021\"}]},{\"@type\":\"WebSite\",\"@id\":\"https:\/\/despensafranciscana.com\/#website\",\"url\":\"https:\/\/despensafranciscana.com\/\",\"name\":\"Despensa Franciscana\",\"description\":\"Despensa Franciscana\",\"publisher\":{\"@id\":\"https:\/\/despensafranciscana.com\/#organization\"},\"potentialAction\":[{\"@type\":\"SearchAction\",\"target\":{\"@type\":\"EntryPoint\",\"urlTemplate\":\"https:\/\/despensafranciscana.com\/?s={search_term_string}\"},\"query-input\":{\"@type\":\"PropertyValueSpecification\",\"valueRequired\":true,\"valueName\":\"search_term_string\"}}],\"inLanguage\":\"fr-FR\"},{\"@type\":\"Organization\",\"@id\":\"https:\/\/despensafranciscana.com\/#organization\",\"name\":\"Despensa Franciscana\",\"url\":\"https:\/\/despensafranciscana.com\/\",\"logo\":{\"@type\":\"ImageObject\",\"inLanguage\":\"fr-FR\",\"@id\":\"https:\/\/despensafranciscana.com\/#\/schema\/logo\/image\/\",\"url\":\"https:\/\/despensafranciscana.com\/wp-content\/uploads\/2025\/02\/despensa-franciscana-revamp-logos-8.png\",\"contentUrl\":\"https:\/\/despensafranciscana.com\/wp-content\/uploads\/2025\/02\/despensa-franciscana-revamp-logos-8.png\",\"width\":1920,\"height\":628,\"caption\":\"Despensa Franciscana\"},\"image\":{\"@id\":\"https:\/\/despensafranciscana.com\/#\/schema\/logo\/image\/\"},\"sameAs\":[\"https:\/\/www.facebook.com\/despensafranciscana\/\",\"https:\/\/www.instagram.com\/despensafranciscana\/\"]}]}<\/script>\n<!-- \/ Yoast SEO plugin. -->","yoast_head_json":{"title":"Portalegre Tinto 2021 - Despensa Franciscana","robots":{"index":"index","follow":"follow","max-snippet":"max-snippet:-1","max-image-preview":"max-image-preview:large","max-video-preview":"max-video-preview:-1"},"canonical":"https:\/\/despensafranciscana.com\/fr\/loja\/portalegre-tinto-2021\/","og_locale":"fr_FR","og_type":"article","og_title":"Portalegre Tinto 2021 - Despensa Franciscana","og_description":"NOTAS DE PROVA  Um nariz profundo que evoca aromas de cereja, chocolate preto, pimenta preta, esteva e nuances terrosas. Na boca, revela-se volumoso, com uma tens\u00e3o excelente e uma sucul\u00eancia surpreendente, culminando num final longo e achocolatado, onde as notas de terra e vegetais conferem uma refrescante frescura.  CASTAS Alicante Bouschet, Trincadeira, Aragonez, Grand Noir e Castel\u00e3o.  TEOR ALC\u00d3OLICO: 13% vol.  CAPACIDADE: 75cl","og_url":"https:\/\/despensafranciscana.com\/fr\/loja\/portalegre-tinto-2021\/","og_site_name":"Despensa Franciscana","article_publisher":"https:\/\/www.facebook.com\/despensafranciscana\/","og_image":[{"width":1600,"height":1600,"url":"https:\/\/despensafranciscana.com\/wp-content\/uploads\/2025\/10\/202401_APW_PortalegreTinto2021.webp","type":"image\/webp"}],"twitter_card":"summary_large_image","twitter_misc":{"Dur\u00e9e de lecture estim\u00e9e":"2 minutes"},"schema":{"@context":"https:\/\/schema.org","@graph":[{"@type":"WebPage","@id":"https:\/\/despensafranciscana.com\/loja\/portalegre-tinto-2021\/","url":"https:\/\/despensafranciscana.com\/loja\/portalegre-tinto-2021\/","name":"Portalegre Tinto 2021 - Despensa Franciscana","isPartOf":{"@id":"https:\/\/despensafranciscana.com\/#website"},"primaryImageOfPage":{"@id":"https:\/\/despensafranciscana.com\/loja\/portalegre-tinto-2021\/#primaryimage"},"image":{"@id":"https:\/\/despensafranciscana.com\/loja\/portalegre-tinto-2021\/#primaryimage"},"thumbnailUrl":"https:\/\/despensafranciscana.com\/wp-content\/uploads\/2025\/10\/202401_APW_PortalegreTinto2021.webp","datePublished":"2025-10-20T11:42:38+00:00","breadcrumb":{"@id":"https:\/\/despensafranciscana.com\/loja\/portalegre-tinto-2021\/#breadcrumb"},"inLanguage":"fr-FR","potentialAction":[{"@type":"ReadAction","target":["https:\/\/despensafranciscana.com\/loja\/portalegre-tinto-2021\/"]}]},{"@type":"ImageObject","inLanguage":"fr-FR","@id":"https:\/\/despensafranciscana.com\/loja\/portalegre-tinto-2021\/#primaryimage","url":"https:\/\/despensafranciscana.com\/wp-content\/uploads\/2025\/10\/202401_APW_PortalegreTinto2021.webp","contentUrl":"https:\/\/despensafranciscana.com\/wp-content\/uploads\/2025\/10\/202401_APW_PortalegreTinto2021.webp","width":1600,"height":1600},{"@type":"BreadcrumbList","@id":"https:\/\/despensafranciscana.com\/loja\/portalegre-tinto-2021\/#breadcrumb","itemListElement":[{"@type":"ListItem","position":1,"name":"In\u00edcio","item":"https:\/\/despensafranciscana.com\/"},{"@type":"ListItem","position":2,"name":"Loja","item":"https:\/\/despensafranciscana.com\/loja\/"},{"@type":"ListItem","position":3,"name":"Portalegre Tinto 2021"}]},{"@type":"WebSite","@id":"https:\/\/despensafranciscana.com\/#website","url":"https:\/\/despensafranciscana.com\/","name":"garde-manger franciscain","description":"garde-manger franciscain","publisher":{"@id":"https:\/\/despensafranciscana.com\/#organization"},"potentialAction":[{"@type":"SearchAction","target":{"@type":"EntryPoint","urlTemplate":"https:\/\/despensafranciscana.com\/?s={search_term_string}"},"query-input":{"@type":"PropertyValueSpecification","valueRequired":true,"valueName":"search_term_string"}}],"inLanguage":"fr-FR"},{"@type":"Organization","@id":"https:\/\/despensafranciscana.com\/#organization","name":"garde-manger franciscain","url":"https:\/\/despensafranciscana.com\/","logo":{"@type":"ImageObject","inLanguage":"fr-FR","@id":"https:\/\/despensafranciscana.com\/#\/schema\/logo\/image\/","url":"https:\/\/despensafranciscana.com\/wp-content\/uploads\/2025\/02\/despensa-franciscana-revamp-logos-8.png","contentUrl":"https:\/\/despensafranciscana.com\/wp-content\/uploads\/2025\/02\/despensa-franciscana-revamp-logos-8.png","width":1920,"height":628,"caption":"Despensa Franciscana"},"image":{"@id":"https:\/\/despensafranciscana.com\/#\/schema\/logo\/image\/"},"sameAs":["https:\/\/www.facebook.com\/despensafranciscana\/","https:\/\/www.instagram.com\/despensafranciscana\/"]}]}},"_links":{"self":[{"href":"https:\/\/despensafranciscana.com\/fr\/wp-json\/wp\/v2\/product\/17550","targetHints":{"allow":["GET"]}}],"collection":[{"href":"https:\/\/despensafranciscana.com\/fr\/wp-json\/wp\/v2\/product"}],"about":[{"href":"https:\/\/despensafranciscana.com\/fr\/wp-json\/wp\/v2\/types\/product"}],"wp:featuredmedia":[{"embeddable":true,"href":"https:\/\/despensafranciscana.com\/fr\/wp-json\/wp\/v2\/media\/17551"}],"wp:attachment":[{"href":"https:\/\/despensafranciscana.com\/fr\/wp-json\/wp\/v2\/media?parent=17550"}],"wp:term":[{"taxonomy":"product_brand","embeddable":true,"href":"https:\/\/despensafranciscana.com\/fr\/wp-json\/wp\/v2\/product_brand?post=17550"},{"taxonomy":"product_cat","embeddable":true,"href":"https:\/\/despensafranciscana.com\/fr\/wp-json\/wp\/v2\/product_cat?post=17550"},{"taxonomy":"product_tag","embeddable":true,"href":"https:\/\/despensafranciscana.com\/fr\/wp-json\/wp\/v2\/product_tag?post=17550"}],"curies":[{"name":"wp","href":"https:\/\/api.w.org\/{rel}","templated":true}]}}