{"id":17538,"date":"2025-10-20T11:47:12","date_gmt":"2025-10-20T10:47:12","guid":{"rendered":"https:\/\/despensafranciscana.com\/?post_type=product&#038;p=17538"},"modified":"2026-03-03T09:40:19","modified_gmt":"2026-03-03T09:40:19","slug":"conventual-altior-doc-branco-2023","status":"publish","type":"product","link":"https:\/\/despensafranciscana.com\/fr\/loja\/conventual-altior-doc-branco-2023\/","title":{"rendered":"Conventual Altior &#8211; DOC Branco 2023"},"content":{"rendered":"<div class=\"wpb-content-wrapper\"><div data-parent=\"true\" class=\"vc_row row-container\" id=\"row-unique-0\"><div class=\"row limit-width row-parent\"><div class=\"wpb_row row-inner\"><div class=\"wpb_column pos-top pos-center align_left column_parent col-lg-12 single-internal-gutter\"><div class=\"uncol style-light\"  ><div class=\"uncoltable\"><div class=\"uncell no-block-padding\" ><div class=\"uncont\" ><div class=\"uncode_text_column\" ><p><strong>SOBRE<\/strong><br \/>\nFundada em 1954 por viticultores da regi\u00e3o e inserida no Parque Natural da Serra de S. Mamede, desde o in\u00edcio, a Adega de Portalegre distinguiu-se pela qualidade e originalidade dos seus vinhos. A<br \/>\ngrande diferencia\u00e7\u00e3o dos seus vinhos prov\u00e9m da utiliza\u00e7\u00e3o de uvas de vinhas com mais de 70 anos que se encontram a uma altitude entre os 600 e 700 metros e pela manuten\u00e7\u00e3o de uma cultura ancestral do vinho, onde a qualidade e a tipicidade s\u00e3o o principal objetivo.<br \/>\nA regi\u00e3o de Portalegre representa um terroir \u00fanico, permitindo que a Adega de Portalegre cunhe os seus vinhos com uma enorme excentricidade, singularidade e personalidade. Esta singularidade foi premiada nos \u00faltimos 60 anos em competi\u00e7\u00f5esinternacionais e nacionais.<br \/>\nO Conventual \u00e9 um vinho Alentejano \u00fanico com a singularidade de ser produzido a partir de uvas das vinhas de altitude na regi\u00e3o de Portalegre.<br \/>\nOs 25 anos de hist\u00f3ria e os in\u00fameros pr\u00e9mios alcan\u00e7ados enfatizam a sua qualidade, sendo uma das marcas de refer\u00eancia do Alentejo.<\/p>\n<p>Experimente, ir\u00e1 ficar surpreendido. Tem uma regi\u00e3o, um pa\u00eds, as pessoas e hist\u00f3rias.<\/p>\n<p><strong>VINIFICATION<\/strong><br \/>\nVindima manual em caixas de 20 Kgs. Desengace e esmagamento total. Arrefecimento por choque t\u00e9rmico, sistema de bica aberta com prensagem pneum\u00e1tica, clarifica\u00e7\u00e3o por flota\u00e7\u00e3o.<br \/>\nFermenta\u00e7\u00e3o em cubas de inox com controlo de temperatura a 16\u00baC.<\/p>\n<p><strong>TRANSPORTE E ARMAZENAGEM<\/strong><br \/>\nPara evitar altera\u00e7\u00f5es precoces nas caracter\u00edsticas organol\u00e9pticas e f\u00edsico-qu\u00edmicas de um vinho, este dever\u00e1 ser transportado e armazenado em boas condi\u00e7\u00f5es ambientais, nomeadamente de temperatura (10 \u2013 18\u00b0C) e de humidade relativa (50 \u2013 80%).<\/p>\n<\/div><\/div><\/div><\/div><\/div><\/div><script id=\"script-row-unique-0\" data-row=\"script-row-unique-0\" type=\"text\/javascript\" class=\"vc_controls\">UNCODE.initRow(document.getElementById(\"row-unique-0\"));<\/script><\/div><\/div><\/div>\n<\/div>","protected":false},"excerpt":{"rendered":"<p><strong>NOTAS DE PROVA<\/strong><br \/>\nNariz flagrante com notas de citrinos, p\u00eassego e ligeiras nuances tropicais amparadas por sugest\u00f5es minerais. Boca volumosa, fresca e suave.<\/p>\n<p><strong><span class=\"fontstyle0\">CAPACIDADE: <\/span><\/strong><span class=\"fontstyle1\">75 cl<\/span><\/p>\n<p><span class=\"fontstyle0\"><strong>TEOR ALCO\u00d3LICO:<\/strong> <\/span><span class=\"fontstyle1\">12,5% Vol<\/span><\/p>\n<p><strong>COMO SERVIR<\/strong><br \/>\nTemperatura ambiente de 10-12\u00baC.<br \/>\nAcompanhamento ideal de peixes, marisco, carne de aves grelhadas e cozinha italiana.<\/p>\n<p><strong>CASTAS<\/strong><br \/>\nArinto, Roupeiro, Ant\u00e3o Vaz e Fern\u00e3o Pires.<\/p>","protected":false},"featured_media":17539,"template":"","meta":[],"product_brand":[],"product_cat":[39],"product_tag":[],"class_list":{"0":"post-17538","1":"product","2":"type-product","3":"status-publish","4":"has-post-thumbnail","6":"product_cat-bebidas","8":"first","9":"instock","10":"taxable","11":"shipping-taxable","12":"purchasable","13":"product-type-simple"},"yoast_head":"<!-- This site is optimized with the Yoast SEO plugin v27.2 - https:\/\/yoast.com\/product\/yoast-seo-wordpress\/ -->\n<title>Conventual Altior - DOC Branco 2023 - Despensa Franciscana<\/title>\n<meta name=\"robots\" content=\"index, follow, max-snippet:-1, max-image-preview:large, max-video-preview:-1\" \/>\n<link rel=\"canonical\" href=\"https:\/\/despensafranciscana.com\/fr\/loja\/conventual-altior-doc-branco-2023\/\" \/>\n<meta property=\"og:locale\" content=\"fr_FR\" \/>\n<meta property=\"og:type\" content=\"article\" \/>\n<meta property=\"og:title\" content=\"Conventual Altior - DOC Branco 2023 - Despensa Franciscana\" \/>\n<meta property=\"og:description\" content=\"NOTAS DE PROVA Nariz flagrante com notas de citrinos, p\u00eassego e ligeiras nuances tropicais amparadas por sugest\u00f5es minerais. Boca volumosa, fresca e suave.  CAPACIDADE: 75 cl  TEOR ALCO\u00d3LICO: 12,5% Vol  COMO SERVIR Temperatura ambiente de 10-12\u00baC. Acompanhamento ideal de peixes, marisco, carne de aves grelhadas e cozinha italiana.  CASTAS Arinto, Roupeiro, Ant\u00e3o Vaz e Fern\u00e3o Pires.\" \/>\n<meta property=\"og:url\" content=\"https:\/\/despensafranciscana.com\/fr\/loja\/conventual-altior-doc-branco-2023\/\" \/>\n<meta property=\"og:site_name\" content=\"Despensa Franciscana\" \/>\n<meta property=\"article:publisher\" content=\"https:\/\/www.facebook.com\/despensafranciscana\/\" \/>\n<meta property=\"article:modified_time\" content=\"2026-03-03T09:40:19+00:00\" \/>\n<meta property=\"og:image\" content=\"https:\/\/despensafranciscana.com\/wp-content\/uploads\/2025\/10\/202407_AdegaDePortalegre_ConventualBranco2023.webp\" \/>\n\t<meta property=\"og:image:width\" content=\"1600\" \/>\n\t<meta property=\"og:image:height\" content=\"1600\" \/>\n\t<meta property=\"og:image:type\" content=\"image\/webp\" \/>\n<meta name=\"twitter:card\" content=\"summary_large_image\" \/>\n<meta name=\"twitter:label1\" content=\"Dur\u00e9e de lecture estim\u00e9e\" \/>\n\t<meta name=\"twitter:data1\" content=\"2 minutes\" \/>\n<script type=\"application\/ld+json\" class=\"yoast-schema-graph\">{\"@context\":\"https:\/\/schema.org\",\"@graph\":[{\"@type\":\"WebPage\",\"@id\":\"https:\/\/despensafranciscana.com\/loja\/conventual-altior-doc-branco-2023\/\",\"url\":\"https:\/\/despensafranciscana.com\/loja\/conventual-altior-doc-branco-2023\/\",\"name\":\"Conventual Altior - DOC Branco 2023 - Despensa Franciscana\",\"isPartOf\":{\"@id\":\"https:\/\/despensafranciscana.com\/#website\"},\"primaryImageOfPage\":{\"@id\":\"https:\/\/despensafranciscana.com\/loja\/conventual-altior-doc-branco-2023\/#primaryimage\"},\"image\":{\"@id\":\"https:\/\/despensafranciscana.com\/loja\/conventual-altior-doc-branco-2023\/#primaryimage\"},\"thumbnailUrl\":\"https:\/\/despensafranciscana.com\/wp-content\/uploads\/2025\/10\/202407_AdegaDePortalegre_ConventualBranco2023.webp\",\"datePublished\":\"2025-10-20T10:47:12+00:00\",\"dateModified\":\"2026-03-03T09:40:19+00:00\",\"breadcrumb\":{\"@id\":\"https:\/\/despensafranciscana.com\/loja\/conventual-altior-doc-branco-2023\/#breadcrumb\"},\"inLanguage\":\"fr-FR\",\"potentialAction\":[{\"@type\":\"ReadAction\",\"target\":[\"https:\/\/despensafranciscana.com\/loja\/conventual-altior-doc-branco-2023\/\"]}]},{\"@type\":\"ImageObject\",\"inLanguage\":\"fr-FR\",\"@id\":\"https:\/\/despensafranciscana.com\/loja\/conventual-altior-doc-branco-2023\/#primaryimage\",\"url\":\"https:\/\/despensafranciscana.com\/wp-content\/uploads\/2025\/10\/202407_AdegaDePortalegre_ConventualBranco2023.webp\",\"contentUrl\":\"https:\/\/despensafranciscana.com\/wp-content\/uploads\/2025\/10\/202407_AdegaDePortalegre_ConventualBranco2023.webp\",\"width\":1600,\"height\":1600},{\"@type\":\"BreadcrumbList\",\"@id\":\"https:\/\/despensafranciscana.com\/loja\/conventual-altior-doc-branco-2023\/#breadcrumb\",\"itemListElement\":[{\"@type\":\"ListItem\",\"position\":1,\"name\":\"In\u00edcio\",\"item\":\"https:\/\/despensafranciscana.com\/\"},{\"@type\":\"ListItem\",\"position\":2,\"name\":\"Loja\",\"item\":\"https:\/\/despensafranciscana.com\/loja\/\"},{\"@type\":\"ListItem\",\"position\":3,\"name\":\"Conventual Altior &#8211; DOC Branco 2023\"}]},{\"@type\":\"WebSite\",\"@id\":\"https:\/\/despensafranciscana.com\/#website\",\"url\":\"https:\/\/despensafranciscana.com\/\",\"name\":\"Despensa Franciscana\",\"description\":\"Despensa Franciscana\",\"publisher\":{\"@id\":\"https:\/\/despensafranciscana.com\/#organization\"},\"potentialAction\":[{\"@type\":\"SearchAction\",\"target\":{\"@type\":\"EntryPoint\",\"urlTemplate\":\"https:\/\/despensafranciscana.com\/?s={search_term_string}\"},\"query-input\":{\"@type\":\"PropertyValueSpecification\",\"valueRequired\":true,\"valueName\":\"search_term_string\"}}],\"inLanguage\":\"fr-FR\"},{\"@type\":\"Organization\",\"@id\":\"https:\/\/despensafranciscana.com\/#organization\",\"name\":\"Despensa Franciscana\",\"url\":\"https:\/\/despensafranciscana.com\/\",\"logo\":{\"@type\":\"ImageObject\",\"inLanguage\":\"fr-FR\",\"@id\":\"https:\/\/despensafranciscana.com\/#\/schema\/logo\/image\/\",\"url\":\"https:\/\/despensafranciscana.com\/wp-content\/uploads\/2025\/02\/despensa-franciscana-revamp-logos-8.png\",\"contentUrl\":\"https:\/\/despensafranciscana.com\/wp-content\/uploads\/2025\/02\/despensa-franciscana-revamp-logos-8.png\",\"width\":1920,\"height\":628,\"caption\":\"Despensa Franciscana\"},\"image\":{\"@id\":\"https:\/\/despensafranciscana.com\/#\/schema\/logo\/image\/\"},\"sameAs\":[\"https:\/\/www.facebook.com\/despensafranciscana\/\",\"https:\/\/www.instagram.com\/despensafranciscana\/\"]}]}<\/script>\n<!-- \/ Yoast SEO plugin. -->","yoast_head_json":{"title":"Conventual Altior - DOC Branco 2023 - Despensa Franciscana","robots":{"index":"index","follow":"follow","max-snippet":"max-snippet:-1","max-image-preview":"max-image-preview:large","max-video-preview":"max-video-preview:-1"},"canonical":"https:\/\/despensafranciscana.com\/fr\/loja\/conventual-altior-doc-branco-2023\/","og_locale":"fr_FR","og_type":"article","og_title":"Conventual Altior - DOC Branco 2023 - Despensa Franciscana","og_description":"NOTAS DE PROVA Nariz flagrante com notas de citrinos, p\u00eassego e ligeiras nuances tropicais amparadas por sugest\u00f5es minerais. Boca volumosa, fresca e suave.  CAPACIDADE: 75 cl  TEOR ALCO\u00d3LICO: 12,5% Vol  COMO SERVIR Temperatura ambiente de 10-12\u00baC. Acompanhamento ideal de peixes, marisco, carne de aves grelhadas e cozinha italiana.  CASTAS Arinto, Roupeiro, Ant\u00e3o Vaz e Fern\u00e3o Pires.","og_url":"https:\/\/despensafranciscana.com\/fr\/loja\/conventual-altior-doc-branco-2023\/","og_site_name":"Despensa Franciscana","article_publisher":"https:\/\/www.facebook.com\/despensafranciscana\/","article_modified_time":"2026-03-03T09:40:19+00:00","og_image":[{"width":1600,"height":1600,"url":"https:\/\/despensafranciscana.com\/wp-content\/uploads\/2025\/10\/202407_AdegaDePortalegre_ConventualBranco2023.webp","type":"image\/webp"}],"twitter_card":"summary_large_image","twitter_misc":{"Dur\u00e9e de lecture estim\u00e9e":"2 minutes"},"schema":{"@context":"https:\/\/schema.org","@graph":[{"@type":"WebPage","@id":"https:\/\/despensafranciscana.com\/loja\/conventual-altior-doc-branco-2023\/","url":"https:\/\/despensafranciscana.com\/loja\/conventual-altior-doc-branco-2023\/","name":"Conventual Altior - DOC Branco 2023 - Despensa Franciscana","isPartOf":{"@id":"https:\/\/despensafranciscana.com\/#website"},"primaryImageOfPage":{"@id":"https:\/\/despensafranciscana.com\/loja\/conventual-altior-doc-branco-2023\/#primaryimage"},"image":{"@id":"https:\/\/despensafranciscana.com\/loja\/conventual-altior-doc-branco-2023\/#primaryimage"},"thumbnailUrl":"https:\/\/despensafranciscana.com\/wp-content\/uploads\/2025\/10\/202407_AdegaDePortalegre_ConventualBranco2023.webp","datePublished":"2025-10-20T10:47:12+00:00","dateModified":"2026-03-03T09:40:19+00:00","breadcrumb":{"@id":"https:\/\/despensafranciscana.com\/loja\/conventual-altior-doc-branco-2023\/#breadcrumb"},"inLanguage":"fr-FR","potentialAction":[{"@type":"ReadAction","target":["https:\/\/despensafranciscana.com\/loja\/conventual-altior-doc-branco-2023\/"]}]},{"@type":"ImageObject","inLanguage":"fr-FR","@id":"https:\/\/despensafranciscana.com\/loja\/conventual-altior-doc-branco-2023\/#primaryimage","url":"https:\/\/despensafranciscana.com\/wp-content\/uploads\/2025\/10\/202407_AdegaDePortalegre_ConventualBranco2023.webp","contentUrl":"https:\/\/despensafranciscana.com\/wp-content\/uploads\/2025\/10\/202407_AdegaDePortalegre_ConventualBranco2023.webp","width":1600,"height":1600},{"@type":"BreadcrumbList","@id":"https:\/\/despensafranciscana.com\/loja\/conventual-altior-doc-branco-2023\/#breadcrumb","itemListElement":[{"@type":"ListItem","position":1,"name":"In\u00edcio","item":"https:\/\/despensafranciscana.com\/"},{"@type":"ListItem","position":2,"name":"Loja","item":"https:\/\/despensafranciscana.com\/loja\/"},{"@type":"ListItem","position":3,"name":"Conventual Altior &#8211; DOC Branco 2023"}]},{"@type":"WebSite","@id":"https:\/\/despensafranciscana.com\/#website","url":"https:\/\/despensafranciscana.com\/","name":"garde-manger franciscain","description":"garde-manger franciscain","publisher":{"@id":"https:\/\/despensafranciscana.com\/#organization"},"potentialAction":[{"@type":"SearchAction","target":{"@type":"EntryPoint","urlTemplate":"https:\/\/despensafranciscana.com\/?s={search_term_string}"},"query-input":{"@type":"PropertyValueSpecification","valueRequired":true,"valueName":"search_term_string"}}],"inLanguage":"fr-FR"},{"@type":"Organization","@id":"https:\/\/despensafranciscana.com\/#organization","name":"garde-manger franciscain","url":"https:\/\/despensafranciscana.com\/","logo":{"@type":"ImageObject","inLanguage":"fr-FR","@id":"https:\/\/despensafranciscana.com\/#\/schema\/logo\/image\/","url":"https:\/\/despensafranciscana.com\/wp-content\/uploads\/2025\/02\/despensa-franciscana-revamp-logos-8.png","contentUrl":"https:\/\/despensafranciscana.com\/wp-content\/uploads\/2025\/02\/despensa-franciscana-revamp-logos-8.png","width":1920,"height":628,"caption":"Despensa Franciscana"},"image":{"@id":"https:\/\/despensafranciscana.com\/#\/schema\/logo\/image\/"},"sameAs":["https:\/\/www.facebook.com\/despensafranciscana\/","https:\/\/www.instagram.com\/despensafranciscana\/"]}]}},"_links":{"self":[{"href":"https:\/\/despensafranciscana.com\/fr\/wp-json\/wp\/v2\/product\/17538","targetHints":{"allow":["GET"]}}],"collection":[{"href":"https:\/\/despensafranciscana.com\/fr\/wp-json\/wp\/v2\/product"}],"about":[{"href":"https:\/\/despensafranciscana.com\/fr\/wp-json\/wp\/v2\/types\/product"}],"wp:featuredmedia":[{"embeddable":true,"href":"https:\/\/despensafranciscana.com\/fr\/wp-json\/wp\/v2\/media\/17539"}],"wp:attachment":[{"href":"https:\/\/despensafranciscana.com\/fr\/wp-json\/wp\/v2\/media?parent=17538"}],"wp:term":[{"taxonomy":"product_brand","embeddable":true,"href":"https:\/\/despensafranciscana.com\/fr\/wp-json\/wp\/v2\/product_brand?post=17538"},{"taxonomy":"product_cat","embeddable":true,"href":"https:\/\/despensafranciscana.com\/fr\/wp-json\/wp\/v2\/product_cat?post=17538"},{"taxonomy":"product_tag","embeddable":true,"href":"https:\/\/despensafranciscana.com\/fr\/wp-json\/wp\/v2\/product_tag?post=17538"}],"curies":[{"name":"wp","href":"https:\/\/api.w.org\/{rel}","templated":true}]}}