{"id":16807,"date":"2024-10-10T11:12:26","date_gmt":"2024-10-10T10:12:26","guid":{"rendered":"https:\/\/despensafranciscana.com\/?post_type=product&#038;p=16807"},"modified":"2025-03-07T16:06:00","modified_gmt":"2025-03-07T16:06:00","slug":"altas-quintas-obsessao-2015","status":"publish","type":"product","link":"https:\/\/despensafranciscana.com\/fr\/loja\/altas-quintas-obsessao-2015\/","title":{"rendered":"Altas Quintas - Obsession 2015"},"content":{"rendered":"<p><strong>CASTAS<\/strong><br \/>\nAlicante Bouschet (90%) et Trincadeira (10%)<\/p>\n<p><strong>TERROIR ET VITICULTURE<\/strong><br \/>\nLes vignobles Altas Quintas sont situ\u00e9s dans un terroir tr\u00e8s particulier. Elles sont situ\u00e9es \u00e0 600 m\u00e8tres d'altitude, sur un plateau qui se d\u00e9veloppe de mani\u00e8re unique, au milieu de la Serra de S\u00e3o Mamede. L'altitude, les conditions m\u00e9soclimatiques de cette zone et les sols \u00e0 potentiel de production moyen rendent cet endroit si particulier. Le vignoble est g\u00e9r\u00e9 dans le cadre d'un programme de protection int\u00e9gr\u00e9e. Les raisins Alicante Bouschet et Trincadeira de ce vin ont \u00e9t\u00e9 r\u00e9colt\u00e9s \u00e0 la main dans des parcelles \u00e0 faible rendement pour des caisses de 14 kg. Ils ont \u00e9t\u00e9 rapidement transport\u00e9s \u00e0 la cave. Les grappes et les baies ont \u00e9t\u00e9 tri\u00e9es \u00e0 l'entr\u00e9e de la cave. L'Obsess\u00e3o n'est commercialis\u00e9 que dans les mill\u00e9simes d'excellence.<\/p>\n<p><strong>VINIFICATION<\/strong><br \/>\nUne mac\u00e9ration pr\u00e9-fermentaire \u00e0 froid a \u00e9t\u00e9 effectu\u00e9e, suivie d'une fermentation \u00e0 temp\u00e9rature contr\u00f4l\u00e9e dans des cuves en ch\u00eane fran\u00e7ais, puis d'une mac\u00e9ration post-fermentaire de 3 mois. Tous les vins ont \u00e9t\u00e9 \u00e9lev\u00e9s en f\u00fbts neufs de ch\u00eane fran\u00e7ais pendant 24 mois.<br \/>\nLa mise en bouteille a \u00e9t\u00e9 suivie d'un vieillissement en bouteille.<\/p>\n<p><strong>ENOLOGIE<\/strong><br \/>\nAnt\u00f3nio Ventura<\/p>\n<p><strong>NOTES DE D\u00c9GUSTATION \/ HARMONISATION<\/strong><br \/>\nVin de couleur grenat intense avec de douces nuances d'\u00e9volution, des ar\u00f4mes complexes et d\u00e9finis o\u00f9 pr\u00e9dominent les fruits rouges m\u00fbrs et les petits fruits des bois, avec des notes balsamiques, un peu de chocolat noir, des \u00e9pices et des feuilles de tabac. En bouche, il pr\u00e9sente des tanins amples et structur\u00e9s, fins et tr\u00e8s pr\u00e9sents, une acidit\u00e9 vive et une grande fra\u00eecheur, qui le rendent tr\u00e8s gastronomique. La finale est remarquablement \u00e9quilibr\u00e9e entre la fra\u00eecheur de l'altitude et la persistance que lui conf\u00e8rent les tanins de qualit\u00e9 polie.<\/p>\n<p><strong>CARACT\u00c9RISTIQUES PHYSICO-CHIMIQUES<\/strong><br \/>\nTaux d'alcool = 15,5 % (vol.)<br \/>\npH = 3,66<br \/>\nAcidit\u00e9 totale = 5,1 g\/L (exprim\u00e9e en acide tartrique)<\/p>","protected":false},"excerpt":{"rendered":"<p>CASTAS Alicante Bouschet (90%) e Trincadeira (10%) TERROIR E VITICULTURA As vinhas Altas Quintas encontram-se num Terroir muito especial. Localizam-se [&hellip;]<\/p>\n","protected":false},"featured_media":16808,"template":"","meta":[],"product_brand":[],"product_cat":[39],"product_tag":[],"class_list":{"0":"post-16807","1":"product","2":"type-product","3":"status-publish","4":"has-post-thumbnail","6":"product_cat-bebidas","8":"first","9":"instock","10":"taxable","11":"shipping-taxable","12":"purchasable","13":"product-type-simple"},"yoast_head":"<!-- This site is optimized with the Yoast SEO plugin v27.2 - https:\/\/yoast.com\/product\/yoast-seo-wordpress\/ -->\n<title>Altas Quintas - Obsess\u00e3o 2015 - Despensa Franciscana<\/title>\n<meta name=\"robots\" content=\"index, follow, max-snippet:-1, max-image-preview:large, max-video-preview:-1\" \/>\n<link rel=\"canonical\" href=\"https:\/\/despensafranciscana.com\/fr\/loja\/altas-quintas-obsessao-2015\/\" \/>\n<meta property=\"og:locale\" content=\"fr_FR\" \/>\n<meta property=\"og:type\" content=\"article\" \/>\n<meta property=\"og:title\" content=\"Altas Quintas - Obsess\u00e3o 2015 - Despensa Franciscana\" \/>\n<meta property=\"og:description\" content=\"CASTAS Alicante Bouschet (90%) e Trincadeira (10%) TERROIR E VITICULTURA As vinhas Altas Quintas encontram-se num Terroir muito especial. Localizam-se [&hellip;]\" \/>\n<meta property=\"og:url\" content=\"https:\/\/despensafranciscana.com\/fr\/loja\/altas-quintas-obsessao-2015\/\" \/>\n<meta property=\"og:site_name\" content=\"Despensa Franciscana\" \/>\n<meta property=\"article:publisher\" content=\"https:\/\/www.facebook.com\/despensafranciscana\/\" \/>\n<meta property=\"article:modified_time\" content=\"2025-03-07T16:06:00+00:00\" \/>\n<meta property=\"og:image\" content=\"https:\/\/despensafranciscana.com\/wp-content\/uploads\/2024\/10\/obsessao-sem-ano-scaled.jpg\" \/>\n\t<meta property=\"og:image:width\" content=\"1922\" \/>\n\t<meta property=\"og:image:height\" content=\"2560\" \/>\n\t<meta property=\"og:image:type\" content=\"image\/jpeg\" \/>\n<meta name=\"twitter:card\" content=\"summary_large_image\" \/>\n<meta name=\"twitter:label1\" content=\"Dur\u00e9e de lecture estim\u00e9e\" \/>\n\t<meta name=\"twitter:data1\" content=\"1 minute\" \/>\n<script type=\"application\/ld+json\" class=\"yoast-schema-graph\">{\"@context\":\"https:\/\/schema.org\",\"@graph\":[{\"@type\":\"WebPage\",\"@id\":\"https:\/\/despensafranciscana.com\/loja\/altas-quintas-obsessao-2015\/\",\"url\":\"https:\/\/despensafranciscana.com\/loja\/altas-quintas-obsessao-2015\/\",\"name\":\"Altas Quintas - Obsess\u00e3o 2015 - Despensa Franciscana\",\"isPartOf\":{\"@id\":\"https:\/\/despensafranciscana.com\/#website\"},\"primaryImageOfPage\":{\"@id\":\"https:\/\/despensafranciscana.com\/loja\/altas-quintas-obsessao-2015\/#primaryimage\"},\"image\":{\"@id\":\"https:\/\/despensafranciscana.com\/loja\/altas-quintas-obsessao-2015\/#primaryimage\"},\"thumbnailUrl\":\"https:\/\/despensafranciscana.com\/wp-content\/uploads\/2024\/10\/obsessao-sem-ano-scaled.jpg\",\"datePublished\":\"2024-10-10T10:12:26+00:00\",\"dateModified\":\"2025-03-07T16:06:00+00:00\",\"breadcrumb\":{\"@id\":\"https:\/\/despensafranciscana.com\/loja\/altas-quintas-obsessao-2015\/#breadcrumb\"},\"inLanguage\":\"fr-FR\",\"potentialAction\":[{\"@type\":\"ReadAction\",\"target\":[\"https:\/\/despensafranciscana.com\/loja\/altas-quintas-obsessao-2015\/\"]}]},{\"@type\":\"ImageObject\",\"inLanguage\":\"fr-FR\",\"@id\":\"https:\/\/despensafranciscana.com\/loja\/altas-quintas-obsessao-2015\/#primaryimage\",\"url\":\"https:\/\/despensafranciscana.com\/wp-content\/uploads\/2024\/10\/obsessao-sem-ano-scaled.jpg\",\"contentUrl\":\"https:\/\/despensafranciscana.com\/wp-content\/uploads\/2024\/10\/obsessao-sem-ano-scaled.jpg\",\"width\":1922,\"height\":2560},{\"@type\":\"BreadcrumbList\",\"@id\":\"https:\/\/despensafranciscana.com\/loja\/altas-quintas-obsessao-2015\/#breadcrumb\",\"itemListElement\":[{\"@type\":\"ListItem\",\"position\":1,\"name\":\"In\u00edcio\",\"item\":\"https:\/\/despensafranciscana.com\/\"},{\"@type\":\"ListItem\",\"position\":2,\"name\":\"Loja\",\"item\":\"https:\/\/despensafranciscana.com\/loja\/\"},{\"@type\":\"ListItem\",\"position\":3,\"name\":\"Altas Quintas &#8211; Obsess\u00e3o 2015\"}]},{\"@type\":\"WebSite\",\"@id\":\"https:\/\/despensafranciscana.com\/#website\",\"url\":\"https:\/\/despensafranciscana.com\/\",\"name\":\"Despensa Franciscana\",\"description\":\"Despensa Franciscana\",\"publisher\":{\"@id\":\"https:\/\/despensafranciscana.com\/#organization\"},\"potentialAction\":[{\"@type\":\"SearchAction\",\"target\":{\"@type\":\"EntryPoint\",\"urlTemplate\":\"https:\/\/despensafranciscana.com\/?s={search_term_string}\"},\"query-input\":{\"@type\":\"PropertyValueSpecification\",\"valueRequired\":true,\"valueName\":\"search_term_string\"}}],\"inLanguage\":\"fr-FR\"},{\"@type\":\"Organization\",\"@id\":\"https:\/\/despensafranciscana.com\/#organization\",\"name\":\"Despensa Franciscana\",\"url\":\"https:\/\/despensafranciscana.com\/\",\"logo\":{\"@type\":\"ImageObject\",\"inLanguage\":\"fr-FR\",\"@id\":\"https:\/\/despensafranciscana.com\/#\/schema\/logo\/image\/\",\"url\":\"https:\/\/despensafranciscana.com\/wp-content\/uploads\/2025\/02\/despensa-franciscana-revamp-logos-8.png\",\"contentUrl\":\"https:\/\/despensafranciscana.com\/wp-content\/uploads\/2025\/02\/despensa-franciscana-revamp-logos-8.png\",\"width\":1920,\"height\":628,\"caption\":\"Despensa Franciscana\"},\"image\":{\"@id\":\"https:\/\/despensafranciscana.com\/#\/schema\/logo\/image\/\"},\"sameAs\":[\"https:\/\/www.facebook.com\/despensafranciscana\/\",\"https:\/\/www.instagram.com\/despensafranciscana\/\"]}]}<\/script>\n<!-- \/ Yoast SEO plugin. -->","yoast_head_json":{"title":"Altas Quintas - Obsess\u00e3o 2015 - Despensa Franciscana","robots":{"index":"index","follow":"follow","max-snippet":"max-snippet:-1","max-image-preview":"max-image-preview:large","max-video-preview":"max-video-preview:-1"},"canonical":"https:\/\/despensafranciscana.com\/fr\/loja\/altas-quintas-obsessao-2015\/","og_locale":"fr_FR","og_type":"article","og_title":"Altas Quintas - Obsess\u00e3o 2015 - Despensa Franciscana","og_description":"CASTAS Alicante Bouschet (90%) e Trincadeira (10%) TERROIR E VITICULTURA As vinhas Altas Quintas encontram-se num Terroir muito especial. Localizam-se [&hellip;]","og_url":"https:\/\/despensafranciscana.com\/fr\/loja\/altas-quintas-obsessao-2015\/","og_site_name":"Despensa Franciscana","article_publisher":"https:\/\/www.facebook.com\/despensafranciscana\/","article_modified_time":"2025-03-07T16:06:00+00:00","og_image":[{"width":1922,"height":2560,"url":"https:\/\/despensafranciscana.com\/wp-content\/uploads\/2024\/10\/obsessao-sem-ano-scaled.jpg","type":"image\/jpeg"}],"twitter_card":"summary_large_image","twitter_misc":{"Dur\u00e9e de lecture estim\u00e9e":"1 minute"},"schema":{"@context":"https:\/\/schema.org","@graph":[{"@type":"WebPage","@id":"https:\/\/despensafranciscana.com\/loja\/altas-quintas-obsessao-2015\/","url":"https:\/\/despensafranciscana.com\/loja\/altas-quintas-obsessao-2015\/","name":"Altas Quintas - Obsess\u00e3o 2015 - Despensa Franciscana","isPartOf":{"@id":"https:\/\/despensafranciscana.com\/#website"},"primaryImageOfPage":{"@id":"https:\/\/despensafranciscana.com\/loja\/altas-quintas-obsessao-2015\/#primaryimage"},"image":{"@id":"https:\/\/despensafranciscana.com\/loja\/altas-quintas-obsessao-2015\/#primaryimage"},"thumbnailUrl":"https:\/\/despensafranciscana.com\/wp-content\/uploads\/2024\/10\/obsessao-sem-ano-scaled.jpg","datePublished":"2024-10-10T10:12:26+00:00","dateModified":"2025-03-07T16:06:00+00:00","breadcrumb":{"@id":"https:\/\/despensafranciscana.com\/loja\/altas-quintas-obsessao-2015\/#breadcrumb"},"inLanguage":"fr-FR","potentialAction":[{"@type":"ReadAction","target":["https:\/\/despensafranciscana.com\/loja\/altas-quintas-obsessao-2015\/"]}]},{"@type":"ImageObject","inLanguage":"fr-FR","@id":"https:\/\/despensafranciscana.com\/loja\/altas-quintas-obsessao-2015\/#primaryimage","url":"https:\/\/despensafranciscana.com\/wp-content\/uploads\/2024\/10\/obsessao-sem-ano-scaled.jpg","contentUrl":"https:\/\/despensafranciscana.com\/wp-content\/uploads\/2024\/10\/obsessao-sem-ano-scaled.jpg","width":1922,"height":2560},{"@type":"BreadcrumbList","@id":"https:\/\/despensafranciscana.com\/loja\/altas-quintas-obsessao-2015\/#breadcrumb","itemListElement":[{"@type":"ListItem","position":1,"name":"In\u00edcio","item":"https:\/\/despensafranciscana.com\/"},{"@type":"ListItem","position":2,"name":"Loja","item":"https:\/\/despensafranciscana.com\/loja\/"},{"@type":"ListItem","position":3,"name":"Altas Quintas &#8211; Obsess\u00e3o 2015"}]},{"@type":"WebSite","@id":"https:\/\/despensafranciscana.com\/#website","url":"https:\/\/despensafranciscana.com\/","name":"garde-manger franciscain","description":"garde-manger franciscain","publisher":{"@id":"https:\/\/despensafranciscana.com\/#organization"},"potentialAction":[{"@type":"SearchAction","target":{"@type":"EntryPoint","urlTemplate":"https:\/\/despensafranciscana.com\/?s={search_term_string}"},"query-input":{"@type":"PropertyValueSpecification","valueRequired":true,"valueName":"search_term_string"}}],"inLanguage":"fr-FR"},{"@type":"Organization","@id":"https:\/\/despensafranciscana.com\/#organization","name":"garde-manger franciscain","url":"https:\/\/despensafranciscana.com\/","logo":{"@type":"ImageObject","inLanguage":"fr-FR","@id":"https:\/\/despensafranciscana.com\/#\/schema\/logo\/image\/","url":"https:\/\/despensafranciscana.com\/wp-content\/uploads\/2025\/02\/despensa-franciscana-revamp-logos-8.png","contentUrl":"https:\/\/despensafranciscana.com\/wp-content\/uploads\/2025\/02\/despensa-franciscana-revamp-logos-8.png","width":1920,"height":628,"caption":"Despensa Franciscana"},"image":{"@id":"https:\/\/despensafranciscana.com\/#\/schema\/logo\/image\/"},"sameAs":["https:\/\/www.facebook.com\/despensafranciscana\/","https:\/\/www.instagram.com\/despensafranciscana\/"]}]}},"_links":{"self":[{"href":"https:\/\/despensafranciscana.com\/fr\/wp-json\/wp\/v2\/product\/16807","targetHints":{"allow":["GET"]}}],"collection":[{"href":"https:\/\/despensafranciscana.com\/fr\/wp-json\/wp\/v2\/product"}],"about":[{"href":"https:\/\/despensafranciscana.com\/fr\/wp-json\/wp\/v2\/types\/product"}],"wp:featuredmedia":[{"embeddable":true,"href":"https:\/\/despensafranciscana.com\/fr\/wp-json\/wp\/v2\/media\/16808"}],"wp:attachment":[{"href":"https:\/\/despensafranciscana.com\/fr\/wp-json\/wp\/v2\/media?parent=16807"}],"wp:term":[{"taxonomy":"product_brand","embeddable":true,"href":"https:\/\/despensafranciscana.com\/fr\/wp-json\/wp\/v2\/product_brand?post=16807"},{"taxonomy":"product_cat","embeddable":true,"href":"https:\/\/despensafranciscana.com\/fr\/wp-json\/wp\/v2\/product_cat?post=16807"},{"taxonomy":"product_tag","embeddable":true,"href":"https:\/\/despensafranciscana.com\/fr\/wp-json\/wp\/v2\/product_tag?post=16807"}],"curies":[{"name":"wp","href":"https:\/\/api.w.org\/{rel}","templated":true}]}}