{"id":16782,"date":"2024-09-30T19:18:24","date_gmt":"2024-09-30T18:18:24","guid":{"rendered":"https:\/\/despensafranciscana.com\/?post_type=product&#038;p=16782"},"modified":"2025-03-07T16:06:48","modified_gmt":"2025-03-07T16:06:48","slug":"altas-quintas-branco-2023","status":"publish","type":"product","link":"https:\/\/despensafranciscana.com\/fr\/loja\/altas-quintas-branco-2023\/","title":{"rendered":"Altas Quintas - Harvest White 2021"},"content":{"rendered":"<p><strong>CASTAS<\/strong><br \/>\nVerdelho (50%) et Arinto (50%)<\/p>\n<p><strong>TERROIR ET VITICULTURE<\/strong><br \/>\nLes vignobles Altas Quintas sont situ\u00e9s dans un terroir tr\u00e8s particulier. Elles sont situ\u00e9es \u00e0 600 m\u00e8tres d'altitude, sur un plateau qui se d\u00e9veloppe de mani\u00e8re unique, au milieu de la Serra de S\u00e3o Mamede. L'altitude, les conditions m\u00e9soclimatiques de cette zone et les sols \u00e0 potentiel de production moyen rendent cet endroit si particulier. Le vignoble est g\u00e9r\u00e9 dans le cadre d'un programme de protection int\u00e9gr\u00e9e. Les raisins Verdelho et Arinto de ce vin ont \u00e9t\u00e9 r\u00e9colt\u00e9s \u00e0 la main dans des parcelles \u00e0 faible rendement et de grande qualit\u00e9, dans des caisses de 20 kg au cours du mois de septembre. Ils ont \u00e9t\u00e9 rapidement transport\u00e9s \u00e0 la cave. Les grappes et les baies ont \u00e9t\u00e9 tri\u00e9es \u00e0 l'entr\u00e9e de la cave.<\/p>\n<p><strong>VINIFICATION<\/strong><br \/>\nLa fermentation s'est d\u00e9roul\u00e9e \u00e0 14\u00baC dans une cuve en acier inoxydable, suivie d'un s\u00e9jour de 6 mois dans des f\u00fbts de ch\u00eane fran\u00e7ais.<\/p>\n<p><strong>ENOLOGIE<\/strong><br \/>\nAnt\u00f3nio Ventura<\/p>\n<p><strong>NOTES DE D\u00c9GUSTATION \/ HARMONISATION<\/strong><br \/>\nVin de couleur citron aux ar\u00f4mes de fruits blancs avec quelques notes de l\u00e9gumes frais (menthe). En bouche, il r\u00e9v\u00e8le la fra\u00eecheur intense caract\u00e9ristique de la r\u00e9gion, avec une acidit\u00e9 bien adapt\u00e9e au volume du vin, se terminant par une bonne persistance. Il peut accompagner des plats cuits au four ou des plats d'une certaine complexit\u00e9.<\/p>\n<p><strong>CARACT\u00c9RISTIQUES PHYSICO-CHIMIQUES<\/strong><br \/>\nTaux d'alcool = 13,0 % (vol.)<br \/>\npH = 3,20<br \/>\nAcidit\u00e9 totale = 6,1 g\/L (exprim\u00e9e en acide tartrique)<\/p>","protected":false},"excerpt":{"rendered":"<p>CASTAS Verdelho (50%) e Arinto (50%) TERROIR E VITICULTURA As vinhas Altas Quintas encontram-se num Terroir muito especial. Localizam-se a [&hellip;]<\/p>\n","protected":false},"featured_media":16783,"template":"","meta":[],"product_brand":[],"product_cat":[39],"product_tag":[],"class_list":{"0":"post-16782","1":"product","2":"type-product","3":"status-publish","4":"has-post-thumbnail","6":"product_cat-bebidas","8":"first","9":"instock","10":"taxable","11":"shipping-taxable","12":"purchasable","13":"product-type-simple"},"yoast_head":"<!-- This site is optimized with the Yoast SEO plugin v27.2 - https:\/\/yoast.com\/product\/yoast-seo-wordpress\/ -->\n<title>Altas Quintas - Colheita Branco 2021 - Despensa Franciscana<\/title>\n<meta name=\"robots\" content=\"index, follow, max-snippet:-1, max-image-preview:large, max-video-preview:-1\" \/>\n<link rel=\"canonical\" href=\"https:\/\/despensafranciscana.com\/fr\/loja\/altas-quintas-branco-2023\/\" \/>\n<meta property=\"og:locale\" content=\"fr_FR\" \/>\n<meta property=\"og:type\" content=\"article\" \/>\n<meta property=\"og:title\" content=\"Altas Quintas - Colheita Branco 2021 - Despensa Franciscana\" \/>\n<meta property=\"og:description\" content=\"CASTAS Verdelho (50%) e Arinto (50%) TERROIR E VITICULTURA As vinhas Altas Quintas encontram-se num Terroir muito especial. Localizam-se a [&hellip;]\" \/>\n<meta property=\"og:url\" content=\"https:\/\/despensafranciscana.com\/fr\/loja\/altas-quintas-branco-2023\/\" \/>\n<meta property=\"og:site_name\" content=\"Despensa Franciscana\" \/>\n<meta property=\"article:publisher\" content=\"https:\/\/www.facebook.com\/despensafranciscana\/\" \/>\n<meta property=\"article:modified_time\" content=\"2025-03-07T16:06:48+00:00\" \/>\n<meta property=\"og:image\" content=\"https:\/\/despensafranciscana.com\/wp-content\/uploads\/2024\/09\/AQ_Branco-scaled.jpg\" \/>\n\t<meta property=\"og:image:width\" content=\"2560\" \/>\n\t<meta property=\"og:image:height\" content=\"2560\" \/>\n\t<meta property=\"og:image:type\" content=\"image\/jpeg\" \/>\n<meta name=\"twitter:card\" content=\"summary_large_image\" \/>\n<meta name=\"twitter:label1\" content=\"Dur\u00e9e de lecture estim\u00e9e\" \/>\n\t<meta name=\"twitter:data1\" content=\"1 minute\" \/>\n<script type=\"application\/ld+json\" class=\"yoast-schema-graph\">{\"@context\":\"https:\/\/schema.org\",\"@graph\":[{\"@type\":\"WebPage\",\"@id\":\"https:\/\/despensafranciscana.com\/loja\/altas-quintas-branco-2023\/\",\"url\":\"https:\/\/despensafranciscana.com\/loja\/altas-quintas-branco-2023\/\",\"name\":\"Altas Quintas - Colheita Branco 2021 - Despensa Franciscana\",\"isPartOf\":{\"@id\":\"https:\/\/despensafranciscana.com\/#website\"},\"primaryImageOfPage\":{\"@id\":\"https:\/\/despensafranciscana.com\/loja\/altas-quintas-branco-2023\/#primaryimage\"},\"image\":{\"@id\":\"https:\/\/despensafranciscana.com\/loja\/altas-quintas-branco-2023\/#primaryimage\"},\"thumbnailUrl\":\"https:\/\/despensafranciscana.com\/wp-content\/uploads\/2024\/09\/AQ_Branco-scaled.jpg\",\"datePublished\":\"2024-09-30T18:18:24+00:00\",\"dateModified\":\"2025-03-07T16:06:48+00:00\",\"breadcrumb\":{\"@id\":\"https:\/\/despensafranciscana.com\/loja\/altas-quintas-branco-2023\/#breadcrumb\"},\"inLanguage\":\"fr-FR\",\"potentialAction\":[{\"@type\":\"ReadAction\",\"target\":[\"https:\/\/despensafranciscana.com\/loja\/altas-quintas-branco-2023\/\"]}]},{\"@type\":\"ImageObject\",\"inLanguage\":\"fr-FR\",\"@id\":\"https:\/\/despensafranciscana.com\/loja\/altas-quintas-branco-2023\/#primaryimage\",\"url\":\"https:\/\/despensafranciscana.com\/wp-content\/uploads\/2024\/09\/AQ_Branco-scaled.jpg\",\"contentUrl\":\"https:\/\/despensafranciscana.com\/wp-content\/uploads\/2024\/09\/AQ_Branco-scaled.jpg\",\"width\":2560,\"height\":2560},{\"@type\":\"BreadcrumbList\",\"@id\":\"https:\/\/despensafranciscana.com\/loja\/altas-quintas-branco-2023\/#breadcrumb\",\"itemListElement\":[{\"@type\":\"ListItem\",\"position\":1,\"name\":\"In\u00edcio\",\"item\":\"https:\/\/despensafranciscana.com\/\"},{\"@type\":\"ListItem\",\"position\":2,\"name\":\"Loja\",\"item\":\"https:\/\/despensafranciscana.com\/loja\/\"},{\"@type\":\"ListItem\",\"position\":3,\"name\":\"Altas Quintas &#8211; Colheita Branco 2021\"}]},{\"@type\":\"WebSite\",\"@id\":\"https:\/\/despensafranciscana.com\/#website\",\"url\":\"https:\/\/despensafranciscana.com\/\",\"name\":\"Despensa Franciscana\",\"description\":\"Despensa Franciscana\",\"publisher\":{\"@id\":\"https:\/\/despensafranciscana.com\/#organization\"},\"potentialAction\":[{\"@type\":\"SearchAction\",\"target\":{\"@type\":\"EntryPoint\",\"urlTemplate\":\"https:\/\/despensafranciscana.com\/?s={search_term_string}\"},\"query-input\":{\"@type\":\"PropertyValueSpecification\",\"valueRequired\":true,\"valueName\":\"search_term_string\"}}],\"inLanguage\":\"fr-FR\"},{\"@type\":\"Organization\",\"@id\":\"https:\/\/despensafranciscana.com\/#organization\",\"name\":\"Despensa Franciscana\",\"url\":\"https:\/\/despensafranciscana.com\/\",\"logo\":{\"@type\":\"ImageObject\",\"inLanguage\":\"fr-FR\",\"@id\":\"https:\/\/despensafranciscana.com\/#\/schema\/logo\/image\/\",\"url\":\"https:\/\/despensafranciscana.com\/wp-content\/uploads\/2025\/02\/despensa-franciscana-revamp-logos-8.png\",\"contentUrl\":\"https:\/\/despensafranciscana.com\/wp-content\/uploads\/2025\/02\/despensa-franciscana-revamp-logos-8.png\",\"width\":1920,\"height\":628,\"caption\":\"Despensa Franciscana\"},\"image\":{\"@id\":\"https:\/\/despensafranciscana.com\/#\/schema\/logo\/image\/\"},\"sameAs\":[\"https:\/\/www.facebook.com\/despensafranciscana\/\",\"https:\/\/www.instagram.com\/despensafranciscana\/\"]}]}<\/script>\n<!-- \/ Yoast SEO plugin. -->","yoast_head_json":{"title":"Altas Quintas - Colheita Branco 2021 - Despensa Franciscana","robots":{"index":"index","follow":"follow","max-snippet":"max-snippet:-1","max-image-preview":"max-image-preview:large","max-video-preview":"max-video-preview:-1"},"canonical":"https:\/\/despensafranciscana.com\/fr\/loja\/altas-quintas-branco-2023\/","og_locale":"fr_FR","og_type":"article","og_title":"Altas Quintas - Colheita Branco 2021 - Despensa Franciscana","og_description":"CASTAS Verdelho (50%) e Arinto (50%) TERROIR E VITICULTURA As vinhas Altas Quintas encontram-se num Terroir muito especial. Localizam-se a [&hellip;]","og_url":"https:\/\/despensafranciscana.com\/fr\/loja\/altas-quintas-branco-2023\/","og_site_name":"Despensa Franciscana","article_publisher":"https:\/\/www.facebook.com\/despensafranciscana\/","article_modified_time":"2025-03-07T16:06:48+00:00","og_image":[{"width":2560,"height":2560,"url":"https:\/\/despensafranciscana.com\/wp-content\/uploads\/2024\/09\/AQ_Branco-scaled.jpg","type":"image\/jpeg"}],"twitter_card":"summary_large_image","twitter_misc":{"Dur\u00e9e de lecture estim\u00e9e":"1 minute"},"schema":{"@context":"https:\/\/schema.org","@graph":[{"@type":"WebPage","@id":"https:\/\/despensafranciscana.com\/loja\/altas-quintas-branco-2023\/","url":"https:\/\/despensafranciscana.com\/loja\/altas-quintas-branco-2023\/","name":"Altas Quintas - Colheita Branco 2021 - Despensa Franciscana","isPartOf":{"@id":"https:\/\/despensafranciscana.com\/#website"},"primaryImageOfPage":{"@id":"https:\/\/despensafranciscana.com\/loja\/altas-quintas-branco-2023\/#primaryimage"},"image":{"@id":"https:\/\/despensafranciscana.com\/loja\/altas-quintas-branco-2023\/#primaryimage"},"thumbnailUrl":"https:\/\/despensafranciscana.com\/wp-content\/uploads\/2024\/09\/AQ_Branco-scaled.jpg","datePublished":"2024-09-30T18:18:24+00:00","dateModified":"2025-03-07T16:06:48+00:00","breadcrumb":{"@id":"https:\/\/despensafranciscana.com\/loja\/altas-quintas-branco-2023\/#breadcrumb"},"inLanguage":"fr-FR","potentialAction":[{"@type":"ReadAction","target":["https:\/\/despensafranciscana.com\/loja\/altas-quintas-branco-2023\/"]}]},{"@type":"ImageObject","inLanguage":"fr-FR","@id":"https:\/\/despensafranciscana.com\/loja\/altas-quintas-branco-2023\/#primaryimage","url":"https:\/\/despensafranciscana.com\/wp-content\/uploads\/2024\/09\/AQ_Branco-scaled.jpg","contentUrl":"https:\/\/despensafranciscana.com\/wp-content\/uploads\/2024\/09\/AQ_Branco-scaled.jpg","width":2560,"height":2560},{"@type":"BreadcrumbList","@id":"https:\/\/despensafranciscana.com\/loja\/altas-quintas-branco-2023\/#breadcrumb","itemListElement":[{"@type":"ListItem","position":1,"name":"In\u00edcio","item":"https:\/\/despensafranciscana.com\/"},{"@type":"ListItem","position":2,"name":"Loja","item":"https:\/\/despensafranciscana.com\/loja\/"},{"@type":"ListItem","position":3,"name":"Altas Quintas &#8211; Colheita Branco 2021"}]},{"@type":"WebSite","@id":"https:\/\/despensafranciscana.com\/#website","url":"https:\/\/despensafranciscana.com\/","name":"garde-manger franciscain","description":"garde-manger franciscain","publisher":{"@id":"https:\/\/despensafranciscana.com\/#organization"},"potentialAction":[{"@type":"SearchAction","target":{"@type":"EntryPoint","urlTemplate":"https:\/\/despensafranciscana.com\/?s={search_term_string}"},"query-input":{"@type":"PropertyValueSpecification","valueRequired":true,"valueName":"search_term_string"}}],"inLanguage":"fr-FR"},{"@type":"Organization","@id":"https:\/\/despensafranciscana.com\/#organization","name":"garde-manger franciscain","url":"https:\/\/despensafranciscana.com\/","logo":{"@type":"ImageObject","inLanguage":"fr-FR","@id":"https:\/\/despensafranciscana.com\/#\/schema\/logo\/image\/","url":"https:\/\/despensafranciscana.com\/wp-content\/uploads\/2025\/02\/despensa-franciscana-revamp-logos-8.png","contentUrl":"https:\/\/despensafranciscana.com\/wp-content\/uploads\/2025\/02\/despensa-franciscana-revamp-logos-8.png","width":1920,"height":628,"caption":"Despensa Franciscana"},"image":{"@id":"https:\/\/despensafranciscana.com\/#\/schema\/logo\/image\/"},"sameAs":["https:\/\/www.facebook.com\/despensafranciscana\/","https:\/\/www.instagram.com\/despensafranciscana\/"]}]}},"_links":{"self":[{"href":"https:\/\/despensafranciscana.com\/fr\/wp-json\/wp\/v2\/product\/16782","targetHints":{"allow":["GET"]}}],"collection":[{"href":"https:\/\/despensafranciscana.com\/fr\/wp-json\/wp\/v2\/product"}],"about":[{"href":"https:\/\/despensafranciscana.com\/fr\/wp-json\/wp\/v2\/types\/product"}],"wp:featuredmedia":[{"embeddable":true,"href":"https:\/\/despensafranciscana.com\/fr\/wp-json\/wp\/v2\/media\/16783"}],"wp:attachment":[{"href":"https:\/\/despensafranciscana.com\/fr\/wp-json\/wp\/v2\/media?parent=16782"}],"wp:term":[{"taxonomy":"product_brand","embeddable":true,"href":"https:\/\/despensafranciscana.com\/fr\/wp-json\/wp\/v2\/product_brand?post=16782"},{"taxonomy":"product_cat","embeddable":true,"href":"https:\/\/despensafranciscana.com\/fr\/wp-json\/wp\/v2\/product_cat?post=16782"},{"taxonomy":"product_tag","embeddable":true,"href":"https:\/\/despensafranciscana.com\/fr\/wp-json\/wp\/v2\/product_tag?post=16782"}],"curies":[{"name":"wp","href":"https:\/\/api.w.org\/{rel}","templated":true}]}}