{"id":16778,"date":"2024-09-30T19:03:33","date_gmt":"2024-09-30T18:03:33","guid":{"rendered":"https:\/\/despensafranciscana.com\/?post_type=product&#038;p=16778"},"modified":"2025-03-07T16:12:13","modified_gmt":"2025-03-07T16:12:13","slug":"altas-quintas-crescendo-tinto-2021","status":"publish","type":"product","link":"https:\/\/despensafranciscana.com\/fr\/loja\/altas-quintas-crescendo-tinto-2021\/","title":{"rendered":"Altas Quintas Crescendo - Rouge 2021"},"content":{"rendered":"<p><strong>CASTAS<\/strong><br \/>\nAlicante Bouschet (50%), Touriga Nacional (30%) et Trincadeira (20%).<\/p>\n<p><strong>TERROIR ET VITICULTURE<\/strong><br \/>\nLes vignobles Altas Quintas sont situ\u00e9s dans un terroir tr\u00e8s particulier. Elles sont situ\u00e9es \u00e0 600 m\u00e8tres d'altitude, sur un plateau qui se d\u00e9veloppe de mani\u00e8re unique, au milieu de la Serra de S\u00e3o Mamede. L'altitude, les conditions m\u00e9soclimatiques de cette zone et les sols \u00e0 potentiel de production moyen rendent cet endroit si particulier. Le vignoble est g\u00e9r\u00e9 dans le cadre d'un programme de protection int\u00e9gr\u00e9e. Les raisins d'Alicante Bouschet, de Touriga Nacional et de Trincadeira utilis\u00e9s pour ce vin ont \u00e9t\u00e9 r\u00e9colt\u00e9s \u00e0 la main dans les meilleures parcelles, dans des caisses de 14 kg, \u00e0 la fin du mois de septembre. Le transport a \u00e9t\u00e9 rapide jusqu'\u00e0 la cave. Les grappes et les baies ont \u00e9t\u00e9 tri\u00e9es \u00e0 l'entr\u00e9e de la cave.<\/p>\n<p><strong>VINIFICATION<\/strong><br \/>\nLa fermentation s'est d\u00e9roul\u00e9e \u00e0 temp\u00e9rature contr\u00f4l\u00e9e \u00e0 Lagares. Il a ensuite \u00e9t\u00e9 \u00e9lev\u00e9 en f\u00fbts de ch\u00eane fran\u00e7ais pendant 12 mois, avant d'\u00eatre mis en bouteille.<\/p>\n<p><strong>ENOLOGIE<\/strong><br \/>\nAnt\u00f3nio Ventura<\/p>\n<p><strong>NOTES DE D\u00c9GUSTATION \/ HARMONISATION<\/strong><br \/>\nVin \u00e0 la robe rubis intense, aux ar\u00f4mes de petits fruits rouges, de notes balsamiques et d'une touche de pain grill\u00e9. En bouche, il est \u00e9quilibr\u00e9 et dense, avec des tanins omnipr\u00e9sents tr\u00e8s \u00e9l\u00e9gants, une acidit\u00e9 vive et fra\u00eeche, une finale intense et complexe avec beaucoup de volume et de fra\u00eecheur. Il peut accompagner des plats cuits au four et des gibiers avec une certaine complexit\u00e9.<\/p>\n<p><strong>CARACT\u00c9RISTIQUES PHYSICO-CHIMIQUES<\/strong><br \/>\nTaux d'alcool = 14,5 % (vol.)<br \/>\npH = 3,71<br \/>\nAcidit\u00e9 totale = 5,5 g\/L (exprim\u00e9e en acide tartrique)<\/p>","protected":false},"excerpt":{"rendered":"<p>CASTAS Alicante Bouschet (50%), Touriga Nacional (30%) e Trincadeira (20%) TERROIR E VITICULTURA As vinhas Altas Quintas encontram-se num Terroir [&hellip;]<\/p>\n","protected":false},"featured_media":16779,"template":"","meta":[],"product_brand":[],"product_cat":[39],"product_tag":[],"class_list":{"0":"post-16778","1":"product","2":"type-product","3":"status-publish","4":"has-post-thumbnail","6":"product_cat-bebidas","8":"first","9":"instock","10":"taxable","11":"shipping-taxable","12":"purchasable","13":"product-type-simple"},"yoast_head":"<!-- This site is optimized with the Yoast SEO plugin v27.2 - https:\/\/yoast.com\/product\/yoast-seo-wordpress\/ -->\n<title>Altas Quintas Crescendo - Tinto 2021 - Despensa Franciscana<\/title>\n<meta name=\"robots\" content=\"index, follow, max-snippet:-1, max-image-preview:large, max-video-preview:-1\" \/>\n<link rel=\"canonical\" href=\"https:\/\/despensafranciscana.com\/fr\/loja\/altas-quintas-crescendo-tinto-2021\/\" \/>\n<meta property=\"og:locale\" content=\"fr_FR\" \/>\n<meta property=\"og:type\" content=\"article\" \/>\n<meta property=\"og:title\" content=\"Altas Quintas Crescendo - Tinto 2021 - Despensa Franciscana\" \/>\n<meta property=\"og:description\" content=\"CASTAS Alicante Bouschet (50%), Touriga Nacional (30%) e Trincadeira (20%) TERROIR E VITICULTURA As vinhas Altas Quintas encontram-se num Terroir [&hellip;]\" \/>\n<meta property=\"og:url\" content=\"https:\/\/despensafranciscana.com\/fr\/loja\/altas-quintas-crescendo-tinto-2021\/\" \/>\n<meta property=\"og:site_name\" content=\"Despensa Franciscana\" \/>\n<meta property=\"article:publisher\" content=\"https:\/\/www.facebook.com\/despensafranciscana\/\" \/>\n<meta property=\"article:modified_time\" content=\"2025-03-07T16:12:13+00:00\" \/>\n<meta property=\"og:image\" content=\"https:\/\/despensafranciscana.com\/wp-content\/uploads\/2024\/09\/Crescendo_Red-scaled.jpg\" \/>\n\t<meta property=\"og:image:width\" content=\"2560\" \/>\n\t<meta property=\"og:image:height\" content=\"2560\" \/>\n\t<meta property=\"og:image:type\" content=\"image\/jpeg\" \/>\n<meta name=\"twitter:card\" content=\"summary_large_image\" \/>\n<meta name=\"twitter:label1\" content=\"Dur\u00e9e de lecture estim\u00e9e\" \/>\n\t<meta name=\"twitter:data1\" content=\"1 minute\" \/>\n<script type=\"application\/ld+json\" class=\"yoast-schema-graph\">{\"@context\":\"https:\/\/schema.org\",\"@graph\":[{\"@type\":\"WebPage\",\"@id\":\"https:\/\/despensafranciscana.com\/de\/loja\/altas-quintas-crescendo-tinto-2021\/\",\"url\":\"https:\/\/despensafranciscana.com\/de\/loja\/altas-quintas-crescendo-tinto-2021\/\",\"name\":\"Altas Quintas Crescendo - Tinto 2021 - Despensa Franciscana\",\"isPartOf\":{\"@id\":\"https:\/\/despensafranciscana.com\/#website\"},\"primaryImageOfPage\":{\"@id\":\"https:\/\/despensafranciscana.com\/de\/loja\/altas-quintas-crescendo-tinto-2021\/#primaryimage\"},\"image\":{\"@id\":\"https:\/\/despensafranciscana.com\/de\/loja\/altas-quintas-crescendo-tinto-2021\/#primaryimage\"},\"thumbnailUrl\":\"https:\/\/despensafranciscana.com\/wp-content\/uploads\/2024\/09\/Crescendo_Red-scaled.jpg\",\"datePublished\":\"2024-09-30T18:03:33+00:00\",\"dateModified\":\"2025-03-07T16:12:13+00:00\",\"breadcrumb\":{\"@id\":\"https:\/\/despensafranciscana.com\/de\/loja\/altas-quintas-crescendo-tinto-2021\/#breadcrumb\"},\"inLanguage\":\"fr-FR\",\"potentialAction\":[{\"@type\":\"ReadAction\",\"target\":[\"https:\/\/despensafranciscana.com\/de\/loja\/altas-quintas-crescendo-tinto-2021\/\"]}]},{\"@type\":\"ImageObject\",\"inLanguage\":\"fr-FR\",\"@id\":\"https:\/\/despensafranciscana.com\/de\/loja\/altas-quintas-crescendo-tinto-2021\/#primaryimage\",\"url\":\"https:\/\/despensafranciscana.com\/wp-content\/uploads\/2024\/09\/Crescendo_Red-scaled.jpg\",\"contentUrl\":\"https:\/\/despensafranciscana.com\/wp-content\/uploads\/2024\/09\/Crescendo_Red-scaled.jpg\",\"width\":2560,\"height\":2560},{\"@type\":\"BreadcrumbList\",\"@id\":\"https:\/\/despensafranciscana.com\/de\/loja\/altas-quintas-crescendo-tinto-2021\/#breadcrumb\",\"itemListElement\":[{\"@type\":\"ListItem\",\"position\":1,\"name\":\"In\u00edcio\",\"item\":\"https:\/\/despensafranciscana.com\/\"},{\"@type\":\"ListItem\",\"position\":2,\"name\":\"Loja\",\"item\":\"https:\/\/despensafranciscana.com\/loja\/\"},{\"@type\":\"ListItem\",\"position\":3,\"name\":\"Altas Quintas Crescendo &#8211; Tinto 2021\"}]},{\"@type\":\"WebSite\",\"@id\":\"https:\/\/despensafranciscana.com\/#website\",\"url\":\"https:\/\/despensafranciscana.com\/\",\"name\":\"Despensa Franciscana\",\"description\":\"Despensa Franciscana\",\"publisher\":{\"@id\":\"https:\/\/despensafranciscana.com\/#organization\"},\"potentialAction\":[{\"@type\":\"SearchAction\",\"target\":{\"@type\":\"EntryPoint\",\"urlTemplate\":\"https:\/\/despensafranciscana.com\/?s={search_term_string}\"},\"query-input\":{\"@type\":\"PropertyValueSpecification\",\"valueRequired\":true,\"valueName\":\"search_term_string\"}}],\"inLanguage\":\"fr-FR\"},{\"@type\":\"Organization\",\"@id\":\"https:\/\/despensafranciscana.com\/#organization\",\"name\":\"Despensa Franciscana\",\"url\":\"https:\/\/despensafranciscana.com\/\",\"logo\":{\"@type\":\"ImageObject\",\"inLanguage\":\"fr-FR\",\"@id\":\"https:\/\/despensafranciscana.com\/#\/schema\/logo\/image\/\",\"url\":\"https:\/\/despensafranciscana.com\/wp-content\/uploads\/2025\/02\/despensa-franciscana-revamp-logos-8.png\",\"contentUrl\":\"https:\/\/despensafranciscana.com\/wp-content\/uploads\/2025\/02\/despensa-franciscana-revamp-logos-8.png\",\"width\":1920,\"height\":628,\"caption\":\"Despensa Franciscana\"},\"image\":{\"@id\":\"https:\/\/despensafranciscana.com\/#\/schema\/logo\/image\/\"},\"sameAs\":[\"https:\/\/www.facebook.com\/despensafranciscana\/\",\"https:\/\/www.instagram.com\/despensafranciscana\/\"]}]}<\/script>\n<!-- \/ Yoast SEO plugin. -->","yoast_head_json":{"title":"Altas Quintas Crescendo - Tinto 2021 - Despensa Franciscana","robots":{"index":"index","follow":"follow","max-snippet":"max-snippet:-1","max-image-preview":"max-image-preview:large","max-video-preview":"max-video-preview:-1"},"canonical":"https:\/\/despensafranciscana.com\/fr\/loja\/altas-quintas-crescendo-tinto-2021\/","og_locale":"fr_FR","og_type":"article","og_title":"Altas Quintas Crescendo - Tinto 2021 - Despensa Franciscana","og_description":"CASTAS Alicante Bouschet (50%), Touriga Nacional (30%) e Trincadeira (20%) TERROIR E VITICULTURA As vinhas Altas Quintas encontram-se num Terroir [&hellip;]","og_url":"https:\/\/despensafranciscana.com\/fr\/loja\/altas-quintas-crescendo-tinto-2021\/","og_site_name":"Despensa Franciscana","article_publisher":"https:\/\/www.facebook.com\/despensafranciscana\/","article_modified_time":"2025-03-07T16:12:13+00:00","og_image":[{"width":2560,"height":2560,"url":"https:\/\/despensafranciscana.com\/wp-content\/uploads\/2024\/09\/Crescendo_Red-scaled.jpg","type":"image\/jpeg"}],"twitter_card":"summary_large_image","twitter_misc":{"Dur\u00e9e de lecture estim\u00e9e":"1 minute"},"schema":{"@context":"https:\/\/schema.org","@graph":[{"@type":"WebPage","@id":"https:\/\/despensafranciscana.com\/de\/loja\/altas-quintas-crescendo-tinto-2021\/","url":"https:\/\/despensafranciscana.com\/de\/loja\/altas-quintas-crescendo-tinto-2021\/","name":"Altas Quintas Crescendo - Tinto 2021 - Despensa Franciscana","isPartOf":{"@id":"https:\/\/despensafranciscana.com\/#website"},"primaryImageOfPage":{"@id":"https:\/\/despensafranciscana.com\/de\/loja\/altas-quintas-crescendo-tinto-2021\/#primaryimage"},"image":{"@id":"https:\/\/despensafranciscana.com\/de\/loja\/altas-quintas-crescendo-tinto-2021\/#primaryimage"},"thumbnailUrl":"https:\/\/despensafranciscana.com\/wp-content\/uploads\/2024\/09\/Crescendo_Red-scaled.jpg","datePublished":"2024-09-30T18:03:33+00:00","dateModified":"2025-03-07T16:12:13+00:00","breadcrumb":{"@id":"https:\/\/despensafranciscana.com\/de\/loja\/altas-quintas-crescendo-tinto-2021\/#breadcrumb"},"inLanguage":"fr-FR","potentialAction":[{"@type":"ReadAction","target":["https:\/\/despensafranciscana.com\/de\/loja\/altas-quintas-crescendo-tinto-2021\/"]}]},{"@type":"ImageObject","inLanguage":"fr-FR","@id":"https:\/\/despensafranciscana.com\/de\/loja\/altas-quintas-crescendo-tinto-2021\/#primaryimage","url":"https:\/\/despensafranciscana.com\/wp-content\/uploads\/2024\/09\/Crescendo_Red-scaled.jpg","contentUrl":"https:\/\/despensafranciscana.com\/wp-content\/uploads\/2024\/09\/Crescendo_Red-scaled.jpg","width":2560,"height":2560},{"@type":"BreadcrumbList","@id":"https:\/\/despensafranciscana.com\/de\/loja\/altas-quintas-crescendo-tinto-2021\/#breadcrumb","itemListElement":[{"@type":"ListItem","position":1,"name":"In\u00edcio","item":"https:\/\/despensafranciscana.com\/"},{"@type":"ListItem","position":2,"name":"Loja","item":"https:\/\/despensafranciscana.com\/loja\/"},{"@type":"ListItem","position":3,"name":"Altas Quintas Crescendo &#8211; Tinto 2021"}]},{"@type":"WebSite","@id":"https:\/\/despensafranciscana.com\/#website","url":"https:\/\/despensafranciscana.com\/","name":"garde-manger franciscain","description":"garde-manger franciscain","publisher":{"@id":"https:\/\/despensafranciscana.com\/#organization"},"potentialAction":[{"@type":"SearchAction","target":{"@type":"EntryPoint","urlTemplate":"https:\/\/despensafranciscana.com\/?s={search_term_string}"},"query-input":{"@type":"PropertyValueSpecification","valueRequired":true,"valueName":"search_term_string"}}],"inLanguage":"fr-FR"},{"@type":"Organization","@id":"https:\/\/despensafranciscana.com\/#organization","name":"garde-manger franciscain","url":"https:\/\/despensafranciscana.com\/","logo":{"@type":"ImageObject","inLanguage":"fr-FR","@id":"https:\/\/despensafranciscana.com\/#\/schema\/logo\/image\/","url":"https:\/\/despensafranciscana.com\/wp-content\/uploads\/2025\/02\/despensa-franciscana-revamp-logos-8.png","contentUrl":"https:\/\/despensafranciscana.com\/wp-content\/uploads\/2025\/02\/despensa-franciscana-revamp-logos-8.png","width":1920,"height":628,"caption":"Despensa Franciscana"},"image":{"@id":"https:\/\/despensafranciscana.com\/#\/schema\/logo\/image\/"},"sameAs":["https:\/\/www.facebook.com\/despensafranciscana\/","https:\/\/www.instagram.com\/despensafranciscana\/"]}]}},"_links":{"self":[{"href":"https:\/\/despensafranciscana.com\/fr\/wp-json\/wp\/v2\/product\/16778","targetHints":{"allow":["GET"]}}],"collection":[{"href":"https:\/\/despensafranciscana.com\/fr\/wp-json\/wp\/v2\/product"}],"about":[{"href":"https:\/\/despensafranciscana.com\/fr\/wp-json\/wp\/v2\/types\/product"}],"wp:featuredmedia":[{"embeddable":true,"href":"https:\/\/despensafranciscana.com\/fr\/wp-json\/wp\/v2\/media\/16779"}],"wp:attachment":[{"href":"https:\/\/despensafranciscana.com\/fr\/wp-json\/wp\/v2\/media?parent=16778"}],"wp:term":[{"taxonomy":"product_brand","embeddable":true,"href":"https:\/\/despensafranciscana.com\/fr\/wp-json\/wp\/v2\/product_brand?post=16778"},{"taxonomy":"product_cat","embeddable":true,"href":"https:\/\/despensafranciscana.com\/fr\/wp-json\/wp\/v2\/product_cat?post=16778"},{"taxonomy":"product_tag","embeddable":true,"href":"https:\/\/despensafranciscana.com\/fr\/wp-json\/wp\/v2\/product_tag?post=16778"}],"curies":[{"name":"wp","href":"https:\/\/api.w.org\/{rel}","templated":true}]}}