{"id":16771,"date":"2024-09-30T18:40:16","date_gmt":"2024-09-30T17:40:16","guid":{"rendered":"https:\/\/despensafranciscana.com\/?post_type=product&#038;p=16771"},"modified":"2025-03-07T16:12:35","modified_gmt":"2025-03-07T16:12:35","slug":"altas-quintas-crescendo-rose-2020","status":"publish","type":"product","link":"https:\/\/despensafranciscana.com\/fr\/loja\/altas-quintas-crescendo-rose-2020\/","title":{"rendered":"Altas Quintas Crescendo - Ros\u00e9 2020"},"content":{"rendered":"<p><strong>Terroir et viticulture<\/strong><br \/>\nLes vignobles Altas Quintas sont situ\u00e9s dans un terroir tr\u00e8s particulier. Elles sont situ\u00e9es \u00e0 600 m\u00e8tres d'altitude, sur un plateau qui se d\u00e9veloppe de mani\u00e8re unique, en plein milieu des vignes.<br \/>\nSerra de S\u00e3o Mamede. L'altitude, les conditions m\u00e9soclimatiques de cette zone et les sols \u00e0 potentiel productif moyen rendent cet endroit si particulier.<br \/>\nLe vignoble est g\u00e9r\u00e9 dans le cadre d'un programme de protection int\u00e9gr\u00e9e.<br \/>\nLes raisins de Touriga Nacional utilis\u00e9s pour ce vin ont \u00e9t\u00e9 cueillis \u00e0 la main dans les zones les plus fra\u00eeches du vignoble, dans des caisses de 20 kg. Ils ont \u00e9t\u00e9 rapidement transport\u00e9s jusqu'\u00e0 la cave. Les grappes et les baies ont \u00e9t\u00e9 tri\u00e9es \u00e0 l'entr\u00e9e de la cave.<\/p>\n<p><strong>Vinification<\/strong><br \/>\nLes raisins s\u00e9lectionn\u00e9s exclusivement pour la production de ce vin ros\u00e9 ont \u00e9t\u00e9 press\u00e9s directement \u00e0 basse pression. La fermentation s'est d\u00e9roul\u00e9e \u00e0 une temp\u00e9rature de 16\u00baC dans des cuves en acier inoxydable, suivie d'un vieillissement de 4 mois en f\u00fbts de ch\u00eane fran\u00e7ais.<\/p>\n<p><strong>Notes de d\u00e9gustation \/ Harmonisation<\/strong><br \/>\nDe couleur rose avec des nuances saumon\u00e9es, il pr\u00e9sente des ar\u00f4mes de petits fruits rouges (baies sauvages) et quelques notes florales.<br \/>\nEn bouche, il pr\u00e9sente une acidit\u00e9 vive et \u00e9quilibr\u00e9e, il est tr\u00e8s \u00e9l\u00e9gant et sa finale est de longueur moyenne.<br \/>\nC'est un vin de gastronomie qui peut accompagner des plats d'une certaine complexit\u00e9 ou simplement \u00eatre pris en ap\u00e9ritif.<br \/>\nUne temp\u00e9rature de service de 10\u00baC est recommand\u00e9e.<\/p>\n<p><strong>Caract\u00e9ristiques physiques et chimiques<\/strong><br \/>\nTaux d'alcool = 13,5%<br \/>\nPh = 3,46<br \/>\nAcidit\u00e9 totale = 5,4 g\/\/L (exprim\u00e9e en acide tartrique)<\/p>","protected":false},"excerpt":{"rendered":"<p><strong>FICHE TECHNIQUE DU VIN<\/strong><br \/>\nVin r\u00e9gional de l'Alentejo<br \/>\n<strong>Producteur<\/strong>: Altas Quintas, Lda.<br \/>\n<strong>\u0152nologie<\/strong>Jo\u00e3o Louren\u00e7o et son \u00e9quipe<br \/>\n<strong>C\u00e9pages<\/strong>Touriga Nacional (100%)<\/p>\n<p>&nbsp;<\/p>","protected":false},"featured_media":16773,"template":"","meta":[],"product_brand":[],"product_cat":[39],"product_tag":[],"class_list":{"0":"post-16771","1":"product","2":"type-product","3":"status-publish","4":"has-post-thumbnail","6":"product_cat-bebidas","8":"first","9":"instock","10":"taxable","11":"shipping-taxable","12":"purchasable","13":"product-type-simple"},"yoast_head":"<!-- This site is optimized with the Yoast SEO plugin v27.2 - https:\/\/yoast.com\/product\/yoast-seo-wordpress\/ -->\n<title>Altas Quintas Crescendo - Ros\u00e9 2020 - Despensa Franciscana<\/title>\n<meta name=\"robots\" content=\"index, follow, max-snippet:-1, max-image-preview:large, max-video-preview:-1\" \/>\n<link rel=\"canonical\" href=\"https:\/\/despensafranciscana.com\/fr\/loja\/altas-quintas-crescendo-rose-2020\/\" \/>\n<meta property=\"og:locale\" content=\"fr_FR\" \/>\n<meta property=\"og:type\" content=\"article\" \/>\n<meta property=\"og:title\" content=\"Altas Quintas Crescendo - Ros\u00e9 2020 - Despensa Franciscana\" \/>\n<meta property=\"og:description\" content=\"FICHA T\u00c9CNICA DO VINHO Vinho Regional Alentejano Produtor: Altas Quintas, Lda. Enologia: Jo\u00e3o Louren\u00e7o e equipa Castas: Touriga Nacional (100%)  &nbsp;\" \/>\n<meta property=\"og:url\" content=\"https:\/\/despensafranciscana.com\/fr\/loja\/altas-quintas-crescendo-rose-2020\/\" \/>\n<meta property=\"og:site_name\" content=\"Despensa Franciscana\" \/>\n<meta property=\"article:publisher\" content=\"https:\/\/www.facebook.com\/despensafranciscana\/\" \/>\n<meta property=\"article:modified_time\" content=\"2025-03-07T16:12:35+00:00\" \/>\n<meta property=\"og:image\" content=\"https:\/\/despensafranciscana.com\/wp-content\/uploads\/2024\/09\/rose-scaled.jpg\" \/>\n\t<meta property=\"og:image:width\" content=\"2560\" \/>\n\t<meta property=\"og:image:height\" content=\"2560\" \/>\n\t<meta property=\"og:image:type\" content=\"image\/jpeg\" \/>\n<meta name=\"twitter:card\" content=\"summary_large_image\" \/>\n<meta name=\"twitter:label1\" content=\"Dur\u00e9e de lecture estim\u00e9e\" \/>\n\t<meta name=\"twitter:data1\" content=\"1 minute\" \/>\n<script type=\"application\/ld+json\" class=\"yoast-schema-graph\">{\"@context\":\"https:\/\/schema.org\",\"@graph\":[{\"@type\":\"WebPage\",\"@id\":\"https:\/\/despensafranciscana.com\/loja\/altas-quintas-crescendo-rose-2020\/\",\"url\":\"https:\/\/despensafranciscana.com\/loja\/altas-quintas-crescendo-rose-2020\/\",\"name\":\"Altas Quintas Crescendo - Ros\u00e9 2020 - Despensa Franciscana\",\"isPartOf\":{\"@id\":\"https:\/\/despensafranciscana.com\/#website\"},\"primaryImageOfPage\":{\"@id\":\"https:\/\/despensafranciscana.com\/loja\/altas-quintas-crescendo-rose-2020\/#primaryimage\"},\"image\":{\"@id\":\"https:\/\/despensafranciscana.com\/loja\/altas-quintas-crescendo-rose-2020\/#primaryimage\"},\"thumbnailUrl\":\"https:\/\/despensafranciscana.com\/wp-content\/uploads\/2024\/09\/rose-scaled.jpg\",\"datePublished\":\"2024-09-30T17:40:16+00:00\",\"dateModified\":\"2025-03-07T16:12:35+00:00\",\"breadcrumb\":{\"@id\":\"https:\/\/despensafranciscana.com\/loja\/altas-quintas-crescendo-rose-2020\/#breadcrumb\"},\"inLanguage\":\"fr-FR\",\"potentialAction\":[{\"@type\":\"ReadAction\",\"target\":[\"https:\/\/despensafranciscana.com\/loja\/altas-quintas-crescendo-rose-2020\/\"]}]},{\"@type\":\"ImageObject\",\"inLanguage\":\"fr-FR\",\"@id\":\"https:\/\/despensafranciscana.com\/loja\/altas-quintas-crescendo-rose-2020\/#primaryimage\",\"url\":\"https:\/\/despensafranciscana.com\/wp-content\/uploads\/2024\/09\/rose-scaled.jpg\",\"contentUrl\":\"https:\/\/despensafranciscana.com\/wp-content\/uploads\/2024\/09\/rose-scaled.jpg\",\"width\":2560,\"height\":2560},{\"@type\":\"BreadcrumbList\",\"@id\":\"https:\/\/despensafranciscana.com\/loja\/altas-quintas-crescendo-rose-2020\/#breadcrumb\",\"itemListElement\":[{\"@type\":\"ListItem\",\"position\":1,\"name\":\"In\u00edcio\",\"item\":\"https:\/\/despensafranciscana.com\/\"},{\"@type\":\"ListItem\",\"position\":2,\"name\":\"Loja\",\"item\":\"https:\/\/despensafranciscana.com\/loja\/\"},{\"@type\":\"ListItem\",\"position\":3,\"name\":\"Altas Quintas Crescendo &#8211; Ros\u00e9 2020\"}]},{\"@type\":\"WebSite\",\"@id\":\"https:\/\/despensafranciscana.com\/#website\",\"url\":\"https:\/\/despensafranciscana.com\/\",\"name\":\"Despensa Franciscana\",\"description\":\"Despensa Franciscana\",\"publisher\":{\"@id\":\"https:\/\/despensafranciscana.com\/#organization\"},\"potentialAction\":[{\"@type\":\"SearchAction\",\"target\":{\"@type\":\"EntryPoint\",\"urlTemplate\":\"https:\/\/despensafranciscana.com\/?s={search_term_string}\"},\"query-input\":{\"@type\":\"PropertyValueSpecification\",\"valueRequired\":true,\"valueName\":\"search_term_string\"}}],\"inLanguage\":\"fr-FR\"},{\"@type\":\"Organization\",\"@id\":\"https:\/\/despensafranciscana.com\/#organization\",\"name\":\"Despensa Franciscana\",\"url\":\"https:\/\/despensafranciscana.com\/\",\"logo\":{\"@type\":\"ImageObject\",\"inLanguage\":\"fr-FR\",\"@id\":\"https:\/\/despensafranciscana.com\/#\/schema\/logo\/image\/\",\"url\":\"https:\/\/despensafranciscana.com\/wp-content\/uploads\/2025\/02\/despensa-franciscana-revamp-logos-8.png\",\"contentUrl\":\"https:\/\/despensafranciscana.com\/wp-content\/uploads\/2025\/02\/despensa-franciscana-revamp-logos-8.png\",\"width\":1920,\"height\":628,\"caption\":\"Despensa Franciscana\"},\"image\":{\"@id\":\"https:\/\/despensafranciscana.com\/#\/schema\/logo\/image\/\"},\"sameAs\":[\"https:\/\/www.facebook.com\/despensafranciscana\/\",\"https:\/\/www.instagram.com\/despensafranciscana\/\"]}]}<\/script>\n<!-- \/ Yoast SEO plugin. -->","yoast_head_json":{"title":"Altas Quintas Crescendo - Ros\u00e9 2020 - Despensa Franciscana","robots":{"index":"index","follow":"follow","max-snippet":"max-snippet:-1","max-image-preview":"max-image-preview:large","max-video-preview":"max-video-preview:-1"},"canonical":"https:\/\/despensafranciscana.com\/fr\/loja\/altas-quintas-crescendo-rose-2020\/","og_locale":"fr_FR","og_type":"article","og_title":"Altas Quintas Crescendo - Ros\u00e9 2020 - Despensa Franciscana","og_description":"FICHA T\u00c9CNICA DO VINHO Vinho Regional Alentejano Produtor: Altas Quintas, Lda. Enologia: Jo\u00e3o Louren\u00e7o e equipa Castas: Touriga Nacional (100%)  &nbsp;","og_url":"https:\/\/despensafranciscana.com\/fr\/loja\/altas-quintas-crescendo-rose-2020\/","og_site_name":"Despensa Franciscana","article_publisher":"https:\/\/www.facebook.com\/despensafranciscana\/","article_modified_time":"2025-03-07T16:12:35+00:00","og_image":[{"width":2560,"height":2560,"url":"https:\/\/despensafranciscana.com\/wp-content\/uploads\/2024\/09\/rose-scaled.jpg","type":"image\/jpeg"}],"twitter_card":"summary_large_image","twitter_misc":{"Dur\u00e9e de lecture estim\u00e9e":"1 minute"},"schema":{"@context":"https:\/\/schema.org","@graph":[{"@type":"WebPage","@id":"https:\/\/despensafranciscana.com\/loja\/altas-quintas-crescendo-rose-2020\/","url":"https:\/\/despensafranciscana.com\/loja\/altas-quintas-crescendo-rose-2020\/","name":"Altas Quintas Crescendo - Ros\u00e9 2020 - Despensa Franciscana","isPartOf":{"@id":"https:\/\/despensafranciscana.com\/#website"},"primaryImageOfPage":{"@id":"https:\/\/despensafranciscana.com\/loja\/altas-quintas-crescendo-rose-2020\/#primaryimage"},"image":{"@id":"https:\/\/despensafranciscana.com\/loja\/altas-quintas-crescendo-rose-2020\/#primaryimage"},"thumbnailUrl":"https:\/\/despensafranciscana.com\/wp-content\/uploads\/2024\/09\/rose-scaled.jpg","datePublished":"2024-09-30T17:40:16+00:00","dateModified":"2025-03-07T16:12:35+00:00","breadcrumb":{"@id":"https:\/\/despensafranciscana.com\/loja\/altas-quintas-crescendo-rose-2020\/#breadcrumb"},"inLanguage":"fr-FR","potentialAction":[{"@type":"ReadAction","target":["https:\/\/despensafranciscana.com\/loja\/altas-quintas-crescendo-rose-2020\/"]}]},{"@type":"ImageObject","inLanguage":"fr-FR","@id":"https:\/\/despensafranciscana.com\/loja\/altas-quintas-crescendo-rose-2020\/#primaryimage","url":"https:\/\/despensafranciscana.com\/wp-content\/uploads\/2024\/09\/rose-scaled.jpg","contentUrl":"https:\/\/despensafranciscana.com\/wp-content\/uploads\/2024\/09\/rose-scaled.jpg","width":2560,"height":2560},{"@type":"BreadcrumbList","@id":"https:\/\/despensafranciscana.com\/loja\/altas-quintas-crescendo-rose-2020\/#breadcrumb","itemListElement":[{"@type":"ListItem","position":1,"name":"In\u00edcio","item":"https:\/\/despensafranciscana.com\/"},{"@type":"ListItem","position":2,"name":"Loja","item":"https:\/\/despensafranciscana.com\/loja\/"},{"@type":"ListItem","position":3,"name":"Altas Quintas Crescendo &#8211; Ros\u00e9 2020"}]},{"@type":"WebSite","@id":"https:\/\/despensafranciscana.com\/#website","url":"https:\/\/despensafranciscana.com\/","name":"garde-manger franciscain","description":"garde-manger franciscain","publisher":{"@id":"https:\/\/despensafranciscana.com\/#organization"},"potentialAction":[{"@type":"SearchAction","target":{"@type":"EntryPoint","urlTemplate":"https:\/\/despensafranciscana.com\/?s={search_term_string}"},"query-input":{"@type":"PropertyValueSpecification","valueRequired":true,"valueName":"search_term_string"}}],"inLanguage":"fr-FR"},{"@type":"Organization","@id":"https:\/\/despensafranciscana.com\/#organization","name":"garde-manger franciscain","url":"https:\/\/despensafranciscana.com\/","logo":{"@type":"ImageObject","inLanguage":"fr-FR","@id":"https:\/\/despensafranciscana.com\/#\/schema\/logo\/image\/","url":"https:\/\/despensafranciscana.com\/wp-content\/uploads\/2025\/02\/despensa-franciscana-revamp-logos-8.png","contentUrl":"https:\/\/despensafranciscana.com\/wp-content\/uploads\/2025\/02\/despensa-franciscana-revamp-logos-8.png","width":1920,"height":628,"caption":"Despensa Franciscana"},"image":{"@id":"https:\/\/despensafranciscana.com\/#\/schema\/logo\/image\/"},"sameAs":["https:\/\/www.facebook.com\/despensafranciscana\/","https:\/\/www.instagram.com\/despensafranciscana\/"]}]}},"_links":{"self":[{"href":"https:\/\/despensafranciscana.com\/fr\/wp-json\/wp\/v2\/product\/16771","targetHints":{"allow":["GET"]}}],"collection":[{"href":"https:\/\/despensafranciscana.com\/fr\/wp-json\/wp\/v2\/product"}],"about":[{"href":"https:\/\/despensafranciscana.com\/fr\/wp-json\/wp\/v2\/types\/product"}],"wp:featuredmedia":[{"embeddable":true,"href":"https:\/\/despensafranciscana.com\/fr\/wp-json\/wp\/v2\/media\/16773"}],"wp:attachment":[{"href":"https:\/\/despensafranciscana.com\/fr\/wp-json\/wp\/v2\/media?parent=16771"}],"wp:term":[{"taxonomy":"product_brand","embeddable":true,"href":"https:\/\/despensafranciscana.com\/fr\/wp-json\/wp\/v2\/product_brand?post=16771"},{"taxonomy":"product_cat","embeddable":true,"href":"https:\/\/despensafranciscana.com\/fr\/wp-json\/wp\/v2\/product_cat?post=16771"},{"taxonomy":"product_tag","embeddable":true,"href":"https:\/\/despensafranciscana.com\/fr\/wp-json\/wp\/v2\/product_tag?post=16771"}],"curies":[{"name":"wp","href":"https:\/\/api.w.org\/{rel}","templated":true}]}}