{"id":16744,"date":"2024-09-17T23:23:32","date_gmt":"2024-09-17T22:23:32","guid":{"rendered":"https:\/\/despensafranciscana.com\/?post_type=product&#038;p=16744"},"modified":"2025-03-07T16:08:36","modified_gmt":"2025-03-07T16:08:36","slug":"arrelias-rose-2023","status":"publish","type":"product","link":"https:\/\/despensafranciscana.com\/fr\/loja\/arrelias-rose-2023\/","title":{"rendered":"Arrelias - Ros\u00e9 2023"},"content":{"rendered":"<ul>\n<li><strong>C\u00e9pages<\/strong>Les vins de l'Union europ\u00e9enne sont les suivants : Alicante Bouschet, Aragon\u00eas, Touriga Nacional, Trincadeira et Syrah.<\/li>\n<li><strong>Viniculture<\/strong>Densit\u00e9 de 4000 plantes\/ha. Situ\u00e9 dans la Serra de S\u00e3o Mamede, \u00e0 600 m\u00e8tres d'altitude, sur des sols schisteux.<\/li>\n<li>12,5%<\/li>\n<\/ul>\n<p>Ar\u00f4me de fruits rouges, avec une dominante de fraises. Bonne acidit\u00e9 en bouche, finale un peu longue, on en redemande.<br \/>\nUn vin tr\u00e8s polyvalent qui accompagne les plats de viande blanche, les fruits de mer, les plats de poisson ou simplement une discussion. \u00c9dition tr\u00e8s limit\u00e9e.<\/p>\n<p>La vente et la consommation de boissons alcoolis\u00e9es aux mineurs (18 ans) sont interdites. Selon N\u00ba. 1, article 3, du d\u00e9cret-loi 106\/2015, du 16 juin.<\/p>","protected":false},"excerpt":{"rendered":"<p>DOC Alentejo<\/p>","protected":false},"featured_media":16745,"template":"","meta":[],"product_brand":[],"product_cat":[39],"product_tag":[],"class_list":{"0":"post-16744","1":"product","2":"type-product","3":"status-publish","4":"has-post-thumbnail","6":"product_cat-bebidas","8":"first","9":"instock","10":"taxable","11":"shipping-taxable","12":"purchasable","13":"product-type-simple"},"yoast_head":"<!-- This site is optimized with the Yoast SEO plugin v27.2 - https:\/\/yoast.com\/product\/yoast-seo-wordpress\/ -->\n<title>Arrelias - Ros\u00e9 2023 - Despensa Franciscana<\/title>\n<meta name=\"robots\" content=\"index, follow, max-snippet:-1, max-image-preview:large, max-video-preview:-1\" \/>\n<link rel=\"canonical\" href=\"https:\/\/despensafranciscana.com\/fr\/loja\/arrelias-rose-2023\/\" \/>\n<meta property=\"og:locale\" content=\"fr_FR\" \/>\n<meta property=\"og:type\" content=\"article\" \/>\n<meta property=\"og:title\" content=\"Arrelias - Ros\u00e9 2023 - Despensa Franciscana\" \/>\n<meta property=\"og:description\" content=\"DOC Alentejo\" \/>\n<meta property=\"og:url\" content=\"https:\/\/despensafranciscana.com\/fr\/loja\/arrelias-rose-2023\/\" \/>\n<meta property=\"og:site_name\" content=\"Despensa Franciscana\" \/>\n<meta property=\"article:publisher\" content=\"https:\/\/www.facebook.com\/despensafranciscana\/\" \/>\n<meta property=\"article:modified_time\" content=\"2025-03-07T16:08:36+00:00\" \/>\n<meta property=\"og:image\" content=\"https:\/\/despensafranciscana.com\/wp-content\/uploads\/2024\/09\/arrelias_rose_square.png\" \/>\n\t<meta property=\"og:image:width\" content=\"3754\" \/>\n\t<meta property=\"og:image:height\" content=\"3754\" \/>\n\t<meta property=\"og:image:type\" content=\"image\/png\" \/>\n<meta name=\"twitter:card\" content=\"summary_large_image\" \/>\n<script type=\"application\/ld+json\" class=\"yoast-schema-graph\">{\"@context\":\"https:\/\/schema.org\",\"@graph\":[{\"@type\":\"WebPage\",\"@id\":\"https:\/\/despensafranciscana.com\/loja\/arrelias-rose-2023\/\",\"url\":\"https:\/\/despensafranciscana.com\/loja\/arrelias-rose-2023\/\",\"name\":\"Arrelias - Ros\u00e9 2023 - Despensa Franciscana\",\"isPartOf\":{\"@id\":\"https:\/\/despensafranciscana.com\/#website\"},\"primaryImageOfPage\":{\"@id\":\"https:\/\/despensafranciscana.com\/loja\/arrelias-rose-2023\/#primaryimage\"},\"image\":{\"@id\":\"https:\/\/despensafranciscana.com\/loja\/arrelias-rose-2023\/#primaryimage\"},\"thumbnailUrl\":\"https:\/\/despensafranciscana.com\/wp-content\/uploads\/2024\/09\/arrelias_rose_square.png\",\"datePublished\":\"2024-09-17T22:23:32+00:00\",\"dateModified\":\"2025-03-07T16:08:36+00:00\",\"breadcrumb\":{\"@id\":\"https:\/\/despensafranciscana.com\/loja\/arrelias-rose-2023\/#breadcrumb\"},\"inLanguage\":\"fr-FR\",\"potentialAction\":[{\"@type\":\"ReadAction\",\"target\":[\"https:\/\/despensafranciscana.com\/loja\/arrelias-rose-2023\/\"]}]},{\"@type\":\"ImageObject\",\"inLanguage\":\"fr-FR\",\"@id\":\"https:\/\/despensafranciscana.com\/loja\/arrelias-rose-2023\/#primaryimage\",\"url\":\"https:\/\/despensafranciscana.com\/wp-content\/uploads\/2024\/09\/arrelias_rose_square.png\",\"contentUrl\":\"https:\/\/despensafranciscana.com\/wp-content\/uploads\/2024\/09\/arrelias_rose_square.png\",\"width\":3754,\"height\":3754},{\"@type\":\"BreadcrumbList\",\"@id\":\"https:\/\/despensafranciscana.com\/loja\/arrelias-rose-2023\/#breadcrumb\",\"itemListElement\":[{\"@type\":\"ListItem\",\"position\":1,\"name\":\"In\u00edcio\",\"item\":\"https:\/\/despensafranciscana.com\/\"},{\"@type\":\"ListItem\",\"position\":2,\"name\":\"Loja\",\"item\":\"https:\/\/despensafranciscana.com\/loja\/\"},{\"@type\":\"ListItem\",\"position\":3,\"name\":\"Arrelias &#8211; Ros\u00e9 2023\"}]},{\"@type\":\"WebSite\",\"@id\":\"https:\/\/despensafranciscana.com\/#website\",\"url\":\"https:\/\/despensafranciscana.com\/\",\"name\":\"Despensa Franciscana\",\"description\":\"Despensa Franciscana\",\"publisher\":{\"@id\":\"https:\/\/despensafranciscana.com\/#organization\"},\"potentialAction\":[{\"@type\":\"SearchAction\",\"target\":{\"@type\":\"EntryPoint\",\"urlTemplate\":\"https:\/\/despensafranciscana.com\/?s={search_term_string}\"},\"query-input\":{\"@type\":\"PropertyValueSpecification\",\"valueRequired\":true,\"valueName\":\"search_term_string\"}}],\"inLanguage\":\"fr-FR\"},{\"@type\":\"Organization\",\"@id\":\"https:\/\/despensafranciscana.com\/#organization\",\"name\":\"Despensa Franciscana\",\"url\":\"https:\/\/despensafranciscana.com\/\",\"logo\":{\"@type\":\"ImageObject\",\"inLanguage\":\"fr-FR\",\"@id\":\"https:\/\/despensafranciscana.com\/#\/schema\/logo\/image\/\",\"url\":\"https:\/\/despensafranciscana.com\/wp-content\/uploads\/2025\/02\/despensa-franciscana-revamp-logos-8.png\",\"contentUrl\":\"https:\/\/despensafranciscana.com\/wp-content\/uploads\/2025\/02\/despensa-franciscana-revamp-logos-8.png\",\"width\":1920,\"height\":628,\"caption\":\"Despensa Franciscana\"},\"image\":{\"@id\":\"https:\/\/despensafranciscana.com\/#\/schema\/logo\/image\/\"},\"sameAs\":[\"https:\/\/www.facebook.com\/despensafranciscana\/\",\"https:\/\/www.instagram.com\/despensafranciscana\/\"]}]}<\/script>\n<!-- \/ Yoast SEO plugin. -->","yoast_head_json":{"title":"Arrelias - Ros\u00e9 2023 - Despensa Franciscana","robots":{"index":"index","follow":"follow","max-snippet":"max-snippet:-1","max-image-preview":"max-image-preview:large","max-video-preview":"max-video-preview:-1"},"canonical":"https:\/\/despensafranciscana.com\/fr\/loja\/arrelias-rose-2023\/","og_locale":"fr_FR","og_type":"article","og_title":"Arrelias - Ros\u00e9 2023 - Despensa Franciscana","og_description":"DOC Alentejo","og_url":"https:\/\/despensafranciscana.com\/fr\/loja\/arrelias-rose-2023\/","og_site_name":"Despensa Franciscana","article_publisher":"https:\/\/www.facebook.com\/despensafranciscana\/","article_modified_time":"2025-03-07T16:08:36+00:00","og_image":[{"width":3754,"height":3754,"url":"https:\/\/despensafranciscana.com\/wp-content\/uploads\/2024\/09\/arrelias_rose_square.png","type":"image\/png"}],"twitter_card":"summary_large_image","schema":{"@context":"https:\/\/schema.org","@graph":[{"@type":"WebPage","@id":"https:\/\/despensafranciscana.com\/loja\/arrelias-rose-2023\/","url":"https:\/\/despensafranciscana.com\/loja\/arrelias-rose-2023\/","name":"Arrelias - Ros\u00e9 2023 - Despensa Franciscana","isPartOf":{"@id":"https:\/\/despensafranciscana.com\/#website"},"primaryImageOfPage":{"@id":"https:\/\/despensafranciscana.com\/loja\/arrelias-rose-2023\/#primaryimage"},"image":{"@id":"https:\/\/despensafranciscana.com\/loja\/arrelias-rose-2023\/#primaryimage"},"thumbnailUrl":"https:\/\/despensafranciscana.com\/wp-content\/uploads\/2024\/09\/arrelias_rose_square.png","datePublished":"2024-09-17T22:23:32+00:00","dateModified":"2025-03-07T16:08:36+00:00","breadcrumb":{"@id":"https:\/\/despensafranciscana.com\/loja\/arrelias-rose-2023\/#breadcrumb"},"inLanguage":"fr-FR","potentialAction":[{"@type":"ReadAction","target":["https:\/\/despensafranciscana.com\/loja\/arrelias-rose-2023\/"]}]},{"@type":"ImageObject","inLanguage":"fr-FR","@id":"https:\/\/despensafranciscana.com\/loja\/arrelias-rose-2023\/#primaryimage","url":"https:\/\/despensafranciscana.com\/wp-content\/uploads\/2024\/09\/arrelias_rose_square.png","contentUrl":"https:\/\/despensafranciscana.com\/wp-content\/uploads\/2024\/09\/arrelias_rose_square.png","width":3754,"height":3754},{"@type":"BreadcrumbList","@id":"https:\/\/despensafranciscana.com\/loja\/arrelias-rose-2023\/#breadcrumb","itemListElement":[{"@type":"ListItem","position":1,"name":"In\u00edcio","item":"https:\/\/despensafranciscana.com\/"},{"@type":"ListItem","position":2,"name":"Loja","item":"https:\/\/despensafranciscana.com\/loja\/"},{"@type":"ListItem","position":3,"name":"Arrelias &#8211; Ros\u00e9 2023"}]},{"@type":"WebSite","@id":"https:\/\/despensafranciscana.com\/#website","url":"https:\/\/despensafranciscana.com\/","name":"garde-manger franciscain","description":"garde-manger franciscain","publisher":{"@id":"https:\/\/despensafranciscana.com\/#organization"},"potentialAction":[{"@type":"SearchAction","target":{"@type":"EntryPoint","urlTemplate":"https:\/\/despensafranciscana.com\/?s={search_term_string}"},"query-input":{"@type":"PropertyValueSpecification","valueRequired":true,"valueName":"search_term_string"}}],"inLanguage":"fr-FR"},{"@type":"Organization","@id":"https:\/\/despensafranciscana.com\/#organization","name":"garde-manger franciscain","url":"https:\/\/despensafranciscana.com\/","logo":{"@type":"ImageObject","inLanguage":"fr-FR","@id":"https:\/\/despensafranciscana.com\/#\/schema\/logo\/image\/","url":"https:\/\/despensafranciscana.com\/wp-content\/uploads\/2025\/02\/despensa-franciscana-revamp-logos-8.png","contentUrl":"https:\/\/despensafranciscana.com\/wp-content\/uploads\/2025\/02\/despensa-franciscana-revamp-logos-8.png","width":1920,"height":628,"caption":"Despensa Franciscana"},"image":{"@id":"https:\/\/despensafranciscana.com\/#\/schema\/logo\/image\/"},"sameAs":["https:\/\/www.facebook.com\/despensafranciscana\/","https:\/\/www.instagram.com\/despensafranciscana\/"]}]}},"_links":{"self":[{"href":"https:\/\/despensafranciscana.com\/fr\/wp-json\/wp\/v2\/product\/16744","targetHints":{"allow":["GET"]}}],"collection":[{"href":"https:\/\/despensafranciscana.com\/fr\/wp-json\/wp\/v2\/product"}],"about":[{"href":"https:\/\/despensafranciscana.com\/fr\/wp-json\/wp\/v2\/types\/product"}],"wp:featuredmedia":[{"embeddable":true,"href":"https:\/\/despensafranciscana.com\/fr\/wp-json\/wp\/v2\/media\/16745"}],"wp:attachment":[{"href":"https:\/\/despensafranciscana.com\/fr\/wp-json\/wp\/v2\/media?parent=16744"}],"wp:term":[{"taxonomy":"product_brand","embeddable":true,"href":"https:\/\/despensafranciscana.com\/fr\/wp-json\/wp\/v2\/product_brand?post=16744"},{"taxonomy":"product_cat","embeddable":true,"href":"https:\/\/despensafranciscana.com\/fr\/wp-json\/wp\/v2\/product_cat?post=16744"},{"taxonomy":"product_tag","embeddable":true,"href":"https:\/\/despensafranciscana.com\/fr\/wp-json\/wp\/v2\/product_tag?post=16744"}],"curies":[{"name":"wp","href":"https:\/\/api.w.org\/{rel}","templated":true}]}}