{"id":16670,"date":"2024-07-23T10:31:23","date_gmt":"2024-07-23T09:31:23","guid":{"rendered":"https:\/\/despensafranciscana.com\/?post_type=product&#038;p=16670"},"modified":"2026-02-06T14:31:52","modified_gmt":"2026-02-06T14:31:52","slug":"lip-balm-hidratante-de-ginjinha","status":"publish","type":"product","link":"https:\/\/despensafranciscana.com\/fr\/loja\/lip-balm-hidratante-de-ginjinha\/","title":{"rendered":"Baume \u00e0 l\u00e8vres hydratant \u00e0 la cerise acide"},"content":{"rendered":"","protected":false},"excerpt":{"rendered":"<p>Artisanal, fait avec notre ginjinha franciscaine et des ingr\u00e9dients soigneusement s\u00e9lectionn\u00e9s :<br \/>\n\ud83c\udf6b Beurre de cacao ;<br \/>\n\ud83d\udc1d Cire d'abeille ;<br \/>\nHuile d'amande douce ;<br \/>\n\ud83e\udd65 Huile de noix de coco,<br \/>\n\ud83c\udf52Ginjinha Franciscana.<\/p>","protected":false},"featured_media":17306,"template":"","meta":[],"product_brand":[],"product_cat":[142],"product_tag":[],"class_list":{"0":"post-16670","1":"product","2":"type-product","3":"status-publish","4":"has-post-thumbnail","6":"product_cat-cosmetica-e-bem-estar","8":"first","9":"instock","10":"taxable","11":"shipping-taxable","12":"purchasable","13":"product-type-simple"},"yoast_head":"<!-- This site is optimized with the Yoast SEO plugin v27.2 - https:\/\/yoast.com\/product\/yoast-seo-wordpress\/ -->\n<title>Lip Balm hidratante de Ginjinha - Despensa Franciscana<\/title>\n<meta name=\"robots\" content=\"index, follow, max-snippet:-1, max-image-preview:large, max-video-preview:-1\" \/>\n<link rel=\"canonical\" href=\"https:\/\/despensafranciscana.com\/fr\/loja\/lip-balm-hidratante-de-ginjinha\/\" \/>\n<meta property=\"og:locale\" content=\"fr_FR\" \/>\n<meta property=\"og:type\" content=\"article\" \/>\n<meta property=\"og:title\" content=\"Lip Balm hidratante de Ginjinha - Despensa Franciscana\" \/>\n<meta property=\"og:description\" content=\"Artesanal, feito com a nossa ginjinha Franciscana e com ingredientes cuidadosamente selecionados: \ud83c\udf6b Manteiga de cacau; \ud83d\udc1d Cera de abelha; \ud83c\udf30\u00d3leo de am\u00eandoas doces; \ud83e\udd65\u00d3leo de coco, \ud83c\udf52Ginjinha Franciscana.\" \/>\n<meta property=\"og:url\" content=\"https:\/\/despensafranciscana.com\/fr\/loja\/lip-balm-hidratante-de-ginjinha\/\" \/>\n<meta property=\"og:site_name\" content=\"Despensa Franciscana\" \/>\n<meta property=\"article:publisher\" content=\"https:\/\/www.facebook.com\/despensafranciscana\/\" \/>\n<meta property=\"article:modified_time\" content=\"2026-02-06T14:31:52+00:00\" \/>\n<meta property=\"og:image\" content=\"https:\/\/despensafranciscana.com\/wp-content\/uploads\/2024\/07\/LipBalm.jpg\" \/>\n\t<meta property=\"og:image:width\" content=\"1500\" \/>\n\t<meta property=\"og:image:height\" content=\"1500\" \/>\n\t<meta property=\"og:image:type\" content=\"image\/jpeg\" \/>\n<meta name=\"twitter:card\" content=\"summary_large_image\" \/>\n<meta name=\"twitter:label1\" content=\"Dur\u00e9e de lecture estim\u00e9e\" \/>\n\t<meta name=\"twitter:data1\" content=\"1 minute\" \/>\n<script type=\"application\/ld+json\" class=\"yoast-schema-graph\">{\"@context\":\"https:\/\/schema.org\",\"@graph\":[{\"@type\":\"WebPage\",\"@id\":\"https:\/\/despensafranciscana.com\/loja\/lip-balm-hidratante-de-ginjinha\/\",\"url\":\"https:\/\/despensafranciscana.com\/loja\/lip-balm-hidratante-de-ginjinha\/\",\"name\":\"Lip Balm hidratante de Ginjinha - Despensa Franciscana\",\"isPartOf\":{\"@id\":\"https:\/\/despensafranciscana.com\/#website\"},\"primaryImageOfPage\":{\"@id\":\"https:\/\/despensafranciscana.com\/loja\/lip-balm-hidratante-de-ginjinha\/#primaryimage\"},\"image\":{\"@id\":\"https:\/\/despensafranciscana.com\/loja\/lip-balm-hidratante-de-ginjinha\/#primaryimage\"},\"thumbnailUrl\":\"https:\/\/despensafranciscana.com\/wp-content\/uploads\/2024\/07\/LipBalm.jpg\",\"datePublished\":\"2024-07-23T09:31:23+00:00\",\"dateModified\":\"2026-02-06T14:31:52+00:00\",\"breadcrumb\":{\"@id\":\"https:\/\/despensafranciscana.com\/loja\/lip-balm-hidratante-de-ginjinha\/#breadcrumb\"},\"inLanguage\":\"fr-FR\",\"potentialAction\":[{\"@type\":\"ReadAction\",\"target\":[\"https:\/\/despensafranciscana.com\/loja\/lip-balm-hidratante-de-ginjinha\/\"]}]},{\"@type\":\"ImageObject\",\"inLanguage\":\"fr-FR\",\"@id\":\"https:\/\/despensafranciscana.com\/loja\/lip-balm-hidratante-de-ginjinha\/#primaryimage\",\"url\":\"https:\/\/despensafranciscana.com\/wp-content\/uploads\/2024\/07\/LipBalm.jpg\",\"contentUrl\":\"https:\/\/despensafranciscana.com\/wp-content\/uploads\/2024\/07\/LipBalm.jpg\",\"width\":1500,\"height\":1500},{\"@type\":\"BreadcrumbList\",\"@id\":\"https:\/\/despensafranciscana.com\/loja\/lip-balm-hidratante-de-ginjinha\/#breadcrumb\",\"itemListElement\":[{\"@type\":\"ListItem\",\"position\":1,\"name\":\"In\u00edcio\",\"item\":\"https:\/\/despensafranciscana.com\/\"},{\"@type\":\"ListItem\",\"position\":2,\"name\":\"Loja\",\"item\":\"https:\/\/despensafranciscana.com\/loja\/\"},{\"@type\":\"ListItem\",\"position\":3,\"name\":\"Lip Balm hidratante de Ginjinha\"}]},{\"@type\":\"WebSite\",\"@id\":\"https:\/\/despensafranciscana.com\/#website\",\"url\":\"https:\/\/despensafranciscana.com\/\",\"name\":\"Despensa Franciscana\",\"description\":\"Despensa Franciscana\",\"publisher\":{\"@id\":\"https:\/\/despensafranciscana.com\/#organization\"},\"potentialAction\":[{\"@type\":\"SearchAction\",\"target\":{\"@type\":\"EntryPoint\",\"urlTemplate\":\"https:\/\/despensafranciscana.com\/?s={search_term_string}\"},\"query-input\":{\"@type\":\"PropertyValueSpecification\",\"valueRequired\":true,\"valueName\":\"search_term_string\"}}],\"inLanguage\":\"fr-FR\"},{\"@type\":\"Organization\",\"@id\":\"https:\/\/despensafranciscana.com\/#organization\",\"name\":\"Despensa Franciscana\",\"url\":\"https:\/\/despensafranciscana.com\/\",\"logo\":{\"@type\":\"ImageObject\",\"inLanguage\":\"fr-FR\",\"@id\":\"https:\/\/despensafranciscana.com\/#\/schema\/logo\/image\/\",\"url\":\"https:\/\/despensafranciscana.com\/wp-content\/uploads\/2025\/02\/despensa-franciscana-revamp-logos-8.png\",\"contentUrl\":\"https:\/\/despensafranciscana.com\/wp-content\/uploads\/2025\/02\/despensa-franciscana-revamp-logos-8.png\",\"width\":1920,\"height\":628,\"caption\":\"Despensa Franciscana\"},\"image\":{\"@id\":\"https:\/\/despensafranciscana.com\/#\/schema\/logo\/image\/\"},\"sameAs\":[\"https:\/\/www.facebook.com\/despensafranciscana\/\",\"https:\/\/www.instagram.com\/despensafranciscana\/\"]}]}<\/script>\n<!-- \/ Yoast SEO plugin. -->","yoast_head_json":{"title":"Lip Balm hidratante de Ginjinha - Despensa Franciscana","robots":{"index":"index","follow":"follow","max-snippet":"max-snippet:-1","max-image-preview":"max-image-preview:large","max-video-preview":"max-video-preview:-1"},"canonical":"https:\/\/despensafranciscana.com\/fr\/loja\/lip-balm-hidratante-de-ginjinha\/","og_locale":"fr_FR","og_type":"article","og_title":"Lip Balm hidratante de Ginjinha - Despensa Franciscana","og_description":"Artesanal, feito com a nossa ginjinha Franciscana e com ingredientes cuidadosamente selecionados: \ud83c\udf6b Manteiga de cacau; \ud83d\udc1d Cera de abelha; \ud83c\udf30\u00d3leo de am\u00eandoas doces; \ud83e\udd65\u00d3leo de coco, \ud83c\udf52Ginjinha Franciscana.","og_url":"https:\/\/despensafranciscana.com\/fr\/loja\/lip-balm-hidratante-de-ginjinha\/","og_site_name":"Despensa Franciscana","article_publisher":"https:\/\/www.facebook.com\/despensafranciscana\/","article_modified_time":"2026-02-06T14:31:52+00:00","og_image":[{"width":1500,"height":1500,"url":"https:\/\/despensafranciscana.com\/wp-content\/uploads\/2024\/07\/LipBalm.jpg","type":"image\/jpeg"}],"twitter_card":"summary_large_image","twitter_misc":{"Dur\u00e9e de lecture estim\u00e9e":"1 minute"},"schema":{"@context":"https:\/\/schema.org","@graph":[{"@type":"WebPage","@id":"https:\/\/despensafranciscana.com\/loja\/lip-balm-hidratante-de-ginjinha\/","url":"https:\/\/despensafranciscana.com\/loja\/lip-balm-hidratante-de-ginjinha\/","name":"Lip Balm hidratante de Ginjinha - Despensa Franciscana","isPartOf":{"@id":"https:\/\/despensafranciscana.com\/#website"},"primaryImageOfPage":{"@id":"https:\/\/despensafranciscana.com\/loja\/lip-balm-hidratante-de-ginjinha\/#primaryimage"},"image":{"@id":"https:\/\/despensafranciscana.com\/loja\/lip-balm-hidratante-de-ginjinha\/#primaryimage"},"thumbnailUrl":"https:\/\/despensafranciscana.com\/wp-content\/uploads\/2024\/07\/LipBalm.jpg","datePublished":"2024-07-23T09:31:23+00:00","dateModified":"2026-02-06T14:31:52+00:00","breadcrumb":{"@id":"https:\/\/despensafranciscana.com\/loja\/lip-balm-hidratante-de-ginjinha\/#breadcrumb"},"inLanguage":"fr-FR","potentialAction":[{"@type":"ReadAction","target":["https:\/\/despensafranciscana.com\/loja\/lip-balm-hidratante-de-ginjinha\/"]}]},{"@type":"ImageObject","inLanguage":"fr-FR","@id":"https:\/\/despensafranciscana.com\/loja\/lip-balm-hidratante-de-ginjinha\/#primaryimage","url":"https:\/\/despensafranciscana.com\/wp-content\/uploads\/2024\/07\/LipBalm.jpg","contentUrl":"https:\/\/despensafranciscana.com\/wp-content\/uploads\/2024\/07\/LipBalm.jpg","width":1500,"height":1500},{"@type":"BreadcrumbList","@id":"https:\/\/despensafranciscana.com\/loja\/lip-balm-hidratante-de-ginjinha\/#breadcrumb","itemListElement":[{"@type":"ListItem","position":1,"name":"In\u00edcio","item":"https:\/\/despensafranciscana.com\/"},{"@type":"ListItem","position":2,"name":"Loja","item":"https:\/\/despensafranciscana.com\/loja\/"},{"@type":"ListItem","position":3,"name":"Lip Balm hidratante de Ginjinha"}]},{"@type":"WebSite","@id":"https:\/\/despensafranciscana.com\/#website","url":"https:\/\/despensafranciscana.com\/","name":"garde-manger franciscain","description":"garde-manger franciscain","publisher":{"@id":"https:\/\/despensafranciscana.com\/#organization"},"potentialAction":[{"@type":"SearchAction","target":{"@type":"EntryPoint","urlTemplate":"https:\/\/despensafranciscana.com\/?s={search_term_string}"},"query-input":{"@type":"PropertyValueSpecification","valueRequired":true,"valueName":"search_term_string"}}],"inLanguage":"fr-FR"},{"@type":"Organization","@id":"https:\/\/despensafranciscana.com\/#organization","name":"garde-manger franciscain","url":"https:\/\/despensafranciscana.com\/","logo":{"@type":"ImageObject","inLanguage":"fr-FR","@id":"https:\/\/despensafranciscana.com\/#\/schema\/logo\/image\/","url":"https:\/\/despensafranciscana.com\/wp-content\/uploads\/2025\/02\/despensa-franciscana-revamp-logos-8.png","contentUrl":"https:\/\/despensafranciscana.com\/wp-content\/uploads\/2025\/02\/despensa-franciscana-revamp-logos-8.png","width":1920,"height":628,"caption":"Despensa Franciscana"},"image":{"@id":"https:\/\/despensafranciscana.com\/#\/schema\/logo\/image\/"},"sameAs":["https:\/\/www.facebook.com\/despensafranciscana\/","https:\/\/www.instagram.com\/despensafranciscana\/"]}]}},"_links":{"self":[{"href":"https:\/\/despensafranciscana.com\/fr\/wp-json\/wp\/v2\/product\/16670","targetHints":{"allow":["GET"]}}],"collection":[{"href":"https:\/\/despensafranciscana.com\/fr\/wp-json\/wp\/v2\/product"}],"about":[{"href":"https:\/\/despensafranciscana.com\/fr\/wp-json\/wp\/v2\/types\/product"}],"wp:featuredmedia":[{"embeddable":true,"href":"https:\/\/despensafranciscana.com\/fr\/wp-json\/wp\/v2\/media\/17306"}],"wp:attachment":[{"href":"https:\/\/despensafranciscana.com\/fr\/wp-json\/wp\/v2\/media?parent=16670"}],"wp:term":[{"taxonomy":"product_brand","embeddable":true,"href":"https:\/\/despensafranciscana.com\/fr\/wp-json\/wp\/v2\/product_brand?post=16670"},{"taxonomy":"product_cat","embeddable":true,"href":"https:\/\/despensafranciscana.com\/fr\/wp-json\/wp\/v2\/product_cat?post=16670"},{"taxonomy":"product_tag","embeddable":true,"href":"https:\/\/despensafranciscana.com\/fr\/wp-json\/wp\/v2\/product_tag?post=16670"}],"curies":[{"name":"wp","href":"https:\/\/api.w.org\/{rel}","templated":true}]}}