{"id":16468,"date":"2021-05-20T11:20:43","date_gmt":"2021-05-20T10:20:43","guid":{"rendered":"https:\/\/despensafranciscana.com\/?post_type=product&#038;p=16468"},"modified":"2026-03-13T10:02:10","modified_gmt":"2026-03-13T10:02:10","slug":"mel-multifloral-monte-novo","status":"publish","type":"product","link":"https:\/\/despensafranciscana.com\/fr\/loja\/mel-multifloral-monte-novo\/","title":{"rendered":"Miel multifloral de Monte Novo"},"content":{"rendered":"","protected":false},"excerpt":{"rendered":"<p>Le miel de Monte Novo est produit de mani\u00e8re biologique \u00e0 partir de ruches situ\u00e9es dans le parc naturel de la Serra de S. Mamede et porte le label Natural.PT. Le miel est l'un des aliments les plus complets de la nature, car il est tr\u00e8s riche en calcium, phosphore, hydrates de carbone, vitamines, sels min\u00e9raux, prot\u00e9ines et acides amin\u00e9s facilement digestibles. Tout miel, non m\u00e9lang\u00e9 et de bonne qualit\u00e9, a tendance \u00e0 cristalliser, ce qui est son meilleur \u00e9tat pour la conservation et la consommation alimentaire. La consommation r\u00e9guli\u00e8re de miel contribue \u00e0 l'am\u00e9lioration de la sant\u00e9. Le miel multifloral de Monte Novo est une marque biologique de haute qualit\u00e9 !<\/p>","protected":false},"featured_media":16476,"template":"","meta":[],"product_brand":[],"product_cat":[40],"product_tag":[],"class_list":{"0":"post-16468","1":"product","2":"type-product","3":"status-publish","4":"has-post-thumbnail","6":"product_cat-petiscos","8":"first","9":"instock","10":"taxable","11":"shipping-taxable","12":"purchasable","13":"product-type-variable"},"yoast_head":"<!-- This site is optimized with the Yoast SEO plugin v27.2 - https:\/\/yoast.com\/product\/yoast-seo-wordpress\/ -->\n<title>Mel Multifloral Monte Novo - Despensa Franciscana<\/title>\n<meta name=\"robots\" content=\"index, follow, max-snippet:-1, max-image-preview:large, max-video-preview:-1\" \/>\n<link rel=\"canonical\" href=\"https:\/\/despensafranciscana.com\/fr\/loja\/mel-multifloral-monte-novo\/\" \/>\n<meta property=\"og:locale\" content=\"fr_FR\" \/>\n<meta property=\"og:type\" content=\"article\" \/>\n<meta property=\"og:title\" content=\"Mel Multifloral Monte Novo - Despensa Franciscana\" \/>\n<meta property=\"og:description\" content=\"A partir de colmeias localizadas no Parque Natural da Serra de S. Mamede, surge o mel Monte Novo em modo de produ\u00e7\u00e3o biol\u00f3gica, detentor do selo Natural.PT. O mel \u00e9 um dos alimentos mais completos da natureza, sendo muito rico em c\u00e1lcio, f\u00f3sforo, hidratos de carbono, vitaminas, sais minerais, prote\u00ednas e amino\u00e1cidos de f\u00e1cil digest\u00e3o. Todo o mel, sem mistura e de boa qualidade, tende a cristalizar, sendo este, o seu estado em melhores condi\u00e7\u00f5es de conserva\u00e7\u00e3o e consumo alimentar. Ingerir mel regularmente ajuda a melhorar a sua sa\u00fade. Mel Multifloral Monte Novo \u00e9 uma marca biol\u00f3gica de alta qualidade!\" \/>\n<meta property=\"og:url\" content=\"https:\/\/despensafranciscana.com\/fr\/loja\/mel-multifloral-monte-novo\/\" \/>\n<meta property=\"og:site_name\" content=\"Despensa Franciscana\" \/>\n<meta property=\"article:publisher\" content=\"https:\/\/www.facebook.com\/despensafranciscana\/\" \/>\n<meta property=\"article:modified_time\" content=\"2026-03-13T10:02:10+00:00\" \/>\n<meta property=\"og:image\" content=\"https:\/\/despensafranciscana.com\/wp-content\/uploads\/2024\/04\/mel_todos.jpg\" \/>\n\t<meta property=\"og:image:width\" content=\"1024\" \/>\n\t<meta property=\"og:image:height\" content=\"1024\" \/>\n\t<meta property=\"og:image:type\" content=\"image\/jpeg\" \/>\n<meta name=\"twitter:card\" content=\"summary_large_image\" \/>\n<meta name=\"twitter:label1\" content=\"Dur\u00e9e de lecture estim\u00e9e\" \/>\n\t<meta name=\"twitter:data1\" content=\"1 minute\" \/>\n<script type=\"application\/ld+json\" class=\"yoast-schema-graph\">{\"@context\":\"https:\/\/schema.org\",\"@graph\":[{\"@type\":\"WebPage\",\"@id\":\"https:\/\/despensafranciscana.com\/loja\/mel-multifloral-monte-novo\/\",\"url\":\"https:\/\/despensafranciscana.com\/loja\/mel-multifloral-monte-novo\/\",\"name\":\"Mel Multifloral Monte Novo - Despensa Franciscana\",\"isPartOf\":{\"@id\":\"https:\/\/despensafranciscana.com\/#website\"},\"primaryImageOfPage\":{\"@id\":\"https:\/\/despensafranciscana.com\/loja\/mel-multifloral-monte-novo\/#primaryimage\"},\"image\":{\"@id\":\"https:\/\/despensafranciscana.com\/loja\/mel-multifloral-monte-novo\/#primaryimage\"},\"thumbnailUrl\":\"https:\/\/despensafranciscana.com\/wp-content\/uploads\/2024\/04\/mel_todos.jpg\",\"datePublished\":\"2021-05-20T10:20:43+00:00\",\"dateModified\":\"2026-03-13T10:02:10+00:00\",\"breadcrumb\":{\"@id\":\"https:\/\/despensafranciscana.com\/loja\/mel-multifloral-monte-novo\/#breadcrumb\"},\"inLanguage\":\"fr-FR\",\"potentialAction\":[{\"@type\":\"ReadAction\",\"target\":[\"https:\/\/despensafranciscana.com\/loja\/mel-multifloral-monte-novo\/\"]}]},{\"@type\":\"ImageObject\",\"inLanguage\":\"fr-FR\",\"@id\":\"https:\/\/despensafranciscana.com\/loja\/mel-multifloral-monte-novo\/#primaryimage\",\"url\":\"https:\/\/despensafranciscana.com\/wp-content\/uploads\/2024\/04\/mel_todos.jpg\",\"contentUrl\":\"https:\/\/despensafranciscana.com\/wp-content\/uploads\/2024\/04\/mel_todos.jpg\",\"width\":1024,\"height\":1024},{\"@type\":\"BreadcrumbList\",\"@id\":\"https:\/\/despensafranciscana.com\/loja\/mel-multifloral-monte-novo\/#breadcrumb\",\"itemListElement\":[{\"@type\":\"ListItem\",\"position\":1,\"name\":\"In\u00edcio\",\"item\":\"https:\/\/despensafranciscana.com\/\"},{\"@type\":\"ListItem\",\"position\":2,\"name\":\"Loja\",\"item\":\"https:\/\/despensafranciscana.com\/loja\/\"},{\"@type\":\"ListItem\",\"position\":3,\"name\":\"Mel Multifloral Monte Novo\"}]},{\"@type\":\"WebSite\",\"@id\":\"https:\/\/despensafranciscana.com\/#website\",\"url\":\"https:\/\/despensafranciscana.com\/\",\"name\":\"Despensa Franciscana\",\"description\":\"Despensa Franciscana\",\"publisher\":{\"@id\":\"https:\/\/despensafranciscana.com\/#organization\"},\"potentialAction\":[{\"@type\":\"SearchAction\",\"target\":{\"@type\":\"EntryPoint\",\"urlTemplate\":\"https:\/\/despensafranciscana.com\/?s={search_term_string}\"},\"query-input\":{\"@type\":\"PropertyValueSpecification\",\"valueRequired\":true,\"valueName\":\"search_term_string\"}}],\"inLanguage\":\"fr-FR\"},{\"@type\":\"Organization\",\"@id\":\"https:\/\/despensafranciscana.com\/#organization\",\"name\":\"Despensa Franciscana\",\"url\":\"https:\/\/despensafranciscana.com\/\",\"logo\":{\"@type\":\"ImageObject\",\"inLanguage\":\"fr-FR\",\"@id\":\"https:\/\/despensafranciscana.com\/#\/schema\/logo\/image\/\",\"url\":\"https:\/\/despensafranciscana.com\/wp-content\/uploads\/2025\/02\/despensa-franciscana-revamp-logos-8.png\",\"contentUrl\":\"https:\/\/despensafranciscana.com\/wp-content\/uploads\/2025\/02\/despensa-franciscana-revamp-logos-8.png\",\"width\":1920,\"height\":628,\"caption\":\"Despensa Franciscana\"},\"image\":{\"@id\":\"https:\/\/despensafranciscana.com\/#\/schema\/logo\/image\/\"},\"sameAs\":[\"https:\/\/www.facebook.com\/despensafranciscana\/\",\"https:\/\/www.instagram.com\/despensafranciscana\/\"]}]}<\/script>\n<!-- \/ Yoast SEO plugin. -->","yoast_head_json":{"title":"Mel Multifloral Monte Novo - Despensa Franciscana","robots":{"index":"index","follow":"follow","max-snippet":"max-snippet:-1","max-image-preview":"max-image-preview:large","max-video-preview":"max-video-preview:-1"},"canonical":"https:\/\/despensafranciscana.com\/fr\/loja\/mel-multifloral-monte-novo\/","og_locale":"fr_FR","og_type":"article","og_title":"Mel Multifloral Monte Novo - Despensa Franciscana","og_description":"A partir de colmeias localizadas no Parque Natural da Serra de S. Mamede, surge o mel Monte Novo em modo de produ\u00e7\u00e3o biol\u00f3gica, detentor do selo Natural.PT. O mel \u00e9 um dos alimentos mais completos da natureza, sendo muito rico em c\u00e1lcio, f\u00f3sforo, hidratos de carbono, vitaminas, sais minerais, prote\u00ednas e amino\u00e1cidos de f\u00e1cil digest\u00e3o. Todo o mel, sem mistura e de boa qualidade, tende a cristalizar, sendo este, o seu estado em melhores condi\u00e7\u00f5es de conserva\u00e7\u00e3o e consumo alimentar. Ingerir mel regularmente ajuda a melhorar a sua sa\u00fade. Mel Multifloral Monte Novo \u00e9 uma marca biol\u00f3gica de alta qualidade!","og_url":"https:\/\/despensafranciscana.com\/fr\/loja\/mel-multifloral-monte-novo\/","og_site_name":"Despensa Franciscana","article_publisher":"https:\/\/www.facebook.com\/despensafranciscana\/","article_modified_time":"2026-03-13T10:02:10+00:00","og_image":[{"width":1024,"height":1024,"url":"https:\/\/despensafranciscana.com\/wp-content\/uploads\/2024\/04\/mel_todos.jpg","type":"image\/jpeg"}],"twitter_card":"summary_large_image","twitter_misc":{"Dur\u00e9e de lecture estim\u00e9e":"1 minute"},"schema":{"@context":"https:\/\/schema.org","@graph":[{"@type":"WebPage","@id":"https:\/\/despensafranciscana.com\/loja\/mel-multifloral-monte-novo\/","url":"https:\/\/despensafranciscana.com\/loja\/mel-multifloral-monte-novo\/","name":"Mel Multifloral Monte Novo - Despensa Franciscana","isPartOf":{"@id":"https:\/\/despensafranciscana.com\/#website"},"primaryImageOfPage":{"@id":"https:\/\/despensafranciscana.com\/loja\/mel-multifloral-monte-novo\/#primaryimage"},"image":{"@id":"https:\/\/despensafranciscana.com\/loja\/mel-multifloral-monte-novo\/#primaryimage"},"thumbnailUrl":"https:\/\/despensafranciscana.com\/wp-content\/uploads\/2024\/04\/mel_todos.jpg","datePublished":"2021-05-20T10:20:43+00:00","dateModified":"2026-03-13T10:02:10+00:00","breadcrumb":{"@id":"https:\/\/despensafranciscana.com\/loja\/mel-multifloral-monte-novo\/#breadcrumb"},"inLanguage":"fr-FR","potentialAction":[{"@type":"ReadAction","target":["https:\/\/despensafranciscana.com\/loja\/mel-multifloral-monte-novo\/"]}]},{"@type":"ImageObject","inLanguage":"fr-FR","@id":"https:\/\/despensafranciscana.com\/loja\/mel-multifloral-monte-novo\/#primaryimage","url":"https:\/\/despensafranciscana.com\/wp-content\/uploads\/2024\/04\/mel_todos.jpg","contentUrl":"https:\/\/despensafranciscana.com\/wp-content\/uploads\/2024\/04\/mel_todos.jpg","width":1024,"height":1024},{"@type":"BreadcrumbList","@id":"https:\/\/despensafranciscana.com\/loja\/mel-multifloral-monte-novo\/#breadcrumb","itemListElement":[{"@type":"ListItem","position":1,"name":"In\u00edcio","item":"https:\/\/despensafranciscana.com\/"},{"@type":"ListItem","position":2,"name":"Loja","item":"https:\/\/despensafranciscana.com\/loja\/"},{"@type":"ListItem","position":3,"name":"Mel Multifloral Monte Novo"}]},{"@type":"WebSite","@id":"https:\/\/despensafranciscana.com\/#website","url":"https:\/\/despensafranciscana.com\/","name":"garde-manger franciscain","description":"garde-manger franciscain","publisher":{"@id":"https:\/\/despensafranciscana.com\/#organization"},"potentialAction":[{"@type":"SearchAction","target":{"@type":"EntryPoint","urlTemplate":"https:\/\/despensafranciscana.com\/?s={search_term_string}"},"query-input":{"@type":"PropertyValueSpecification","valueRequired":true,"valueName":"search_term_string"}}],"inLanguage":"fr-FR"},{"@type":"Organization","@id":"https:\/\/despensafranciscana.com\/#organization","name":"garde-manger franciscain","url":"https:\/\/despensafranciscana.com\/","logo":{"@type":"ImageObject","inLanguage":"fr-FR","@id":"https:\/\/despensafranciscana.com\/#\/schema\/logo\/image\/","url":"https:\/\/despensafranciscana.com\/wp-content\/uploads\/2025\/02\/despensa-franciscana-revamp-logos-8.png","contentUrl":"https:\/\/despensafranciscana.com\/wp-content\/uploads\/2025\/02\/despensa-franciscana-revamp-logos-8.png","width":1920,"height":628,"caption":"Despensa Franciscana"},"image":{"@id":"https:\/\/despensafranciscana.com\/#\/schema\/logo\/image\/"},"sameAs":["https:\/\/www.facebook.com\/despensafranciscana\/","https:\/\/www.instagram.com\/despensafranciscana\/"]}]}},"_links":{"self":[{"href":"https:\/\/despensafranciscana.com\/fr\/wp-json\/wp\/v2\/product\/16468","targetHints":{"allow":["GET"]}}],"collection":[{"href":"https:\/\/despensafranciscana.com\/fr\/wp-json\/wp\/v2\/product"}],"about":[{"href":"https:\/\/despensafranciscana.com\/fr\/wp-json\/wp\/v2\/types\/product"}],"wp:featuredmedia":[{"embeddable":true,"href":"https:\/\/despensafranciscana.com\/fr\/wp-json\/wp\/v2\/media\/16476"}],"wp:attachment":[{"href":"https:\/\/despensafranciscana.com\/fr\/wp-json\/wp\/v2\/media?parent=16468"}],"wp:term":[{"taxonomy":"product_brand","embeddable":true,"href":"https:\/\/despensafranciscana.com\/fr\/wp-json\/wp\/v2\/product_brand?post=16468"},{"taxonomy":"product_cat","embeddable":true,"href":"https:\/\/despensafranciscana.com\/fr\/wp-json\/wp\/v2\/product_cat?post=16468"},{"taxonomy":"product_tag","embeddable":true,"href":"https:\/\/despensafranciscana.com\/fr\/wp-json\/wp\/v2\/product_tag?post=16468"}],"curies":[{"name":"wp","href":"https:\/\/api.w.org\/{rel}","templated":true}]}}