{"id":16164,"date":"2023-11-29T14:50:20","date_gmt":"2023-11-29T14:50:20","guid":{"rendered":"https:\/\/despensafranciscana.com\/?post_type=product&#038;p=16164"},"modified":"2026-03-24T12:50:00","modified_gmt":"2026-03-24T12:50:00","slug":"bombons-de-ginjinha-franciscana","status":"publish","type":"product","link":"https:\/\/despensafranciscana.com\/fr\/loja\/bombons-de-ginjinha-franciscana\/","title":{"rendered":"Bonbons franciscains \u00e0 la cerise acide"},"content":{"rendered":"<p>D\u00c9CLARATION NUTRITIONNELLE (100G)<\/p>\n<ul>\n<li>\u00c9nergie : 1600 Kj\/383 Kcal<\/li>\n<li>Lipides : 22g<\/li>\n<li>Glucides : 44g (dont sucres : 19g)<\/li>\n<li>Acides gras satur\u00e9s : 14g<\/li>\n<li>Prot\u00e9ines totales : 2,64 g<\/li>\n<li>Sodium : 0,01g<\/li>\n<li>Sel (NaCI) : 0,02g<\/li>\n<\/ul>","protected":false},"excerpt":{"rendered":"<p>Bonbons franciscains \u00e0 la cerise acide et au chocolat noir. La fusion de la liqueur de cerise acide et du chocolat cr\u00e9e une saveur inoubliable. Un excellent accompagnement \u00e0 l'heure du caf\u00e9.<\/p>\n<p>12 Unidades<\/p>","protected":false},"featured_media":17302,"template":"","meta":[],"product_brand":[],"product_cat":[74],"product_tag":[],"class_list":{"0":"post-16164","1":"product","2":"type-product","3":"status-publish","4":"has-post-thumbnail","6":"product_cat-ginjinha","8":"first","9":"outofstock","10":"taxable","11":"shipping-taxable","12":"purchasable","13":"product-type-simple"},"yoast_head":"<!-- This site is optimized with the Yoast SEO plugin v27.2 - https:\/\/yoast.com\/product\/yoast-seo-wordpress\/ -->\n<title>Bombons de Ginjinha Franciscana - Despensa Franciscana<\/title>\n<meta name=\"robots\" content=\"index, follow, max-snippet:-1, max-image-preview:large, max-video-preview:-1\" \/>\n<link rel=\"canonical\" href=\"https:\/\/despensafranciscana.com\/fr\/loja\/bombons-de-ginjinha-franciscana\/\" \/>\n<meta property=\"og:locale\" content=\"fr_FR\" \/>\n<meta property=\"og:type\" content=\"article\" \/>\n<meta property=\"og:title\" content=\"Bombons de Ginjinha Franciscana - Despensa Franciscana\" \/>\n<meta property=\"og:description\" content=\"Bombons de ginjinha Franciscana com chocolate negro. A fus\u00e3o do licor de ginja com o chocolate, geram uma degusta\u00e7\u00e3o inesquec\u00edvel. Um excelente acompanhamento para a hora do caf\u00e9.  12 Unidades\" \/>\n<meta property=\"og:url\" content=\"https:\/\/despensafranciscana.com\/fr\/loja\/bombons-de-ginjinha-franciscana\/\" \/>\n<meta property=\"og:site_name\" content=\"Despensa Franciscana\" \/>\n<meta property=\"article:publisher\" content=\"https:\/\/www.facebook.com\/despensafranciscana\/\" \/>\n<meta property=\"article:modified_time\" content=\"2026-03-24T12:50:00+00:00\" \/>\n<meta property=\"og:image\" content=\"https:\/\/despensafranciscana.com\/wp-content\/uploads\/2023\/11\/Caixa.jpg\" \/>\n\t<meta property=\"og:image:width\" content=\"1500\" \/>\n\t<meta property=\"og:image:height\" content=\"1500\" \/>\n\t<meta property=\"og:image:type\" content=\"image\/jpeg\" \/>\n<meta name=\"twitter:card\" content=\"summary_large_image\" \/>\n<meta name=\"twitter:label1\" content=\"Dur\u00e9e de lecture estim\u00e9e\" \/>\n\t<meta name=\"twitter:data1\" content=\"1 minute\" \/>\n<script type=\"application\/ld+json\" class=\"yoast-schema-graph\">{\"@context\":\"https:\/\/schema.org\",\"@graph\":[{\"@type\":\"WebPage\",\"@id\":\"https:\/\/despensafranciscana.com\/loja\/bombons-de-ginjinha-franciscana\/\",\"url\":\"https:\/\/despensafranciscana.com\/loja\/bombons-de-ginjinha-franciscana\/\",\"name\":\"Bombons de Ginjinha Franciscana - Despensa Franciscana\",\"isPartOf\":{\"@id\":\"https:\/\/despensafranciscana.com\/#website\"},\"primaryImageOfPage\":{\"@id\":\"https:\/\/despensafranciscana.com\/loja\/bombons-de-ginjinha-franciscana\/#primaryimage\"},\"image\":{\"@id\":\"https:\/\/despensafranciscana.com\/loja\/bombons-de-ginjinha-franciscana\/#primaryimage\"},\"thumbnailUrl\":\"https:\/\/despensafranciscana.com\/wp-content\/uploads\/2023\/11\/Caixa.jpg\",\"datePublished\":\"2023-11-29T14:50:20+00:00\",\"dateModified\":\"2026-03-24T12:50:00+00:00\",\"breadcrumb\":{\"@id\":\"https:\/\/despensafranciscana.com\/loja\/bombons-de-ginjinha-franciscana\/#breadcrumb\"},\"inLanguage\":\"fr-FR\",\"potentialAction\":[{\"@type\":\"ReadAction\",\"target\":[\"https:\/\/despensafranciscana.com\/loja\/bombons-de-ginjinha-franciscana\/\"]}]},{\"@type\":\"ImageObject\",\"inLanguage\":\"fr-FR\",\"@id\":\"https:\/\/despensafranciscana.com\/loja\/bombons-de-ginjinha-franciscana\/#primaryimage\",\"url\":\"https:\/\/despensafranciscana.com\/wp-content\/uploads\/2023\/11\/Caixa.jpg\",\"contentUrl\":\"https:\/\/despensafranciscana.com\/wp-content\/uploads\/2023\/11\/Caixa.jpg\",\"width\":1500,\"height\":1500},{\"@type\":\"BreadcrumbList\",\"@id\":\"https:\/\/despensafranciscana.com\/loja\/bombons-de-ginjinha-franciscana\/#breadcrumb\",\"itemListElement\":[{\"@type\":\"ListItem\",\"position\":1,\"name\":\"In\u00edcio\",\"item\":\"https:\/\/despensafranciscana.com\/\"},{\"@type\":\"ListItem\",\"position\":2,\"name\":\"Loja\",\"item\":\"https:\/\/despensafranciscana.com\/loja\/\"},{\"@type\":\"ListItem\",\"position\":3,\"name\":\"Bombons de Ginjinha Franciscana\"}]},{\"@type\":\"WebSite\",\"@id\":\"https:\/\/despensafranciscana.com\/#website\",\"url\":\"https:\/\/despensafranciscana.com\/\",\"name\":\"Despensa Franciscana\",\"description\":\"Despensa Franciscana\",\"publisher\":{\"@id\":\"https:\/\/despensafranciscana.com\/#organization\"},\"potentialAction\":[{\"@type\":\"SearchAction\",\"target\":{\"@type\":\"EntryPoint\",\"urlTemplate\":\"https:\/\/despensafranciscana.com\/?s={search_term_string}\"},\"query-input\":{\"@type\":\"PropertyValueSpecification\",\"valueRequired\":true,\"valueName\":\"search_term_string\"}}],\"inLanguage\":\"fr-FR\"},{\"@type\":\"Organization\",\"@id\":\"https:\/\/despensafranciscana.com\/#organization\",\"name\":\"Despensa Franciscana\",\"url\":\"https:\/\/despensafranciscana.com\/\",\"logo\":{\"@type\":\"ImageObject\",\"inLanguage\":\"fr-FR\",\"@id\":\"https:\/\/despensafranciscana.com\/#\/schema\/logo\/image\/\",\"url\":\"https:\/\/despensafranciscana.com\/wp-content\/uploads\/2025\/02\/despensa-franciscana-revamp-logos-8.png\",\"contentUrl\":\"https:\/\/despensafranciscana.com\/wp-content\/uploads\/2025\/02\/despensa-franciscana-revamp-logos-8.png\",\"width\":1920,\"height\":628,\"caption\":\"Despensa Franciscana\"},\"image\":{\"@id\":\"https:\/\/despensafranciscana.com\/#\/schema\/logo\/image\/\"},\"sameAs\":[\"https:\/\/www.facebook.com\/despensafranciscana\/\",\"https:\/\/www.instagram.com\/despensafranciscana\/\"]}]}<\/script>\n<!-- \/ Yoast SEO plugin. -->","yoast_head_json":{"title":"Bombons de Ginjinha Franciscana - Despensa Franciscana","robots":{"index":"index","follow":"follow","max-snippet":"max-snippet:-1","max-image-preview":"max-image-preview:large","max-video-preview":"max-video-preview:-1"},"canonical":"https:\/\/despensafranciscana.com\/fr\/loja\/bombons-de-ginjinha-franciscana\/","og_locale":"fr_FR","og_type":"article","og_title":"Bombons de Ginjinha Franciscana - Despensa Franciscana","og_description":"Bombons de ginjinha Franciscana com chocolate negro. A fus\u00e3o do licor de ginja com o chocolate, geram uma degusta\u00e7\u00e3o inesquec\u00edvel. Um excelente acompanhamento para a hora do caf\u00e9.  12 Unidades","og_url":"https:\/\/despensafranciscana.com\/fr\/loja\/bombons-de-ginjinha-franciscana\/","og_site_name":"Despensa Franciscana","article_publisher":"https:\/\/www.facebook.com\/despensafranciscana\/","article_modified_time":"2026-03-24T12:50:00+00:00","og_image":[{"width":1500,"height":1500,"url":"https:\/\/despensafranciscana.com\/wp-content\/uploads\/2023\/11\/Caixa.jpg","type":"image\/jpeg"}],"twitter_card":"summary_large_image","twitter_misc":{"Dur\u00e9e de lecture estim\u00e9e":"1 minute"},"schema":{"@context":"https:\/\/schema.org","@graph":[{"@type":"WebPage","@id":"https:\/\/despensafranciscana.com\/loja\/bombons-de-ginjinha-franciscana\/","url":"https:\/\/despensafranciscana.com\/loja\/bombons-de-ginjinha-franciscana\/","name":"Bombons de Ginjinha Franciscana - Despensa Franciscana","isPartOf":{"@id":"https:\/\/despensafranciscana.com\/#website"},"primaryImageOfPage":{"@id":"https:\/\/despensafranciscana.com\/loja\/bombons-de-ginjinha-franciscana\/#primaryimage"},"image":{"@id":"https:\/\/despensafranciscana.com\/loja\/bombons-de-ginjinha-franciscana\/#primaryimage"},"thumbnailUrl":"https:\/\/despensafranciscana.com\/wp-content\/uploads\/2023\/11\/Caixa.jpg","datePublished":"2023-11-29T14:50:20+00:00","dateModified":"2026-03-24T12:50:00+00:00","breadcrumb":{"@id":"https:\/\/despensafranciscana.com\/loja\/bombons-de-ginjinha-franciscana\/#breadcrumb"},"inLanguage":"fr-FR","potentialAction":[{"@type":"ReadAction","target":["https:\/\/despensafranciscana.com\/loja\/bombons-de-ginjinha-franciscana\/"]}]},{"@type":"ImageObject","inLanguage":"fr-FR","@id":"https:\/\/despensafranciscana.com\/loja\/bombons-de-ginjinha-franciscana\/#primaryimage","url":"https:\/\/despensafranciscana.com\/wp-content\/uploads\/2023\/11\/Caixa.jpg","contentUrl":"https:\/\/despensafranciscana.com\/wp-content\/uploads\/2023\/11\/Caixa.jpg","width":1500,"height":1500},{"@type":"BreadcrumbList","@id":"https:\/\/despensafranciscana.com\/loja\/bombons-de-ginjinha-franciscana\/#breadcrumb","itemListElement":[{"@type":"ListItem","position":1,"name":"In\u00edcio","item":"https:\/\/despensafranciscana.com\/"},{"@type":"ListItem","position":2,"name":"Loja","item":"https:\/\/despensafranciscana.com\/loja\/"},{"@type":"ListItem","position":3,"name":"Bombons de Ginjinha Franciscana"}]},{"@type":"WebSite","@id":"https:\/\/despensafranciscana.com\/#website","url":"https:\/\/despensafranciscana.com\/","name":"garde-manger franciscain","description":"garde-manger franciscain","publisher":{"@id":"https:\/\/despensafranciscana.com\/#organization"},"potentialAction":[{"@type":"SearchAction","target":{"@type":"EntryPoint","urlTemplate":"https:\/\/despensafranciscana.com\/?s={search_term_string}"},"query-input":{"@type":"PropertyValueSpecification","valueRequired":true,"valueName":"search_term_string"}}],"inLanguage":"fr-FR"},{"@type":"Organization","@id":"https:\/\/despensafranciscana.com\/#organization","name":"garde-manger franciscain","url":"https:\/\/despensafranciscana.com\/","logo":{"@type":"ImageObject","inLanguage":"fr-FR","@id":"https:\/\/despensafranciscana.com\/#\/schema\/logo\/image\/","url":"https:\/\/despensafranciscana.com\/wp-content\/uploads\/2025\/02\/despensa-franciscana-revamp-logos-8.png","contentUrl":"https:\/\/despensafranciscana.com\/wp-content\/uploads\/2025\/02\/despensa-franciscana-revamp-logos-8.png","width":1920,"height":628,"caption":"Despensa Franciscana"},"image":{"@id":"https:\/\/despensafranciscana.com\/#\/schema\/logo\/image\/"},"sameAs":["https:\/\/www.facebook.com\/despensafranciscana\/","https:\/\/www.instagram.com\/despensafranciscana\/"]}]}},"_links":{"self":[{"href":"https:\/\/despensafranciscana.com\/fr\/wp-json\/wp\/v2\/product\/16164","targetHints":{"allow":["GET"]}}],"collection":[{"href":"https:\/\/despensafranciscana.com\/fr\/wp-json\/wp\/v2\/product"}],"about":[{"href":"https:\/\/despensafranciscana.com\/fr\/wp-json\/wp\/v2\/types\/product"}],"wp:featuredmedia":[{"embeddable":true,"href":"https:\/\/despensafranciscana.com\/fr\/wp-json\/wp\/v2\/media\/17302"}],"wp:attachment":[{"href":"https:\/\/despensafranciscana.com\/fr\/wp-json\/wp\/v2\/media?parent=16164"}],"wp:term":[{"taxonomy":"product_brand","embeddable":true,"href":"https:\/\/despensafranciscana.com\/fr\/wp-json\/wp\/v2\/product_brand?post=16164"},{"taxonomy":"product_cat","embeddable":true,"href":"https:\/\/despensafranciscana.com\/fr\/wp-json\/wp\/v2\/product_cat?post=16164"},{"taxonomy":"product_tag","embeddable":true,"href":"https:\/\/despensafranciscana.com\/fr\/wp-json\/wp\/v2\/product_tag?post=16164"}],"curies":[{"name":"wp","href":"https:\/\/api.w.org\/{rel}","templated":true}]}}