{"id":15682,"date":"2023-04-28T12:30:42","date_gmt":"2023-04-28T11:30:42","guid":{"rendered":"https:\/\/despensafranciscana.com\/?post_type=product&#038;p=15682"},"modified":"2025-03-07T16:13:23","modified_gmt":"2025-03-07T16:13:23","slug":"cerveja-artesanal-blackberry-gose","status":"publish","type":"product","link":"https:\/\/despensafranciscana.com\/fr\/loja\/cerveja-artesanal-blackberry-gose\/","title":{"rendered":"Cerveja Artesanal Blackberry Gose"},"content":{"rendered":"<p>La vente et la consommation de boissons alcoolis\u00e9es aux mineurs (18 ans) sont interdites, conform\u00e9ment \u00e0 l'article 3, n\u00b0 1 du d\u00e9cret-loi 106\/2015 du 16 juin.<\/p>","protected":false},"excerpt":{"rendered":"<p>Casa do Penedo Brewery - BLACKBERRY GOSE 3.2%, ont combin\u00e9 les fruits avec une base acidul\u00e9e. Il est vrai qu'il existe diff\u00e9rents types d'aigre, mais l'objectif est de trouver le bon \u00e9quilibre entre le fruit\u00e9 et l'aigre.<br \/>\nBien s\u00fbr, l'aspect est d\u00e9fini par les fruits qu'ils ajoutent, mais en fin de compte, ce qui compte vraiment, c'est d'avoir une bi\u00e8re qui, par son acidit\u00e9, se distingue des \u00e9l\u00e9ments essentiels du fruit s\u00e9lectionn\u00e9.<\/p>","protected":false},"featured_media":15683,"template":"","meta":[],"product_brand":[],"product_cat":[39],"product_tag":[],"class_list":{"0":"post-15682","1":"product","2":"type-product","3":"status-publish","4":"has-post-thumbnail","6":"product_cat-bebidas","8":"first","9":"instock","10":"taxable","11":"shipping-taxable","12":"purchasable","13":"product-type-simple"},"yoast_head":"<!-- This site is optimized with the Yoast SEO plugin v27.2 - https:\/\/yoast.com\/product\/yoast-seo-wordpress\/ -->\n<title>Cerveja Artesanal Blackberry Gose - Despensa Franciscana<\/title>\n<meta name=\"robots\" content=\"index, follow, max-snippet:-1, max-image-preview:large, max-video-preview:-1\" \/>\n<link rel=\"canonical\" href=\"https:\/\/despensafranciscana.com\/fr\/loja\/cerveja-artesanal-blackberry-gose\/\" \/>\n<meta property=\"og:locale\" content=\"fr_FR\" \/>\n<meta property=\"og:type\" content=\"article\" \/>\n<meta property=\"og:title\" content=\"Cerveja Artesanal Blackberry Gose - Despensa Franciscana\" \/>\n<meta property=\"og:description\" content=\"Casa do Penedo Brewery \u2013 BLACKBERRY GOSE 3.2%, juntaram a fruta a uma base sour. \u00c9 certo que existem v\u00e1rios tipos de sour, mas aquilo que se pretende \u00e9 encontrar o verdadeiro equilibro entre o frutado e o sourness. Claro que a apar\u00eancia \u00e9 definida pela fruta que adicionam, mas no fim, o que realmente importa \u00e9 ter uma cerveja que na sua acidez se distinga dos elementos essenciais da fruta selecionada.\" \/>\n<meta property=\"og:url\" content=\"https:\/\/despensafranciscana.com\/fr\/loja\/cerveja-artesanal-blackberry-gose\/\" \/>\n<meta property=\"og:site_name\" content=\"Despensa Franciscana\" \/>\n<meta property=\"article:publisher\" content=\"https:\/\/www.facebook.com\/despensafranciscana\/\" \/>\n<meta property=\"article:modified_time\" content=\"2025-03-07T16:13:23+00:00\" \/>\n<meta property=\"og:image\" content=\"https:\/\/despensafranciscana.com\/wp-content\/uploads\/2023\/04\/BLACKBERRY-GOSE.jpg\" \/>\n\t<meta property=\"og:image:width\" content=\"1000\" \/>\n\t<meta property=\"og:image:height\" content=\"1000\" \/>\n\t<meta property=\"og:image:type\" content=\"image\/jpeg\" \/>\n<meta name=\"twitter:card\" content=\"summary_large_image\" \/>\n<script type=\"application\/ld+json\" class=\"yoast-schema-graph\">{\"@context\":\"https:\/\/schema.org\",\"@graph\":[{\"@type\":\"WebPage\",\"@id\":\"https:\/\/despensafranciscana.com\/en\/loja\/cerveja-artesanal-blackberry-gose\/\",\"url\":\"https:\/\/despensafranciscana.com\/en\/loja\/cerveja-artesanal-blackberry-gose\/\",\"name\":\"Cerveja Artesanal Blackberry Gose - Despensa Franciscana\",\"isPartOf\":{\"@id\":\"https:\/\/despensafranciscana.com\/#website\"},\"primaryImageOfPage\":{\"@id\":\"https:\/\/despensafranciscana.com\/en\/loja\/cerveja-artesanal-blackberry-gose\/#primaryimage\"},\"image\":{\"@id\":\"https:\/\/despensafranciscana.com\/en\/loja\/cerveja-artesanal-blackberry-gose\/#primaryimage\"},\"thumbnailUrl\":\"https:\/\/despensafranciscana.com\/wp-content\/uploads\/2023\/04\/BLACKBERRY-GOSE.jpg\",\"datePublished\":\"2023-04-28T11:30:42+00:00\",\"dateModified\":\"2025-03-07T16:13:23+00:00\",\"breadcrumb\":{\"@id\":\"https:\/\/despensafranciscana.com\/en\/loja\/cerveja-artesanal-blackberry-gose\/#breadcrumb\"},\"inLanguage\":\"fr-FR\",\"potentialAction\":[{\"@type\":\"ReadAction\",\"target\":[\"https:\/\/despensafranciscana.com\/en\/loja\/cerveja-artesanal-blackberry-gose\/\"]}]},{\"@type\":\"ImageObject\",\"inLanguage\":\"fr-FR\",\"@id\":\"https:\/\/despensafranciscana.com\/en\/loja\/cerveja-artesanal-blackberry-gose\/#primaryimage\",\"url\":\"https:\/\/despensafranciscana.com\/wp-content\/uploads\/2023\/04\/BLACKBERRY-GOSE.jpg\",\"contentUrl\":\"https:\/\/despensafranciscana.com\/wp-content\/uploads\/2023\/04\/BLACKBERRY-GOSE.jpg\",\"width\":1000,\"height\":1000},{\"@type\":\"BreadcrumbList\",\"@id\":\"https:\/\/despensafranciscana.com\/en\/loja\/cerveja-artesanal-blackberry-gose\/#breadcrumb\",\"itemListElement\":[{\"@type\":\"ListItem\",\"position\":1,\"name\":\"In\u00edcio\",\"item\":\"https:\/\/despensafranciscana.com\/\"},{\"@type\":\"ListItem\",\"position\":2,\"name\":\"Loja\",\"item\":\"https:\/\/despensafranciscana.com\/loja\/\"},{\"@type\":\"ListItem\",\"position\":3,\"name\":\"Cerveja Artesanal Blackberry Gose\"}]},{\"@type\":\"WebSite\",\"@id\":\"https:\/\/despensafranciscana.com\/#website\",\"url\":\"https:\/\/despensafranciscana.com\/\",\"name\":\"Despensa Franciscana\",\"description\":\"Despensa Franciscana\",\"publisher\":{\"@id\":\"https:\/\/despensafranciscana.com\/#organization\"},\"potentialAction\":[{\"@type\":\"SearchAction\",\"target\":{\"@type\":\"EntryPoint\",\"urlTemplate\":\"https:\/\/despensafranciscana.com\/?s={search_term_string}\"},\"query-input\":{\"@type\":\"PropertyValueSpecification\",\"valueRequired\":true,\"valueName\":\"search_term_string\"}}],\"inLanguage\":\"fr-FR\"},{\"@type\":\"Organization\",\"@id\":\"https:\/\/despensafranciscana.com\/#organization\",\"name\":\"Despensa Franciscana\",\"url\":\"https:\/\/despensafranciscana.com\/\",\"logo\":{\"@type\":\"ImageObject\",\"inLanguage\":\"fr-FR\",\"@id\":\"https:\/\/despensafranciscana.com\/#\/schema\/logo\/image\/\",\"url\":\"https:\/\/despensafranciscana.com\/wp-content\/uploads\/2025\/02\/despensa-franciscana-revamp-logos-8.png\",\"contentUrl\":\"https:\/\/despensafranciscana.com\/wp-content\/uploads\/2025\/02\/despensa-franciscana-revamp-logos-8.png\",\"width\":1920,\"height\":628,\"caption\":\"Despensa Franciscana\"},\"image\":{\"@id\":\"https:\/\/despensafranciscana.com\/#\/schema\/logo\/image\/\"},\"sameAs\":[\"https:\/\/www.facebook.com\/despensafranciscana\/\",\"https:\/\/www.instagram.com\/despensafranciscana\/\"]}]}<\/script>\n<!-- \/ Yoast SEO plugin. -->","yoast_head_json":{"title":"Cerveja Artesanal Blackberry Gose - Despensa Franciscana","robots":{"index":"index","follow":"follow","max-snippet":"max-snippet:-1","max-image-preview":"max-image-preview:large","max-video-preview":"max-video-preview:-1"},"canonical":"https:\/\/despensafranciscana.com\/fr\/loja\/cerveja-artesanal-blackberry-gose\/","og_locale":"fr_FR","og_type":"article","og_title":"Cerveja Artesanal Blackberry Gose - Despensa Franciscana","og_description":"Casa do Penedo Brewery \u2013 BLACKBERRY GOSE 3.2%, juntaram a fruta a uma base sour. \u00c9 certo que existem v\u00e1rios tipos de sour, mas aquilo que se pretende \u00e9 encontrar o verdadeiro equilibro entre o frutado e o sourness. Claro que a apar\u00eancia \u00e9 definida pela fruta que adicionam, mas no fim, o que realmente importa \u00e9 ter uma cerveja que na sua acidez se distinga dos elementos essenciais da fruta selecionada.","og_url":"https:\/\/despensafranciscana.com\/fr\/loja\/cerveja-artesanal-blackberry-gose\/","og_site_name":"Despensa Franciscana","article_publisher":"https:\/\/www.facebook.com\/despensafranciscana\/","article_modified_time":"2025-03-07T16:13:23+00:00","og_image":[{"width":1000,"height":1000,"url":"https:\/\/despensafranciscana.com\/wp-content\/uploads\/2023\/04\/BLACKBERRY-GOSE.jpg","type":"image\/jpeg"}],"twitter_card":"summary_large_image","schema":{"@context":"https:\/\/schema.org","@graph":[{"@type":"WebPage","@id":"https:\/\/despensafranciscana.com\/en\/loja\/cerveja-artesanal-blackberry-gose\/","url":"https:\/\/despensafranciscana.com\/en\/loja\/cerveja-artesanal-blackberry-gose\/","name":"Cerveja Artesanal Blackberry Gose - Despensa Franciscana","isPartOf":{"@id":"https:\/\/despensafranciscana.com\/#website"},"primaryImageOfPage":{"@id":"https:\/\/despensafranciscana.com\/en\/loja\/cerveja-artesanal-blackberry-gose\/#primaryimage"},"image":{"@id":"https:\/\/despensafranciscana.com\/en\/loja\/cerveja-artesanal-blackberry-gose\/#primaryimage"},"thumbnailUrl":"https:\/\/despensafranciscana.com\/wp-content\/uploads\/2023\/04\/BLACKBERRY-GOSE.jpg","datePublished":"2023-04-28T11:30:42+00:00","dateModified":"2025-03-07T16:13:23+00:00","breadcrumb":{"@id":"https:\/\/despensafranciscana.com\/en\/loja\/cerveja-artesanal-blackberry-gose\/#breadcrumb"},"inLanguage":"fr-FR","potentialAction":[{"@type":"ReadAction","target":["https:\/\/despensafranciscana.com\/en\/loja\/cerveja-artesanal-blackberry-gose\/"]}]},{"@type":"ImageObject","inLanguage":"fr-FR","@id":"https:\/\/despensafranciscana.com\/en\/loja\/cerveja-artesanal-blackberry-gose\/#primaryimage","url":"https:\/\/despensafranciscana.com\/wp-content\/uploads\/2023\/04\/BLACKBERRY-GOSE.jpg","contentUrl":"https:\/\/despensafranciscana.com\/wp-content\/uploads\/2023\/04\/BLACKBERRY-GOSE.jpg","width":1000,"height":1000},{"@type":"BreadcrumbList","@id":"https:\/\/despensafranciscana.com\/en\/loja\/cerveja-artesanal-blackberry-gose\/#breadcrumb","itemListElement":[{"@type":"ListItem","position":1,"name":"In\u00edcio","item":"https:\/\/despensafranciscana.com\/"},{"@type":"ListItem","position":2,"name":"Loja","item":"https:\/\/despensafranciscana.com\/loja\/"},{"@type":"ListItem","position":3,"name":"Cerveja Artesanal Blackberry Gose"}]},{"@type":"WebSite","@id":"https:\/\/despensafranciscana.com\/#website","url":"https:\/\/despensafranciscana.com\/","name":"garde-manger franciscain","description":"garde-manger franciscain","publisher":{"@id":"https:\/\/despensafranciscana.com\/#organization"},"potentialAction":[{"@type":"SearchAction","target":{"@type":"EntryPoint","urlTemplate":"https:\/\/despensafranciscana.com\/?s={search_term_string}"},"query-input":{"@type":"PropertyValueSpecification","valueRequired":true,"valueName":"search_term_string"}}],"inLanguage":"fr-FR"},{"@type":"Organization","@id":"https:\/\/despensafranciscana.com\/#organization","name":"garde-manger franciscain","url":"https:\/\/despensafranciscana.com\/","logo":{"@type":"ImageObject","inLanguage":"fr-FR","@id":"https:\/\/despensafranciscana.com\/#\/schema\/logo\/image\/","url":"https:\/\/despensafranciscana.com\/wp-content\/uploads\/2025\/02\/despensa-franciscana-revamp-logos-8.png","contentUrl":"https:\/\/despensafranciscana.com\/wp-content\/uploads\/2025\/02\/despensa-franciscana-revamp-logos-8.png","width":1920,"height":628,"caption":"Despensa Franciscana"},"image":{"@id":"https:\/\/despensafranciscana.com\/#\/schema\/logo\/image\/"},"sameAs":["https:\/\/www.facebook.com\/despensafranciscana\/","https:\/\/www.instagram.com\/despensafranciscana\/"]}]}},"_links":{"self":[{"href":"https:\/\/despensafranciscana.com\/fr\/wp-json\/wp\/v2\/product\/15682","targetHints":{"allow":["GET"]}}],"collection":[{"href":"https:\/\/despensafranciscana.com\/fr\/wp-json\/wp\/v2\/product"}],"about":[{"href":"https:\/\/despensafranciscana.com\/fr\/wp-json\/wp\/v2\/types\/product"}],"wp:featuredmedia":[{"embeddable":true,"href":"https:\/\/despensafranciscana.com\/fr\/wp-json\/wp\/v2\/media\/15683"}],"wp:attachment":[{"href":"https:\/\/despensafranciscana.com\/fr\/wp-json\/wp\/v2\/media?parent=15682"}],"wp:term":[{"taxonomy":"product_brand","embeddable":true,"href":"https:\/\/despensafranciscana.com\/fr\/wp-json\/wp\/v2\/product_brand?post=15682"},{"taxonomy":"product_cat","embeddable":true,"href":"https:\/\/despensafranciscana.com\/fr\/wp-json\/wp\/v2\/product_cat?post=15682"},{"taxonomy":"product_tag","embeddable":true,"href":"https:\/\/despensafranciscana.com\/fr\/wp-json\/wp\/v2\/product_tag?post=15682"}],"curies":[{"name":"wp","href":"https:\/\/api.w.org\/{rel}","templated":true}]}}