{"id":3,"date":"2021-03-23T23:42:05","date_gmt":"2021-03-23T23:42:05","guid":{"rendered":"https:\/\/despensafranciscana.com\/?page_id=3"},"modified":"2025-02-23T17:59:29","modified_gmt":"2025-02-23T17:59:29","slug":"politica-privacidade","status":"publish","type":"page","link":"https:\/\/despensafranciscana.com\/fr\/politica-privacidade\/","title":{"rendered":"Pol\u00edtica de Privacidade e Seguran\u00e7a"},"content":{"rendered":"<div class=\"wpb-content-wrapper\"><div data-parent=\"true\" class=\"vc_row row-container\" id=\"row-unique-0\"><div class=\"row limit-width row-parent\"><div class=\"wpb_row row-inner\"><div class=\"wpb_column pos-top pos-center align_left column_parent col-lg-12 single-internal-gutter\"><div class=\"uncol style-light\"  ><div class=\"uncoltable\"><div class=\"uncell\" ><div class=\"uncont no-block-padding col-custom-width\" style=\" max-width:80%;\" ><div class=\"vc_custom_heading_wrap\"><div class=\"heading-text el-text\" ><h1 class=\"h1\" ><span>Pol\u00edtica de Privacidade e Seguran\u00e7a<\/span><\/h1><\/div><div class=\"clear\"><\/div><\/div><div class=\"uncode_text_column text-justify\" ><\/p>\n<p>&nbsp;<\/p>\n<p>O presente documento explicita os termos em que a Gama de Matos, LDA. sociedade comercial com sede na Rua do Apeadeiro, Quinta Nova, Vale do Peso e registada na Conservat\u00f3ria do Registo Comercial de Lisboa, sob o n\u00famero \u00fanico de pessoa coletiva e de matr\u00edcula 514\u00a0744\u00a0243, \u00a0recolhe, utiliza e procede ao tratamento dos dados e informa\u00e7\u00f5es os seus Utilizadores por via do seu Website.<\/p>\n<p>Les r\u00e8gles de collecte, d'utilisation et de traitement des donn\u00e9es et des informations sont conformes \u00e0 la l\u00e9gislation nationale et au r\u00e8glement applicable sur la protection des donn\u00e9es personnelles 2016\/679 du Parlement europ\u00e9en et du Conseil du 27 avril 2016.<\/p>\n<p>Gama de Matos, LDA (ci-apr\u00e8s, le \"Pantry Franciscain\") prend soin de la vie priv\u00e9e de ses utilisateurs et des donn\u00e9es personnelles qu'ils soumettent, et est responsable du site web www.despensafranciscana.com (ci-apr\u00e8s, le \"Site\").<\/p>\n<p>Nous vous demandons de lire attentivement la pr\u00e9sente politique de confidentialit\u00e9 afin de clarifier les donn\u00e9es collect\u00e9es, les objectifs pour lesquels elles sont collect\u00e9es, la mani\u00e8re dont elles sont trait\u00e9es et vos droits.<\/p>\n<p>La pr\u00e9sente politique de confidentialit\u00e9 s'applique aux donn\u00e9es collect\u00e9es et trait\u00e9es dans le cadre de l'interaction des utilisateurs avec le site web.<\/p>\n<p>&nbsp;<\/p>\n<h2 class=\"wp-block-heading\"><strong>Fa\u00e7ons dont le Franciscan Pantry recueille les donn\u00e9es des utilisateurs<\/strong><\/h2>\n<p>Le Pantry franciscain recueille des donn\u00e9es aupr\u00e8s de ses utilisateurs par le biais de la plateforme suivante :<\/p>\n<p>&nbsp;<\/p>\n<ul class=\"wp-block-list\">\n<li>Enregistrement des utilisateurs sur le site (page web) ;<\/li>\n<li>Contacter les lecteurs par courrier \u00e9lectronique, en particulier geral@despensafranciscana.com<\/li>\n<\/ul>\n<p><strong>Donn\u00e9es que le Pantry franciscain recueille aupr\u00e8s de ses utilisateurs<\/strong><\/p>\n<p><strong>Identification et coordonn\u00e9es :<\/strong> le nom, le num\u00e9ro de TVA, l'adresse \u00e9lectronique, le num\u00e9ro de t\u00e9l\u00e9phone mobile et le lieu.<\/p>\n<p><strong>Liste des articles sauvegard\u00e9s :<\/strong> des informations sur les articles que l'utilisateur a enregistr\u00e9s dans sa zone r\u00e9serv\u00e9e (panier).<\/p>\n<p><strong>Paiement et informations financi\u00e8res :<\/strong> le nom, l'adresse et le num\u00e9ro d'identification fiscale des utilisateurs.<\/p>\n<p><strong>Informations anonymes :<\/strong> le journal des activit\u00e9s et la navigation sur le site.<\/p>\n<p>&nbsp;<\/p>\n<h2 class=\"wp-block-heading\"><strong>Donn\u00e9es relatives aux mineurs<\/strong><\/h2>\n<p>Le Franciscan Pantry ne collecte pas intentionnellement (et ne peut pas distinguer) les donn\u00e9es des mineurs de moins de 18 ans. Toutefois, si nous sommes inform\u00e9s que des donn\u00e9es concernant des mineurs ont \u00e9t\u00e9 collect\u00e9es, le Pantry Franciscain les supprimera imm\u00e9diatement.<\/p>\n<p>&nbsp;<\/p>\n<h2 class=\"wp-block-heading\"><strong>Utilisation des donn\u00e9es collect\u00e9es<\/strong><\/h2>\n<p>Le Pantry franciscain utilise les donn\u00e9es collect\u00e9es aux fins suivantes :<\/p>\n<p>&nbsp;<\/p>\n<ul class=\"wp-block-list\">\n<li>mettre ses services \u00e0 la disposition de l'utilisateur ;<\/li>\n<li>Soutien aux utilisateurs ;<\/li>\n<li>Respect des obligations contractuelles et l\u00e9gales ;<\/li>\n<li>Mise \u00e0 disposition d'informations et de contenus pr\u00e9sentant un int\u00e9r\u00eat pour l'utilisateur ;<\/li>\n<li>Am\u00e9liorer le fonctionnement du site, y compris la gestion du contenu et l'\u00e9tablissement de priorit\u00e9s.<\/li>\n<\/ul>\n<p>&nbsp;<\/p>\n<h2 class=\"wp-block-heading\"><strong>Transmission des donn\u00e9es<\/strong><\/h2>\n<p>Le Pantry Franciscain transmet les donn\u00e9es de ses utilisateurs \u00e0 ses fournisseurs de services, qui sont des entreprises externes pour l'assistance et le soutien dans ses activit\u00e9s, dans la mesure la plus stricte possible, et ils sont tenus de respecter les r\u00e8gles et r\u00e9glementations relatives \u00e0 la protection des donn\u00e9es \u00e0 caract\u00e8re personnel.<\/p>\n<p>&nbsp;<\/p>\n<h2 class=\"wp-block-heading\"><strong>Violation de donn\u00e9es<\/strong><\/h2>\n<p>Le Pantry Franciscain n'est pas responsable du contenu accessible par un hyperlien qui conduit l'utilisateur en dehors du domaine https:\/\/despensafranciscana.com, pour autant que ces hyperliens soient de la responsabilit\u00e9 de tiers.<\/p>\n<p>Toutes les donn\u00e9es collect\u00e9es sont trait\u00e9es automatiquement et les informations envoy\u00e9es par les utilisateurs sont crypt\u00e9es et g\u00e9r\u00e9es avec une s\u00e9curit\u00e9 avanc\u00e9e.<\/p>\n<p>Le Pantry Franciscain utilise diverses mesures techniques et organisationnelles de protection technologique contre les attaques visant les donn\u00e9es personnelles des Utilisateurs et ne fait appel qu'\u00e0 des prestataires de services garantissant le m\u00eame niveau de protection.<\/p>\n<p>La violation ou la tentative de violation des bases de donn\u00e9es obtenues par l'interm\u00e9diaire du site entra\u00eenera la responsabilit\u00e9 juridique imm\u00e9diate du ou des contrevenants.<\/p>\n<p>&nbsp;<\/p>\n<h2 class=\"wp-block-heading\"><strong>Droits des personnes concern\u00e9es<\/strong><\/h2>\n<p>Les utilisateurs peuvent exercer leurs droits en contactant le responsable du traitement des donn\u00e9es personnelles de Franciscan Pantry mentionn\u00e9 ci-dessous.<\/p>\n<p>Les utilisateurs du Pantry franciscain ont et peuvent exercer les droits suivants en ce qui concerne leurs donn\u00e9es personnelles :<\/p>\n<p><strong>Droit \u00e0 l'information<\/strong> - au moment de la collecte ou du traitement, le titulaire des donn\u00e9es \u00e0 caract\u00e8re personnel a le droit d'\u00eatre inform\u00e9 de la finalit\u00e9 du traitement, du responsable du traitement des donn\u00e9es, des entit\u00e9s auxquelles ses donn\u00e9es peuvent \u00eatre communiqu\u00e9es, des conditions d'acc\u00e8s et de rectification et des donn\u00e9es obligatoires et facultatives qui seront collect\u00e9es.<\/p>\n<p><strong>Droit d'acc\u00e8s<\/strong> - le titulaire des donn\u00e9es \u00e0 caract\u00e8re personnel a le droit d'y acc\u00e9der, sans restriction ni d\u00e9lai, et de conna\u00eetre les informations disponibles sur l'origine des donn\u00e9es, les finalit\u00e9s de leur traitement et leur communication \u00e0 des tiers.<\/p>\n<p><strong>Droit de rectification<\/strong> - la personne concern\u00e9e a le droit d'exiger que les donn\u00e9es la concernant soient exactes et mises \u00e0 jour, et peut \u00e0 tout moment en demander la rectification au responsable du traitement des donn\u00e9es du Panth\u00e9on franciscain.<\/p>\n<p><strong>Droit \u00e0 l'effacement<\/strong> - la personne concern\u00e9e a le droit de demander que ses donn\u00e9es ne soient plus trait\u00e9es, qu'elles soient effac\u00e9es et supprim\u00e9es, sous certaines conditions, dans les cas suivants :<\/p>\n<p>&nbsp;<\/p>\n<ul class=\"wp-block-list\">\n<li>ne sont plus n\u00e9cessaires aux fins pour lesquelles elles ont \u00e9t\u00e9 collect\u00e9es ;<\/li>\n<li>les personnes concern\u00e9es retirent leur consentement ou s'opposent au traitement de leurs donn\u00e9es ;<\/li>\n<li>si le traitement des donn\u00e9es n'est pas conforme aux dispositions l\u00e9gales.<\/li>\n<\/ul>\n<p><strong>Droit \u00e0 la limitation du traitement<\/strong> - le d\u00e9tenteur de donn\u00e9es \u00e0 caract\u00e8re personnel a le droit de faire limiter ses donn\u00e9es \u00e0 ce qui est essentiel pour la finalit\u00e9 du traitement.<\/p>\n<p><strong>Droit \u00e0 la portabilit\u00e9 des donn\u00e9es (transfert de donn\u00e9es)<\/strong> - la personne concern\u00e9e a le droit de recevoir ses donn\u00e9es ou de demander qu'elles soient transmises \u00e0 une autre organisation qui deviendra le nouveau responsable de ses donn\u00e9es personnelles (uniquement si cela est techniquement possible).<\/p>\n<p><strong>Droit d'opposition<\/strong> - la personne concern\u00e9e a le droit de s'opposer, \u00e0 sa demande et gratuitement, au traitement de ses donn\u00e9es \u00e0 caract\u00e8re personnel \u00e0 des fins de marketing direct ou de toute autre forme de prospection et \u00e0 la communication de ses donn\u00e9es \u00e0 caract\u00e8re personnel \u00e0 des tiers, sauf disposition l\u00e9gale contraire.<\/p>\n<p><strong>Droit d'\u00eatre inform\u00e9 d'une violation de donn\u00e9es<\/strong> - le d\u00e9tenteur de donn\u00e9es \u00e0 caract\u00e8re personnel a le droit d'\u00eatre inform\u00e9 en cas de violation de la s\u00e9curit\u00e9 mettant en p\u00e9ril ses donn\u00e9es.<\/p>\n<p><strong>Droit de d\u00e9poser une plainte aupr\u00e8s de l'autorit\u00e9 de contr\u00f4le<\/strong> - le d\u00e9tenteur de donn\u00e9es personnelles a le droit de se plaindre non seulement aupr\u00e8s du responsable du traitement des donn\u00e9es personnelles de l'entreprise, mais aussi aupr\u00e8s de l'autorit\u00e9 de contr\u00f4le, la Commission nationale de protection des donn\u00e9es.<\/p>\n<p>&nbsp;<\/p>\n<h2 class=\"wp-block-heading\"><strong>P\u00e9riode de conservation des donn\u00e9es<\/strong><\/h2>\n<p>Les donn\u00e9es collect\u00e9es sont trait\u00e9es pendant la p\u00e9riode strictement n\u00e9cessaire \u00e0 la r\u00e9alisation de l'objectif sp\u00e9cifique de chacune d'entre elles.<\/p>\n<p>Les donn\u00e9es d'identification des utilisateurs enregistr\u00e9s et la liste des articles stock\u00e9s sont conserv\u00e9es aussi longtemps que la relation avec l'utilisateur est maintenue. Elles seront donc conserv\u00e9es jusqu'\u00e0 ce que l'utilisateur supprime son inscription au Pantry franciscain ou demande la suppression\/annulation de son abonnement.<\/p>\n<p>Aux fins des transactions commerciales et de l'ex\u00e9cution des obligations l\u00e9gales de facturation, les donn\u00e9es seront conserv\u00e9es pendant la p\u00e9riode l\u00e9galement pr\u00e9vue pour l'ex\u00e9cution des obligations l\u00e9gales, ainsi que pour la contestation de situations juridiques et pendant toute la dur\u00e9e de celles-ci.<\/p>\n<p>&nbsp;<\/p>\n<h2 class=\"wp-block-heading\"><strong>Contr\u00f4leur des donn\u00e9es<\/strong><\/h2>\n<p>Toute question relative au traitement des donn\u00e9es personnelles et \u00e0 l'exercice des droits des personnes concern\u00e9es doit \u00eatre adress\u00e9e aux contacts suivants :<\/p>\n<p>Gama de Matos, LDA.<\/p>\n<p>Rua do Apeadeiro, Quinta Nova, Vale do Peso<\/p>\n<p>+351 939341097<\/p>\n<p>Ou por e-mail para o endere\u00e7o:\u00a0geral@despensafinanceira.com<\/p>\n<p>&nbsp;<\/p>\n<h2 class=\"wp-block-heading\"><strong>Consid\u00e9rations finales<\/strong><\/h2>\n<p>The Franciscan Larder n'est pas responsable du contenu des commentaires des utilisateurs, de sorte que toute donn\u00e9e personnelle divulgu\u00e9e par un utilisateur dans ce contexte sera rapidement supprim\u00e9e d\u00e8s que The Franciscan Larder sera inform\u00e9 de la divulgation de ces donn\u00e9es.<\/p>\n<p>Le Franciscan Pantry se r\u00e9serve le droit de modifier sa politique de confidentialit\u00e9, sa politique en mati\u00e8re de cookies et les conditions g\u00e9n\u00e9rales d\u00e9crites sur cette page, c'est pourquoi nous vous conseillons de consulter fr\u00e9quemment cette adresse. Nous pensons que les utilisateurs sont conscients de ces politiques lorsqu'ils naviguent sur https:\/\/despensafranciscana.com.<\/p>\n<p>&nbsp;<\/p>\n<h2 class=\"wp-block-heading\"><strong>Politique en mati\u00e8re de cookies<\/strong><\/h2>\n<p>A Despensa Franciscana (constitu\u00edda pela Gama de Matos, LDA. sociedade comercial com sede na Rua do Apeadeiro, Quinta Nova, Vale do Peso e registada na Conservat\u00f3ria do Registo Comercial de Lisboa, sob o n\u00famero \u00fanico de pessoa coletiva e de matr\u00edcula 514\u00a0744\u00a0243) utiliza cookies que permitem melhorar o desempenho e a experi\u00eancia de navega\u00e7\u00e3o do Utilizador. Qualquer navegador de internet (browser) permite ao Utilizador aceitar, recusar ou apagar cookies, atrav\u00e9s das defini\u00e7\u00f5es do pr\u00f3prio navegador. Se optar por desativar os cookies, alguns servi\u00e7os do nosso site, a saber, https:\/\/despensafranciscana.com, ir\u00e3o deixar de funcionar, afetando assim a sua experi\u00eancia de navega\u00e7\u00e3o nos sites.<\/p>\n<p>\n<\/div><\/div><\/div><\/div><\/div><\/div><script id=\"script-row-unique-0\" data-row=\"script-row-unique-0\" type=\"text\/javascript\" class=\"vc_controls\">UNCODE.initRow(document.getElementById(\"row-unique-0\"));<\/script><\/div><\/div><\/div><\/div>","protected":false},"excerpt":{"rendered":"Pol\u00edtica de Privacidade e Seguran\u00e7a &nbsp; O presente documento explicita os termos em que a Gama de Matos, LDA. sociedade [...]","protected":false},"author":1,"featured_media":0,"parent":0,"menu_order":0,"comment_status":"closed","ping_status":"open","template":"","meta":{"footnotes":""},"class_list":["post-3","page","type-page","status-publish","hentry"],"yoast_head":"<!-- This site is optimized with the Yoast SEO plugin v27.2 - https:\/\/yoast.com\/product\/yoast-seo-wordpress\/ -->\n<title>Pol\u00edtica de Privacidade e Seguran\u00e7a - Despensa Franciscana<\/title>\n<meta name=\"robots\" content=\"index, follow, max-snippet:-1, max-image-preview:large, max-video-preview:-1\" \/>\n<link rel=\"canonical\" href=\"https:\/\/despensafranciscana.com\/fr\/politica-privacidade\/\" \/>\n<meta property=\"og:locale\" content=\"fr_FR\" \/>\n<meta property=\"og:type\" content=\"article\" \/>\n<meta property=\"og:title\" content=\"Pol\u00edtica de Privacidade e Seguran\u00e7a - Despensa Franciscana\" \/>\n<meta property=\"og:url\" content=\"https:\/\/despensafranciscana.com\/fr\/politica-privacidade\/\" \/>\n<meta property=\"og:site_name\" content=\"Despensa Franciscana\" \/>\n<meta property=\"article:publisher\" content=\"https:\/\/www.facebook.com\/despensafranciscana\/\" \/>\n<meta property=\"article:modified_time\" content=\"2025-02-23T17:59:29+00:00\" \/>\n<meta property=\"og:image\" content=\"https:\/\/despensafranciscana.com\/wp-content\/uploads\/2026\/03\/despensa_social.jpg\" \/>\n\t<meta property=\"og:image:width\" content=\"1505\" \/>\n\t<meta property=\"og:image:height\" content=\"847\" \/>\n\t<meta property=\"og:image:type\" content=\"image\/jpeg\" \/>\n<meta name=\"twitter:card\" content=\"summary_large_image\" \/>\n<meta name=\"twitter:label1\" content=\"Dur\u00e9e de lecture estim\u00e9e\" \/>\n\t<meta name=\"twitter:data1\" content=\"8 minutes\" \/>\n<script type=\"application\/ld+json\" class=\"yoast-schema-graph\">{\"@context\":\"https:\/\/schema.org\",\"@graph\":[{\"@type\":\"WebPage\",\"@id\":\"https:\/\/despensafranciscana.com\/politica-privacidade\/\",\"url\":\"https:\/\/despensafranciscana.com\/politica-privacidade\/\",\"name\":\"Pol\u00edtica de Privacidade e Seguran\u00e7a - Despensa Franciscana\",\"isPartOf\":{\"@id\":\"https:\/\/despensafranciscana.com\/#website\"},\"datePublished\":\"2021-03-23T23:42:05+00:00\",\"dateModified\":\"2025-02-23T17:59:29+00:00\",\"breadcrumb\":{\"@id\":\"https:\/\/despensafranciscana.com\/politica-privacidade\/#breadcrumb\"},\"inLanguage\":\"fr-FR\",\"potentialAction\":[{\"@type\":\"ReadAction\",\"target\":[\"https:\/\/despensafranciscana.com\/politica-privacidade\/\"]}]},{\"@type\":\"BreadcrumbList\",\"@id\":\"https:\/\/despensafranciscana.com\/politica-privacidade\/#breadcrumb\",\"itemListElement\":[{\"@type\":\"ListItem\",\"position\":1,\"name\":\"In\u00edcio\",\"item\":\"https:\/\/despensafranciscana.com\/\"},{\"@type\":\"ListItem\",\"position\":2,\"name\":\"Pol\u00edtica de Privacidade e Seguran\u00e7a\"}]},{\"@type\":\"WebSite\",\"@id\":\"https:\/\/despensafranciscana.com\/#website\",\"url\":\"https:\/\/despensafranciscana.com\/\",\"name\":\"Despensa Franciscana\",\"description\":\"Despensa Franciscana\",\"publisher\":{\"@id\":\"https:\/\/despensafranciscana.com\/#organization\"},\"potentialAction\":[{\"@type\":\"SearchAction\",\"target\":{\"@type\":\"EntryPoint\",\"urlTemplate\":\"https:\/\/despensafranciscana.com\/?s={search_term_string}\"},\"query-input\":{\"@type\":\"PropertyValueSpecification\",\"valueRequired\":true,\"valueName\":\"search_term_string\"}}],\"inLanguage\":\"fr-FR\"},{\"@type\":\"Organization\",\"@id\":\"https:\/\/despensafranciscana.com\/#organization\",\"name\":\"Despensa Franciscana\",\"url\":\"https:\/\/despensafranciscana.com\/\",\"logo\":{\"@type\":\"ImageObject\",\"inLanguage\":\"fr-FR\",\"@id\":\"https:\/\/despensafranciscana.com\/#\/schema\/logo\/image\/\",\"url\":\"https:\/\/despensafranciscana.com\/wp-content\/uploads\/2025\/02\/despensa-franciscana-revamp-logos-8.png\",\"contentUrl\":\"https:\/\/despensafranciscana.com\/wp-content\/uploads\/2025\/02\/despensa-franciscana-revamp-logos-8.png\",\"width\":1920,\"height\":628,\"caption\":\"Despensa Franciscana\"},\"image\":{\"@id\":\"https:\/\/despensafranciscana.com\/#\/schema\/logo\/image\/\"},\"sameAs\":[\"https:\/\/www.facebook.com\/despensafranciscana\/\",\"https:\/\/www.instagram.com\/despensafranciscana\/\"]}]}<\/script>\n<!-- \/ Yoast SEO plugin. -->","yoast_head_json":{"title":"Pol\u00edtica de Privacidade e Seguran\u00e7a - Despensa Franciscana","robots":{"index":"index","follow":"follow","max-snippet":"max-snippet:-1","max-image-preview":"max-image-preview:large","max-video-preview":"max-video-preview:-1"},"canonical":"https:\/\/despensafranciscana.com\/fr\/politica-privacidade\/","og_locale":"fr_FR","og_type":"article","og_title":"Pol\u00edtica de Privacidade e Seguran\u00e7a - Despensa Franciscana","og_url":"https:\/\/despensafranciscana.com\/fr\/politica-privacidade\/","og_site_name":"Despensa Franciscana","article_publisher":"https:\/\/www.facebook.com\/despensafranciscana\/","article_modified_time":"2025-02-23T17:59:29+00:00","og_image":[{"width":1505,"height":847,"url":"https:\/\/despensafranciscana.com\/wp-content\/uploads\/2026\/03\/despensa_social.jpg","type":"image\/jpeg"}],"twitter_card":"summary_large_image","twitter_misc":{"Dur\u00e9e de lecture estim\u00e9e":"8 minutes"},"schema":{"@context":"https:\/\/schema.org","@graph":[{"@type":"WebPage","@id":"https:\/\/despensafranciscana.com\/politica-privacidade\/","url":"https:\/\/despensafranciscana.com\/politica-privacidade\/","name":"Pol\u00edtica de Privacidade e Seguran\u00e7a - Despensa Franciscana","isPartOf":{"@id":"https:\/\/despensafranciscana.com\/#website"},"datePublished":"2021-03-23T23:42:05+00:00","dateModified":"2025-02-23T17:59:29+00:00","breadcrumb":{"@id":"https:\/\/despensafranciscana.com\/politica-privacidade\/#breadcrumb"},"inLanguage":"fr-FR","potentialAction":[{"@type":"ReadAction","target":["https:\/\/despensafranciscana.com\/politica-privacidade\/"]}]},{"@type":"BreadcrumbList","@id":"https:\/\/despensafranciscana.com\/politica-privacidade\/#breadcrumb","itemListElement":[{"@type":"ListItem","position":1,"name":"In\u00edcio","item":"https:\/\/despensafranciscana.com\/"},{"@type":"ListItem","position":2,"name":"Pol\u00edtica de Privacidade e Seguran\u00e7a"}]},{"@type":"WebSite","@id":"https:\/\/despensafranciscana.com\/#website","url":"https:\/\/despensafranciscana.com\/","name":"garde-manger franciscain","description":"garde-manger franciscain","publisher":{"@id":"https:\/\/despensafranciscana.com\/#organization"},"potentialAction":[{"@type":"SearchAction","target":{"@type":"EntryPoint","urlTemplate":"https:\/\/despensafranciscana.com\/?s={search_term_string}"},"query-input":{"@type":"PropertyValueSpecification","valueRequired":true,"valueName":"search_term_string"}}],"inLanguage":"fr-FR"},{"@type":"Organization","@id":"https:\/\/despensafranciscana.com\/#organization","name":"garde-manger franciscain","url":"https:\/\/despensafranciscana.com\/","logo":{"@type":"ImageObject","inLanguage":"fr-FR","@id":"https:\/\/despensafranciscana.com\/#\/schema\/logo\/image\/","url":"https:\/\/despensafranciscana.com\/wp-content\/uploads\/2025\/02\/despensa-franciscana-revamp-logos-8.png","contentUrl":"https:\/\/despensafranciscana.com\/wp-content\/uploads\/2025\/02\/despensa-franciscana-revamp-logos-8.png","width":1920,"height":628,"caption":"Despensa Franciscana"},"image":{"@id":"https:\/\/despensafranciscana.com\/#\/schema\/logo\/image\/"},"sameAs":["https:\/\/www.facebook.com\/despensafranciscana\/","https:\/\/www.instagram.com\/despensafranciscana\/"]}]}},"_links":{"self":[{"href":"https:\/\/despensafranciscana.com\/fr\/wp-json\/wp\/v2\/pages\/3","targetHints":{"allow":["GET"]}}],"collection":[{"href":"https:\/\/despensafranciscana.com\/fr\/wp-json\/wp\/v2\/pages"}],"about":[{"href":"https:\/\/despensafranciscana.com\/fr\/wp-json\/wp\/v2\/types\/page"}],"author":[{"embeddable":true,"href":"https:\/\/despensafranciscana.com\/fr\/wp-json\/wp\/v2\/users\/1"}],"replies":[{"embeddable":true,"href":"https:\/\/despensafranciscana.com\/fr\/wp-json\/wp\/v2\/comments?post=3"}],"version-history":[{"count":0,"href":"https:\/\/despensafranciscana.com\/fr\/wp-json\/wp\/v2\/pages\/3\/revisions"}],"wp:attachment":[{"href":"https:\/\/despensafranciscana.com\/fr\/wp-json\/wp\/v2\/media?parent=3"}],"curies":[{"name":"wp","href":"https:\/\/api.w.org\/{rel}","templated":true}]}}