{"id":17146,"date":"2025-02-24T22:50:03","date_gmt":"2025-02-24T22:50:03","guid":{"rendered":"https:\/\/despensafranciscana.com\/?page_id=17146"},"modified":"2025-02-28T10:07:13","modified_gmt":"2025-02-28T10:07:13","slug":"sobre-nos","status":"publish","type":"page","link":"https:\/\/despensafranciscana.com\/fr\/sobre-nos\/","title":{"rendered":"Sobre N\u00f3s"},"content":{"rendered":"<div class=\"wpb-content-wrapper\"><div data-parent=\"true\" class=\"vc_row row-container\" id=\"row-unique-0\"><div class=\"row-background background-element\">\n\t\t\t\t\t\t\t\t\t\t\t<div class=\"background-wrapper\">\n\t\t\t\t\t\t\t\t\t\t\t\t<div class=\"background-inner\" style=\"background-image: url(https:\/\/despensafranciscana.com\/wp-content\/uploads\/2025\/02\/despensa-banner.jpg);background-repeat: no-repeat;background-position: center center;background-attachment: scroll;background-size: cover;\"><\/div>\n\t\t\t\t\t\t\t\t\t\t\t\t<div class=\"block-bg-overlay style-color-jevc-bg\" style=\"opacity: 0.5;\"><\/div>\n\t\t\t\t\t\t\t\t\t\t\t<\/div>\n\t\t\t\t\t\t\t\t\t\t<\/div><div class=\"row no-top-padding double-bottom-padding no-h-padding full-width row-parent\" data-height-ratio=\"50\"><div class=\"wpb_row row-inner\"><div class=\"wpb_column pos-middle pos-center align_left column_parent col-lg-12 half-internal-gutter\"><div class=\"uncol style-spec style-dark\"  ><div class=\"uncoltable\"><div class=\"uncell\" ><div class=\"uncont no-block-padding col-custom-width\" style=\" max-width:70%;\" ><div class=\"vc_custom_heading_wrap\"><div class=\"heading-text el-text\" ><h1 class=\"h1 text-uppercase\" ><span>Sobre N\u00f3s<\/span><\/h1><\/div><div class=\"clear\"><\/div><\/div><\/div><\/div><\/div><\/div><\/div><script id=\"script-row-unique-0\" data-row=\"script-row-unique-0\" type=\"text\/javascript\" class=\"vc_controls\">UNCODE.initRow(document.getElementById(\"row-unique-0\"));<\/script><\/div><\/div><\/div><div data-parent=\"true\" class=\"vc_row row-container\" id=\"row-unique-1\"><div class=\"row col-double-gutter double-top-padding single-bottom-padding single-h-padding limit-width row-parent\"><div class=\"wpb_row row-inner\"><div class=\"wpb_column pos-top pos-center align_left column_parent col-lg-4 col-md-25 half-internal-gutter\"><div class=\"uncol style-light animate_when_almost_visible alpha-anim\"  data-speed=\"1000\"><div class=\"uncoltable\"><div class=\"uncell no-block-padding\" ><div class=\"uncont\" ><div class=\"uncode-single-media  text-left\"><div class=\"single-wrapper\" style=\"max-width: 100%;\"><div class=\"tmb tmb-light  tmb-media-first tmb-media-last tmb-content-overlay tmb-no-bg\"><div class=\"t-inside\"><div class=\"t-entry-visual\"><div class=\"t-entry-visual-tc\"><div class=\"uncode-single-media-wrapper\"><img decoding=\"async\" class=\"wp-image-17221\" src=\"https:\/\/despensafranciscana.com\/wp-content\/uploads\/2025\/02\/despensa-foto-site.jpg\" width=\"1200\" height=\"1600\" alt=\"\" srcset=\"https:\/\/despensafranciscana.com\/wp-content\/uploads\/2025\/02\/despensa-foto-site.jpg 1200w, https:\/\/despensafranciscana.com\/wp-content\/uploads\/2025\/02\/despensa-foto-site-225x300.jpg 225w, https:\/\/despensafranciscana.com\/wp-content\/uploads\/2025\/02\/despensa-foto-site-768x1024.jpg 768w, https:\/\/despensafranciscana.com\/wp-content\/uploads\/2025\/02\/despensa-foto-site-1152x1536.jpg 1152w, https:\/\/despensafranciscana.com\/wp-content\/uploads\/2025\/02\/despensa-foto-site-9x12.jpg 9w, https:\/\/despensafranciscana.com\/wp-content\/uploads\/2025\/02\/despensa-foto-site-350x467.jpg 350w, https:\/\/despensafranciscana.com\/wp-content\/uploads\/2025\/02\/despensa-foto-site-800x1067.jpg 800w\" sizes=\"(max-width: 1200px) 100vw, 1200px\" \/><\/div>\n\t\t\t\t\t<\/div>\n\t\t\t\t<\/div><\/div><\/div><\/div><\/div><\/div><\/div><\/div><\/div><\/div><div class=\"wpb_column pos-top pos-center align_left column_parent col-lg-8 col-md-75 single-internal-gutter\"><div class=\"uncol style-light animate_when_almost_visible alpha-anim\"  data-speed=\"1000\"><div class=\"uncoltable\"><div class=\"uncell no-block-padding\" ><div class=\"uncont\" ><div class=\"uncode_text_column text-justify\" ><\/p>\n<h2><strong>A verdadeira Hist\u00f3ria da nossa Ginja <\/strong><\/h2>\n<p>Para ponto de partida, \u00e9 importante referir que existem apenas dois tipos de ginja: as m\u00e1s e as genu\u00ednas, que s\u00e3o cada vez mais escassas.<\/p>\n<p>Qu&#039;est-ce qui les diff\u00e9rencie de tous les autres ?<\/p>\n<p>Al\u00e9m da qualidade dos seus ingredientes, s\u00e3o as hist\u00f3rias e as viv\u00eancias que as comp\u00f5em. Por isso, quando estiverem a bebericar uma verdadeira ginja saibam que est\u00e3o a provar um peda\u00e7o de vida, ou melhor, de muitas vidas.<\/p>\n<p>L&#039;id\u00e9e de produire des cerises n&#039;est pas sortie de nulle part, ou par hasard, c&#039;\u00e9tait un long processus, comme c&#039;est la vie, et cela impliquait beaucoup de personnes et d&#039;\u00e9pisodes.<\/p>\n<p>Il y a de nombreuses ann\u00e9es, d&#039;histoire en histoire, de parodie en parodie, de conversation en conversation, une nuit de rencontre, &quot;quelqu&#039;un&quot;, du fond de la table, s&#039;est souvenu de demander :<\/p>\n<p><em>\u2013 \u201c\u00d3 Alentejano, tu que tens a mania de que \u00e9s engenhoso, porque n\u00e3o produzes tu a tal ginja como deve ser?\u201d<\/em><\/p>\n<p>Ce \u00ab quelqu&#039;un \u00bb s&#039;appelait Francisco de Santo Ant\u00f3nio, nom qu&#039;il choisit quand, comme Fr\u00e8re de la P\u00e9nitence, il rejoignit l&#039;Ordre de Saint Fran\u00e7ois d&#039;Assise.<\/p>\n<p>O \u201cAlentejano\u201d era um rapaz curioso, ainda um pouco incipiente e \u00e0 procura do seu caminho nesta vida, mas amigo de acompanhar gente mais velha e cheia de hist\u00f3rias para contar.<\/p>\n<\/div><\/div><\/div><\/div><\/div><\/div><script id=\"script-row-unique-1\" data-row=\"script-row-unique-1\" type=\"text\/javascript\" class=\"vc_controls\">UNCODE.initRow(document.getElementById(\"row-unique-1\"));<\/script><\/div><\/div><\/div><div data-parent=\"true\" class=\"vc_row row-container\" id=\"row-unique-2\"><div class=\"row limit-width row-parent\"><div class=\"wpb_row row-inner\"><div class=\"wpb_column pos-top pos-center align_left column_parent col-lg-12 single-internal-gutter\"><div class=\"uncol style-light\"  ><div class=\"uncoltable\"><div class=\"uncell no-block-padding\" ><div class=\"uncont\" ><div class=\"uncode_text_column text-justify\" ><p>Ces deux \u00ab grandes figures \u00bb ne leur auraient jamais travers\u00e9 l&#039;esprit lorsqu&#039;ils se sont rencontr\u00e9s, lors d&#039;un d\u00eener entre amis, qui, malgr\u00e9 leur diff\u00e9rence d&#039;\u00e2ge, plus de trente ans, ne se seraient jamais s\u00e9par\u00e9s.<\/p>\n<p>Leurs vies ont eu des hauts et des bas, parfois plus proches, parfois plus \u00e9loign\u00e9s, mais la v\u00e9rit\u00e9 est qu&#039;ils ont cr\u00e9\u00e9 une amiti\u00e9 si solide et profonde qu&#039;elle a dur\u00e9 jusqu&#039;au jour o\u00f9 fr\u00e8re Francisco a d\u00e9cid\u00e9 d&#039;aller dans sa ville natale pour mourir, laissant le &quot;Alentejano&quot; \u201d un \u00e9norme h\u00e9ritage, une recette conventuelle ancestrale de Ginjinha.<\/p>\n<p>L&#039;\u00ab Alentejano \u00bb s&#039;engage non seulement \u00e0 produire les griottes, en respectant la formule originale, mais aussi \u00e0 planter des griottes sur sa terre.<\/p>\n<p>Muitos anos depois, quis a pandemia, em Mar\u00e7o de 2020, que a promessa fosse finalmente cumprida, o \u201cAlentejano\u201d, agora ent\u00e3o meu marido, em conjunto comigo, plant\u00e1mos o nosso pr\u00f3prio ginjal e legaliz\u00e1mos este projeto, criando e patenteando esta receita divinal que ganhou vida atrav\u00e9s da marca \u201cGinja Conventual Franciscana\u201d.<\/p>\n<p>Deix\u00e1mos Lisboa para tr\u00e1s e regress\u00e1mos \u00e0s nossas origens Alentejanas, com a Maria e o Miguel de 9 e 6 anos respetivamente. Mud\u00e1mo-nos para a aldeia de Vale do Peso no Crato para dar forma, e vida, a ideias que estavam na gaveta h\u00e1 alguns anos.<\/p>\n<p>En respectant toutes les \u00e9tapes rigoureuses du processus de production, en utilisant les ingr\u00e9dients les plus naturels et de la plus haute qualit\u00e9, nous avons cr\u00e9\u00e9 une Ginjinha qui est aujourd'hui une r\u00e9f\u00e9rence sur le march\u00e9 national et international.<\/p>\n<p>A Ginjinha foi o ponto de partida para querermos levar o melhor que se produz nestas terras do Norte do Alentejo ao mundo, por isso, cri\u00e1mos a nossa loja online que agrega uma sele\u00e7\u00e3o \u00fanica de produtos e parceiros da regi\u00e3o.<\/p>\n<p>Na Despensa Franciscana, juntamos os sectores que fazem do Alentejo uma experi\u00eancia sensorial. Como conhecedores e amantes da regi\u00e3o, para al\u00e9m de gastronomia, partilhamos a nossa sele\u00e7\u00e3o pessoal de restaurantes, artesanato, passeios e recantos para que possa desfrutar do Alto Alentejo e dos seus produtos, tanto como n\u00f3s.<\/p>\n<\/div><\/div><\/div><\/div><\/div><\/div><script id=\"script-row-unique-2\" data-row=\"script-row-unique-2\" type=\"text\/javascript\" class=\"vc_controls\">UNCODE.initRow(document.getElementById(\"row-unique-2\"));<\/script><\/div><\/div><\/div><div data-parent=\"true\" class=\"vc_row row-container\" id=\"row-unique-3\"><div class=\"row limit-width row-parent\"><div class=\"wpb_row row-inner\"><div class=\"wpb_column pos-top pos-center align_left column_parent col-lg-12 single-internal-gutter\"><div class=\"uncol style-spec style-dark\"  ><div class=\"uncoltable\"><div class=\"uncell single-block-padding\" ><div class=\"column-background background-element\" style=\"opacity: 1;\">\n\t\t\t\t\t\t\t\t\t\t\t<div class=\"background-wrapper\">\n\t\t\t\t\t\t\t\t\t\t\t\t<div class=\"background-inner\"><\/div>\n\t\t\t\t\t\t\t\t\t\t\t\t<div class=\"block-bg-overlay style-color-510224-bg\" style=\"opacity: 0.5;\"><\/div>\n\t\t\t\t\t\t\t\t\t\t\t<\/div>\n\t\t\t\t\t\t\t\t\t\t<\/div><div class=\"uncont\" ><div class=\"uncode_text_column text-justify\" ><\/p>\n<h2 style=\"text-align: center;\"><strong>NOTRE VISION<\/strong><\/h2>\n<p>Inspirando e inovando atrav\u00e9s de uma sele\u00e7\u00e3o \u00fanica de produtos e experi\u00eancias desta regi\u00e3o, integrando produtores e parceiros de excel\u00eancia do Norte do Alentejo ao resto do Mundo. Queremos ser uma comunidade e uma refer\u00eancia para a nossa regi\u00e3o e, oferecer uma vasta gama de produtos de qualidade a todos de forma r\u00e1pida e acess\u00edvel.<\/p>\n<\/div><div class=\"divider-wrapper\"  >\n    <hr class=\"unseparator border-,Default-color separator-no-padding\"  \/>\n<\/div>\n<div class=\"uncode_text_column text-justify\" ><\/p>\n<h2 style=\"text-align: center;\"><strong>NOTRE MISSION<\/strong><\/h2>\n<p>Divulgar a diversidade de produtos e servi\u00e7os \u00fanicos do Alto Alentejo, de forma a contribuir para o aumento de visitantes \u00e0 regi\u00e3o e crescimento da economia local.<\/p>\n<\/div><div class=\"divider-wrapper\"  >\n    <hr class=\"unseparator border-,Default-color separator-no-padding\"  \/>\n<\/div>\n<div class=\"uncode_text_column text-justify\" ><\/p>\n<h2 style=\"text-align: center;\"><strong>NOS VALEURS <\/strong><\/h2>\n<p style=\"text-align: center;\">As pessoas em primeiro lugar;<br \/>\nS\u00f3 se torna bom para n\u00f3s, se for bom para o cliente;<br \/>\nSomos fan\u00e1ticos por servir bem;<br \/>\nA \u00e9tica \u00e9 inegoci\u00e1vel;<br \/>\nResponsabilidade Social;<br \/>\nRespeito pela Natureza;<\/p>\n<p>\n<\/div><\/div><\/div><\/div><\/div><\/div><script id=\"script-row-unique-3\" data-row=\"script-row-unique-3\" type=\"text\/javascript\" class=\"vc_controls\">UNCODE.initRow(document.getElementById(\"row-unique-3\"));<\/script><\/div><\/div><\/div>\n<\/div>","protected":false},"excerpt":{"rendered":"Sobre N\u00f3s A verdadeira Hist\u00f3ria da nossa Ginja Para ponto de partida, \u00e9 importante referir que existem apenas dois tipos [...]","protected":false},"author":98,"featured_media":0,"parent":0,"menu_order":0,"comment_status":"closed","ping_status":"closed","template":"","meta":{"footnotes":""},"class_list":["post-17146","page","type-page","status-publish","hentry"],"yoast_head":"<!-- This site is optimized with the Yoast SEO plugin v27.2 - https:\/\/yoast.com\/product\/yoast-seo-wordpress\/ -->\n<title>Sobre N\u00f3s - Despensa Franciscana<\/title>\n<meta name=\"robots\" content=\"index, follow, max-snippet:-1, max-image-preview:large, max-video-preview:-1\" \/>\n<link rel=\"canonical\" href=\"https:\/\/despensafranciscana.com\/fr\/sobre-nos\/\" \/>\n<meta property=\"og:locale\" content=\"fr_FR\" \/>\n<meta property=\"og:type\" content=\"article\" \/>\n<meta property=\"og:title\" content=\"Sobre N\u00f3s - Despensa Franciscana\" \/>\n<meta property=\"og:url\" content=\"https:\/\/despensafranciscana.com\/fr\/sobre-nos\/\" \/>\n<meta property=\"og:site_name\" content=\"Despensa Franciscana\" \/>\n<meta property=\"article:publisher\" content=\"https:\/\/www.facebook.com\/despensafranciscana\/\" \/>\n<meta property=\"article:modified_time\" content=\"2025-02-28T10:07:13+00:00\" \/>\n<meta property=\"og:image\" content=\"https:\/\/despensafranciscana.com\/wp-content\/uploads\/2026\/03\/despensa_social.jpg\" \/>\n\t<meta property=\"og:image:width\" content=\"1505\" \/>\n\t<meta property=\"og:image:height\" content=\"847\" \/>\n\t<meta property=\"og:image:type\" content=\"image\/jpeg\" \/>\n<meta name=\"twitter:card\" content=\"summary_large_image\" \/>\n<meta name=\"twitter:label1\" content=\"Dur\u00e9e de lecture estim\u00e9e\" \/>\n\t<meta name=\"twitter:data1\" content=\"5 minutes\" \/>\n<script type=\"application\/ld+json\" class=\"yoast-schema-graph\">{\"@context\":\"https:\/\/schema.org\",\"@graph\":[{\"@type\":\"WebPage\",\"@id\":\"https:\/\/despensafranciscana.com\/sobre-nos\/\",\"url\":\"https:\/\/despensafranciscana.com\/sobre-nos\/\",\"name\":\"Sobre N\u00f3s - Despensa Franciscana\",\"isPartOf\":{\"@id\":\"https:\/\/despensafranciscana.com\/#website\"},\"datePublished\":\"2025-02-24T22:50:03+00:00\",\"dateModified\":\"2025-02-28T10:07:13+00:00\",\"breadcrumb\":{\"@id\":\"https:\/\/despensafranciscana.com\/sobre-nos\/#breadcrumb\"},\"inLanguage\":\"fr-FR\",\"potentialAction\":[{\"@type\":\"ReadAction\",\"target\":[\"https:\/\/despensafranciscana.com\/sobre-nos\/\"]}]},{\"@type\":\"BreadcrumbList\",\"@id\":\"https:\/\/despensafranciscana.com\/sobre-nos\/#breadcrumb\",\"itemListElement\":[{\"@type\":\"ListItem\",\"position\":1,\"name\":\"In\u00edcio\",\"item\":\"https:\/\/despensafranciscana.com\/\"},{\"@type\":\"ListItem\",\"position\":2,\"name\":\"Sobre N\u00f3s\"}]},{\"@type\":\"WebSite\",\"@id\":\"https:\/\/despensafranciscana.com\/#website\",\"url\":\"https:\/\/despensafranciscana.com\/\",\"name\":\"Despensa Franciscana\",\"description\":\"Despensa Franciscana\",\"publisher\":{\"@id\":\"https:\/\/despensafranciscana.com\/#organization\"},\"potentialAction\":[{\"@type\":\"SearchAction\",\"target\":{\"@type\":\"EntryPoint\",\"urlTemplate\":\"https:\/\/despensafranciscana.com\/?s={search_term_string}\"},\"query-input\":{\"@type\":\"PropertyValueSpecification\",\"valueRequired\":true,\"valueName\":\"search_term_string\"}}],\"inLanguage\":\"fr-FR\"},{\"@type\":\"Organization\",\"@id\":\"https:\/\/despensafranciscana.com\/#organization\",\"name\":\"Despensa Franciscana\",\"url\":\"https:\/\/despensafranciscana.com\/\",\"logo\":{\"@type\":\"ImageObject\",\"inLanguage\":\"fr-FR\",\"@id\":\"https:\/\/despensafranciscana.com\/#\/schema\/logo\/image\/\",\"url\":\"https:\/\/despensafranciscana.com\/wp-content\/uploads\/2025\/02\/despensa-franciscana-revamp-logos-8.png\",\"contentUrl\":\"https:\/\/despensafranciscana.com\/wp-content\/uploads\/2025\/02\/despensa-franciscana-revamp-logos-8.png\",\"width\":1920,\"height\":628,\"caption\":\"Despensa Franciscana\"},\"image\":{\"@id\":\"https:\/\/despensafranciscana.com\/#\/schema\/logo\/image\/\"},\"sameAs\":[\"https:\/\/www.facebook.com\/despensafranciscana\/\",\"https:\/\/www.instagram.com\/despensafranciscana\/\"]}]}<\/script>\n<!-- \/ Yoast SEO plugin. -->","yoast_head_json":{"title":"Sobre N\u00f3s - Despensa Franciscana","robots":{"index":"index","follow":"follow","max-snippet":"max-snippet:-1","max-image-preview":"max-image-preview:large","max-video-preview":"max-video-preview:-1"},"canonical":"https:\/\/despensafranciscana.com\/fr\/sobre-nos\/","og_locale":"fr_FR","og_type":"article","og_title":"Sobre N\u00f3s - Despensa Franciscana","og_url":"https:\/\/despensafranciscana.com\/fr\/sobre-nos\/","og_site_name":"Despensa Franciscana","article_publisher":"https:\/\/www.facebook.com\/despensafranciscana\/","article_modified_time":"2025-02-28T10:07:13+00:00","og_image":[{"width":1505,"height":847,"url":"https:\/\/despensafranciscana.com\/wp-content\/uploads\/2026\/03\/despensa_social.jpg","type":"image\/jpeg"}],"twitter_card":"summary_large_image","twitter_misc":{"Dur\u00e9e de lecture estim\u00e9e":"5 minutes"},"schema":{"@context":"https:\/\/schema.org","@graph":[{"@type":"WebPage","@id":"https:\/\/despensafranciscana.com\/sobre-nos\/","url":"https:\/\/despensafranciscana.com\/sobre-nos\/","name":"Sobre N\u00f3s - Despensa Franciscana","isPartOf":{"@id":"https:\/\/despensafranciscana.com\/#website"},"datePublished":"2025-02-24T22:50:03+00:00","dateModified":"2025-02-28T10:07:13+00:00","breadcrumb":{"@id":"https:\/\/despensafranciscana.com\/sobre-nos\/#breadcrumb"},"inLanguage":"fr-FR","potentialAction":[{"@type":"ReadAction","target":["https:\/\/despensafranciscana.com\/sobre-nos\/"]}]},{"@type":"BreadcrumbList","@id":"https:\/\/despensafranciscana.com\/sobre-nos\/#breadcrumb","itemListElement":[{"@type":"ListItem","position":1,"name":"In\u00edcio","item":"https:\/\/despensafranciscana.com\/"},{"@type":"ListItem","position":2,"name":"Sobre N\u00f3s"}]},{"@type":"WebSite","@id":"https:\/\/despensafranciscana.com\/#website","url":"https:\/\/despensafranciscana.com\/","name":"garde-manger franciscain","description":"garde-manger franciscain","publisher":{"@id":"https:\/\/despensafranciscana.com\/#organization"},"potentialAction":[{"@type":"SearchAction","target":{"@type":"EntryPoint","urlTemplate":"https:\/\/despensafranciscana.com\/?s={search_term_string}"},"query-input":{"@type":"PropertyValueSpecification","valueRequired":true,"valueName":"search_term_string"}}],"inLanguage":"fr-FR"},{"@type":"Organization","@id":"https:\/\/despensafranciscana.com\/#organization","name":"garde-manger franciscain","url":"https:\/\/despensafranciscana.com\/","logo":{"@type":"ImageObject","inLanguage":"fr-FR","@id":"https:\/\/despensafranciscana.com\/#\/schema\/logo\/image\/","url":"https:\/\/despensafranciscana.com\/wp-content\/uploads\/2025\/02\/despensa-franciscana-revamp-logos-8.png","contentUrl":"https:\/\/despensafranciscana.com\/wp-content\/uploads\/2025\/02\/despensa-franciscana-revamp-logos-8.png","width":1920,"height":628,"caption":"Despensa Franciscana"},"image":{"@id":"https:\/\/despensafranciscana.com\/#\/schema\/logo\/image\/"},"sameAs":["https:\/\/www.facebook.com\/despensafranciscana\/","https:\/\/www.instagram.com\/despensafranciscana\/"]}]}},"_links":{"self":[{"href":"https:\/\/despensafranciscana.com\/fr\/wp-json\/wp\/v2\/pages\/17146","targetHints":{"allow":["GET"]}}],"collection":[{"href":"https:\/\/despensafranciscana.com\/fr\/wp-json\/wp\/v2\/pages"}],"about":[{"href":"https:\/\/despensafranciscana.com\/fr\/wp-json\/wp\/v2\/types\/page"}],"author":[{"embeddable":true,"href":"https:\/\/despensafranciscana.com\/fr\/wp-json\/wp\/v2\/users\/98"}],"replies":[{"embeddable":true,"href":"https:\/\/despensafranciscana.com\/fr\/wp-json\/wp\/v2\/comments?post=17146"}],"version-history":[{"count":0,"href":"https:\/\/despensafranciscana.com\/fr\/wp-json\/wp\/v2\/pages\/17146\/revisions"}],"wp:attachment":[{"href":"https:\/\/despensafranciscana.com\/fr\/wp-json\/wp\/v2\/media?parent=17146"}],"curies":[{"name":"wp","href":"https:\/\/api.w.org\/{rel}","templated":true}]}}