{"id":13365,"date":"2022-10-26T23:37:48","date_gmt":"2022-10-26T22:37:48","guid":{"rendered":"https:\/\/despensafranciscana.com\/?page_id=13365"},"modified":"2023-01-19T15:13:29","modified_gmt":"2023-01-19T15:13:29","slug":"experiencias-franciscanas","status":"publish","type":"page","link":"https:\/\/despensafranciscana.com\/fr\/experiencias-franciscanas\/","title":{"rendered":"Exp\u00e9riences franciscaines"},"content":{"rendered":"<p class=\"has-text-align-center\" style=\"font-size:24px\"><strong>EXP\u00c9RIENCES FRANCISCAINES<\/strong><\/p>\n\n\n\n<hr class=\"wp-block-separator has-alpha-channel-opacity\"\/>\n\n\n\n<div class=\"wp-block-cover is-light\"><span aria-hidden=\"true\" class=\"wp-block-cover__background has-background-dim-0 has-background-dim\"><\/span><img decoding=\"async\" width=\"1920\" height=\"1146\" class=\"wp-block-cover__image-background wp-image-13381\" alt=\"\" src=\"https:\/\/despensafranciscana.com\/wp-content\/uploads\/2022\/10\/despensa-franciscana-revamp-ilustracao-4.png\" data-object-fit=\"cover\" srcset=\"https:\/\/despensafranciscana.com\/wp-content\/uploads\/2022\/10\/despensa-franciscana-revamp-ilustracao-4.png 1920w, https:\/\/despensafranciscana.com\/wp-content\/uploads\/2022\/10\/despensa-franciscana-revamp-ilustracao-4-800x478.png 800w, https:\/\/despensafranciscana.com\/wp-content\/uploads\/2022\/10\/despensa-franciscana-revamp-ilustracao-4-300x179.png 300w, https:\/\/despensafranciscana.com\/wp-content\/uploads\/2022\/10\/despensa-franciscana-revamp-ilustracao-4-1024x611.png 1024w, https:\/\/despensafranciscana.com\/wp-content\/uploads\/2022\/10\/despensa-franciscana-revamp-ilustracao-4-768x458.png 768w, https:\/\/despensafranciscana.com\/wp-content\/uploads\/2022\/10\/despensa-franciscana-revamp-ilustracao-4-1536x917.png 1536w, https:\/\/despensafranciscana.com\/wp-content\/uploads\/2022\/10\/despensa-franciscana-revamp-ilustracao-4-18x12.png 18w, https:\/\/despensafranciscana.com\/wp-content\/uploads\/2022\/10\/despensa-franciscana-revamp-ilustracao-4-600x358.png 600w\" sizes=\"(max-width: 1920px) 100vw, 1920px\" \/><div class=\"wp-block-cover__inner-container is-layout-flow wp-block-cover-is-layout-flow\"><div class=\"wp-block-image\">\n<figure class=\"alignleft size-large is-resized\"><img decoding=\"async\" src=\"https:\/\/despensafranciscana.com\/wp-content\/uploads\/2022\/10\/despensa-franciscana-revamp-icones-3-1024x1024.png\" alt=\"\" class=\"wp-image-13382\" width=\"201\" height=\"201\" srcset=\"https:\/\/despensafranciscana.com\/wp-content\/uploads\/2022\/10\/despensa-franciscana-revamp-icones-3-1024x1024.png 1024w, https:\/\/despensafranciscana.com\/wp-content\/uploads\/2022\/10\/despensa-franciscana-revamp-icones-3-600x600.png 600w, https:\/\/despensafranciscana.com\/wp-content\/uploads\/2022\/10\/despensa-franciscana-revamp-icones-3-100x100.png 100w, https:\/\/despensafranciscana.com\/wp-content\/uploads\/2022\/10\/despensa-franciscana-revamp-icones-3-800x800.png 800w, https:\/\/despensafranciscana.com\/wp-content\/uploads\/2022\/10\/despensa-franciscana-revamp-icones-3-300x300.png 300w, https:\/\/despensafranciscana.com\/wp-content\/uploads\/2022\/10\/despensa-franciscana-revamp-icones-3-150x150.png 150w, https:\/\/despensafranciscana.com\/wp-content\/uploads\/2022\/10\/despensa-franciscana-revamp-icones-3-768x768.png 768w, https:\/\/despensafranciscana.com\/wp-content\/uploads\/2022\/10\/despensa-franciscana-revamp-icones-3-12x12.png 12w, https:\/\/despensafranciscana.com\/wp-content\/uploads\/2022\/10\/despensa-franciscana-revamp-icones-3.png 1080w\" sizes=\"(max-width: 201px) 100vw, 201px\" \/><\/figure>\n<\/div>\n\n\n<p>\u00c0 l'int\u00e9rieur d'une cave \u00e0 vin typique, vous aurez l'occasion de d\u00e9guster des produits de l'Alto Alentejo, une s\u00e9lection sp\u00e9ciale de d\u00e9lices r\u00e9gionaux de l'Alto Alentejo et des produits de l'Alto Alentejo. <strong>garde-manger franciscain<\/strong>. Sirotez un vin local, d\u00e9gustez des amuse-gueules, sirotez une ginjinha, go\u00fbtez des friandises ou \u00e9coutez de la musique d'ambiance. Tout cela et bien d'autres choses encore vous attendent !<\/p>\n\n\n\n<p><\/p>\n\n\n\n<p><\/p>\n\n\n\n<p class=\"has-text-align-center\"><strong>R\u00c9UNISSEZ UN GROUPE D'AMIS ET VENEZ VIVRE CETTE EXP\u00c9RIENCE UNIQUE DANS UNE AMBIANCE FAMILIALE.<\/strong><\/p>\n<\/div><\/div>\n\n\n\n<hr class=\"wp-block-separator has-alpha-channel-opacity\"\/>\n\n\n\n<div class=\"wp-block-columns is-layout-flex wp-container-core-columns-is-layout-9d6595d7 wp-block-columns-is-layout-flex\">\n<div class=\"wp-block-column has-white-background-color has-background is-layout-flow wp-block-column-is-layout-flow\">\n<p class=\"has-text-align-center has-text-color\" style=\"color:#6f0000\"><strong>PROPOSITION A<\/strong><\/p>\n\n\n\n<p class=\"has-text-align-center has-small-font-size\"><strong>Prix par personne : 15\u20ac.<\/strong><br>Vinho Regional\/Enchido\/Queijo Alentejano\/P\u00e3o\/Azeitonas\/Azeite\/Pasta de Azeitona\/Ginjinha\/Compota de Ginja\/Bolachas de ginja<\/p>\n\n\n\n<p><\/p>\n\n\n\n<hr class=\"wp-block-separator has-alpha-channel-opacity\"\/>\n\n\n\n<p class=\"has-text-align-left has-small-font-size\"><strong>INFORMATIONS COMPL\u00c9MENTAIRES<br><\/strong>Dur\u00e9e de l'exp\u00e9rience : <strong>1h:30m-2h<\/strong><br>Nombre minimum de participants : <strong>5 personnes<\/strong><br><a href=\"https:\/\/despensafranciscana.com\/wp-content\/uploads\/2023\/01\/Catalogo-Despensa-Franciscana.2023.pdf\" data-type=\"URL\" data-id=\"https:\/\/despensafranciscana.com\/wp-content\/uploads\/2022\/11\/catalogo-Despensa-Franciscana.pdf\" target=\"_blank\" rel=\"noreferrer noopener\">Catalogue du garde-manger <\/a> (pdf)<\/p>\n<\/div>\n\n\n\n<div class=\"wp-block-column is-layout-flow wp-block-column-is-layout-flow\">\n<p class=\"has-text-align-center has-text-color\" style=\"color:#6f0000\">PROPOSITION B<\/p>\n\n\n\n<p class=\"has-text-align-center has-small-font-size\"><strong>Prix par personne : 10 \u20ac.<\/strong><br>Vinho Regional\/Enchido\/Queijo Alentejano\/P\u00e3o\/Ginjinha\/Compota de Ginja\/Bolachas de Ginja<br><\/p>\n\n\n\n<p><\/p>\n\n\n\n<hr class=\"wp-block-separator has-alpha-channel-opacity\"\/>\n<\/div>\n\n\n\n<div class=\"wp-block-column is-layout-flow wp-block-column-is-layout-flow\">\n<p class=\"has-text-align-center has-text-color\" style=\"color:#6f0000\">PROPOSITION C<\/p>\n\n\n\n<p class=\"has-text-align-center has-small-font-size\"><strong>Prix par personne : 7,5\u20ac.<\/strong><br>Confiture de cerises acides\/biscuits aux cerises acides<br><br><br><\/p>\n\n\n\n<p><\/p>\n\n\n\n<hr class=\"wp-block-separator has-alpha-channel-opacity\"\/>\n<\/div>\n<\/div>\n\n\n\n<hr class=\"wp-block-separator has-alpha-channel-opacity\"\/>\n\n\n\n<figure class=\"wp-block-gallery aligncenter has-nested-images columns-default is-cropped wp-block-gallery-1 is-layout-flex wp-block-gallery-is-layout-flex\">\n<figure class=\"wp-block-image size-medium\"><img decoding=\"async\" width=\"225\" height=\"300\" data-id=\"13377\" src=\"https:\/\/despensafranciscana.com\/wp-content\/uploads\/2022\/10\/Foto4_Experiencias_Franciscanas-225x300.jpeg\" alt=\"\" class=\"wp-image-13377\" srcset=\"https:\/\/despensafranciscana.com\/wp-content\/uploads\/2022\/10\/Foto4_Experiencias_Franciscanas-225x300.jpeg 225w, https:\/\/despensafranciscana.com\/wp-content\/uploads\/2022\/10\/Foto4_Experiencias_Franciscanas-800x1067.jpeg 800w, https:\/\/despensafranciscana.com\/wp-content\/uploads\/2022\/10\/Foto4_Experiencias_Franciscanas-768x1024.jpeg 768w, https:\/\/despensafranciscana.com\/wp-content\/uploads\/2022\/10\/Foto4_Experiencias_Franciscanas-1152x1536.jpeg 1152w, https:\/\/despensafranciscana.com\/wp-content\/uploads\/2022\/10\/Foto4_Experiencias_Franciscanas-9x12.jpeg 9w, https:\/\/despensafranciscana.com\/wp-content\/uploads\/2022\/10\/Foto4_Experiencias_Franciscanas-600x800.jpeg 600w, https:\/\/despensafranciscana.com\/wp-content\/uploads\/2022\/10\/Foto4_Experiencias_Franciscanas.jpeg 1536w\" sizes=\"(max-width: 225px) 100vw, 225px\" \/><\/figure>\n\n\n\n<figure class=\"wp-block-image size-medium\"><img decoding=\"async\" width=\"225\" height=\"300\" data-id=\"13369\" src=\"https:\/\/despensafranciscana.com\/wp-content\/uploads\/2022\/10\/Foto1_Experiencias_Franciscanas-225x300.jpeg\" alt=\"\" class=\"wp-image-13369\" srcset=\"https:\/\/despensafranciscana.com\/wp-content\/uploads\/2022\/10\/Foto1_Experiencias_Franciscanas-225x300.jpeg 225w, https:\/\/despensafranciscana.com\/wp-content\/uploads\/2022\/10\/Foto1_Experiencias_Franciscanas-800x1067.jpeg 800w, https:\/\/despensafranciscana.com\/wp-content\/uploads\/2022\/10\/Foto1_Experiencias_Franciscanas-768x1024.jpeg 768w, https:\/\/despensafranciscana.com\/wp-content\/uploads\/2022\/10\/Foto1_Experiencias_Franciscanas-1152x1536.jpeg 1152w, https:\/\/despensafranciscana.com\/wp-content\/uploads\/2022\/10\/Foto1_Experiencias_Franciscanas-9x12.jpeg 9w, https:\/\/despensafranciscana.com\/wp-content\/uploads\/2022\/10\/Foto1_Experiencias_Franciscanas-600x800.jpeg 600w, https:\/\/despensafranciscana.com\/wp-content\/uploads\/2022\/10\/Foto1_Experiencias_Franciscanas.jpeg 1536w\" sizes=\"(max-width: 225px) 100vw, 225px\" \/><\/figure>\n\n\n\n<figure class=\"wp-block-image size-medium is-style-default\"><img decoding=\"async\" width=\"225\" height=\"300\" data-id=\"13402\" src=\"https:\/\/despensafranciscana.com\/wp-content\/uploads\/2022\/10\/Foto5_Experiencias_Franciscanas-225x300.jpeg\" alt=\"\" class=\"wp-image-13402\" srcset=\"https:\/\/despensafranciscana.com\/wp-content\/uploads\/2022\/10\/Foto5_Experiencias_Franciscanas-225x300.jpeg 225w, https:\/\/despensafranciscana.com\/wp-content\/uploads\/2022\/10\/Foto5_Experiencias_Franciscanas-800x1067.jpeg 800w, https:\/\/despensafranciscana.com\/wp-content\/uploads\/2022\/10\/Foto5_Experiencias_Franciscanas-768x1024.jpeg 768w, https:\/\/despensafranciscana.com\/wp-content\/uploads\/2022\/10\/Foto5_Experiencias_Franciscanas-1152x1536.jpeg 1152w, https:\/\/despensafranciscana.com\/wp-content\/uploads\/2022\/10\/Foto5_Experiencias_Franciscanas-9x12.jpeg 9w, https:\/\/despensafranciscana.com\/wp-content\/uploads\/2022\/10\/Foto5_Experiencias_Franciscanas-600x800.jpeg 600w, https:\/\/despensafranciscana.com\/wp-content\/uploads\/2022\/10\/Foto5_Experiencias_Franciscanas.jpeg 1536w\" sizes=\"(max-width: 225px) 100vw, 225px\" \/><\/figure>\n<\/figure>\n\n\n\n<hr class=\"wp-block-separator has-alpha-channel-opacity\"\/>\n\n\n\n<figure class=\"wp-block-image size-large is-resized\"><img decoding=\"async\" src=\"https:\/\/despensafranciscana.com\/wp-content\/uploads\/2022\/10\/Contactos-Despensa-1024x385.png\" alt=\"\" class=\"wp-image-13373\" width=\"547\" height=\"205\" srcset=\"https:\/\/despensafranciscana.com\/wp-content\/uploads\/2022\/10\/Contactos-Despensa-1024x385.png 1024w, https:\/\/despensafranciscana.com\/wp-content\/uploads\/2022\/10\/Contactos-Despensa-800x301.png 800w, https:\/\/despensafranciscana.com\/wp-content\/uploads\/2022\/10\/Contactos-Despensa-300x113.png 300w, https:\/\/despensafranciscana.com\/wp-content\/uploads\/2022\/10\/Contactos-Despensa-768x289.png 768w, https:\/\/despensafranciscana.com\/wp-content\/uploads\/2022\/10\/Contactos-Despensa-18x7.png 18w, https:\/\/despensafranciscana.com\/wp-content\/uploads\/2022\/10\/Contactos-Despensa-600x226.png 600w, https:\/\/despensafranciscana.com\/wp-content\/uploads\/2022\/10\/Contactos-Despensa.png 1063w\" sizes=\"(max-width: 547px) 100vw, 547px\" \/><\/figure>","protected":false},"excerpt":{"rendered":"<p>EXPERI\u00caNCIAS FRANCISCANAS PROPOSTA A Pre\u00e7o por pessoa: 15\u20acVinho Regional\/Enchido\/Queijo Alentejano\/P\u00e3o\/Azeitonas\/Azeite\/Pasta de Azeitona\/Ginjinha\/Compota de Ginja\/Bolachas de ginja INFORMA\u00c7\u00d5ES ADICIONAISDura\u00e7\u00e3o da experi\u00eancia: [&hellip;]<\/p>\n","protected":false},"author":1,"featured_media":0,"parent":0,"menu_order":0,"comment_status":"closed","ping_status":"closed","template":"","meta":{"footnotes":""},"class_list":["post-13365","page","type-page","status-publish","hentry"],"yoast_head":"<!-- This site is optimized with the Yoast SEO plugin v27.4 - https:\/\/yoast.com\/product\/yoast-seo-wordpress\/ -->\n<title>Experi\u00eancias Franciscanas - Despensa Franciscana<\/title>\n<meta name=\"robots\" content=\"index, follow, max-snippet:-1, max-image-preview:large, max-video-preview:-1\" \/>\n<link rel=\"canonical\" href=\"https:\/\/despensafranciscana.com\/fr\/experiencias-franciscanas\/\" \/>\n<meta property=\"og:locale\" content=\"fr_FR\" \/>\n<meta property=\"og:type\" content=\"article\" \/>\n<meta property=\"og:title\" content=\"Experi\u00eancias Franciscanas - Despensa Franciscana\" \/>\n<meta property=\"og:description\" content=\"EXPERI\u00caNCIAS FRANCISCANAS PROPOSTA A Pre\u00e7o por pessoa: 15\u20acVinho Regional\/Enchido\/Queijo Alentejano\/P\u00e3o\/Azeitonas\/Azeite\/Pasta de Azeitona\/Ginjinha\/Compota de Ginja\/Bolachas de ginja INFORMA\u00c7\u00d5ES ADICIONAISDura\u00e7\u00e3o da experi\u00eancia: [&hellip;]\" \/>\n<meta property=\"og:url\" content=\"https:\/\/despensafranciscana.com\/fr\/experiencias-franciscanas\/\" \/>\n<meta property=\"og:site_name\" content=\"Despensa Franciscana\" \/>\n<meta property=\"article:publisher\" content=\"https:\/\/www.facebook.com\/despensafranciscana\/\" \/>\n<meta property=\"article:modified_time\" content=\"2023-01-19T15:13:29+00:00\" \/>\n<meta property=\"og:image\" content=\"https:\/\/despensafranciscana.com\/wp-content\/uploads\/2022\/10\/despensa-franciscana-revamp-ilustracao-4.png\" \/>\n\t<meta property=\"og:image:width\" content=\"1920\" \/>\n\t<meta property=\"og:image:height\" content=\"1146\" \/>\n\t<meta property=\"og:image:type\" content=\"image\/png\" \/>\n<meta name=\"twitter:card\" content=\"summary_large_image\" \/>\n<meta name=\"twitter:label1\" content=\"Dur\u00e9e de lecture estim\u00e9e\" \/>\n\t<meta name=\"twitter:data1\" content=\"1 minute\" \/>\n<script type=\"application\/ld+json\" class=\"yoast-schema-graph\">{\"@context\":\"https:\\\/\\\/schema.org\",\"@graph\":[{\"@type\":\"WebPage\",\"@id\":\"https:\\\/\\\/despensafranciscana.com\\\/experiencias-franciscanas\\\/\",\"url\":\"https:\\\/\\\/despensafranciscana.com\\\/experiencias-franciscanas\\\/\",\"name\":\"Experi\u00eancias Franciscanas - Despensa Franciscana\",\"isPartOf\":{\"@id\":\"https:\\\/\\\/despensafranciscana.com\\\/#website\"},\"primaryImageOfPage\":{\"@id\":\"https:\\\/\\\/despensafranciscana.com\\\/experiencias-franciscanas\\\/#primaryimage\"},\"image\":{\"@id\":\"https:\\\/\\\/despensafranciscana.com\\\/experiencias-franciscanas\\\/#primaryimage\"},\"thumbnailUrl\":\"https:\\\/\\\/despensafranciscana.com\\\/wp-content\\\/uploads\\\/2022\\\/10\\\/despensa-franciscana-revamp-ilustracao-4.png\",\"datePublished\":\"2022-10-26T22:37:48+00:00\",\"dateModified\":\"2023-01-19T15:13:29+00:00\",\"breadcrumb\":{\"@id\":\"https:\\\/\\\/despensafranciscana.com\\\/experiencias-franciscanas\\\/#breadcrumb\"},\"inLanguage\":\"fr-FR\",\"potentialAction\":[{\"@type\":\"ReadAction\",\"target\":[\"https:\\\/\\\/despensafranciscana.com\\\/experiencias-franciscanas\\\/\"]}]},{\"@type\":\"ImageObject\",\"inLanguage\":\"fr-FR\",\"@id\":\"https:\\\/\\\/despensafranciscana.com\\\/experiencias-franciscanas\\\/#primaryimage\",\"url\":\"https:\\\/\\\/despensafranciscana.com\\\/wp-content\\\/uploads\\\/2022\\\/10\\\/despensa-franciscana-revamp-ilustracao-4.png\",\"contentUrl\":\"https:\\\/\\\/despensafranciscana.com\\\/wp-content\\\/uploads\\\/2022\\\/10\\\/despensa-franciscana-revamp-ilustracao-4.png\"},{\"@type\":\"BreadcrumbList\",\"@id\":\"https:\\\/\\\/despensafranciscana.com\\\/experiencias-franciscanas\\\/#breadcrumb\",\"itemListElement\":[{\"@type\":\"ListItem\",\"position\":1,\"name\":\"In\u00edcio\",\"item\":\"https:\\\/\\\/despensafranciscana.com\\\/\"},{\"@type\":\"ListItem\",\"position\":2,\"name\":\"Experi\u00eancias Franciscanas\"}]},{\"@type\":\"WebSite\",\"@id\":\"https:\\\/\\\/despensafranciscana.com\\\/#website\",\"url\":\"https:\\\/\\\/despensafranciscana.com\\\/\",\"name\":\"Despensa Franciscana\",\"description\":\"Despensa Franciscana\",\"publisher\":{\"@id\":\"https:\\\/\\\/despensafranciscana.com\\\/#organization\"},\"potentialAction\":[{\"@type\":\"SearchAction\",\"target\":{\"@type\":\"EntryPoint\",\"urlTemplate\":\"https:\\\/\\\/despensafranciscana.com\\\/?s={search_term_string}\"},\"query-input\":{\"@type\":\"PropertyValueSpecification\",\"valueRequired\":true,\"valueName\":\"search_term_string\"}}],\"inLanguage\":\"fr-FR\"},{\"@type\":\"Organization\",\"@id\":\"https:\\\/\\\/despensafranciscana.com\\\/#organization\",\"name\":\"Despensa Franciscana\",\"url\":\"https:\\\/\\\/despensafranciscana.com\\\/\",\"logo\":{\"@type\":\"ImageObject\",\"inLanguage\":\"fr-FR\",\"@id\":\"https:\\\/\\\/despensafranciscana.com\\\/#\\\/schema\\\/logo\\\/image\\\/\",\"url\":\"https:\\\/\\\/despensafranciscana.com\\\/wp-content\\\/uploads\\\/2025\\\/02\\\/despensa-franciscana-revamp-logos-8.png\",\"contentUrl\":\"https:\\\/\\\/despensafranciscana.com\\\/wp-content\\\/uploads\\\/2025\\\/02\\\/despensa-franciscana-revamp-logos-8.png\",\"width\":1920,\"height\":628,\"caption\":\"Despensa Franciscana\"},\"image\":{\"@id\":\"https:\\\/\\\/despensafranciscana.com\\\/#\\\/schema\\\/logo\\\/image\\\/\"},\"sameAs\":[\"https:\\\/\\\/www.facebook.com\\\/despensafranciscana\\\/\",\"https:\\\/\\\/www.instagram.com\\\/despensafranciscana\\\/\"]}]}<\/script>\n<!-- \/ Yoast SEO plugin. -->","yoast_head_json":{"title":"Experi\u00eancias Franciscanas - Despensa Franciscana","robots":{"index":"index","follow":"follow","max-snippet":"max-snippet:-1","max-image-preview":"max-image-preview:large","max-video-preview":"max-video-preview:-1"},"canonical":"https:\/\/despensafranciscana.com\/fr\/experiencias-franciscanas\/","og_locale":"fr_FR","og_type":"article","og_title":"Experi\u00eancias Franciscanas - Despensa Franciscana","og_description":"EXPERI\u00caNCIAS FRANCISCANAS PROPOSTA A Pre\u00e7o por pessoa: 15\u20acVinho Regional\/Enchido\/Queijo Alentejano\/P\u00e3o\/Azeitonas\/Azeite\/Pasta de Azeitona\/Ginjinha\/Compota de Ginja\/Bolachas de ginja INFORMA\u00c7\u00d5ES ADICIONAISDura\u00e7\u00e3o da experi\u00eancia: [&hellip;]","og_url":"https:\/\/despensafranciscana.com\/fr\/experiencias-franciscanas\/","og_site_name":"Despensa Franciscana","article_publisher":"https:\/\/www.facebook.com\/despensafranciscana\/","article_modified_time":"2023-01-19T15:13:29+00:00","og_image":[{"width":1920,"height":1146,"url":"https:\/\/despensafranciscana.com\/wp-content\/uploads\/2022\/10\/despensa-franciscana-revamp-ilustracao-4.png","type":"image\/png"}],"twitter_card":"summary_large_image","twitter_misc":{"Dur\u00e9e de lecture estim\u00e9e":"1 minute"},"schema":{"@context":"https:\/\/schema.org","@graph":[{"@type":"WebPage","@id":"https:\/\/despensafranciscana.com\/experiencias-franciscanas\/","url":"https:\/\/despensafranciscana.com\/experiencias-franciscanas\/","name":"Experi\u00eancias Franciscanas - Despensa Franciscana","isPartOf":{"@id":"https:\/\/despensafranciscana.com\/#website"},"primaryImageOfPage":{"@id":"https:\/\/despensafranciscana.com\/experiencias-franciscanas\/#primaryimage"},"image":{"@id":"https:\/\/despensafranciscana.com\/experiencias-franciscanas\/#primaryimage"},"thumbnailUrl":"https:\/\/despensafranciscana.com\/wp-content\/uploads\/2022\/10\/despensa-franciscana-revamp-ilustracao-4.png","datePublished":"2022-10-26T22:37:48+00:00","dateModified":"2023-01-19T15:13:29+00:00","breadcrumb":{"@id":"https:\/\/despensafranciscana.com\/experiencias-franciscanas\/#breadcrumb"},"inLanguage":"fr-FR","potentialAction":[{"@type":"ReadAction","target":["https:\/\/despensafranciscana.com\/experiencias-franciscanas\/"]}]},{"@type":"ImageObject","inLanguage":"fr-FR","@id":"https:\/\/despensafranciscana.com\/experiencias-franciscanas\/#primaryimage","url":"https:\/\/despensafranciscana.com\/wp-content\/uploads\/2022\/10\/despensa-franciscana-revamp-ilustracao-4.png","contentUrl":"https:\/\/despensafranciscana.com\/wp-content\/uploads\/2022\/10\/despensa-franciscana-revamp-ilustracao-4.png"},{"@type":"BreadcrumbList","@id":"https:\/\/despensafranciscana.com\/experiencias-franciscanas\/#breadcrumb","itemListElement":[{"@type":"ListItem","position":1,"name":"In\u00edcio","item":"https:\/\/despensafranciscana.com\/"},{"@type":"ListItem","position":2,"name":"Experi\u00eancias Franciscanas"}]},{"@type":"WebSite","@id":"https:\/\/despensafranciscana.com\/#website","url":"https:\/\/despensafranciscana.com\/","name":"garde-manger franciscain","description":"garde-manger franciscain","publisher":{"@id":"https:\/\/despensafranciscana.com\/#organization"},"potentialAction":[{"@type":"SearchAction","target":{"@type":"EntryPoint","urlTemplate":"https:\/\/despensafranciscana.com\/?s={search_term_string}"},"query-input":{"@type":"PropertyValueSpecification","valueRequired":true,"valueName":"search_term_string"}}],"inLanguage":"fr-FR"},{"@type":"Organization","@id":"https:\/\/despensafranciscana.com\/#organization","name":"garde-manger franciscain","url":"https:\/\/despensafranciscana.com\/","logo":{"@type":"ImageObject","inLanguage":"fr-FR","@id":"https:\/\/despensafranciscana.com\/#\/schema\/logo\/image\/","url":"https:\/\/despensafranciscana.com\/wp-content\/uploads\/2025\/02\/despensa-franciscana-revamp-logos-8.png","contentUrl":"https:\/\/despensafranciscana.com\/wp-content\/uploads\/2025\/02\/despensa-franciscana-revamp-logos-8.png","width":1920,"height":628,"caption":"Despensa Franciscana"},"image":{"@id":"https:\/\/despensafranciscana.com\/#\/schema\/logo\/image\/"},"sameAs":["https:\/\/www.facebook.com\/despensafranciscana\/","https:\/\/www.instagram.com\/despensafranciscana\/"]}]}},"_links":{"self":[{"href":"https:\/\/despensafranciscana.com\/fr\/wp-json\/wp\/v2\/pages\/13365","targetHints":{"allow":["GET"]}}],"collection":[{"href":"https:\/\/despensafranciscana.com\/fr\/wp-json\/wp\/v2\/pages"}],"about":[{"href":"https:\/\/despensafranciscana.com\/fr\/wp-json\/wp\/v2\/types\/page"}],"author":[{"embeddable":true,"href":"https:\/\/despensafranciscana.com\/fr\/wp-json\/wp\/v2\/users\/1"}],"replies":[{"embeddable":true,"href":"https:\/\/despensafranciscana.com\/fr\/wp-json\/wp\/v2\/comments?post=13365"}],"version-history":[{"count":0,"href":"https:\/\/despensafranciscana.com\/fr\/wp-json\/wp\/v2\/pages\/13365\/revisions"}],"wp:attachment":[{"href":"https:\/\/despensafranciscana.com\/fr\/wp-json\/wp\/v2\/media?parent=13365"}],"curies":[{"name":"wp","href":"https:\/\/api.w.org\/{rel}","templated":true}]}}