{"id":725,"date":"2021-05-23T21:58:04","date_gmt":"2021-05-23T21:58:04","guid":{"rendered":"https:\/\/despensafranciscana.com\/produto\/xarope-de-limao\/"},"modified":"2026-03-20T12:22:17","modified_gmt":"2026-03-20T12:22:17","slug":"xarope-de-limao","status":"publish","type":"product","link":"https:\/\/despensafranciscana.com\/es\/loja\/xarope-de-limao\/","title":{"rendered":"Xarope de Lim\u00e3o"},"content":{"rendered":"","protected":false},"excerpt":{"rendered":"<p>Lemon Syrup nace de una profunda investigaci\u00f3n en el arte antiguo, tan rica en sabidur\u00eda sobre los aut\u00e9nticos refrescos portugueses. Descubre el sabor y la frescura de los limones nacionales a trav\u00e9s de este jarabe que prepara limonadas vitaminadas en un abrir y cerrar de ojos. \u00a1Lo hace bien y sabe mejor!<\/p>\n<p>Te aconsejamos que guardes el frasco en un lugar seco y fresco, preferiblemente en la nevera, para preservar la calidad del alm\u00edbar y porque sabe mejor si se consume fresco. No olvide agitar siempre antes de abrir.<\/p>","protected":false},"featured_media":958,"template":"","meta":[],"product_brand":[],"product_cat":[39],"product_tag":[],"class_list":{"0":"post-725","1":"product","2":"type-product","3":"status-publish","4":"has-post-thumbnail","6":"product_cat-bebidas","8":"first","9":"instock","10":"taxable","11":"shipping-taxable","12":"purchasable","13":"product-type-simple"},"yoast_head":"<!-- This site is optimized with the Yoast SEO plugin v27.2 - https:\/\/yoast.com\/product\/yoast-seo-wordpress\/ -->\n<title>Xarope de Lim\u00e3o - Despensa Franciscana<\/title>\n<meta name=\"robots\" content=\"index, follow, max-snippet:-1, max-image-preview:large, max-video-preview:-1\" \/>\n<link rel=\"canonical\" href=\"https:\/\/despensafranciscana.com\/es\/loja\/xarope-de-limao\/\" \/>\n<meta property=\"og:locale\" content=\"es_ES\" \/>\n<meta property=\"og:type\" content=\"article\" \/>\n<meta property=\"og:title\" content=\"Xarope de Lim\u00e3o - Despensa Franciscana\" \/>\n<meta property=\"og:description\" content=\"O Xarope de Lim\u00e3o nasce de uma pesquisa profunda na arte antiga, t\u00e3o rica em sabedoria sobre os verdadeiros refrescos portugueses. Descubra o sabor e frescura dos lim\u00f5es nacionais atrav\u00e9s deste xarope que prepara limonadas vitaminadas num abrir e fechar de olhos. Faz bem e sabe melhor!  Aconselhamos que guarde a garrafa em local seco e fresco, preferencialmente no frigor\u00edfico, de forma a preservar a qualidade do xarope e porque sabe melhor se consumido fresco. N\u00e3o se esque\u00e7a de agitar sempre antes de abrir.\" \/>\n<meta property=\"og:url\" content=\"https:\/\/despensafranciscana.com\/es\/loja\/xarope-de-limao\/\" \/>\n<meta property=\"og:site_name\" content=\"Despensa Franciscana\" \/>\n<meta property=\"article:publisher\" content=\"https:\/\/www.facebook.com\/despensafranciscana\/\" \/>\n<meta property=\"article:modified_time\" content=\"2026-03-20T12:22:17+00:00\" \/>\n<meta property=\"og:image\" content=\"https:\/\/despensafranciscana.com\/wp-content\/uploads\/2021\/05\/apoio-6-1.jpg\" \/>\n\t<meta property=\"og:image:width\" content=\"1000\" \/>\n\t<meta property=\"og:image:height\" content=\"1000\" \/>\n\t<meta property=\"og:image:type\" content=\"image\/jpeg\" \/>\n<meta name=\"twitter:card\" content=\"summary_large_image\" \/>\n<script type=\"application\/ld+json\" class=\"yoast-schema-graph\">{\"@context\":\"https:\/\/schema.org\",\"@graph\":[{\"@type\":\"WebPage\",\"@id\":\"https:\/\/despensafranciscana.com\/loja\/xarope-de-limao\/\",\"url\":\"https:\/\/despensafranciscana.com\/loja\/xarope-de-limao\/\",\"name\":\"Xarope de Lim\u00e3o - Despensa Franciscana\",\"isPartOf\":{\"@id\":\"https:\/\/despensafranciscana.com\/#website\"},\"primaryImageOfPage\":{\"@id\":\"https:\/\/despensafranciscana.com\/loja\/xarope-de-limao\/#primaryimage\"},\"image\":{\"@id\":\"https:\/\/despensafranciscana.com\/loja\/xarope-de-limao\/#primaryimage\"},\"thumbnailUrl\":\"https:\/\/despensafranciscana.com\/wp-content\/uploads\/2021\/05\/apoio-6-1.jpg\",\"datePublished\":\"2021-05-23T21:58:04+00:00\",\"dateModified\":\"2026-03-20T12:22:17+00:00\",\"breadcrumb\":{\"@id\":\"https:\/\/despensafranciscana.com\/loja\/xarope-de-limao\/#breadcrumb\"},\"inLanguage\":\"es\",\"potentialAction\":[{\"@type\":\"ReadAction\",\"target\":[\"https:\/\/despensafranciscana.com\/loja\/xarope-de-limao\/\"]}]},{\"@type\":\"ImageObject\",\"inLanguage\":\"es\",\"@id\":\"https:\/\/despensafranciscana.com\/loja\/xarope-de-limao\/#primaryimage\",\"url\":\"https:\/\/despensafranciscana.com\/wp-content\/uploads\/2021\/05\/apoio-6-1.jpg\",\"contentUrl\":\"https:\/\/despensafranciscana.com\/wp-content\/uploads\/2021\/05\/apoio-6-1.jpg\",\"width\":1000,\"height\":1000,\"caption\":\"Xarope de lim\u00e3o\"},{\"@type\":\"BreadcrumbList\",\"@id\":\"https:\/\/despensafranciscana.com\/loja\/xarope-de-limao\/#breadcrumb\",\"itemListElement\":[{\"@type\":\"ListItem\",\"position\":1,\"name\":\"In\u00edcio\",\"item\":\"https:\/\/despensafranciscana.com\/\"},{\"@type\":\"ListItem\",\"position\":2,\"name\":\"Loja\",\"item\":\"https:\/\/despensafranciscana.com\/loja\/\"},{\"@type\":\"ListItem\",\"position\":3,\"name\":\"Xarope de Lim\u00e3o\"}]},{\"@type\":\"WebSite\",\"@id\":\"https:\/\/despensafranciscana.com\/#website\",\"url\":\"https:\/\/despensafranciscana.com\/\",\"name\":\"Despensa Franciscana\",\"description\":\"Despensa Franciscana\",\"publisher\":{\"@id\":\"https:\/\/despensafranciscana.com\/#organization\"},\"potentialAction\":[{\"@type\":\"SearchAction\",\"target\":{\"@type\":\"EntryPoint\",\"urlTemplate\":\"https:\/\/despensafranciscana.com\/?s={search_term_string}\"},\"query-input\":{\"@type\":\"PropertyValueSpecification\",\"valueRequired\":true,\"valueName\":\"search_term_string\"}}],\"inLanguage\":\"es\"},{\"@type\":\"Organization\",\"@id\":\"https:\/\/despensafranciscana.com\/#organization\",\"name\":\"Despensa Franciscana\",\"url\":\"https:\/\/despensafranciscana.com\/\",\"logo\":{\"@type\":\"ImageObject\",\"inLanguage\":\"es\",\"@id\":\"https:\/\/despensafranciscana.com\/#\/schema\/logo\/image\/\",\"url\":\"https:\/\/despensafranciscana.com\/wp-content\/uploads\/2025\/02\/despensa-franciscana-revamp-logos-8.png\",\"contentUrl\":\"https:\/\/despensafranciscana.com\/wp-content\/uploads\/2025\/02\/despensa-franciscana-revamp-logos-8.png\",\"width\":1920,\"height\":628,\"caption\":\"Despensa Franciscana\"},\"image\":{\"@id\":\"https:\/\/despensafranciscana.com\/#\/schema\/logo\/image\/\"},\"sameAs\":[\"https:\/\/www.facebook.com\/despensafranciscana\/\",\"https:\/\/www.instagram.com\/despensafranciscana\/\"]}]}<\/script>\n<!-- \/ Yoast SEO plugin. -->","yoast_head_json":{"title":"Xarope de Lim\u00e3o - Despensa Franciscana","robots":{"index":"index","follow":"follow","max-snippet":"max-snippet:-1","max-image-preview":"max-image-preview:large","max-video-preview":"max-video-preview:-1"},"canonical":"https:\/\/despensafranciscana.com\/es\/loja\/xarope-de-limao\/","og_locale":"es_ES","og_type":"article","og_title":"Xarope de Lim\u00e3o - Despensa Franciscana","og_description":"O Xarope de Lim\u00e3o nasce de uma pesquisa profunda na arte antiga, t\u00e3o rica em sabedoria sobre os verdadeiros refrescos portugueses. Descubra o sabor e frescura dos lim\u00f5es nacionais atrav\u00e9s deste xarope que prepara limonadas vitaminadas num abrir e fechar de olhos. Faz bem e sabe melhor!  Aconselhamos que guarde a garrafa em local seco e fresco, preferencialmente no frigor\u00edfico, de forma a preservar a qualidade do xarope e porque sabe melhor se consumido fresco. N\u00e3o se esque\u00e7a de agitar sempre antes de abrir.","og_url":"https:\/\/despensafranciscana.com\/es\/loja\/xarope-de-limao\/","og_site_name":"Despensa Franciscana","article_publisher":"https:\/\/www.facebook.com\/despensafranciscana\/","article_modified_time":"2026-03-20T12:22:17+00:00","og_image":[{"width":1000,"height":1000,"url":"https:\/\/despensafranciscana.com\/wp-content\/uploads\/2021\/05\/apoio-6-1.jpg","type":"image\/jpeg"}],"twitter_card":"summary_large_image","schema":{"@context":"https:\/\/schema.org","@graph":[{"@type":"WebPage","@id":"https:\/\/despensafranciscana.com\/loja\/xarope-de-limao\/","url":"https:\/\/despensafranciscana.com\/loja\/xarope-de-limao\/","name":"Xarope de Lim\u00e3o - Despensa Franciscana","isPartOf":{"@id":"https:\/\/despensafranciscana.com\/#website"},"primaryImageOfPage":{"@id":"https:\/\/despensafranciscana.com\/loja\/xarope-de-limao\/#primaryimage"},"image":{"@id":"https:\/\/despensafranciscana.com\/loja\/xarope-de-limao\/#primaryimage"},"thumbnailUrl":"https:\/\/despensafranciscana.com\/wp-content\/uploads\/2021\/05\/apoio-6-1.jpg","datePublished":"2021-05-23T21:58:04+00:00","dateModified":"2026-03-20T12:22:17+00:00","breadcrumb":{"@id":"https:\/\/despensafranciscana.com\/loja\/xarope-de-limao\/#breadcrumb"},"inLanguage":"es","potentialAction":[{"@type":"ReadAction","target":["https:\/\/despensafranciscana.com\/loja\/xarope-de-limao\/"]}]},{"@type":"ImageObject","inLanguage":"es","@id":"https:\/\/despensafranciscana.com\/loja\/xarope-de-limao\/#primaryimage","url":"https:\/\/despensafranciscana.com\/wp-content\/uploads\/2021\/05\/apoio-6-1.jpg","contentUrl":"https:\/\/despensafranciscana.com\/wp-content\/uploads\/2021\/05\/apoio-6-1.jpg","width":1000,"height":1000,"caption":"Xarope de lim\u00e3o"},{"@type":"BreadcrumbList","@id":"https:\/\/despensafranciscana.com\/loja\/xarope-de-limao\/#breadcrumb","itemListElement":[{"@type":"ListItem","position":1,"name":"In\u00edcio","item":"https:\/\/despensafranciscana.com\/"},{"@type":"ListItem","position":2,"name":"Loja","item":"https:\/\/despensafranciscana.com\/loja\/"},{"@type":"ListItem","position":3,"name":"Xarope de Lim\u00e3o"}]},{"@type":"WebSite","@id":"https:\/\/despensafranciscana.com\/#website","url":"https:\/\/despensafranciscana.com\/","name":"Despensa franciscana","description":"Despensa franciscana","publisher":{"@id":"https:\/\/despensafranciscana.com\/#organization"},"potentialAction":[{"@type":"SearchAction","target":{"@type":"EntryPoint","urlTemplate":"https:\/\/despensafranciscana.com\/?s={search_term_string}"},"query-input":{"@type":"PropertyValueSpecification","valueRequired":true,"valueName":"search_term_string"}}],"inLanguage":"es"},{"@type":"Organization","@id":"https:\/\/despensafranciscana.com\/#organization","name":"Despensa franciscana","url":"https:\/\/despensafranciscana.com\/","logo":{"@type":"ImageObject","inLanguage":"es","@id":"https:\/\/despensafranciscana.com\/#\/schema\/logo\/image\/","url":"https:\/\/despensafranciscana.com\/wp-content\/uploads\/2025\/02\/despensa-franciscana-revamp-logos-8.png","contentUrl":"https:\/\/despensafranciscana.com\/wp-content\/uploads\/2025\/02\/despensa-franciscana-revamp-logos-8.png","width":1920,"height":628,"caption":"Despensa Franciscana"},"image":{"@id":"https:\/\/despensafranciscana.com\/#\/schema\/logo\/image\/"},"sameAs":["https:\/\/www.facebook.com\/despensafranciscana\/","https:\/\/www.instagram.com\/despensafranciscana\/"]}]}},"_links":{"self":[{"href":"https:\/\/despensafranciscana.com\/es\/wp-json\/wp\/v2\/product\/725","targetHints":{"allow":["GET"]}}],"collection":[{"href":"https:\/\/despensafranciscana.com\/es\/wp-json\/wp\/v2\/product"}],"about":[{"href":"https:\/\/despensafranciscana.com\/es\/wp-json\/wp\/v2\/types\/product"}],"wp:featuredmedia":[{"embeddable":true,"href":"https:\/\/despensafranciscana.com\/es\/wp-json\/wp\/v2\/media\/958"}],"wp:attachment":[{"href":"https:\/\/despensafranciscana.com\/es\/wp-json\/wp\/v2\/media?parent=725"}],"wp:term":[{"taxonomy":"product_brand","embeddable":true,"href":"https:\/\/despensafranciscana.com\/es\/wp-json\/wp\/v2\/product_brand?post=725"},{"taxonomy":"product_cat","embeddable":true,"href":"https:\/\/despensafranciscana.com\/es\/wp-json\/wp\/v2\/product_cat?post=725"},{"taxonomy":"product_tag","embeddable":true,"href":"https:\/\/despensafranciscana.com\/es\/wp-json\/wp\/v2\/product_tag?post=725"}],"curies":[{"name":"wp","href":"https:\/\/api.w.org\/{rel}","templated":true}]}}