{"id":721,"date":"2021-05-23T21:58:03","date_gmt":"2021-05-23T21:58:03","guid":{"rendered":"https:\/\/despensafranciscana.com\/produto\/xarope-de-capile\/"},"modified":"2026-03-20T12:22:34","modified_gmt":"2026-03-20T12:22:34","slug":"xarope-de-capile","status":"publish","type":"product","link":"https:\/\/despensafranciscana.com\/es\/loja\/xarope-de-capile\/","title":{"rendered":"Jarabe de capile"},"content":{"rendered":"","protected":false},"excerpt":{"rendered":"<p>Otro cl\u00e1sico de nuestra Despensa, el Sirope de Capil\u00e9, una originalidad portuguesa basada en una receta muy antigua, se elabora con hojas de helecho y con un toque de agua de azahar natural, se diluye con agua para obtener un Refresco ligeramente dulce, sutilmente fragante y muy refrescante. Ideal con hielo y c\u00e1scara de lim\u00f3n para cualquier ocasi\u00f3n.<\/p>\n<p>Endulza a tu gusto, aumentando o disminuyendo la diluci\u00f3n recomendada, en agua corriente o con gas.<\/p>\n<p>Te aconsejamos que guardes el frasco en un lugar seco y fresco, preferiblemente en la nevera, para preservar la calidad del alm\u00edbar y porque sabe mejor si se consume fresco. No olvide agitar siempre antes de abrir.<\/p>\n<p>Como dec\u00eda E\u00e7a de Queiroz, &quot;\u00a1Y ve a tomar un refresco!&quot;<\/p>","protected":false},"featured_media":954,"template":"","meta":[],"product_brand":[],"product_cat":[39],"product_tag":[],"class_list":{"0":"post-721","1":"product","2":"type-product","3":"status-publish","4":"has-post-thumbnail","6":"product_cat-bebidas","8":"first","9":"instock","10":"taxable","11":"shipping-taxable","12":"purchasable","13":"product-type-simple"},"yoast_head":"<!-- This site is optimized with the Yoast SEO plugin v27.2 - https:\/\/yoast.com\/product\/yoast-seo-wordpress\/ -->\n<title>Xarope de Capil\u00e9 - Despensa Franciscana<\/title>\n<meta name=\"robots\" content=\"index, follow, max-snippet:-1, max-image-preview:large, max-video-preview:-1\" \/>\n<link rel=\"canonical\" href=\"https:\/\/despensafranciscana.com\/es\/loja\/xarope-de-capile\/\" \/>\n<meta property=\"og:locale\" content=\"es_ES\" \/>\n<meta property=\"og:type\" content=\"article\" \/>\n<meta property=\"og:title\" content=\"Xarope de Capil\u00e9 - Despensa Franciscana\" \/>\n<meta property=\"og:description\" content=\"Mais um cl\u00e1ssico na nossa Despensa, o Xarope de Capil\u00e9, uma originalidade portuguesa com base numa receita muito antiga, \u00e9 confecionado a partir de frondes de avenca e com um toque de \u00e1gua natural de flor de laranjeira, dilui-se com \u00e1gua para obter um refresco ligeiramente doce, subtilmente perfumado e muit\u00edssimo refrescante. Ideal com gelo e uma casca de lim\u00e3o, em qualquer ocasi\u00e3o.  Adoce a seu gosto aumentando ou diminuindo a dilui\u00e7\u00e3o recomendada, em \u00e1gua lisa ou com g\u00e1s.  Aconselhamos que guarde a garrafa em local seco e fresco, preferencialmente no frigor\u00edfico, de forma a preservar a qualidade do xarope e porque sabe melhor se consumido fresco. N\u00e3o se esque\u00e7a de agitar sempre antes de abrir.  Como dizia E\u00e7a de Queiroz, &quot;E vai de refresco!&quot;\" \/>\n<meta property=\"og:url\" content=\"https:\/\/despensafranciscana.com\/es\/loja\/xarope-de-capile\/\" \/>\n<meta property=\"og:site_name\" content=\"Despensa Franciscana\" \/>\n<meta property=\"article:publisher\" content=\"https:\/\/www.facebook.com\/despensafranciscana\/\" \/>\n<meta property=\"article:modified_time\" content=\"2026-03-20T12:22:34+00:00\" \/>\n<meta property=\"og:image\" content=\"https:\/\/despensafranciscana.com\/wp-content\/uploads\/2021\/05\/apoio-2-2.jpg\" \/>\n\t<meta property=\"og:image:width\" content=\"1000\" \/>\n\t<meta property=\"og:image:height\" content=\"1000\" \/>\n\t<meta property=\"og:image:type\" content=\"image\/jpeg\" \/>\n<meta name=\"twitter:card\" content=\"summary_large_image\" \/>\n<script type=\"application\/ld+json\" class=\"yoast-schema-graph\">{\"@context\":\"https:\/\/schema.org\",\"@graph\":[{\"@type\":\"WebPage\",\"@id\":\"https:\/\/despensafranciscana.com\/loja\/xarope-de-capile\/\",\"url\":\"https:\/\/despensafranciscana.com\/loja\/xarope-de-capile\/\",\"name\":\"Xarope de Capil\u00e9 - Despensa Franciscana\",\"isPartOf\":{\"@id\":\"https:\/\/despensafranciscana.com\/#website\"},\"primaryImageOfPage\":{\"@id\":\"https:\/\/despensafranciscana.com\/loja\/xarope-de-capile\/#primaryimage\"},\"image\":{\"@id\":\"https:\/\/despensafranciscana.com\/loja\/xarope-de-capile\/#primaryimage\"},\"thumbnailUrl\":\"https:\/\/despensafranciscana.com\/wp-content\/uploads\/2021\/05\/apoio-2-2.jpg\",\"datePublished\":\"2021-05-23T21:58:03+00:00\",\"dateModified\":\"2026-03-20T12:22:34+00:00\",\"breadcrumb\":{\"@id\":\"https:\/\/despensafranciscana.com\/loja\/xarope-de-capile\/#breadcrumb\"},\"inLanguage\":\"es\",\"potentialAction\":[{\"@type\":\"ReadAction\",\"target\":[\"https:\/\/despensafranciscana.com\/loja\/xarope-de-capile\/\"]}]},{\"@type\":\"ImageObject\",\"inLanguage\":\"es\",\"@id\":\"https:\/\/despensafranciscana.com\/loja\/xarope-de-capile\/#primaryimage\",\"url\":\"https:\/\/despensafranciscana.com\/wp-content\/uploads\/2021\/05\/apoio-2-2.jpg\",\"contentUrl\":\"https:\/\/despensafranciscana.com\/wp-content\/uploads\/2021\/05\/apoio-2-2.jpg\",\"width\":1000,\"height\":1000,\"caption\":\"Xarope de Capil\u00e9\"},{\"@type\":\"BreadcrumbList\",\"@id\":\"https:\/\/despensafranciscana.com\/loja\/xarope-de-capile\/#breadcrumb\",\"itemListElement\":[{\"@type\":\"ListItem\",\"position\":1,\"name\":\"In\u00edcio\",\"item\":\"https:\/\/despensafranciscana.com\/\"},{\"@type\":\"ListItem\",\"position\":2,\"name\":\"Loja\",\"item\":\"https:\/\/despensafranciscana.com\/loja\/\"},{\"@type\":\"ListItem\",\"position\":3,\"name\":\"Xarope de Capil\u00e9\"}]},{\"@type\":\"WebSite\",\"@id\":\"https:\/\/despensafranciscana.com\/#website\",\"url\":\"https:\/\/despensafranciscana.com\/\",\"name\":\"Despensa Franciscana\",\"description\":\"Despensa Franciscana\",\"publisher\":{\"@id\":\"https:\/\/despensafranciscana.com\/#organization\"},\"potentialAction\":[{\"@type\":\"SearchAction\",\"target\":{\"@type\":\"EntryPoint\",\"urlTemplate\":\"https:\/\/despensafranciscana.com\/?s={search_term_string}\"},\"query-input\":{\"@type\":\"PropertyValueSpecification\",\"valueRequired\":true,\"valueName\":\"search_term_string\"}}],\"inLanguage\":\"es\"},{\"@type\":\"Organization\",\"@id\":\"https:\/\/despensafranciscana.com\/#organization\",\"name\":\"Despensa Franciscana\",\"url\":\"https:\/\/despensafranciscana.com\/\",\"logo\":{\"@type\":\"ImageObject\",\"inLanguage\":\"es\",\"@id\":\"https:\/\/despensafranciscana.com\/#\/schema\/logo\/image\/\",\"url\":\"https:\/\/despensafranciscana.com\/wp-content\/uploads\/2025\/02\/despensa-franciscana-revamp-logos-8.png\",\"contentUrl\":\"https:\/\/despensafranciscana.com\/wp-content\/uploads\/2025\/02\/despensa-franciscana-revamp-logos-8.png\",\"width\":1920,\"height\":628,\"caption\":\"Despensa Franciscana\"},\"image\":{\"@id\":\"https:\/\/despensafranciscana.com\/#\/schema\/logo\/image\/\"},\"sameAs\":[\"https:\/\/www.facebook.com\/despensafranciscana\/\",\"https:\/\/www.instagram.com\/despensafranciscana\/\"]}]}<\/script>\n<!-- \/ Yoast SEO plugin. -->","yoast_head_json":{"title":"Xarope de Capil\u00e9 - Despensa Franciscana","robots":{"index":"index","follow":"follow","max-snippet":"max-snippet:-1","max-image-preview":"max-image-preview:large","max-video-preview":"max-video-preview:-1"},"canonical":"https:\/\/despensafranciscana.com\/es\/loja\/xarope-de-capile\/","og_locale":"es_ES","og_type":"article","og_title":"Xarope de Capil\u00e9 - Despensa Franciscana","og_description":"Mais um cl\u00e1ssico na nossa Despensa, o Xarope de Capil\u00e9, uma originalidade portuguesa com base numa receita muito antiga, \u00e9 confecionado a partir de frondes de avenca e com um toque de \u00e1gua natural de flor de laranjeira, dilui-se com \u00e1gua para obter um refresco ligeiramente doce, subtilmente perfumado e muit\u00edssimo refrescante. Ideal com gelo e uma casca de lim\u00e3o, em qualquer ocasi\u00e3o.  Adoce a seu gosto aumentando ou diminuindo a dilui\u00e7\u00e3o recomendada, em \u00e1gua lisa ou com g\u00e1s.  Aconselhamos que guarde a garrafa em local seco e fresco, preferencialmente no frigor\u00edfico, de forma a preservar a qualidade do xarope e porque sabe melhor se consumido fresco. N\u00e3o se esque\u00e7a de agitar sempre antes de abrir.  Como dizia E\u00e7a de Queiroz, \"E vai de refresco!\"","og_url":"https:\/\/despensafranciscana.com\/es\/loja\/xarope-de-capile\/","og_site_name":"Despensa Franciscana","article_publisher":"https:\/\/www.facebook.com\/despensafranciscana\/","article_modified_time":"2026-03-20T12:22:34+00:00","og_image":[{"width":1000,"height":1000,"url":"https:\/\/despensafranciscana.com\/wp-content\/uploads\/2021\/05\/apoio-2-2.jpg","type":"image\/jpeg"}],"twitter_card":"summary_large_image","schema":{"@context":"https:\/\/schema.org","@graph":[{"@type":"WebPage","@id":"https:\/\/despensafranciscana.com\/loja\/xarope-de-capile\/","url":"https:\/\/despensafranciscana.com\/loja\/xarope-de-capile\/","name":"Xarope de Capil\u00e9 - Despensa Franciscana","isPartOf":{"@id":"https:\/\/despensafranciscana.com\/#website"},"primaryImageOfPage":{"@id":"https:\/\/despensafranciscana.com\/loja\/xarope-de-capile\/#primaryimage"},"image":{"@id":"https:\/\/despensafranciscana.com\/loja\/xarope-de-capile\/#primaryimage"},"thumbnailUrl":"https:\/\/despensafranciscana.com\/wp-content\/uploads\/2021\/05\/apoio-2-2.jpg","datePublished":"2021-05-23T21:58:03+00:00","dateModified":"2026-03-20T12:22:34+00:00","breadcrumb":{"@id":"https:\/\/despensafranciscana.com\/loja\/xarope-de-capile\/#breadcrumb"},"inLanguage":"es","potentialAction":[{"@type":"ReadAction","target":["https:\/\/despensafranciscana.com\/loja\/xarope-de-capile\/"]}]},{"@type":"ImageObject","inLanguage":"es","@id":"https:\/\/despensafranciscana.com\/loja\/xarope-de-capile\/#primaryimage","url":"https:\/\/despensafranciscana.com\/wp-content\/uploads\/2021\/05\/apoio-2-2.jpg","contentUrl":"https:\/\/despensafranciscana.com\/wp-content\/uploads\/2021\/05\/apoio-2-2.jpg","width":1000,"height":1000,"caption":"Xarope de Capil\u00e9"},{"@type":"BreadcrumbList","@id":"https:\/\/despensafranciscana.com\/loja\/xarope-de-capile\/#breadcrumb","itemListElement":[{"@type":"ListItem","position":1,"name":"In\u00edcio","item":"https:\/\/despensafranciscana.com\/"},{"@type":"ListItem","position":2,"name":"Loja","item":"https:\/\/despensafranciscana.com\/loja\/"},{"@type":"ListItem","position":3,"name":"Xarope de Capil\u00e9"}]},{"@type":"WebSite","@id":"https:\/\/despensafranciscana.com\/#website","url":"https:\/\/despensafranciscana.com\/","name":"Despensa franciscana","description":"Despensa franciscana","publisher":{"@id":"https:\/\/despensafranciscana.com\/#organization"},"potentialAction":[{"@type":"SearchAction","target":{"@type":"EntryPoint","urlTemplate":"https:\/\/despensafranciscana.com\/?s={search_term_string}"},"query-input":{"@type":"PropertyValueSpecification","valueRequired":true,"valueName":"search_term_string"}}],"inLanguage":"es"},{"@type":"Organization","@id":"https:\/\/despensafranciscana.com\/#organization","name":"Despensa franciscana","url":"https:\/\/despensafranciscana.com\/","logo":{"@type":"ImageObject","inLanguage":"es","@id":"https:\/\/despensafranciscana.com\/#\/schema\/logo\/image\/","url":"https:\/\/despensafranciscana.com\/wp-content\/uploads\/2025\/02\/despensa-franciscana-revamp-logos-8.png","contentUrl":"https:\/\/despensafranciscana.com\/wp-content\/uploads\/2025\/02\/despensa-franciscana-revamp-logos-8.png","width":1920,"height":628,"caption":"Despensa Franciscana"},"image":{"@id":"https:\/\/despensafranciscana.com\/#\/schema\/logo\/image\/"},"sameAs":["https:\/\/www.facebook.com\/despensafranciscana\/","https:\/\/www.instagram.com\/despensafranciscana\/"]}]}},"_links":{"self":[{"href":"https:\/\/despensafranciscana.com\/es\/wp-json\/wp\/v2\/product\/721","targetHints":{"allow":["GET"]}}],"collection":[{"href":"https:\/\/despensafranciscana.com\/es\/wp-json\/wp\/v2\/product"}],"about":[{"href":"https:\/\/despensafranciscana.com\/es\/wp-json\/wp\/v2\/types\/product"}],"wp:featuredmedia":[{"embeddable":true,"href":"https:\/\/despensafranciscana.com\/es\/wp-json\/wp\/v2\/media\/954"}],"wp:attachment":[{"href":"https:\/\/despensafranciscana.com\/es\/wp-json\/wp\/v2\/media?parent=721"}],"wp:term":[{"taxonomy":"product_brand","embeddable":true,"href":"https:\/\/despensafranciscana.com\/es\/wp-json\/wp\/v2\/product_brand?post=721"},{"taxonomy":"product_cat","embeddable":true,"href":"https:\/\/despensafranciscana.com\/es\/wp-json\/wp\/v2\/product_cat?post=721"},{"taxonomy":"product_tag","embeddable":true,"href":"https:\/\/despensafranciscana.com\/es\/wp-json\/wp\/v2\/product_tag?post=721"}],"curies":[{"name":"wp","href":"https:\/\/api.w.org\/{rel}","templated":true}]}}