{"id":714,"date":"2021-05-23T21:58:02","date_gmt":"2021-05-23T20:58:02","guid":{"rendered":"https:\/\/despensafranciscana.com\/produto\/simplesmente-bolachas-tomate-oregaos\/"},"modified":"2025-03-11T12:15:06","modified_gmt":"2025-03-11T12:15:06","slug":"simplesmente-bolachas-tomate-oregaos","status":"publish","type":"product","link":"https:\/\/despensafranciscana.com\/es\/loja\/simplesmente-bolachas-tomate-oregaos\/","title":{"rendered":"Tostas de Tomate e Oreg\u00e3os"},"content":{"rendered":"<p>Para saborear simplemente o con acompa\u00f1amientos ligeros<\/p>","protected":false},"excerpt":{"rendered":"<p>Un paquete que combina dos galletas saladas de sabores diferentes.<\/p>\n<p>Galletas de tomate ligeramente saladas, el ingrediente principal, donde el ajo, la cebolla tostada, el perejil y el or\u00e9gano tambi\u00e9n hacen acto de presencia.<\/p>\n<p>Galletas de or\u00e9gano ligeramente saladas, unas galletas m\u00e1s ligeras e igualmente sabrosas para acompa\u00f1amientos ligeros o para disfrutar solas.<\/p>","protected":false},"featured_media":5191,"template":"","meta":[],"product_brand":[],"product_cat":[43],"product_tag":[],"class_list":{"0":"post-714","1":"product","2":"type-product","3":"status-publish","4":"has-post-thumbnail","6":"product_cat-doces-snacks","8":"first","9":"instock","10":"taxable","11":"shipping-taxable","12":"purchasable","13":"product-type-simple"},"yoast_head":"<!-- This site is optimized with the Yoast SEO plugin v27.2 - https:\/\/yoast.com\/product\/yoast-seo-wordpress\/ -->\n<title>Tostas de Tomate e Oreg\u00e3os - Despensa Franciscana<\/title>\n<meta name=\"robots\" content=\"index, follow, max-snippet:-1, max-image-preview:large, max-video-preview:-1\" \/>\n<link rel=\"canonical\" href=\"https:\/\/despensafranciscana.com\/es\/loja\/simplesmente-bolachas-tomate-oregaos\/\" \/>\n<meta property=\"og:locale\" content=\"es_ES\" \/>\n<meta property=\"og:type\" content=\"article\" \/>\n<meta property=\"og:title\" content=\"Tostas de Tomate e Oreg\u00e3os - Despensa Franciscana\" \/>\n<meta property=\"og:description\" content=\"Uma embalagem que re\u00fane duas bolachas salgadas de sabores distintos.  Bolachas levemente salgadas de tomate, o principal ingrediente e onde o alho, a cebola tostada, a salsa e os oreg\u00e3os tamb\u00e9m marcam a sua presen\u00e7a.  Bolachas levemente salgadas de oreg\u00e3os, uma bolacha mais leve e igualmente saborosa para\u00a0acompanhamentos leves ou saborear s\u00f3 por si.\" \/>\n<meta property=\"og:url\" content=\"https:\/\/despensafranciscana.com\/es\/loja\/simplesmente-bolachas-tomate-oregaos\/\" \/>\n<meta property=\"og:site_name\" content=\"Despensa Franciscana\" \/>\n<meta property=\"article:publisher\" content=\"https:\/\/www.facebook.com\/despensafranciscana\/\" \/>\n<meta property=\"article:modified_time\" content=\"2025-03-11T12:15:06+00:00\" \/>\n<meta property=\"og:image\" content=\"https:\/\/despensafranciscana.com\/wp-content\/uploads\/2021\/05\/62385bbb05e2b_5f841f091b9e6_tostas_salgadas_tomate_oregaos_sabores_santa_clara-5.jpg\" \/>\n\t<meta property=\"og:image:width\" content=\"500\" \/>\n\t<meta property=\"og:image:height\" content=\"666\" \/>\n\t<meta property=\"og:image:type\" content=\"image\/jpeg\" \/>\n<meta name=\"twitter:card\" content=\"summary_large_image\" \/>\n<meta name=\"twitter:label1\" content=\"Tiempo de lectura\" \/>\n\t<meta name=\"twitter:data1\" content=\"1 minuto\" \/>\n<script type=\"application\/ld+json\" class=\"yoast-schema-graph\">{\"@context\":\"https:\/\/schema.org\",\"@graph\":[{\"@type\":\"WebPage\",\"@id\":\"https:\/\/despensafranciscana.com\/loja\/simplesmente-bolachas-tomate-oregaos\/\",\"url\":\"https:\/\/despensafranciscana.com\/loja\/simplesmente-bolachas-tomate-oregaos\/\",\"name\":\"Tostas de Tomate e Oreg\u00e3os - Despensa Franciscana\",\"isPartOf\":{\"@id\":\"https:\/\/despensafranciscana.com\/#website\"},\"primaryImageOfPage\":{\"@id\":\"https:\/\/despensafranciscana.com\/loja\/simplesmente-bolachas-tomate-oregaos\/#primaryimage\"},\"image\":{\"@id\":\"https:\/\/despensafranciscana.com\/loja\/simplesmente-bolachas-tomate-oregaos\/#primaryimage\"},\"thumbnailUrl\":\"https:\/\/despensafranciscana.com\/wp-content\/uploads\/2021\/05\/62385bbb05e2b_5f841f091b9e6_tostas_salgadas_tomate_oregaos_sabores_santa_clara-5.jpg\",\"datePublished\":\"2021-05-23T20:58:02+00:00\",\"dateModified\":\"2025-03-11T12:15:06+00:00\",\"breadcrumb\":{\"@id\":\"https:\/\/despensafranciscana.com\/loja\/simplesmente-bolachas-tomate-oregaos\/#breadcrumb\"},\"inLanguage\":\"es\",\"potentialAction\":[{\"@type\":\"ReadAction\",\"target\":[\"https:\/\/despensafranciscana.com\/loja\/simplesmente-bolachas-tomate-oregaos\/\"]}]},{\"@type\":\"ImageObject\",\"inLanguage\":\"es\",\"@id\":\"https:\/\/despensafranciscana.com\/loja\/simplesmente-bolachas-tomate-oregaos\/#primaryimage\",\"url\":\"https:\/\/despensafranciscana.com\/wp-content\/uploads\/2021\/05\/62385bbb05e2b_5f841f091b9e6_tostas_salgadas_tomate_oregaos_sabores_santa_clara-5.jpg\",\"contentUrl\":\"https:\/\/despensafranciscana.com\/wp-content\/uploads\/2021\/05\/62385bbb05e2b_5f841f091b9e6_tostas_salgadas_tomate_oregaos_sabores_santa_clara-5.jpg\",\"width\":500,\"height\":666},{\"@type\":\"BreadcrumbList\",\"@id\":\"https:\/\/despensafranciscana.com\/loja\/simplesmente-bolachas-tomate-oregaos\/#breadcrumb\",\"itemListElement\":[{\"@type\":\"ListItem\",\"position\":1,\"name\":\"In\u00edcio\",\"item\":\"https:\/\/despensafranciscana.com\/\"},{\"@type\":\"ListItem\",\"position\":2,\"name\":\"Loja\",\"item\":\"https:\/\/despensafranciscana.com\/loja\/\"},{\"@type\":\"ListItem\",\"position\":3,\"name\":\"Tostas de Tomate e Oreg\u00e3os\"}]},{\"@type\":\"WebSite\",\"@id\":\"https:\/\/despensafranciscana.com\/#website\",\"url\":\"https:\/\/despensafranciscana.com\/\",\"name\":\"Despensa Franciscana\",\"description\":\"Despensa Franciscana\",\"publisher\":{\"@id\":\"https:\/\/despensafranciscana.com\/#organization\"},\"potentialAction\":[{\"@type\":\"SearchAction\",\"target\":{\"@type\":\"EntryPoint\",\"urlTemplate\":\"https:\/\/despensafranciscana.com\/?s={search_term_string}\"},\"query-input\":{\"@type\":\"PropertyValueSpecification\",\"valueRequired\":true,\"valueName\":\"search_term_string\"}}],\"inLanguage\":\"es\"},{\"@type\":\"Organization\",\"@id\":\"https:\/\/despensafranciscana.com\/#organization\",\"name\":\"Despensa Franciscana\",\"url\":\"https:\/\/despensafranciscana.com\/\",\"logo\":{\"@type\":\"ImageObject\",\"inLanguage\":\"es\",\"@id\":\"https:\/\/despensafranciscana.com\/#\/schema\/logo\/image\/\",\"url\":\"https:\/\/despensafranciscana.com\/wp-content\/uploads\/2025\/02\/despensa-franciscana-revamp-logos-8.png\",\"contentUrl\":\"https:\/\/despensafranciscana.com\/wp-content\/uploads\/2025\/02\/despensa-franciscana-revamp-logos-8.png\",\"width\":1920,\"height\":628,\"caption\":\"Despensa Franciscana\"},\"image\":{\"@id\":\"https:\/\/despensafranciscana.com\/#\/schema\/logo\/image\/\"},\"sameAs\":[\"https:\/\/www.facebook.com\/despensafranciscana\/\",\"https:\/\/www.instagram.com\/despensafranciscana\/\"]}]}<\/script>\n<!-- \/ Yoast SEO plugin. -->","yoast_head_json":{"title":"Tostas de Tomate e Oreg\u00e3os - Despensa Franciscana","robots":{"index":"index","follow":"follow","max-snippet":"max-snippet:-1","max-image-preview":"max-image-preview:large","max-video-preview":"max-video-preview:-1"},"canonical":"https:\/\/despensafranciscana.com\/es\/loja\/simplesmente-bolachas-tomate-oregaos\/","og_locale":"es_ES","og_type":"article","og_title":"Tostas de Tomate e Oreg\u00e3os - Despensa Franciscana","og_description":"Uma embalagem que re\u00fane duas bolachas salgadas de sabores distintos.  Bolachas levemente salgadas de tomate, o principal ingrediente e onde o alho, a cebola tostada, a salsa e os oreg\u00e3os tamb\u00e9m marcam a sua presen\u00e7a.  Bolachas levemente salgadas de oreg\u00e3os, uma bolacha mais leve e igualmente saborosa para\u00a0acompanhamentos leves ou saborear s\u00f3 por si.","og_url":"https:\/\/despensafranciscana.com\/es\/loja\/simplesmente-bolachas-tomate-oregaos\/","og_site_name":"Despensa Franciscana","article_publisher":"https:\/\/www.facebook.com\/despensafranciscana\/","article_modified_time":"2025-03-11T12:15:06+00:00","og_image":[{"width":500,"height":666,"url":"https:\/\/despensafranciscana.com\/wp-content\/uploads\/2021\/05\/62385bbb05e2b_5f841f091b9e6_tostas_salgadas_tomate_oregaos_sabores_santa_clara-5.jpg","type":"image\/jpeg"}],"twitter_card":"summary_large_image","twitter_misc":{"Tiempo de lectura":"1 minuto"},"schema":{"@context":"https:\/\/schema.org","@graph":[{"@type":"WebPage","@id":"https:\/\/despensafranciscana.com\/loja\/simplesmente-bolachas-tomate-oregaos\/","url":"https:\/\/despensafranciscana.com\/loja\/simplesmente-bolachas-tomate-oregaos\/","name":"Tostas de Tomate e Oreg\u00e3os - Despensa Franciscana","isPartOf":{"@id":"https:\/\/despensafranciscana.com\/#website"},"primaryImageOfPage":{"@id":"https:\/\/despensafranciscana.com\/loja\/simplesmente-bolachas-tomate-oregaos\/#primaryimage"},"image":{"@id":"https:\/\/despensafranciscana.com\/loja\/simplesmente-bolachas-tomate-oregaos\/#primaryimage"},"thumbnailUrl":"https:\/\/despensafranciscana.com\/wp-content\/uploads\/2021\/05\/62385bbb05e2b_5f841f091b9e6_tostas_salgadas_tomate_oregaos_sabores_santa_clara-5.jpg","datePublished":"2021-05-23T20:58:02+00:00","dateModified":"2025-03-11T12:15:06+00:00","breadcrumb":{"@id":"https:\/\/despensafranciscana.com\/loja\/simplesmente-bolachas-tomate-oregaos\/#breadcrumb"},"inLanguage":"es","potentialAction":[{"@type":"ReadAction","target":["https:\/\/despensafranciscana.com\/loja\/simplesmente-bolachas-tomate-oregaos\/"]}]},{"@type":"ImageObject","inLanguage":"es","@id":"https:\/\/despensafranciscana.com\/loja\/simplesmente-bolachas-tomate-oregaos\/#primaryimage","url":"https:\/\/despensafranciscana.com\/wp-content\/uploads\/2021\/05\/62385bbb05e2b_5f841f091b9e6_tostas_salgadas_tomate_oregaos_sabores_santa_clara-5.jpg","contentUrl":"https:\/\/despensafranciscana.com\/wp-content\/uploads\/2021\/05\/62385bbb05e2b_5f841f091b9e6_tostas_salgadas_tomate_oregaos_sabores_santa_clara-5.jpg","width":500,"height":666},{"@type":"BreadcrumbList","@id":"https:\/\/despensafranciscana.com\/loja\/simplesmente-bolachas-tomate-oregaos\/#breadcrumb","itemListElement":[{"@type":"ListItem","position":1,"name":"In\u00edcio","item":"https:\/\/despensafranciscana.com\/"},{"@type":"ListItem","position":2,"name":"Loja","item":"https:\/\/despensafranciscana.com\/loja\/"},{"@type":"ListItem","position":3,"name":"Tostas de Tomate e Oreg\u00e3os"}]},{"@type":"WebSite","@id":"https:\/\/despensafranciscana.com\/#website","url":"https:\/\/despensafranciscana.com\/","name":"Despensa franciscana","description":"Despensa franciscana","publisher":{"@id":"https:\/\/despensafranciscana.com\/#organization"},"potentialAction":[{"@type":"SearchAction","target":{"@type":"EntryPoint","urlTemplate":"https:\/\/despensafranciscana.com\/?s={search_term_string}"},"query-input":{"@type":"PropertyValueSpecification","valueRequired":true,"valueName":"search_term_string"}}],"inLanguage":"es"},{"@type":"Organization","@id":"https:\/\/despensafranciscana.com\/#organization","name":"Despensa franciscana","url":"https:\/\/despensafranciscana.com\/","logo":{"@type":"ImageObject","inLanguage":"es","@id":"https:\/\/despensafranciscana.com\/#\/schema\/logo\/image\/","url":"https:\/\/despensafranciscana.com\/wp-content\/uploads\/2025\/02\/despensa-franciscana-revamp-logos-8.png","contentUrl":"https:\/\/despensafranciscana.com\/wp-content\/uploads\/2025\/02\/despensa-franciscana-revamp-logos-8.png","width":1920,"height":628,"caption":"Despensa Franciscana"},"image":{"@id":"https:\/\/despensafranciscana.com\/#\/schema\/logo\/image\/"},"sameAs":["https:\/\/www.facebook.com\/despensafranciscana\/","https:\/\/www.instagram.com\/despensafranciscana\/"]}]}},"_links":{"self":[{"href":"https:\/\/despensafranciscana.com\/es\/wp-json\/wp\/v2\/product\/714","targetHints":{"allow":["GET"]}}],"collection":[{"href":"https:\/\/despensafranciscana.com\/es\/wp-json\/wp\/v2\/product"}],"about":[{"href":"https:\/\/despensafranciscana.com\/es\/wp-json\/wp\/v2\/types\/product"}],"wp:featuredmedia":[{"embeddable":true,"href":"https:\/\/despensafranciscana.com\/es\/wp-json\/wp\/v2\/media\/5191"}],"wp:attachment":[{"href":"https:\/\/despensafranciscana.com\/es\/wp-json\/wp\/v2\/media?parent=714"}],"wp:term":[{"taxonomy":"product_brand","embeddable":true,"href":"https:\/\/despensafranciscana.com\/es\/wp-json\/wp\/v2\/product_brand?post=714"},{"taxonomy":"product_cat","embeddable":true,"href":"https:\/\/despensafranciscana.com\/es\/wp-json\/wp\/v2\/product_cat?post=714"},{"taxonomy":"product_tag","embeddable":true,"href":"https:\/\/despensafranciscana.com\/es\/wp-json\/wp\/v2\/product_tag?post=714"}],"curies":[{"name":"wp","href":"https:\/\/api.w.org\/{rel}","templated":true}]}}