{"id":713,"date":"2021-05-23T21:58:01","date_gmt":"2021-05-23T20:58:01","guid":{"rendered":"https:\/\/despensafranciscana.com\/produto\/bolachas-de-vinho-do-porto\/"},"modified":"2026-03-20T12:20:33","modified_gmt":"2026-03-20T12:20:33","slug":"bolachas-de-vinho-licoroso","status":"publish","type":"product","link":"https:\/\/despensafranciscana.com\/es\/loja\/bolachas-de-vinho-licoroso\/","title":{"rendered":"Bolachas de Vinho Licoroso"},"content":{"rendered":"","protected":false},"excerpt":{"rendered":"<p>Sorpr\u00e9ndase con estas exclusivas galletas elaboradas con el emblem\u00e1tico vino de licor de la ciudad. Galardonadas por el \"Great Taste\", una iniciativa de fama mundial que distingue a los mejores productos alimenticios y bebidas (en una cata a ciegas), como \"simplemente deliciosas\" \"y estupendas con queso\". No dude en probarlos.<\/p>","protected":false},"featured_media":16144,"template":"","meta":[],"product_brand":[],"product_cat":[43],"product_tag":[],"class_list":{"0":"post-713","1":"product","2":"type-product","3":"status-publish","4":"has-post-thumbnail","6":"product_cat-doces-snacks","8":"first","9":"instock","10":"taxable","11":"shipping-taxable","12":"purchasable","13":"product-type-simple"},"yoast_head":"<!-- This site is optimized with the Yoast SEO plugin v27.2 - https:\/\/yoast.com\/product\/yoast-seo-wordpress\/ -->\n<title>Bolachas de Vinho Licoroso - Despensa Franciscana<\/title>\n<meta name=\"robots\" content=\"index, follow, max-snippet:-1, max-image-preview:large, max-video-preview:-1\" \/>\n<link rel=\"canonical\" href=\"https:\/\/despensafranciscana.com\/es\/loja\/bolachas-de-vinho-licoroso\/\" \/>\n<meta property=\"og:locale\" content=\"es_ES\" \/>\n<meta property=\"og:type\" content=\"article\" \/>\n<meta property=\"og:title\" content=\"Bolachas de Vinho Licoroso - Despensa Franciscana\" \/>\n<meta property=\"og:description\" content=\"Surpreenda-se com estas bolachas \u00fanicas que nascem do ic\u00f3nico vinho licoroso da cidade invicta. Premiadas pela iniciativa de refer\u00eancia mundial que premeia os melhores produtos na \u00e1rea alimentar e bebidas (em prova cega) a \u201cGreat Taste\u201d, como \u201csimplesmente deliciosas\u201d \u201ce \u00f3ptimas com queijo\u201d. N\u00e3o deixe de\u00a0experimentar.\" \/>\n<meta property=\"og:url\" content=\"https:\/\/despensafranciscana.com\/es\/loja\/bolachas-de-vinho-licoroso\/\" \/>\n<meta property=\"og:site_name\" content=\"Despensa Franciscana\" \/>\n<meta property=\"article:publisher\" content=\"https:\/\/www.facebook.com\/despensafranciscana\/\" \/>\n<meta property=\"article:modified_time\" content=\"2026-03-20T12:20:33+00:00\" \/>\n<meta property=\"og:image\" content=\"https:\/\/despensafranciscana.com\/wp-content\/uploads\/2021\/05\/bolachas_vinho_licor.jpg\" \/>\n\t<meta property=\"og:image:width\" content=\"1600\" \/>\n\t<meta property=\"og:image:height\" content=\"1521\" \/>\n\t<meta property=\"og:image:type\" content=\"image\/jpeg\" \/>\n<meta name=\"twitter:card\" content=\"summary_large_image\" \/>\n<meta name=\"twitter:label1\" content=\"Tiempo de lectura\" \/>\n\t<meta name=\"twitter:data1\" content=\"1 minuto\" \/>\n<script type=\"application\/ld+json\" class=\"yoast-schema-graph\">{\"@context\":\"https:\/\/schema.org\",\"@graph\":[{\"@type\":\"WebPage\",\"@id\":\"https:\/\/despensafranciscana.com\/loja\/bolachas-de-vinho-licoroso\/\",\"url\":\"https:\/\/despensafranciscana.com\/loja\/bolachas-de-vinho-licoroso\/\",\"name\":\"Bolachas de Vinho Licoroso - Despensa Franciscana\",\"isPartOf\":{\"@id\":\"https:\/\/despensafranciscana.com\/#website\"},\"primaryImageOfPage\":{\"@id\":\"https:\/\/despensafranciscana.com\/loja\/bolachas-de-vinho-licoroso\/#primaryimage\"},\"image\":{\"@id\":\"https:\/\/despensafranciscana.com\/loja\/bolachas-de-vinho-licoroso\/#primaryimage\"},\"thumbnailUrl\":\"https:\/\/despensafranciscana.com\/wp-content\/uploads\/2021\/05\/bolachas_vinho_licor.jpg\",\"datePublished\":\"2021-05-23T20:58:01+00:00\",\"dateModified\":\"2026-03-20T12:20:33+00:00\",\"breadcrumb\":{\"@id\":\"https:\/\/despensafranciscana.com\/loja\/bolachas-de-vinho-licoroso\/#breadcrumb\"},\"inLanguage\":\"es\",\"potentialAction\":[{\"@type\":\"ReadAction\",\"target\":[\"https:\/\/despensafranciscana.com\/loja\/bolachas-de-vinho-licoroso\/\"]}]},{\"@type\":\"ImageObject\",\"inLanguage\":\"es\",\"@id\":\"https:\/\/despensafranciscana.com\/loja\/bolachas-de-vinho-licoroso\/#primaryimage\",\"url\":\"https:\/\/despensafranciscana.com\/wp-content\/uploads\/2021\/05\/bolachas_vinho_licor.jpg\",\"contentUrl\":\"https:\/\/despensafranciscana.com\/wp-content\/uploads\/2021\/05\/bolachas_vinho_licor.jpg\",\"width\":1600,\"height\":1521},{\"@type\":\"BreadcrumbList\",\"@id\":\"https:\/\/despensafranciscana.com\/loja\/bolachas-de-vinho-licoroso\/#breadcrumb\",\"itemListElement\":[{\"@type\":\"ListItem\",\"position\":1,\"name\":\"In\u00edcio\",\"item\":\"https:\/\/despensafranciscana.com\/\"},{\"@type\":\"ListItem\",\"position\":2,\"name\":\"Loja\",\"item\":\"https:\/\/despensafranciscana.com\/loja\/\"},{\"@type\":\"ListItem\",\"position\":3,\"name\":\"Bolachas de Vinho Licoroso\"}]},{\"@type\":\"WebSite\",\"@id\":\"https:\/\/despensafranciscana.com\/#website\",\"url\":\"https:\/\/despensafranciscana.com\/\",\"name\":\"Despensa Franciscana\",\"description\":\"Despensa Franciscana\",\"publisher\":{\"@id\":\"https:\/\/despensafranciscana.com\/#organization\"},\"potentialAction\":[{\"@type\":\"SearchAction\",\"target\":{\"@type\":\"EntryPoint\",\"urlTemplate\":\"https:\/\/despensafranciscana.com\/?s={search_term_string}\"},\"query-input\":{\"@type\":\"PropertyValueSpecification\",\"valueRequired\":true,\"valueName\":\"search_term_string\"}}],\"inLanguage\":\"es\"},{\"@type\":\"Organization\",\"@id\":\"https:\/\/despensafranciscana.com\/#organization\",\"name\":\"Despensa Franciscana\",\"url\":\"https:\/\/despensafranciscana.com\/\",\"logo\":{\"@type\":\"ImageObject\",\"inLanguage\":\"es\",\"@id\":\"https:\/\/despensafranciscana.com\/#\/schema\/logo\/image\/\",\"url\":\"https:\/\/despensafranciscana.com\/wp-content\/uploads\/2025\/02\/despensa-franciscana-revamp-logos-8.png\",\"contentUrl\":\"https:\/\/despensafranciscana.com\/wp-content\/uploads\/2025\/02\/despensa-franciscana-revamp-logos-8.png\",\"width\":1920,\"height\":628,\"caption\":\"Despensa Franciscana\"},\"image\":{\"@id\":\"https:\/\/despensafranciscana.com\/#\/schema\/logo\/image\/\"},\"sameAs\":[\"https:\/\/www.facebook.com\/despensafranciscana\/\",\"https:\/\/www.instagram.com\/despensafranciscana\/\"]}]}<\/script>\n<!-- \/ Yoast SEO plugin. -->","yoast_head_json":{"title":"Bolachas de Vinho Licoroso - Despensa Franciscana","robots":{"index":"index","follow":"follow","max-snippet":"max-snippet:-1","max-image-preview":"max-image-preview:large","max-video-preview":"max-video-preview:-1"},"canonical":"https:\/\/despensafranciscana.com\/es\/loja\/bolachas-de-vinho-licoroso\/","og_locale":"es_ES","og_type":"article","og_title":"Bolachas de Vinho Licoroso - Despensa Franciscana","og_description":"Surpreenda-se com estas bolachas \u00fanicas que nascem do ic\u00f3nico vinho licoroso da cidade invicta. Premiadas pela iniciativa de refer\u00eancia mundial que premeia os melhores produtos na \u00e1rea alimentar e bebidas (em prova cega) a \u201cGreat Taste\u201d, como \u201csimplesmente deliciosas\u201d \u201ce \u00f3ptimas com queijo\u201d. N\u00e3o deixe de\u00a0experimentar.","og_url":"https:\/\/despensafranciscana.com\/es\/loja\/bolachas-de-vinho-licoroso\/","og_site_name":"Despensa Franciscana","article_publisher":"https:\/\/www.facebook.com\/despensafranciscana\/","article_modified_time":"2026-03-20T12:20:33+00:00","og_image":[{"width":1600,"height":1521,"url":"https:\/\/despensafranciscana.com\/wp-content\/uploads\/2021\/05\/bolachas_vinho_licor.jpg","type":"image\/jpeg"}],"twitter_card":"summary_large_image","twitter_misc":{"Tiempo de lectura":"1 minuto"},"schema":{"@context":"https:\/\/schema.org","@graph":[{"@type":"WebPage","@id":"https:\/\/despensafranciscana.com\/loja\/bolachas-de-vinho-licoroso\/","url":"https:\/\/despensafranciscana.com\/loja\/bolachas-de-vinho-licoroso\/","name":"Bolachas de Vinho Licoroso - Despensa Franciscana","isPartOf":{"@id":"https:\/\/despensafranciscana.com\/#website"},"primaryImageOfPage":{"@id":"https:\/\/despensafranciscana.com\/loja\/bolachas-de-vinho-licoroso\/#primaryimage"},"image":{"@id":"https:\/\/despensafranciscana.com\/loja\/bolachas-de-vinho-licoroso\/#primaryimage"},"thumbnailUrl":"https:\/\/despensafranciscana.com\/wp-content\/uploads\/2021\/05\/bolachas_vinho_licor.jpg","datePublished":"2021-05-23T20:58:01+00:00","dateModified":"2026-03-20T12:20:33+00:00","breadcrumb":{"@id":"https:\/\/despensafranciscana.com\/loja\/bolachas-de-vinho-licoroso\/#breadcrumb"},"inLanguage":"es","potentialAction":[{"@type":"ReadAction","target":["https:\/\/despensafranciscana.com\/loja\/bolachas-de-vinho-licoroso\/"]}]},{"@type":"ImageObject","inLanguage":"es","@id":"https:\/\/despensafranciscana.com\/loja\/bolachas-de-vinho-licoroso\/#primaryimage","url":"https:\/\/despensafranciscana.com\/wp-content\/uploads\/2021\/05\/bolachas_vinho_licor.jpg","contentUrl":"https:\/\/despensafranciscana.com\/wp-content\/uploads\/2021\/05\/bolachas_vinho_licor.jpg","width":1600,"height":1521},{"@type":"BreadcrumbList","@id":"https:\/\/despensafranciscana.com\/loja\/bolachas-de-vinho-licoroso\/#breadcrumb","itemListElement":[{"@type":"ListItem","position":1,"name":"In\u00edcio","item":"https:\/\/despensafranciscana.com\/"},{"@type":"ListItem","position":2,"name":"Loja","item":"https:\/\/despensafranciscana.com\/loja\/"},{"@type":"ListItem","position":3,"name":"Bolachas de Vinho Licoroso"}]},{"@type":"WebSite","@id":"https:\/\/despensafranciscana.com\/#website","url":"https:\/\/despensafranciscana.com\/","name":"Despensa franciscana","description":"Despensa franciscana","publisher":{"@id":"https:\/\/despensafranciscana.com\/#organization"},"potentialAction":[{"@type":"SearchAction","target":{"@type":"EntryPoint","urlTemplate":"https:\/\/despensafranciscana.com\/?s={search_term_string}"},"query-input":{"@type":"PropertyValueSpecification","valueRequired":true,"valueName":"search_term_string"}}],"inLanguage":"es"},{"@type":"Organization","@id":"https:\/\/despensafranciscana.com\/#organization","name":"Despensa franciscana","url":"https:\/\/despensafranciscana.com\/","logo":{"@type":"ImageObject","inLanguage":"es","@id":"https:\/\/despensafranciscana.com\/#\/schema\/logo\/image\/","url":"https:\/\/despensafranciscana.com\/wp-content\/uploads\/2025\/02\/despensa-franciscana-revamp-logos-8.png","contentUrl":"https:\/\/despensafranciscana.com\/wp-content\/uploads\/2025\/02\/despensa-franciscana-revamp-logos-8.png","width":1920,"height":628,"caption":"Despensa Franciscana"},"image":{"@id":"https:\/\/despensafranciscana.com\/#\/schema\/logo\/image\/"},"sameAs":["https:\/\/www.facebook.com\/despensafranciscana\/","https:\/\/www.instagram.com\/despensafranciscana\/"]}]}},"_links":{"self":[{"href":"https:\/\/despensafranciscana.com\/es\/wp-json\/wp\/v2\/product\/713","targetHints":{"allow":["GET"]}}],"collection":[{"href":"https:\/\/despensafranciscana.com\/es\/wp-json\/wp\/v2\/product"}],"about":[{"href":"https:\/\/despensafranciscana.com\/es\/wp-json\/wp\/v2\/types\/product"}],"wp:featuredmedia":[{"embeddable":true,"href":"https:\/\/despensafranciscana.com\/es\/wp-json\/wp\/v2\/media\/16144"}],"wp:attachment":[{"href":"https:\/\/despensafranciscana.com\/es\/wp-json\/wp\/v2\/media?parent=713"}],"wp:term":[{"taxonomy":"product_brand","embeddable":true,"href":"https:\/\/despensafranciscana.com\/es\/wp-json\/wp\/v2\/product_brand?post=713"},{"taxonomy":"product_cat","embeddable":true,"href":"https:\/\/despensafranciscana.com\/es\/wp-json\/wp\/v2\/product_cat?post=713"},{"taxonomy":"product_tag","embeddable":true,"href":"https:\/\/despensafranciscana.com\/es\/wp-json\/wp\/v2\/product_tag?post=713"}],"curies":[{"name":"wp","href":"https:\/\/api.w.org\/{rel}","templated":true}]}}