{"id":5201,"date":"2026-01-01T15:10:53","date_gmt":"2026-01-01T15:10:53","guid":{"rendered":"https:\/\/despensafranciscana.com\/?post_type=product&#038;p=5201"},"modified":"2026-03-10T10:06:23","modified_gmt":"2026-03-10T10:06:23","slug":"bolachas-de-ginja-e-aveia","status":"publish","type":"product","link":"https:\/\/despensafranciscana.com\/es\/loja\/bolachas-de-ginja-e-aveia\/","title":{"rendered":"Bolachas de Ginja e Aveia"},"content":{"rendered":"<p>Una deliciosa y crujiente galleta de cerezas \u00e1cidas y avena.<\/p>","protected":false},"excerpt":{"rendered":"<p>Galleta elaborada a partir de la fruta deshidratada de la cereza \u00e1cida, con la que se elabora el licor de cereza \u00e1cida. Se pueden consumir como tentempi\u00e9, como acompa\u00f1amiento del licor de guindas o con queso alentejano, proporcionando una mezcla de sabores muy curiosa y agradable.<\/p>","protected":false},"featured_media":17827,"template":"","meta":[],"product_brand":[],"product_cat":[43,74],"product_tag":[],"class_list":{"0":"post-5201","1":"product","2":"type-product","3":"status-publish","4":"has-post-thumbnail","6":"product_cat-doces-snacks","7":"product_cat-ginjinha","9":"first","10":"instock","11":"taxable","12":"shipping-taxable","13":"purchasable","14":"product-type-simple"},"yoast_head":"<!-- This site is optimized with the Yoast SEO plugin v27.2 - https:\/\/yoast.com\/product\/yoast-seo-wordpress\/ -->\n<title>Bolachas de Ginja e Aveia - Despensa Franciscana<\/title>\n<meta name=\"robots\" content=\"index, follow, max-snippet:-1, max-image-preview:large, max-video-preview:-1\" \/>\n<link rel=\"canonical\" href=\"https:\/\/despensafranciscana.com\/es\/loja\/bolachas-de-ginja-e-aveia\/\" \/>\n<meta property=\"og:locale\" content=\"es_ES\" \/>\n<meta property=\"og:type\" content=\"article\" \/>\n<meta property=\"og:title\" content=\"Bolachas de Ginja e Aveia - Despensa Franciscana\" \/>\n<meta property=\"og:description\" content=\"Bolacha proveniente do aproveitamento da ginja fruto, desidratada, utilizada na elabora\u00e7\u00e3o do licor de ginja. Podem ser consumidas como snack, como acompanhamento do licor de ginja ou com um queijo alentejano, proporcionando uma mistura de sabores muito curiosa e agrad\u00e1vel.\" \/>\n<meta property=\"og:url\" content=\"https:\/\/despensafranciscana.com\/es\/loja\/bolachas-de-ginja-e-aveia\/\" \/>\n<meta property=\"og:site_name\" content=\"Despensa Franciscana\" \/>\n<meta property=\"article:publisher\" content=\"https:\/\/www.facebook.com\/despensafranciscana\/\" \/>\n<meta property=\"article:modified_time\" content=\"2026-03-10T10:06:23+00:00\" \/>\n<meta property=\"og:image\" content=\"https:\/\/despensafranciscana.com\/wp-content\/uploads\/2022\/03\/Bolachas.jpg\" \/>\n\t<meta property=\"og:image:width\" content=\"1080\" \/>\n\t<meta property=\"og:image:height\" content=\"1080\" \/>\n\t<meta property=\"og:image:type\" content=\"image\/jpeg\" \/>\n<meta name=\"twitter:card\" content=\"summary_large_image\" \/>\n<meta name=\"twitter:label1\" content=\"Tiempo de lectura\" \/>\n\t<meta name=\"twitter:data1\" content=\"1 minuto\" \/>\n<script type=\"application\/ld+json\" class=\"yoast-schema-graph\">{\"@context\":\"https:\/\/schema.org\",\"@graph\":[{\"@type\":\"WebPage\",\"@id\":\"https:\/\/despensafranciscana.com\/loja\/bolachas-de-ginja-e-aveia\/\",\"url\":\"https:\/\/despensafranciscana.com\/loja\/bolachas-de-ginja-e-aveia\/\",\"name\":\"Bolachas de Ginja e Aveia - Despensa Franciscana\",\"isPartOf\":{\"@id\":\"https:\/\/despensafranciscana.com\/#website\"},\"primaryImageOfPage\":{\"@id\":\"https:\/\/despensafranciscana.com\/loja\/bolachas-de-ginja-e-aveia\/#primaryimage\"},\"image\":{\"@id\":\"https:\/\/despensafranciscana.com\/loja\/bolachas-de-ginja-e-aveia\/#primaryimage\"},\"thumbnailUrl\":\"https:\/\/despensafranciscana.com\/wp-content\/uploads\/2022\/03\/Bolachas.jpg\",\"datePublished\":\"2026-01-01T15:10:53+00:00\",\"dateModified\":\"2026-03-10T10:06:23+00:00\",\"breadcrumb\":{\"@id\":\"https:\/\/despensafranciscana.com\/loja\/bolachas-de-ginja-e-aveia\/#breadcrumb\"},\"inLanguage\":\"es\",\"potentialAction\":[{\"@type\":\"ReadAction\",\"target\":[\"https:\/\/despensafranciscana.com\/loja\/bolachas-de-ginja-e-aveia\/\"]}]},{\"@type\":\"ImageObject\",\"inLanguage\":\"es\",\"@id\":\"https:\/\/despensafranciscana.com\/loja\/bolachas-de-ginja-e-aveia\/#primaryimage\",\"url\":\"https:\/\/despensafranciscana.com\/wp-content\/uploads\/2022\/03\/Bolachas.jpg\",\"contentUrl\":\"https:\/\/despensafranciscana.com\/wp-content\/uploads\/2022\/03\/Bolachas.jpg\",\"width\":1080,\"height\":1080},{\"@type\":\"BreadcrumbList\",\"@id\":\"https:\/\/despensafranciscana.com\/loja\/bolachas-de-ginja-e-aveia\/#breadcrumb\",\"itemListElement\":[{\"@type\":\"ListItem\",\"position\":1,\"name\":\"In\u00edcio\",\"item\":\"https:\/\/despensafranciscana.com\/\"},{\"@type\":\"ListItem\",\"position\":2,\"name\":\"Loja\",\"item\":\"https:\/\/despensafranciscana.com\/loja\/\"},{\"@type\":\"ListItem\",\"position\":3,\"name\":\"Bolachas de Ginja e Aveia\"}]},{\"@type\":\"WebSite\",\"@id\":\"https:\/\/despensafranciscana.com\/#website\",\"url\":\"https:\/\/despensafranciscana.com\/\",\"name\":\"Despensa Franciscana\",\"description\":\"Despensa Franciscana\",\"publisher\":{\"@id\":\"https:\/\/despensafranciscana.com\/#organization\"},\"potentialAction\":[{\"@type\":\"SearchAction\",\"target\":{\"@type\":\"EntryPoint\",\"urlTemplate\":\"https:\/\/despensafranciscana.com\/?s={search_term_string}\"},\"query-input\":{\"@type\":\"PropertyValueSpecification\",\"valueRequired\":true,\"valueName\":\"search_term_string\"}}],\"inLanguage\":\"es\"},{\"@type\":\"Organization\",\"@id\":\"https:\/\/despensafranciscana.com\/#organization\",\"name\":\"Despensa Franciscana\",\"url\":\"https:\/\/despensafranciscana.com\/\",\"logo\":{\"@type\":\"ImageObject\",\"inLanguage\":\"es\",\"@id\":\"https:\/\/despensafranciscana.com\/#\/schema\/logo\/image\/\",\"url\":\"https:\/\/despensafranciscana.com\/wp-content\/uploads\/2025\/02\/despensa-franciscana-revamp-logos-8.png\",\"contentUrl\":\"https:\/\/despensafranciscana.com\/wp-content\/uploads\/2025\/02\/despensa-franciscana-revamp-logos-8.png\",\"width\":1920,\"height\":628,\"caption\":\"Despensa Franciscana\"},\"image\":{\"@id\":\"https:\/\/despensafranciscana.com\/#\/schema\/logo\/image\/\"},\"sameAs\":[\"https:\/\/www.facebook.com\/despensafranciscana\/\",\"https:\/\/www.instagram.com\/despensafranciscana\/\"]}]}<\/script>\n<!-- \/ Yoast SEO plugin. -->","yoast_head_json":{"title":"Bolachas de Ginja e Aveia - Despensa Franciscana","robots":{"index":"index","follow":"follow","max-snippet":"max-snippet:-1","max-image-preview":"max-image-preview:large","max-video-preview":"max-video-preview:-1"},"canonical":"https:\/\/despensafranciscana.com\/es\/loja\/bolachas-de-ginja-e-aveia\/","og_locale":"es_ES","og_type":"article","og_title":"Bolachas de Ginja e Aveia - Despensa Franciscana","og_description":"Bolacha proveniente do aproveitamento da ginja fruto, desidratada, utilizada na elabora\u00e7\u00e3o do licor de ginja. Podem ser consumidas como snack, como acompanhamento do licor de ginja ou com um queijo alentejano, proporcionando uma mistura de sabores muito curiosa e agrad\u00e1vel.","og_url":"https:\/\/despensafranciscana.com\/es\/loja\/bolachas-de-ginja-e-aveia\/","og_site_name":"Despensa Franciscana","article_publisher":"https:\/\/www.facebook.com\/despensafranciscana\/","article_modified_time":"2026-03-10T10:06:23+00:00","og_image":[{"width":1080,"height":1080,"url":"https:\/\/despensafranciscana.com\/wp-content\/uploads\/2022\/03\/Bolachas.jpg","type":"image\/jpeg"}],"twitter_card":"summary_large_image","twitter_misc":{"Tiempo de lectura":"1 minuto"},"schema":{"@context":"https:\/\/schema.org","@graph":[{"@type":"WebPage","@id":"https:\/\/despensafranciscana.com\/loja\/bolachas-de-ginja-e-aveia\/","url":"https:\/\/despensafranciscana.com\/loja\/bolachas-de-ginja-e-aveia\/","name":"Bolachas de Ginja e Aveia - Despensa Franciscana","isPartOf":{"@id":"https:\/\/despensafranciscana.com\/#website"},"primaryImageOfPage":{"@id":"https:\/\/despensafranciscana.com\/loja\/bolachas-de-ginja-e-aveia\/#primaryimage"},"image":{"@id":"https:\/\/despensafranciscana.com\/loja\/bolachas-de-ginja-e-aveia\/#primaryimage"},"thumbnailUrl":"https:\/\/despensafranciscana.com\/wp-content\/uploads\/2022\/03\/Bolachas.jpg","datePublished":"2026-01-01T15:10:53+00:00","dateModified":"2026-03-10T10:06:23+00:00","breadcrumb":{"@id":"https:\/\/despensafranciscana.com\/loja\/bolachas-de-ginja-e-aveia\/#breadcrumb"},"inLanguage":"es","potentialAction":[{"@type":"ReadAction","target":["https:\/\/despensafranciscana.com\/loja\/bolachas-de-ginja-e-aveia\/"]}]},{"@type":"ImageObject","inLanguage":"es","@id":"https:\/\/despensafranciscana.com\/loja\/bolachas-de-ginja-e-aveia\/#primaryimage","url":"https:\/\/despensafranciscana.com\/wp-content\/uploads\/2022\/03\/Bolachas.jpg","contentUrl":"https:\/\/despensafranciscana.com\/wp-content\/uploads\/2022\/03\/Bolachas.jpg","width":1080,"height":1080},{"@type":"BreadcrumbList","@id":"https:\/\/despensafranciscana.com\/loja\/bolachas-de-ginja-e-aveia\/#breadcrumb","itemListElement":[{"@type":"ListItem","position":1,"name":"In\u00edcio","item":"https:\/\/despensafranciscana.com\/"},{"@type":"ListItem","position":2,"name":"Loja","item":"https:\/\/despensafranciscana.com\/loja\/"},{"@type":"ListItem","position":3,"name":"Bolachas de Ginja e Aveia"}]},{"@type":"WebSite","@id":"https:\/\/despensafranciscana.com\/#website","url":"https:\/\/despensafranciscana.com\/","name":"Despensa franciscana","description":"Despensa franciscana","publisher":{"@id":"https:\/\/despensafranciscana.com\/#organization"},"potentialAction":[{"@type":"SearchAction","target":{"@type":"EntryPoint","urlTemplate":"https:\/\/despensafranciscana.com\/?s={search_term_string}"},"query-input":{"@type":"PropertyValueSpecification","valueRequired":true,"valueName":"search_term_string"}}],"inLanguage":"es"},{"@type":"Organization","@id":"https:\/\/despensafranciscana.com\/#organization","name":"Despensa franciscana","url":"https:\/\/despensafranciscana.com\/","logo":{"@type":"ImageObject","inLanguage":"es","@id":"https:\/\/despensafranciscana.com\/#\/schema\/logo\/image\/","url":"https:\/\/despensafranciscana.com\/wp-content\/uploads\/2025\/02\/despensa-franciscana-revamp-logos-8.png","contentUrl":"https:\/\/despensafranciscana.com\/wp-content\/uploads\/2025\/02\/despensa-franciscana-revamp-logos-8.png","width":1920,"height":628,"caption":"Despensa Franciscana"},"image":{"@id":"https:\/\/despensafranciscana.com\/#\/schema\/logo\/image\/"},"sameAs":["https:\/\/www.facebook.com\/despensafranciscana\/","https:\/\/www.instagram.com\/despensafranciscana\/"]}]}},"_links":{"self":[{"href":"https:\/\/despensafranciscana.com\/es\/wp-json\/wp\/v2\/product\/5201","targetHints":{"allow":["GET"]}}],"collection":[{"href":"https:\/\/despensafranciscana.com\/es\/wp-json\/wp\/v2\/product"}],"about":[{"href":"https:\/\/despensafranciscana.com\/es\/wp-json\/wp\/v2\/types\/product"}],"wp:featuredmedia":[{"embeddable":true,"href":"https:\/\/despensafranciscana.com\/es\/wp-json\/wp\/v2\/media\/17827"}],"wp:attachment":[{"href":"https:\/\/despensafranciscana.com\/es\/wp-json\/wp\/v2\/media?parent=5201"}],"wp:term":[{"taxonomy":"product_brand","embeddable":true,"href":"https:\/\/despensafranciscana.com\/es\/wp-json\/wp\/v2\/product_brand?post=5201"},{"taxonomy":"product_cat","embeddable":true,"href":"https:\/\/despensafranciscana.com\/es\/wp-json\/wp\/v2\/product_cat?post=5201"},{"taxonomy":"product_tag","embeddable":true,"href":"https:\/\/despensafranciscana.com\/es\/wp-json\/wp\/v2\/product_tag?post=5201"}],"curies":[{"name":"wp","href":"https:\/\/api.w.org\/{rel}","templated":true}]}}