{"id":17914,"date":"2021-05-20T10:20:22","date_gmt":"2021-05-20T09:20:22","guid":{"rendered":"https:\/\/despensafranciscana.com\/?post_type=product&#038;p=17914"},"modified":"2026-04-22T19:38:02","modified_gmt":"2026-04-22T18:38:02","slug":"pezinhos-de-coentrada","status":"publish","type":"product","link":"https:\/\/despensafranciscana.com\/es\/loja\/pezinhos-de-coentrada\/","title":{"rendered":"Pezinhos de Coentrada"},"content":{"rendered":"","protected":false},"excerpt":{"rendered":"<p>Cada frasco representa uma viagem ao cora\u00e7\u00e3o da gastronomia alentejana.<br \/>\nProduzidos pelo reconhecido Chef Jos\u00e9 J\u00falio Vint\u00e9m, estas iguarias s\u00e3o feitas com base em receitas tradicionais e regionais, com o compromisso de oferecer um sabor aut\u00eantico.<br \/>\nSem corantes ou conservantes artificiais, cada frasco reflete a pureza e o respeito pelos ingredientes de qualidade.<br \/>\nExiste um grande cuidado na conserva\u00e7\u00e3o gra\u00e7as ao uso de vinagres, pasteuriza\u00e7\u00e3o e um fecho em v\u00e1cuo, garantindo que cada sabor chegue a cada mesa com a m\u00e1xima frescura.<br \/>\nEste produto poder ser usado como aperitivo, acompanhado de p\u00e3o ou tostas ou como prato principal com arroz, massa ou como empada.<\/p>","protected":false},"featured_media":17908,"template":"","meta":[],"product_brand":[],"product_cat":[40],"product_tag":[158],"class_list":{"0":"post-17914","1":"product","2":"type-product","3":"status-publish","4":"has-post-thumbnail","6":"product_cat-petiscos","7":"product_tag-enfrascados","9":"first","10":"instock","11":"taxable","12":"shipping-taxable","13":"purchasable","14":"product-type-simple"},"yoast_head":"<!-- This site is optimized with the Yoast SEO plugin v27.4 - https:\/\/yoast.com\/product\/yoast-seo-wordpress\/ -->\n<title>Pezinhos de Coentrada - Despensa Franciscana<\/title>\n<meta name=\"robots\" content=\"index, follow, max-snippet:-1, max-image-preview:large, max-video-preview:-1\" \/>\n<link rel=\"canonical\" href=\"https:\/\/despensafranciscana.com\/es\/loja\/pezinhos-de-coentrada\/\" \/>\n<meta property=\"og:locale\" content=\"es_ES\" \/>\n<meta property=\"og:type\" content=\"article\" \/>\n<meta property=\"og:title\" content=\"Pezinhos de Coentrada - Despensa Franciscana\" \/>\n<meta property=\"og:description\" content=\"Cada frasco representa uma viagem ao cora\u00e7\u00e3o da gastronomia alentejana. Produzidos pelo reconhecido Chef Jos\u00e9 J\u00falio Vint\u00e9m, estas iguarias s\u00e3o feitas com base em receitas tradicionais e regionais, com o compromisso de oferecer um sabor aut\u00eantico. Sem corantes ou conservantes artificiais, cada frasco reflete a pureza e o respeito pelos ingredientes de qualidade. Existe um grande cuidado na conserva\u00e7\u00e3o gra\u00e7as ao uso de vinagres, pasteuriza\u00e7\u00e3o e um fecho em v\u00e1cuo, garantindo que cada sabor chegue a cada mesa com a m\u00e1xima frescura. Este produto poder ser usado como aperitivo, acompanhado de p\u00e3o ou tostas ou como prato principal com arroz, massa ou como empada.\" \/>\n<meta property=\"og:url\" content=\"https:\/\/despensafranciscana.com\/es\/loja\/pezinhos-de-coentrada\/\" \/>\n<meta property=\"og:site_name\" content=\"Despensa Franciscana\" \/>\n<meta property=\"article:publisher\" content=\"https:\/\/www.facebook.com\/despensafranciscana\/\" \/>\n<meta property=\"article:modified_time\" content=\"2026-04-22T18:38:02+00:00\" \/>\n<meta property=\"og:image\" content=\"https:\/\/despensafranciscana.com\/wp-content\/uploads\/2026\/03\/6.jpg\" \/>\n\t<meta property=\"og:image:width\" content=\"899\" \/>\n\t<meta property=\"og:image:height\" content=\"899\" \/>\n\t<meta property=\"og:image:type\" content=\"image\/jpeg\" \/>\n<meta name=\"twitter:card\" content=\"summary_large_image\" \/>\n<meta name=\"twitter:label1\" content=\"Tiempo de lectura\" \/>\n\t<meta name=\"twitter:data1\" content=\"1 minuto\" \/>\n<script type=\"application\/ld+json\" class=\"yoast-schema-graph\">{\"@context\":\"https:\\\/\\\/schema.org\",\"@graph\":[{\"@type\":\"WebPage\",\"@id\":\"https:\\\/\\\/despensafranciscana.com\\\/loja\\\/pezinhos-de-coentrada\\\/\",\"url\":\"https:\\\/\\\/despensafranciscana.com\\\/loja\\\/pezinhos-de-coentrada\\\/\",\"name\":\"Pezinhos de Coentrada - Despensa Franciscana\",\"isPartOf\":{\"@id\":\"https:\\\/\\\/despensafranciscana.com\\\/#website\"},\"primaryImageOfPage\":{\"@id\":\"https:\\\/\\\/despensafranciscana.com\\\/loja\\\/pezinhos-de-coentrada\\\/#primaryimage\"},\"image\":{\"@id\":\"https:\\\/\\\/despensafranciscana.com\\\/loja\\\/pezinhos-de-coentrada\\\/#primaryimage\"},\"thumbnailUrl\":\"https:\\\/\\\/despensafranciscana.com\\\/wp-content\\\/uploads\\\/2026\\\/03\\\/6.jpg\",\"datePublished\":\"2021-05-20T09:20:22+00:00\",\"dateModified\":\"2026-04-22T18:38:02+00:00\",\"breadcrumb\":{\"@id\":\"https:\\\/\\\/despensafranciscana.com\\\/loja\\\/pezinhos-de-coentrada\\\/#breadcrumb\"},\"inLanguage\":\"es\",\"potentialAction\":[{\"@type\":\"ReadAction\",\"target\":[\"https:\\\/\\\/despensafranciscana.com\\\/loja\\\/pezinhos-de-coentrada\\\/\"]}]},{\"@type\":\"ImageObject\",\"inLanguage\":\"es\",\"@id\":\"https:\\\/\\\/despensafranciscana.com\\\/loja\\\/pezinhos-de-coentrada\\\/#primaryimage\",\"url\":\"https:\\\/\\\/despensafranciscana.com\\\/wp-content\\\/uploads\\\/2026\\\/03\\\/6.jpg\",\"contentUrl\":\"https:\\\/\\\/despensafranciscana.com\\\/wp-content\\\/uploads\\\/2026\\\/03\\\/6.jpg\",\"width\":899,\"height\":899},{\"@type\":\"BreadcrumbList\",\"@id\":\"https:\\\/\\\/despensafranciscana.com\\\/loja\\\/pezinhos-de-coentrada\\\/#breadcrumb\",\"itemListElement\":[{\"@type\":\"ListItem\",\"position\":1,\"name\":\"In\u00edcio\",\"item\":\"https:\\\/\\\/despensafranciscana.com\\\/\"},{\"@type\":\"ListItem\",\"position\":2,\"name\":\"Loja\",\"item\":\"https:\\\/\\\/despensafranciscana.com\\\/loja\\\/\"},{\"@type\":\"ListItem\",\"position\":3,\"name\":\"Pezinhos de Coentrada\"}]},{\"@type\":\"WebSite\",\"@id\":\"https:\\\/\\\/despensafranciscana.com\\\/#website\",\"url\":\"https:\\\/\\\/despensafranciscana.com\\\/\",\"name\":\"Despensa Franciscana\",\"description\":\"Despensa Franciscana\",\"publisher\":{\"@id\":\"https:\\\/\\\/despensafranciscana.com\\\/#organization\"},\"potentialAction\":[{\"@type\":\"SearchAction\",\"target\":{\"@type\":\"EntryPoint\",\"urlTemplate\":\"https:\\\/\\\/despensafranciscana.com\\\/?s={search_term_string}\"},\"query-input\":{\"@type\":\"PropertyValueSpecification\",\"valueRequired\":true,\"valueName\":\"search_term_string\"}}],\"inLanguage\":\"es\"},{\"@type\":\"Organization\",\"@id\":\"https:\\\/\\\/despensafranciscana.com\\\/#organization\",\"name\":\"Despensa Franciscana\",\"url\":\"https:\\\/\\\/despensafranciscana.com\\\/\",\"logo\":{\"@type\":\"ImageObject\",\"inLanguage\":\"es\",\"@id\":\"https:\\\/\\\/despensafranciscana.com\\\/#\\\/schema\\\/logo\\\/image\\\/\",\"url\":\"https:\\\/\\\/despensafranciscana.com\\\/wp-content\\\/uploads\\\/2025\\\/02\\\/despensa-franciscana-revamp-logos-8.png\",\"contentUrl\":\"https:\\\/\\\/despensafranciscana.com\\\/wp-content\\\/uploads\\\/2025\\\/02\\\/despensa-franciscana-revamp-logos-8.png\",\"width\":1920,\"height\":628,\"caption\":\"Despensa Franciscana\"},\"image\":{\"@id\":\"https:\\\/\\\/despensafranciscana.com\\\/#\\\/schema\\\/logo\\\/image\\\/\"},\"sameAs\":[\"https:\\\/\\\/www.facebook.com\\\/despensafranciscana\\\/\",\"https:\\\/\\\/www.instagram.com\\\/despensafranciscana\\\/\"]}]}<\/script>\n<!-- \/ Yoast SEO plugin. -->","yoast_head_json":{"title":"Pezinhos de Coentrada - Despensa Franciscana","robots":{"index":"index","follow":"follow","max-snippet":"max-snippet:-1","max-image-preview":"max-image-preview:large","max-video-preview":"max-video-preview:-1"},"canonical":"https:\/\/despensafranciscana.com\/es\/loja\/pezinhos-de-coentrada\/","og_locale":"es_ES","og_type":"article","og_title":"Pezinhos de Coentrada - Despensa Franciscana","og_description":"Cada frasco representa uma viagem ao cora\u00e7\u00e3o da gastronomia alentejana. Produzidos pelo reconhecido Chef Jos\u00e9 J\u00falio Vint\u00e9m, estas iguarias s\u00e3o feitas com base em receitas tradicionais e regionais, com o compromisso de oferecer um sabor aut\u00eantico. Sem corantes ou conservantes artificiais, cada frasco reflete a pureza e o respeito pelos ingredientes de qualidade. Existe um grande cuidado na conserva\u00e7\u00e3o gra\u00e7as ao uso de vinagres, pasteuriza\u00e7\u00e3o e um fecho em v\u00e1cuo, garantindo que cada sabor chegue a cada mesa com a m\u00e1xima frescura. Este produto poder ser usado como aperitivo, acompanhado de p\u00e3o ou tostas ou como prato principal com arroz, massa ou como empada.","og_url":"https:\/\/despensafranciscana.com\/es\/loja\/pezinhos-de-coentrada\/","og_site_name":"Despensa Franciscana","article_publisher":"https:\/\/www.facebook.com\/despensafranciscana\/","article_modified_time":"2026-04-22T18:38:02+00:00","og_image":[{"width":899,"height":899,"url":"https:\/\/despensafranciscana.com\/wp-content\/uploads\/2026\/03\/6.jpg","type":"image\/jpeg"}],"twitter_card":"summary_large_image","twitter_misc":{"Tiempo de lectura":"1 minuto"},"schema":{"@context":"https:\/\/schema.org","@graph":[{"@type":"WebPage","@id":"https:\/\/despensafranciscana.com\/loja\/pezinhos-de-coentrada\/","url":"https:\/\/despensafranciscana.com\/loja\/pezinhos-de-coentrada\/","name":"Pezinhos de Coentrada - Despensa Franciscana","isPartOf":{"@id":"https:\/\/despensafranciscana.com\/#website"},"primaryImageOfPage":{"@id":"https:\/\/despensafranciscana.com\/loja\/pezinhos-de-coentrada\/#primaryimage"},"image":{"@id":"https:\/\/despensafranciscana.com\/loja\/pezinhos-de-coentrada\/#primaryimage"},"thumbnailUrl":"https:\/\/despensafranciscana.com\/wp-content\/uploads\/2026\/03\/6.jpg","datePublished":"2021-05-20T09:20:22+00:00","dateModified":"2026-04-22T18:38:02+00:00","breadcrumb":{"@id":"https:\/\/despensafranciscana.com\/loja\/pezinhos-de-coentrada\/#breadcrumb"},"inLanguage":"es","potentialAction":[{"@type":"ReadAction","target":["https:\/\/despensafranciscana.com\/loja\/pezinhos-de-coentrada\/"]}]},{"@type":"ImageObject","inLanguage":"es","@id":"https:\/\/despensafranciscana.com\/loja\/pezinhos-de-coentrada\/#primaryimage","url":"https:\/\/despensafranciscana.com\/wp-content\/uploads\/2026\/03\/6.jpg","contentUrl":"https:\/\/despensafranciscana.com\/wp-content\/uploads\/2026\/03\/6.jpg","width":899,"height":899},{"@type":"BreadcrumbList","@id":"https:\/\/despensafranciscana.com\/loja\/pezinhos-de-coentrada\/#breadcrumb","itemListElement":[{"@type":"ListItem","position":1,"name":"In\u00edcio","item":"https:\/\/despensafranciscana.com\/"},{"@type":"ListItem","position":2,"name":"Loja","item":"https:\/\/despensafranciscana.com\/loja\/"},{"@type":"ListItem","position":3,"name":"Pezinhos de Coentrada"}]},{"@type":"WebSite","@id":"https:\/\/despensafranciscana.com\/#website","url":"https:\/\/despensafranciscana.com\/","name":"Despensa franciscana","description":"Despensa franciscana","publisher":{"@id":"https:\/\/despensafranciscana.com\/#organization"},"potentialAction":[{"@type":"SearchAction","target":{"@type":"EntryPoint","urlTemplate":"https:\/\/despensafranciscana.com\/?s={search_term_string}"},"query-input":{"@type":"PropertyValueSpecification","valueRequired":true,"valueName":"search_term_string"}}],"inLanguage":"es"},{"@type":"Organization","@id":"https:\/\/despensafranciscana.com\/#organization","name":"Despensa franciscana","url":"https:\/\/despensafranciscana.com\/","logo":{"@type":"ImageObject","inLanguage":"es","@id":"https:\/\/despensafranciscana.com\/#\/schema\/logo\/image\/","url":"https:\/\/despensafranciscana.com\/wp-content\/uploads\/2025\/02\/despensa-franciscana-revamp-logos-8.png","contentUrl":"https:\/\/despensafranciscana.com\/wp-content\/uploads\/2025\/02\/despensa-franciscana-revamp-logos-8.png","width":1920,"height":628,"caption":"Despensa Franciscana"},"image":{"@id":"https:\/\/despensafranciscana.com\/#\/schema\/logo\/image\/"},"sameAs":["https:\/\/www.facebook.com\/despensafranciscana\/","https:\/\/www.instagram.com\/despensafranciscana\/"]}]}},"_links":{"self":[{"href":"https:\/\/despensafranciscana.com\/es\/wp-json\/wp\/v2\/product\/17914","targetHints":{"allow":["GET"]}}],"collection":[{"href":"https:\/\/despensafranciscana.com\/es\/wp-json\/wp\/v2\/product"}],"about":[{"href":"https:\/\/despensafranciscana.com\/es\/wp-json\/wp\/v2\/types\/product"}],"wp:featuredmedia":[{"embeddable":true,"href":"https:\/\/despensafranciscana.com\/es\/wp-json\/wp\/v2\/media\/17908"}],"wp:attachment":[{"href":"https:\/\/despensafranciscana.com\/es\/wp-json\/wp\/v2\/media?parent=17914"}],"wp:term":[{"taxonomy":"product_brand","embeddable":true,"href":"https:\/\/despensafranciscana.com\/es\/wp-json\/wp\/v2\/product_brand?post=17914"},{"taxonomy":"product_cat","embeddable":true,"href":"https:\/\/despensafranciscana.com\/es\/wp-json\/wp\/v2\/product_cat?post=17914"},{"taxonomy":"product_tag","embeddable":true,"href":"https:\/\/despensafranciscana.com\/es\/wp-json\/wp\/v2\/product_tag?post=17914"}],"curies":[{"name":"wp","href":"https:\/\/api.w.org\/{rel}","templated":true}]}}