{"id":16800,"date":"2024-10-10T11:01:32","date_gmt":"2024-10-10T10:01:32","guid":{"rendered":"https:\/\/despensafranciscana.com\/?post_type=product&#038;p=16800"},"modified":"2026-02-25T15:43:11","modified_gmt":"2026-02-25T15:43:11","slug":"altas-quintas-reserva-tinto-2019","status":"publish","type":"product","link":"https:\/\/despensafranciscana.com\/es\/loja\/altas-quintas-reserva-tinto-2019\/","title":{"rendered":"Altas Quintas &#8211; Reserva Tinto 2021"},"content":{"rendered":"<p><strong>CASTAS<\/strong><br \/>\nAlicante Bouschet (50%), Touriga Nacional (30%) y Syrah (20%)<\/p>\n<p><strong>TERROIR Y VITICULTURA<\/strong><br \/>\nLos vi\u00f1edos de Altas Quintas se encuentran en un terru\u00f1o muy especial. Se encuentran a 600 metros de altitud, en una meseta que se desarrolla de forma \u00fanica, en plena Serra de S\u00e3o Mamede. La altitud, las condiciones mesoclim\u00e1ticas de esta zona y los suelos con un potencial de producci\u00f3n medio hacen que este emplazamiento sea tan especial. El vi\u00f1edo se gestiona mediante un programa de protecci\u00f3n integrada. Las uvas Touriga Nacional y Alicante Bouschet para este vino se vendimiaron a mano en cajas de 14 kg durante el mes de septiembre en parcelas de bajo rendimiento. El transporte a la bodega fue r\u00e1pido y hubo una selecci\u00f3n manual de racimos y bayas a la entrada de la bodega.<\/p>\n<p><strong>VINIFICACI\u00d3N<\/strong><br \/>\nSe realiz\u00f3 una maceraci\u00f3n prefermentativa en fr\u00edo durante 48 horas, seguida de una fermentaci\u00f3n a temperatura controlada en peque\u00f1as prensas de acero inoxidable con delestage diario. La fermentaci\u00f3n fue seguida de una maceraci\u00f3n postfermentativa de 90 d\u00edas. La mezcla envejeci\u00f3 durante 16 meses en barricas de roble franc\u00e9s, tras lo cual se embotell\u00f3.<\/p>\n<p><strong>ENOLOG\u00cdA<\/strong><br \/>\nAnt\u00f3nio Ventura y Diogo Vieira<\/p>\n<p><strong>NOTAS DE CATA \/ ARMONIZACI\u00d3N<\/strong><br \/>\nVino de color rub\u00ed intenso con aromas de fruta roja madura, notas de piedra p\u00f3mez y humo de puro, con ligeros toques tostados procedentes de la madera de crianza. En boca tiene la frescura t\u00edpica de la sierra de S.Mamede, con acidez equilibrada e incisiva, taninos presentes pero elegantes y moderados, con un final persistente, armonioso y de cierta complejidad.<br \/>\nPuede acompa\u00f1ar platos horneados complejos.<\/p>\n<p><strong>CARACTER\u00cdSTICAS FISICOQU\u00cdMICAS<\/strong><br \/>\nGrado alcoh\u00f3lico = 15,0 % (vol.)<br \/>\npH = 3,62<br \/>\nAcidez total = 5,8 g\/L (expresada en \u00e1cido tart\u00e1rico)<\/p>","protected":false},"excerpt":{"rendered":"<p>CASTAS Alicante Bouschet (50%), Touriga Nacional (30%) e Syrah (20%) TERROIR E VITICULTURA As vinhas Altas Quintas encontram-se num Terroir [&hellip;]<\/p>\n","protected":false},"featured_media":16804,"template":"","meta":[],"product_brand":[],"product_cat":[39],"product_tag":[],"class_list":{"0":"post-16800","1":"product","2":"type-product","3":"status-publish","4":"has-post-thumbnail","6":"product_cat-bebidas","8":"first","9":"outofstock","10":"taxable","11":"shipping-taxable","12":"purchasable","13":"product-type-simple"},"yoast_head":"<!-- This site is optimized with the Yoast SEO plugin v27.2 - https:\/\/yoast.com\/product\/yoast-seo-wordpress\/ -->\n<title>Altas Quintas - Reserva Tinto 2021 - Despensa Franciscana<\/title>\n<meta name=\"robots\" content=\"index, follow, max-snippet:-1, max-image-preview:large, max-video-preview:-1\" \/>\n<link rel=\"canonical\" href=\"https:\/\/despensafranciscana.com\/es\/loja\/altas-quintas-reserva-tinto-2019\/\" \/>\n<meta property=\"og:locale\" content=\"es_ES\" \/>\n<meta property=\"og:type\" content=\"article\" \/>\n<meta property=\"og:title\" content=\"Altas Quintas - Reserva Tinto 2021 - Despensa Franciscana\" \/>\n<meta property=\"og:description\" content=\"CASTAS Alicante Bouschet (50%), Touriga Nacional (30%) e Syrah (20%) TERROIR E VITICULTURA As vinhas Altas Quintas encontram-se num Terroir [&hellip;]\" \/>\n<meta property=\"og:url\" content=\"https:\/\/despensafranciscana.com\/es\/loja\/altas-quintas-reserva-tinto-2019\/\" \/>\n<meta property=\"og:site_name\" content=\"Despensa Franciscana\" \/>\n<meta property=\"article:publisher\" content=\"https:\/\/www.facebook.com\/despensafranciscana\/\" \/>\n<meta property=\"article:modified_time\" content=\"2026-02-25T15:43:11+00:00\" \/>\n<meta property=\"og:image\" content=\"https:\/\/despensafranciscana.com\/wp-content\/uploads\/2024\/10\/AQ_Reserva-Red-scaled.jpg\" \/>\n\t<meta property=\"og:image:width\" content=\"2560\" \/>\n\t<meta property=\"og:image:height\" content=\"2560\" \/>\n\t<meta property=\"og:image:type\" content=\"image\/jpeg\" \/>\n<meta name=\"twitter:card\" content=\"summary_large_image\" \/>\n<meta name=\"twitter:label1\" content=\"Tiempo de lectura\" \/>\n\t<meta name=\"twitter:data1\" content=\"2 minutos\" \/>\n<script type=\"application\/ld+json\" class=\"yoast-schema-graph\">{\"@context\":\"https:\/\/schema.org\",\"@graph\":[{\"@type\":\"WebPage\",\"@id\":\"https:\/\/despensafranciscana.com\/loja\/altas-quintas-reserva-tinto-2019\/\",\"url\":\"https:\/\/despensafranciscana.com\/loja\/altas-quintas-reserva-tinto-2019\/\",\"name\":\"Altas Quintas - Reserva Tinto 2021 - Despensa Franciscana\",\"isPartOf\":{\"@id\":\"https:\/\/despensafranciscana.com\/#website\"},\"primaryImageOfPage\":{\"@id\":\"https:\/\/despensafranciscana.com\/loja\/altas-quintas-reserva-tinto-2019\/#primaryimage\"},\"image\":{\"@id\":\"https:\/\/despensafranciscana.com\/loja\/altas-quintas-reserva-tinto-2019\/#primaryimage\"},\"thumbnailUrl\":\"https:\/\/despensafranciscana.com\/wp-content\/uploads\/2024\/10\/AQ_Reserva-Red-scaled.jpg\",\"datePublished\":\"2024-10-10T10:01:32+00:00\",\"dateModified\":\"2026-02-25T15:43:11+00:00\",\"breadcrumb\":{\"@id\":\"https:\/\/despensafranciscana.com\/loja\/altas-quintas-reserva-tinto-2019\/#breadcrumb\"},\"inLanguage\":\"es\",\"potentialAction\":[{\"@type\":\"ReadAction\",\"target\":[\"https:\/\/despensafranciscana.com\/loja\/altas-quintas-reserva-tinto-2019\/\"]}]},{\"@type\":\"ImageObject\",\"inLanguage\":\"es\",\"@id\":\"https:\/\/despensafranciscana.com\/loja\/altas-quintas-reserva-tinto-2019\/#primaryimage\",\"url\":\"https:\/\/despensafranciscana.com\/wp-content\/uploads\/2024\/10\/AQ_Reserva-Red-scaled.jpg\",\"contentUrl\":\"https:\/\/despensafranciscana.com\/wp-content\/uploads\/2024\/10\/AQ_Reserva-Red-scaled.jpg\",\"width\":2560,\"height\":2560},{\"@type\":\"BreadcrumbList\",\"@id\":\"https:\/\/despensafranciscana.com\/loja\/altas-quintas-reserva-tinto-2019\/#breadcrumb\",\"itemListElement\":[{\"@type\":\"ListItem\",\"position\":1,\"name\":\"In\u00edcio\",\"item\":\"https:\/\/despensafranciscana.com\/\"},{\"@type\":\"ListItem\",\"position\":2,\"name\":\"Loja\",\"item\":\"https:\/\/despensafranciscana.com\/loja\/\"},{\"@type\":\"ListItem\",\"position\":3,\"name\":\"Altas Quintas &#8211; Reserva Tinto 2021\"}]},{\"@type\":\"WebSite\",\"@id\":\"https:\/\/despensafranciscana.com\/#website\",\"url\":\"https:\/\/despensafranciscana.com\/\",\"name\":\"Despensa Franciscana\",\"description\":\"Despensa Franciscana\",\"publisher\":{\"@id\":\"https:\/\/despensafranciscana.com\/#organization\"},\"potentialAction\":[{\"@type\":\"SearchAction\",\"target\":{\"@type\":\"EntryPoint\",\"urlTemplate\":\"https:\/\/despensafranciscana.com\/?s={search_term_string}\"},\"query-input\":{\"@type\":\"PropertyValueSpecification\",\"valueRequired\":true,\"valueName\":\"search_term_string\"}}],\"inLanguage\":\"es\"},{\"@type\":\"Organization\",\"@id\":\"https:\/\/despensafranciscana.com\/#organization\",\"name\":\"Despensa Franciscana\",\"url\":\"https:\/\/despensafranciscana.com\/\",\"logo\":{\"@type\":\"ImageObject\",\"inLanguage\":\"es\",\"@id\":\"https:\/\/despensafranciscana.com\/#\/schema\/logo\/image\/\",\"url\":\"https:\/\/despensafranciscana.com\/wp-content\/uploads\/2025\/02\/despensa-franciscana-revamp-logos-8.png\",\"contentUrl\":\"https:\/\/despensafranciscana.com\/wp-content\/uploads\/2025\/02\/despensa-franciscana-revamp-logos-8.png\",\"width\":1920,\"height\":628,\"caption\":\"Despensa Franciscana\"},\"image\":{\"@id\":\"https:\/\/despensafranciscana.com\/#\/schema\/logo\/image\/\"},\"sameAs\":[\"https:\/\/www.facebook.com\/despensafranciscana\/\",\"https:\/\/www.instagram.com\/despensafranciscana\/\"]}]}<\/script>\n<!-- \/ Yoast SEO plugin. -->","yoast_head_json":{"title":"Altas Quintas - Reserva Tinto 2021 - Despensa Franciscana","robots":{"index":"index","follow":"follow","max-snippet":"max-snippet:-1","max-image-preview":"max-image-preview:large","max-video-preview":"max-video-preview:-1"},"canonical":"https:\/\/despensafranciscana.com\/es\/loja\/altas-quintas-reserva-tinto-2019\/","og_locale":"es_ES","og_type":"article","og_title":"Altas Quintas - Reserva Tinto 2021 - Despensa Franciscana","og_description":"CASTAS Alicante Bouschet (50%), Touriga Nacional (30%) e Syrah (20%) TERROIR E VITICULTURA As vinhas Altas Quintas encontram-se num Terroir [&hellip;]","og_url":"https:\/\/despensafranciscana.com\/es\/loja\/altas-quintas-reserva-tinto-2019\/","og_site_name":"Despensa Franciscana","article_publisher":"https:\/\/www.facebook.com\/despensafranciscana\/","article_modified_time":"2026-02-25T15:43:11+00:00","og_image":[{"width":2560,"height":2560,"url":"https:\/\/despensafranciscana.com\/wp-content\/uploads\/2024\/10\/AQ_Reserva-Red-scaled.jpg","type":"image\/jpeg"}],"twitter_card":"summary_large_image","twitter_misc":{"Tiempo de lectura":"2 minutos"},"schema":{"@context":"https:\/\/schema.org","@graph":[{"@type":"WebPage","@id":"https:\/\/despensafranciscana.com\/loja\/altas-quintas-reserva-tinto-2019\/","url":"https:\/\/despensafranciscana.com\/loja\/altas-quintas-reserva-tinto-2019\/","name":"Altas Quintas - Reserva Tinto 2021 - Despensa Franciscana","isPartOf":{"@id":"https:\/\/despensafranciscana.com\/#website"},"primaryImageOfPage":{"@id":"https:\/\/despensafranciscana.com\/loja\/altas-quintas-reserva-tinto-2019\/#primaryimage"},"image":{"@id":"https:\/\/despensafranciscana.com\/loja\/altas-quintas-reserva-tinto-2019\/#primaryimage"},"thumbnailUrl":"https:\/\/despensafranciscana.com\/wp-content\/uploads\/2024\/10\/AQ_Reserva-Red-scaled.jpg","datePublished":"2024-10-10T10:01:32+00:00","dateModified":"2026-02-25T15:43:11+00:00","breadcrumb":{"@id":"https:\/\/despensafranciscana.com\/loja\/altas-quintas-reserva-tinto-2019\/#breadcrumb"},"inLanguage":"es","potentialAction":[{"@type":"ReadAction","target":["https:\/\/despensafranciscana.com\/loja\/altas-quintas-reserva-tinto-2019\/"]}]},{"@type":"ImageObject","inLanguage":"es","@id":"https:\/\/despensafranciscana.com\/loja\/altas-quintas-reserva-tinto-2019\/#primaryimage","url":"https:\/\/despensafranciscana.com\/wp-content\/uploads\/2024\/10\/AQ_Reserva-Red-scaled.jpg","contentUrl":"https:\/\/despensafranciscana.com\/wp-content\/uploads\/2024\/10\/AQ_Reserva-Red-scaled.jpg","width":2560,"height":2560},{"@type":"BreadcrumbList","@id":"https:\/\/despensafranciscana.com\/loja\/altas-quintas-reserva-tinto-2019\/#breadcrumb","itemListElement":[{"@type":"ListItem","position":1,"name":"In\u00edcio","item":"https:\/\/despensafranciscana.com\/"},{"@type":"ListItem","position":2,"name":"Loja","item":"https:\/\/despensafranciscana.com\/loja\/"},{"@type":"ListItem","position":3,"name":"Altas Quintas &#8211; Reserva Tinto 2021"}]},{"@type":"WebSite","@id":"https:\/\/despensafranciscana.com\/#website","url":"https:\/\/despensafranciscana.com\/","name":"Despensa franciscana","description":"Despensa franciscana","publisher":{"@id":"https:\/\/despensafranciscana.com\/#organization"},"potentialAction":[{"@type":"SearchAction","target":{"@type":"EntryPoint","urlTemplate":"https:\/\/despensafranciscana.com\/?s={search_term_string}"},"query-input":{"@type":"PropertyValueSpecification","valueRequired":true,"valueName":"search_term_string"}}],"inLanguage":"es"},{"@type":"Organization","@id":"https:\/\/despensafranciscana.com\/#organization","name":"Despensa franciscana","url":"https:\/\/despensafranciscana.com\/","logo":{"@type":"ImageObject","inLanguage":"es","@id":"https:\/\/despensafranciscana.com\/#\/schema\/logo\/image\/","url":"https:\/\/despensafranciscana.com\/wp-content\/uploads\/2025\/02\/despensa-franciscana-revamp-logos-8.png","contentUrl":"https:\/\/despensafranciscana.com\/wp-content\/uploads\/2025\/02\/despensa-franciscana-revamp-logos-8.png","width":1920,"height":628,"caption":"Despensa Franciscana"},"image":{"@id":"https:\/\/despensafranciscana.com\/#\/schema\/logo\/image\/"},"sameAs":["https:\/\/www.facebook.com\/despensafranciscana\/","https:\/\/www.instagram.com\/despensafranciscana\/"]}]}},"_links":{"self":[{"href":"https:\/\/despensafranciscana.com\/es\/wp-json\/wp\/v2\/product\/16800","targetHints":{"allow":["GET"]}}],"collection":[{"href":"https:\/\/despensafranciscana.com\/es\/wp-json\/wp\/v2\/product"}],"about":[{"href":"https:\/\/despensafranciscana.com\/es\/wp-json\/wp\/v2\/types\/product"}],"wp:featuredmedia":[{"embeddable":true,"href":"https:\/\/despensafranciscana.com\/es\/wp-json\/wp\/v2\/media\/16804"}],"wp:attachment":[{"href":"https:\/\/despensafranciscana.com\/es\/wp-json\/wp\/v2\/media?parent=16800"}],"wp:term":[{"taxonomy":"product_brand","embeddable":true,"href":"https:\/\/despensafranciscana.com\/es\/wp-json\/wp\/v2\/product_brand?post=16800"},{"taxonomy":"product_cat","embeddable":true,"href":"https:\/\/despensafranciscana.com\/es\/wp-json\/wp\/v2\/product_cat?post=16800"},{"taxonomy":"product_tag","embeddable":true,"href":"https:\/\/despensafranciscana.com\/es\/wp-json\/wp\/v2\/product_tag?post=16800"}],"curies":[{"name":"wp","href":"https:\/\/api.w.org\/{rel}","templated":true}]}}