{"id":16793,"date":"2024-10-10T10:36:47","date_gmt":"2024-10-10T09:36:47","guid":{"rendered":"https:\/\/despensafranciscana.com\/?post_type=product&#038;p=16793"},"modified":"2025-03-11T12:16:52","modified_gmt":"2025-03-11T12:16:52","slug":"altas-quintas-colheita-tinto-2020","status":"publish","type":"product","link":"https:\/\/despensafranciscana.com\/es\/loja\/altas-quintas-colheita-tinto-2020\/","title":{"rendered":"Alta Quintas - Colheita Tinto 2020"},"content":{"rendered":"<p><strong>CASTAS<\/strong><br \/>\nTouriga Nacional (60%) y Alicante Bouschet (40%)<\/p>\n<p><strong>TERROIR Y VITICULTURA<\/strong><br \/>\nLos vi\u00f1edos de Altas Quintas se encuentran en un terru\u00f1o muy especial. Se encuentran a 600 metros de altitud, en una meseta que se desarrolla de forma \u00fanica, en plena Serra de S\u00e3o Mamede. La altitud, las condiciones mesoclim\u00e1ticas de esta zona y los suelos con un potencial de producci\u00f3n medio hacen que este emplazamiento sea tan especial.<br \/>\nEl vi\u00f1edo se gestiona dentro de un programa de protecci\u00f3n integrada.<br \/>\nLas uvas Touriga Nacional y Alicante Bouschet para este vino se vendimiaron a mano en septiembre en cajas de 14 kg procedentes de parcelas de bajo rendimiento. El transporte hasta la bodega fue r\u00e1pido. Los racimos y las bayas se seleccionaron a la entrada de la bodega.<\/p>\n<p><strong>VINIFICACI\u00d3N<\/strong><br \/>\nTras una maceraci\u00f3n prefermentativa en fr\u00edo durante 24 horas, la fermentaci\u00f3n tuvo lugar a temperatura controlada en peque\u00f1os molinos de 5 toneladas, con pisado y delestage.<br \/>\nEl vino envejeci\u00f3 12 meses en barricas de roble franc\u00e9s. A continuaci\u00f3n se embotell\u00f3 y envejeci\u00f3 en botella antes de salir al mercado.<\/p>\n<p><strong>ENOLOG\u00cdA<\/strong><br \/>\nJo\u00e3o Louren\u00e7o y equipo<\/p>\n<p><strong>NOTAS DE CATA \/ ARMONIZACI\u00d3N<\/strong><br \/>\nVino de color rub\u00ed con aromas de peque\u00f1os frutos del bosque, toques de chocolate negro y evidentes notas bals\u00e1micas.<br \/>\nEn boca, revela la frescura y el equilibrio caracter\u00edsticos de la altitud de la sierra de S.Mamede y la elegancia que le confieren unos taninos pulidos y armoniosos.<br \/>\nPuede acompa\u00f1ar platos al horno u otros platos con cierta complejidad.<br \/>\nSe recomienda una temperatura de servicio de 16\u00baC.<\/p>\n<p><strong>CARACTER\u00cdSTICAS FISICOQU\u00cdMICAS<\/strong><br \/>\nGrado alcoh\u00f3lico = 14,5 % (vol.)<br \/>\npH = 3,78<br \/>\nAcidez total = 5,5 g\/L (expresada en \u00e1cido tart\u00e1rico)<\/p>","protected":false},"excerpt":{"rendered":"<p>CASTAS Touriga Nacional (60%) e Alicante Bouschet (40%) TERROIR E VITICULTURA As vinhas Altas Quintas encontram-se num Terroir muito especial. [&hellip;]<\/p>\n","protected":false},"featured_media":16795,"template":"","meta":[],"product_brand":[],"product_cat":[39],"product_tag":[],"class_list":{"0":"post-16793","1":"product","2":"type-product","3":"status-publish","4":"has-post-thumbnail","6":"product_cat-bebidas","8":"first","9":"instock","10":"taxable","11":"shipping-taxable","12":"purchasable","13":"product-type-variable","14":"has-default-attributes"},"yoast_head":"<!-- This site is optimized with the Yoast SEO plugin v27.2 - https:\/\/yoast.com\/product\/yoast-seo-wordpress\/ -->\n<title>Altas Quintas - Colheita Tinto 2020 - Despensa Franciscana<\/title>\n<meta name=\"robots\" content=\"index, follow, max-snippet:-1, max-image-preview:large, max-video-preview:-1\" \/>\n<link rel=\"canonical\" href=\"https:\/\/despensafranciscana.com\/es\/loja\/altas-quintas-colheita-tinto-2020\/\" \/>\n<meta property=\"og:locale\" content=\"es_ES\" \/>\n<meta property=\"og:type\" content=\"article\" \/>\n<meta property=\"og:title\" content=\"Altas Quintas - Colheita Tinto 2020 - Despensa Franciscana\" \/>\n<meta property=\"og:description\" content=\"CASTAS Touriga Nacional (60%) e Alicante Bouschet (40%) TERROIR E VITICULTURA As vinhas Altas Quintas encontram-se num Terroir muito especial. [&hellip;]\" \/>\n<meta property=\"og:url\" content=\"https:\/\/despensafranciscana.com\/es\/loja\/altas-quintas-colheita-tinto-2020\/\" \/>\n<meta property=\"og:site_name\" content=\"Despensa Franciscana\" \/>\n<meta property=\"article:publisher\" content=\"https:\/\/www.facebook.com\/despensafranciscana\/\" \/>\n<meta property=\"article:modified_time\" content=\"2025-03-11T12:16:52+00:00\" \/>\n<meta property=\"og:image\" content=\"https:\/\/despensafranciscana.com\/wp-content\/uploads\/2024\/10\/AQ_Colheita-Red-scaled.jpg\" \/>\n\t<meta property=\"og:image:width\" content=\"2560\" \/>\n\t<meta property=\"og:image:height\" content=\"2560\" \/>\n\t<meta property=\"og:image:type\" content=\"image\/jpeg\" \/>\n<meta name=\"twitter:card\" content=\"summary_large_image\" \/>\n<meta name=\"twitter:label1\" content=\"Tiempo de lectura\" \/>\n\t<meta name=\"twitter:data1\" content=\"2 minutos\" \/>\n<script type=\"application\/ld+json\" class=\"yoast-schema-graph\">{\"@context\":\"https:\/\/schema.org\",\"@graph\":[{\"@type\":\"WebPage\",\"@id\":\"https:\/\/despensafranciscana.com\/fr\/loja\/altas-quintas-colheita-tinto-2020\/\",\"url\":\"https:\/\/despensafranciscana.com\/fr\/loja\/altas-quintas-colheita-tinto-2020\/\",\"name\":\"Altas Quintas - Colheita Tinto 2020 - Despensa Franciscana\",\"isPartOf\":{\"@id\":\"https:\/\/despensafranciscana.com\/#website\"},\"primaryImageOfPage\":{\"@id\":\"https:\/\/despensafranciscana.com\/fr\/loja\/altas-quintas-colheita-tinto-2020\/#primaryimage\"},\"image\":{\"@id\":\"https:\/\/despensafranciscana.com\/fr\/loja\/altas-quintas-colheita-tinto-2020\/#primaryimage\"},\"thumbnailUrl\":\"https:\/\/despensafranciscana.com\/wp-content\/uploads\/2024\/10\/AQ_Colheita-Red-scaled.jpg\",\"datePublished\":\"2024-10-10T09:36:47+00:00\",\"dateModified\":\"2025-03-11T12:16:52+00:00\",\"breadcrumb\":{\"@id\":\"https:\/\/despensafranciscana.com\/fr\/loja\/altas-quintas-colheita-tinto-2020\/#breadcrumb\"},\"inLanguage\":\"es\",\"potentialAction\":[{\"@type\":\"ReadAction\",\"target\":[\"https:\/\/despensafranciscana.com\/fr\/loja\/altas-quintas-colheita-tinto-2020\/\"]}]},{\"@type\":\"ImageObject\",\"inLanguage\":\"es\",\"@id\":\"https:\/\/despensafranciscana.com\/fr\/loja\/altas-quintas-colheita-tinto-2020\/#primaryimage\",\"url\":\"https:\/\/despensafranciscana.com\/wp-content\/uploads\/2024\/10\/AQ_Colheita-Red-scaled.jpg\",\"contentUrl\":\"https:\/\/despensafranciscana.com\/wp-content\/uploads\/2024\/10\/AQ_Colheita-Red-scaled.jpg\",\"width\":2560,\"height\":2560},{\"@type\":\"BreadcrumbList\",\"@id\":\"https:\/\/despensafranciscana.com\/fr\/loja\/altas-quintas-colheita-tinto-2020\/#breadcrumb\",\"itemListElement\":[{\"@type\":\"ListItem\",\"position\":1,\"name\":\"In\u00edcio\",\"item\":\"https:\/\/despensafranciscana.com\/\"},{\"@type\":\"ListItem\",\"position\":2,\"name\":\"Loja\",\"item\":\"https:\/\/despensafranciscana.com\/loja\/\"},{\"@type\":\"ListItem\",\"position\":3,\"name\":\"Altas Quintas &#8211; Colheita Tinto 2020\"}]},{\"@type\":\"WebSite\",\"@id\":\"https:\/\/despensafranciscana.com\/#website\",\"url\":\"https:\/\/despensafranciscana.com\/\",\"name\":\"Despensa Franciscana\",\"description\":\"Despensa Franciscana\",\"publisher\":{\"@id\":\"https:\/\/despensafranciscana.com\/#organization\"},\"potentialAction\":[{\"@type\":\"SearchAction\",\"target\":{\"@type\":\"EntryPoint\",\"urlTemplate\":\"https:\/\/despensafranciscana.com\/?s={search_term_string}\"},\"query-input\":{\"@type\":\"PropertyValueSpecification\",\"valueRequired\":true,\"valueName\":\"search_term_string\"}}],\"inLanguage\":\"es\"},{\"@type\":\"Organization\",\"@id\":\"https:\/\/despensafranciscana.com\/#organization\",\"name\":\"Despensa Franciscana\",\"url\":\"https:\/\/despensafranciscana.com\/\",\"logo\":{\"@type\":\"ImageObject\",\"inLanguage\":\"es\",\"@id\":\"https:\/\/despensafranciscana.com\/#\/schema\/logo\/image\/\",\"url\":\"https:\/\/despensafranciscana.com\/wp-content\/uploads\/2025\/02\/despensa-franciscana-revamp-logos-8.png\",\"contentUrl\":\"https:\/\/despensafranciscana.com\/wp-content\/uploads\/2025\/02\/despensa-franciscana-revamp-logos-8.png\",\"width\":1920,\"height\":628,\"caption\":\"Despensa Franciscana\"},\"image\":{\"@id\":\"https:\/\/despensafranciscana.com\/#\/schema\/logo\/image\/\"},\"sameAs\":[\"https:\/\/www.facebook.com\/despensafranciscana\/\",\"https:\/\/www.instagram.com\/despensafranciscana\/\"]}]}<\/script>\n<!-- \/ Yoast SEO plugin. -->","yoast_head_json":{"title":"Altas Quintas - Colheita Tinto 2020 - Despensa Franciscana","robots":{"index":"index","follow":"follow","max-snippet":"max-snippet:-1","max-image-preview":"max-image-preview:large","max-video-preview":"max-video-preview:-1"},"canonical":"https:\/\/despensafranciscana.com\/es\/loja\/altas-quintas-colheita-tinto-2020\/","og_locale":"es_ES","og_type":"article","og_title":"Altas Quintas - Colheita Tinto 2020 - Despensa Franciscana","og_description":"CASTAS Touriga Nacional (60%) e Alicante Bouschet (40%) TERROIR E VITICULTURA As vinhas Altas Quintas encontram-se num Terroir muito especial. [&hellip;]","og_url":"https:\/\/despensafranciscana.com\/es\/loja\/altas-quintas-colheita-tinto-2020\/","og_site_name":"Despensa Franciscana","article_publisher":"https:\/\/www.facebook.com\/despensafranciscana\/","article_modified_time":"2025-03-11T12:16:52+00:00","og_image":[{"width":2560,"height":2560,"url":"https:\/\/despensafranciscana.com\/wp-content\/uploads\/2024\/10\/AQ_Colheita-Red-scaled.jpg","type":"image\/jpeg"}],"twitter_card":"summary_large_image","twitter_misc":{"Tiempo de lectura":"2 minutos"},"schema":{"@context":"https:\/\/schema.org","@graph":[{"@type":"WebPage","@id":"https:\/\/despensafranciscana.com\/fr\/loja\/altas-quintas-colheita-tinto-2020\/","url":"https:\/\/despensafranciscana.com\/fr\/loja\/altas-quintas-colheita-tinto-2020\/","name":"Altas Quintas - Colheita Tinto 2020 - Despensa Franciscana","isPartOf":{"@id":"https:\/\/despensafranciscana.com\/#website"},"primaryImageOfPage":{"@id":"https:\/\/despensafranciscana.com\/fr\/loja\/altas-quintas-colheita-tinto-2020\/#primaryimage"},"image":{"@id":"https:\/\/despensafranciscana.com\/fr\/loja\/altas-quintas-colheita-tinto-2020\/#primaryimage"},"thumbnailUrl":"https:\/\/despensafranciscana.com\/wp-content\/uploads\/2024\/10\/AQ_Colheita-Red-scaled.jpg","datePublished":"2024-10-10T09:36:47+00:00","dateModified":"2025-03-11T12:16:52+00:00","breadcrumb":{"@id":"https:\/\/despensafranciscana.com\/fr\/loja\/altas-quintas-colheita-tinto-2020\/#breadcrumb"},"inLanguage":"es","potentialAction":[{"@type":"ReadAction","target":["https:\/\/despensafranciscana.com\/fr\/loja\/altas-quintas-colheita-tinto-2020\/"]}]},{"@type":"ImageObject","inLanguage":"es","@id":"https:\/\/despensafranciscana.com\/fr\/loja\/altas-quintas-colheita-tinto-2020\/#primaryimage","url":"https:\/\/despensafranciscana.com\/wp-content\/uploads\/2024\/10\/AQ_Colheita-Red-scaled.jpg","contentUrl":"https:\/\/despensafranciscana.com\/wp-content\/uploads\/2024\/10\/AQ_Colheita-Red-scaled.jpg","width":2560,"height":2560},{"@type":"BreadcrumbList","@id":"https:\/\/despensafranciscana.com\/fr\/loja\/altas-quintas-colheita-tinto-2020\/#breadcrumb","itemListElement":[{"@type":"ListItem","position":1,"name":"In\u00edcio","item":"https:\/\/despensafranciscana.com\/"},{"@type":"ListItem","position":2,"name":"Loja","item":"https:\/\/despensafranciscana.com\/loja\/"},{"@type":"ListItem","position":3,"name":"Altas Quintas &#8211; Colheita Tinto 2020"}]},{"@type":"WebSite","@id":"https:\/\/despensafranciscana.com\/#website","url":"https:\/\/despensafranciscana.com\/","name":"Despensa franciscana","description":"Despensa franciscana","publisher":{"@id":"https:\/\/despensafranciscana.com\/#organization"},"potentialAction":[{"@type":"SearchAction","target":{"@type":"EntryPoint","urlTemplate":"https:\/\/despensafranciscana.com\/?s={search_term_string}"},"query-input":{"@type":"PropertyValueSpecification","valueRequired":true,"valueName":"search_term_string"}}],"inLanguage":"es"},{"@type":"Organization","@id":"https:\/\/despensafranciscana.com\/#organization","name":"Despensa franciscana","url":"https:\/\/despensafranciscana.com\/","logo":{"@type":"ImageObject","inLanguage":"es","@id":"https:\/\/despensafranciscana.com\/#\/schema\/logo\/image\/","url":"https:\/\/despensafranciscana.com\/wp-content\/uploads\/2025\/02\/despensa-franciscana-revamp-logos-8.png","contentUrl":"https:\/\/despensafranciscana.com\/wp-content\/uploads\/2025\/02\/despensa-franciscana-revamp-logos-8.png","width":1920,"height":628,"caption":"Despensa Franciscana"},"image":{"@id":"https:\/\/despensafranciscana.com\/#\/schema\/logo\/image\/"},"sameAs":["https:\/\/www.facebook.com\/despensafranciscana\/","https:\/\/www.instagram.com\/despensafranciscana\/"]}]}},"_links":{"self":[{"href":"https:\/\/despensafranciscana.com\/es\/wp-json\/wp\/v2\/product\/16793","targetHints":{"allow":["GET"]}}],"collection":[{"href":"https:\/\/despensafranciscana.com\/es\/wp-json\/wp\/v2\/product"}],"about":[{"href":"https:\/\/despensafranciscana.com\/es\/wp-json\/wp\/v2\/types\/product"}],"wp:featuredmedia":[{"embeddable":true,"href":"https:\/\/despensafranciscana.com\/es\/wp-json\/wp\/v2\/media\/16795"}],"wp:attachment":[{"href":"https:\/\/despensafranciscana.com\/es\/wp-json\/wp\/v2\/media?parent=16793"}],"wp:term":[{"taxonomy":"product_brand","embeddable":true,"href":"https:\/\/despensafranciscana.com\/es\/wp-json\/wp\/v2\/product_brand?post=16793"},{"taxonomy":"product_cat","embeddable":true,"href":"https:\/\/despensafranciscana.com\/es\/wp-json\/wp\/v2\/product_cat?post=16793"},{"taxonomy":"product_tag","embeddable":true,"href":"https:\/\/despensafranciscana.com\/es\/wp-json\/wp\/v2\/product_tag?post=16793"}],"curies":[{"name":"wp","href":"https:\/\/api.w.org\/{rel}","templated":true}]}}