{"id":16780,"date":"2024-09-30T19:13:37","date_gmt":"2024-09-30T18:13:37","guid":{"rendered":"https:\/\/despensafranciscana.com\/?post_type=product&#038;p=16780"},"modified":"2025-03-07T16:06:56","modified_gmt":"2025-03-07T16:06:56","slug":"altas-quintas-crescendo-branco-2023","status":"publish","type":"product","link":"https:\/\/despensafranciscana.com\/es\/loja\/altas-quintas-crescendo-branco-2023\/","title":{"rendered":"Altas Quintas Crescendo - Blanco 2023"},"content":{"rendered":"<p><strong>CASTAS<\/strong><br \/>\nFern\u00e3o Pires (60%) y Arinto (40%)<\/p>\n<p><strong>TERROIR Y VITICULTURA<\/strong><br \/>\nLos vi\u00f1edos de Altas Quintas se encuentran en un terru\u00f1o muy especial. Se encuentran a 600 metros de altitud, en una meseta que se desarrolla de forma \u00fanica, en plena Serra de S\u00e3o Mamede. La altitud, las condiciones mesoclim\u00e1ticas de esta zona y los suelos con un potencial de producci\u00f3n medio hacen que este emplazamiento sea tan especial. El vi\u00f1edo se gestiona mediante un programa de protecci\u00f3n integrada. Las uvas Fern\u00e3o Pires y Arinto para este vino se recogieron a mano de las mejores parcelas en cajas de 14 kg. Se transportaron r\u00e1pidamente a la bodega. Los racimos y las bayas se seleccionaron a la entrada de la bodega.<\/p>\n<p><strong>VINIFICACI\u00d3N<\/strong><br \/>\nLa fermentaci\u00f3n se realiz\u00f3 a 14\u00baC en dep\u00f3sito de acero inoxidable, seguida de un periodo de crianza de 4 meses en barricas de roble franc\u00e9s.<\/p>\n<p><strong>ENOLOG\u00cdA<\/strong><br \/>\nAnt\u00f3nio Ventura<\/p>\n<p><strong>NOTAS DE CATA \/ ARMONIZACI\u00d3N<\/strong><br \/>\nUn vino de color c\u00edtrico, con aromas de c\u00edtricos, matices de pedernal y algunas ligeras notas florales.<br \/>\nEn boca es elegante, con cierta complejidad y buena textura, con un final fresco y equilibrado y buena persistencia. Puede acompa\u00f1ar platos de pescado con cierta complejidad o carnes blancas.<\/p>\n<p><strong>CARACTER\u00cdSTICAS FISICOQU\u00cdMICAS<\/strong><br \/>\nGrado alcoh\u00f3lico = 13,0 % (vol.)<br \/>\npH = 3,14<br \/>\nAcidez total = 6,1 g\/L (expresada en \u00e1cido tart\u00e1rico)<\/p>","protected":false},"excerpt":{"rendered":"<p>CASTAS Fern\u00e3o Pires (60%) e Arinto (40%) TERROIR E VITICULTURA As vinhas Altas Quintas encontram-se num Terroir muito especial. Localizam-se [&hellip;]<\/p>\n","protected":false},"featured_media":16781,"template":"","meta":[],"product_brand":[],"product_cat":[39],"product_tag":[],"class_list":{"0":"post-16780","1":"product","2":"type-product","3":"status-publish","4":"has-post-thumbnail","6":"product_cat-bebidas","8":"first","9":"instock","10":"taxable","11":"shipping-taxable","12":"purchasable","13":"product-type-simple"},"yoast_head":"<!-- This site is optimized with the Yoast SEO plugin v27.2 - https:\/\/yoast.com\/product\/yoast-seo-wordpress\/ -->\n<title>Altas Quintas Crescendo - Branco 2023 - Despensa Franciscana<\/title>\n<meta name=\"robots\" content=\"index, follow, max-snippet:-1, max-image-preview:large, max-video-preview:-1\" \/>\n<link rel=\"canonical\" href=\"https:\/\/despensafranciscana.com\/es\/loja\/altas-quintas-crescendo-branco-2023\/\" \/>\n<meta property=\"og:locale\" content=\"es_ES\" \/>\n<meta property=\"og:type\" content=\"article\" \/>\n<meta property=\"og:title\" content=\"Altas Quintas Crescendo - Branco 2023 - Despensa Franciscana\" \/>\n<meta property=\"og:description\" content=\"CASTAS Fern\u00e3o Pires (60%) e Arinto (40%) TERROIR E VITICULTURA As vinhas Altas Quintas encontram-se num Terroir muito especial. Localizam-se [&hellip;]\" \/>\n<meta property=\"og:url\" content=\"https:\/\/despensafranciscana.com\/es\/loja\/altas-quintas-crescendo-branco-2023\/\" \/>\n<meta property=\"og:site_name\" content=\"Despensa Franciscana\" \/>\n<meta property=\"article:publisher\" content=\"https:\/\/www.facebook.com\/despensafranciscana\/\" \/>\n<meta property=\"article:modified_time\" content=\"2025-03-07T16:06:56+00:00\" \/>\n<meta property=\"og:image\" content=\"https:\/\/despensafranciscana.com\/wp-content\/uploads\/2024\/09\/Crescendo_White-scaled.jpg\" \/>\n\t<meta property=\"og:image:width\" content=\"2560\" \/>\n\t<meta property=\"og:image:height\" content=\"2560\" \/>\n\t<meta property=\"og:image:type\" content=\"image\/jpeg\" \/>\n<meta name=\"twitter:card\" content=\"summary_large_image\" \/>\n<meta name=\"twitter:label1\" content=\"Tiempo de lectura\" \/>\n\t<meta name=\"twitter:data1\" content=\"1 minuto\" \/>\n<script type=\"application\/ld+json\" class=\"yoast-schema-graph\">{\"@context\":\"https:\/\/schema.org\",\"@graph\":[{\"@type\":\"WebPage\",\"@id\":\"https:\/\/despensafranciscana.com\/loja\/altas-quintas-crescendo-branco-2023\/\",\"url\":\"https:\/\/despensafranciscana.com\/loja\/altas-quintas-crescendo-branco-2023\/\",\"name\":\"Altas Quintas Crescendo - Branco 2023 - Despensa Franciscana\",\"isPartOf\":{\"@id\":\"https:\/\/despensafranciscana.com\/#website\"},\"primaryImageOfPage\":{\"@id\":\"https:\/\/despensafranciscana.com\/loja\/altas-quintas-crescendo-branco-2023\/#primaryimage\"},\"image\":{\"@id\":\"https:\/\/despensafranciscana.com\/loja\/altas-quintas-crescendo-branco-2023\/#primaryimage\"},\"thumbnailUrl\":\"https:\/\/despensafranciscana.com\/wp-content\/uploads\/2024\/09\/Crescendo_White-scaled.jpg\",\"datePublished\":\"2024-09-30T18:13:37+00:00\",\"dateModified\":\"2025-03-07T16:06:56+00:00\",\"breadcrumb\":{\"@id\":\"https:\/\/despensafranciscana.com\/loja\/altas-quintas-crescendo-branco-2023\/#breadcrumb\"},\"inLanguage\":\"es\",\"potentialAction\":[{\"@type\":\"ReadAction\",\"target\":[\"https:\/\/despensafranciscana.com\/loja\/altas-quintas-crescendo-branco-2023\/\"]}]},{\"@type\":\"ImageObject\",\"inLanguage\":\"es\",\"@id\":\"https:\/\/despensafranciscana.com\/loja\/altas-quintas-crescendo-branco-2023\/#primaryimage\",\"url\":\"https:\/\/despensafranciscana.com\/wp-content\/uploads\/2024\/09\/Crescendo_White-scaled.jpg\",\"contentUrl\":\"https:\/\/despensafranciscana.com\/wp-content\/uploads\/2024\/09\/Crescendo_White-scaled.jpg\",\"width\":2560,\"height\":2560},{\"@type\":\"BreadcrumbList\",\"@id\":\"https:\/\/despensafranciscana.com\/loja\/altas-quintas-crescendo-branco-2023\/#breadcrumb\",\"itemListElement\":[{\"@type\":\"ListItem\",\"position\":1,\"name\":\"In\u00edcio\",\"item\":\"https:\/\/despensafranciscana.com\/\"},{\"@type\":\"ListItem\",\"position\":2,\"name\":\"Loja\",\"item\":\"https:\/\/despensafranciscana.com\/loja\/\"},{\"@type\":\"ListItem\",\"position\":3,\"name\":\"Altas Quintas Crescendo &#8211; Branco 2023\"}]},{\"@type\":\"WebSite\",\"@id\":\"https:\/\/despensafranciscana.com\/#website\",\"url\":\"https:\/\/despensafranciscana.com\/\",\"name\":\"Despensa Franciscana\",\"description\":\"Despensa Franciscana\",\"publisher\":{\"@id\":\"https:\/\/despensafranciscana.com\/#organization\"},\"potentialAction\":[{\"@type\":\"SearchAction\",\"target\":{\"@type\":\"EntryPoint\",\"urlTemplate\":\"https:\/\/despensafranciscana.com\/?s={search_term_string}\"},\"query-input\":{\"@type\":\"PropertyValueSpecification\",\"valueRequired\":true,\"valueName\":\"search_term_string\"}}],\"inLanguage\":\"es\"},{\"@type\":\"Organization\",\"@id\":\"https:\/\/despensafranciscana.com\/#organization\",\"name\":\"Despensa Franciscana\",\"url\":\"https:\/\/despensafranciscana.com\/\",\"logo\":{\"@type\":\"ImageObject\",\"inLanguage\":\"es\",\"@id\":\"https:\/\/despensafranciscana.com\/#\/schema\/logo\/image\/\",\"url\":\"https:\/\/despensafranciscana.com\/wp-content\/uploads\/2025\/02\/despensa-franciscana-revamp-logos-8.png\",\"contentUrl\":\"https:\/\/despensafranciscana.com\/wp-content\/uploads\/2025\/02\/despensa-franciscana-revamp-logos-8.png\",\"width\":1920,\"height\":628,\"caption\":\"Despensa Franciscana\"},\"image\":{\"@id\":\"https:\/\/despensafranciscana.com\/#\/schema\/logo\/image\/\"},\"sameAs\":[\"https:\/\/www.facebook.com\/despensafranciscana\/\",\"https:\/\/www.instagram.com\/despensafranciscana\/\"]}]}<\/script>\n<!-- \/ Yoast SEO plugin. -->","yoast_head_json":{"title":"Altas Quintas Crescendo - Branco 2023 - Despensa Franciscana","robots":{"index":"index","follow":"follow","max-snippet":"max-snippet:-1","max-image-preview":"max-image-preview:large","max-video-preview":"max-video-preview:-1"},"canonical":"https:\/\/despensafranciscana.com\/es\/loja\/altas-quintas-crescendo-branco-2023\/","og_locale":"es_ES","og_type":"article","og_title":"Altas Quintas Crescendo - Branco 2023 - Despensa Franciscana","og_description":"CASTAS Fern\u00e3o Pires (60%) e Arinto (40%) TERROIR E VITICULTURA As vinhas Altas Quintas encontram-se num Terroir muito especial. Localizam-se [&hellip;]","og_url":"https:\/\/despensafranciscana.com\/es\/loja\/altas-quintas-crescendo-branco-2023\/","og_site_name":"Despensa Franciscana","article_publisher":"https:\/\/www.facebook.com\/despensafranciscana\/","article_modified_time":"2025-03-07T16:06:56+00:00","og_image":[{"width":2560,"height":2560,"url":"https:\/\/despensafranciscana.com\/wp-content\/uploads\/2024\/09\/Crescendo_White-scaled.jpg","type":"image\/jpeg"}],"twitter_card":"summary_large_image","twitter_misc":{"Tiempo de lectura":"1 minuto"},"schema":{"@context":"https:\/\/schema.org","@graph":[{"@type":"WebPage","@id":"https:\/\/despensafranciscana.com\/loja\/altas-quintas-crescendo-branco-2023\/","url":"https:\/\/despensafranciscana.com\/loja\/altas-quintas-crescendo-branco-2023\/","name":"Altas Quintas Crescendo - Branco 2023 - Despensa Franciscana","isPartOf":{"@id":"https:\/\/despensafranciscana.com\/#website"},"primaryImageOfPage":{"@id":"https:\/\/despensafranciscana.com\/loja\/altas-quintas-crescendo-branco-2023\/#primaryimage"},"image":{"@id":"https:\/\/despensafranciscana.com\/loja\/altas-quintas-crescendo-branco-2023\/#primaryimage"},"thumbnailUrl":"https:\/\/despensafranciscana.com\/wp-content\/uploads\/2024\/09\/Crescendo_White-scaled.jpg","datePublished":"2024-09-30T18:13:37+00:00","dateModified":"2025-03-07T16:06:56+00:00","breadcrumb":{"@id":"https:\/\/despensafranciscana.com\/loja\/altas-quintas-crescendo-branco-2023\/#breadcrumb"},"inLanguage":"es","potentialAction":[{"@type":"ReadAction","target":["https:\/\/despensafranciscana.com\/loja\/altas-quintas-crescendo-branco-2023\/"]}]},{"@type":"ImageObject","inLanguage":"es","@id":"https:\/\/despensafranciscana.com\/loja\/altas-quintas-crescendo-branco-2023\/#primaryimage","url":"https:\/\/despensafranciscana.com\/wp-content\/uploads\/2024\/09\/Crescendo_White-scaled.jpg","contentUrl":"https:\/\/despensafranciscana.com\/wp-content\/uploads\/2024\/09\/Crescendo_White-scaled.jpg","width":2560,"height":2560},{"@type":"BreadcrumbList","@id":"https:\/\/despensafranciscana.com\/loja\/altas-quintas-crescendo-branco-2023\/#breadcrumb","itemListElement":[{"@type":"ListItem","position":1,"name":"In\u00edcio","item":"https:\/\/despensafranciscana.com\/"},{"@type":"ListItem","position":2,"name":"Loja","item":"https:\/\/despensafranciscana.com\/loja\/"},{"@type":"ListItem","position":3,"name":"Altas Quintas Crescendo &#8211; Branco 2023"}]},{"@type":"WebSite","@id":"https:\/\/despensafranciscana.com\/#website","url":"https:\/\/despensafranciscana.com\/","name":"Despensa franciscana","description":"Despensa franciscana","publisher":{"@id":"https:\/\/despensafranciscana.com\/#organization"},"potentialAction":[{"@type":"SearchAction","target":{"@type":"EntryPoint","urlTemplate":"https:\/\/despensafranciscana.com\/?s={search_term_string}"},"query-input":{"@type":"PropertyValueSpecification","valueRequired":true,"valueName":"search_term_string"}}],"inLanguage":"es"},{"@type":"Organization","@id":"https:\/\/despensafranciscana.com\/#organization","name":"Despensa franciscana","url":"https:\/\/despensafranciscana.com\/","logo":{"@type":"ImageObject","inLanguage":"es","@id":"https:\/\/despensafranciscana.com\/#\/schema\/logo\/image\/","url":"https:\/\/despensafranciscana.com\/wp-content\/uploads\/2025\/02\/despensa-franciscana-revamp-logos-8.png","contentUrl":"https:\/\/despensafranciscana.com\/wp-content\/uploads\/2025\/02\/despensa-franciscana-revamp-logos-8.png","width":1920,"height":628,"caption":"Despensa Franciscana"},"image":{"@id":"https:\/\/despensafranciscana.com\/#\/schema\/logo\/image\/"},"sameAs":["https:\/\/www.facebook.com\/despensafranciscana\/","https:\/\/www.instagram.com\/despensafranciscana\/"]}]}},"_links":{"self":[{"href":"https:\/\/despensafranciscana.com\/es\/wp-json\/wp\/v2\/product\/16780","targetHints":{"allow":["GET"]}}],"collection":[{"href":"https:\/\/despensafranciscana.com\/es\/wp-json\/wp\/v2\/product"}],"about":[{"href":"https:\/\/despensafranciscana.com\/es\/wp-json\/wp\/v2\/types\/product"}],"wp:featuredmedia":[{"embeddable":true,"href":"https:\/\/despensafranciscana.com\/es\/wp-json\/wp\/v2\/media\/16781"}],"wp:attachment":[{"href":"https:\/\/despensafranciscana.com\/es\/wp-json\/wp\/v2\/media?parent=16780"}],"wp:term":[{"taxonomy":"product_brand","embeddable":true,"href":"https:\/\/despensafranciscana.com\/es\/wp-json\/wp\/v2\/product_brand?post=16780"},{"taxonomy":"product_cat","embeddable":true,"href":"https:\/\/despensafranciscana.com\/es\/wp-json\/wp\/v2\/product_cat?post=16780"},{"taxonomy":"product_tag","embeddable":true,"href":"https:\/\/despensafranciscana.com\/es\/wp-json\/wp\/v2\/product_tag?post=16780"}],"curies":[{"name":"wp","href":"https:\/\/api.w.org\/{rel}","templated":true}]}}