{"id":16771,"date":"2024-09-30T18:40:16","date_gmt":"2024-09-30T17:40:16","guid":{"rendered":"https:\/\/despensafranciscana.com\/?post_type=product&#038;p=16771"},"modified":"2025-03-07T16:12:35","modified_gmt":"2025-03-07T16:12:35","slug":"altas-quintas-crescendo-rose-2020","status":"publish","type":"product","link":"https:\/\/despensafranciscana.com\/es\/loja\/altas-quintas-crescendo-rose-2020\/","title":{"rendered":"Altas Quintas Crescendo - Rosado 2020"},"content":{"rendered":"<p><strong>Terroir y viticultura<\/strong><br \/>\nLos vi\u00f1edos de Altas Quintas se encuentran en un terru\u00f1o muy especial. Se encuentran a 600 metros de altitud, en una meseta que se desarrolla de forma \u00fanica, justo en medio de los vi\u00f1edos.<br \/>\nSerra de S\u00e3o Mamede. La altitud, las condiciones mesoclim\u00e1ticas de esta zona y los suelos de potencial productivo medio hacen que este lugar sea tan especial.<br \/>\nEl vi\u00f1edo se gestiona dentro de un programa de protecci\u00f3n integrada.<br \/>\nLas uvas Touriga Nacional para este vino se recogieron a mano en las zonas m\u00e1s frescas del vi\u00f1edo en cajas de 20 kg. Se transportaron r\u00e1pidamente a la bodega. Los racimos y las bayas se seleccionaron a la entrada de la bodega.<\/p>\n<p><strong>Vinificaci\u00f3n<\/strong><br \/>\nLas uvas seleccionadas exclusivamente para la elaboraci\u00f3n de este vino rosado se prensaron directamente a baja presi\u00f3n. La fermentaci\u00f3n tuvo lugar a una temperatura de 16\u00baC en dep\u00f3sitos de acero inoxidable, seguida de una crianza de 4 meses en barricas de roble franc\u00e9s.<\/p>\n<p><strong>Notas de cata \/ Armonizaci\u00f3n<\/strong><br \/>\nDe color rosa con matices salm\u00f3n, tiene aromas de peque\u00f1os frutos rojos (bayas silvestres) y algunas notas florales.<br \/>\nEn boca tiene una acidez viva y equilibrada, es muy elegante y tiene un final de longitud media.<br \/>\nEs un vino gastron\u00f3mico que puede acompa\u00f1ar platos de cierta complejidad o simplemente tomarse como aperitivo.<br \/>\nSe recomienda una temperatura de servicio de 10\u00baC.<\/p>\n<p><strong>Caracter\u00edsticas f\u00edsicas y qu\u00edmicas<\/strong><br \/>\nGrado alcoh\u00f3lico = 13,5%<br \/>\nPh = 3,46<br \/>\nAcidez total = 5,4 g\/l (expresada en \u00e1cido tart\u00e1rico)<\/p>","protected":false},"excerpt":{"rendered":"<p><strong>FICHA T\u00c9CNICA DEL VINO<\/strong><br \/>\nVino Regional del Alentejo<br \/>\n<strong>Productor<\/strong>: Altas Quintas, Lda.<br \/>\n<strong>Enolog\u00eda<\/strong>: Jo\u00e3o Louren\u00e7o y equipo<br \/>\n<strong>Variedades de uva<\/strong>: Touriga Nacional (100%)<\/p>\n<p>&nbsp;<\/p>","protected":false},"featured_media":16773,"template":"","meta":[],"product_brand":[],"product_cat":[39],"product_tag":[],"class_list":{"0":"post-16771","1":"product","2":"type-product","3":"status-publish","4":"has-post-thumbnail","6":"product_cat-bebidas","8":"first","9":"instock","10":"taxable","11":"shipping-taxable","12":"purchasable","13":"product-type-simple"},"yoast_head":"<!-- This site is optimized with the Yoast SEO plugin v27.2 - https:\/\/yoast.com\/product\/yoast-seo-wordpress\/ -->\n<title>Altas Quintas Crescendo - Ros\u00e9 2020 - Despensa Franciscana<\/title>\n<meta name=\"robots\" content=\"index, follow, max-snippet:-1, max-image-preview:large, max-video-preview:-1\" \/>\n<link rel=\"canonical\" href=\"https:\/\/despensafranciscana.com\/es\/loja\/altas-quintas-crescendo-rose-2020\/\" \/>\n<meta property=\"og:locale\" content=\"es_ES\" \/>\n<meta property=\"og:type\" content=\"article\" \/>\n<meta property=\"og:title\" content=\"Altas Quintas Crescendo - Ros\u00e9 2020 - Despensa Franciscana\" \/>\n<meta property=\"og:description\" content=\"FICHA T\u00c9CNICA DO VINHO Vinho Regional Alentejano Produtor: Altas Quintas, Lda. Enologia: Jo\u00e3o Louren\u00e7o e equipa Castas: Touriga Nacional (100%)  &nbsp;\" \/>\n<meta property=\"og:url\" content=\"https:\/\/despensafranciscana.com\/es\/loja\/altas-quintas-crescendo-rose-2020\/\" \/>\n<meta property=\"og:site_name\" content=\"Despensa Franciscana\" \/>\n<meta property=\"article:publisher\" content=\"https:\/\/www.facebook.com\/despensafranciscana\/\" \/>\n<meta property=\"article:modified_time\" content=\"2025-03-07T16:12:35+00:00\" \/>\n<meta property=\"og:image\" content=\"https:\/\/despensafranciscana.com\/wp-content\/uploads\/2024\/09\/rose-scaled.jpg\" \/>\n\t<meta property=\"og:image:width\" content=\"2560\" \/>\n\t<meta property=\"og:image:height\" content=\"2560\" \/>\n\t<meta property=\"og:image:type\" content=\"image\/jpeg\" \/>\n<meta name=\"twitter:card\" content=\"summary_large_image\" \/>\n<meta name=\"twitter:label1\" content=\"Tiempo de lectura\" \/>\n\t<meta name=\"twitter:data1\" content=\"1 minuto\" \/>\n<script type=\"application\/ld+json\" class=\"yoast-schema-graph\">{\"@context\":\"https:\/\/schema.org\",\"@graph\":[{\"@type\":\"WebPage\",\"@id\":\"https:\/\/despensafranciscana.com\/loja\/altas-quintas-crescendo-rose-2020\/\",\"url\":\"https:\/\/despensafranciscana.com\/loja\/altas-quintas-crescendo-rose-2020\/\",\"name\":\"Altas Quintas Crescendo - Ros\u00e9 2020 - Despensa Franciscana\",\"isPartOf\":{\"@id\":\"https:\/\/despensafranciscana.com\/#website\"},\"primaryImageOfPage\":{\"@id\":\"https:\/\/despensafranciscana.com\/loja\/altas-quintas-crescendo-rose-2020\/#primaryimage\"},\"image\":{\"@id\":\"https:\/\/despensafranciscana.com\/loja\/altas-quintas-crescendo-rose-2020\/#primaryimage\"},\"thumbnailUrl\":\"https:\/\/despensafranciscana.com\/wp-content\/uploads\/2024\/09\/rose-scaled.jpg\",\"datePublished\":\"2024-09-30T17:40:16+00:00\",\"dateModified\":\"2025-03-07T16:12:35+00:00\",\"breadcrumb\":{\"@id\":\"https:\/\/despensafranciscana.com\/loja\/altas-quintas-crescendo-rose-2020\/#breadcrumb\"},\"inLanguage\":\"es\",\"potentialAction\":[{\"@type\":\"ReadAction\",\"target\":[\"https:\/\/despensafranciscana.com\/loja\/altas-quintas-crescendo-rose-2020\/\"]}]},{\"@type\":\"ImageObject\",\"inLanguage\":\"es\",\"@id\":\"https:\/\/despensafranciscana.com\/loja\/altas-quintas-crescendo-rose-2020\/#primaryimage\",\"url\":\"https:\/\/despensafranciscana.com\/wp-content\/uploads\/2024\/09\/rose-scaled.jpg\",\"contentUrl\":\"https:\/\/despensafranciscana.com\/wp-content\/uploads\/2024\/09\/rose-scaled.jpg\",\"width\":2560,\"height\":2560},{\"@type\":\"BreadcrumbList\",\"@id\":\"https:\/\/despensafranciscana.com\/loja\/altas-quintas-crescendo-rose-2020\/#breadcrumb\",\"itemListElement\":[{\"@type\":\"ListItem\",\"position\":1,\"name\":\"In\u00edcio\",\"item\":\"https:\/\/despensafranciscana.com\/\"},{\"@type\":\"ListItem\",\"position\":2,\"name\":\"Loja\",\"item\":\"https:\/\/despensafranciscana.com\/loja\/\"},{\"@type\":\"ListItem\",\"position\":3,\"name\":\"Altas Quintas Crescendo &#8211; Ros\u00e9 2020\"}]},{\"@type\":\"WebSite\",\"@id\":\"https:\/\/despensafranciscana.com\/#website\",\"url\":\"https:\/\/despensafranciscana.com\/\",\"name\":\"Despensa Franciscana\",\"description\":\"Despensa Franciscana\",\"publisher\":{\"@id\":\"https:\/\/despensafranciscana.com\/#organization\"},\"potentialAction\":[{\"@type\":\"SearchAction\",\"target\":{\"@type\":\"EntryPoint\",\"urlTemplate\":\"https:\/\/despensafranciscana.com\/?s={search_term_string}\"},\"query-input\":{\"@type\":\"PropertyValueSpecification\",\"valueRequired\":true,\"valueName\":\"search_term_string\"}}],\"inLanguage\":\"es\"},{\"@type\":\"Organization\",\"@id\":\"https:\/\/despensafranciscana.com\/#organization\",\"name\":\"Despensa Franciscana\",\"url\":\"https:\/\/despensafranciscana.com\/\",\"logo\":{\"@type\":\"ImageObject\",\"inLanguage\":\"es\",\"@id\":\"https:\/\/despensafranciscana.com\/#\/schema\/logo\/image\/\",\"url\":\"https:\/\/despensafranciscana.com\/wp-content\/uploads\/2025\/02\/despensa-franciscana-revamp-logos-8.png\",\"contentUrl\":\"https:\/\/despensafranciscana.com\/wp-content\/uploads\/2025\/02\/despensa-franciscana-revamp-logos-8.png\",\"width\":1920,\"height\":628,\"caption\":\"Despensa Franciscana\"},\"image\":{\"@id\":\"https:\/\/despensafranciscana.com\/#\/schema\/logo\/image\/\"},\"sameAs\":[\"https:\/\/www.facebook.com\/despensafranciscana\/\",\"https:\/\/www.instagram.com\/despensafranciscana\/\"]}]}<\/script>\n<!-- \/ Yoast SEO plugin. -->","yoast_head_json":{"title":"Altas Quintas Crescendo - Ros\u00e9 2020 - Despensa Franciscana","robots":{"index":"index","follow":"follow","max-snippet":"max-snippet:-1","max-image-preview":"max-image-preview:large","max-video-preview":"max-video-preview:-1"},"canonical":"https:\/\/despensafranciscana.com\/es\/loja\/altas-quintas-crescendo-rose-2020\/","og_locale":"es_ES","og_type":"article","og_title":"Altas Quintas Crescendo - Ros\u00e9 2020 - Despensa Franciscana","og_description":"FICHA T\u00c9CNICA DO VINHO Vinho Regional Alentejano Produtor: Altas Quintas, Lda. Enologia: Jo\u00e3o Louren\u00e7o e equipa Castas: Touriga Nacional (100%)  &nbsp;","og_url":"https:\/\/despensafranciscana.com\/es\/loja\/altas-quintas-crescendo-rose-2020\/","og_site_name":"Despensa Franciscana","article_publisher":"https:\/\/www.facebook.com\/despensafranciscana\/","article_modified_time":"2025-03-07T16:12:35+00:00","og_image":[{"width":2560,"height":2560,"url":"https:\/\/despensafranciscana.com\/wp-content\/uploads\/2024\/09\/rose-scaled.jpg","type":"image\/jpeg"}],"twitter_card":"summary_large_image","twitter_misc":{"Tiempo de lectura":"1 minuto"},"schema":{"@context":"https:\/\/schema.org","@graph":[{"@type":"WebPage","@id":"https:\/\/despensafranciscana.com\/loja\/altas-quintas-crescendo-rose-2020\/","url":"https:\/\/despensafranciscana.com\/loja\/altas-quintas-crescendo-rose-2020\/","name":"Altas Quintas Crescendo - Ros\u00e9 2020 - Despensa Franciscana","isPartOf":{"@id":"https:\/\/despensafranciscana.com\/#website"},"primaryImageOfPage":{"@id":"https:\/\/despensafranciscana.com\/loja\/altas-quintas-crescendo-rose-2020\/#primaryimage"},"image":{"@id":"https:\/\/despensafranciscana.com\/loja\/altas-quintas-crescendo-rose-2020\/#primaryimage"},"thumbnailUrl":"https:\/\/despensafranciscana.com\/wp-content\/uploads\/2024\/09\/rose-scaled.jpg","datePublished":"2024-09-30T17:40:16+00:00","dateModified":"2025-03-07T16:12:35+00:00","breadcrumb":{"@id":"https:\/\/despensafranciscana.com\/loja\/altas-quintas-crescendo-rose-2020\/#breadcrumb"},"inLanguage":"es","potentialAction":[{"@type":"ReadAction","target":["https:\/\/despensafranciscana.com\/loja\/altas-quintas-crescendo-rose-2020\/"]}]},{"@type":"ImageObject","inLanguage":"es","@id":"https:\/\/despensafranciscana.com\/loja\/altas-quintas-crescendo-rose-2020\/#primaryimage","url":"https:\/\/despensafranciscana.com\/wp-content\/uploads\/2024\/09\/rose-scaled.jpg","contentUrl":"https:\/\/despensafranciscana.com\/wp-content\/uploads\/2024\/09\/rose-scaled.jpg","width":2560,"height":2560},{"@type":"BreadcrumbList","@id":"https:\/\/despensafranciscana.com\/loja\/altas-quintas-crescendo-rose-2020\/#breadcrumb","itemListElement":[{"@type":"ListItem","position":1,"name":"In\u00edcio","item":"https:\/\/despensafranciscana.com\/"},{"@type":"ListItem","position":2,"name":"Loja","item":"https:\/\/despensafranciscana.com\/loja\/"},{"@type":"ListItem","position":3,"name":"Altas Quintas Crescendo &#8211; Ros\u00e9 2020"}]},{"@type":"WebSite","@id":"https:\/\/despensafranciscana.com\/#website","url":"https:\/\/despensafranciscana.com\/","name":"Despensa franciscana","description":"Despensa franciscana","publisher":{"@id":"https:\/\/despensafranciscana.com\/#organization"},"potentialAction":[{"@type":"SearchAction","target":{"@type":"EntryPoint","urlTemplate":"https:\/\/despensafranciscana.com\/?s={search_term_string}"},"query-input":{"@type":"PropertyValueSpecification","valueRequired":true,"valueName":"search_term_string"}}],"inLanguage":"es"},{"@type":"Organization","@id":"https:\/\/despensafranciscana.com\/#organization","name":"Despensa franciscana","url":"https:\/\/despensafranciscana.com\/","logo":{"@type":"ImageObject","inLanguage":"es","@id":"https:\/\/despensafranciscana.com\/#\/schema\/logo\/image\/","url":"https:\/\/despensafranciscana.com\/wp-content\/uploads\/2025\/02\/despensa-franciscana-revamp-logos-8.png","contentUrl":"https:\/\/despensafranciscana.com\/wp-content\/uploads\/2025\/02\/despensa-franciscana-revamp-logos-8.png","width":1920,"height":628,"caption":"Despensa Franciscana"},"image":{"@id":"https:\/\/despensafranciscana.com\/#\/schema\/logo\/image\/"},"sameAs":["https:\/\/www.facebook.com\/despensafranciscana\/","https:\/\/www.instagram.com\/despensafranciscana\/"]}]}},"_links":{"self":[{"href":"https:\/\/despensafranciscana.com\/es\/wp-json\/wp\/v2\/product\/16771","targetHints":{"allow":["GET"]}}],"collection":[{"href":"https:\/\/despensafranciscana.com\/es\/wp-json\/wp\/v2\/product"}],"about":[{"href":"https:\/\/despensafranciscana.com\/es\/wp-json\/wp\/v2\/types\/product"}],"wp:featuredmedia":[{"embeddable":true,"href":"https:\/\/despensafranciscana.com\/es\/wp-json\/wp\/v2\/media\/16773"}],"wp:attachment":[{"href":"https:\/\/despensafranciscana.com\/es\/wp-json\/wp\/v2\/media?parent=16771"}],"wp:term":[{"taxonomy":"product_brand","embeddable":true,"href":"https:\/\/despensafranciscana.com\/es\/wp-json\/wp\/v2\/product_brand?post=16771"},{"taxonomy":"product_cat","embeddable":true,"href":"https:\/\/despensafranciscana.com\/es\/wp-json\/wp\/v2\/product_cat?post=16771"},{"taxonomy":"product_tag","embeddable":true,"href":"https:\/\/despensafranciscana.com\/es\/wp-json\/wp\/v2\/product_tag?post=16771"}],"curies":[{"name":"wp","href":"https:\/\/api.w.org\/{rel}","templated":true}]}}