{"id":16735,"date":"2024-09-17T22:58:49","date_gmt":"2024-09-17T21:58:49","guid":{"rendered":"https:\/\/despensafranciscana.com\/?post_type=product&#038;p=16735"},"modified":"2025-03-07T14:48:27","modified_gmt":"2025-03-07T14:48:27","slug":"quinta-das-toroas-branco-2022","status":"publish","type":"product","link":"https:\/\/despensafranciscana.com\/es\/loja\/quinta-das-toroas-branco-2022\/","title":{"rendered":"Quinta das Toroas - Blanco 2022"},"content":{"rendered":"<ul>\n<li><strong>Variedades de uva<\/strong>: Fern\u00e3o Pires, Arinto y variedades aut\u00f3ctonas de vi\u00f1as viejas<\/li>\n<li><strong>Vinicultura<\/strong>Densidad de 4000 plantas\/ha. Situado en la Serra de S\u00e3o Mamede, a 600 metros de altitud, con suelos de esquisto.<\/li>\n<li>13,5%<\/li>\n<\/ul>\n<p>Aroma floral, ligeramente c\u00edtrico y suaves notas de fruta de hueso. En boca tiene una acidez equilibrada y cuerpo medio, por lo que es ideal para acompa\u00f1ar platos de pescado y marisco, as\u00ed como platos de carne blanca.<br \/>\nPotencial de envejecimiento en botella.<\/p>\n<p>Se proh\u00edbe la venta y consumo de bebidas alcoh\u00f3licas a menores de edad (18 a\u00f1os), seg\u00fan el art\u00edculo 3, n\u00ba 1 del Decreto-Ley 106\/2015, de 16 de junio.<\/p>","protected":false},"excerpt":{"rendered":"<p>Vino Regional del Alentejo<\/p>","protected":false},"featured_media":16737,"template":"","meta":[],"product_brand":[],"product_cat":[39],"product_tag":[],"class_list":{"0":"post-16735","1":"product","2":"type-product","3":"status-publish","4":"has-post-thumbnail","6":"product_cat-bebidas","8":"first","9":"instock","10":"taxable","11":"shipping-taxable","12":"purchasable","13":"product-type-simple"},"yoast_head":"<!-- This site is optimized with the Yoast SEO plugin v27.2 - https:\/\/yoast.com\/product\/yoast-seo-wordpress\/ -->\n<title>Quinta das Toroas - Branco 2022 - Despensa Franciscana<\/title>\n<meta name=\"robots\" content=\"index, follow, max-snippet:-1, max-image-preview:large, max-video-preview:-1\" \/>\n<link rel=\"canonical\" href=\"https:\/\/despensafranciscana.com\/es\/loja\/quinta-das-toroas-branco-2022\/\" \/>\n<meta property=\"og:locale\" content=\"es_ES\" \/>\n<meta property=\"og:type\" content=\"article\" \/>\n<meta property=\"og:title\" content=\"Quinta das Toroas - Branco 2022 - Despensa Franciscana\" \/>\n<meta property=\"og:description\" content=\"Vinho Regional Alentejano\" \/>\n<meta property=\"og:url\" content=\"https:\/\/despensafranciscana.com\/es\/loja\/quinta-das-toroas-branco-2022\/\" \/>\n<meta property=\"og:site_name\" content=\"Despensa Franciscana\" \/>\n<meta property=\"article:publisher\" content=\"https:\/\/www.facebook.com\/despensafranciscana\/\" \/>\n<meta property=\"article:modified_time\" content=\"2025-03-07T14:48:27+00:00\" \/>\n<meta property=\"og:image\" content=\"https:\/\/despensafranciscana.com\/wp-content\/uploads\/2024\/09\/Toroas-branco_square-1024x1024.png\" \/>\n\t<meta property=\"og:image:width\" content=\"1024\" \/>\n\t<meta property=\"og:image:height\" content=\"1024\" \/>\n\t<meta property=\"og:image:type\" content=\"image\/png\" \/>\n<meta name=\"twitter:card\" content=\"summary_large_image\" \/>\n<script type=\"application\/ld+json\" class=\"yoast-schema-graph\">{\"@context\":\"https:\/\/schema.org\",\"@graph\":[{\"@type\":\"WebPage\",\"@id\":\"https:\/\/despensafranciscana.com\/es\/loja\/quinta-das-toroas-branco-2022\/\",\"url\":\"https:\/\/despensafranciscana.com\/es\/loja\/quinta-das-toroas-branco-2022\/\",\"name\":\"Quinta das Toroas - Branco 2022 - Despensa Franciscana\",\"isPartOf\":{\"@id\":\"https:\/\/despensafranciscana.com\/#website\"},\"primaryImageOfPage\":{\"@id\":\"https:\/\/despensafranciscana.com\/es\/loja\/quinta-das-toroas-branco-2022\/#primaryimage\"},\"image\":{\"@id\":\"https:\/\/despensafranciscana.com\/es\/loja\/quinta-das-toroas-branco-2022\/#primaryimage\"},\"thumbnailUrl\":\"https:\/\/despensafranciscana.com\/wp-content\/uploads\/2024\/09\/Toroas-branco_square.png\",\"datePublished\":\"2024-09-17T21:58:49+00:00\",\"dateModified\":\"2025-03-07T14:48:27+00:00\",\"breadcrumb\":{\"@id\":\"https:\/\/despensafranciscana.com\/es\/loja\/quinta-das-toroas-branco-2022\/#breadcrumb\"},\"inLanguage\":\"es\",\"potentialAction\":[{\"@type\":\"ReadAction\",\"target\":[\"https:\/\/despensafranciscana.com\/es\/loja\/quinta-das-toroas-branco-2022\/\"]}]},{\"@type\":\"ImageObject\",\"inLanguage\":\"es\",\"@id\":\"https:\/\/despensafranciscana.com\/es\/loja\/quinta-das-toroas-branco-2022\/#primaryimage\",\"url\":\"https:\/\/despensafranciscana.com\/wp-content\/uploads\/2024\/09\/Toroas-branco_square.png\",\"contentUrl\":\"https:\/\/despensafranciscana.com\/wp-content\/uploads\/2024\/09\/Toroas-branco_square.png\",\"width\":4000,\"height\":4000},{\"@type\":\"BreadcrumbList\",\"@id\":\"https:\/\/despensafranciscana.com\/es\/loja\/quinta-das-toroas-branco-2022\/#breadcrumb\",\"itemListElement\":[{\"@type\":\"ListItem\",\"position\":1,\"name\":\"In\u00edcio\",\"item\":\"https:\/\/despensafranciscana.com\/\"},{\"@type\":\"ListItem\",\"position\":2,\"name\":\"Loja\",\"item\":\"https:\/\/despensafranciscana.com\/loja\/\"},{\"@type\":\"ListItem\",\"position\":3,\"name\":\"Quinta das Toroas &#8211; Branco 2022\"}]},{\"@type\":\"WebSite\",\"@id\":\"https:\/\/despensafranciscana.com\/#website\",\"url\":\"https:\/\/despensafranciscana.com\/\",\"name\":\"Despensa Franciscana\",\"description\":\"Despensa Franciscana\",\"publisher\":{\"@id\":\"https:\/\/despensafranciscana.com\/#organization\"},\"potentialAction\":[{\"@type\":\"SearchAction\",\"target\":{\"@type\":\"EntryPoint\",\"urlTemplate\":\"https:\/\/despensafranciscana.com\/?s={search_term_string}\"},\"query-input\":{\"@type\":\"PropertyValueSpecification\",\"valueRequired\":true,\"valueName\":\"search_term_string\"}}],\"inLanguage\":\"es\"},{\"@type\":\"Organization\",\"@id\":\"https:\/\/despensafranciscana.com\/#organization\",\"name\":\"Despensa Franciscana\",\"url\":\"https:\/\/despensafranciscana.com\/\",\"logo\":{\"@type\":\"ImageObject\",\"inLanguage\":\"es\",\"@id\":\"https:\/\/despensafranciscana.com\/#\/schema\/logo\/image\/\",\"url\":\"https:\/\/despensafranciscana.com\/wp-content\/uploads\/2025\/02\/despensa-franciscana-revamp-logos-8.png\",\"contentUrl\":\"https:\/\/despensafranciscana.com\/wp-content\/uploads\/2025\/02\/despensa-franciscana-revamp-logos-8.png\",\"width\":1920,\"height\":628,\"caption\":\"Despensa Franciscana\"},\"image\":{\"@id\":\"https:\/\/despensafranciscana.com\/#\/schema\/logo\/image\/\"},\"sameAs\":[\"https:\/\/www.facebook.com\/despensafranciscana\/\",\"https:\/\/www.instagram.com\/despensafranciscana\/\"]}]}<\/script>\n<!-- \/ Yoast SEO plugin. -->","yoast_head_json":{"title":"Quinta das Toroas - Branco 2022 - Despensa Franciscana","robots":{"index":"index","follow":"follow","max-snippet":"max-snippet:-1","max-image-preview":"max-image-preview:large","max-video-preview":"max-video-preview:-1"},"canonical":"https:\/\/despensafranciscana.com\/es\/loja\/quinta-das-toroas-branco-2022\/","og_locale":"es_ES","og_type":"article","og_title":"Quinta das Toroas - Branco 2022 - Despensa Franciscana","og_description":"Vinho Regional Alentejano","og_url":"https:\/\/despensafranciscana.com\/es\/loja\/quinta-das-toroas-branco-2022\/","og_site_name":"Despensa Franciscana","article_publisher":"https:\/\/www.facebook.com\/despensafranciscana\/","article_modified_time":"2025-03-07T14:48:27+00:00","og_image":[{"width":1024,"height":1024,"url":"https:\/\/despensafranciscana.com\/wp-content\/uploads\/2024\/09\/Toroas-branco_square-1024x1024.png","type":"image\/png"}],"twitter_card":"summary_large_image","schema":{"@context":"https:\/\/schema.org","@graph":[{"@type":"WebPage","@id":"https:\/\/despensafranciscana.com\/es\/loja\/quinta-das-toroas-branco-2022\/","url":"https:\/\/despensafranciscana.com\/es\/loja\/quinta-das-toroas-branco-2022\/","name":"Quinta das Toroas - Branco 2022 - Despensa Franciscana","isPartOf":{"@id":"https:\/\/despensafranciscana.com\/#website"},"primaryImageOfPage":{"@id":"https:\/\/despensafranciscana.com\/es\/loja\/quinta-das-toroas-branco-2022\/#primaryimage"},"image":{"@id":"https:\/\/despensafranciscana.com\/es\/loja\/quinta-das-toroas-branco-2022\/#primaryimage"},"thumbnailUrl":"https:\/\/despensafranciscana.com\/wp-content\/uploads\/2024\/09\/Toroas-branco_square.png","datePublished":"2024-09-17T21:58:49+00:00","dateModified":"2025-03-07T14:48:27+00:00","breadcrumb":{"@id":"https:\/\/despensafranciscana.com\/es\/loja\/quinta-das-toroas-branco-2022\/#breadcrumb"},"inLanguage":"es","potentialAction":[{"@type":"ReadAction","target":["https:\/\/despensafranciscana.com\/es\/loja\/quinta-das-toroas-branco-2022\/"]}]},{"@type":"ImageObject","inLanguage":"es","@id":"https:\/\/despensafranciscana.com\/es\/loja\/quinta-das-toroas-branco-2022\/#primaryimage","url":"https:\/\/despensafranciscana.com\/wp-content\/uploads\/2024\/09\/Toroas-branco_square.png","contentUrl":"https:\/\/despensafranciscana.com\/wp-content\/uploads\/2024\/09\/Toroas-branco_square.png","width":4000,"height":4000},{"@type":"BreadcrumbList","@id":"https:\/\/despensafranciscana.com\/es\/loja\/quinta-das-toroas-branco-2022\/#breadcrumb","itemListElement":[{"@type":"ListItem","position":1,"name":"In\u00edcio","item":"https:\/\/despensafranciscana.com\/"},{"@type":"ListItem","position":2,"name":"Loja","item":"https:\/\/despensafranciscana.com\/loja\/"},{"@type":"ListItem","position":3,"name":"Quinta das Toroas &#8211; Branco 2022"}]},{"@type":"WebSite","@id":"https:\/\/despensafranciscana.com\/#website","url":"https:\/\/despensafranciscana.com\/","name":"Despensa franciscana","description":"Despensa franciscana","publisher":{"@id":"https:\/\/despensafranciscana.com\/#organization"},"potentialAction":[{"@type":"SearchAction","target":{"@type":"EntryPoint","urlTemplate":"https:\/\/despensafranciscana.com\/?s={search_term_string}"},"query-input":{"@type":"PropertyValueSpecification","valueRequired":true,"valueName":"search_term_string"}}],"inLanguage":"es"},{"@type":"Organization","@id":"https:\/\/despensafranciscana.com\/#organization","name":"Despensa franciscana","url":"https:\/\/despensafranciscana.com\/","logo":{"@type":"ImageObject","inLanguage":"es","@id":"https:\/\/despensafranciscana.com\/#\/schema\/logo\/image\/","url":"https:\/\/despensafranciscana.com\/wp-content\/uploads\/2025\/02\/despensa-franciscana-revamp-logos-8.png","contentUrl":"https:\/\/despensafranciscana.com\/wp-content\/uploads\/2025\/02\/despensa-franciscana-revamp-logos-8.png","width":1920,"height":628,"caption":"Despensa Franciscana"},"image":{"@id":"https:\/\/despensafranciscana.com\/#\/schema\/logo\/image\/"},"sameAs":["https:\/\/www.facebook.com\/despensafranciscana\/","https:\/\/www.instagram.com\/despensafranciscana\/"]}]}},"_links":{"self":[{"href":"https:\/\/despensafranciscana.com\/es\/wp-json\/wp\/v2\/product\/16735","targetHints":{"allow":["GET"]}}],"collection":[{"href":"https:\/\/despensafranciscana.com\/es\/wp-json\/wp\/v2\/product"}],"about":[{"href":"https:\/\/despensafranciscana.com\/es\/wp-json\/wp\/v2\/types\/product"}],"wp:featuredmedia":[{"embeddable":true,"href":"https:\/\/despensafranciscana.com\/es\/wp-json\/wp\/v2\/media\/16737"}],"wp:attachment":[{"href":"https:\/\/despensafranciscana.com\/es\/wp-json\/wp\/v2\/media?parent=16735"}],"wp:term":[{"taxonomy":"product_brand","embeddable":true,"href":"https:\/\/despensafranciscana.com\/es\/wp-json\/wp\/v2\/product_brand?post=16735"},{"taxonomy":"product_cat","embeddable":true,"href":"https:\/\/despensafranciscana.com\/es\/wp-json\/wp\/v2\/product_cat?post=16735"},{"taxonomy":"product_tag","embeddable":true,"href":"https:\/\/despensafranciscana.com\/es\/wp-json\/wp\/v2\/product_tag?post=16735"}],"curies":[{"name":"wp","href":"https:\/\/api.w.org\/{rel}","templated":true}]}}