{"id":15680,"date":"2023-04-28T12:27:52","date_gmt":"2023-04-28T11:27:52","guid":{"rendered":"https:\/\/despensafranciscana.com\/?post_type=product&#038;p=15680"},"modified":"2025-03-07T16:13:34","modified_gmt":"2025-03-07T16:13:34","slug":"cerveja-artesanal-belle-en-rouge","status":"publish","type":"product","link":"https:\/\/despensafranciscana.com\/es\/loja\/cerveja-artesanal-belle-en-rouge\/","title":{"rendered":"Cerveja Artesanal Belle en Rouge"},"content":{"rendered":"<p>Se proh\u00edbe la venta y consumo de bebidas alcoh\u00f3licas a menores de edad (18 a\u00f1os), seg\u00fan el art\u00edculo 3, n\u00ba 1 del Decreto-Ley 106\/2015, de 16 de junio.<\/p>","protected":false},"excerpt":{"rendered":"<p>Cervecer\u00eda Casa do Penedo - BELLE EN ROUGE 7,2%, Saison Grape Ale es una cerveza resultante de la combinaci\u00f3n de maltas ligeras, con mosto de uva tinta de las variedades trincadeira, aragon\u00eas y alicante bouschet a\u00f1adido en la fermentaci\u00f3n primaria, finalizada por la adici\u00f3n de una levadura saison. Una cerveza arom\u00e1tica y refrescante para tomar a cualquier hora del d\u00eda. Disponible hasta fin de existencias.<\/p>","protected":false},"featured_media":15681,"template":"","meta":[],"product_brand":[],"product_cat":[39],"product_tag":[],"class_list":{"0":"post-15680","1":"product","2":"type-product","3":"status-publish","4":"has-post-thumbnail","6":"product_cat-bebidas","8":"first","9":"instock","10":"taxable","11":"shipping-taxable","12":"purchasable","13":"product-type-simple"},"yoast_head":"<!-- This site is optimized with the Yoast SEO plugin v27.2 - https:\/\/yoast.com\/product\/yoast-seo-wordpress\/ -->\n<title>Cerveja Artesanal Belle en Rouge - Despensa Franciscana<\/title>\n<meta name=\"robots\" content=\"index, follow, max-snippet:-1, max-image-preview:large, max-video-preview:-1\" \/>\n<link rel=\"canonical\" href=\"https:\/\/despensafranciscana.com\/es\/loja\/cerveja-artesanal-belle-en-rouge\/\" \/>\n<meta property=\"og:locale\" content=\"es_ES\" \/>\n<meta property=\"og:type\" content=\"article\" \/>\n<meta property=\"og:title\" content=\"Cerveja Artesanal Belle en Rouge - Despensa Franciscana\" \/>\n<meta property=\"og:description\" content=\"Casa do Penedo Brewery \u2013 BELLE EN ROUGE 7,2%, Saison Grape Ale \u00e9 uma cerveja que resulta da combina\u00e7\u00e3o de maltes claros, com mosto de uvas tintas das castas trincadeira, aragon\u00eas e alicante bouschet adicionado na fermenta\u00e7\u00e3o prim\u00e1ria, finalizada pela adi\u00e7\u00e3o de uma levedura saison. Uma cerveja arom\u00e1tica e refrescante para beber a qualquer hora do dia. Dispon\u00edvel at\u00e9 final de stock.\" \/>\n<meta property=\"og:url\" content=\"https:\/\/despensafranciscana.com\/es\/loja\/cerveja-artesanal-belle-en-rouge\/\" \/>\n<meta property=\"og:site_name\" content=\"Despensa Franciscana\" \/>\n<meta property=\"article:publisher\" content=\"https:\/\/www.facebook.com\/despensafranciscana\/\" \/>\n<meta property=\"article:modified_time\" content=\"2025-03-07T16:13:34+00:00\" \/>\n<meta property=\"og:image\" content=\"https:\/\/despensafranciscana.com\/wp-content\/uploads\/2023\/04\/BELLE-EN-ROUGE.jpg\" \/>\n\t<meta property=\"og:image:width\" content=\"1000\" \/>\n\t<meta property=\"og:image:height\" content=\"1000\" \/>\n\t<meta property=\"og:image:type\" content=\"image\/jpeg\" \/>\n<meta name=\"twitter:card\" content=\"summary_large_image\" \/>\n<script type=\"application\/ld+json\" class=\"yoast-schema-graph\">{\"@context\":\"https:\/\/schema.org\",\"@graph\":[{\"@type\":\"WebPage\",\"@id\":\"https:\/\/despensafranciscana.com\/en\/loja\/cerveja-artesanal-belle-en-rouge\/\",\"url\":\"https:\/\/despensafranciscana.com\/en\/loja\/cerveja-artesanal-belle-en-rouge\/\",\"name\":\"Cerveja Artesanal Belle en Rouge - Despensa Franciscana\",\"isPartOf\":{\"@id\":\"https:\/\/despensafranciscana.com\/#website\"},\"primaryImageOfPage\":{\"@id\":\"https:\/\/despensafranciscana.com\/en\/loja\/cerveja-artesanal-belle-en-rouge\/#primaryimage\"},\"image\":{\"@id\":\"https:\/\/despensafranciscana.com\/en\/loja\/cerveja-artesanal-belle-en-rouge\/#primaryimage\"},\"thumbnailUrl\":\"https:\/\/despensafranciscana.com\/wp-content\/uploads\/2023\/04\/BELLE-EN-ROUGE.jpg\",\"datePublished\":\"2023-04-28T11:27:52+00:00\",\"dateModified\":\"2025-03-07T16:13:34+00:00\",\"breadcrumb\":{\"@id\":\"https:\/\/despensafranciscana.com\/en\/loja\/cerveja-artesanal-belle-en-rouge\/#breadcrumb\"},\"inLanguage\":\"es\",\"potentialAction\":[{\"@type\":\"ReadAction\",\"target\":[\"https:\/\/despensafranciscana.com\/en\/loja\/cerveja-artesanal-belle-en-rouge\/\"]}]},{\"@type\":\"ImageObject\",\"inLanguage\":\"es\",\"@id\":\"https:\/\/despensafranciscana.com\/en\/loja\/cerveja-artesanal-belle-en-rouge\/#primaryimage\",\"url\":\"https:\/\/despensafranciscana.com\/wp-content\/uploads\/2023\/04\/BELLE-EN-ROUGE.jpg\",\"contentUrl\":\"https:\/\/despensafranciscana.com\/wp-content\/uploads\/2023\/04\/BELLE-EN-ROUGE.jpg\",\"width\":1000,\"height\":1000},{\"@type\":\"BreadcrumbList\",\"@id\":\"https:\/\/despensafranciscana.com\/en\/loja\/cerveja-artesanal-belle-en-rouge\/#breadcrumb\",\"itemListElement\":[{\"@type\":\"ListItem\",\"position\":1,\"name\":\"In\u00edcio\",\"item\":\"https:\/\/despensafranciscana.com\/\"},{\"@type\":\"ListItem\",\"position\":2,\"name\":\"Loja\",\"item\":\"https:\/\/despensafranciscana.com\/loja\/\"},{\"@type\":\"ListItem\",\"position\":3,\"name\":\"Cerveja Artesanal Belle en Rouge\"}]},{\"@type\":\"WebSite\",\"@id\":\"https:\/\/despensafranciscana.com\/#website\",\"url\":\"https:\/\/despensafranciscana.com\/\",\"name\":\"Despensa Franciscana\",\"description\":\"Despensa Franciscana\",\"publisher\":{\"@id\":\"https:\/\/despensafranciscana.com\/#organization\"},\"potentialAction\":[{\"@type\":\"SearchAction\",\"target\":{\"@type\":\"EntryPoint\",\"urlTemplate\":\"https:\/\/despensafranciscana.com\/?s={search_term_string}\"},\"query-input\":{\"@type\":\"PropertyValueSpecification\",\"valueRequired\":true,\"valueName\":\"search_term_string\"}}],\"inLanguage\":\"es\"},{\"@type\":\"Organization\",\"@id\":\"https:\/\/despensafranciscana.com\/#organization\",\"name\":\"Despensa Franciscana\",\"url\":\"https:\/\/despensafranciscana.com\/\",\"logo\":{\"@type\":\"ImageObject\",\"inLanguage\":\"es\",\"@id\":\"https:\/\/despensafranciscana.com\/#\/schema\/logo\/image\/\",\"url\":\"https:\/\/despensafranciscana.com\/wp-content\/uploads\/2025\/02\/despensa-franciscana-revamp-logos-8.png\",\"contentUrl\":\"https:\/\/despensafranciscana.com\/wp-content\/uploads\/2025\/02\/despensa-franciscana-revamp-logos-8.png\",\"width\":1920,\"height\":628,\"caption\":\"Despensa Franciscana\"},\"image\":{\"@id\":\"https:\/\/despensafranciscana.com\/#\/schema\/logo\/image\/\"},\"sameAs\":[\"https:\/\/www.facebook.com\/despensafranciscana\/\",\"https:\/\/www.instagram.com\/despensafranciscana\/\"]}]}<\/script>\n<!-- \/ Yoast SEO plugin. -->","yoast_head_json":{"title":"Cerveja Artesanal Belle en Rouge - Despensa Franciscana","robots":{"index":"index","follow":"follow","max-snippet":"max-snippet:-1","max-image-preview":"max-image-preview:large","max-video-preview":"max-video-preview:-1"},"canonical":"https:\/\/despensafranciscana.com\/es\/loja\/cerveja-artesanal-belle-en-rouge\/","og_locale":"es_ES","og_type":"article","og_title":"Cerveja Artesanal Belle en Rouge - Despensa Franciscana","og_description":"Casa do Penedo Brewery \u2013 BELLE EN ROUGE 7,2%, Saison Grape Ale \u00e9 uma cerveja que resulta da combina\u00e7\u00e3o de maltes claros, com mosto de uvas tintas das castas trincadeira, aragon\u00eas e alicante bouschet adicionado na fermenta\u00e7\u00e3o prim\u00e1ria, finalizada pela adi\u00e7\u00e3o de uma levedura saison. Uma cerveja arom\u00e1tica e refrescante para beber a qualquer hora do dia. Dispon\u00edvel at\u00e9 final de stock.","og_url":"https:\/\/despensafranciscana.com\/es\/loja\/cerveja-artesanal-belle-en-rouge\/","og_site_name":"Despensa Franciscana","article_publisher":"https:\/\/www.facebook.com\/despensafranciscana\/","article_modified_time":"2025-03-07T16:13:34+00:00","og_image":[{"width":1000,"height":1000,"url":"https:\/\/despensafranciscana.com\/wp-content\/uploads\/2023\/04\/BELLE-EN-ROUGE.jpg","type":"image\/jpeg"}],"twitter_card":"summary_large_image","schema":{"@context":"https:\/\/schema.org","@graph":[{"@type":"WebPage","@id":"https:\/\/despensafranciscana.com\/en\/loja\/cerveja-artesanal-belle-en-rouge\/","url":"https:\/\/despensafranciscana.com\/en\/loja\/cerveja-artesanal-belle-en-rouge\/","name":"Cerveja Artesanal Belle en Rouge - Despensa Franciscana","isPartOf":{"@id":"https:\/\/despensafranciscana.com\/#website"},"primaryImageOfPage":{"@id":"https:\/\/despensafranciscana.com\/en\/loja\/cerveja-artesanal-belle-en-rouge\/#primaryimage"},"image":{"@id":"https:\/\/despensafranciscana.com\/en\/loja\/cerveja-artesanal-belle-en-rouge\/#primaryimage"},"thumbnailUrl":"https:\/\/despensafranciscana.com\/wp-content\/uploads\/2023\/04\/BELLE-EN-ROUGE.jpg","datePublished":"2023-04-28T11:27:52+00:00","dateModified":"2025-03-07T16:13:34+00:00","breadcrumb":{"@id":"https:\/\/despensafranciscana.com\/en\/loja\/cerveja-artesanal-belle-en-rouge\/#breadcrumb"},"inLanguage":"es","potentialAction":[{"@type":"ReadAction","target":["https:\/\/despensafranciscana.com\/en\/loja\/cerveja-artesanal-belle-en-rouge\/"]}]},{"@type":"ImageObject","inLanguage":"es","@id":"https:\/\/despensafranciscana.com\/en\/loja\/cerveja-artesanal-belle-en-rouge\/#primaryimage","url":"https:\/\/despensafranciscana.com\/wp-content\/uploads\/2023\/04\/BELLE-EN-ROUGE.jpg","contentUrl":"https:\/\/despensafranciscana.com\/wp-content\/uploads\/2023\/04\/BELLE-EN-ROUGE.jpg","width":1000,"height":1000},{"@type":"BreadcrumbList","@id":"https:\/\/despensafranciscana.com\/en\/loja\/cerveja-artesanal-belle-en-rouge\/#breadcrumb","itemListElement":[{"@type":"ListItem","position":1,"name":"In\u00edcio","item":"https:\/\/despensafranciscana.com\/"},{"@type":"ListItem","position":2,"name":"Loja","item":"https:\/\/despensafranciscana.com\/loja\/"},{"@type":"ListItem","position":3,"name":"Cerveja Artesanal Belle en Rouge"}]},{"@type":"WebSite","@id":"https:\/\/despensafranciscana.com\/#website","url":"https:\/\/despensafranciscana.com\/","name":"Despensa franciscana","description":"Despensa franciscana","publisher":{"@id":"https:\/\/despensafranciscana.com\/#organization"},"potentialAction":[{"@type":"SearchAction","target":{"@type":"EntryPoint","urlTemplate":"https:\/\/despensafranciscana.com\/?s={search_term_string}"},"query-input":{"@type":"PropertyValueSpecification","valueRequired":true,"valueName":"search_term_string"}}],"inLanguage":"es"},{"@type":"Organization","@id":"https:\/\/despensafranciscana.com\/#organization","name":"Despensa franciscana","url":"https:\/\/despensafranciscana.com\/","logo":{"@type":"ImageObject","inLanguage":"es","@id":"https:\/\/despensafranciscana.com\/#\/schema\/logo\/image\/","url":"https:\/\/despensafranciscana.com\/wp-content\/uploads\/2025\/02\/despensa-franciscana-revamp-logos-8.png","contentUrl":"https:\/\/despensafranciscana.com\/wp-content\/uploads\/2025\/02\/despensa-franciscana-revamp-logos-8.png","width":1920,"height":628,"caption":"Despensa Franciscana"},"image":{"@id":"https:\/\/despensafranciscana.com\/#\/schema\/logo\/image\/"},"sameAs":["https:\/\/www.facebook.com\/despensafranciscana\/","https:\/\/www.instagram.com\/despensafranciscana\/"]}]}},"_links":{"self":[{"href":"https:\/\/despensafranciscana.com\/es\/wp-json\/wp\/v2\/product\/15680","targetHints":{"allow":["GET"]}}],"collection":[{"href":"https:\/\/despensafranciscana.com\/es\/wp-json\/wp\/v2\/product"}],"about":[{"href":"https:\/\/despensafranciscana.com\/es\/wp-json\/wp\/v2\/types\/product"}],"wp:featuredmedia":[{"embeddable":true,"href":"https:\/\/despensafranciscana.com\/es\/wp-json\/wp\/v2\/media\/15681"}],"wp:attachment":[{"href":"https:\/\/despensafranciscana.com\/es\/wp-json\/wp\/v2\/media?parent=15680"}],"wp:term":[{"taxonomy":"product_brand","embeddable":true,"href":"https:\/\/despensafranciscana.com\/es\/wp-json\/wp\/v2\/product_brand?post=15680"},{"taxonomy":"product_cat","embeddable":true,"href":"https:\/\/despensafranciscana.com\/es\/wp-json\/wp\/v2\/product_cat?post=15680"},{"taxonomy":"product_tag","embeddable":true,"href":"https:\/\/despensafranciscana.com\/es\/wp-json\/wp\/v2\/product_tag?post=15680"}],"curies":[{"name":"wp","href":"https:\/\/api.w.org\/{rel}","templated":true}]}}