{"id":3,"date":"2021-03-23T23:42:05","date_gmt":"2021-03-23T23:42:05","guid":{"rendered":"https:\/\/despensafranciscana.com\/?page_id=3"},"modified":"2025-02-23T17:59:29","modified_gmt":"2025-02-23T17:59:29","slug":"politica-privacidade","status":"publish","type":"page","link":"https:\/\/despensafranciscana.com\/es\/politica-privacidade\/","title":{"rendered":"Pol\u00edtica de Privacidade e Seguran\u00e7a"},"content":{"rendered":"<div class=\"wpb-content-wrapper\"><div data-parent=\"true\" class=\"vc_row row-container\" id=\"row-unique-0\"><div class=\"row limit-width row-parent\"><div class=\"wpb_row row-inner\"><div class=\"wpb_column pos-top pos-center align_left column_parent col-lg-12 single-internal-gutter\"><div class=\"uncol style-light\"  ><div class=\"uncoltable\"><div class=\"uncell\" ><div class=\"uncont no-block-padding col-custom-width\" style=\" max-width:80%;\" ><div class=\"vc_custom_heading_wrap\"><div class=\"heading-text el-text\" ><h1 class=\"h1\" ><span>Pol\u00edtica de Privacidade e Seguran\u00e7a<\/span><\/h1><\/div><div class=\"clear\"><\/div><\/div><div class=\"uncode_text_column text-justify\" ><\/p>\n<p>&nbsp;<\/p>\n<p>O presente documento explicita os termos em que a Gama de Matos, LDA. sociedade comercial com sede na Rua do Apeadeiro, Quinta Nova, Vale do Peso e registada na Conservat\u00f3ria do Registo Comercial de Lisboa, sob o n\u00famero \u00fanico de pessoa coletiva e de matr\u00edcula 514\u00a0744\u00a0243, \u00a0recolhe, utiliza e procede ao tratamento dos dados e informa\u00e7\u00f5es os seus Utilizadores por via do seu Website.<\/p>\n<p>Las normas de recogida, uso y tratamiento de datos e informaci\u00f3n se ajustan a la legislaci\u00f3n nacional y al Reglamento de Protecci\u00f3n de Datos Personales 2016\/679 del Parlamento Europeo y del Consejo, de 27 de abril de 2016, aplicable.<\/p>\n<p>Gama de Matos, LDA. (en adelante, la \"Despensa Franciscana\") cuida de la privacidad de sus Usuarios y de los datos personales por ellos enviados, y es responsable del sitio web www.despensafranciscana.com (en adelante, el \"Sitio\").<\/p>\n<p>Le rogamos que lea atentamente esta Pol\u00edtica de Privacidad para aclarar los datos recogidos, los fines para los que se recogen, c\u00f3mo se procesan y sus derechos.<\/p>\n<p>La presente pol\u00edtica de privacidad se aplica a los datos recogidos y tratados en el contexto de la interacci\u00f3n de los usuarios con el sitio web.<\/p>\n<p>&nbsp;<\/p>\n<h2 class=\"wp-block-heading\"><strong>Formas en que la Despensa Franciscana recoge datos de los usuarios<\/strong><\/h2>\n<p>La Despensa Franciscana recoge datos de sus Usuarios a trav\u00e9s de la siguiente plataforma:<\/p>\n<p>&nbsp;<\/p>\n<ul class=\"wp-block-list\">\n<li>Registro de Usuarios en el Sitio (p\u00e1gina web);<\/li>\n<li>Contacto con los lectores por correo electr\u00f3nico, especialmente geral@despensafranciscana.com<\/li>\n<\/ul>\n<p><strong>Datos que la Despensa Franciscana recaba de sus Usuarios<\/strong><\/p>\n<p><strong>Identificaci\u00f3n y datos de contacto:<\/strong> nombre, n\u00famero de IVA, direcci\u00f3n de correo electr\u00f3nico, n\u00famero de tel\u00e9fono\/m\u00f3vil y ubicaci\u00f3n.<\/p>\n<p><strong>Lista de art\u00edculos guardados:<\/strong> informaci\u00f3n sobre los art\u00edculos que el Usuario ha guardado en su \u00e1rea reservada (Cesta de la Compra).<\/p>\n<p><strong>Informaci\u00f3n financiera y de pago:<\/strong> nombre, direcci\u00f3n y n\u00famero de identificaci\u00f3n fiscal de los usuarios.<\/p>\n<p><strong>Informaci\u00f3n an\u00f3nima:<\/strong> registro de actividad y navegaci\u00f3n en el Sitio.<\/p>\n<p>&nbsp;<\/p>\n<h2 class=\"wp-block-heading\"><strong>Datos de los menores<\/strong><\/h2>\n<p>La Despensa Franciscana no recoge intencionadamente (ni puede distinguir) datos de menores de 18 a\u00f1os. No obstante, si se nos informa de que se han recopilado datos de menores, la Despensa Franciscana los eliminar\u00e1 inmediatamente.<\/p>\n<p>&nbsp;<\/p>\n<h2 class=\"wp-block-heading\"><strong>Utilizaci\u00f3n de los datos recogidos<\/strong><\/h2>\n<p>La Despensa Franciscana utiliza los datos recogidos para los siguientes fines:<\/p>\n<p>&nbsp;<\/p>\n<ul class=\"wp-block-list\">\n<li>Poner sus servicios a disposici\u00f3n del Usuario;<\/li>\n<li>Asistencia al usuario;<\/li>\n<li>Cumplimiento de obligaciones contractuales y legales;<\/li>\n<li>Suministro de informaci\u00f3n y contenidos de inter\u00e9s para el Usuario;<\/li>\n<li>Mejorar el funcionamiento del sitio, incluida la gesti\u00f3n de contenidos y el establecimiento de prioridades.<\/li>\n<\/ul>\n<p>&nbsp;<\/p>\n<h2 class=\"wp-block-heading\"><strong>Transmisi\u00f3n de datos<\/strong><\/h2>\n<p>La Despensa Franciscana cede los datos de sus Usuarios a sus proveedores de servicios, que son empresas externas de asistencia y apoyo a su actividad, en la medida m\u00e1s estricta posible, y est\u00e1n obligados al cumplimiento de la normativa sobre protecci\u00f3n de datos de car\u00e1cter personal.<\/p>\n<p>&nbsp;<\/p>\n<h2 class=\"wp-block-heading\"><strong>Filtraci\u00f3n de datos<\/strong><\/h2>\n<p>La Despensa Franciscana no se hace responsable de los contenidos a los que se acceda en virtud de cualquier hiperenlace que lleve al usuario fuera del dominio https:\/\/despensafranciscana.com, siempre que dichos hiperenlaces sean responsabilidad de terceros.<\/p>\n<p>Todos los datos recogidos se procesan autom\u00e1ticamente y la informaci\u00f3n enviada por los usuarios se cifra y gestiona con seguridad avanzada.<\/p>\n<p>La Despensa Franciscana utiliza diversas medidas t\u00e9cnicas y organizativas para la protecci\u00f3n tecnol\u00f3gica contra ataques a la informaci\u00f3n personal de los Usuarios y s\u00f3lo subcontrata a proveedores de servicios que garanticen el mismo nivel de protecci\u00f3n.<\/p>\n<p>La violaci\u00f3n, o intento de violaci\u00f3n, de las bases de datos obtenidas a trav\u00e9s del Sitio dar\u00e1 lugar a la responsabilidad legal inmediata del infractor o infractores.<\/p>\n<p>&nbsp;<\/p>\n<h2 class=\"wp-block-heading\"><strong>Derechos de los interesados<\/strong><\/h2>\n<p>Los usuarios pueden ejercer sus derechos poni\u00e9ndose en contacto con el responsable del tratamiento de los datos personales de Franciscan Pantry que se indica a continuaci\u00f3n.<\/p>\n<p>Los usuarios de la Despensa Franciscana tienen y pueden ejercer los siguientes derechos con respecto a sus datos personales:<\/p>\n<p><strong>Derecho a la informaci\u00f3n<\/strong> - en el momento de la recogida o del tratamiento, el titular de los datos personales tiene derecho a ser informado de la finalidad del tratamiento, del responsable del tratamiento, de las entidades a las que se pueden comunicar sus datos, de las condiciones de acceso y rectificaci\u00f3n y de los datos obligatorios y facultativos que se recoger\u00e1n.<\/p>\n<p><strong>Derecho de acceso<\/strong> - el titular de los datos personales tiene derecho a acceder a ellos, sin restricciones ni demoras, y a conocer la informaci\u00f3n disponible sobre el origen de los datos, los fines para los que se tratan y su comunicaci\u00f3n a terceros.<\/p>\n<p><strong>Derecho de rectificaci\u00f3n<\/strong> - el interesado tiene derecho a exigir que los datos que le conciernen sean exactos y est\u00e9n actualizados, y podr\u00e1 solicitar en cualquier momento su rectificaci\u00f3n al responsable del tratamiento de la Despensa Franciscana.<\/p>\n<p><strong>Derecho de supresi\u00f3n<\/strong> - el interesado tiene derecho a que sus datos dejen de tratarse, se borren y supriman, en determinadas condiciones, en caso de:<\/p>\n<p>&nbsp;<\/p>\n<ul class=\"wp-block-list\">\n<li>ya no son necesarios para el fin para el que se recogieron;<\/li>\n<li>los interesados retiran su consentimiento o se oponen al tratamiento de sus datos;<\/li>\n<li>si el tratamiento de datos no se ajusta a las disposiciones legales.<\/li>\n<\/ul>\n<p><strong>Derecho a la limitaci\u00f3n del tratamiento<\/strong> - el titular de los datos personales tiene derecho a que sus datos se limiten a lo esencial para los fines del tratamiento.<\/p>\n<p><strong>Derecho a la portabilidad de los datos (transferencia de datos)<\/strong> - el interesado tiene derecho a recibir sus datos o a solicitar que se transmitan a otra organizaci\u00f3n que se convertir\u00e1 en el nuevo responsable de sus datos personales (s\u00f3lo si es t\u00e9cnicamente posible).<\/p>\n<p><strong>Derecho de oposici\u00f3n<\/strong> - el interesado tiene derecho a oponerse, previa solicitud y de forma gratuita, a que sus datos personales sean tratados con fines de mercadotecnia directa o cualquier otra forma de prospecci\u00f3n y a que sus datos personales sean comunicados a terceros, salvo que la ley disponga lo contrario.<\/p>\n<p><strong>Derecho a conocer una violaci\u00f3n de datos<\/strong> - el titular de los datos personales tiene derecho a ser informado en caso de violaci\u00f3n de la seguridad que ponga en peligro sus datos.<\/p>\n<p><strong>Derecho a reclamar ante la autoridad de control<\/strong> - el titular de los datos personales tiene derecho a reclamar no s\u00f3lo ante el responsable del tratamiento de datos personales de la empresa, sino tambi\u00e9n ante la autoridad de control, la Comisi\u00f3n Nacional de Protecci\u00f3n de Datos.<\/p>\n<p>&nbsp;<\/p>\n<h2 class=\"wp-block-heading\"><strong>Per\u00edodo de conservaci\u00f3n de los datos<\/strong><\/h2>\n<p>Los datos recogidos son tratados durante el plazo estrictamente necesario para cumplir la finalidad espec\u00edfica de cada uno de ellos.<\/p>\n<p>Los datos identificativos de los Usuarios registrados y la lista de art\u00edculos almacenados se conservan mientras se mantenga su relaci\u00f3n con el Usuario. Por lo tanto, se conservar\u00e1n hasta que el Usuario elimine su registro en la Despensa Franciscana o solicite la eliminaci\u00f3n\/cancelaci\u00f3n de su suscripci\u00f3n.<\/p>\n<p>A efectos de transacciones comerciales y cumplimiento de obligaciones legales de facturaci\u00f3n, los datos se conservar\u00e1n durante el plazo legalmente previsto para el cumplimiento de las obligaciones legales, as\u00ed como para la impugnaci\u00f3n de situaciones jur\u00eddicas y mientras \u00e9stas se mantengan.<\/p>\n<p>&nbsp;<\/p>\n<h2 class=\"wp-block-heading\"><strong>Controlador de datos<\/strong><\/h2>\n<p>Cualquier pregunta relacionada con el tratamiento de datos personales y el ejercicio de los derechos de los interesados debe dirigirse a los siguientes contactos:<\/p>\n<p>Gama de Matos, LDA.<\/p>\n<p>Rua do Apeadeiro, Quinta Nova, Vale do Peso<\/p>\n<p>+351 939341097<\/p>\n<p>Ou por e-mail para o endere\u00e7o:\u00a0geral@despensafinanceira.com<\/p>\n<p>&nbsp;<\/p>\n<h2 class=\"wp-block-heading\"><strong>Consideraciones finales<\/strong><\/h2>\n<p>La Despensa Franciscana no se hace responsable del contenido de los comentarios de los Usuarios, por lo que cualquier dato personal que sea revelado por un Usuario en este contexto ser\u00e1 eliminado inmediatamente en el momento en que La Despensa Franciscana sea notificada de la revelaci\u00f3n de dichos datos.<\/p>\n<p>La Despensa Franciscana se reserva el derecho de modificar su Pol\u00edtica de Privacidad, Pol\u00edtica de Cookies y los T\u00e9rminos y Condiciones descritos en esta p\u00e1gina, por lo que le aconsejamos que visite esta direcci\u00f3n con frecuencia. Consideramos que los Usuarios son conscientes de estas pol\u00edticas cuando navegan por https:\/\/despensafranciscana.com.<\/p>\n<p>&nbsp;<\/p>\n<h2 class=\"wp-block-heading\"><strong>Pol\u00edtica de cookies<\/strong><\/h2>\n<p>A Despensa Franciscana (constitu\u00edda pela Gama de Matos, LDA. sociedade comercial com sede na Rua do Apeadeiro, Quinta Nova, Vale do Peso e registada na Conservat\u00f3ria do Registo Comercial de Lisboa, sob o n\u00famero \u00fanico de pessoa coletiva e de matr\u00edcula 514\u00a0744\u00a0243) utiliza cookies que permitem melhorar o desempenho e a experi\u00eancia de navega\u00e7\u00e3o do Utilizador. Qualquer navegador de internet (browser) permite ao Utilizador aceitar, recusar ou apagar cookies, atrav\u00e9s das defini\u00e7\u00f5es do pr\u00f3prio navegador. Se optar por desativar os cookies, alguns servi\u00e7os do nosso site, a saber, https:\/\/despensafranciscana.com, ir\u00e3o deixar de funcionar, afetando assim a sua experi\u00eancia de navega\u00e7\u00e3o nos sites.<\/p>\n<p>\n<\/div><\/div><\/div><\/div><\/div><\/div><script id=\"script-row-unique-0\" data-row=\"script-row-unique-0\" type=\"text\/javascript\" class=\"vc_controls\">UNCODE.initRow(document.getElementById(\"row-unique-0\"));<\/script><\/div><\/div><\/div><\/div>","protected":false},"excerpt":{"rendered":"Pol\u00edtica de Privacidade e Seguran\u00e7a &nbsp; O presente documento explicita os termos em que a Gama de Matos, LDA. sociedade [...]","protected":false},"author":1,"featured_media":0,"parent":0,"menu_order":0,"comment_status":"closed","ping_status":"open","template":"","meta":{"footnotes":""},"class_list":["post-3","page","type-page","status-publish","hentry"],"yoast_head":"<!-- This site is optimized with the Yoast SEO plugin v27.2 - https:\/\/yoast.com\/product\/yoast-seo-wordpress\/ -->\n<title>Pol\u00edtica de Privacidade e Seguran\u00e7a - Despensa Franciscana<\/title>\n<meta name=\"robots\" content=\"index, follow, max-snippet:-1, max-image-preview:large, max-video-preview:-1\" \/>\n<link rel=\"canonical\" href=\"https:\/\/despensafranciscana.com\/es\/politica-privacidade\/\" \/>\n<meta property=\"og:locale\" content=\"es_ES\" \/>\n<meta property=\"og:type\" content=\"article\" \/>\n<meta property=\"og:title\" content=\"Pol\u00edtica de Privacidade e Seguran\u00e7a - Despensa Franciscana\" \/>\n<meta property=\"og:url\" content=\"https:\/\/despensafranciscana.com\/es\/politica-privacidade\/\" \/>\n<meta property=\"og:site_name\" content=\"Despensa Franciscana\" \/>\n<meta property=\"article:publisher\" content=\"https:\/\/www.facebook.com\/despensafranciscana\/\" \/>\n<meta property=\"article:modified_time\" content=\"2025-02-23T17:59:29+00:00\" \/>\n<meta property=\"og:image\" content=\"https:\/\/despensafranciscana.com\/wp-content\/uploads\/2026\/03\/despensa_social.jpg\" \/>\n\t<meta property=\"og:image:width\" content=\"1505\" \/>\n\t<meta property=\"og:image:height\" content=\"847\" \/>\n\t<meta property=\"og:image:type\" content=\"image\/jpeg\" \/>\n<meta name=\"twitter:card\" content=\"summary_large_image\" \/>\n<meta name=\"twitter:label1\" content=\"Tiempo de lectura\" \/>\n\t<meta name=\"twitter:data1\" content=\"8 minutos\" \/>\n<script type=\"application\/ld+json\" class=\"yoast-schema-graph\">{\"@context\":\"https:\/\/schema.org\",\"@graph\":[{\"@type\":\"WebPage\",\"@id\":\"https:\/\/despensafranciscana.com\/politica-privacidade\/\",\"url\":\"https:\/\/despensafranciscana.com\/politica-privacidade\/\",\"name\":\"Pol\u00edtica de Privacidade e Seguran\u00e7a - Despensa Franciscana\",\"isPartOf\":{\"@id\":\"https:\/\/despensafranciscana.com\/#website\"},\"datePublished\":\"2021-03-23T23:42:05+00:00\",\"dateModified\":\"2025-02-23T17:59:29+00:00\",\"breadcrumb\":{\"@id\":\"https:\/\/despensafranciscana.com\/politica-privacidade\/#breadcrumb\"},\"inLanguage\":\"es\",\"potentialAction\":[{\"@type\":\"ReadAction\",\"target\":[\"https:\/\/despensafranciscana.com\/politica-privacidade\/\"]}]},{\"@type\":\"BreadcrumbList\",\"@id\":\"https:\/\/despensafranciscana.com\/politica-privacidade\/#breadcrumb\",\"itemListElement\":[{\"@type\":\"ListItem\",\"position\":1,\"name\":\"In\u00edcio\",\"item\":\"https:\/\/despensafranciscana.com\/\"},{\"@type\":\"ListItem\",\"position\":2,\"name\":\"Pol\u00edtica de Privacidade e Seguran\u00e7a\"}]},{\"@type\":\"WebSite\",\"@id\":\"https:\/\/despensafranciscana.com\/#website\",\"url\":\"https:\/\/despensafranciscana.com\/\",\"name\":\"Despensa Franciscana\",\"description\":\"Despensa Franciscana\",\"publisher\":{\"@id\":\"https:\/\/despensafranciscana.com\/#organization\"},\"potentialAction\":[{\"@type\":\"SearchAction\",\"target\":{\"@type\":\"EntryPoint\",\"urlTemplate\":\"https:\/\/despensafranciscana.com\/?s={search_term_string}\"},\"query-input\":{\"@type\":\"PropertyValueSpecification\",\"valueRequired\":true,\"valueName\":\"search_term_string\"}}],\"inLanguage\":\"es\"},{\"@type\":\"Organization\",\"@id\":\"https:\/\/despensafranciscana.com\/#organization\",\"name\":\"Despensa Franciscana\",\"url\":\"https:\/\/despensafranciscana.com\/\",\"logo\":{\"@type\":\"ImageObject\",\"inLanguage\":\"es\",\"@id\":\"https:\/\/despensafranciscana.com\/#\/schema\/logo\/image\/\",\"url\":\"https:\/\/despensafranciscana.com\/wp-content\/uploads\/2025\/02\/despensa-franciscana-revamp-logos-8.png\",\"contentUrl\":\"https:\/\/despensafranciscana.com\/wp-content\/uploads\/2025\/02\/despensa-franciscana-revamp-logos-8.png\",\"width\":1920,\"height\":628,\"caption\":\"Despensa Franciscana\"},\"image\":{\"@id\":\"https:\/\/despensafranciscana.com\/#\/schema\/logo\/image\/\"},\"sameAs\":[\"https:\/\/www.facebook.com\/despensafranciscana\/\",\"https:\/\/www.instagram.com\/despensafranciscana\/\"]}]}<\/script>\n<!-- \/ Yoast SEO plugin. -->","yoast_head_json":{"title":"Pol\u00edtica de Privacidade e Seguran\u00e7a - Despensa Franciscana","robots":{"index":"index","follow":"follow","max-snippet":"max-snippet:-1","max-image-preview":"max-image-preview:large","max-video-preview":"max-video-preview:-1"},"canonical":"https:\/\/despensafranciscana.com\/es\/politica-privacidade\/","og_locale":"es_ES","og_type":"article","og_title":"Pol\u00edtica de Privacidade e Seguran\u00e7a - Despensa Franciscana","og_url":"https:\/\/despensafranciscana.com\/es\/politica-privacidade\/","og_site_name":"Despensa Franciscana","article_publisher":"https:\/\/www.facebook.com\/despensafranciscana\/","article_modified_time":"2025-02-23T17:59:29+00:00","og_image":[{"width":1505,"height":847,"url":"https:\/\/despensafranciscana.com\/wp-content\/uploads\/2026\/03\/despensa_social.jpg","type":"image\/jpeg"}],"twitter_card":"summary_large_image","twitter_misc":{"Tiempo de lectura":"8 minutos"},"schema":{"@context":"https:\/\/schema.org","@graph":[{"@type":"WebPage","@id":"https:\/\/despensafranciscana.com\/politica-privacidade\/","url":"https:\/\/despensafranciscana.com\/politica-privacidade\/","name":"Pol\u00edtica de Privacidade e Seguran\u00e7a - Despensa Franciscana","isPartOf":{"@id":"https:\/\/despensafranciscana.com\/#website"},"datePublished":"2021-03-23T23:42:05+00:00","dateModified":"2025-02-23T17:59:29+00:00","breadcrumb":{"@id":"https:\/\/despensafranciscana.com\/politica-privacidade\/#breadcrumb"},"inLanguage":"es","potentialAction":[{"@type":"ReadAction","target":["https:\/\/despensafranciscana.com\/politica-privacidade\/"]}]},{"@type":"BreadcrumbList","@id":"https:\/\/despensafranciscana.com\/politica-privacidade\/#breadcrumb","itemListElement":[{"@type":"ListItem","position":1,"name":"In\u00edcio","item":"https:\/\/despensafranciscana.com\/"},{"@type":"ListItem","position":2,"name":"Pol\u00edtica de Privacidade e Seguran\u00e7a"}]},{"@type":"WebSite","@id":"https:\/\/despensafranciscana.com\/#website","url":"https:\/\/despensafranciscana.com\/","name":"Despensa franciscana","description":"Despensa franciscana","publisher":{"@id":"https:\/\/despensafranciscana.com\/#organization"},"potentialAction":[{"@type":"SearchAction","target":{"@type":"EntryPoint","urlTemplate":"https:\/\/despensafranciscana.com\/?s={search_term_string}"},"query-input":{"@type":"PropertyValueSpecification","valueRequired":true,"valueName":"search_term_string"}}],"inLanguage":"es"},{"@type":"Organization","@id":"https:\/\/despensafranciscana.com\/#organization","name":"Despensa franciscana","url":"https:\/\/despensafranciscana.com\/","logo":{"@type":"ImageObject","inLanguage":"es","@id":"https:\/\/despensafranciscana.com\/#\/schema\/logo\/image\/","url":"https:\/\/despensafranciscana.com\/wp-content\/uploads\/2025\/02\/despensa-franciscana-revamp-logos-8.png","contentUrl":"https:\/\/despensafranciscana.com\/wp-content\/uploads\/2025\/02\/despensa-franciscana-revamp-logos-8.png","width":1920,"height":628,"caption":"Despensa Franciscana"},"image":{"@id":"https:\/\/despensafranciscana.com\/#\/schema\/logo\/image\/"},"sameAs":["https:\/\/www.facebook.com\/despensafranciscana\/","https:\/\/www.instagram.com\/despensafranciscana\/"]}]}},"_links":{"self":[{"href":"https:\/\/despensafranciscana.com\/es\/wp-json\/wp\/v2\/pages\/3","targetHints":{"allow":["GET"]}}],"collection":[{"href":"https:\/\/despensafranciscana.com\/es\/wp-json\/wp\/v2\/pages"}],"about":[{"href":"https:\/\/despensafranciscana.com\/es\/wp-json\/wp\/v2\/types\/page"}],"author":[{"embeddable":true,"href":"https:\/\/despensafranciscana.com\/es\/wp-json\/wp\/v2\/users\/1"}],"replies":[{"embeddable":true,"href":"https:\/\/despensafranciscana.com\/es\/wp-json\/wp\/v2\/comments?post=3"}],"version-history":[{"count":0,"href":"https:\/\/despensafranciscana.com\/es\/wp-json\/wp\/v2\/pages\/3\/revisions"}],"wp:attachment":[{"href":"https:\/\/despensafranciscana.com\/es\/wp-json\/wp\/v2\/media?parent=3"}],"curies":[{"name":"wp","href":"https:\/\/api.w.org\/{rel}","templated":true}]}}