{"id":720,"date":"2021-05-23T21:58:03","date_gmt":"2021-05-23T21:58:03","guid":{"rendered":"https:\/\/despensafranciscana.com\/produto\/xarope-de-groselha\/"},"modified":"2026-03-20T12:22:28","modified_gmt":"2026-03-20T12:22:28","slug":"xarope-de-groselha","status":"publish","type":"product","link":"https:\/\/despensafranciscana.com\/en\/loja\/xarope-de-groselha\/","title":{"rendered":"blackcurrant syrup"},"content":{"rendered":"","protected":false},"excerpt":{"rendered":"<p>Remember the flavour of redcurrants? Get inspired by the classic Portuguese soft drink, with our authentic redcurrant from an old recipe and real fruit. The sweet, fruity flavour of the redcurrant, subtly cut by the acidic aftertaste of the fruit, is perfect for our mild climate.<\/p>\n<p>We advise you to store the bottle in a dry and cool place, preferably in the fridge, in order to preserve the quality of the syrup and because it tastes better if consumed fresh. Don&#039;t forget to always shake before opening.<\/p>\n<p>As E\u00e7a de Queiroz used to say, &quot;And go for a refreshment!&quot;<\/p>","protected":false},"featured_media":953,"template":"","meta":[],"product_brand":[],"product_cat":[39],"product_tag":[],"class_list":{"0":"post-720","1":"product","2":"type-product","3":"status-publish","4":"has-post-thumbnail","6":"product_cat-bebidas","8":"first","9":"instock","10":"taxable","11":"shipping-taxable","12":"purchasable","13":"product-type-simple"},"yoast_head":"<!-- This site is optimized with the Yoast SEO plugin v27.2 - https:\/\/yoast.com\/product\/yoast-seo-wordpress\/ -->\n<title>Xarope de Groselha - Despensa Franciscana<\/title>\n<meta name=\"robots\" content=\"index, follow, max-snippet:-1, max-image-preview:large, max-video-preview:-1\" \/>\n<link rel=\"canonical\" href=\"https:\/\/despensafranciscana.com\/en\/loja\/xarope-de-groselha\/\" \/>\n<meta property=\"og:locale\" content=\"en_GB\" \/>\n<meta property=\"og:type\" content=\"article\" \/>\n<meta property=\"og:title\" content=\"Xarope de Groselha - Despensa Franciscana\" \/>\n<meta property=\"og:description\" content=\"Lembra-se do sabor da groselha? inspire-se com o refresco cl\u00e1ssico portugu\u00eas, com a nossa aut\u00eantica groselha que nasce de uma receita antiga e com fruta verdadeira. O sabor frutado e doce da groselha, subtilmente cortado pelo travo \u00e1cido da fruta \u00e9 perfeita para o nosso clima ameno.  Aconselhamos que guarde a garrafa em local seco e fresco, preferencialmente no frigor\u00edfico, de forma a preservar a qualidade do xarope e porque sabe melhor se consumido fresco. N\u00e3o se esque\u00e7a de agitar sempre antes de abrir.  Como dizia E\u00e7a de Queiroz, &quot;E vai de refresco!&quot;\" \/>\n<meta property=\"og:url\" content=\"https:\/\/despensafranciscana.com\/en\/loja\/xarope-de-groselha\/\" \/>\n<meta property=\"og:site_name\" content=\"Despensa Franciscana\" \/>\n<meta property=\"article:publisher\" content=\"https:\/\/www.facebook.com\/despensafranciscana\/\" \/>\n<meta property=\"article:modified_time\" content=\"2026-03-20T12:22:28+00:00\" \/>\n<meta property=\"og:image\" content=\"https:\/\/despensafranciscana.com\/wp-content\/uploads\/2021\/05\/apoio-1-1.jpg\" \/>\n\t<meta property=\"og:image:width\" content=\"1000\" \/>\n\t<meta property=\"og:image:height\" content=\"1000\" \/>\n\t<meta property=\"og:image:type\" content=\"image\/jpeg\" \/>\n<meta name=\"twitter:card\" content=\"summary_large_image\" \/>\n<script type=\"application\/ld+json\" class=\"yoast-schema-graph\">{\"@context\":\"https:\/\/schema.org\",\"@graph\":[{\"@type\":\"WebPage\",\"@id\":\"https:\/\/despensafranciscana.com\/loja\/xarope-de-groselha\/\",\"url\":\"https:\/\/despensafranciscana.com\/loja\/xarope-de-groselha\/\",\"name\":\"Xarope de Groselha - Despensa Franciscana\",\"isPartOf\":{\"@id\":\"https:\/\/despensafranciscana.com\/#website\"},\"primaryImageOfPage\":{\"@id\":\"https:\/\/despensafranciscana.com\/loja\/xarope-de-groselha\/#primaryimage\"},\"image\":{\"@id\":\"https:\/\/despensafranciscana.com\/loja\/xarope-de-groselha\/#primaryimage\"},\"thumbnailUrl\":\"https:\/\/despensafranciscana.com\/wp-content\/uploads\/2021\/05\/apoio-1-1.jpg\",\"datePublished\":\"2021-05-23T21:58:03+00:00\",\"dateModified\":\"2026-03-20T12:22:28+00:00\",\"breadcrumb\":{\"@id\":\"https:\/\/despensafranciscana.com\/loja\/xarope-de-groselha\/#breadcrumb\"},\"inLanguage\":\"en-GB\",\"potentialAction\":[{\"@type\":\"ReadAction\",\"target\":[\"https:\/\/despensafranciscana.com\/loja\/xarope-de-groselha\/\"]}]},{\"@type\":\"ImageObject\",\"inLanguage\":\"en-GB\",\"@id\":\"https:\/\/despensafranciscana.com\/loja\/xarope-de-groselha\/#primaryimage\",\"url\":\"https:\/\/despensafranciscana.com\/wp-content\/uploads\/2021\/05\/apoio-1-1.jpg\",\"contentUrl\":\"https:\/\/despensafranciscana.com\/wp-content\/uploads\/2021\/05\/apoio-1-1.jpg\",\"width\":1000,\"height\":1000,\"caption\":\"Xarope de Groselha\"},{\"@type\":\"BreadcrumbList\",\"@id\":\"https:\/\/despensafranciscana.com\/loja\/xarope-de-groselha\/#breadcrumb\",\"itemListElement\":[{\"@type\":\"ListItem\",\"position\":1,\"name\":\"In\u00edcio\",\"item\":\"https:\/\/despensafranciscana.com\/\"},{\"@type\":\"ListItem\",\"position\":2,\"name\":\"Loja\",\"item\":\"https:\/\/despensafranciscana.com\/loja\/\"},{\"@type\":\"ListItem\",\"position\":3,\"name\":\"Xarope de Groselha\"}]},{\"@type\":\"WebSite\",\"@id\":\"https:\/\/despensafranciscana.com\/#website\",\"url\":\"https:\/\/despensafranciscana.com\/\",\"name\":\"Despensa Franciscana\",\"description\":\"Despensa Franciscana\",\"publisher\":{\"@id\":\"https:\/\/despensafranciscana.com\/#organization\"},\"potentialAction\":[{\"@type\":\"SearchAction\",\"target\":{\"@type\":\"EntryPoint\",\"urlTemplate\":\"https:\/\/despensafranciscana.com\/?s={search_term_string}\"},\"query-input\":{\"@type\":\"PropertyValueSpecification\",\"valueRequired\":true,\"valueName\":\"search_term_string\"}}],\"inLanguage\":\"en-GB\"},{\"@type\":\"Organization\",\"@id\":\"https:\/\/despensafranciscana.com\/#organization\",\"name\":\"Despensa Franciscana\",\"url\":\"https:\/\/despensafranciscana.com\/\",\"logo\":{\"@type\":\"ImageObject\",\"inLanguage\":\"en-GB\",\"@id\":\"https:\/\/despensafranciscana.com\/#\/schema\/logo\/image\/\",\"url\":\"https:\/\/despensafranciscana.com\/wp-content\/uploads\/2025\/02\/despensa-franciscana-revamp-logos-8.png\",\"contentUrl\":\"https:\/\/despensafranciscana.com\/wp-content\/uploads\/2025\/02\/despensa-franciscana-revamp-logos-8.png\",\"width\":1920,\"height\":628,\"caption\":\"Despensa Franciscana\"},\"image\":{\"@id\":\"https:\/\/despensafranciscana.com\/#\/schema\/logo\/image\/\"},\"sameAs\":[\"https:\/\/www.facebook.com\/despensafranciscana\/\",\"https:\/\/www.instagram.com\/despensafranciscana\/\"]}]}<\/script>\n<!-- \/ Yoast SEO plugin. -->","yoast_head_json":{"title":"Xarope de Groselha - Despensa Franciscana","robots":{"index":"index","follow":"follow","max-snippet":"max-snippet:-1","max-image-preview":"max-image-preview:large","max-video-preview":"max-video-preview:-1"},"canonical":"https:\/\/despensafranciscana.com\/en\/loja\/xarope-de-groselha\/","og_locale":"en_GB","og_type":"article","og_title":"Xarope de Groselha - Despensa Franciscana","og_description":"Lembra-se do sabor da groselha? inspire-se com o refresco cl\u00e1ssico portugu\u00eas, com a nossa aut\u00eantica groselha que nasce de uma receita antiga e com fruta verdadeira. O sabor frutado e doce da groselha, subtilmente cortado pelo travo \u00e1cido da fruta \u00e9 perfeita para o nosso clima ameno.  Aconselhamos que guarde a garrafa em local seco e fresco, preferencialmente no frigor\u00edfico, de forma a preservar a qualidade do xarope e porque sabe melhor se consumido fresco. N\u00e3o se esque\u00e7a de agitar sempre antes de abrir.  Como dizia E\u00e7a de Queiroz, \"E vai de refresco!\"","og_url":"https:\/\/despensafranciscana.com\/en\/loja\/xarope-de-groselha\/","og_site_name":"Despensa Franciscana","article_publisher":"https:\/\/www.facebook.com\/despensafranciscana\/","article_modified_time":"2026-03-20T12:22:28+00:00","og_image":[{"width":1000,"height":1000,"url":"https:\/\/despensafranciscana.com\/wp-content\/uploads\/2021\/05\/apoio-1-1.jpg","type":"image\/jpeg"}],"twitter_card":"summary_large_image","schema":{"@context":"https:\/\/schema.org","@graph":[{"@type":"WebPage","@id":"https:\/\/despensafranciscana.com\/loja\/xarope-de-groselha\/","url":"https:\/\/despensafranciscana.com\/loja\/xarope-de-groselha\/","name":"Xarope de Groselha - Despensa Franciscana","isPartOf":{"@id":"https:\/\/despensafranciscana.com\/#website"},"primaryImageOfPage":{"@id":"https:\/\/despensafranciscana.com\/loja\/xarope-de-groselha\/#primaryimage"},"image":{"@id":"https:\/\/despensafranciscana.com\/loja\/xarope-de-groselha\/#primaryimage"},"thumbnailUrl":"https:\/\/despensafranciscana.com\/wp-content\/uploads\/2021\/05\/apoio-1-1.jpg","datePublished":"2021-05-23T21:58:03+00:00","dateModified":"2026-03-20T12:22:28+00:00","breadcrumb":{"@id":"https:\/\/despensafranciscana.com\/loja\/xarope-de-groselha\/#breadcrumb"},"inLanguage":"en-GB","potentialAction":[{"@type":"ReadAction","target":["https:\/\/despensafranciscana.com\/loja\/xarope-de-groselha\/"]}]},{"@type":"ImageObject","inLanguage":"en-GB","@id":"https:\/\/despensafranciscana.com\/loja\/xarope-de-groselha\/#primaryimage","url":"https:\/\/despensafranciscana.com\/wp-content\/uploads\/2021\/05\/apoio-1-1.jpg","contentUrl":"https:\/\/despensafranciscana.com\/wp-content\/uploads\/2021\/05\/apoio-1-1.jpg","width":1000,"height":1000,"caption":"Xarope de Groselha"},{"@type":"BreadcrumbList","@id":"https:\/\/despensafranciscana.com\/loja\/xarope-de-groselha\/#breadcrumb","itemListElement":[{"@type":"ListItem","position":1,"name":"In\u00edcio","item":"https:\/\/despensafranciscana.com\/"},{"@type":"ListItem","position":2,"name":"Loja","item":"https:\/\/despensafranciscana.com\/loja\/"},{"@type":"ListItem","position":3,"name":"Xarope de Groselha"}]},{"@type":"WebSite","@id":"https:\/\/despensafranciscana.com\/#website","url":"https:\/\/despensafranciscana.com\/","name":"Franciscan pantry","description":"Franciscan pantry","publisher":{"@id":"https:\/\/despensafranciscana.com\/#organization"},"potentialAction":[{"@type":"SearchAction","target":{"@type":"EntryPoint","urlTemplate":"https:\/\/despensafranciscana.com\/?s={search_term_string}"},"query-input":{"@type":"PropertyValueSpecification","valueRequired":true,"valueName":"search_term_string"}}],"inLanguage":"en-GB"},{"@type":"Organization","@id":"https:\/\/despensafranciscana.com\/#organization","name":"Franciscan pantry","url":"https:\/\/despensafranciscana.com\/","logo":{"@type":"ImageObject","inLanguage":"en-GB","@id":"https:\/\/despensafranciscana.com\/#\/schema\/logo\/image\/","url":"https:\/\/despensafranciscana.com\/wp-content\/uploads\/2025\/02\/despensa-franciscana-revamp-logos-8.png","contentUrl":"https:\/\/despensafranciscana.com\/wp-content\/uploads\/2025\/02\/despensa-franciscana-revamp-logos-8.png","width":1920,"height":628,"caption":"Despensa Franciscana"},"image":{"@id":"https:\/\/despensafranciscana.com\/#\/schema\/logo\/image\/"},"sameAs":["https:\/\/www.facebook.com\/despensafranciscana\/","https:\/\/www.instagram.com\/despensafranciscana\/"]}]}},"_links":{"self":[{"href":"https:\/\/despensafranciscana.com\/en\/wp-json\/wp\/v2\/product\/720","targetHints":{"allow":["GET"]}}],"collection":[{"href":"https:\/\/despensafranciscana.com\/en\/wp-json\/wp\/v2\/product"}],"about":[{"href":"https:\/\/despensafranciscana.com\/en\/wp-json\/wp\/v2\/types\/product"}],"wp:featuredmedia":[{"embeddable":true,"href":"https:\/\/despensafranciscana.com\/en\/wp-json\/wp\/v2\/media\/953"}],"wp:attachment":[{"href":"https:\/\/despensafranciscana.com\/en\/wp-json\/wp\/v2\/media?parent=720"}],"wp:term":[{"taxonomy":"product_brand","embeddable":true,"href":"https:\/\/despensafranciscana.com\/en\/wp-json\/wp\/v2\/product_brand?post=720"},{"taxonomy":"product_cat","embeddable":true,"href":"https:\/\/despensafranciscana.com\/en\/wp-json\/wp\/v2\/product_cat?post=720"},{"taxonomy":"product_tag","embeddable":true,"href":"https:\/\/despensafranciscana.com\/en\/wp-json\/wp\/v2\/product_tag?post=720"}],"curies":[{"name":"wp","href":"https:\/\/api.w.org\/{rel}","templated":true}]}}