{"id":677,"date":"2021-05-23T21:57:40","date_gmt":"2021-05-23T20:57:40","guid":{"rendered":"https:\/\/despensafranciscana.com\/produto\/thursday-gin\/"},"modified":"2025-03-07T15:00:47","modified_gmt":"2025-03-07T15:00:47","slug":"thursday-gin","status":"publish","type":"product","link":"https:\/\/despensafranciscana.com\/en\/loja\/thursday-gin\/","title":{"rendered":"Thursday Gin"},"content":{"rendered":"<p>The sale and consumption of alcoholic beverages to minors (18 years old) is forbidden, according to Article 3, No. 1 of Decree-Law 106\/2015 of 16 June.<\/p>","protected":false},"excerpt":{"rendered":"<p>The true Alentejano Gin distilled in small quantities in Traditional Alembic, is born from a unique combination of 9 botanical flavors: Juniper, Coriander Seeds, Licorice Root, Lemon Zest, Cardamom, Fennel Seeds, Laurel, Erva Pr\u00edncipe and Seeds Anise in which Lemon, Laurel and Erva Pr\u00edncipe are entirely organic, carefully selected and combined together in the distillation. It can be tasted pure for the strongest palates! A real delight.<\/p>","protected":false},"featured_media":17189,"template":"","meta":[],"product_brand":[],"product_cat":[39],"product_tag":[],"class_list":{"0":"post-677","1":"product","2":"type-product","3":"status-publish","4":"has-post-thumbnail","6":"product_cat-bebidas","8":"first","9":"instock","10":"taxable","11":"shipping-taxable","12":"purchasable","13":"product-type-simple"},"yoast_head":"<!-- This site is optimized with the Yoast SEO plugin v27.2 - https:\/\/yoast.com\/product\/yoast-seo-wordpress\/ -->\n<title>Thursday Gin - Despensa Franciscana<\/title>\n<meta name=\"robots\" content=\"index, follow, max-snippet:-1, max-image-preview:large, max-video-preview:-1\" \/>\n<link rel=\"canonical\" href=\"https:\/\/despensafranciscana.com\/en\/loja\/thursday-gin\/\" \/>\n<meta property=\"og:locale\" content=\"en_GB\" \/>\n<meta property=\"og:type\" content=\"article\" \/>\n<meta property=\"og:title\" content=\"Thursday Gin - Despensa Franciscana\" \/>\n<meta property=\"og:description\" content=\"O verdadeiro Gin Alentejano destilado em pequenas quantidades em Alambique Tradicional, nasce de uma combina\u00e7\u00e3o \u00fanica de 9 sabores bot\u00e2nicos: o Zimbro, Sementes de Coentros, Raiz de Alca\u00e7uz, Raspa de Lim\u00e3o, Cardamomo, Sementes de Funcho, Louro, Erva Pr\u00edncipe e Sementes de Anis em que o Lim\u00e3o, Louro e Erva Pr\u00edncipe s\u00e3o totalmente de produ\u00e7\u00e3o biol\u00f3gica, cuidadosamente seleccionados e combinados entre si na destila\u00e7\u00e3o.Pode ser degustado puro para os Palatos mais fortes! Uma verdadeira del\u00edcia.\" \/>\n<meta property=\"og:url\" content=\"https:\/\/despensafranciscana.com\/en\/loja\/thursday-gin\/\" \/>\n<meta property=\"og:site_name\" content=\"Despensa Franciscana\" \/>\n<meta property=\"article:publisher\" content=\"https:\/\/www.facebook.com\/despensafranciscana\/\" \/>\n<meta property=\"article:modified_time\" content=\"2025-03-07T15:00:47+00:00\" \/>\n<meta property=\"og:image\" content=\"https:\/\/despensafranciscana.com\/wp-content\/uploads\/2021\/05\/thursday.jpg\" \/>\n\t<meta property=\"og:image:width\" content=\"1280\" \/>\n\t<meta property=\"og:image:height\" content=\"1280\" \/>\n\t<meta property=\"og:image:type\" content=\"image\/jpeg\" \/>\n<meta name=\"twitter:card\" content=\"summary_large_image\" \/>\n<meta name=\"twitter:label1\" content=\"Estimated reading time\" \/>\n\t<meta name=\"twitter:data1\" content=\"1 minute\" \/>\n<script type=\"application\/ld+json\" class=\"yoast-schema-graph\">{\"@context\":\"https:\/\/schema.org\",\"@graph\":[{\"@type\":\"WebPage\",\"@id\":\"https:\/\/despensafranciscana.com\/de\/loja\/thursday-gin\/\",\"url\":\"https:\/\/despensafranciscana.com\/de\/loja\/thursday-gin\/\",\"name\":\"Thursday Gin - Despensa Franciscana\",\"isPartOf\":{\"@id\":\"https:\/\/despensafranciscana.com\/#website\"},\"primaryImageOfPage\":{\"@id\":\"https:\/\/despensafranciscana.com\/de\/loja\/thursday-gin\/#primaryimage\"},\"image\":{\"@id\":\"https:\/\/despensafranciscana.com\/de\/loja\/thursday-gin\/#primaryimage\"},\"thumbnailUrl\":\"https:\/\/despensafranciscana.com\/wp-content\/uploads\/2021\/05\/thursday.jpg\",\"datePublished\":\"2021-05-23T20:57:40+00:00\",\"dateModified\":\"2025-03-07T15:00:47+00:00\",\"breadcrumb\":{\"@id\":\"https:\/\/despensafranciscana.com\/de\/loja\/thursday-gin\/#breadcrumb\"},\"inLanguage\":\"en-GB\",\"potentialAction\":[{\"@type\":\"ReadAction\",\"target\":[\"https:\/\/despensafranciscana.com\/de\/loja\/thursday-gin\/\"]}]},{\"@type\":\"ImageObject\",\"inLanguage\":\"en-GB\",\"@id\":\"https:\/\/despensafranciscana.com\/de\/loja\/thursday-gin\/#primaryimage\",\"url\":\"https:\/\/despensafranciscana.com\/wp-content\/uploads\/2021\/05\/thursday.jpg\",\"contentUrl\":\"https:\/\/despensafranciscana.com\/wp-content\/uploads\/2021\/05\/thursday.jpg\",\"width\":1280,\"height\":1280},{\"@type\":\"BreadcrumbList\",\"@id\":\"https:\/\/despensafranciscana.com\/de\/loja\/thursday-gin\/#breadcrumb\",\"itemListElement\":[{\"@type\":\"ListItem\",\"position\":1,\"name\":\"In\u00edcio\",\"item\":\"https:\/\/despensafranciscana.com\/\"},{\"@type\":\"ListItem\",\"position\":2,\"name\":\"Loja\",\"item\":\"https:\/\/despensafranciscana.com\/loja\/\"},{\"@type\":\"ListItem\",\"position\":3,\"name\":\"Thursday Gin\"}]},{\"@type\":\"WebSite\",\"@id\":\"https:\/\/despensafranciscana.com\/#website\",\"url\":\"https:\/\/despensafranciscana.com\/\",\"name\":\"Despensa Franciscana\",\"description\":\"Despensa Franciscana\",\"publisher\":{\"@id\":\"https:\/\/despensafranciscana.com\/#organization\"},\"potentialAction\":[{\"@type\":\"SearchAction\",\"target\":{\"@type\":\"EntryPoint\",\"urlTemplate\":\"https:\/\/despensafranciscana.com\/?s={search_term_string}\"},\"query-input\":{\"@type\":\"PropertyValueSpecification\",\"valueRequired\":true,\"valueName\":\"search_term_string\"}}],\"inLanguage\":\"en-GB\"},{\"@type\":\"Organization\",\"@id\":\"https:\/\/despensafranciscana.com\/#organization\",\"name\":\"Despensa Franciscana\",\"url\":\"https:\/\/despensafranciscana.com\/\",\"logo\":{\"@type\":\"ImageObject\",\"inLanguage\":\"en-GB\",\"@id\":\"https:\/\/despensafranciscana.com\/#\/schema\/logo\/image\/\",\"url\":\"https:\/\/despensafranciscana.com\/wp-content\/uploads\/2025\/02\/despensa-franciscana-revamp-logos-8.png\",\"contentUrl\":\"https:\/\/despensafranciscana.com\/wp-content\/uploads\/2025\/02\/despensa-franciscana-revamp-logos-8.png\",\"width\":1920,\"height\":628,\"caption\":\"Despensa Franciscana\"},\"image\":{\"@id\":\"https:\/\/despensafranciscana.com\/#\/schema\/logo\/image\/\"},\"sameAs\":[\"https:\/\/www.facebook.com\/despensafranciscana\/\",\"https:\/\/www.instagram.com\/despensafranciscana\/\"]}]}<\/script>\n<!-- \/ Yoast SEO plugin. -->","yoast_head_json":{"title":"Thursday Gin - Despensa Franciscana","robots":{"index":"index","follow":"follow","max-snippet":"max-snippet:-1","max-image-preview":"max-image-preview:large","max-video-preview":"max-video-preview:-1"},"canonical":"https:\/\/despensafranciscana.com\/en\/loja\/thursday-gin\/","og_locale":"en_GB","og_type":"article","og_title":"Thursday Gin - Despensa Franciscana","og_description":"O verdadeiro Gin Alentejano destilado em pequenas quantidades em Alambique Tradicional, nasce de uma combina\u00e7\u00e3o \u00fanica de 9 sabores bot\u00e2nicos: o Zimbro, Sementes de Coentros, Raiz de Alca\u00e7uz, Raspa de Lim\u00e3o, Cardamomo, Sementes de Funcho, Louro, Erva Pr\u00edncipe e Sementes de Anis em que o Lim\u00e3o, Louro e Erva Pr\u00edncipe s\u00e3o totalmente de produ\u00e7\u00e3o biol\u00f3gica, cuidadosamente seleccionados e combinados entre si na destila\u00e7\u00e3o.Pode ser degustado puro para os Palatos mais fortes! Uma verdadeira del\u00edcia.","og_url":"https:\/\/despensafranciscana.com\/en\/loja\/thursday-gin\/","og_site_name":"Despensa Franciscana","article_publisher":"https:\/\/www.facebook.com\/despensafranciscana\/","article_modified_time":"2025-03-07T15:00:47+00:00","og_image":[{"width":1280,"height":1280,"url":"https:\/\/despensafranciscana.com\/wp-content\/uploads\/2021\/05\/thursday.jpg","type":"image\/jpeg"}],"twitter_card":"summary_large_image","twitter_misc":{"Estimated reading time":"1 minute"},"schema":{"@context":"https:\/\/schema.org","@graph":[{"@type":"WebPage","@id":"https:\/\/despensafranciscana.com\/de\/loja\/thursday-gin\/","url":"https:\/\/despensafranciscana.com\/de\/loja\/thursday-gin\/","name":"Thursday Gin - Despensa Franciscana","isPartOf":{"@id":"https:\/\/despensafranciscana.com\/#website"},"primaryImageOfPage":{"@id":"https:\/\/despensafranciscana.com\/de\/loja\/thursday-gin\/#primaryimage"},"image":{"@id":"https:\/\/despensafranciscana.com\/de\/loja\/thursday-gin\/#primaryimage"},"thumbnailUrl":"https:\/\/despensafranciscana.com\/wp-content\/uploads\/2021\/05\/thursday.jpg","datePublished":"2021-05-23T20:57:40+00:00","dateModified":"2025-03-07T15:00:47+00:00","breadcrumb":{"@id":"https:\/\/despensafranciscana.com\/de\/loja\/thursday-gin\/#breadcrumb"},"inLanguage":"en-GB","potentialAction":[{"@type":"ReadAction","target":["https:\/\/despensafranciscana.com\/de\/loja\/thursday-gin\/"]}]},{"@type":"ImageObject","inLanguage":"en-GB","@id":"https:\/\/despensafranciscana.com\/de\/loja\/thursday-gin\/#primaryimage","url":"https:\/\/despensafranciscana.com\/wp-content\/uploads\/2021\/05\/thursday.jpg","contentUrl":"https:\/\/despensafranciscana.com\/wp-content\/uploads\/2021\/05\/thursday.jpg","width":1280,"height":1280},{"@type":"BreadcrumbList","@id":"https:\/\/despensafranciscana.com\/de\/loja\/thursday-gin\/#breadcrumb","itemListElement":[{"@type":"ListItem","position":1,"name":"In\u00edcio","item":"https:\/\/despensafranciscana.com\/"},{"@type":"ListItem","position":2,"name":"Loja","item":"https:\/\/despensafranciscana.com\/loja\/"},{"@type":"ListItem","position":3,"name":"Thursday Gin"}]},{"@type":"WebSite","@id":"https:\/\/despensafranciscana.com\/#website","url":"https:\/\/despensafranciscana.com\/","name":"Franciscan pantry","description":"Franciscan pantry","publisher":{"@id":"https:\/\/despensafranciscana.com\/#organization"},"potentialAction":[{"@type":"SearchAction","target":{"@type":"EntryPoint","urlTemplate":"https:\/\/despensafranciscana.com\/?s={search_term_string}"},"query-input":{"@type":"PropertyValueSpecification","valueRequired":true,"valueName":"search_term_string"}}],"inLanguage":"en-GB"},{"@type":"Organization","@id":"https:\/\/despensafranciscana.com\/#organization","name":"Franciscan pantry","url":"https:\/\/despensafranciscana.com\/","logo":{"@type":"ImageObject","inLanguage":"en-GB","@id":"https:\/\/despensafranciscana.com\/#\/schema\/logo\/image\/","url":"https:\/\/despensafranciscana.com\/wp-content\/uploads\/2025\/02\/despensa-franciscana-revamp-logos-8.png","contentUrl":"https:\/\/despensafranciscana.com\/wp-content\/uploads\/2025\/02\/despensa-franciscana-revamp-logos-8.png","width":1920,"height":628,"caption":"Despensa Franciscana"},"image":{"@id":"https:\/\/despensafranciscana.com\/#\/schema\/logo\/image\/"},"sameAs":["https:\/\/www.facebook.com\/despensafranciscana\/","https:\/\/www.instagram.com\/despensafranciscana\/"]}]}},"_links":{"self":[{"href":"https:\/\/despensafranciscana.com\/en\/wp-json\/wp\/v2\/product\/677","targetHints":{"allow":["GET"]}}],"collection":[{"href":"https:\/\/despensafranciscana.com\/en\/wp-json\/wp\/v2\/product"}],"about":[{"href":"https:\/\/despensafranciscana.com\/en\/wp-json\/wp\/v2\/types\/product"}],"wp:featuredmedia":[{"embeddable":true,"href":"https:\/\/despensafranciscana.com\/en\/wp-json\/wp\/v2\/media\/17189"}],"wp:attachment":[{"href":"https:\/\/despensafranciscana.com\/en\/wp-json\/wp\/v2\/media?parent=677"}],"wp:term":[{"taxonomy":"product_brand","embeddable":true,"href":"https:\/\/despensafranciscana.com\/en\/wp-json\/wp\/v2\/product_brand?post=677"},{"taxonomy":"product_cat","embeddable":true,"href":"https:\/\/despensafranciscana.com\/en\/wp-json\/wp\/v2\/product_cat?post=677"},{"taxonomy":"product_tag","embeddable":true,"href":"https:\/\/despensafranciscana.com\/en\/wp-json\/wp\/v2\/product_tag?post=677"}],"curies":[{"name":"wp","href":"https:\/\/api.w.org\/{rel}","templated":true}]}}