{"id":665,"date":"2021-05-23T21:57:34","date_gmt":"2021-05-23T20:57:34","guid":{"rendered":"https:\/\/despensafranciscana.com\/produto\/chourico-de-porco-preto\/"},"modified":"2025-02-28T15:16:32","modified_gmt":"2025-02-28T15:16:32","slug":"chourico-de-porco-preto","status":"publish","type":"product","link":"https:\/\/despensafranciscana.com\/en\/loja\/chourico-de-porco-preto\/","title":{"rendered":"Chouri\u00e7o de Porco Preto"},"content":{"rendered":"","protected":false},"excerpt":{"rendered":"<p>The only black pork chorizo, smoked over holm oak wood, is made from a mixture of black pork meat, salt, water and paprika. To be savoured raw or roasted on the grill.<\/p>","protected":false},"featured_media":1707,"template":"","meta":[],"product_brand":[],"product_cat":[40],"product_tag":[],"class_list":{"0":"post-665","1":"product","2":"type-product","3":"status-publish","4":"has-post-thumbnail","6":"product_cat-petiscos","8":"first","9":"instock","10":"taxable","11":"shipping-taxable","12":"purchasable","13":"product-type-variable"},"yoast_head":"<!-- This site is optimized with the Yoast SEO plugin v27.2 - https:\/\/yoast.com\/product\/yoast-seo-wordpress\/ -->\n<title>Chouri\u00e7o de Porco Preto - Despensa Franciscana<\/title>\n<meta name=\"robots\" content=\"index, follow, max-snippet:-1, max-image-preview:large, max-video-preview:-1\" \/>\n<link rel=\"canonical\" href=\"https:\/\/despensafranciscana.com\/en\/loja\/chourico-de-porco-preto\/\" \/>\n<meta property=\"og:locale\" content=\"en_GB\" \/>\n<meta property=\"og:type\" content=\"article\" \/>\n<meta property=\"og:title\" content=\"Chouri\u00e7o de Porco Preto - Despensa Franciscana\" \/>\n<meta property=\"og:description\" content=\"O \u00fanico chouri\u00e7o de porco-preto, fumado a lenha de azinho, nasce da mistura de carnes de porco preto, sal, \u00e1gua e piment\u00e3o. Para ser degustado cru ou assado na brasa.\" \/>\n<meta property=\"og:url\" content=\"https:\/\/despensafranciscana.com\/en\/loja\/chourico-de-porco-preto\/\" \/>\n<meta property=\"og:site_name\" content=\"Despensa Franciscana\" \/>\n<meta property=\"article:publisher\" content=\"https:\/\/www.facebook.com\/despensafranciscana\/\" \/>\n<meta property=\"article:modified_time\" content=\"2025-02-28T15:16:32+00:00\" \/>\n<meta property=\"og:image\" content=\"https:\/\/despensafranciscana.com\/wp-content\/uploads\/2021\/05\/1-14.jpg\" \/>\n\t<meta property=\"og:image:width\" content=\"1000\" \/>\n\t<meta property=\"og:image:height\" content=\"1000\" \/>\n\t<meta property=\"og:image:type\" content=\"image\/jpeg\" \/>\n<meta name=\"twitter:card\" content=\"summary_large_image\" \/>\n<meta name=\"twitter:label1\" content=\"Estimated reading time\" \/>\n\t<meta name=\"twitter:data1\" content=\"1 minute\" \/>\n<script type=\"application\/ld+json\" class=\"yoast-schema-graph\">{\"@context\":\"https:\/\/schema.org\",\"@graph\":[{\"@type\":\"WebPage\",\"@id\":\"https:\/\/despensafranciscana.com\/en\/loja\/chourico-de-porco-preto\/\",\"url\":\"https:\/\/despensafranciscana.com\/en\/loja\/chourico-de-porco-preto\/\",\"name\":\"Chouri\u00e7o de Porco Preto - Despensa Franciscana\",\"isPartOf\":{\"@id\":\"https:\/\/despensafranciscana.com\/#website\"},\"primaryImageOfPage\":{\"@id\":\"https:\/\/despensafranciscana.com\/en\/loja\/chourico-de-porco-preto\/#primaryimage\"},\"image\":{\"@id\":\"https:\/\/despensafranciscana.com\/en\/loja\/chourico-de-porco-preto\/#primaryimage\"},\"thumbnailUrl\":\"https:\/\/despensafranciscana.com\/wp-content\/uploads\/2021\/05\/1-14.jpg\",\"datePublished\":\"2021-05-23T20:57:34+00:00\",\"dateModified\":\"2025-02-28T15:16:32+00:00\",\"breadcrumb\":{\"@id\":\"https:\/\/despensafranciscana.com\/en\/loja\/chourico-de-porco-preto\/#breadcrumb\"},\"inLanguage\":\"en-GB\",\"potentialAction\":[{\"@type\":\"ReadAction\",\"target\":[\"https:\/\/despensafranciscana.com\/en\/loja\/chourico-de-porco-preto\/\"]}]},{\"@type\":\"ImageObject\",\"inLanguage\":\"en-GB\",\"@id\":\"https:\/\/despensafranciscana.com\/en\/loja\/chourico-de-porco-preto\/#primaryimage\",\"url\":\"https:\/\/despensafranciscana.com\/wp-content\/uploads\/2021\/05\/1-14.jpg\",\"contentUrl\":\"https:\/\/despensafranciscana.com\/wp-content\/uploads\/2021\/05\/1-14.jpg\",\"width\":1000,\"height\":1000},{\"@type\":\"BreadcrumbList\",\"@id\":\"https:\/\/despensafranciscana.com\/en\/loja\/chourico-de-porco-preto\/#breadcrumb\",\"itemListElement\":[{\"@type\":\"ListItem\",\"position\":1,\"name\":\"In\u00edcio\",\"item\":\"https:\/\/despensafranciscana.com\/\"},{\"@type\":\"ListItem\",\"position\":2,\"name\":\"Loja\",\"item\":\"https:\/\/despensafranciscana.com\/loja\/\"},{\"@type\":\"ListItem\",\"position\":3,\"name\":\"Chouri\u00e7o de Porco Preto\"}]},{\"@type\":\"WebSite\",\"@id\":\"https:\/\/despensafranciscana.com\/#website\",\"url\":\"https:\/\/despensafranciscana.com\/\",\"name\":\"Despensa Franciscana\",\"description\":\"Despensa Franciscana\",\"publisher\":{\"@id\":\"https:\/\/despensafranciscana.com\/#organization\"},\"potentialAction\":[{\"@type\":\"SearchAction\",\"target\":{\"@type\":\"EntryPoint\",\"urlTemplate\":\"https:\/\/despensafranciscana.com\/?s={search_term_string}\"},\"query-input\":{\"@type\":\"PropertyValueSpecification\",\"valueRequired\":true,\"valueName\":\"search_term_string\"}}],\"inLanguage\":\"en-GB\"},{\"@type\":\"Organization\",\"@id\":\"https:\/\/despensafranciscana.com\/#organization\",\"name\":\"Despensa Franciscana\",\"url\":\"https:\/\/despensafranciscana.com\/\",\"logo\":{\"@type\":\"ImageObject\",\"inLanguage\":\"en-GB\",\"@id\":\"https:\/\/despensafranciscana.com\/#\/schema\/logo\/image\/\",\"url\":\"https:\/\/despensafranciscana.com\/wp-content\/uploads\/2025\/02\/despensa-franciscana-revamp-logos-8.png\",\"contentUrl\":\"https:\/\/despensafranciscana.com\/wp-content\/uploads\/2025\/02\/despensa-franciscana-revamp-logos-8.png\",\"width\":1920,\"height\":628,\"caption\":\"Despensa Franciscana\"},\"image\":{\"@id\":\"https:\/\/despensafranciscana.com\/#\/schema\/logo\/image\/\"},\"sameAs\":[\"https:\/\/www.facebook.com\/despensafranciscana\/\",\"https:\/\/www.instagram.com\/despensafranciscana\/\"]}]}<\/script>\n<!-- \/ Yoast SEO plugin. -->","yoast_head_json":{"title":"Chouri\u00e7o de Porco Preto - Despensa Franciscana","robots":{"index":"index","follow":"follow","max-snippet":"max-snippet:-1","max-image-preview":"max-image-preview:large","max-video-preview":"max-video-preview:-1"},"canonical":"https:\/\/despensafranciscana.com\/en\/loja\/chourico-de-porco-preto\/","og_locale":"en_GB","og_type":"article","og_title":"Chouri\u00e7o de Porco Preto - Despensa Franciscana","og_description":"O \u00fanico chouri\u00e7o de porco-preto, fumado a lenha de azinho, nasce da mistura de carnes de porco preto, sal, \u00e1gua e piment\u00e3o. Para ser degustado cru ou assado na brasa.","og_url":"https:\/\/despensafranciscana.com\/en\/loja\/chourico-de-porco-preto\/","og_site_name":"Despensa Franciscana","article_publisher":"https:\/\/www.facebook.com\/despensafranciscana\/","article_modified_time":"2025-02-28T15:16:32+00:00","og_image":[{"width":1000,"height":1000,"url":"https:\/\/despensafranciscana.com\/wp-content\/uploads\/2021\/05\/1-14.jpg","type":"image\/jpeg"}],"twitter_card":"summary_large_image","twitter_misc":{"Estimated reading time":"1 minute"},"schema":{"@context":"https:\/\/schema.org","@graph":[{"@type":"WebPage","@id":"https:\/\/despensafranciscana.com\/en\/loja\/chourico-de-porco-preto\/","url":"https:\/\/despensafranciscana.com\/en\/loja\/chourico-de-porco-preto\/","name":"Chouri\u00e7o de Porco Preto - Despensa Franciscana","isPartOf":{"@id":"https:\/\/despensafranciscana.com\/#website"},"primaryImageOfPage":{"@id":"https:\/\/despensafranciscana.com\/en\/loja\/chourico-de-porco-preto\/#primaryimage"},"image":{"@id":"https:\/\/despensafranciscana.com\/en\/loja\/chourico-de-porco-preto\/#primaryimage"},"thumbnailUrl":"https:\/\/despensafranciscana.com\/wp-content\/uploads\/2021\/05\/1-14.jpg","datePublished":"2021-05-23T20:57:34+00:00","dateModified":"2025-02-28T15:16:32+00:00","breadcrumb":{"@id":"https:\/\/despensafranciscana.com\/en\/loja\/chourico-de-porco-preto\/#breadcrumb"},"inLanguage":"en-GB","potentialAction":[{"@type":"ReadAction","target":["https:\/\/despensafranciscana.com\/en\/loja\/chourico-de-porco-preto\/"]}]},{"@type":"ImageObject","inLanguage":"en-GB","@id":"https:\/\/despensafranciscana.com\/en\/loja\/chourico-de-porco-preto\/#primaryimage","url":"https:\/\/despensafranciscana.com\/wp-content\/uploads\/2021\/05\/1-14.jpg","contentUrl":"https:\/\/despensafranciscana.com\/wp-content\/uploads\/2021\/05\/1-14.jpg","width":1000,"height":1000},{"@type":"BreadcrumbList","@id":"https:\/\/despensafranciscana.com\/en\/loja\/chourico-de-porco-preto\/#breadcrumb","itemListElement":[{"@type":"ListItem","position":1,"name":"In\u00edcio","item":"https:\/\/despensafranciscana.com\/"},{"@type":"ListItem","position":2,"name":"Loja","item":"https:\/\/despensafranciscana.com\/loja\/"},{"@type":"ListItem","position":3,"name":"Chouri\u00e7o de Porco Preto"}]},{"@type":"WebSite","@id":"https:\/\/despensafranciscana.com\/#website","url":"https:\/\/despensafranciscana.com\/","name":"Franciscan pantry","description":"Franciscan pantry","publisher":{"@id":"https:\/\/despensafranciscana.com\/#organization"},"potentialAction":[{"@type":"SearchAction","target":{"@type":"EntryPoint","urlTemplate":"https:\/\/despensafranciscana.com\/?s={search_term_string}"},"query-input":{"@type":"PropertyValueSpecification","valueRequired":true,"valueName":"search_term_string"}}],"inLanguage":"en-GB"},{"@type":"Organization","@id":"https:\/\/despensafranciscana.com\/#organization","name":"Franciscan pantry","url":"https:\/\/despensafranciscana.com\/","logo":{"@type":"ImageObject","inLanguage":"en-GB","@id":"https:\/\/despensafranciscana.com\/#\/schema\/logo\/image\/","url":"https:\/\/despensafranciscana.com\/wp-content\/uploads\/2025\/02\/despensa-franciscana-revamp-logos-8.png","contentUrl":"https:\/\/despensafranciscana.com\/wp-content\/uploads\/2025\/02\/despensa-franciscana-revamp-logos-8.png","width":1920,"height":628,"caption":"Despensa Franciscana"},"image":{"@id":"https:\/\/despensafranciscana.com\/#\/schema\/logo\/image\/"},"sameAs":["https:\/\/www.facebook.com\/despensafranciscana\/","https:\/\/www.instagram.com\/despensafranciscana\/"]}]}},"_links":{"self":[{"href":"https:\/\/despensafranciscana.com\/en\/wp-json\/wp\/v2\/product\/665","targetHints":{"allow":["GET"]}}],"collection":[{"href":"https:\/\/despensafranciscana.com\/en\/wp-json\/wp\/v2\/product"}],"about":[{"href":"https:\/\/despensafranciscana.com\/en\/wp-json\/wp\/v2\/types\/product"}],"wp:featuredmedia":[{"embeddable":true,"href":"https:\/\/despensafranciscana.com\/en\/wp-json\/wp\/v2\/media\/1707"}],"wp:attachment":[{"href":"https:\/\/despensafranciscana.com\/en\/wp-json\/wp\/v2\/media?parent=665"}],"wp:term":[{"taxonomy":"product_brand","embeddable":true,"href":"https:\/\/despensafranciscana.com\/en\/wp-json\/wp\/v2\/product_brand?post=665"},{"taxonomy":"product_cat","embeddable":true,"href":"https:\/\/despensafranciscana.com\/en\/wp-json\/wp\/v2\/product_cat?post=665"},{"taxonomy":"product_tag","embeddable":true,"href":"https:\/\/despensafranciscana.com\/en\/wp-json\/wp\/v2\/product_tag?post=665"}],"curies":[{"name":"wp","href":"https:\/\/api.w.org\/{rel}","templated":true}]}}