{"id":16672,"date":"2024-07-23T10:33:36","date_gmt":"2024-07-23T09:33:36","guid":{"rendered":"https:\/\/despensafranciscana.com\/?post_type=product&#038;p=16672"},"modified":"2026-02-09T10:45:50","modified_gmt":"2026-02-09T10:45:50","slug":"sabonete-e-champo-artesanal-de-ginjinha","status":"publish","type":"product","link":"https:\/\/despensafranciscana.com\/en\/loja\/sabonete-e-champo-artesanal-de-ginjinha\/","title":{"rendered":"Sabonete e Champ\u00f4 Artesanal de Ginjinha"},"content":{"rendered":"","protected":false},"excerpt":{"rendered":"<p>Made with natural products, this moisturising and antiseptic soap is composed of olive oil, coconut oil, canola oil, sweet almond oil, Franciscan sour cherry, red wine, lye and tea tree essential oil.<\/p>\n<p>This fusion of ingredients nourishes and revitalises the skin. Its unique formula combines emollient and antioxidant properties to soften the skin. It also offers a very pleasant fragrance. \ud83e\udee7<\/p>\n<p>O champ\u00f4 artesanal de ginjinha Franciscana est\u00e1 indicado para todos os tipos de cabelo e lavagens frequentes. \u00c0 base de azeite, \u00f3leo de coco, manteiga de cacau e karit\u00e9, cera de abelha, ginjinha Franciscana, vinho, mel e \u00f3leos essenciais, este novo produto deixa o cabelo hidratado e com brilho.<\/p>\n<p>Let yourself be enveloped by these aromas and this feeling of purity!<\/p>","protected":false},"featured_media":17830,"template":"","meta":[],"product_brand":[],"product_cat":[74,142],"product_tag":[],"class_list":{"0":"post-16672","1":"product","2":"type-product","3":"status-publish","4":"has-post-thumbnail","6":"product_cat-ginjinha","7":"product_cat-cosmetica-e-bem-estar","9":"first","10":"instock","11":"taxable","12":"shipping-taxable","13":"purchasable","14":"product-type-variable"},"yoast_head":"<!-- This site is optimized with the Yoast SEO plugin v27.2 - https:\/\/yoast.com\/product\/yoast-seo-wordpress\/ -->\n<title>Sabonete e Champ\u00f4 Artesanal de Ginjinha - Despensa Franciscana<\/title>\n<meta name=\"robots\" content=\"index, follow, max-snippet:-1, max-image-preview:large, max-video-preview:-1\" \/>\n<link rel=\"canonical\" href=\"https:\/\/despensafranciscana.com\/en\/loja\/sabonete-e-champo-artesanal-de-ginjinha\/\" \/>\n<meta property=\"og:locale\" content=\"en_GB\" \/>\n<meta property=\"og:type\" content=\"article\" \/>\n<meta property=\"og:title\" content=\"Sabonete e Champ\u00f4 Artesanal de Ginjinha - Despensa Franciscana\" \/>\n<meta property=\"og:description\" content=\"Feito com produtos naturais, este sabonete hidratante e antiss\u00e9ptico \u00e9 composto por azeite, \u00f3leo de coco, \u00f3leo de canola, \u00f3leo de am\u00eandoas doces, ginjinha Franciscana, vinho tinto, lye e \u00f3leo essencial de tea tree.  Esta fus\u00e3o de ingredientes nutre e revitaliza a pele. A sua f\u00f3rmula \u00fanica combina propriedades emolientes e antioxidantes, proporcionando suavidade da pele. Al\u00e9m disso, oferece uma fragr\u00e2ncia muito agrad\u00e1vel. \ud83e\udee7  O champ\u00f4 artesanal de ginjinha Franciscana est\u00e1 indicado para todos os tipos de cabelo e lavagens frequentes. \u00c0 base de azeite, \u00f3leo de coco, manteiga de cacau e karit\u00e9, cera de abelha, ginjinha Franciscana, vinho, mel e \u00f3leos essenciais, este novo produto deixa o cabelo hidratado e com brilho.  Deixe-se envolver por estes aromas e esta sensa\u00e7\u00e3o de pureza!\" \/>\n<meta property=\"og:url\" content=\"https:\/\/despensafranciscana.com\/en\/loja\/sabonete-e-champo-artesanal-de-ginjinha\/\" \/>\n<meta property=\"og:site_name\" content=\"Despensa Franciscana\" \/>\n<meta property=\"article:publisher\" content=\"https:\/\/www.facebook.com\/despensafranciscana\/\" \/>\n<meta property=\"article:modified_time\" content=\"2026-02-09T10:45:50+00:00\" \/>\n<meta property=\"og:image\" content=\"https:\/\/despensafranciscana.com\/wp-content\/uploads\/2024\/07\/Sabonete.jpg\" \/>\n\t<meta property=\"og:image:width\" content=\"1024\" \/>\n\t<meta property=\"og:image:height\" content=\"1024\" \/>\n\t<meta property=\"og:image:type\" content=\"image\/jpeg\" \/>\n<meta name=\"twitter:card\" content=\"summary_large_image\" \/>\n<meta name=\"twitter:label1\" content=\"Estimated reading time\" \/>\n\t<meta name=\"twitter:data1\" content=\"1 minute\" \/>\n<script type=\"application\/ld+json\" class=\"yoast-schema-graph\">{\"@context\":\"https:\/\/schema.org\",\"@graph\":[{\"@type\":\"WebPage\",\"@id\":\"https:\/\/despensafranciscana.com\/loja\/sabonete-e-champo-artesanal-de-ginjinha\/\",\"url\":\"https:\/\/despensafranciscana.com\/loja\/sabonete-e-champo-artesanal-de-ginjinha\/\",\"name\":\"Sabonete e Champ\u00f4 Artesanal de Ginjinha - Despensa Franciscana\",\"isPartOf\":{\"@id\":\"https:\/\/despensafranciscana.com\/#website\"},\"primaryImageOfPage\":{\"@id\":\"https:\/\/despensafranciscana.com\/loja\/sabonete-e-champo-artesanal-de-ginjinha\/#primaryimage\"},\"image\":{\"@id\":\"https:\/\/despensafranciscana.com\/loja\/sabonete-e-champo-artesanal-de-ginjinha\/#primaryimage\"},\"thumbnailUrl\":\"https:\/\/despensafranciscana.com\/wp-content\/uploads\/2024\/07\/Sabonete.jpg\",\"datePublished\":\"2024-07-23T09:33:36+00:00\",\"dateModified\":\"2026-02-09T10:45:50+00:00\",\"breadcrumb\":{\"@id\":\"https:\/\/despensafranciscana.com\/loja\/sabonete-e-champo-artesanal-de-ginjinha\/#breadcrumb\"},\"inLanguage\":\"en-GB\",\"potentialAction\":[{\"@type\":\"ReadAction\",\"target\":[\"https:\/\/despensafranciscana.com\/loja\/sabonete-e-champo-artesanal-de-ginjinha\/\"]}]},{\"@type\":\"ImageObject\",\"inLanguage\":\"en-GB\",\"@id\":\"https:\/\/despensafranciscana.com\/loja\/sabonete-e-champo-artesanal-de-ginjinha\/#primaryimage\",\"url\":\"https:\/\/despensafranciscana.com\/wp-content\/uploads\/2024\/07\/Sabonete.jpg\",\"contentUrl\":\"https:\/\/despensafranciscana.com\/wp-content\/uploads\/2024\/07\/Sabonete.jpg\",\"width\":1024,\"height\":1024},{\"@type\":\"BreadcrumbList\",\"@id\":\"https:\/\/despensafranciscana.com\/loja\/sabonete-e-champo-artesanal-de-ginjinha\/#breadcrumb\",\"itemListElement\":[{\"@type\":\"ListItem\",\"position\":1,\"name\":\"In\u00edcio\",\"item\":\"https:\/\/despensafranciscana.com\/\"},{\"@type\":\"ListItem\",\"position\":2,\"name\":\"Loja\",\"item\":\"https:\/\/despensafranciscana.com\/loja\/\"},{\"@type\":\"ListItem\",\"position\":3,\"name\":\"Sabonete e Champ\u00f4 Artesanal de Ginjinha\"}]},{\"@type\":\"WebSite\",\"@id\":\"https:\/\/despensafranciscana.com\/#website\",\"url\":\"https:\/\/despensafranciscana.com\/\",\"name\":\"Despensa Franciscana\",\"description\":\"Despensa Franciscana\",\"publisher\":{\"@id\":\"https:\/\/despensafranciscana.com\/#organization\"},\"potentialAction\":[{\"@type\":\"SearchAction\",\"target\":{\"@type\":\"EntryPoint\",\"urlTemplate\":\"https:\/\/despensafranciscana.com\/?s={search_term_string}\"},\"query-input\":{\"@type\":\"PropertyValueSpecification\",\"valueRequired\":true,\"valueName\":\"search_term_string\"}}],\"inLanguage\":\"en-GB\"},{\"@type\":\"Organization\",\"@id\":\"https:\/\/despensafranciscana.com\/#organization\",\"name\":\"Despensa Franciscana\",\"url\":\"https:\/\/despensafranciscana.com\/\",\"logo\":{\"@type\":\"ImageObject\",\"inLanguage\":\"en-GB\",\"@id\":\"https:\/\/despensafranciscana.com\/#\/schema\/logo\/image\/\",\"url\":\"https:\/\/despensafranciscana.com\/wp-content\/uploads\/2025\/02\/despensa-franciscana-revamp-logos-8.png\",\"contentUrl\":\"https:\/\/despensafranciscana.com\/wp-content\/uploads\/2025\/02\/despensa-franciscana-revamp-logos-8.png\",\"width\":1920,\"height\":628,\"caption\":\"Despensa Franciscana\"},\"image\":{\"@id\":\"https:\/\/despensafranciscana.com\/#\/schema\/logo\/image\/\"},\"sameAs\":[\"https:\/\/www.facebook.com\/despensafranciscana\/\",\"https:\/\/www.instagram.com\/despensafranciscana\/\"]}]}<\/script>\n<!-- \/ Yoast SEO plugin. -->","yoast_head_json":{"title":"Sabonete e Champ\u00f4 Artesanal de Ginjinha - Despensa Franciscana","robots":{"index":"index","follow":"follow","max-snippet":"max-snippet:-1","max-image-preview":"max-image-preview:large","max-video-preview":"max-video-preview:-1"},"canonical":"https:\/\/despensafranciscana.com\/en\/loja\/sabonete-e-champo-artesanal-de-ginjinha\/","og_locale":"en_GB","og_type":"article","og_title":"Sabonete e Champ\u00f4 Artesanal de Ginjinha - Despensa Franciscana","og_description":"Feito com produtos naturais, este sabonete hidratante e antiss\u00e9ptico \u00e9 composto por azeite, \u00f3leo de coco, \u00f3leo de canola, \u00f3leo de am\u00eandoas doces, ginjinha Franciscana, vinho tinto, lye e \u00f3leo essencial de tea tree.  Esta fus\u00e3o de ingredientes nutre e revitaliza a pele. A sua f\u00f3rmula \u00fanica combina propriedades emolientes e antioxidantes, proporcionando suavidade da pele. Al\u00e9m disso, oferece uma fragr\u00e2ncia muito agrad\u00e1vel. \ud83e\udee7  O champ\u00f4 artesanal de ginjinha Franciscana est\u00e1 indicado para todos os tipos de cabelo e lavagens frequentes. \u00c0 base de azeite, \u00f3leo de coco, manteiga de cacau e karit\u00e9, cera de abelha, ginjinha Franciscana, vinho, mel e \u00f3leos essenciais, este novo produto deixa o cabelo hidratado e com brilho.  Deixe-se envolver por estes aromas e esta sensa\u00e7\u00e3o de pureza!","og_url":"https:\/\/despensafranciscana.com\/en\/loja\/sabonete-e-champo-artesanal-de-ginjinha\/","og_site_name":"Despensa Franciscana","article_publisher":"https:\/\/www.facebook.com\/despensafranciscana\/","article_modified_time":"2026-02-09T10:45:50+00:00","og_image":[{"width":1024,"height":1024,"url":"https:\/\/despensafranciscana.com\/wp-content\/uploads\/2024\/07\/Sabonete.jpg","type":"image\/jpeg"}],"twitter_card":"summary_large_image","twitter_misc":{"Estimated reading time":"1 minute"},"schema":{"@context":"https:\/\/schema.org","@graph":[{"@type":"WebPage","@id":"https:\/\/despensafranciscana.com\/loja\/sabonete-e-champo-artesanal-de-ginjinha\/","url":"https:\/\/despensafranciscana.com\/loja\/sabonete-e-champo-artesanal-de-ginjinha\/","name":"Sabonete e Champ\u00f4 Artesanal de Ginjinha - Despensa Franciscana","isPartOf":{"@id":"https:\/\/despensafranciscana.com\/#website"},"primaryImageOfPage":{"@id":"https:\/\/despensafranciscana.com\/loja\/sabonete-e-champo-artesanal-de-ginjinha\/#primaryimage"},"image":{"@id":"https:\/\/despensafranciscana.com\/loja\/sabonete-e-champo-artesanal-de-ginjinha\/#primaryimage"},"thumbnailUrl":"https:\/\/despensafranciscana.com\/wp-content\/uploads\/2024\/07\/Sabonete.jpg","datePublished":"2024-07-23T09:33:36+00:00","dateModified":"2026-02-09T10:45:50+00:00","breadcrumb":{"@id":"https:\/\/despensafranciscana.com\/loja\/sabonete-e-champo-artesanal-de-ginjinha\/#breadcrumb"},"inLanguage":"en-GB","potentialAction":[{"@type":"ReadAction","target":["https:\/\/despensafranciscana.com\/loja\/sabonete-e-champo-artesanal-de-ginjinha\/"]}]},{"@type":"ImageObject","inLanguage":"en-GB","@id":"https:\/\/despensafranciscana.com\/loja\/sabonete-e-champo-artesanal-de-ginjinha\/#primaryimage","url":"https:\/\/despensafranciscana.com\/wp-content\/uploads\/2024\/07\/Sabonete.jpg","contentUrl":"https:\/\/despensafranciscana.com\/wp-content\/uploads\/2024\/07\/Sabonete.jpg","width":1024,"height":1024},{"@type":"BreadcrumbList","@id":"https:\/\/despensafranciscana.com\/loja\/sabonete-e-champo-artesanal-de-ginjinha\/#breadcrumb","itemListElement":[{"@type":"ListItem","position":1,"name":"In\u00edcio","item":"https:\/\/despensafranciscana.com\/"},{"@type":"ListItem","position":2,"name":"Loja","item":"https:\/\/despensafranciscana.com\/loja\/"},{"@type":"ListItem","position":3,"name":"Sabonete e Champ\u00f4 Artesanal de Ginjinha"}]},{"@type":"WebSite","@id":"https:\/\/despensafranciscana.com\/#website","url":"https:\/\/despensafranciscana.com\/","name":"Franciscan pantry","description":"Franciscan pantry","publisher":{"@id":"https:\/\/despensafranciscana.com\/#organization"},"potentialAction":[{"@type":"SearchAction","target":{"@type":"EntryPoint","urlTemplate":"https:\/\/despensafranciscana.com\/?s={search_term_string}"},"query-input":{"@type":"PropertyValueSpecification","valueRequired":true,"valueName":"search_term_string"}}],"inLanguage":"en-GB"},{"@type":"Organization","@id":"https:\/\/despensafranciscana.com\/#organization","name":"Franciscan pantry","url":"https:\/\/despensafranciscana.com\/","logo":{"@type":"ImageObject","inLanguage":"en-GB","@id":"https:\/\/despensafranciscana.com\/#\/schema\/logo\/image\/","url":"https:\/\/despensafranciscana.com\/wp-content\/uploads\/2025\/02\/despensa-franciscana-revamp-logos-8.png","contentUrl":"https:\/\/despensafranciscana.com\/wp-content\/uploads\/2025\/02\/despensa-franciscana-revamp-logos-8.png","width":1920,"height":628,"caption":"Despensa Franciscana"},"image":{"@id":"https:\/\/despensafranciscana.com\/#\/schema\/logo\/image\/"},"sameAs":["https:\/\/www.facebook.com\/despensafranciscana\/","https:\/\/www.instagram.com\/despensafranciscana\/"]}]}},"_links":{"self":[{"href":"https:\/\/despensafranciscana.com\/en\/wp-json\/wp\/v2\/product\/16672","targetHints":{"allow":["GET"]}}],"collection":[{"href":"https:\/\/despensafranciscana.com\/en\/wp-json\/wp\/v2\/product"}],"about":[{"href":"https:\/\/despensafranciscana.com\/en\/wp-json\/wp\/v2\/types\/product"}],"wp:featuredmedia":[{"embeddable":true,"href":"https:\/\/despensafranciscana.com\/en\/wp-json\/wp\/v2\/media\/17830"}],"wp:attachment":[{"href":"https:\/\/despensafranciscana.com\/en\/wp-json\/wp\/v2\/media?parent=16672"}],"wp:term":[{"taxonomy":"product_brand","embeddable":true,"href":"https:\/\/despensafranciscana.com\/en\/wp-json\/wp\/v2\/product_brand?post=16672"},{"taxonomy":"product_cat","embeddable":true,"href":"https:\/\/despensafranciscana.com\/en\/wp-json\/wp\/v2\/product_cat?post=16672"},{"taxonomy":"product_tag","embeddable":true,"href":"https:\/\/despensafranciscana.com\/en\/wp-json\/wp\/v2\/product_tag?post=16672"}],"curies":[{"name":"wp","href":"https:\/\/api.w.org\/{rel}","templated":true}]}}