{"id":16215,"date":"2024-01-29T11:30:39","date_gmt":"2024-01-29T11:30:39","guid":{"rendered":"https:\/\/despensafranciscana.com\/?post_type=product&#038;p=16215"},"modified":"2026-02-02T09:53:55","modified_gmt":"2026-02-02T09:53:55","slug":"almofadas-terapeuticas-com-carocos-de-ginja","status":"publish","type":"product","link":"https:\/\/despensafranciscana.com\/en\/loja\/almofadas-terapeuticas-com-carocos-de-ginja\/","title":{"rendered":"Therapeutic cushions with sour cherry pits"},"content":{"rendered":"","protected":false},"excerpt":{"rendered":"<p>Thermal cushions handmade by APPACDM - the Portuguese Association of Parents and Friends of Mentally Handicapped Citizens of \u00c9vora. A partnership established with the Franciscan Pantry to make use of sour cherry pits. A beautiful and elegant cushion with a pouch, made from scraps of 100% cotton fabric, alluding to the Alentejo talegos, with sour cherry pits and lavender flowers with therapeutic properties. Simply heat the cushion in the microwave at 600W for 2 minutes, put the cushion back in the bag and use on the painful areas. This pillow relieves abdominal, muscular and menstrual pain.<\/p>","protected":false},"featured_media":16217,"template":"","meta":[],"product_brand":[],"product_cat":[152],"product_tag":[],"class_list":{"0":"post-16215","1":"product","2":"type-product","3":"status-publish","4":"has-post-thumbnail","6":"product_cat-artes-de-ca","8":"first","9":"outofstock","10":"taxable","11":"shipping-taxable","12":"purchasable","13":"product-type-simple"},"yoast_head":"<!-- This site is optimized with the Yoast SEO plugin v27.2 - https:\/\/yoast.com\/product\/yoast-seo-wordpress\/ -->\n<title>Almofadas Terap\u00eauticas com Caro\u00e7os\u00a0de\u00a0Ginja - Despensa Franciscana<\/title>\n<meta name=\"robots\" content=\"index, follow, max-snippet:-1, max-image-preview:large, max-video-preview:-1\" \/>\n<link rel=\"canonical\" href=\"https:\/\/despensafranciscana.com\/en\/loja\/almofadas-terapeuticas-com-carocos-de-ginja\/\" \/>\n<meta property=\"og:locale\" content=\"en_GB\" \/>\n<meta property=\"og:type\" content=\"article\" \/>\n<meta property=\"og:title\" content=\"Almofadas Terap\u00eauticas com Caro\u00e7os\u00a0de\u00a0Ginja - Despensa Franciscana\" \/>\n<meta property=\"og:description\" content=\"Almofadas t\u00e9rmicas feitas artesanalmente pela APPACDM - Associa\u00e7\u00e3o Portuguesa de Pais e Amigos do Cidad\u00e3o Deficiente Mental de \u00c9vora. Uma parceria estabelecida com a Despensa Franciscana para aproveitamento dos caro\u00e7os das ginjas. Uma bonita e elegante almofada com bolsa, feita com retalhos de tecido 100% algod\u00e3o, alusivos aos talegos alentejanos, com caro\u00e7os de ginja e flores de alfazema com propriedades terap\u00eauticas. Basta aquecer a almofada no micro-ondas a 600W durante 2 minutos, voltar a colocar a almofada na bolsa e usar nas zonas com dor. Esta almofada alivia dores abdominais, musculares e menstruais.\" \/>\n<meta property=\"og:url\" content=\"https:\/\/despensafranciscana.com\/en\/loja\/almofadas-terapeuticas-com-carocos-de-ginja\/\" \/>\n<meta property=\"og:site_name\" content=\"Despensa Franciscana\" \/>\n<meta property=\"article:publisher\" content=\"https:\/\/www.facebook.com\/despensafranciscana\/\" \/>\n<meta property=\"article:modified_time\" content=\"2026-02-02T09:53:55+00:00\" \/>\n<meta property=\"og:image\" content=\"https:\/\/despensafranciscana.com\/wp-content\/uploads\/2024\/01\/Saco-2.jpg\" \/>\n\t<meta property=\"og:image:width\" content=\"1920\" \/>\n\t<meta property=\"og:image:height\" content=\"1280\" \/>\n\t<meta property=\"og:image:type\" content=\"image\/jpeg\" \/>\n<meta name=\"twitter:card\" content=\"summary_large_image\" \/>\n<script type=\"application\/ld+json\" class=\"yoast-schema-graph\">{\"@context\":\"https:\/\/schema.org\",\"@graph\":[{\"@type\":\"WebPage\",\"@id\":\"https:\/\/despensafranciscana.com\/de\/loja\/almofadas-terapeuticas-com-carocos-de-ginja\/\",\"url\":\"https:\/\/despensafranciscana.com\/de\/loja\/almofadas-terapeuticas-com-carocos-de-ginja\/\",\"name\":\"Almofadas Terap\u00eauticas com Caro\u00e7os\u00a0de\u00a0Ginja - Despensa Franciscana\",\"isPartOf\":{\"@id\":\"https:\/\/despensafranciscana.com\/#website\"},\"primaryImageOfPage\":{\"@id\":\"https:\/\/despensafranciscana.com\/de\/loja\/almofadas-terapeuticas-com-carocos-de-ginja\/#primaryimage\"},\"image\":{\"@id\":\"https:\/\/despensafranciscana.com\/de\/loja\/almofadas-terapeuticas-com-carocos-de-ginja\/#primaryimage\"},\"thumbnailUrl\":\"https:\/\/despensafranciscana.com\/wp-content\/uploads\/2024\/01\/Saco-2.jpg\",\"datePublished\":\"2024-01-29T11:30:39+00:00\",\"dateModified\":\"2026-02-02T09:53:55+00:00\",\"breadcrumb\":{\"@id\":\"https:\/\/despensafranciscana.com\/de\/loja\/almofadas-terapeuticas-com-carocos-de-ginja\/#breadcrumb\"},\"inLanguage\":\"en-GB\",\"potentialAction\":[{\"@type\":\"ReadAction\",\"target\":[\"https:\/\/despensafranciscana.com\/de\/loja\/almofadas-terapeuticas-com-carocos-de-ginja\/\"]}]},{\"@type\":\"ImageObject\",\"inLanguage\":\"en-GB\",\"@id\":\"https:\/\/despensafranciscana.com\/de\/loja\/almofadas-terapeuticas-com-carocos-de-ginja\/#primaryimage\",\"url\":\"https:\/\/despensafranciscana.com\/wp-content\/uploads\/2024\/01\/Saco-2.jpg\",\"contentUrl\":\"https:\/\/despensafranciscana.com\/wp-content\/uploads\/2024\/01\/Saco-2.jpg\",\"width\":1920,\"height\":1280},{\"@type\":\"BreadcrumbList\",\"@id\":\"https:\/\/despensafranciscana.com\/de\/loja\/almofadas-terapeuticas-com-carocos-de-ginja\/#breadcrumb\",\"itemListElement\":[{\"@type\":\"ListItem\",\"position\":1,\"name\":\"In\u00edcio\",\"item\":\"https:\/\/despensafranciscana.com\/\"},{\"@type\":\"ListItem\",\"position\":2,\"name\":\"Loja\",\"item\":\"https:\/\/despensafranciscana.com\/loja\/\"},{\"@type\":\"ListItem\",\"position\":3,\"name\":\"Almofadas Terap\u00eauticas com Caro\u00e7os\u00a0de\u00a0Ginja\"}]},{\"@type\":\"WebSite\",\"@id\":\"https:\/\/despensafranciscana.com\/#website\",\"url\":\"https:\/\/despensafranciscana.com\/\",\"name\":\"Despensa Franciscana\",\"description\":\"Despensa Franciscana\",\"publisher\":{\"@id\":\"https:\/\/despensafranciscana.com\/#organization\"},\"potentialAction\":[{\"@type\":\"SearchAction\",\"target\":{\"@type\":\"EntryPoint\",\"urlTemplate\":\"https:\/\/despensafranciscana.com\/?s={search_term_string}\"},\"query-input\":{\"@type\":\"PropertyValueSpecification\",\"valueRequired\":true,\"valueName\":\"search_term_string\"}}],\"inLanguage\":\"en-GB\"},{\"@type\":\"Organization\",\"@id\":\"https:\/\/despensafranciscana.com\/#organization\",\"name\":\"Despensa Franciscana\",\"url\":\"https:\/\/despensafranciscana.com\/\",\"logo\":{\"@type\":\"ImageObject\",\"inLanguage\":\"en-GB\",\"@id\":\"https:\/\/despensafranciscana.com\/#\/schema\/logo\/image\/\",\"url\":\"https:\/\/despensafranciscana.com\/wp-content\/uploads\/2025\/02\/despensa-franciscana-revamp-logos-8.png\",\"contentUrl\":\"https:\/\/despensafranciscana.com\/wp-content\/uploads\/2025\/02\/despensa-franciscana-revamp-logos-8.png\",\"width\":1920,\"height\":628,\"caption\":\"Despensa Franciscana\"},\"image\":{\"@id\":\"https:\/\/despensafranciscana.com\/#\/schema\/logo\/image\/\"},\"sameAs\":[\"https:\/\/www.facebook.com\/despensafranciscana\/\",\"https:\/\/www.instagram.com\/despensafranciscana\/\"]}]}<\/script>\n<!-- \/ Yoast SEO plugin. -->","yoast_head_json":{"title":"Almofadas Terap\u00eauticas com Caro\u00e7os\u00a0de\u00a0Ginja - Despensa Franciscana","robots":{"index":"index","follow":"follow","max-snippet":"max-snippet:-1","max-image-preview":"max-image-preview:large","max-video-preview":"max-video-preview:-1"},"canonical":"https:\/\/despensafranciscana.com\/en\/loja\/almofadas-terapeuticas-com-carocos-de-ginja\/","og_locale":"en_GB","og_type":"article","og_title":"Almofadas Terap\u00eauticas com Caro\u00e7os\u00a0de\u00a0Ginja - Despensa Franciscana","og_description":"Almofadas t\u00e9rmicas feitas artesanalmente pela APPACDM - Associa\u00e7\u00e3o Portuguesa de Pais e Amigos do Cidad\u00e3o Deficiente Mental de \u00c9vora. Uma parceria estabelecida com a Despensa Franciscana para aproveitamento dos caro\u00e7os das ginjas. Uma bonita e elegante almofada com bolsa, feita com retalhos de tecido 100% algod\u00e3o, alusivos aos talegos alentejanos, com caro\u00e7os de ginja e flores de alfazema com propriedades terap\u00eauticas. Basta aquecer a almofada no micro-ondas a 600W durante 2 minutos, voltar a colocar a almofada na bolsa e usar nas zonas com dor. Esta almofada alivia dores abdominais, musculares e menstruais.","og_url":"https:\/\/despensafranciscana.com\/en\/loja\/almofadas-terapeuticas-com-carocos-de-ginja\/","og_site_name":"Despensa Franciscana","article_publisher":"https:\/\/www.facebook.com\/despensafranciscana\/","article_modified_time":"2026-02-02T09:53:55+00:00","og_image":[{"width":1920,"height":1280,"url":"https:\/\/despensafranciscana.com\/wp-content\/uploads\/2024\/01\/Saco-2.jpg","type":"image\/jpeg"}],"twitter_card":"summary_large_image","schema":{"@context":"https:\/\/schema.org","@graph":[{"@type":"WebPage","@id":"https:\/\/despensafranciscana.com\/de\/loja\/almofadas-terapeuticas-com-carocos-de-ginja\/","url":"https:\/\/despensafranciscana.com\/de\/loja\/almofadas-terapeuticas-com-carocos-de-ginja\/","name":"Almofadas Terap\u00eauticas com Caro\u00e7os\u00a0de\u00a0Ginja - Despensa Franciscana","isPartOf":{"@id":"https:\/\/despensafranciscana.com\/#website"},"primaryImageOfPage":{"@id":"https:\/\/despensafranciscana.com\/de\/loja\/almofadas-terapeuticas-com-carocos-de-ginja\/#primaryimage"},"image":{"@id":"https:\/\/despensafranciscana.com\/de\/loja\/almofadas-terapeuticas-com-carocos-de-ginja\/#primaryimage"},"thumbnailUrl":"https:\/\/despensafranciscana.com\/wp-content\/uploads\/2024\/01\/Saco-2.jpg","datePublished":"2024-01-29T11:30:39+00:00","dateModified":"2026-02-02T09:53:55+00:00","breadcrumb":{"@id":"https:\/\/despensafranciscana.com\/de\/loja\/almofadas-terapeuticas-com-carocos-de-ginja\/#breadcrumb"},"inLanguage":"en-GB","potentialAction":[{"@type":"ReadAction","target":["https:\/\/despensafranciscana.com\/de\/loja\/almofadas-terapeuticas-com-carocos-de-ginja\/"]}]},{"@type":"ImageObject","inLanguage":"en-GB","@id":"https:\/\/despensafranciscana.com\/de\/loja\/almofadas-terapeuticas-com-carocos-de-ginja\/#primaryimage","url":"https:\/\/despensafranciscana.com\/wp-content\/uploads\/2024\/01\/Saco-2.jpg","contentUrl":"https:\/\/despensafranciscana.com\/wp-content\/uploads\/2024\/01\/Saco-2.jpg","width":1920,"height":1280},{"@type":"BreadcrumbList","@id":"https:\/\/despensafranciscana.com\/de\/loja\/almofadas-terapeuticas-com-carocos-de-ginja\/#breadcrumb","itemListElement":[{"@type":"ListItem","position":1,"name":"In\u00edcio","item":"https:\/\/despensafranciscana.com\/"},{"@type":"ListItem","position":2,"name":"Loja","item":"https:\/\/despensafranciscana.com\/loja\/"},{"@type":"ListItem","position":3,"name":"Almofadas Terap\u00eauticas com Caro\u00e7os\u00a0de\u00a0Ginja"}]},{"@type":"WebSite","@id":"https:\/\/despensafranciscana.com\/#website","url":"https:\/\/despensafranciscana.com\/","name":"Franciscan pantry","description":"Franciscan pantry","publisher":{"@id":"https:\/\/despensafranciscana.com\/#organization"},"potentialAction":[{"@type":"SearchAction","target":{"@type":"EntryPoint","urlTemplate":"https:\/\/despensafranciscana.com\/?s={search_term_string}"},"query-input":{"@type":"PropertyValueSpecification","valueRequired":true,"valueName":"search_term_string"}}],"inLanguage":"en-GB"},{"@type":"Organization","@id":"https:\/\/despensafranciscana.com\/#organization","name":"Franciscan pantry","url":"https:\/\/despensafranciscana.com\/","logo":{"@type":"ImageObject","inLanguage":"en-GB","@id":"https:\/\/despensafranciscana.com\/#\/schema\/logo\/image\/","url":"https:\/\/despensafranciscana.com\/wp-content\/uploads\/2025\/02\/despensa-franciscana-revamp-logos-8.png","contentUrl":"https:\/\/despensafranciscana.com\/wp-content\/uploads\/2025\/02\/despensa-franciscana-revamp-logos-8.png","width":1920,"height":628,"caption":"Despensa Franciscana"},"image":{"@id":"https:\/\/despensafranciscana.com\/#\/schema\/logo\/image\/"},"sameAs":["https:\/\/www.facebook.com\/despensafranciscana\/","https:\/\/www.instagram.com\/despensafranciscana\/"]}]}},"_links":{"self":[{"href":"https:\/\/despensafranciscana.com\/en\/wp-json\/wp\/v2\/product\/16215","targetHints":{"allow":["GET"]}}],"collection":[{"href":"https:\/\/despensafranciscana.com\/en\/wp-json\/wp\/v2\/product"}],"about":[{"href":"https:\/\/despensafranciscana.com\/en\/wp-json\/wp\/v2\/types\/product"}],"wp:featuredmedia":[{"embeddable":true,"href":"https:\/\/despensafranciscana.com\/en\/wp-json\/wp\/v2\/media\/16217"}],"wp:attachment":[{"href":"https:\/\/despensafranciscana.com\/en\/wp-json\/wp\/v2\/media?parent=16215"}],"wp:term":[{"taxonomy":"product_brand","embeddable":true,"href":"https:\/\/despensafranciscana.com\/en\/wp-json\/wp\/v2\/product_brand?post=16215"},{"taxonomy":"product_cat","embeddable":true,"href":"https:\/\/despensafranciscana.com\/en\/wp-json\/wp\/v2\/product_cat?post=16215"},{"taxonomy":"product_tag","embeddable":true,"href":"https:\/\/despensafranciscana.com\/en\/wp-json\/wp\/v2\/product_tag?post=16215"}],"curies":[{"name":"wp","href":"https:\/\/api.w.org\/{rel}","templated":true}]}}