{"id":15666,"date":"2023-04-28T11:50:17","date_gmt":"2023-04-28T10:50:17","guid":{"rendered":"https:\/\/despensafranciscana.com\/?post_type=product&#038;p=15666"},"modified":"2025-03-07T16:10:47","modified_gmt":"2025-03-07T16:10:47","slug":"cerveja-artesanal-i-p-a-india-pale-ale","status":"publish","type":"product","link":"https:\/\/despensafranciscana.com\/en\/loja\/cerveja-artesanal-i-p-a-india-pale-ale\/","title":{"rendered":"Cerveja Artesanal I.P.A. &#8211; India Pale Ale"},"content":{"rendered":"<p>The sale and consumption of alcoholic beverages to minors (18 years old) is forbidden, according to Article 3, No. 1 of Decree-Law 106\/2015 of 16 June.<\/p>","protected":false},"excerpt":{"rendered":"<p>Casa do Penedo Brewery - IPA \u00cdNDIA PALE ALE 6,7 %, was created based on the traditional English Pale Ale, during the period of England's colonisation of India in the 17th century and to supply the soldiers, more hops were added in order to increase the beer's shelf life, thus enabling it to last the entire journey to India.<br \/>\nIt has a similar balance to English IPAs, but with American hops that give it a more floral and citrus flavour.<\/p>","protected":false},"featured_media":15667,"template":"","meta":[],"product_brand":[],"product_cat":[39],"product_tag":[],"class_list":{"0":"post-15666","1":"product","2":"type-product","3":"status-publish","4":"has-post-thumbnail","6":"product_cat-bebidas","8":"first","9":"instock","10":"taxable","11":"shipping-taxable","12":"purchasable","13":"product-type-simple"},"yoast_head":"<!-- This site is optimized with the Yoast SEO plugin v27.2 - https:\/\/yoast.com\/product\/yoast-seo-wordpress\/ -->\n<title>Cerveja Artesanal I.P.A. - India Pale Ale - Despensa Franciscana<\/title>\n<meta name=\"robots\" content=\"index, follow, max-snippet:-1, max-image-preview:large, max-video-preview:-1\" \/>\n<link rel=\"canonical\" href=\"https:\/\/despensafranciscana.com\/en\/loja\/cerveja-artesanal-i-p-a-india-pale-ale\/\" \/>\n<meta property=\"og:locale\" content=\"en_GB\" \/>\n<meta property=\"og:type\" content=\"article\" \/>\n<meta property=\"og:title\" content=\"Cerveja Artesanal I.P.A. - India Pale Ale - Despensa Franciscana\" \/>\n<meta property=\"og:description\" content=\"Casa do Penedo Brewery - IPA \u00cdNDIA PALE ALE 6,7 %, foi criada com base na tradicional Pale Ale Inglesa, durante o per\u00edodo da coloniza\u00e7\u00e3o da India por parte da Inglaterra no s\u00e9culo XVII e para abastecer os soldados, foi adicionado mais l\u00fapulo com o objetivo de aumentar a validade da cerveja, permitindo, assim, aguentar toda a jornada at\u00e9 \u00e0 India. Apresenta equil\u00edbrio semelhante ao das English IPAs, mas com l\u00fapulos americanos que lhe d\u00e3o um sabor mais florar e c\u00edtrico.\" \/>\n<meta property=\"og:url\" content=\"https:\/\/despensafranciscana.com\/en\/loja\/cerveja-artesanal-i-p-a-india-pale-ale\/\" \/>\n<meta property=\"og:site_name\" content=\"Despensa Franciscana\" \/>\n<meta property=\"article:publisher\" content=\"https:\/\/www.facebook.com\/despensafranciscana\/\" \/>\n<meta property=\"article:modified_time\" content=\"2025-03-07T16:10:47+00:00\" \/>\n<meta property=\"og:image\" content=\"https:\/\/despensafranciscana.com\/wp-content\/uploads\/2023\/04\/IPA.jpg\" \/>\n\t<meta property=\"og:image:width\" content=\"1000\" \/>\n\t<meta property=\"og:image:height\" content=\"1000\" \/>\n\t<meta property=\"og:image:type\" content=\"image\/jpeg\" \/>\n<meta name=\"twitter:card\" content=\"summary_large_image\" \/>\n<script type=\"application\/ld+json\" class=\"yoast-schema-graph\">{\"@context\":\"https:\/\/schema.org\",\"@graph\":[{\"@type\":\"WebPage\",\"@id\":\"https:\/\/despensafranciscana.com\/loja\/cerveja-artesanal-i-p-a-india-pale-ale\/\",\"url\":\"https:\/\/despensafranciscana.com\/loja\/cerveja-artesanal-i-p-a-india-pale-ale\/\",\"name\":\"Cerveja Artesanal I.P.A. - India Pale Ale - Despensa Franciscana\",\"isPartOf\":{\"@id\":\"https:\/\/despensafranciscana.com\/#website\"},\"primaryImageOfPage\":{\"@id\":\"https:\/\/despensafranciscana.com\/loja\/cerveja-artesanal-i-p-a-india-pale-ale\/#primaryimage\"},\"image\":{\"@id\":\"https:\/\/despensafranciscana.com\/loja\/cerveja-artesanal-i-p-a-india-pale-ale\/#primaryimage\"},\"thumbnailUrl\":\"https:\/\/despensafranciscana.com\/wp-content\/uploads\/2023\/04\/IPA.jpg\",\"datePublished\":\"2023-04-28T10:50:17+00:00\",\"dateModified\":\"2025-03-07T16:10:47+00:00\",\"breadcrumb\":{\"@id\":\"https:\/\/despensafranciscana.com\/loja\/cerveja-artesanal-i-p-a-india-pale-ale\/#breadcrumb\"},\"inLanguage\":\"en-GB\",\"potentialAction\":[{\"@type\":\"ReadAction\",\"target\":[\"https:\/\/despensafranciscana.com\/loja\/cerveja-artesanal-i-p-a-india-pale-ale\/\"]}]},{\"@type\":\"ImageObject\",\"inLanguage\":\"en-GB\",\"@id\":\"https:\/\/despensafranciscana.com\/loja\/cerveja-artesanal-i-p-a-india-pale-ale\/#primaryimage\",\"url\":\"https:\/\/despensafranciscana.com\/wp-content\/uploads\/2023\/04\/IPA.jpg\",\"contentUrl\":\"https:\/\/despensafranciscana.com\/wp-content\/uploads\/2023\/04\/IPA.jpg\",\"width\":1000,\"height\":1000},{\"@type\":\"BreadcrumbList\",\"@id\":\"https:\/\/despensafranciscana.com\/loja\/cerveja-artesanal-i-p-a-india-pale-ale\/#breadcrumb\",\"itemListElement\":[{\"@type\":\"ListItem\",\"position\":1,\"name\":\"In\u00edcio\",\"item\":\"https:\/\/despensafranciscana.com\/\"},{\"@type\":\"ListItem\",\"position\":2,\"name\":\"Loja\",\"item\":\"https:\/\/despensafranciscana.com\/loja\/\"},{\"@type\":\"ListItem\",\"position\":3,\"name\":\"Cerveja Artesanal I.P.A. &#8211; India Pale Ale\"}]},{\"@type\":\"WebSite\",\"@id\":\"https:\/\/despensafranciscana.com\/#website\",\"url\":\"https:\/\/despensafranciscana.com\/\",\"name\":\"Despensa Franciscana\",\"description\":\"Despensa Franciscana\",\"publisher\":{\"@id\":\"https:\/\/despensafranciscana.com\/#organization\"},\"potentialAction\":[{\"@type\":\"SearchAction\",\"target\":{\"@type\":\"EntryPoint\",\"urlTemplate\":\"https:\/\/despensafranciscana.com\/?s={search_term_string}\"},\"query-input\":{\"@type\":\"PropertyValueSpecification\",\"valueRequired\":true,\"valueName\":\"search_term_string\"}}],\"inLanguage\":\"en-GB\"},{\"@type\":\"Organization\",\"@id\":\"https:\/\/despensafranciscana.com\/#organization\",\"name\":\"Despensa Franciscana\",\"url\":\"https:\/\/despensafranciscana.com\/\",\"logo\":{\"@type\":\"ImageObject\",\"inLanguage\":\"en-GB\",\"@id\":\"https:\/\/despensafranciscana.com\/#\/schema\/logo\/image\/\",\"url\":\"https:\/\/despensafranciscana.com\/wp-content\/uploads\/2025\/02\/despensa-franciscana-revamp-logos-8.png\",\"contentUrl\":\"https:\/\/despensafranciscana.com\/wp-content\/uploads\/2025\/02\/despensa-franciscana-revamp-logos-8.png\",\"width\":1920,\"height\":628,\"caption\":\"Despensa Franciscana\"},\"image\":{\"@id\":\"https:\/\/despensafranciscana.com\/#\/schema\/logo\/image\/\"},\"sameAs\":[\"https:\/\/www.facebook.com\/despensafranciscana\/\",\"https:\/\/www.instagram.com\/despensafranciscana\/\"]}]}<\/script>\n<!-- \/ Yoast SEO plugin. -->","yoast_head_json":{"title":"Cerveja Artesanal I.P.A. - India Pale Ale - Despensa Franciscana","robots":{"index":"index","follow":"follow","max-snippet":"max-snippet:-1","max-image-preview":"max-image-preview:large","max-video-preview":"max-video-preview:-1"},"canonical":"https:\/\/despensafranciscana.com\/en\/loja\/cerveja-artesanal-i-p-a-india-pale-ale\/","og_locale":"en_GB","og_type":"article","og_title":"Cerveja Artesanal I.P.A. - India Pale Ale - Despensa Franciscana","og_description":"Casa do Penedo Brewery - IPA \u00cdNDIA PALE ALE 6,7 %, foi criada com base na tradicional Pale Ale Inglesa, durante o per\u00edodo da coloniza\u00e7\u00e3o da India por parte da Inglaterra no s\u00e9culo XVII e para abastecer os soldados, foi adicionado mais l\u00fapulo com o objetivo de aumentar a validade da cerveja, permitindo, assim, aguentar toda a jornada at\u00e9 \u00e0 India. Apresenta equil\u00edbrio semelhante ao das English IPAs, mas com l\u00fapulos americanos que lhe d\u00e3o um sabor mais florar e c\u00edtrico.","og_url":"https:\/\/despensafranciscana.com\/en\/loja\/cerveja-artesanal-i-p-a-india-pale-ale\/","og_site_name":"Despensa Franciscana","article_publisher":"https:\/\/www.facebook.com\/despensafranciscana\/","article_modified_time":"2025-03-07T16:10:47+00:00","og_image":[{"width":1000,"height":1000,"url":"https:\/\/despensafranciscana.com\/wp-content\/uploads\/2023\/04\/IPA.jpg","type":"image\/jpeg"}],"twitter_card":"summary_large_image","schema":{"@context":"https:\/\/schema.org","@graph":[{"@type":"WebPage","@id":"https:\/\/despensafranciscana.com\/loja\/cerveja-artesanal-i-p-a-india-pale-ale\/","url":"https:\/\/despensafranciscana.com\/loja\/cerveja-artesanal-i-p-a-india-pale-ale\/","name":"Cerveja Artesanal I.P.A. - India Pale Ale - Despensa Franciscana","isPartOf":{"@id":"https:\/\/despensafranciscana.com\/#website"},"primaryImageOfPage":{"@id":"https:\/\/despensafranciscana.com\/loja\/cerveja-artesanal-i-p-a-india-pale-ale\/#primaryimage"},"image":{"@id":"https:\/\/despensafranciscana.com\/loja\/cerveja-artesanal-i-p-a-india-pale-ale\/#primaryimage"},"thumbnailUrl":"https:\/\/despensafranciscana.com\/wp-content\/uploads\/2023\/04\/IPA.jpg","datePublished":"2023-04-28T10:50:17+00:00","dateModified":"2025-03-07T16:10:47+00:00","breadcrumb":{"@id":"https:\/\/despensafranciscana.com\/loja\/cerveja-artesanal-i-p-a-india-pale-ale\/#breadcrumb"},"inLanguage":"en-GB","potentialAction":[{"@type":"ReadAction","target":["https:\/\/despensafranciscana.com\/loja\/cerveja-artesanal-i-p-a-india-pale-ale\/"]}]},{"@type":"ImageObject","inLanguage":"en-GB","@id":"https:\/\/despensafranciscana.com\/loja\/cerveja-artesanal-i-p-a-india-pale-ale\/#primaryimage","url":"https:\/\/despensafranciscana.com\/wp-content\/uploads\/2023\/04\/IPA.jpg","contentUrl":"https:\/\/despensafranciscana.com\/wp-content\/uploads\/2023\/04\/IPA.jpg","width":1000,"height":1000},{"@type":"BreadcrumbList","@id":"https:\/\/despensafranciscana.com\/loja\/cerveja-artesanal-i-p-a-india-pale-ale\/#breadcrumb","itemListElement":[{"@type":"ListItem","position":1,"name":"In\u00edcio","item":"https:\/\/despensafranciscana.com\/"},{"@type":"ListItem","position":2,"name":"Loja","item":"https:\/\/despensafranciscana.com\/loja\/"},{"@type":"ListItem","position":3,"name":"Cerveja Artesanal I.P.A. &#8211; India Pale Ale"}]},{"@type":"WebSite","@id":"https:\/\/despensafranciscana.com\/#website","url":"https:\/\/despensafranciscana.com\/","name":"Franciscan pantry","description":"Franciscan pantry","publisher":{"@id":"https:\/\/despensafranciscana.com\/#organization"},"potentialAction":[{"@type":"SearchAction","target":{"@type":"EntryPoint","urlTemplate":"https:\/\/despensafranciscana.com\/?s={search_term_string}"},"query-input":{"@type":"PropertyValueSpecification","valueRequired":true,"valueName":"search_term_string"}}],"inLanguage":"en-GB"},{"@type":"Organization","@id":"https:\/\/despensafranciscana.com\/#organization","name":"Franciscan pantry","url":"https:\/\/despensafranciscana.com\/","logo":{"@type":"ImageObject","inLanguage":"en-GB","@id":"https:\/\/despensafranciscana.com\/#\/schema\/logo\/image\/","url":"https:\/\/despensafranciscana.com\/wp-content\/uploads\/2025\/02\/despensa-franciscana-revamp-logos-8.png","contentUrl":"https:\/\/despensafranciscana.com\/wp-content\/uploads\/2025\/02\/despensa-franciscana-revamp-logos-8.png","width":1920,"height":628,"caption":"Despensa Franciscana"},"image":{"@id":"https:\/\/despensafranciscana.com\/#\/schema\/logo\/image\/"},"sameAs":["https:\/\/www.facebook.com\/despensafranciscana\/","https:\/\/www.instagram.com\/despensafranciscana\/"]}]}},"_links":{"self":[{"href":"https:\/\/despensafranciscana.com\/en\/wp-json\/wp\/v2\/product\/15666","targetHints":{"allow":["GET"]}}],"collection":[{"href":"https:\/\/despensafranciscana.com\/en\/wp-json\/wp\/v2\/product"}],"about":[{"href":"https:\/\/despensafranciscana.com\/en\/wp-json\/wp\/v2\/types\/product"}],"wp:featuredmedia":[{"embeddable":true,"href":"https:\/\/despensafranciscana.com\/en\/wp-json\/wp\/v2\/media\/15667"}],"wp:attachment":[{"href":"https:\/\/despensafranciscana.com\/en\/wp-json\/wp\/v2\/media?parent=15666"}],"wp:term":[{"taxonomy":"product_brand","embeddable":true,"href":"https:\/\/despensafranciscana.com\/en\/wp-json\/wp\/v2\/product_brand?post=15666"},{"taxonomy":"product_cat","embeddable":true,"href":"https:\/\/despensafranciscana.com\/en\/wp-json\/wp\/v2\/product_cat?post=15666"},{"taxonomy":"product_tag","embeddable":true,"href":"https:\/\/despensafranciscana.com\/en\/wp-json\/wp\/v2\/product_tag?post=15666"}],"curies":[{"name":"wp","href":"https:\/\/api.w.org\/{rel}","templated":true}]}}