{"id":875,"date":"2021-05-29T17:14:41","date_gmt":"2021-05-29T16:14:41","guid":{"rendered":"https:\/\/despensafranciscana.com\/produto\/ameixa-delvas-em-calda-caixa-de-bambu\/"},"modified":"2025-02-28T14:38:43","modified_gmt":"2025-02-28T14:38:43","slug":"ameixa-delvas-em-calda-caixa-de-bambu","status":"publish","type":"product","link":"https:\/\/despensafranciscana.com\/de\/loja\/ameixa-delvas-em-calda-caixa-de-bambu\/","title":{"rendered":"Ameixa D&#8217;Elvas em Caixa de Bambu"},"content":{"rendered":"","protected":false},"excerpt":{"rendered":"<p>Entdecken Sie die echte Ameixa d&#039;Elvas in Calda. Nach dem Waschen und Trocknen im Kaltluftofen sind sie ein toller Snack mit frischem Fruchtgeschmack. Wir empfehlen, es in einer k\u00fchlen, trockenen Umgebung aufzubewahren, da die Einwirkung von Luft und Licht die Oberfl\u00e4che trocken und hart machen und das Produkt besch\u00e4digen kann. Diese Pflaumen werden in eleganten Bambuskisten pr\u00e4sentiert.<\/p>","protected":false},"featured_media":967,"template":"","meta":[],"product_brand":[],"product_cat":[43],"product_tag":[],"class_list":{"0":"post-875","1":"product","2":"type-product","3":"status-publish","4":"has-post-thumbnail","6":"product_cat-doces-snacks","8":"first","9":"instock","10":"taxable","11":"shipping-taxable","12":"purchasable","13":"product-type-simple"},"yoast_head":"<!-- This site is optimized with the Yoast SEO plugin v27.4 - https:\/\/yoast.com\/product\/yoast-seo-wordpress\/ -->\n<title>Ameixa D&#039;Elvas em Caixa de Bambu - Despensa Franciscana<\/title>\n<meta name=\"robots\" content=\"index, follow, max-snippet:-1, max-image-preview:large, max-video-preview:-1\" \/>\n<link rel=\"canonical\" href=\"https:\/\/despensafranciscana.com\/de\/loja\/ameixa-delvas-em-calda-caixa-de-bambu\/\" \/>\n<meta property=\"og:locale\" content=\"de_DE\" \/>\n<meta property=\"og:type\" content=\"article\" \/>\n<meta property=\"og:title\" content=\"Ameixa D&#039;Elvas em Caixa de Bambu - Despensa Franciscana\" \/>\n<meta property=\"og:description\" content=\"Descubra as verdadeiras Ameixa d\u00b4Elvas em Calda. Depois de lavadas e secas em estufa de ar frio, s\u00e3o um \u00f3timo snack com sabor a fruta fresca. Recomendamos a sua conserva\u00e7\u00e3o em ambiente fresco e seco, visto que a exposi\u00e7\u00e3o ao ar e luz pode deixar a superf\u00edcie seca e dura, prejudicando o produto. Estas ameixas apresentam-se em elegantes caixas de bambu.\" \/>\n<meta property=\"og:url\" content=\"https:\/\/despensafranciscana.com\/de\/loja\/ameixa-delvas-em-calda-caixa-de-bambu\/\" \/>\n<meta property=\"og:site_name\" content=\"Despensa Franciscana\" \/>\n<meta property=\"article:publisher\" content=\"https:\/\/www.facebook.com\/despensafranciscana\/\" \/>\n<meta property=\"article:modified_time\" content=\"2025-02-28T14:38:43+00:00\" \/>\n<meta property=\"og:image\" content=\"https:\/\/despensafranciscana.com\/wp-content\/uploads\/2021\/05\/IMG_3724.jpeg\" \/>\n\t<meta property=\"og:image:width\" content=\"1486\" \/>\n\t<meta property=\"og:image:height\" content=\"1484\" \/>\n\t<meta property=\"og:image:type\" content=\"image\/jpeg\" \/>\n<meta name=\"twitter:card\" content=\"summary_large_image\" \/>\n<script type=\"application\/ld+json\" class=\"yoast-schema-graph\">{\"@context\":\"https:\\\/\\\/schema.org\",\"@graph\":[{\"@type\":\"WebPage\",\"@id\":\"https:\\\/\\\/despensafranciscana.com\\\/loja\\\/ameixa-delvas-em-calda-caixa-de-bambu\\\/\",\"url\":\"https:\\\/\\\/despensafranciscana.com\\\/loja\\\/ameixa-delvas-em-calda-caixa-de-bambu\\\/\",\"name\":\"Ameixa D'Elvas em Caixa de Bambu - Despensa Franciscana\",\"isPartOf\":{\"@id\":\"https:\\\/\\\/despensafranciscana.com\\\/#website\"},\"primaryImageOfPage\":{\"@id\":\"https:\\\/\\\/despensafranciscana.com\\\/loja\\\/ameixa-delvas-em-calda-caixa-de-bambu\\\/#primaryimage\"},\"image\":{\"@id\":\"https:\\\/\\\/despensafranciscana.com\\\/loja\\\/ameixa-delvas-em-calda-caixa-de-bambu\\\/#primaryimage\"},\"thumbnailUrl\":\"https:\\\/\\\/despensafranciscana.com\\\/wp-content\\\/uploads\\\/2021\\\/05\\\/IMG_3724.jpeg\",\"datePublished\":\"2021-05-29T16:14:41+00:00\",\"dateModified\":\"2025-02-28T14:38:43+00:00\",\"breadcrumb\":{\"@id\":\"https:\\\/\\\/despensafranciscana.com\\\/loja\\\/ameixa-delvas-em-calda-caixa-de-bambu\\\/#breadcrumb\"},\"inLanguage\":\"de\",\"potentialAction\":[{\"@type\":\"ReadAction\",\"target\":[\"https:\\\/\\\/despensafranciscana.com\\\/loja\\\/ameixa-delvas-em-calda-caixa-de-bambu\\\/\"]}]},{\"@type\":\"ImageObject\",\"inLanguage\":\"de\",\"@id\":\"https:\\\/\\\/despensafranciscana.com\\\/loja\\\/ameixa-delvas-em-calda-caixa-de-bambu\\\/#primaryimage\",\"url\":\"https:\\\/\\\/despensafranciscana.com\\\/wp-content\\\/uploads\\\/2021\\\/05\\\/IMG_3724.jpeg\",\"contentUrl\":\"https:\\\/\\\/despensafranciscana.com\\\/wp-content\\\/uploads\\\/2021\\\/05\\\/IMG_3724.jpeg\",\"width\":1486,\"height\":1484,\"caption\":\"Ameixa D'Elvas\"},{\"@type\":\"BreadcrumbList\",\"@id\":\"https:\\\/\\\/despensafranciscana.com\\\/loja\\\/ameixa-delvas-em-calda-caixa-de-bambu\\\/#breadcrumb\",\"itemListElement\":[{\"@type\":\"ListItem\",\"position\":1,\"name\":\"In\u00edcio\",\"item\":\"https:\\\/\\\/despensafranciscana.com\\\/\"},{\"@type\":\"ListItem\",\"position\":2,\"name\":\"Loja\",\"item\":\"https:\\\/\\\/despensafranciscana.com\\\/loja\\\/\"},{\"@type\":\"ListItem\",\"position\":3,\"name\":\"Ameixa D&#8217;Elvas em Caixa de Bambu\"}]},{\"@type\":\"WebSite\",\"@id\":\"https:\\\/\\\/despensafranciscana.com\\\/#website\",\"url\":\"https:\\\/\\\/despensafranciscana.com\\\/\",\"name\":\"Despensa Franciscana\",\"description\":\"Despensa Franciscana\",\"publisher\":{\"@id\":\"https:\\\/\\\/despensafranciscana.com\\\/#organization\"},\"potentialAction\":[{\"@type\":\"SearchAction\",\"target\":{\"@type\":\"EntryPoint\",\"urlTemplate\":\"https:\\\/\\\/despensafranciscana.com\\\/?s={search_term_string}\"},\"query-input\":{\"@type\":\"PropertyValueSpecification\",\"valueRequired\":true,\"valueName\":\"search_term_string\"}}],\"inLanguage\":\"de\"},{\"@type\":\"Organization\",\"@id\":\"https:\\\/\\\/despensafranciscana.com\\\/#organization\",\"name\":\"Despensa Franciscana\",\"url\":\"https:\\\/\\\/despensafranciscana.com\\\/\",\"logo\":{\"@type\":\"ImageObject\",\"inLanguage\":\"de\",\"@id\":\"https:\\\/\\\/despensafranciscana.com\\\/#\\\/schema\\\/logo\\\/image\\\/\",\"url\":\"https:\\\/\\\/despensafranciscana.com\\\/wp-content\\\/uploads\\\/2025\\\/02\\\/despensa-franciscana-revamp-logos-8.png\",\"contentUrl\":\"https:\\\/\\\/despensafranciscana.com\\\/wp-content\\\/uploads\\\/2025\\\/02\\\/despensa-franciscana-revamp-logos-8.png\",\"width\":1920,\"height\":628,\"caption\":\"Despensa Franciscana\"},\"image\":{\"@id\":\"https:\\\/\\\/despensafranciscana.com\\\/#\\\/schema\\\/logo\\\/image\\\/\"},\"sameAs\":[\"https:\\\/\\\/www.facebook.com\\\/despensafranciscana\\\/\",\"https:\\\/\\\/www.instagram.com\\\/despensafranciscana\\\/\"]}]}<\/script>\n<!-- \/ Yoast SEO plugin. -->","yoast_head_json":{"title":"Ameixa D'Elvas em Caixa de Bambu - Despensa Franciscana","robots":{"index":"index","follow":"follow","max-snippet":"max-snippet:-1","max-image-preview":"max-image-preview:large","max-video-preview":"max-video-preview:-1"},"canonical":"https:\/\/despensafranciscana.com\/de\/loja\/ameixa-delvas-em-calda-caixa-de-bambu\/","og_locale":"de_DE","og_type":"article","og_title":"Ameixa D'Elvas em Caixa de Bambu - Despensa Franciscana","og_description":"Descubra as verdadeiras Ameixa d\u00b4Elvas em Calda. Depois de lavadas e secas em estufa de ar frio, s\u00e3o um \u00f3timo snack com sabor a fruta fresca. Recomendamos a sua conserva\u00e7\u00e3o em ambiente fresco e seco, visto que a exposi\u00e7\u00e3o ao ar e luz pode deixar a superf\u00edcie seca e dura, prejudicando o produto. Estas ameixas apresentam-se em elegantes caixas de bambu.","og_url":"https:\/\/despensafranciscana.com\/de\/loja\/ameixa-delvas-em-calda-caixa-de-bambu\/","og_site_name":"Despensa Franciscana","article_publisher":"https:\/\/www.facebook.com\/despensafranciscana\/","article_modified_time":"2025-02-28T14:38:43+00:00","og_image":[{"width":1486,"height":1484,"url":"https:\/\/despensafranciscana.com\/wp-content\/uploads\/2021\/05\/IMG_3724.jpeg","type":"image\/jpeg"}],"twitter_card":"summary_large_image","schema":{"@context":"https:\/\/schema.org","@graph":[{"@type":"WebPage","@id":"https:\/\/despensafranciscana.com\/loja\/ameixa-delvas-em-calda-caixa-de-bambu\/","url":"https:\/\/despensafranciscana.com\/loja\/ameixa-delvas-em-calda-caixa-de-bambu\/","name":"Ameixa D'Elvas em Caixa de Bambu - Despensa Franciscana","isPartOf":{"@id":"https:\/\/despensafranciscana.com\/#website"},"primaryImageOfPage":{"@id":"https:\/\/despensafranciscana.com\/loja\/ameixa-delvas-em-calda-caixa-de-bambu\/#primaryimage"},"image":{"@id":"https:\/\/despensafranciscana.com\/loja\/ameixa-delvas-em-calda-caixa-de-bambu\/#primaryimage"},"thumbnailUrl":"https:\/\/despensafranciscana.com\/wp-content\/uploads\/2021\/05\/IMG_3724.jpeg","datePublished":"2021-05-29T16:14:41+00:00","dateModified":"2025-02-28T14:38:43+00:00","breadcrumb":{"@id":"https:\/\/despensafranciscana.com\/loja\/ameixa-delvas-em-calda-caixa-de-bambu\/#breadcrumb"},"inLanguage":"de","potentialAction":[{"@type":"ReadAction","target":["https:\/\/despensafranciscana.com\/loja\/ameixa-delvas-em-calda-caixa-de-bambu\/"]}]},{"@type":"ImageObject","inLanguage":"de","@id":"https:\/\/despensafranciscana.com\/loja\/ameixa-delvas-em-calda-caixa-de-bambu\/#primaryimage","url":"https:\/\/despensafranciscana.com\/wp-content\/uploads\/2021\/05\/IMG_3724.jpeg","contentUrl":"https:\/\/despensafranciscana.com\/wp-content\/uploads\/2021\/05\/IMG_3724.jpeg","width":1486,"height":1484,"caption":"Ameixa D'Elvas"},{"@type":"BreadcrumbList","@id":"https:\/\/despensafranciscana.com\/loja\/ameixa-delvas-em-calda-caixa-de-bambu\/#breadcrumb","itemListElement":[{"@type":"ListItem","position":1,"name":"In\u00edcio","item":"https:\/\/despensafranciscana.com\/"},{"@type":"ListItem","position":2,"name":"Loja","item":"https:\/\/despensafranciscana.com\/loja\/"},{"@type":"ListItem","position":3,"name":"Ameixa D&#8217;Elvas em Caixa de Bambu"}]},{"@type":"WebSite","@id":"https:\/\/despensafranciscana.com\/#website","url":"https:\/\/despensafranciscana.com\/","name":"Franziskanische Speisekammer","description":"Franziskanische Speisekammer","publisher":{"@id":"https:\/\/despensafranciscana.com\/#organization"},"potentialAction":[{"@type":"SearchAction","target":{"@type":"EntryPoint","urlTemplate":"https:\/\/despensafranciscana.com\/?s={search_term_string}"},"query-input":{"@type":"PropertyValueSpecification","valueRequired":true,"valueName":"search_term_string"}}],"inLanguage":"de"},{"@type":"Organization","@id":"https:\/\/despensafranciscana.com\/#organization","name":"Franziskanische Speisekammer","url":"https:\/\/despensafranciscana.com\/","logo":{"@type":"ImageObject","inLanguage":"de","@id":"https:\/\/despensafranciscana.com\/#\/schema\/logo\/image\/","url":"https:\/\/despensafranciscana.com\/wp-content\/uploads\/2025\/02\/despensa-franciscana-revamp-logos-8.png","contentUrl":"https:\/\/despensafranciscana.com\/wp-content\/uploads\/2025\/02\/despensa-franciscana-revamp-logos-8.png","width":1920,"height":628,"caption":"Despensa Franciscana"},"image":{"@id":"https:\/\/despensafranciscana.com\/#\/schema\/logo\/image\/"},"sameAs":["https:\/\/www.facebook.com\/despensafranciscana\/","https:\/\/www.instagram.com\/despensafranciscana\/"]}]}},"_links":{"self":[{"href":"https:\/\/despensafranciscana.com\/de\/wp-json\/wp\/v2\/product\/875","targetHints":{"allow":["GET"]}}],"collection":[{"href":"https:\/\/despensafranciscana.com\/de\/wp-json\/wp\/v2\/product"}],"about":[{"href":"https:\/\/despensafranciscana.com\/de\/wp-json\/wp\/v2\/types\/product"}],"wp:featuredmedia":[{"embeddable":true,"href":"https:\/\/despensafranciscana.com\/de\/wp-json\/wp\/v2\/media\/967"}],"wp:attachment":[{"href":"https:\/\/despensafranciscana.com\/de\/wp-json\/wp\/v2\/media?parent=875"}],"wp:term":[{"taxonomy":"product_brand","embeddable":true,"href":"https:\/\/despensafranciscana.com\/de\/wp-json\/wp\/v2\/product_brand?post=875"},{"taxonomy":"product_cat","embeddable":true,"href":"https:\/\/despensafranciscana.com\/de\/wp-json\/wp\/v2\/product_cat?post=875"},{"taxonomy":"product_tag","embeddable":true,"href":"https:\/\/despensafranciscana.com\/de\/wp-json\/wp\/v2\/product_tag?post=875"}],"curies":[{"name":"wp","href":"https:\/\/api.w.org\/{rel}","templated":true}]}}