{"id":872,"date":"2021-05-29T17:14:40","date_gmt":"2021-05-29T16:14:40","guid":{"rendered":"https:\/\/despensafranciscana.com\/produto\/doce-de-ameixa\/"},"modified":"2025-02-28T15:23:44","modified_gmt":"2025-02-28T15:23:44","slug":"doce-de-ameixa","status":"publish","type":"product","link":"https:\/\/despensafranciscana.com\/de\/loja\/doce-de-ameixa\/","title":{"rendered":"Pflaumenbonbons"},"content":{"rendered":"","protected":false},"excerpt":{"rendered":"<p>Probieren Sie die Pflaumenmarmelade \"Convento da Serra\", die ausschlie\u00dflich aus frischen, nicht konservierten Fr\u00fcchten und unter Zugabe von Rohrzucker hergestellt wird. Der hohe Fruchtanteil macht die Konsistenz dicker, fast wie eine Marmelade, und hebt sie von anderen Konfit\u00fcren oder S\u00fc\u00dfigkeiten ab.<\/p>","protected":false},"featured_media":962,"template":"","meta":[],"product_brand":[],"product_cat":[43],"product_tag":[],"class_list":{"0":"post-872","1":"product","2":"type-product","3":"status-publish","4":"has-post-thumbnail","6":"product_cat-doces-snacks","8":"first","9":"outofstock","10":"taxable","11":"shipping-taxable","12":"purchasable","13":"product-type-simple"},"yoast_head":"<!-- This site is optimized with the Yoast SEO plugin v27.2 - https:\/\/yoast.com\/product\/yoast-seo-wordpress\/ -->\n<title>Doce de Ameixa - Despensa Franciscana<\/title>\n<meta name=\"robots\" content=\"index, follow, max-snippet:-1, max-image-preview:large, max-video-preview:-1\" \/>\n<link rel=\"canonical\" href=\"https:\/\/despensafranciscana.com\/de\/loja\/doce-de-ameixa\/\" \/>\n<meta property=\"og:locale\" content=\"de_DE\" \/>\n<meta property=\"og:type\" content=\"article\" \/>\n<meta property=\"og:title\" content=\"Doce de Ameixa - Despensa Franciscana\" \/>\n<meta property=\"og:description\" content=\"Experimente o doce \u2018Convento da Serra\u2019 de ameixas, confecionado exclusivamente a partir de fruta fresca, n\u00e3o conservada, adicionando somente a\u00e7\u00facar de cana. A elevada percentagem de fruta torna a sua consist\u00eancia mais espessa quase uma marmelada, destacando-se assim de outras compotas ou doces.\" \/>\n<meta property=\"og:url\" content=\"https:\/\/despensafranciscana.com\/de\/loja\/doce-de-ameixa\/\" \/>\n<meta property=\"og:site_name\" content=\"Despensa Franciscana\" \/>\n<meta property=\"article:publisher\" content=\"https:\/\/www.facebook.com\/despensafranciscana\/\" \/>\n<meta property=\"article:modified_time\" content=\"2025-02-28T15:23:44+00:00\" \/>\n<meta property=\"og:image\" content=\"https:\/\/despensafranciscana.com\/wp-content\/uploads\/2021\/05\/apoio-10.jpg\" \/>\n\t<meta property=\"og:image:width\" content=\"1000\" \/>\n\t<meta property=\"og:image:height\" content=\"1000\" \/>\n\t<meta property=\"og:image:type\" content=\"image\/jpeg\" \/>\n<meta name=\"twitter:card\" content=\"summary_large_image\" \/>\n<script type=\"application\/ld+json\" class=\"yoast-schema-graph\">{\"@context\":\"https:\/\/schema.org\",\"@graph\":[{\"@type\":\"WebPage\",\"@id\":\"https:\/\/despensafranciscana.com\/fr\/loja\/doce-de-ameixa\/\",\"url\":\"https:\/\/despensafranciscana.com\/fr\/loja\/doce-de-ameixa\/\",\"name\":\"Doce de Ameixa - Despensa Franciscana\",\"isPartOf\":{\"@id\":\"https:\/\/despensafranciscana.com\/#website\"},\"primaryImageOfPage\":{\"@id\":\"https:\/\/despensafranciscana.com\/fr\/loja\/doce-de-ameixa\/#primaryimage\"},\"image\":{\"@id\":\"https:\/\/despensafranciscana.com\/fr\/loja\/doce-de-ameixa\/#primaryimage\"},\"thumbnailUrl\":\"https:\/\/despensafranciscana.com\/wp-content\/uploads\/2021\/05\/apoio-10.jpg\",\"datePublished\":\"2021-05-29T16:14:40+00:00\",\"dateModified\":\"2025-02-28T15:23:44+00:00\",\"breadcrumb\":{\"@id\":\"https:\/\/despensafranciscana.com\/fr\/loja\/doce-de-ameixa\/#breadcrumb\"},\"inLanguage\":\"de\",\"potentialAction\":[{\"@type\":\"ReadAction\",\"target\":[\"https:\/\/despensafranciscana.com\/fr\/loja\/doce-de-ameixa\/\"]}]},{\"@type\":\"ImageObject\",\"inLanguage\":\"de\",\"@id\":\"https:\/\/despensafranciscana.com\/fr\/loja\/doce-de-ameixa\/#primaryimage\",\"url\":\"https:\/\/despensafranciscana.com\/wp-content\/uploads\/2021\/05\/apoio-10.jpg\",\"contentUrl\":\"https:\/\/despensafranciscana.com\/wp-content\/uploads\/2021\/05\/apoio-10.jpg\",\"width\":1000,\"height\":1000,\"caption\":\"Doce de Ameixa\"},{\"@type\":\"BreadcrumbList\",\"@id\":\"https:\/\/despensafranciscana.com\/fr\/loja\/doce-de-ameixa\/#breadcrumb\",\"itemListElement\":[{\"@type\":\"ListItem\",\"position\":1,\"name\":\"In\u00edcio\",\"item\":\"https:\/\/despensafranciscana.com\/\"},{\"@type\":\"ListItem\",\"position\":2,\"name\":\"Loja\",\"item\":\"https:\/\/despensafranciscana.com\/loja\/\"},{\"@type\":\"ListItem\",\"position\":3,\"name\":\"Doce de Ameixa\"}]},{\"@type\":\"WebSite\",\"@id\":\"https:\/\/despensafranciscana.com\/#website\",\"url\":\"https:\/\/despensafranciscana.com\/\",\"name\":\"Despensa Franciscana\",\"description\":\"Despensa Franciscana\",\"publisher\":{\"@id\":\"https:\/\/despensafranciscana.com\/#organization\"},\"potentialAction\":[{\"@type\":\"SearchAction\",\"target\":{\"@type\":\"EntryPoint\",\"urlTemplate\":\"https:\/\/despensafranciscana.com\/?s={search_term_string}\"},\"query-input\":{\"@type\":\"PropertyValueSpecification\",\"valueRequired\":true,\"valueName\":\"search_term_string\"}}],\"inLanguage\":\"de\"},{\"@type\":\"Organization\",\"@id\":\"https:\/\/despensafranciscana.com\/#organization\",\"name\":\"Despensa Franciscana\",\"url\":\"https:\/\/despensafranciscana.com\/\",\"logo\":{\"@type\":\"ImageObject\",\"inLanguage\":\"de\",\"@id\":\"https:\/\/despensafranciscana.com\/#\/schema\/logo\/image\/\",\"url\":\"https:\/\/despensafranciscana.com\/wp-content\/uploads\/2025\/02\/despensa-franciscana-revamp-logos-8.png\",\"contentUrl\":\"https:\/\/despensafranciscana.com\/wp-content\/uploads\/2025\/02\/despensa-franciscana-revamp-logos-8.png\",\"width\":1920,\"height\":628,\"caption\":\"Despensa Franciscana\"},\"image\":{\"@id\":\"https:\/\/despensafranciscana.com\/#\/schema\/logo\/image\/\"},\"sameAs\":[\"https:\/\/www.facebook.com\/despensafranciscana\/\",\"https:\/\/www.instagram.com\/despensafranciscana\/\"]}]}<\/script>\n<!-- \/ Yoast SEO plugin. -->","yoast_head_json":{"title":"Doce de Ameixa - Despensa Franciscana","robots":{"index":"index","follow":"follow","max-snippet":"max-snippet:-1","max-image-preview":"max-image-preview:large","max-video-preview":"max-video-preview:-1"},"canonical":"https:\/\/despensafranciscana.com\/de\/loja\/doce-de-ameixa\/","og_locale":"de_DE","og_type":"article","og_title":"Doce de Ameixa - Despensa Franciscana","og_description":"Experimente o doce \u2018Convento da Serra\u2019 de ameixas, confecionado exclusivamente a partir de fruta fresca, n\u00e3o conservada, adicionando somente a\u00e7\u00facar de cana. A elevada percentagem de fruta torna a sua consist\u00eancia mais espessa quase uma marmelada, destacando-se assim de outras compotas ou doces.","og_url":"https:\/\/despensafranciscana.com\/de\/loja\/doce-de-ameixa\/","og_site_name":"Despensa Franciscana","article_publisher":"https:\/\/www.facebook.com\/despensafranciscana\/","article_modified_time":"2025-02-28T15:23:44+00:00","og_image":[{"width":1000,"height":1000,"url":"https:\/\/despensafranciscana.com\/wp-content\/uploads\/2021\/05\/apoio-10.jpg","type":"image\/jpeg"}],"twitter_card":"summary_large_image","schema":{"@context":"https:\/\/schema.org","@graph":[{"@type":"WebPage","@id":"https:\/\/despensafranciscana.com\/fr\/loja\/doce-de-ameixa\/","url":"https:\/\/despensafranciscana.com\/fr\/loja\/doce-de-ameixa\/","name":"Doce de Ameixa - Despensa Franciscana","isPartOf":{"@id":"https:\/\/despensafranciscana.com\/#website"},"primaryImageOfPage":{"@id":"https:\/\/despensafranciscana.com\/fr\/loja\/doce-de-ameixa\/#primaryimage"},"image":{"@id":"https:\/\/despensafranciscana.com\/fr\/loja\/doce-de-ameixa\/#primaryimage"},"thumbnailUrl":"https:\/\/despensafranciscana.com\/wp-content\/uploads\/2021\/05\/apoio-10.jpg","datePublished":"2021-05-29T16:14:40+00:00","dateModified":"2025-02-28T15:23:44+00:00","breadcrumb":{"@id":"https:\/\/despensafranciscana.com\/fr\/loja\/doce-de-ameixa\/#breadcrumb"},"inLanguage":"de","potentialAction":[{"@type":"ReadAction","target":["https:\/\/despensafranciscana.com\/fr\/loja\/doce-de-ameixa\/"]}]},{"@type":"ImageObject","inLanguage":"de","@id":"https:\/\/despensafranciscana.com\/fr\/loja\/doce-de-ameixa\/#primaryimage","url":"https:\/\/despensafranciscana.com\/wp-content\/uploads\/2021\/05\/apoio-10.jpg","contentUrl":"https:\/\/despensafranciscana.com\/wp-content\/uploads\/2021\/05\/apoio-10.jpg","width":1000,"height":1000,"caption":"Doce de Ameixa"},{"@type":"BreadcrumbList","@id":"https:\/\/despensafranciscana.com\/fr\/loja\/doce-de-ameixa\/#breadcrumb","itemListElement":[{"@type":"ListItem","position":1,"name":"In\u00edcio","item":"https:\/\/despensafranciscana.com\/"},{"@type":"ListItem","position":2,"name":"Loja","item":"https:\/\/despensafranciscana.com\/loja\/"},{"@type":"ListItem","position":3,"name":"Doce de Ameixa"}]},{"@type":"WebSite","@id":"https:\/\/despensafranciscana.com\/#website","url":"https:\/\/despensafranciscana.com\/","name":"Franziskanische Speisekammer","description":"Franziskanische Speisekammer","publisher":{"@id":"https:\/\/despensafranciscana.com\/#organization"},"potentialAction":[{"@type":"SearchAction","target":{"@type":"EntryPoint","urlTemplate":"https:\/\/despensafranciscana.com\/?s={search_term_string}"},"query-input":{"@type":"PropertyValueSpecification","valueRequired":true,"valueName":"search_term_string"}}],"inLanguage":"de"},{"@type":"Organization","@id":"https:\/\/despensafranciscana.com\/#organization","name":"Franziskanische Speisekammer","url":"https:\/\/despensafranciscana.com\/","logo":{"@type":"ImageObject","inLanguage":"de","@id":"https:\/\/despensafranciscana.com\/#\/schema\/logo\/image\/","url":"https:\/\/despensafranciscana.com\/wp-content\/uploads\/2025\/02\/despensa-franciscana-revamp-logos-8.png","contentUrl":"https:\/\/despensafranciscana.com\/wp-content\/uploads\/2025\/02\/despensa-franciscana-revamp-logos-8.png","width":1920,"height":628,"caption":"Despensa Franciscana"},"image":{"@id":"https:\/\/despensafranciscana.com\/#\/schema\/logo\/image\/"},"sameAs":["https:\/\/www.facebook.com\/despensafranciscana\/","https:\/\/www.instagram.com\/despensafranciscana\/"]}]}},"_links":{"self":[{"href":"https:\/\/despensafranciscana.com\/de\/wp-json\/wp\/v2\/product\/872","targetHints":{"allow":["GET"]}}],"collection":[{"href":"https:\/\/despensafranciscana.com\/de\/wp-json\/wp\/v2\/product"}],"about":[{"href":"https:\/\/despensafranciscana.com\/de\/wp-json\/wp\/v2\/types\/product"}],"wp:featuredmedia":[{"embeddable":true,"href":"https:\/\/despensafranciscana.com\/de\/wp-json\/wp\/v2\/media\/962"}],"wp:attachment":[{"href":"https:\/\/despensafranciscana.com\/de\/wp-json\/wp\/v2\/media?parent=872"}],"wp:term":[{"taxonomy":"product_brand","embeddable":true,"href":"https:\/\/despensafranciscana.com\/de\/wp-json\/wp\/v2\/product_brand?post=872"},{"taxonomy":"product_cat","embeddable":true,"href":"https:\/\/despensafranciscana.com\/de\/wp-json\/wp\/v2\/product_cat?post=872"},{"taxonomy":"product_tag","embeddable":true,"href":"https:\/\/despensafranciscana.com\/de\/wp-json\/wp\/v2\/product_tag?post=872"}],"curies":[{"name":"wp","href":"https:\/\/api.w.org\/{rel}","templated":true}]}}