{"id":682,"date":"2021-05-23T21:57:42","date_gmt":"2021-05-23T21:57:42","guid":{"rendered":"https:\/\/despensafranciscana.com\/produto\/farinha-de-tomate\/"},"modified":"2025-02-28T15:27:32","modified_gmt":"2025-02-28T15:27:32","slug":"farinha-de-tomate","status":"publish","type":"product","link":"https:\/\/despensafranciscana.com\/de\/loja\/farinha-de-tomate\/","title":{"rendered":"Farinha de Tomate"},"content":{"rendered":"<p>Hervorragend geeignet f\u00fcr die Zubereitung von So\u00dfen, Suppen, Risotto, Nudeln, Pasta, F\u00fcllungen oder zum Verfeinern des Geschmacks von getrockneten Tomaten in verschiedenen Gerichten, zum Bestreuen von gegrilltem Fleisch und zum Panieren von Speisen. Zum Bestreuen von Gem\u00fcsegerichten, Salaten, Eint\u00f6pfen, Pizzas und Pasteten ?<\/p>","protected":false},"excerpt":{"rendered":"<p>Entdecken Sie dieses vielseitige Mehl, das aus 100% gemahlenen getrockneten Tomaten (mit Salz) hergestellt wird. GLUTEN-frei und ohne Zuckerzusatz.<\/p>","protected":false},"featured_media":1139,"template":"","meta":[],"product_brand":[],"product_cat":[43],"product_tag":[],"class_list":{"0":"post-682","1":"product","2":"type-product","3":"status-publish","4":"has-post-thumbnail","6":"product_cat-doces-snacks","8":"first","9":"instock","10":"taxable","11":"shipping-taxable","12":"purchasable","13":"product-type-simple"},"yoast_head":"<!-- This site is optimized with the Yoast SEO plugin v27.2 - https:\/\/yoast.com\/product\/yoast-seo-wordpress\/ -->\n<title>Farinha de Tomate - Despensa Franciscana<\/title>\n<meta name=\"robots\" content=\"index, follow, max-snippet:-1, max-image-preview:large, max-video-preview:-1\" \/>\n<link rel=\"canonical\" href=\"https:\/\/despensafranciscana.com\/de\/loja\/farinha-de-tomate\/\" \/>\n<meta property=\"og:locale\" content=\"de_DE\" \/>\n<meta property=\"og:type\" content=\"article\" \/>\n<meta property=\"og:title\" content=\"Farinha de Tomate - Despensa Franciscana\" \/>\n<meta property=\"og:description\" content=\"Descubra esta Farinha t\u00e3o vers\u00e1til, proveniente 100% de tomate desidratado (com sal) mo\u00eddo. Sem GLUTEN e sem adi\u00e7\u00e3o de a\u00e7\u00facar.\" \/>\n<meta property=\"og:url\" content=\"https:\/\/despensafranciscana.com\/de\/loja\/farinha-de-tomate\/\" \/>\n<meta property=\"og:site_name\" content=\"Despensa Franciscana\" \/>\n<meta property=\"article:publisher\" content=\"https:\/\/www.facebook.com\/despensafranciscana\/\" \/>\n<meta property=\"article:modified_time\" content=\"2025-02-28T15:27:32+00:00\" \/>\n<meta property=\"og:image\" content=\"https:\/\/despensafranciscana.com\/wp-content\/uploads\/2021\/05\/Design-sem-nome-9.jpg\" \/>\n\t<meta property=\"og:image:width\" content=\"1080\" \/>\n\t<meta property=\"og:image:height\" content=\"1080\" \/>\n\t<meta property=\"og:image:type\" content=\"image\/jpeg\" \/>\n<meta name=\"twitter:card\" content=\"summary_large_image\" \/>\n<script type=\"application\/ld+json\" class=\"yoast-schema-graph\">{\"@context\":\"https:\/\/schema.org\",\"@graph\":[{\"@type\":\"WebPage\",\"@id\":\"https:\/\/despensafranciscana.com\/loja\/farinha-de-tomate\/\",\"url\":\"https:\/\/despensafranciscana.com\/loja\/farinha-de-tomate\/\",\"name\":\"Farinha de Tomate - Despensa Franciscana\",\"isPartOf\":{\"@id\":\"https:\/\/despensafranciscana.com\/#website\"},\"primaryImageOfPage\":{\"@id\":\"https:\/\/despensafranciscana.com\/loja\/farinha-de-tomate\/#primaryimage\"},\"image\":{\"@id\":\"https:\/\/despensafranciscana.com\/loja\/farinha-de-tomate\/#primaryimage\"},\"thumbnailUrl\":\"https:\/\/despensafranciscana.com\/wp-content\/uploads\/2021\/05\/Design-sem-nome-9.jpg\",\"datePublished\":\"2021-05-23T21:57:42+00:00\",\"dateModified\":\"2025-02-28T15:27:32+00:00\",\"breadcrumb\":{\"@id\":\"https:\/\/despensafranciscana.com\/loja\/farinha-de-tomate\/#breadcrumb\"},\"inLanguage\":\"de\",\"potentialAction\":[{\"@type\":\"ReadAction\",\"target\":[\"https:\/\/despensafranciscana.com\/loja\/farinha-de-tomate\/\"]}]},{\"@type\":\"ImageObject\",\"inLanguage\":\"de\",\"@id\":\"https:\/\/despensafranciscana.com\/loja\/farinha-de-tomate\/#primaryimage\",\"url\":\"https:\/\/despensafranciscana.com\/wp-content\/uploads\/2021\/05\/Design-sem-nome-9.jpg\",\"contentUrl\":\"https:\/\/despensafranciscana.com\/wp-content\/uploads\/2021\/05\/Design-sem-nome-9.jpg\",\"width\":1080,\"height\":1080},{\"@type\":\"BreadcrumbList\",\"@id\":\"https:\/\/despensafranciscana.com\/loja\/farinha-de-tomate\/#breadcrumb\",\"itemListElement\":[{\"@type\":\"ListItem\",\"position\":1,\"name\":\"In\u00edcio\",\"item\":\"https:\/\/despensafranciscana.com\/\"},{\"@type\":\"ListItem\",\"position\":2,\"name\":\"Loja\",\"item\":\"https:\/\/despensafranciscana.com\/loja\/\"},{\"@type\":\"ListItem\",\"position\":3,\"name\":\"Farinha de Tomate\"}]},{\"@type\":\"WebSite\",\"@id\":\"https:\/\/despensafranciscana.com\/#website\",\"url\":\"https:\/\/despensafranciscana.com\/\",\"name\":\"Despensa Franciscana\",\"description\":\"Despensa Franciscana\",\"publisher\":{\"@id\":\"https:\/\/despensafranciscana.com\/#organization\"},\"potentialAction\":[{\"@type\":\"SearchAction\",\"target\":{\"@type\":\"EntryPoint\",\"urlTemplate\":\"https:\/\/despensafranciscana.com\/?s={search_term_string}\"},\"query-input\":{\"@type\":\"PropertyValueSpecification\",\"valueRequired\":true,\"valueName\":\"search_term_string\"}}],\"inLanguage\":\"de\"},{\"@type\":\"Organization\",\"@id\":\"https:\/\/despensafranciscana.com\/#organization\",\"name\":\"Despensa Franciscana\",\"url\":\"https:\/\/despensafranciscana.com\/\",\"logo\":{\"@type\":\"ImageObject\",\"inLanguage\":\"de\",\"@id\":\"https:\/\/despensafranciscana.com\/#\/schema\/logo\/image\/\",\"url\":\"https:\/\/despensafranciscana.com\/wp-content\/uploads\/2025\/02\/despensa-franciscana-revamp-logos-8.png\",\"contentUrl\":\"https:\/\/despensafranciscana.com\/wp-content\/uploads\/2025\/02\/despensa-franciscana-revamp-logos-8.png\",\"width\":1920,\"height\":628,\"caption\":\"Despensa Franciscana\"},\"image\":{\"@id\":\"https:\/\/despensafranciscana.com\/#\/schema\/logo\/image\/\"},\"sameAs\":[\"https:\/\/www.facebook.com\/despensafranciscana\/\",\"https:\/\/www.instagram.com\/despensafranciscana\/\"]}]}<\/script>\n<!-- \/ Yoast SEO plugin. -->","yoast_head_json":{"title":"Farinha de Tomate - Despensa Franciscana","robots":{"index":"index","follow":"follow","max-snippet":"max-snippet:-1","max-image-preview":"max-image-preview:large","max-video-preview":"max-video-preview:-1"},"canonical":"https:\/\/despensafranciscana.com\/de\/loja\/farinha-de-tomate\/","og_locale":"de_DE","og_type":"article","og_title":"Farinha de Tomate - Despensa Franciscana","og_description":"Descubra esta Farinha t\u00e3o vers\u00e1til, proveniente 100% de tomate desidratado (com sal) mo\u00eddo. Sem GLUTEN e sem adi\u00e7\u00e3o de a\u00e7\u00facar.","og_url":"https:\/\/despensafranciscana.com\/de\/loja\/farinha-de-tomate\/","og_site_name":"Despensa Franciscana","article_publisher":"https:\/\/www.facebook.com\/despensafranciscana\/","article_modified_time":"2025-02-28T15:27:32+00:00","og_image":[{"width":1080,"height":1080,"url":"https:\/\/despensafranciscana.com\/wp-content\/uploads\/2021\/05\/Design-sem-nome-9.jpg","type":"image\/jpeg"}],"twitter_card":"summary_large_image","schema":{"@context":"https:\/\/schema.org","@graph":[{"@type":"WebPage","@id":"https:\/\/despensafranciscana.com\/loja\/farinha-de-tomate\/","url":"https:\/\/despensafranciscana.com\/loja\/farinha-de-tomate\/","name":"Farinha de Tomate - Despensa Franciscana","isPartOf":{"@id":"https:\/\/despensafranciscana.com\/#website"},"primaryImageOfPage":{"@id":"https:\/\/despensafranciscana.com\/loja\/farinha-de-tomate\/#primaryimage"},"image":{"@id":"https:\/\/despensafranciscana.com\/loja\/farinha-de-tomate\/#primaryimage"},"thumbnailUrl":"https:\/\/despensafranciscana.com\/wp-content\/uploads\/2021\/05\/Design-sem-nome-9.jpg","datePublished":"2021-05-23T21:57:42+00:00","dateModified":"2025-02-28T15:27:32+00:00","breadcrumb":{"@id":"https:\/\/despensafranciscana.com\/loja\/farinha-de-tomate\/#breadcrumb"},"inLanguage":"de","potentialAction":[{"@type":"ReadAction","target":["https:\/\/despensafranciscana.com\/loja\/farinha-de-tomate\/"]}]},{"@type":"ImageObject","inLanguage":"de","@id":"https:\/\/despensafranciscana.com\/loja\/farinha-de-tomate\/#primaryimage","url":"https:\/\/despensafranciscana.com\/wp-content\/uploads\/2021\/05\/Design-sem-nome-9.jpg","contentUrl":"https:\/\/despensafranciscana.com\/wp-content\/uploads\/2021\/05\/Design-sem-nome-9.jpg","width":1080,"height":1080},{"@type":"BreadcrumbList","@id":"https:\/\/despensafranciscana.com\/loja\/farinha-de-tomate\/#breadcrumb","itemListElement":[{"@type":"ListItem","position":1,"name":"In\u00edcio","item":"https:\/\/despensafranciscana.com\/"},{"@type":"ListItem","position":2,"name":"Loja","item":"https:\/\/despensafranciscana.com\/loja\/"},{"@type":"ListItem","position":3,"name":"Farinha de Tomate"}]},{"@type":"WebSite","@id":"https:\/\/despensafranciscana.com\/#website","url":"https:\/\/despensafranciscana.com\/","name":"Franziskanische Speisekammer","description":"Franziskanische Speisekammer","publisher":{"@id":"https:\/\/despensafranciscana.com\/#organization"},"potentialAction":[{"@type":"SearchAction","target":{"@type":"EntryPoint","urlTemplate":"https:\/\/despensafranciscana.com\/?s={search_term_string}"},"query-input":{"@type":"PropertyValueSpecification","valueRequired":true,"valueName":"search_term_string"}}],"inLanguage":"de"},{"@type":"Organization","@id":"https:\/\/despensafranciscana.com\/#organization","name":"Franziskanische Speisekammer","url":"https:\/\/despensafranciscana.com\/","logo":{"@type":"ImageObject","inLanguage":"de","@id":"https:\/\/despensafranciscana.com\/#\/schema\/logo\/image\/","url":"https:\/\/despensafranciscana.com\/wp-content\/uploads\/2025\/02\/despensa-franciscana-revamp-logos-8.png","contentUrl":"https:\/\/despensafranciscana.com\/wp-content\/uploads\/2025\/02\/despensa-franciscana-revamp-logos-8.png","width":1920,"height":628,"caption":"Despensa Franciscana"},"image":{"@id":"https:\/\/despensafranciscana.com\/#\/schema\/logo\/image\/"},"sameAs":["https:\/\/www.facebook.com\/despensafranciscana\/","https:\/\/www.instagram.com\/despensafranciscana\/"]}]}},"_links":{"self":[{"href":"https:\/\/despensafranciscana.com\/de\/wp-json\/wp\/v2\/product\/682","targetHints":{"allow":["GET"]}}],"collection":[{"href":"https:\/\/despensafranciscana.com\/de\/wp-json\/wp\/v2\/product"}],"about":[{"href":"https:\/\/despensafranciscana.com\/de\/wp-json\/wp\/v2\/types\/product"}],"wp:featuredmedia":[{"embeddable":true,"href":"https:\/\/despensafranciscana.com\/de\/wp-json\/wp\/v2\/media\/1139"}],"wp:attachment":[{"href":"https:\/\/despensafranciscana.com\/de\/wp-json\/wp\/v2\/media?parent=682"}],"wp:term":[{"taxonomy":"product_brand","embeddable":true,"href":"https:\/\/despensafranciscana.com\/de\/wp-json\/wp\/v2\/product_brand?post=682"},{"taxonomy":"product_cat","embeddable":true,"href":"https:\/\/despensafranciscana.com\/de\/wp-json\/wp\/v2\/product_cat?post=682"},{"taxonomy":"product_tag","embeddable":true,"href":"https:\/\/despensafranciscana.com\/de\/wp-json\/wp\/v2\/product_tag?post=682"}],"curies":[{"name":"wp","href":"https:\/\/api.w.org\/{rel}","templated":true}]}}