{"id":17548,"date":"2025-10-20T12:26:41","date_gmt":"2025-10-20T11:26:41","guid":{"rendered":"https:\/\/despensafranciscana.com\/?post_type=product&#038;p=17548"},"modified":"2025-10-20T12:38:49","modified_gmt":"2025-10-20T11:38:49","slug":"quinta-da-cabaca-2019","status":"publish","type":"product","link":"https:\/\/despensafranciscana.com\/de\/loja\/quinta-da-cabaca-2019\/","title":{"rendered":"Quinta da Caba\u00e7a 2019"},"content":{"rendered":"<p><strong>SOBRE<\/strong><br \/>\nFundada em 1954 por viticultores da regi\u00e3o e inserida no Parque Natural da Serra de S. Mamede, desde o in\u00edcio, a Adega de Portalegre distinguiu-se pela qualidade e originalidade dos seus vinhos. A Quinta da Caba\u00e7a, propriedade da Adega de Portalegre Winery, possui 22 hectares, e conta com 32 castas distintas. Localiza-se em pleno cora\u00e7\u00e3o da Serra de S\u00e3o Mamede numa cota entre os 450 e 550 metros de altitude e numa zona de transi\u00e7\u00e3o de solos. Na mesma propriedade conseguimos ter solos com caracter\u00edsticas gran\u00edticas e xistosos, mas tamb\u00e9m argilo-calc\u00e1rios. Uma grande diversidade, concentrada numa \u00fanica garrafa!<br \/>\nAp\u00f3s muitos pedidos para relan\u00e7amento deste vinho, 10 anos ap\u00f3s a \u00faltima edi\u00e7\u00e3o, decidimos retomar este projeto!<\/p>\n<p><strong>VINIFIZIERUNG<\/strong><br \/>\nVindima manual em caixas de 20 kg. Pr\u00e9-fermenta\u00e7\u00e3o a frio, a 15 C\u00ba, fermenta\u00e7\u00e3o alc\u00f3olica at\u00e9 aos 28 \u00ba C. Dado ao seu grau alco\u00f3lico mais alto, \u00e9 feito um est\u00e1gio em barricas de carvalho franc\u00eas usadas durante 24 meses, e est\u00e1gio em garrafa durante 24 meses. Um excelente exemplar que espelha o calor do Alentejo, e a acidez e subtiliza de Portalegre.<\/p>\n<p><strong>BOAS PR\u00c1TICAS DE TRANSPORTE E ARMAZENAGEM<\/strong><br \/>\nPara evitar altera\u00e7\u00f5es precoces nas caracter\u00edsticas organol\u00e9pticas e f\u00edsico-qu\u00edmicas de um vinho, este dever\u00e1 ser transportado e armazenado em boas condi\u00e7\u00f5es ambientais, nomeadamente de temperatura (10 \u2013 12\u00b0C) e de humidade relativa (50 \u2013 80%)<\/p>","protected":false},"excerpt":{"rendered":"<p><strong>NOTAS DE PROVA<\/strong><br \/>\nNo nariz apresenta compota, com frutos cristalizados, aparados de nuances de cacau. Na boca um vinho com taninos presentes, com final longo e persistente.<\/p>\n<p><span class=\"fontstyle0\"><strong>KAPAZIT\u00c4T<\/strong>: <\/span><span class=\"fontstyle1\">75 cl<\/span><\/p>\n<p><span class=\"fontstyle0\"><strong>TEOR ALCO\u00d3LICO<\/strong>: <\/span><span class=\"fontstyle1\">15% Vol<\/span><\/p>\n<p><strong>SUGEST\u00c3O DE ACOMPANHAMENTO<\/strong><br \/>\nTemperatura de 16-17\u00baC. Excelente em acompanhamento de pratos t\u00edpicos alentejanos e de carne como vitela, borrego ou ca\u00e7a. Em termos de sobremesas, combina na perfei\u00e7\u00e3o com os t\u00edpicos doces conventuais portugueses. Este vinho poder\u00e1 ser consumido de imediato, ou poder\u00e1 guardar e estagiar em garrafa at\u00e9 cerca de 10 anos.<\/p>\n<p><strong>CASTAS<\/strong><br \/>\nAragonez, Trincadeira, Alicante Bouschet e Cinsault.<\/p>","protected":false},"featured_media":17549,"template":"","meta":[],"product_brand":[],"product_cat":[39],"product_tag":[],"class_list":{"0":"post-17548","1":"product","2":"type-product","3":"status-publish","4":"has-post-thumbnail","6":"product_cat-bebidas","8":"first","9":"instock","10":"taxable","11":"shipping-taxable","12":"purchasable","13":"product-type-simple"},"yoast_head":"<!-- This site is optimized with the Yoast SEO plugin v27.2 - https:\/\/yoast.com\/product\/yoast-seo-wordpress\/ -->\n<title>Quinta da Caba\u00e7a 2019 - Despensa Franciscana<\/title>\n<meta name=\"robots\" content=\"index, follow, max-snippet:-1, max-image-preview:large, max-video-preview:-1\" \/>\n<link rel=\"canonical\" href=\"https:\/\/despensafranciscana.com\/de\/loja\/quinta-da-cabaca-2019\/\" \/>\n<meta property=\"og:locale\" content=\"de_DE\" \/>\n<meta property=\"og:type\" content=\"article\" \/>\n<meta property=\"og:title\" content=\"Quinta da Caba\u00e7a 2019 - Despensa Franciscana\" \/>\n<meta property=\"og:description\" content=\"NOTAS DE PROVA No nariz apresenta compota, com frutos cristalizados, aparados de nuances de cacau. Na boca um vinho com taninos presentes, com final longo e persistente.  CAPACIDADE: 75 cl  TEOR ALCO\u00d3LICO: 15% Vol  SUGEST\u00c3O DE ACOMPANHAMENTO Temperatura de 16-17\u00baC. Excelente em acompanhamento de pratos t\u00edpicos alentejanos e de carne como vitela, borrego ou ca\u00e7a. Em termos de sobremesas, combina na perfei\u00e7\u00e3o com os t\u00edpicos doces conventuais portugueses. Este vinho poder\u00e1 ser consumido de imediato, ou poder\u00e1 guardar e estagiar em garrafa at\u00e9 cerca de 10 anos.  CASTAS Aragonez, Trincadeira, Alicante Bouschet e Cinsault.\" \/>\n<meta property=\"og:url\" content=\"https:\/\/despensafranciscana.com\/de\/loja\/quinta-da-cabaca-2019\/\" \/>\n<meta property=\"og:site_name\" content=\"Despensa Franciscana\" \/>\n<meta property=\"article:publisher\" content=\"https:\/\/www.facebook.com\/despensafranciscana\/\" \/>\n<meta property=\"article:modified_time\" content=\"2025-10-20T11:38:49+00:00\" \/>\n<meta property=\"og:image\" content=\"https:\/\/despensafranciscana.com\/wp-content\/uploads\/2025\/10\/202405_APW_QuintaCabaca.webp\" \/>\n\t<meta property=\"og:image:width\" content=\"1600\" \/>\n\t<meta property=\"og:image:height\" content=\"1600\" \/>\n\t<meta property=\"og:image:type\" content=\"image\/webp\" \/>\n<meta name=\"twitter:card\" content=\"summary_large_image\" \/>\n<meta name=\"twitter:label1\" content=\"Gesch\u00e4tzte Lesezeit\" \/>\n\t<meta name=\"twitter:data1\" content=\"2\u00a0Minuten\" \/>\n<script type=\"application\/ld+json\" class=\"yoast-schema-graph\">{\"@context\":\"https:\/\/schema.org\",\"@graph\":[{\"@type\":\"WebPage\",\"@id\":\"https:\/\/despensafranciscana.com\/de\/loja\/quinta-da-cabaca-2019\/\",\"url\":\"https:\/\/despensafranciscana.com\/de\/loja\/quinta-da-cabaca-2019\/\",\"name\":\"Quinta da Caba\u00e7a 2019 - Despensa Franciscana\",\"isPartOf\":{\"@id\":\"https:\/\/despensafranciscana.com\/#website\"},\"primaryImageOfPage\":{\"@id\":\"https:\/\/despensafranciscana.com\/de\/loja\/quinta-da-cabaca-2019\/#primaryimage\"},\"image\":{\"@id\":\"https:\/\/despensafranciscana.com\/de\/loja\/quinta-da-cabaca-2019\/#primaryimage\"},\"thumbnailUrl\":\"https:\/\/despensafranciscana.com\/wp-content\/uploads\/2025\/10\/202405_APW_QuintaCabaca.webp\",\"datePublished\":\"2025-10-20T11:26:41+00:00\",\"dateModified\":\"2025-10-20T11:38:49+00:00\",\"breadcrumb\":{\"@id\":\"https:\/\/despensafranciscana.com\/de\/loja\/quinta-da-cabaca-2019\/#breadcrumb\"},\"inLanguage\":\"de\",\"potentialAction\":[{\"@type\":\"ReadAction\",\"target\":[\"https:\/\/despensafranciscana.com\/de\/loja\/quinta-da-cabaca-2019\/\"]}]},{\"@type\":\"ImageObject\",\"inLanguage\":\"de\",\"@id\":\"https:\/\/despensafranciscana.com\/de\/loja\/quinta-da-cabaca-2019\/#primaryimage\",\"url\":\"https:\/\/despensafranciscana.com\/wp-content\/uploads\/2025\/10\/202405_APW_QuintaCabaca.webp\",\"contentUrl\":\"https:\/\/despensafranciscana.com\/wp-content\/uploads\/2025\/10\/202405_APW_QuintaCabaca.webp\",\"width\":1600,\"height\":1600},{\"@type\":\"BreadcrumbList\",\"@id\":\"https:\/\/despensafranciscana.com\/de\/loja\/quinta-da-cabaca-2019\/#breadcrumb\",\"itemListElement\":[{\"@type\":\"ListItem\",\"position\":1,\"name\":\"In\u00edcio\",\"item\":\"https:\/\/despensafranciscana.com\/\"},{\"@type\":\"ListItem\",\"position\":2,\"name\":\"Loja\",\"item\":\"https:\/\/despensafranciscana.com\/loja\/\"},{\"@type\":\"ListItem\",\"position\":3,\"name\":\"Quinta da Caba\u00e7a 2019\"}]},{\"@type\":\"WebSite\",\"@id\":\"https:\/\/despensafranciscana.com\/#website\",\"url\":\"https:\/\/despensafranciscana.com\/\",\"name\":\"Despensa Franciscana\",\"description\":\"Despensa Franciscana\",\"publisher\":{\"@id\":\"https:\/\/despensafranciscana.com\/#organization\"},\"potentialAction\":[{\"@type\":\"SearchAction\",\"target\":{\"@type\":\"EntryPoint\",\"urlTemplate\":\"https:\/\/despensafranciscana.com\/?s={search_term_string}\"},\"query-input\":{\"@type\":\"PropertyValueSpecification\",\"valueRequired\":true,\"valueName\":\"search_term_string\"}}],\"inLanguage\":\"de\"},{\"@type\":\"Organization\",\"@id\":\"https:\/\/despensafranciscana.com\/#organization\",\"name\":\"Despensa Franciscana\",\"url\":\"https:\/\/despensafranciscana.com\/\",\"logo\":{\"@type\":\"ImageObject\",\"inLanguage\":\"de\",\"@id\":\"https:\/\/despensafranciscana.com\/#\/schema\/logo\/image\/\",\"url\":\"https:\/\/despensafranciscana.com\/wp-content\/uploads\/2025\/02\/despensa-franciscana-revamp-logos-8.png\",\"contentUrl\":\"https:\/\/despensafranciscana.com\/wp-content\/uploads\/2025\/02\/despensa-franciscana-revamp-logos-8.png\",\"width\":1920,\"height\":628,\"caption\":\"Despensa Franciscana\"},\"image\":{\"@id\":\"https:\/\/despensafranciscana.com\/#\/schema\/logo\/image\/\"},\"sameAs\":[\"https:\/\/www.facebook.com\/despensafranciscana\/\",\"https:\/\/www.instagram.com\/despensafranciscana\/\"]}]}<\/script>\n<!-- \/ Yoast SEO plugin. -->","yoast_head_json":{"title":"Quinta da Caba\u00e7a 2019 - Despensa Franciscana","robots":{"index":"index","follow":"follow","max-snippet":"max-snippet:-1","max-image-preview":"max-image-preview:large","max-video-preview":"max-video-preview:-1"},"canonical":"https:\/\/despensafranciscana.com\/de\/loja\/quinta-da-cabaca-2019\/","og_locale":"de_DE","og_type":"article","og_title":"Quinta da Caba\u00e7a 2019 - Despensa Franciscana","og_description":"NOTAS DE PROVA No nariz apresenta compota, com frutos cristalizados, aparados de nuances de cacau. Na boca um vinho com taninos presentes, com final longo e persistente.  CAPACIDADE: 75 cl  TEOR ALCO\u00d3LICO: 15% Vol  SUGEST\u00c3O DE ACOMPANHAMENTO Temperatura de 16-17\u00baC. Excelente em acompanhamento de pratos t\u00edpicos alentejanos e de carne como vitela, borrego ou ca\u00e7a. Em termos de sobremesas, combina na perfei\u00e7\u00e3o com os t\u00edpicos doces conventuais portugueses. Este vinho poder\u00e1 ser consumido de imediato, ou poder\u00e1 guardar e estagiar em garrafa at\u00e9 cerca de 10 anos.  CASTAS Aragonez, Trincadeira, Alicante Bouschet e Cinsault.","og_url":"https:\/\/despensafranciscana.com\/de\/loja\/quinta-da-cabaca-2019\/","og_site_name":"Despensa Franciscana","article_publisher":"https:\/\/www.facebook.com\/despensafranciscana\/","article_modified_time":"2025-10-20T11:38:49+00:00","og_image":[{"width":1600,"height":1600,"url":"https:\/\/despensafranciscana.com\/wp-content\/uploads\/2025\/10\/202405_APW_QuintaCabaca.webp","type":"image\/webp"}],"twitter_card":"summary_large_image","twitter_misc":{"Gesch\u00e4tzte Lesezeit":"2\u00a0Minuten"},"schema":{"@context":"https:\/\/schema.org","@graph":[{"@type":"WebPage","@id":"https:\/\/despensafranciscana.com\/de\/loja\/quinta-da-cabaca-2019\/","url":"https:\/\/despensafranciscana.com\/de\/loja\/quinta-da-cabaca-2019\/","name":"Quinta da Caba\u00e7a 2019 - Despensa Franciscana","isPartOf":{"@id":"https:\/\/despensafranciscana.com\/#website"},"primaryImageOfPage":{"@id":"https:\/\/despensafranciscana.com\/de\/loja\/quinta-da-cabaca-2019\/#primaryimage"},"image":{"@id":"https:\/\/despensafranciscana.com\/de\/loja\/quinta-da-cabaca-2019\/#primaryimage"},"thumbnailUrl":"https:\/\/despensafranciscana.com\/wp-content\/uploads\/2025\/10\/202405_APW_QuintaCabaca.webp","datePublished":"2025-10-20T11:26:41+00:00","dateModified":"2025-10-20T11:38:49+00:00","breadcrumb":{"@id":"https:\/\/despensafranciscana.com\/de\/loja\/quinta-da-cabaca-2019\/#breadcrumb"},"inLanguage":"de","potentialAction":[{"@type":"ReadAction","target":["https:\/\/despensafranciscana.com\/de\/loja\/quinta-da-cabaca-2019\/"]}]},{"@type":"ImageObject","inLanguage":"de","@id":"https:\/\/despensafranciscana.com\/de\/loja\/quinta-da-cabaca-2019\/#primaryimage","url":"https:\/\/despensafranciscana.com\/wp-content\/uploads\/2025\/10\/202405_APW_QuintaCabaca.webp","contentUrl":"https:\/\/despensafranciscana.com\/wp-content\/uploads\/2025\/10\/202405_APW_QuintaCabaca.webp","width":1600,"height":1600},{"@type":"BreadcrumbList","@id":"https:\/\/despensafranciscana.com\/de\/loja\/quinta-da-cabaca-2019\/#breadcrumb","itemListElement":[{"@type":"ListItem","position":1,"name":"In\u00edcio","item":"https:\/\/despensafranciscana.com\/"},{"@type":"ListItem","position":2,"name":"Loja","item":"https:\/\/despensafranciscana.com\/loja\/"},{"@type":"ListItem","position":3,"name":"Quinta da Caba\u00e7a 2019"}]},{"@type":"WebSite","@id":"https:\/\/despensafranciscana.com\/#website","url":"https:\/\/despensafranciscana.com\/","name":"Franziskanische Speisekammer","description":"Franziskanische Speisekammer","publisher":{"@id":"https:\/\/despensafranciscana.com\/#organization"},"potentialAction":[{"@type":"SearchAction","target":{"@type":"EntryPoint","urlTemplate":"https:\/\/despensafranciscana.com\/?s={search_term_string}"},"query-input":{"@type":"PropertyValueSpecification","valueRequired":true,"valueName":"search_term_string"}}],"inLanguage":"de"},{"@type":"Organization","@id":"https:\/\/despensafranciscana.com\/#organization","name":"Franziskanische Speisekammer","url":"https:\/\/despensafranciscana.com\/","logo":{"@type":"ImageObject","inLanguage":"de","@id":"https:\/\/despensafranciscana.com\/#\/schema\/logo\/image\/","url":"https:\/\/despensafranciscana.com\/wp-content\/uploads\/2025\/02\/despensa-franciscana-revamp-logos-8.png","contentUrl":"https:\/\/despensafranciscana.com\/wp-content\/uploads\/2025\/02\/despensa-franciscana-revamp-logos-8.png","width":1920,"height":628,"caption":"Despensa Franciscana"},"image":{"@id":"https:\/\/despensafranciscana.com\/#\/schema\/logo\/image\/"},"sameAs":["https:\/\/www.facebook.com\/despensafranciscana\/","https:\/\/www.instagram.com\/despensafranciscana\/"]}]}},"_links":{"self":[{"href":"https:\/\/despensafranciscana.com\/de\/wp-json\/wp\/v2\/product\/17548","targetHints":{"allow":["GET"]}}],"collection":[{"href":"https:\/\/despensafranciscana.com\/de\/wp-json\/wp\/v2\/product"}],"about":[{"href":"https:\/\/despensafranciscana.com\/de\/wp-json\/wp\/v2\/types\/product"}],"wp:featuredmedia":[{"embeddable":true,"href":"https:\/\/despensafranciscana.com\/de\/wp-json\/wp\/v2\/media\/17549"}],"wp:attachment":[{"href":"https:\/\/despensafranciscana.com\/de\/wp-json\/wp\/v2\/media?parent=17548"}],"wp:term":[{"taxonomy":"product_brand","embeddable":true,"href":"https:\/\/despensafranciscana.com\/de\/wp-json\/wp\/v2\/product_brand?post=17548"},{"taxonomy":"product_cat","embeddable":true,"href":"https:\/\/despensafranciscana.com\/de\/wp-json\/wp\/v2\/product_cat?post=17548"},{"taxonomy":"product_tag","embeddable":true,"href":"https:\/\/despensafranciscana.com\/de\/wp-json\/wp\/v2\/product_tag?post=17548"}],"curies":[{"name":"wp","href":"https:\/\/api.w.org\/{rel}","templated":true}]}}