{"id":17546,"date":"2025-10-20T12:20:05","date_gmt":"2025-10-20T11:20:05","guid":{"rendered":"https:\/\/despensafranciscana.com\/?post_type=product&#038;p=17546"},"modified":"2025-10-20T12:21:18","modified_gmt":"2025-10-20T11:21:18","slug":"portalegre-rose-2021","status":"publish","type":"product","link":"https:\/\/despensafranciscana.com\/de\/loja\/portalegre-rose-2021\/","title":{"rendered":"Portalegre Ros\u00e9 2021"},"content":{"rendered":"<p><strong>SOBRE<\/strong><br \/>\nFundada em 1954 por viticultores da regi\u00e3o e inserida no Parque Natural da Serra de S. Mamede, desde o in\u00edcio, a Adega de Portalegre distinguiu-se pela qualidade e originalidade dos seus vinhos, provenientes, da sua vinha pr\u00f3pria, a Quinta da Caba\u00e7a com 22 hectares, e 32 castas diferentes e tamb\u00e9m uvas compradas a pequenos produtores espalhados por toda a serra de S\u00e3o Mamede, com altitudes entre os 550 a 700 metros.<\/p>\n<p><strong>VITICULTURA E VINIFICA\u00c7\u00c3O<\/strong><br \/>\n\u00c9 de uma casta em vias de extin\u00e7\u00e3o que nasce este PORTALEGRE Ros\u00e9. 2021 mostrou-se um ano bastante seco, com uma precipita\u00e7\u00e3o media anual de cerca de metade do normal. Um Inverno seco e frio, seguido de uma Primavera seca e de temperaturas amenas. Por sua vez, o Ver\u00e3o fresco, com temperatura m\u00e9dias de 16 \u00ba C, conseguiu mitigar os efeitos da falta de \u00e1gua, permitindo matura\u00e7\u00f5es lentas e prolongadas. Estas quest\u00f5es permitiram um equil\u00edbrio fant\u00e1stico entre, taninos, \u00e1cidos e a\u00e7ucares. 2021 foi o ano perfeito para esta casta. Visto ser uma casta que n\u00e3o necessita de muitos cuidados para o seu desenvolvimento, por outro lado apresenta uma sensibilidade \u00e0s altas temperaturas. Esta conflu\u00eancia de acontecimentos, permitiu pela primeira vez reproduzir e engarrafar esta casta bastante rara.<\/p>\n<p><strong>VINDIMA<\/strong><br \/>\nA vindima foi feita a partir de vinhas com m\u00e9dia de 80 anos de idade, em caixas de 20kg, vinificada com cacho inteiro dentro de barricas de carvalho franc\u00eas onde fez a fermenta\u00e7\u00e3o alco\u00f3lica e malol\u00e1tica, num processo 100% natural. Est\u00e1gio em barrica de 300 litros de carvalho franc\u00eas durante 2 anos.<\/p>\n<p><strong>TRANSPORTE E ARMAZENAGEM<\/strong><br \/>\nPara evitar altera\u00e7\u00f5es precoces nas caracter\u00edsticas organol\u00e9pticas e f\u00edsico-qu\u00edmicas de um vinho, este dever\u00e1 ser transportado e armazenado em boas condi\u00e7\u00f5es ambientais, nomeadamente de temperatura (10 \u2013 18\u00b0C) e de humidade relativa (50 \u2013 80%).<\/p>","protected":false},"excerpt":{"rendered":"<p><strong>NOTAS DE PROVA<\/strong><br \/>\nNariz complexo casca de tangerina, maracuj\u00e1, licor de am\u00eandoa e rosa branca. Boca bastante volumosa e fresca, sobressaindo frutos tropicais e secos amparado de nuances c\u00edtricas.<\/p>\n<p><strong>COMO SERVIR<\/strong><br \/>\nTemperatura entre os 10 -12\u00baC.<\/p>\n<p><strong>CASTAS<\/strong><br \/>\nCasta Liona<\/p>\n<p><span class=\"fontstyle0\"><strong>KAPAZIT\u00c4T<\/strong>: <\/span><span class=\"fontstyle1\">75 cl<\/span><\/p>\n<p><span class=\"fontstyle0\"><strong>TEOR ALCO\u00d3LICO<\/strong>: <\/span><span class=\"fontstyle1\">12,5% Vol.<\/span><\/p>","protected":false},"featured_media":17547,"template":"","meta":[],"product_brand":[],"product_cat":[39],"product_tag":[],"class_list":{"0":"post-17546","1":"product","2":"type-product","3":"status-publish","4":"has-post-thumbnail","6":"product_cat-bebidas","8":"first","9":"instock","10":"taxable","11":"shipping-taxable","12":"purchasable","13":"product-type-simple"},"yoast_head":"<!-- This site is optimized with the Yoast SEO plugin v27.2 - https:\/\/yoast.com\/product\/yoast-seo-wordpress\/ -->\n<title>Portalegre Ros\u00e9 2021 - Despensa Franciscana<\/title>\n<meta name=\"robots\" content=\"index, follow, max-snippet:-1, max-image-preview:large, max-video-preview:-1\" \/>\n<link rel=\"canonical\" href=\"https:\/\/despensafranciscana.com\/de\/loja\/portalegre-rose-2021\/\" \/>\n<meta property=\"og:locale\" content=\"de_DE\" \/>\n<meta property=\"og:type\" content=\"article\" \/>\n<meta property=\"og:title\" content=\"Portalegre Ros\u00e9 2021 - Despensa Franciscana\" \/>\n<meta property=\"og:description\" content=\"NOTAS DE PROVA Nariz complexo casca de tangerina, maracuj\u00e1, licor de am\u00eandoa e rosa branca. Boca bastante volumosa e fresca, sobressaindo frutos tropicais e secos amparado de nuances c\u00edtricas.  COMO SERVIR Temperatura entre os 10 -12\u00baC.  CASTAS Casta Liona  CAPACIDADE: 75 cl  TEOR ALCO\u00d3LICO: 12,5% Vol.\" \/>\n<meta property=\"og:url\" content=\"https:\/\/despensafranciscana.com\/de\/loja\/portalegre-rose-2021\/\" \/>\n<meta property=\"og:site_name\" content=\"Despensa Franciscana\" \/>\n<meta property=\"article:publisher\" content=\"https:\/\/www.facebook.com\/despensafranciscana\/\" \/>\n<meta property=\"article:modified_time\" content=\"2025-10-20T11:21:18+00:00\" \/>\n<meta property=\"og:image\" content=\"https:\/\/despensafranciscana.com\/wp-content\/uploads\/2025\/10\/202404_APW_PortalegreRose2021.png\" \/>\n\t<meta property=\"og:image:width\" content=\"1349\" \/>\n\t<meta property=\"og:image:height\" content=\"1349\" \/>\n\t<meta property=\"og:image:type\" content=\"image\/png\" \/>\n<meta name=\"twitter:card\" content=\"summary_large_image\" \/>\n<meta name=\"twitter:label1\" content=\"Gesch\u00e4tzte Lesezeit\" \/>\n\t<meta name=\"twitter:data1\" content=\"2\u00a0Minuten\" \/>\n<script type=\"application\/ld+json\" class=\"yoast-schema-graph\">{\"@context\":\"https:\/\/schema.org\",\"@graph\":[{\"@type\":\"WebPage\",\"@id\":\"https:\/\/despensafranciscana.com\/loja\/portalegre-rose-2021\/\",\"url\":\"https:\/\/despensafranciscana.com\/loja\/portalegre-rose-2021\/\",\"name\":\"Portalegre Ros\u00e9 2021 - Despensa Franciscana\",\"isPartOf\":{\"@id\":\"https:\/\/despensafranciscana.com\/#website\"},\"primaryImageOfPage\":{\"@id\":\"https:\/\/despensafranciscana.com\/loja\/portalegre-rose-2021\/#primaryimage\"},\"image\":{\"@id\":\"https:\/\/despensafranciscana.com\/loja\/portalegre-rose-2021\/#primaryimage\"},\"thumbnailUrl\":\"https:\/\/despensafranciscana.com\/wp-content\/uploads\/2025\/10\/202404_APW_PortalegreRose2021.png\",\"datePublished\":\"2025-10-20T11:20:05+00:00\",\"dateModified\":\"2025-10-20T11:21:18+00:00\",\"breadcrumb\":{\"@id\":\"https:\/\/despensafranciscana.com\/loja\/portalegre-rose-2021\/#breadcrumb\"},\"inLanguage\":\"de\",\"potentialAction\":[{\"@type\":\"ReadAction\",\"target\":[\"https:\/\/despensafranciscana.com\/loja\/portalegre-rose-2021\/\"]}]},{\"@type\":\"ImageObject\",\"inLanguage\":\"de\",\"@id\":\"https:\/\/despensafranciscana.com\/loja\/portalegre-rose-2021\/#primaryimage\",\"url\":\"https:\/\/despensafranciscana.com\/wp-content\/uploads\/2025\/10\/202404_APW_PortalegreRose2021.png\",\"contentUrl\":\"https:\/\/despensafranciscana.com\/wp-content\/uploads\/2025\/10\/202404_APW_PortalegreRose2021.png\",\"width\":1349,\"height\":1349},{\"@type\":\"BreadcrumbList\",\"@id\":\"https:\/\/despensafranciscana.com\/loja\/portalegre-rose-2021\/#breadcrumb\",\"itemListElement\":[{\"@type\":\"ListItem\",\"position\":1,\"name\":\"In\u00edcio\",\"item\":\"https:\/\/despensafranciscana.com\/\"},{\"@type\":\"ListItem\",\"position\":2,\"name\":\"Loja\",\"item\":\"https:\/\/despensafranciscana.com\/loja\/\"},{\"@type\":\"ListItem\",\"position\":3,\"name\":\"Portalegre Ros\u00e9 2021\"}]},{\"@type\":\"WebSite\",\"@id\":\"https:\/\/despensafranciscana.com\/#website\",\"url\":\"https:\/\/despensafranciscana.com\/\",\"name\":\"Despensa Franciscana\",\"description\":\"Despensa Franciscana\",\"publisher\":{\"@id\":\"https:\/\/despensafranciscana.com\/#organization\"},\"potentialAction\":[{\"@type\":\"SearchAction\",\"target\":{\"@type\":\"EntryPoint\",\"urlTemplate\":\"https:\/\/despensafranciscana.com\/?s={search_term_string}\"},\"query-input\":{\"@type\":\"PropertyValueSpecification\",\"valueRequired\":true,\"valueName\":\"search_term_string\"}}],\"inLanguage\":\"de\"},{\"@type\":\"Organization\",\"@id\":\"https:\/\/despensafranciscana.com\/#organization\",\"name\":\"Despensa Franciscana\",\"url\":\"https:\/\/despensafranciscana.com\/\",\"logo\":{\"@type\":\"ImageObject\",\"inLanguage\":\"de\",\"@id\":\"https:\/\/despensafranciscana.com\/#\/schema\/logo\/image\/\",\"url\":\"https:\/\/despensafranciscana.com\/wp-content\/uploads\/2025\/02\/despensa-franciscana-revamp-logos-8.png\",\"contentUrl\":\"https:\/\/despensafranciscana.com\/wp-content\/uploads\/2025\/02\/despensa-franciscana-revamp-logos-8.png\",\"width\":1920,\"height\":628,\"caption\":\"Despensa Franciscana\"},\"image\":{\"@id\":\"https:\/\/despensafranciscana.com\/#\/schema\/logo\/image\/\"},\"sameAs\":[\"https:\/\/www.facebook.com\/despensafranciscana\/\",\"https:\/\/www.instagram.com\/despensafranciscana\/\"]}]}<\/script>\n<!-- \/ Yoast SEO plugin. -->","yoast_head_json":{"title":"Portalegre Ros\u00e9 2021 - Despensa Franciscana","robots":{"index":"index","follow":"follow","max-snippet":"max-snippet:-1","max-image-preview":"max-image-preview:large","max-video-preview":"max-video-preview:-1"},"canonical":"https:\/\/despensafranciscana.com\/de\/loja\/portalegre-rose-2021\/","og_locale":"de_DE","og_type":"article","og_title":"Portalegre Ros\u00e9 2021 - Despensa Franciscana","og_description":"NOTAS DE PROVA Nariz complexo casca de tangerina, maracuj\u00e1, licor de am\u00eandoa e rosa branca. Boca bastante volumosa e fresca, sobressaindo frutos tropicais e secos amparado de nuances c\u00edtricas.  COMO SERVIR Temperatura entre os 10 -12\u00baC.  CASTAS Casta Liona  CAPACIDADE: 75 cl  TEOR ALCO\u00d3LICO: 12,5% Vol.","og_url":"https:\/\/despensafranciscana.com\/de\/loja\/portalegre-rose-2021\/","og_site_name":"Despensa Franciscana","article_publisher":"https:\/\/www.facebook.com\/despensafranciscana\/","article_modified_time":"2025-10-20T11:21:18+00:00","og_image":[{"width":1349,"height":1349,"url":"https:\/\/despensafranciscana.com\/wp-content\/uploads\/2025\/10\/202404_APW_PortalegreRose2021.png","type":"image\/png"}],"twitter_card":"summary_large_image","twitter_misc":{"Gesch\u00e4tzte Lesezeit":"2\u00a0Minuten"},"schema":{"@context":"https:\/\/schema.org","@graph":[{"@type":"WebPage","@id":"https:\/\/despensafranciscana.com\/loja\/portalegre-rose-2021\/","url":"https:\/\/despensafranciscana.com\/loja\/portalegre-rose-2021\/","name":"Portalegre Ros\u00e9 2021 - Despensa Franciscana","isPartOf":{"@id":"https:\/\/despensafranciscana.com\/#website"},"primaryImageOfPage":{"@id":"https:\/\/despensafranciscana.com\/loja\/portalegre-rose-2021\/#primaryimage"},"image":{"@id":"https:\/\/despensafranciscana.com\/loja\/portalegre-rose-2021\/#primaryimage"},"thumbnailUrl":"https:\/\/despensafranciscana.com\/wp-content\/uploads\/2025\/10\/202404_APW_PortalegreRose2021.png","datePublished":"2025-10-20T11:20:05+00:00","dateModified":"2025-10-20T11:21:18+00:00","breadcrumb":{"@id":"https:\/\/despensafranciscana.com\/loja\/portalegre-rose-2021\/#breadcrumb"},"inLanguage":"de","potentialAction":[{"@type":"ReadAction","target":["https:\/\/despensafranciscana.com\/loja\/portalegre-rose-2021\/"]}]},{"@type":"ImageObject","inLanguage":"de","@id":"https:\/\/despensafranciscana.com\/loja\/portalegre-rose-2021\/#primaryimage","url":"https:\/\/despensafranciscana.com\/wp-content\/uploads\/2025\/10\/202404_APW_PortalegreRose2021.png","contentUrl":"https:\/\/despensafranciscana.com\/wp-content\/uploads\/2025\/10\/202404_APW_PortalegreRose2021.png","width":1349,"height":1349},{"@type":"BreadcrumbList","@id":"https:\/\/despensafranciscana.com\/loja\/portalegre-rose-2021\/#breadcrumb","itemListElement":[{"@type":"ListItem","position":1,"name":"In\u00edcio","item":"https:\/\/despensafranciscana.com\/"},{"@type":"ListItem","position":2,"name":"Loja","item":"https:\/\/despensafranciscana.com\/loja\/"},{"@type":"ListItem","position":3,"name":"Portalegre Ros\u00e9 2021"}]},{"@type":"WebSite","@id":"https:\/\/despensafranciscana.com\/#website","url":"https:\/\/despensafranciscana.com\/","name":"Franziskanische Speisekammer","description":"Franziskanische Speisekammer","publisher":{"@id":"https:\/\/despensafranciscana.com\/#organization"},"potentialAction":[{"@type":"SearchAction","target":{"@type":"EntryPoint","urlTemplate":"https:\/\/despensafranciscana.com\/?s={search_term_string}"},"query-input":{"@type":"PropertyValueSpecification","valueRequired":true,"valueName":"search_term_string"}}],"inLanguage":"de"},{"@type":"Organization","@id":"https:\/\/despensafranciscana.com\/#organization","name":"Franziskanische Speisekammer","url":"https:\/\/despensafranciscana.com\/","logo":{"@type":"ImageObject","inLanguage":"de","@id":"https:\/\/despensafranciscana.com\/#\/schema\/logo\/image\/","url":"https:\/\/despensafranciscana.com\/wp-content\/uploads\/2025\/02\/despensa-franciscana-revamp-logos-8.png","contentUrl":"https:\/\/despensafranciscana.com\/wp-content\/uploads\/2025\/02\/despensa-franciscana-revamp-logos-8.png","width":1920,"height":628,"caption":"Despensa Franciscana"},"image":{"@id":"https:\/\/despensafranciscana.com\/#\/schema\/logo\/image\/"},"sameAs":["https:\/\/www.facebook.com\/despensafranciscana\/","https:\/\/www.instagram.com\/despensafranciscana\/"]}]}},"_links":{"self":[{"href":"https:\/\/despensafranciscana.com\/de\/wp-json\/wp\/v2\/product\/17546","targetHints":{"allow":["GET"]}}],"collection":[{"href":"https:\/\/despensafranciscana.com\/de\/wp-json\/wp\/v2\/product"}],"about":[{"href":"https:\/\/despensafranciscana.com\/de\/wp-json\/wp\/v2\/types\/product"}],"wp:featuredmedia":[{"embeddable":true,"href":"https:\/\/despensafranciscana.com\/de\/wp-json\/wp\/v2\/media\/17547"}],"wp:attachment":[{"href":"https:\/\/despensafranciscana.com\/de\/wp-json\/wp\/v2\/media?parent=17546"}],"wp:term":[{"taxonomy":"product_brand","embeddable":true,"href":"https:\/\/despensafranciscana.com\/de\/wp-json\/wp\/v2\/product_brand?post=17546"},{"taxonomy":"product_cat","embeddable":true,"href":"https:\/\/despensafranciscana.com\/de\/wp-json\/wp\/v2\/product_cat?post=17546"},{"taxonomy":"product_tag","embeddable":true,"href":"https:\/\/despensafranciscana.com\/de\/wp-json\/wp\/v2\/product_tag?post=17546"}],"curies":[{"name":"wp","href":"https:\/\/api.w.org\/{rel}","templated":true}]}}