{"id":17543,"date":"2025-10-20T12:10:36","date_gmt":"2025-10-20T11:10:36","guid":{"rendered":"https:\/\/despensafranciscana.com\/?post_type=product&#038;p=17543"},"modified":"2025-10-20T12:43:00","modified_gmt":"2025-10-20T11:43:00","slug":"portalegre-doc-alentejo-branco-2022","status":"publish","type":"product","link":"https:\/\/despensafranciscana.com\/de\/loja\/portalegre-doc-alentejo-branco-2022\/","title":{"rendered":"Portalegre DOC Alentejo Branco 2022"},"content":{"rendered":"<p><strong>SOBRE<\/strong><br \/>\nFundada em 1954 por viticultores da regi\u00e3o e inserida no Parque Natural da Serra de S. Mamede, desde o in\u00edcio, a Adega de Portalegre distinguiu-se pela qualidade e originalidade dos seus vinhos, provenientes, da sua vinha pr\u00f3pria, a Quinta da Caba\u00e7a com 22 hectares, e 32 castas diferentes e tamb\u00e9m uvas compradas a pequenos produtores espalhados por toda a serra de S\u00e3o Mamede, com altitudes entre os 550 a 700 metros.<\/p>\n<p>VITICULTURA<br \/>\nO ano apresentou-se com baixa precipita\u00e7\u00e3o, no inverno e na primavera, e com vagas de calor durante o m\u00eas de Julho e Agosto.<br \/>\nContudo as ra\u00edzes fundas das vinhas velhas e as descidas de temperatura na serra pela sua altitude, conseguiram que o processo de matura\u00e7\u00e3o das uvas se equilibra-se, tornando assim os brancos deste ano bastantes frescos a n\u00edvel arom\u00e1tico e de boca. Rendimentos por hectare: 1000 a 1500 kg.<br \/>\n\u00c9 das uvas da casta bical de uma vinha com cerca 50 anos \u00e1 altitude de 550 metros, em solos calc\u00e1rio-granitos e de vinhas velhas retorcidas e conduzidas em forma de vaso(Goblet) com cerca com m\u00e9dia de 90 anos em solos gran\u00edticos-xistosos, onde se encontra um field blend, entre as castas Roupeiro, Fern\u00e3o Pires, Bical, Arinto e Tamar\u00eas, vindimadas todas ao mesmo tempo, fermentando com as leveduras ind\u00edgenas provenientes das uvas, dando origem a um vinho com uma enorme biodiversidade e complexidade, s\u00edmbolo a cultura vitivin\u00edcola de Portalegre e Portugal. As uvas foram apanhadas em caixas de vindimas de 20 kg, seguindo-se de desengace e esmagamento suave que depois foram prensadas a baixas press\u00f5es, para se obter a melhor qualidade poss\u00edvel.<\/p>\n<p><strong>VINIFIZIERUNG<\/strong><br \/>\nA fermenta\u00e7\u00e3o foi feita a baixas temperaturas, em cubas de inox e barricas de carvalho franc\u00eas, sem qualquer tipo adi\u00e7\u00e3o de produtos durante a fermenta\u00e7\u00e3o. Ap\u00f3s fermenta\u00e7\u00e3o adicionou-se sulfuroso para evitar a Mal\u00f3latica, os vinhos estagiaram em barricas de carvalho franc\u00eas e em \u00e2nforas, sobre borras de fermenta\u00e7\u00e3o, sem qualquer tipo de battonage.<\/p>\n<p><strong>BOAS PR\u00c1TICAS DE TRANSPORTE E ARMAZENAGEM<\/strong><br \/>\nPara evitar altera\u00e7\u00f5es precoces nas caracter\u00edsticas organol\u00e9pticas e f\u00edsico-qu\u00edmicas de um vinho, este dever\u00e1 ser transportado<br \/>\ne armazenado em boas condi\u00e7\u00f5es ambientais, nomeadamente de temperatura (10 \u2013 12\u00b0C) e de humidade relativa (50 \u2013 80%).<\/p>","protected":false},"excerpt":{"rendered":"<p><strong>NOTAS DE PROVA<\/strong><br \/>\nNariz complexo e elegante, com fruta branca, toranja, brioche e flores. Na boca \u00e9 ousado, com o seu grande volume, uma estrutura fresca, tensa e salivante, com final longo. Dando origem a uma boca bastante completa e com aptid\u00e3o gastron\u00f3mica.<\/p>\n<p><strong><span class=\"fontstyle0\">CAPACIDADE: <\/span><\/strong><span class=\"fontstyle1\">75 cl<\/span><\/p>\n<p><strong><span class=\"fontstyle0\">TEOR ALCO\u00d3LICO: <\/span><\/strong><span class=\"fontstyle1\">12,5% Vol.<\/span><\/p>\n<p><strong>CASTAS<\/strong><br \/>\nBical e Vinhas Velhas<\/p>\n<p><strong>SUGEST\u00c3O DE ACOMPANHAMENTO<\/strong><br \/>\nTemperatura ambiente de 7\u00baC &#8211; 12\u00baC. Acompanhamento ideal de peixe assado no forno, caldeirada, arroz de peixes e mariscos,<br \/>\nbacalhau, polvo, carnes de aves, cozinha japonesa, italiana, enchidos caseiros e queijos fortes.<\/p>\n<p>&nbsp;<\/p>","protected":false},"featured_media":17544,"template":"","meta":[],"product_brand":[],"product_cat":[39],"product_tag":[],"class_list":{"0":"post-17543","1":"product","2":"type-product","3":"status-publish","4":"has-post-thumbnail","6":"product_cat-bebidas","8":"first","9":"instock","10":"taxable","11":"shipping-taxable","12":"purchasable","13":"product-type-simple"},"yoast_head":"<!-- This site is optimized with the Yoast SEO plugin v27.2 - https:\/\/yoast.com\/product\/yoast-seo-wordpress\/ -->\n<title>Portalegre DOC Alentejo Branco 2022 - Despensa Franciscana<\/title>\n<meta name=\"robots\" content=\"index, follow, max-snippet:-1, max-image-preview:large, max-video-preview:-1\" \/>\n<link rel=\"canonical\" href=\"https:\/\/despensafranciscana.com\/de\/loja\/portalegre-doc-alentejo-branco-2022\/\" \/>\n<meta property=\"og:locale\" content=\"de_DE\" \/>\n<meta property=\"og:type\" content=\"article\" \/>\n<meta property=\"og:title\" content=\"Portalegre DOC Alentejo Branco 2022 - Despensa Franciscana\" \/>\n<meta property=\"og:description\" content=\"NOTAS DE PROVA Nariz complexo e elegante, com fruta branca, toranja, brioche e flores. Na boca \u00e9 ousado, com o seu grande volume, uma estrutura fresca, tensa e salivante, com final longo. Dando origem a uma boca bastante completa e com aptid\u00e3o gastron\u00f3mica.  CAPACIDADE: 75 cl  TEOR ALCO\u00d3LICO: 12,5% Vol.  CASTAS Bical e Vinhas Velhas  SUGEST\u00c3O DE ACOMPANHAMENTO Temperatura ambiente de 7\u00baC - 12\u00baC. Acompanhamento ideal de peixe assado no forno, caldeirada, arroz de peixes e mariscos, bacalhau, polvo, carnes de aves, cozinha japonesa, italiana, enchidos caseiros e queijos fortes.  &nbsp;\" \/>\n<meta property=\"og:url\" content=\"https:\/\/despensafranciscana.com\/de\/loja\/portalegre-doc-alentejo-branco-2022\/\" \/>\n<meta property=\"og:site_name\" content=\"Despensa Franciscana\" \/>\n<meta property=\"article:publisher\" content=\"https:\/\/www.facebook.com\/despensafranciscana\/\" \/>\n<meta property=\"article:modified_time\" content=\"2025-10-20T11:43:00+00:00\" \/>\n<meta property=\"og:image\" content=\"https:\/\/despensafranciscana.com\/wp-content\/uploads\/2025\/10\/202401_APW_PortalegreBranco.webp\" \/>\n\t<meta property=\"og:image:width\" content=\"1600\" \/>\n\t<meta property=\"og:image:height\" content=\"1600\" \/>\n\t<meta property=\"og:image:type\" content=\"image\/webp\" \/>\n<meta name=\"twitter:card\" content=\"summary_large_image\" \/>\n<meta name=\"twitter:label1\" content=\"Gesch\u00e4tzte Lesezeit\" \/>\n\t<meta name=\"twitter:data1\" content=\"3\u00a0Minuten\" \/>\n<script type=\"application\/ld+json\" class=\"yoast-schema-graph\">{\"@context\":\"https:\/\/schema.org\",\"@graph\":[{\"@type\":\"WebPage\",\"@id\":\"https:\/\/despensafranciscana.com\/en\/loja\/portalegre-doc-alentejo-branco-2022\/\",\"url\":\"https:\/\/despensafranciscana.com\/en\/loja\/portalegre-doc-alentejo-branco-2022\/\",\"name\":\"Portalegre DOC Alentejo Branco 2022 - Despensa Franciscana\",\"isPartOf\":{\"@id\":\"https:\/\/despensafranciscana.com\/#website\"},\"primaryImageOfPage\":{\"@id\":\"https:\/\/despensafranciscana.com\/en\/loja\/portalegre-doc-alentejo-branco-2022\/#primaryimage\"},\"image\":{\"@id\":\"https:\/\/despensafranciscana.com\/en\/loja\/portalegre-doc-alentejo-branco-2022\/#primaryimage\"},\"thumbnailUrl\":\"https:\/\/despensafranciscana.com\/wp-content\/uploads\/2025\/10\/202401_APW_PortalegreBranco.webp\",\"datePublished\":\"2025-10-20T11:10:36+00:00\",\"dateModified\":\"2025-10-20T11:43:00+00:00\",\"breadcrumb\":{\"@id\":\"https:\/\/despensafranciscana.com\/en\/loja\/portalegre-doc-alentejo-branco-2022\/#breadcrumb\"},\"inLanguage\":\"de\",\"potentialAction\":[{\"@type\":\"ReadAction\",\"target\":[\"https:\/\/despensafranciscana.com\/en\/loja\/portalegre-doc-alentejo-branco-2022\/\"]}]},{\"@type\":\"ImageObject\",\"inLanguage\":\"de\",\"@id\":\"https:\/\/despensafranciscana.com\/en\/loja\/portalegre-doc-alentejo-branco-2022\/#primaryimage\",\"url\":\"https:\/\/despensafranciscana.com\/wp-content\/uploads\/2025\/10\/202401_APW_PortalegreBranco.webp\",\"contentUrl\":\"https:\/\/despensafranciscana.com\/wp-content\/uploads\/2025\/10\/202401_APW_PortalegreBranco.webp\",\"width\":1600,\"height\":1600},{\"@type\":\"BreadcrumbList\",\"@id\":\"https:\/\/despensafranciscana.com\/en\/loja\/portalegre-doc-alentejo-branco-2022\/#breadcrumb\",\"itemListElement\":[{\"@type\":\"ListItem\",\"position\":1,\"name\":\"In\u00edcio\",\"item\":\"https:\/\/despensafranciscana.com\/\"},{\"@type\":\"ListItem\",\"position\":2,\"name\":\"Loja\",\"item\":\"https:\/\/despensafranciscana.com\/loja\/\"},{\"@type\":\"ListItem\",\"position\":3,\"name\":\"Portalegre DOC Alentejo Branco 2022\"}]},{\"@type\":\"WebSite\",\"@id\":\"https:\/\/despensafranciscana.com\/#website\",\"url\":\"https:\/\/despensafranciscana.com\/\",\"name\":\"Despensa Franciscana\",\"description\":\"Despensa Franciscana\",\"publisher\":{\"@id\":\"https:\/\/despensafranciscana.com\/#organization\"},\"potentialAction\":[{\"@type\":\"SearchAction\",\"target\":{\"@type\":\"EntryPoint\",\"urlTemplate\":\"https:\/\/despensafranciscana.com\/?s={search_term_string}\"},\"query-input\":{\"@type\":\"PropertyValueSpecification\",\"valueRequired\":true,\"valueName\":\"search_term_string\"}}],\"inLanguage\":\"de\"},{\"@type\":\"Organization\",\"@id\":\"https:\/\/despensafranciscana.com\/#organization\",\"name\":\"Despensa Franciscana\",\"url\":\"https:\/\/despensafranciscana.com\/\",\"logo\":{\"@type\":\"ImageObject\",\"inLanguage\":\"de\",\"@id\":\"https:\/\/despensafranciscana.com\/#\/schema\/logo\/image\/\",\"url\":\"https:\/\/despensafranciscana.com\/wp-content\/uploads\/2025\/02\/despensa-franciscana-revamp-logos-8.png\",\"contentUrl\":\"https:\/\/despensafranciscana.com\/wp-content\/uploads\/2025\/02\/despensa-franciscana-revamp-logos-8.png\",\"width\":1920,\"height\":628,\"caption\":\"Despensa Franciscana\"},\"image\":{\"@id\":\"https:\/\/despensafranciscana.com\/#\/schema\/logo\/image\/\"},\"sameAs\":[\"https:\/\/www.facebook.com\/despensafranciscana\/\",\"https:\/\/www.instagram.com\/despensafranciscana\/\"]}]}<\/script>\n<!-- \/ Yoast SEO plugin. -->","yoast_head_json":{"title":"Portalegre DOC Alentejo Branco 2022 - Despensa Franciscana","robots":{"index":"index","follow":"follow","max-snippet":"max-snippet:-1","max-image-preview":"max-image-preview:large","max-video-preview":"max-video-preview:-1"},"canonical":"https:\/\/despensafranciscana.com\/de\/loja\/portalegre-doc-alentejo-branco-2022\/","og_locale":"de_DE","og_type":"article","og_title":"Portalegre DOC Alentejo Branco 2022 - Despensa Franciscana","og_description":"NOTAS DE PROVA Nariz complexo e elegante, com fruta branca, toranja, brioche e flores. Na boca \u00e9 ousado, com o seu grande volume, uma estrutura fresca, tensa e salivante, com final longo. Dando origem a uma boca bastante completa e com aptid\u00e3o gastron\u00f3mica.  CAPACIDADE: 75 cl  TEOR ALCO\u00d3LICO: 12,5% Vol.  CASTAS Bical e Vinhas Velhas  SUGEST\u00c3O DE ACOMPANHAMENTO Temperatura ambiente de 7\u00baC - 12\u00baC. Acompanhamento ideal de peixe assado no forno, caldeirada, arroz de peixes e mariscos, bacalhau, polvo, carnes de aves, cozinha japonesa, italiana, enchidos caseiros e queijos fortes.  &nbsp;","og_url":"https:\/\/despensafranciscana.com\/de\/loja\/portalegre-doc-alentejo-branco-2022\/","og_site_name":"Despensa Franciscana","article_publisher":"https:\/\/www.facebook.com\/despensafranciscana\/","article_modified_time":"2025-10-20T11:43:00+00:00","og_image":[{"width":1600,"height":1600,"url":"https:\/\/despensafranciscana.com\/wp-content\/uploads\/2025\/10\/202401_APW_PortalegreBranco.webp","type":"image\/webp"}],"twitter_card":"summary_large_image","twitter_misc":{"Gesch\u00e4tzte Lesezeit":"3\u00a0Minuten"},"schema":{"@context":"https:\/\/schema.org","@graph":[{"@type":"WebPage","@id":"https:\/\/despensafranciscana.com\/en\/loja\/portalegre-doc-alentejo-branco-2022\/","url":"https:\/\/despensafranciscana.com\/en\/loja\/portalegre-doc-alentejo-branco-2022\/","name":"Portalegre DOC Alentejo Branco 2022 - Despensa Franciscana","isPartOf":{"@id":"https:\/\/despensafranciscana.com\/#website"},"primaryImageOfPage":{"@id":"https:\/\/despensafranciscana.com\/en\/loja\/portalegre-doc-alentejo-branco-2022\/#primaryimage"},"image":{"@id":"https:\/\/despensafranciscana.com\/en\/loja\/portalegre-doc-alentejo-branco-2022\/#primaryimage"},"thumbnailUrl":"https:\/\/despensafranciscana.com\/wp-content\/uploads\/2025\/10\/202401_APW_PortalegreBranco.webp","datePublished":"2025-10-20T11:10:36+00:00","dateModified":"2025-10-20T11:43:00+00:00","breadcrumb":{"@id":"https:\/\/despensafranciscana.com\/en\/loja\/portalegre-doc-alentejo-branco-2022\/#breadcrumb"},"inLanguage":"de","potentialAction":[{"@type":"ReadAction","target":["https:\/\/despensafranciscana.com\/en\/loja\/portalegre-doc-alentejo-branco-2022\/"]}]},{"@type":"ImageObject","inLanguage":"de","@id":"https:\/\/despensafranciscana.com\/en\/loja\/portalegre-doc-alentejo-branco-2022\/#primaryimage","url":"https:\/\/despensafranciscana.com\/wp-content\/uploads\/2025\/10\/202401_APW_PortalegreBranco.webp","contentUrl":"https:\/\/despensafranciscana.com\/wp-content\/uploads\/2025\/10\/202401_APW_PortalegreBranco.webp","width":1600,"height":1600},{"@type":"BreadcrumbList","@id":"https:\/\/despensafranciscana.com\/en\/loja\/portalegre-doc-alentejo-branco-2022\/#breadcrumb","itemListElement":[{"@type":"ListItem","position":1,"name":"In\u00edcio","item":"https:\/\/despensafranciscana.com\/"},{"@type":"ListItem","position":2,"name":"Loja","item":"https:\/\/despensafranciscana.com\/loja\/"},{"@type":"ListItem","position":3,"name":"Portalegre DOC Alentejo Branco 2022"}]},{"@type":"WebSite","@id":"https:\/\/despensafranciscana.com\/#website","url":"https:\/\/despensafranciscana.com\/","name":"Franziskanische Speisekammer","description":"Franziskanische Speisekammer","publisher":{"@id":"https:\/\/despensafranciscana.com\/#organization"},"potentialAction":[{"@type":"SearchAction","target":{"@type":"EntryPoint","urlTemplate":"https:\/\/despensafranciscana.com\/?s={search_term_string}"},"query-input":{"@type":"PropertyValueSpecification","valueRequired":true,"valueName":"search_term_string"}}],"inLanguage":"de"},{"@type":"Organization","@id":"https:\/\/despensafranciscana.com\/#organization","name":"Franziskanische Speisekammer","url":"https:\/\/despensafranciscana.com\/","logo":{"@type":"ImageObject","inLanguage":"de","@id":"https:\/\/despensafranciscana.com\/#\/schema\/logo\/image\/","url":"https:\/\/despensafranciscana.com\/wp-content\/uploads\/2025\/02\/despensa-franciscana-revamp-logos-8.png","contentUrl":"https:\/\/despensafranciscana.com\/wp-content\/uploads\/2025\/02\/despensa-franciscana-revamp-logos-8.png","width":1920,"height":628,"caption":"Despensa Franciscana"},"image":{"@id":"https:\/\/despensafranciscana.com\/#\/schema\/logo\/image\/"},"sameAs":["https:\/\/www.facebook.com\/despensafranciscana\/","https:\/\/www.instagram.com\/despensafranciscana\/"]}]}},"_links":{"self":[{"href":"https:\/\/despensafranciscana.com\/de\/wp-json\/wp\/v2\/product\/17543","targetHints":{"allow":["GET"]}}],"collection":[{"href":"https:\/\/despensafranciscana.com\/de\/wp-json\/wp\/v2\/product"}],"about":[{"href":"https:\/\/despensafranciscana.com\/de\/wp-json\/wp\/v2\/types\/product"}],"wp:featuredmedia":[{"embeddable":true,"href":"https:\/\/despensafranciscana.com\/de\/wp-json\/wp\/v2\/media\/17544"}],"wp:attachment":[{"href":"https:\/\/despensafranciscana.com\/de\/wp-json\/wp\/v2\/media?parent=17543"}],"wp:term":[{"taxonomy":"product_brand","embeddable":true,"href":"https:\/\/despensafranciscana.com\/de\/wp-json\/wp\/v2\/product_brand?post=17543"},{"taxonomy":"product_cat","embeddable":true,"href":"https:\/\/despensafranciscana.com\/de\/wp-json\/wp\/v2\/product_cat?post=17543"},{"taxonomy":"product_tag","embeddable":true,"href":"https:\/\/despensafranciscana.com\/de\/wp-json\/wp\/v2\/product_tag?post=17543"}],"curies":[{"name":"wp","href":"https:\/\/api.w.org\/{rel}","templated":true}]}}