{"id":16800,"date":"2024-10-10T11:01:32","date_gmt":"2024-10-10T10:01:32","guid":{"rendered":"https:\/\/despensafranciscana.com\/?post_type=product&#038;p=16800"},"modified":"2026-02-25T15:43:11","modified_gmt":"2026-02-25T15:43:11","slug":"altas-quintas-reserva-tinto-2019","status":"publish","type":"product","link":"https:\/\/despensafranciscana.com\/de\/loja\/altas-quintas-reserva-tinto-2019\/","title":{"rendered":"Altas Quintas &#8211; Reserva Tinto 2021"},"content":{"rendered":"<p><strong>CASTAS<\/strong><br \/>\nAlicante Bouschet (50%), Touriga Nacional (30%) und Syrah (20%)<\/p>\n<p><strong>TERROIR UND WEINBAU<\/strong><br \/>\nDie Weinberge von Altas Quintas befinden sich in einem ganz besonderen Terroir. Sie befinden sich auf einer H\u00f6he von 600 Metern auf einem Plateau, das sich auf einzigartige Weise inmitten der Serra de S\u00e3o Mamede entwickelt. Die H\u00f6henlage, die mesoklimatischen Bedingungen in diesem Gebiet und die B\u00f6den mit mittlerem Produktionspotenzial machen diese Lage so besonders. Der Weinberg wird im Rahmen eines integrierten Schutzprogramms bewirtschaftet. Die Touriga Nacional- und Alicante Bouschet-Trauben f\u00fcr diesen Wein wurden im September von Hand aus ertragsarmen Parzellen in 14-kg-Kisten geerntet. Der Transport zum Weingut erfolgte z\u00fcgig, und am Eingang des Weinguts wurden die Trauben und Beeren von Hand verlesen.<\/p>\n<p><strong>VINIFIZIERUNG<\/strong><br \/>\nVor der G\u00e4rung erfolgte eine 48-st\u00fcndige Kaltmazeration, gefolgt von einer G\u00e4rung bei kontrollierter Temperatur in kleinen Edelstahlpressen mit t\u00e4glichem Abzug. Nach der G\u00e4rung folgte eine 90-t\u00e4gige Nachg\u00e4rung. Der Verschnitt reifte 16 Monate lang in franz\u00f6sischen Eichenf\u00e4ssern und wurde anschlie\u00dfend in der Flasche ausgebaut.<\/p>\n<p><strong>ENOLOGIE<\/strong><br \/>\nAnt\u00f3nio Ventura und Diogo Vieira<\/p>\n<p><strong>VERKOSTUNGSNOTIZEN \/ HARMONISIERUNG<\/strong><br \/>\nEin intensiver rubinroter Wein mit Aromen von reifen roten Fr\u00fcchten, Ankl\u00e4ngen von Bimsstein und Zigarrenrauch, mit leichten R\u00f6staromen vom Ausbauholz. Am Gaumen zeigt er die typische Frische der Sierra de S.Mamede, mit ausgewogener und pr\u00e4gnanter S\u00e4ure, pr\u00e4senten, aber eleganten und moderaten Tanninen, mit einem anhaltenden, harmonischen Abgang und einer gewissen Komplexit\u00e4t.<br \/>\nEr kann komplexe gebackene Gerichte begleiten.<\/p>\n<p><strong>CHEMISCH-PHYSIKALISCHE EIGENSCHAFTEN<\/strong><br \/>\nAlkoholgehalt = 15,0 % (Vol.)<br \/>\npH = 3,62<br \/>\nGesamts\u00e4uregehalt = 5,8 g\/L (ausgedr\u00fcckt als Weins\u00e4ure)<\/p>","protected":false},"excerpt":{"rendered":"<p>CASTAS Alicante Bouschet (50%), Touriga Nacional (30%) e Syrah (20%) TERROIR E VITICULTURA As vinhas Altas Quintas encontram-se num Terroir [&hellip;]<\/p>\n","protected":false},"featured_media":16804,"template":"","meta":[],"product_brand":[],"product_cat":[39],"product_tag":[],"class_list":{"0":"post-16800","1":"product","2":"type-product","3":"status-publish","4":"has-post-thumbnail","6":"product_cat-bebidas","8":"first","9":"outofstock","10":"taxable","11":"shipping-taxable","12":"purchasable","13":"product-type-simple"},"yoast_head":"<!-- This site is optimized with the Yoast SEO plugin v27.2 - https:\/\/yoast.com\/product\/yoast-seo-wordpress\/ -->\n<title>Altas Quintas - Reserva Tinto 2021 - Despensa Franciscana<\/title>\n<meta name=\"robots\" content=\"index, follow, max-snippet:-1, max-image-preview:large, max-video-preview:-1\" \/>\n<link rel=\"canonical\" href=\"https:\/\/despensafranciscana.com\/de\/loja\/altas-quintas-reserva-tinto-2019\/\" \/>\n<meta property=\"og:locale\" content=\"de_DE\" \/>\n<meta property=\"og:type\" content=\"article\" \/>\n<meta property=\"og:title\" content=\"Altas Quintas - Reserva Tinto 2021 - Despensa Franciscana\" \/>\n<meta property=\"og:description\" content=\"CASTAS Alicante Bouschet (50%), Touriga Nacional (30%) e Syrah (20%) TERROIR E VITICULTURA As vinhas Altas Quintas encontram-se num Terroir [&hellip;]\" \/>\n<meta property=\"og:url\" content=\"https:\/\/despensafranciscana.com\/de\/loja\/altas-quintas-reserva-tinto-2019\/\" \/>\n<meta property=\"og:site_name\" content=\"Despensa Franciscana\" \/>\n<meta property=\"article:publisher\" content=\"https:\/\/www.facebook.com\/despensafranciscana\/\" \/>\n<meta property=\"article:modified_time\" content=\"2026-02-25T15:43:11+00:00\" \/>\n<meta property=\"og:image\" content=\"https:\/\/despensafranciscana.com\/wp-content\/uploads\/2024\/10\/AQ_Reserva-Red-scaled.jpg\" \/>\n\t<meta property=\"og:image:width\" content=\"2560\" \/>\n\t<meta property=\"og:image:height\" content=\"2560\" \/>\n\t<meta property=\"og:image:type\" content=\"image\/jpeg\" \/>\n<meta name=\"twitter:card\" content=\"summary_large_image\" \/>\n<meta name=\"twitter:label1\" content=\"Gesch\u00e4tzte Lesezeit\" \/>\n\t<meta name=\"twitter:data1\" content=\"2\u00a0Minuten\" \/>\n<script type=\"application\/ld+json\" class=\"yoast-schema-graph\">{\"@context\":\"https:\/\/schema.org\",\"@graph\":[{\"@type\":\"WebPage\",\"@id\":\"https:\/\/despensafranciscana.com\/loja\/altas-quintas-reserva-tinto-2019\/\",\"url\":\"https:\/\/despensafranciscana.com\/loja\/altas-quintas-reserva-tinto-2019\/\",\"name\":\"Altas Quintas - Reserva Tinto 2021 - Despensa Franciscana\",\"isPartOf\":{\"@id\":\"https:\/\/despensafranciscana.com\/#website\"},\"primaryImageOfPage\":{\"@id\":\"https:\/\/despensafranciscana.com\/loja\/altas-quintas-reserva-tinto-2019\/#primaryimage\"},\"image\":{\"@id\":\"https:\/\/despensafranciscana.com\/loja\/altas-quintas-reserva-tinto-2019\/#primaryimage\"},\"thumbnailUrl\":\"https:\/\/despensafranciscana.com\/wp-content\/uploads\/2024\/10\/AQ_Reserva-Red-scaled.jpg\",\"datePublished\":\"2024-10-10T10:01:32+00:00\",\"dateModified\":\"2026-02-25T15:43:11+00:00\",\"breadcrumb\":{\"@id\":\"https:\/\/despensafranciscana.com\/loja\/altas-quintas-reserva-tinto-2019\/#breadcrumb\"},\"inLanguage\":\"de\",\"potentialAction\":[{\"@type\":\"ReadAction\",\"target\":[\"https:\/\/despensafranciscana.com\/loja\/altas-quintas-reserva-tinto-2019\/\"]}]},{\"@type\":\"ImageObject\",\"inLanguage\":\"de\",\"@id\":\"https:\/\/despensafranciscana.com\/loja\/altas-quintas-reserva-tinto-2019\/#primaryimage\",\"url\":\"https:\/\/despensafranciscana.com\/wp-content\/uploads\/2024\/10\/AQ_Reserva-Red-scaled.jpg\",\"contentUrl\":\"https:\/\/despensafranciscana.com\/wp-content\/uploads\/2024\/10\/AQ_Reserva-Red-scaled.jpg\",\"width\":2560,\"height\":2560},{\"@type\":\"BreadcrumbList\",\"@id\":\"https:\/\/despensafranciscana.com\/loja\/altas-quintas-reserva-tinto-2019\/#breadcrumb\",\"itemListElement\":[{\"@type\":\"ListItem\",\"position\":1,\"name\":\"In\u00edcio\",\"item\":\"https:\/\/despensafranciscana.com\/\"},{\"@type\":\"ListItem\",\"position\":2,\"name\":\"Loja\",\"item\":\"https:\/\/despensafranciscana.com\/loja\/\"},{\"@type\":\"ListItem\",\"position\":3,\"name\":\"Altas Quintas &#8211; Reserva Tinto 2021\"}]},{\"@type\":\"WebSite\",\"@id\":\"https:\/\/despensafranciscana.com\/#website\",\"url\":\"https:\/\/despensafranciscana.com\/\",\"name\":\"Despensa Franciscana\",\"description\":\"Despensa Franciscana\",\"publisher\":{\"@id\":\"https:\/\/despensafranciscana.com\/#organization\"},\"potentialAction\":[{\"@type\":\"SearchAction\",\"target\":{\"@type\":\"EntryPoint\",\"urlTemplate\":\"https:\/\/despensafranciscana.com\/?s={search_term_string}\"},\"query-input\":{\"@type\":\"PropertyValueSpecification\",\"valueRequired\":true,\"valueName\":\"search_term_string\"}}],\"inLanguage\":\"de\"},{\"@type\":\"Organization\",\"@id\":\"https:\/\/despensafranciscana.com\/#organization\",\"name\":\"Despensa Franciscana\",\"url\":\"https:\/\/despensafranciscana.com\/\",\"logo\":{\"@type\":\"ImageObject\",\"inLanguage\":\"de\",\"@id\":\"https:\/\/despensafranciscana.com\/#\/schema\/logo\/image\/\",\"url\":\"https:\/\/despensafranciscana.com\/wp-content\/uploads\/2025\/02\/despensa-franciscana-revamp-logos-8.png\",\"contentUrl\":\"https:\/\/despensafranciscana.com\/wp-content\/uploads\/2025\/02\/despensa-franciscana-revamp-logos-8.png\",\"width\":1920,\"height\":628,\"caption\":\"Despensa Franciscana\"},\"image\":{\"@id\":\"https:\/\/despensafranciscana.com\/#\/schema\/logo\/image\/\"},\"sameAs\":[\"https:\/\/www.facebook.com\/despensafranciscana\/\",\"https:\/\/www.instagram.com\/despensafranciscana\/\"]}]}<\/script>\n<!-- \/ Yoast SEO plugin. -->","yoast_head_json":{"title":"Altas Quintas - Reserva Tinto 2021 - Despensa Franciscana","robots":{"index":"index","follow":"follow","max-snippet":"max-snippet:-1","max-image-preview":"max-image-preview:large","max-video-preview":"max-video-preview:-1"},"canonical":"https:\/\/despensafranciscana.com\/de\/loja\/altas-quintas-reserva-tinto-2019\/","og_locale":"de_DE","og_type":"article","og_title":"Altas Quintas - Reserva Tinto 2021 - Despensa Franciscana","og_description":"CASTAS Alicante Bouschet (50%), Touriga Nacional (30%) e Syrah (20%) TERROIR E VITICULTURA As vinhas Altas Quintas encontram-se num Terroir [&hellip;]","og_url":"https:\/\/despensafranciscana.com\/de\/loja\/altas-quintas-reserva-tinto-2019\/","og_site_name":"Despensa Franciscana","article_publisher":"https:\/\/www.facebook.com\/despensafranciscana\/","article_modified_time":"2026-02-25T15:43:11+00:00","og_image":[{"width":2560,"height":2560,"url":"https:\/\/despensafranciscana.com\/wp-content\/uploads\/2024\/10\/AQ_Reserva-Red-scaled.jpg","type":"image\/jpeg"}],"twitter_card":"summary_large_image","twitter_misc":{"Gesch\u00e4tzte Lesezeit":"2\u00a0Minuten"},"schema":{"@context":"https:\/\/schema.org","@graph":[{"@type":"WebPage","@id":"https:\/\/despensafranciscana.com\/loja\/altas-quintas-reserva-tinto-2019\/","url":"https:\/\/despensafranciscana.com\/loja\/altas-quintas-reserva-tinto-2019\/","name":"Altas Quintas - Reserva Tinto 2021 - Despensa Franciscana","isPartOf":{"@id":"https:\/\/despensafranciscana.com\/#website"},"primaryImageOfPage":{"@id":"https:\/\/despensafranciscana.com\/loja\/altas-quintas-reserva-tinto-2019\/#primaryimage"},"image":{"@id":"https:\/\/despensafranciscana.com\/loja\/altas-quintas-reserva-tinto-2019\/#primaryimage"},"thumbnailUrl":"https:\/\/despensafranciscana.com\/wp-content\/uploads\/2024\/10\/AQ_Reserva-Red-scaled.jpg","datePublished":"2024-10-10T10:01:32+00:00","dateModified":"2026-02-25T15:43:11+00:00","breadcrumb":{"@id":"https:\/\/despensafranciscana.com\/loja\/altas-quintas-reserva-tinto-2019\/#breadcrumb"},"inLanguage":"de","potentialAction":[{"@type":"ReadAction","target":["https:\/\/despensafranciscana.com\/loja\/altas-quintas-reserva-tinto-2019\/"]}]},{"@type":"ImageObject","inLanguage":"de","@id":"https:\/\/despensafranciscana.com\/loja\/altas-quintas-reserva-tinto-2019\/#primaryimage","url":"https:\/\/despensafranciscana.com\/wp-content\/uploads\/2024\/10\/AQ_Reserva-Red-scaled.jpg","contentUrl":"https:\/\/despensafranciscana.com\/wp-content\/uploads\/2024\/10\/AQ_Reserva-Red-scaled.jpg","width":2560,"height":2560},{"@type":"BreadcrumbList","@id":"https:\/\/despensafranciscana.com\/loja\/altas-quintas-reserva-tinto-2019\/#breadcrumb","itemListElement":[{"@type":"ListItem","position":1,"name":"In\u00edcio","item":"https:\/\/despensafranciscana.com\/"},{"@type":"ListItem","position":2,"name":"Loja","item":"https:\/\/despensafranciscana.com\/loja\/"},{"@type":"ListItem","position":3,"name":"Altas Quintas &#8211; Reserva Tinto 2021"}]},{"@type":"WebSite","@id":"https:\/\/despensafranciscana.com\/#website","url":"https:\/\/despensafranciscana.com\/","name":"Franziskanische Speisekammer","description":"Franziskanische Speisekammer","publisher":{"@id":"https:\/\/despensafranciscana.com\/#organization"},"potentialAction":[{"@type":"SearchAction","target":{"@type":"EntryPoint","urlTemplate":"https:\/\/despensafranciscana.com\/?s={search_term_string}"},"query-input":{"@type":"PropertyValueSpecification","valueRequired":true,"valueName":"search_term_string"}}],"inLanguage":"de"},{"@type":"Organization","@id":"https:\/\/despensafranciscana.com\/#organization","name":"Franziskanische Speisekammer","url":"https:\/\/despensafranciscana.com\/","logo":{"@type":"ImageObject","inLanguage":"de","@id":"https:\/\/despensafranciscana.com\/#\/schema\/logo\/image\/","url":"https:\/\/despensafranciscana.com\/wp-content\/uploads\/2025\/02\/despensa-franciscana-revamp-logos-8.png","contentUrl":"https:\/\/despensafranciscana.com\/wp-content\/uploads\/2025\/02\/despensa-franciscana-revamp-logos-8.png","width":1920,"height":628,"caption":"Despensa Franciscana"},"image":{"@id":"https:\/\/despensafranciscana.com\/#\/schema\/logo\/image\/"},"sameAs":["https:\/\/www.facebook.com\/despensafranciscana\/","https:\/\/www.instagram.com\/despensafranciscana\/"]}]}},"_links":{"self":[{"href":"https:\/\/despensafranciscana.com\/de\/wp-json\/wp\/v2\/product\/16800","targetHints":{"allow":["GET"]}}],"collection":[{"href":"https:\/\/despensafranciscana.com\/de\/wp-json\/wp\/v2\/product"}],"about":[{"href":"https:\/\/despensafranciscana.com\/de\/wp-json\/wp\/v2\/types\/product"}],"wp:featuredmedia":[{"embeddable":true,"href":"https:\/\/despensafranciscana.com\/de\/wp-json\/wp\/v2\/media\/16804"}],"wp:attachment":[{"href":"https:\/\/despensafranciscana.com\/de\/wp-json\/wp\/v2\/media?parent=16800"}],"wp:term":[{"taxonomy":"product_brand","embeddable":true,"href":"https:\/\/despensafranciscana.com\/de\/wp-json\/wp\/v2\/product_brand?post=16800"},{"taxonomy":"product_cat","embeddable":true,"href":"https:\/\/despensafranciscana.com\/de\/wp-json\/wp\/v2\/product_cat?post=16800"},{"taxonomy":"product_tag","embeddable":true,"href":"https:\/\/despensafranciscana.com\/de\/wp-json\/wp\/v2\/product_tag?post=16800"}],"curies":[{"name":"wp","href":"https:\/\/api.w.org\/{rel}","templated":true}]}}