{"id":16799,"date":"2024-10-10T10:50:52","date_gmt":"2024-10-10T09:50:52","guid":{"rendered":"https:\/\/despensafranciscana.com\/?post_type=product&#038;p=16799"},"modified":"2025-03-07T16:06:38","modified_gmt":"2025-03-07T16:06:38","slug":"altas-quintas-reserva-branco-2021","status":"publish","type":"product","link":"https:\/\/despensafranciscana.com\/de\/loja\/altas-quintas-reserva-branco-2021\/","title":{"rendered":"Altas Quintas - Reserva Wei\u00df 2021"},"content":{"rendered":"<p><strong>CASTAS<\/strong><br \/>\nVerdelho (60%) und Arinto (40%)<\/p>\n<p><strong>TERROIR UND WEINBAU<\/strong><br \/>\nDie Weinberge von Altas Quintas befinden sich in einem ganz besonderen Terroir. Sie befinden sich auf einer H\u00f6he von 600 Metern auf einem Plateau, das sich auf einzigartige Weise inmitten der Serra de S\u00e3o Mamede entwickelt. Die H\u00f6henlage, die mesoklimatischen Bedingungen in diesem Gebiet und die B\u00f6den mit mittlerem Produktionspotenzial machen diese Lage so besonders. Der Weinberg wird im Rahmen eines integrierten Schutzprogramms bewirtschaftet.<br \/>\nDie Verdelho- und Arinto-Trauben f\u00fcr diesen Reserva Branco wurden im September von Hand aus den besten Parzellen in 20-kg-Kisten geerntet. Die Trauben wurden schnell zur Weinkellerei transportiert. Die Trauben und Beeren wurden am Eingang der Kellerei sortiert.<\/p>\n<p><strong>VINIFIZIERUNG<\/strong><br \/>\nDie G\u00e4rung erfolgte in neuen franz\u00f6sischen Eichenf\u00e4ssern bei einer kontrollierten Temperatur von 14 \u00baC, gefolgt von einer 4-monatigen Reifung in denselben F\u00e4ssern. Danach erfolgte die Reifung in Edelstahltanks auf der Feinhefe.<\/p>\n<p><strong>ENOLOGIE<\/strong><br \/>\nAnt\u00f3nio Ventura<\/p>\n<p><strong>VERKOSTUNGSNOTIZEN \/ HARMONISIERUNG<\/strong><br \/>\nEin zitrusfarbener Wein mit Aromen von gelbfleischigen Fr\u00fcchten, Ankl\u00e4ngen von Bimsstein und Kreidestaub mit Nuancen von leichtem Toast vom Eichenausbau, mit einer gewissen Strenge. Am Gaumen zeigt er eine exzellente S\u00e4ure mit deutlicher Frische, eine gute Geschmeidigkeit, ein ausgezeichnetes Volumen mit hervorragender Ausgewogenheit und einen langen, anhaltenden Abgang. Er kann Fisch- oder wei\u00dfe Fleischgerichte mit einer gewissen Komplexit\u00e4t begleiten.<\/p>\n<p><strong>CHEMISCH-PHYSIKALISCHE EIGENSCHAFTEN<\/strong><br \/>\nAlkoholgehalt = 12,5 % (Vol.)<br \/>\npH = 3,12<br \/>\nGesamts\u00e4uregehalt = 6,0 g\/L (ausgedr\u00fcckt als Weins\u00e4ure)<\/p>","protected":false},"excerpt":{"rendered":"<p>CASTAS Verdelho (60%) e Arinto (40%) TERROIR E VITICULTURA As vinhas Altas Quintas encontram-se num Terroir muito especial. Localizam-se a [&hellip;]<\/p>\n","protected":false},"featured_media":16783,"template":"","meta":[],"product_brand":[],"product_cat":[39],"product_tag":[],"class_list":{"0":"post-16799","1":"product","2":"type-product","3":"status-publish","4":"has-post-thumbnail","6":"product_cat-bebidas","8":"first","9":"instock","10":"taxable","11":"shipping-taxable","12":"purchasable","13":"product-type-simple"},"yoast_head":"<!-- This site is optimized with the Yoast SEO plugin v27.2 - https:\/\/yoast.com\/product\/yoast-seo-wordpress\/ -->\n<title>Altas Quintas - Reserva Branco 2021 - Despensa Franciscana<\/title>\n<meta name=\"robots\" content=\"index, follow, max-snippet:-1, max-image-preview:large, max-video-preview:-1\" \/>\n<link rel=\"canonical\" href=\"https:\/\/despensafranciscana.com\/de\/loja\/altas-quintas-reserva-branco-2021\/\" \/>\n<meta property=\"og:locale\" content=\"de_DE\" \/>\n<meta property=\"og:type\" content=\"article\" \/>\n<meta property=\"og:title\" content=\"Altas Quintas - Reserva Branco 2021 - Despensa Franciscana\" \/>\n<meta property=\"og:description\" content=\"CASTAS Verdelho (60%) e Arinto (40%) TERROIR E VITICULTURA As vinhas Altas Quintas encontram-se num Terroir muito especial. Localizam-se a [&hellip;]\" \/>\n<meta property=\"og:url\" content=\"https:\/\/despensafranciscana.com\/de\/loja\/altas-quintas-reserva-branco-2021\/\" \/>\n<meta property=\"og:site_name\" content=\"Despensa Franciscana\" \/>\n<meta property=\"article:publisher\" content=\"https:\/\/www.facebook.com\/despensafranciscana\/\" \/>\n<meta property=\"article:modified_time\" content=\"2025-03-07T16:06:38+00:00\" \/>\n<meta property=\"og:image\" content=\"https:\/\/despensafranciscana.com\/wp-content\/uploads\/2024\/09\/AQ_Branco-scaled.jpg\" \/>\n\t<meta property=\"og:image:width\" content=\"2560\" \/>\n\t<meta property=\"og:image:height\" content=\"2560\" \/>\n\t<meta property=\"og:image:type\" content=\"image\/jpeg\" \/>\n<meta name=\"twitter:card\" content=\"summary_large_image\" \/>\n<meta name=\"twitter:label1\" content=\"Gesch\u00e4tzte Lesezeit\" \/>\n\t<meta name=\"twitter:data1\" content=\"1\u00a0Minute\" \/>\n<script type=\"application\/ld+json\" class=\"yoast-schema-graph\">{\"@context\":\"https:\/\/schema.org\",\"@graph\":[{\"@type\":\"WebPage\",\"@id\":\"https:\/\/despensafranciscana.com\/loja\/altas-quintas-reserva-branco-2021\/\",\"url\":\"https:\/\/despensafranciscana.com\/loja\/altas-quintas-reserva-branco-2021\/\",\"name\":\"Altas Quintas - Reserva Branco 2021 - Despensa Franciscana\",\"isPartOf\":{\"@id\":\"https:\/\/despensafranciscana.com\/#website\"},\"primaryImageOfPage\":{\"@id\":\"https:\/\/despensafranciscana.com\/loja\/altas-quintas-reserva-branco-2021\/#primaryimage\"},\"image\":{\"@id\":\"https:\/\/despensafranciscana.com\/loja\/altas-quintas-reserva-branco-2021\/#primaryimage\"},\"thumbnailUrl\":\"https:\/\/despensafranciscana.com\/wp-content\/uploads\/2024\/09\/AQ_Branco-scaled.jpg\",\"datePublished\":\"2024-10-10T09:50:52+00:00\",\"dateModified\":\"2025-03-07T16:06:38+00:00\",\"breadcrumb\":{\"@id\":\"https:\/\/despensafranciscana.com\/loja\/altas-quintas-reserva-branco-2021\/#breadcrumb\"},\"inLanguage\":\"de\",\"potentialAction\":[{\"@type\":\"ReadAction\",\"target\":[\"https:\/\/despensafranciscana.com\/loja\/altas-quintas-reserva-branco-2021\/\"]}]},{\"@type\":\"ImageObject\",\"inLanguage\":\"de\",\"@id\":\"https:\/\/despensafranciscana.com\/loja\/altas-quintas-reserva-branco-2021\/#primaryimage\",\"url\":\"https:\/\/despensafranciscana.com\/wp-content\/uploads\/2024\/09\/AQ_Branco-scaled.jpg\",\"contentUrl\":\"https:\/\/despensafranciscana.com\/wp-content\/uploads\/2024\/09\/AQ_Branco-scaled.jpg\",\"width\":2560,\"height\":2560},{\"@type\":\"BreadcrumbList\",\"@id\":\"https:\/\/despensafranciscana.com\/loja\/altas-quintas-reserva-branco-2021\/#breadcrumb\",\"itemListElement\":[{\"@type\":\"ListItem\",\"position\":1,\"name\":\"In\u00edcio\",\"item\":\"https:\/\/despensafranciscana.com\/\"},{\"@type\":\"ListItem\",\"position\":2,\"name\":\"Loja\",\"item\":\"https:\/\/despensafranciscana.com\/loja\/\"},{\"@type\":\"ListItem\",\"position\":3,\"name\":\"Altas Quintas &#8211; Reserva Branco 2021\"}]},{\"@type\":\"WebSite\",\"@id\":\"https:\/\/despensafranciscana.com\/#website\",\"url\":\"https:\/\/despensafranciscana.com\/\",\"name\":\"Despensa Franciscana\",\"description\":\"Despensa Franciscana\",\"publisher\":{\"@id\":\"https:\/\/despensafranciscana.com\/#organization\"},\"potentialAction\":[{\"@type\":\"SearchAction\",\"target\":{\"@type\":\"EntryPoint\",\"urlTemplate\":\"https:\/\/despensafranciscana.com\/?s={search_term_string}\"},\"query-input\":{\"@type\":\"PropertyValueSpecification\",\"valueRequired\":true,\"valueName\":\"search_term_string\"}}],\"inLanguage\":\"de\"},{\"@type\":\"Organization\",\"@id\":\"https:\/\/despensafranciscana.com\/#organization\",\"name\":\"Despensa Franciscana\",\"url\":\"https:\/\/despensafranciscana.com\/\",\"logo\":{\"@type\":\"ImageObject\",\"inLanguage\":\"de\",\"@id\":\"https:\/\/despensafranciscana.com\/#\/schema\/logo\/image\/\",\"url\":\"https:\/\/despensafranciscana.com\/wp-content\/uploads\/2025\/02\/despensa-franciscana-revamp-logos-8.png\",\"contentUrl\":\"https:\/\/despensafranciscana.com\/wp-content\/uploads\/2025\/02\/despensa-franciscana-revamp-logos-8.png\",\"width\":1920,\"height\":628,\"caption\":\"Despensa Franciscana\"},\"image\":{\"@id\":\"https:\/\/despensafranciscana.com\/#\/schema\/logo\/image\/\"},\"sameAs\":[\"https:\/\/www.facebook.com\/despensafranciscana\/\",\"https:\/\/www.instagram.com\/despensafranciscana\/\"]}]}<\/script>\n<!-- \/ Yoast SEO plugin. -->","yoast_head_json":{"title":"Altas Quintas - Reserva Branco 2021 - Despensa Franciscana","robots":{"index":"index","follow":"follow","max-snippet":"max-snippet:-1","max-image-preview":"max-image-preview:large","max-video-preview":"max-video-preview:-1"},"canonical":"https:\/\/despensafranciscana.com\/de\/loja\/altas-quintas-reserva-branco-2021\/","og_locale":"de_DE","og_type":"article","og_title":"Altas Quintas - Reserva Branco 2021 - Despensa Franciscana","og_description":"CASTAS Verdelho (60%) e Arinto (40%) TERROIR E VITICULTURA As vinhas Altas Quintas encontram-se num Terroir muito especial. Localizam-se a [&hellip;]","og_url":"https:\/\/despensafranciscana.com\/de\/loja\/altas-quintas-reserva-branco-2021\/","og_site_name":"Despensa Franciscana","article_publisher":"https:\/\/www.facebook.com\/despensafranciscana\/","article_modified_time":"2025-03-07T16:06:38+00:00","og_image":[{"width":2560,"height":2560,"url":"https:\/\/despensafranciscana.com\/wp-content\/uploads\/2024\/09\/AQ_Branco-scaled.jpg","type":"image\/jpeg"}],"twitter_card":"summary_large_image","twitter_misc":{"Gesch\u00e4tzte Lesezeit":"1\u00a0Minute"},"schema":{"@context":"https:\/\/schema.org","@graph":[{"@type":"WebPage","@id":"https:\/\/despensafranciscana.com\/loja\/altas-quintas-reserva-branco-2021\/","url":"https:\/\/despensafranciscana.com\/loja\/altas-quintas-reserva-branco-2021\/","name":"Altas Quintas - Reserva Branco 2021 - Despensa Franciscana","isPartOf":{"@id":"https:\/\/despensafranciscana.com\/#website"},"primaryImageOfPage":{"@id":"https:\/\/despensafranciscana.com\/loja\/altas-quintas-reserva-branco-2021\/#primaryimage"},"image":{"@id":"https:\/\/despensafranciscana.com\/loja\/altas-quintas-reserva-branco-2021\/#primaryimage"},"thumbnailUrl":"https:\/\/despensafranciscana.com\/wp-content\/uploads\/2024\/09\/AQ_Branco-scaled.jpg","datePublished":"2024-10-10T09:50:52+00:00","dateModified":"2025-03-07T16:06:38+00:00","breadcrumb":{"@id":"https:\/\/despensafranciscana.com\/loja\/altas-quintas-reserva-branco-2021\/#breadcrumb"},"inLanguage":"de","potentialAction":[{"@type":"ReadAction","target":["https:\/\/despensafranciscana.com\/loja\/altas-quintas-reserva-branco-2021\/"]}]},{"@type":"ImageObject","inLanguage":"de","@id":"https:\/\/despensafranciscana.com\/loja\/altas-quintas-reserva-branco-2021\/#primaryimage","url":"https:\/\/despensafranciscana.com\/wp-content\/uploads\/2024\/09\/AQ_Branco-scaled.jpg","contentUrl":"https:\/\/despensafranciscana.com\/wp-content\/uploads\/2024\/09\/AQ_Branco-scaled.jpg","width":2560,"height":2560},{"@type":"BreadcrumbList","@id":"https:\/\/despensafranciscana.com\/loja\/altas-quintas-reserva-branco-2021\/#breadcrumb","itemListElement":[{"@type":"ListItem","position":1,"name":"In\u00edcio","item":"https:\/\/despensafranciscana.com\/"},{"@type":"ListItem","position":2,"name":"Loja","item":"https:\/\/despensafranciscana.com\/loja\/"},{"@type":"ListItem","position":3,"name":"Altas Quintas &#8211; Reserva Branco 2021"}]},{"@type":"WebSite","@id":"https:\/\/despensafranciscana.com\/#website","url":"https:\/\/despensafranciscana.com\/","name":"Franziskanische Speisekammer","description":"Franziskanische Speisekammer","publisher":{"@id":"https:\/\/despensafranciscana.com\/#organization"},"potentialAction":[{"@type":"SearchAction","target":{"@type":"EntryPoint","urlTemplate":"https:\/\/despensafranciscana.com\/?s={search_term_string}"},"query-input":{"@type":"PropertyValueSpecification","valueRequired":true,"valueName":"search_term_string"}}],"inLanguage":"de"},{"@type":"Organization","@id":"https:\/\/despensafranciscana.com\/#organization","name":"Franziskanische Speisekammer","url":"https:\/\/despensafranciscana.com\/","logo":{"@type":"ImageObject","inLanguage":"de","@id":"https:\/\/despensafranciscana.com\/#\/schema\/logo\/image\/","url":"https:\/\/despensafranciscana.com\/wp-content\/uploads\/2025\/02\/despensa-franciscana-revamp-logos-8.png","contentUrl":"https:\/\/despensafranciscana.com\/wp-content\/uploads\/2025\/02\/despensa-franciscana-revamp-logos-8.png","width":1920,"height":628,"caption":"Despensa Franciscana"},"image":{"@id":"https:\/\/despensafranciscana.com\/#\/schema\/logo\/image\/"},"sameAs":["https:\/\/www.facebook.com\/despensafranciscana\/","https:\/\/www.instagram.com\/despensafranciscana\/"]}]}},"_links":{"self":[{"href":"https:\/\/despensafranciscana.com\/de\/wp-json\/wp\/v2\/product\/16799","targetHints":{"allow":["GET"]}}],"collection":[{"href":"https:\/\/despensafranciscana.com\/de\/wp-json\/wp\/v2\/product"}],"about":[{"href":"https:\/\/despensafranciscana.com\/de\/wp-json\/wp\/v2\/types\/product"}],"wp:featuredmedia":[{"embeddable":true,"href":"https:\/\/despensafranciscana.com\/de\/wp-json\/wp\/v2\/media\/16783"}],"wp:attachment":[{"href":"https:\/\/despensafranciscana.com\/de\/wp-json\/wp\/v2\/media?parent=16799"}],"wp:term":[{"taxonomy":"product_brand","embeddable":true,"href":"https:\/\/despensafranciscana.com\/de\/wp-json\/wp\/v2\/product_brand?post=16799"},{"taxonomy":"product_cat","embeddable":true,"href":"https:\/\/despensafranciscana.com\/de\/wp-json\/wp\/v2\/product_cat?post=16799"},{"taxonomy":"product_tag","embeddable":true,"href":"https:\/\/despensafranciscana.com\/de\/wp-json\/wp\/v2\/product_tag?post=16799"}],"curies":[{"name":"wp","href":"https:\/\/api.w.org\/{rel}","templated":true}]}}