{"id":16771,"date":"2024-09-30T18:40:16","date_gmt":"2024-09-30T17:40:16","guid":{"rendered":"https:\/\/despensafranciscana.com\/?post_type=product&#038;p=16771"},"modified":"2025-03-07T16:12:35","modified_gmt":"2025-03-07T16:12:35","slug":"altas-quintas-crescendo-rose-2020","status":"publish","type":"product","link":"https:\/\/despensafranciscana.com\/de\/loja\/altas-quintas-crescendo-rose-2020\/","title":{"rendered":"Altas Quintas Crescendo - Ros\u00e9 2020"},"content":{"rendered":"<p><strong>Terroir und Weinbau<\/strong><br \/>\nDie Weinberge von Altas Quintas befinden sich in einem ganz besonderen Terroir. Sie befinden sich auf einer H\u00f6he von 600 Metern auf einem Plateau, das sich auf einzigartige Weise mitten in den Weinbergen entwickelt.<br \/>\nSerra de S\u00e3o Mamede. Die H\u00f6henlage, die mesoklimatischen Bedingungen dieses Gebiets und die B\u00f6den mit mittlerem Ertragspotenzial machen diesen Ort so besonders.<br \/>\nDer Weinberg wird im Rahmen eines integrierten Schutzprogramms bewirtschaftet.<br \/>\nDie Touriga Nacional-Trauben f\u00fcr diesen Wein wurden von Hand aus den k\u00fchlsten Bereichen des Weinbergs in 20-kg-Kisten geerntet. Sie wurden schnell zum Weingut transportiert. Die Trauben und Beeren wurden am Eingang der Kellerei sortiert.<\/p>\n<p><strong>Weinbereitung<\/strong><br \/>\nDie ausschlie\u00dflich f\u00fcr die Herstellung dieses Ros\u00e9weins ausgew\u00e4hlten Trauben wurden direkt mit niedrigem Druck gepresst. Die G\u00e4rung fand bei einer Temperatur von 16 \u00baC in Edelstahltanks statt, gefolgt von einer 4-monatigen Reifung in franz\u00f6sischen Eichenf\u00e4ssern.<\/p>\n<p><strong>Verkostungsnotizen \/ Harmonisierung<\/strong><br \/>\nEr ist rosafarben mit lachsfarbenen Nuancen und hat Aromen von kleinen roten Fr\u00fcchten (Waldbeeren) und einige blumige Noten.<br \/>\nAm Gaumen hat er eine lebendige, ausgewogene S\u00e4ure, ist sehr elegant und hat einen mittellangen Abgang.<br \/>\nEr ist ein gastronomischer Wein, der Gerichte von einiger Komplexit\u00e4t begleiten oder einfach als Aperitif getrunken werden kann.<br \/>\nEs wird eine Serviertemperatur von 10\u00baC empfohlen.<\/p>\n<p><strong>Physikalische und chemische Eigenschaften<\/strong><br \/>\nAlkoholgehalt = 13,5%<br \/>\nPh = 3,46<br \/>\nGesamts\u00e4uregehalt = 5,4 g\/\/L (ausgedr\u00fcckt als Weins\u00e4ure)<\/p>","protected":false},"excerpt":{"rendered":"<p><strong>TECHNISCHES DATENBLATT WEIN<\/strong><br \/>\nAlentejo Regionaler Wein<br \/>\n<strong>Produzent<\/strong>: Altas Quintas, Lda.<br \/>\n<strong>\u00d6nologie<\/strong>Jo\u00e3o Louren\u00e7o und Team<br \/>\n<strong>Rebsorten<\/strong>Touriga Nacional (100%)<\/p>\n<p>&nbsp;<\/p>","protected":false},"featured_media":16773,"template":"","meta":[],"product_brand":[],"product_cat":[39],"product_tag":[],"class_list":{"0":"post-16771","1":"product","2":"type-product","3":"status-publish","4":"has-post-thumbnail","6":"product_cat-bebidas","8":"first","9":"instock","10":"taxable","11":"shipping-taxable","12":"purchasable","13":"product-type-simple"},"yoast_head":"<!-- This site is optimized with the Yoast SEO plugin v27.2 - https:\/\/yoast.com\/product\/yoast-seo-wordpress\/ -->\n<title>Altas Quintas Crescendo - Ros\u00e9 2020 - Despensa Franciscana<\/title>\n<meta name=\"robots\" content=\"index, follow, max-snippet:-1, max-image-preview:large, max-video-preview:-1\" \/>\n<link rel=\"canonical\" href=\"https:\/\/despensafranciscana.com\/de\/loja\/altas-quintas-crescendo-rose-2020\/\" \/>\n<meta property=\"og:locale\" content=\"de_DE\" \/>\n<meta property=\"og:type\" content=\"article\" \/>\n<meta property=\"og:title\" content=\"Altas Quintas Crescendo - Ros\u00e9 2020 - Despensa Franciscana\" \/>\n<meta property=\"og:description\" content=\"FICHA T\u00c9CNICA DO VINHO Vinho Regional Alentejano Produtor: Altas Quintas, Lda. Enologia: Jo\u00e3o Louren\u00e7o e equipa Castas: Touriga Nacional (100%)  &nbsp;\" \/>\n<meta property=\"og:url\" content=\"https:\/\/despensafranciscana.com\/de\/loja\/altas-quintas-crescendo-rose-2020\/\" \/>\n<meta property=\"og:site_name\" content=\"Despensa Franciscana\" \/>\n<meta property=\"article:publisher\" content=\"https:\/\/www.facebook.com\/despensafranciscana\/\" \/>\n<meta property=\"article:modified_time\" content=\"2025-03-07T16:12:35+00:00\" \/>\n<meta property=\"og:image\" content=\"https:\/\/despensafranciscana.com\/wp-content\/uploads\/2024\/09\/rose-scaled.jpg\" \/>\n\t<meta property=\"og:image:width\" content=\"2560\" \/>\n\t<meta property=\"og:image:height\" content=\"2560\" \/>\n\t<meta property=\"og:image:type\" content=\"image\/jpeg\" \/>\n<meta name=\"twitter:card\" content=\"summary_large_image\" \/>\n<meta name=\"twitter:label1\" content=\"Gesch\u00e4tzte Lesezeit\" \/>\n\t<meta name=\"twitter:data1\" content=\"1\u00a0Minute\" \/>\n<script type=\"application\/ld+json\" class=\"yoast-schema-graph\">{\"@context\":\"https:\/\/schema.org\",\"@graph\":[{\"@type\":\"WebPage\",\"@id\":\"https:\/\/despensafranciscana.com\/loja\/altas-quintas-crescendo-rose-2020\/\",\"url\":\"https:\/\/despensafranciscana.com\/loja\/altas-quintas-crescendo-rose-2020\/\",\"name\":\"Altas Quintas Crescendo - Ros\u00e9 2020 - Despensa Franciscana\",\"isPartOf\":{\"@id\":\"https:\/\/despensafranciscana.com\/#website\"},\"primaryImageOfPage\":{\"@id\":\"https:\/\/despensafranciscana.com\/loja\/altas-quintas-crescendo-rose-2020\/#primaryimage\"},\"image\":{\"@id\":\"https:\/\/despensafranciscana.com\/loja\/altas-quintas-crescendo-rose-2020\/#primaryimage\"},\"thumbnailUrl\":\"https:\/\/despensafranciscana.com\/wp-content\/uploads\/2024\/09\/rose-scaled.jpg\",\"datePublished\":\"2024-09-30T17:40:16+00:00\",\"dateModified\":\"2025-03-07T16:12:35+00:00\",\"breadcrumb\":{\"@id\":\"https:\/\/despensafranciscana.com\/loja\/altas-quintas-crescendo-rose-2020\/#breadcrumb\"},\"inLanguage\":\"de\",\"potentialAction\":[{\"@type\":\"ReadAction\",\"target\":[\"https:\/\/despensafranciscana.com\/loja\/altas-quintas-crescendo-rose-2020\/\"]}]},{\"@type\":\"ImageObject\",\"inLanguage\":\"de\",\"@id\":\"https:\/\/despensafranciscana.com\/loja\/altas-quintas-crescendo-rose-2020\/#primaryimage\",\"url\":\"https:\/\/despensafranciscana.com\/wp-content\/uploads\/2024\/09\/rose-scaled.jpg\",\"contentUrl\":\"https:\/\/despensafranciscana.com\/wp-content\/uploads\/2024\/09\/rose-scaled.jpg\",\"width\":2560,\"height\":2560},{\"@type\":\"BreadcrumbList\",\"@id\":\"https:\/\/despensafranciscana.com\/loja\/altas-quintas-crescendo-rose-2020\/#breadcrumb\",\"itemListElement\":[{\"@type\":\"ListItem\",\"position\":1,\"name\":\"In\u00edcio\",\"item\":\"https:\/\/despensafranciscana.com\/\"},{\"@type\":\"ListItem\",\"position\":2,\"name\":\"Loja\",\"item\":\"https:\/\/despensafranciscana.com\/loja\/\"},{\"@type\":\"ListItem\",\"position\":3,\"name\":\"Altas Quintas Crescendo &#8211; Ros\u00e9 2020\"}]},{\"@type\":\"WebSite\",\"@id\":\"https:\/\/despensafranciscana.com\/#website\",\"url\":\"https:\/\/despensafranciscana.com\/\",\"name\":\"Despensa Franciscana\",\"description\":\"Despensa Franciscana\",\"publisher\":{\"@id\":\"https:\/\/despensafranciscana.com\/#organization\"},\"potentialAction\":[{\"@type\":\"SearchAction\",\"target\":{\"@type\":\"EntryPoint\",\"urlTemplate\":\"https:\/\/despensafranciscana.com\/?s={search_term_string}\"},\"query-input\":{\"@type\":\"PropertyValueSpecification\",\"valueRequired\":true,\"valueName\":\"search_term_string\"}}],\"inLanguage\":\"de\"},{\"@type\":\"Organization\",\"@id\":\"https:\/\/despensafranciscana.com\/#organization\",\"name\":\"Despensa Franciscana\",\"url\":\"https:\/\/despensafranciscana.com\/\",\"logo\":{\"@type\":\"ImageObject\",\"inLanguage\":\"de\",\"@id\":\"https:\/\/despensafranciscana.com\/#\/schema\/logo\/image\/\",\"url\":\"https:\/\/despensafranciscana.com\/wp-content\/uploads\/2025\/02\/despensa-franciscana-revamp-logos-8.png\",\"contentUrl\":\"https:\/\/despensafranciscana.com\/wp-content\/uploads\/2025\/02\/despensa-franciscana-revamp-logos-8.png\",\"width\":1920,\"height\":628,\"caption\":\"Despensa Franciscana\"},\"image\":{\"@id\":\"https:\/\/despensafranciscana.com\/#\/schema\/logo\/image\/\"},\"sameAs\":[\"https:\/\/www.facebook.com\/despensafranciscana\/\",\"https:\/\/www.instagram.com\/despensafranciscana\/\"]}]}<\/script>\n<!-- \/ Yoast SEO plugin. -->","yoast_head_json":{"title":"Altas Quintas Crescendo - Ros\u00e9 2020 - Despensa Franciscana","robots":{"index":"index","follow":"follow","max-snippet":"max-snippet:-1","max-image-preview":"max-image-preview:large","max-video-preview":"max-video-preview:-1"},"canonical":"https:\/\/despensafranciscana.com\/de\/loja\/altas-quintas-crescendo-rose-2020\/","og_locale":"de_DE","og_type":"article","og_title":"Altas Quintas Crescendo - Ros\u00e9 2020 - Despensa Franciscana","og_description":"FICHA T\u00c9CNICA DO VINHO Vinho Regional Alentejano Produtor: Altas Quintas, Lda. Enologia: Jo\u00e3o Louren\u00e7o e equipa Castas: Touriga Nacional (100%)  &nbsp;","og_url":"https:\/\/despensafranciscana.com\/de\/loja\/altas-quintas-crescendo-rose-2020\/","og_site_name":"Despensa Franciscana","article_publisher":"https:\/\/www.facebook.com\/despensafranciscana\/","article_modified_time":"2025-03-07T16:12:35+00:00","og_image":[{"width":2560,"height":2560,"url":"https:\/\/despensafranciscana.com\/wp-content\/uploads\/2024\/09\/rose-scaled.jpg","type":"image\/jpeg"}],"twitter_card":"summary_large_image","twitter_misc":{"Gesch\u00e4tzte Lesezeit":"1\u00a0Minute"},"schema":{"@context":"https:\/\/schema.org","@graph":[{"@type":"WebPage","@id":"https:\/\/despensafranciscana.com\/loja\/altas-quintas-crescendo-rose-2020\/","url":"https:\/\/despensafranciscana.com\/loja\/altas-quintas-crescendo-rose-2020\/","name":"Altas Quintas Crescendo - Ros\u00e9 2020 - Despensa Franciscana","isPartOf":{"@id":"https:\/\/despensafranciscana.com\/#website"},"primaryImageOfPage":{"@id":"https:\/\/despensafranciscana.com\/loja\/altas-quintas-crescendo-rose-2020\/#primaryimage"},"image":{"@id":"https:\/\/despensafranciscana.com\/loja\/altas-quintas-crescendo-rose-2020\/#primaryimage"},"thumbnailUrl":"https:\/\/despensafranciscana.com\/wp-content\/uploads\/2024\/09\/rose-scaled.jpg","datePublished":"2024-09-30T17:40:16+00:00","dateModified":"2025-03-07T16:12:35+00:00","breadcrumb":{"@id":"https:\/\/despensafranciscana.com\/loja\/altas-quintas-crescendo-rose-2020\/#breadcrumb"},"inLanguage":"de","potentialAction":[{"@type":"ReadAction","target":["https:\/\/despensafranciscana.com\/loja\/altas-quintas-crescendo-rose-2020\/"]}]},{"@type":"ImageObject","inLanguage":"de","@id":"https:\/\/despensafranciscana.com\/loja\/altas-quintas-crescendo-rose-2020\/#primaryimage","url":"https:\/\/despensafranciscana.com\/wp-content\/uploads\/2024\/09\/rose-scaled.jpg","contentUrl":"https:\/\/despensafranciscana.com\/wp-content\/uploads\/2024\/09\/rose-scaled.jpg","width":2560,"height":2560},{"@type":"BreadcrumbList","@id":"https:\/\/despensafranciscana.com\/loja\/altas-quintas-crescendo-rose-2020\/#breadcrumb","itemListElement":[{"@type":"ListItem","position":1,"name":"In\u00edcio","item":"https:\/\/despensafranciscana.com\/"},{"@type":"ListItem","position":2,"name":"Loja","item":"https:\/\/despensafranciscana.com\/loja\/"},{"@type":"ListItem","position":3,"name":"Altas Quintas Crescendo &#8211; Ros\u00e9 2020"}]},{"@type":"WebSite","@id":"https:\/\/despensafranciscana.com\/#website","url":"https:\/\/despensafranciscana.com\/","name":"Franziskanische Speisekammer","description":"Franziskanische Speisekammer","publisher":{"@id":"https:\/\/despensafranciscana.com\/#organization"},"potentialAction":[{"@type":"SearchAction","target":{"@type":"EntryPoint","urlTemplate":"https:\/\/despensafranciscana.com\/?s={search_term_string}"},"query-input":{"@type":"PropertyValueSpecification","valueRequired":true,"valueName":"search_term_string"}}],"inLanguage":"de"},{"@type":"Organization","@id":"https:\/\/despensafranciscana.com\/#organization","name":"Franziskanische Speisekammer","url":"https:\/\/despensafranciscana.com\/","logo":{"@type":"ImageObject","inLanguage":"de","@id":"https:\/\/despensafranciscana.com\/#\/schema\/logo\/image\/","url":"https:\/\/despensafranciscana.com\/wp-content\/uploads\/2025\/02\/despensa-franciscana-revamp-logos-8.png","contentUrl":"https:\/\/despensafranciscana.com\/wp-content\/uploads\/2025\/02\/despensa-franciscana-revamp-logos-8.png","width":1920,"height":628,"caption":"Despensa Franciscana"},"image":{"@id":"https:\/\/despensafranciscana.com\/#\/schema\/logo\/image\/"},"sameAs":["https:\/\/www.facebook.com\/despensafranciscana\/","https:\/\/www.instagram.com\/despensafranciscana\/"]}]}},"_links":{"self":[{"href":"https:\/\/despensafranciscana.com\/de\/wp-json\/wp\/v2\/product\/16771","targetHints":{"allow":["GET"]}}],"collection":[{"href":"https:\/\/despensafranciscana.com\/de\/wp-json\/wp\/v2\/product"}],"about":[{"href":"https:\/\/despensafranciscana.com\/de\/wp-json\/wp\/v2\/types\/product"}],"wp:featuredmedia":[{"embeddable":true,"href":"https:\/\/despensafranciscana.com\/de\/wp-json\/wp\/v2\/media\/16773"}],"wp:attachment":[{"href":"https:\/\/despensafranciscana.com\/de\/wp-json\/wp\/v2\/media?parent=16771"}],"wp:term":[{"taxonomy":"product_brand","embeddable":true,"href":"https:\/\/despensafranciscana.com\/de\/wp-json\/wp\/v2\/product_brand?post=16771"},{"taxonomy":"product_cat","embeddable":true,"href":"https:\/\/despensafranciscana.com\/de\/wp-json\/wp\/v2\/product_cat?post=16771"},{"taxonomy":"product_tag","embeddable":true,"href":"https:\/\/despensafranciscana.com\/de\/wp-json\/wp\/v2\/product_tag?post=16771"}],"curies":[{"name":"wp","href":"https:\/\/api.w.org\/{rel}","templated":true}]}}