{"id":16311,"date":"2024-03-05T18:27:20","date_gmt":"2024-03-05T18:27:20","guid":{"rendered":"https:\/\/despensafranciscana.com\/?post_type=product&#038;p=16311"},"modified":"2025-02-28T14:46:31","modified_gmt":"2025-02-28T14:46:31","slug":"bases-para-frios","status":"publish","type":"product","link":"https:\/\/despensafranciscana.com\/de\/loja\/bases-para-frios\/","title":{"rendered":"Bases de Barro"},"content":{"rendered":"","protected":false},"excerpt":{"rendered":"<p>Untersetzer aus Keramik mit Motiven aus dem Alentejo, ideal f\u00fcr den Tisch mit K\u00e4se, Wurst, Salzgeb\u00e4ck usw. Ein sch\u00f6nes und unverwechselbares St\u00fcck, das den Unterschied auf einem typisch portugiesischen Tisch ausmacht. Die Untersetzer werden von der Keramikerin Susana Perp\u00e9tua handgefertigt und auf Bestellung hergestellt.<\/p>","protected":false},"featured_media":16317,"template":"","meta":[],"product_brand":[],"product_cat":[152],"product_tag":[],"class_list":{"0":"post-16311","1":"product","2":"type-product","3":"status-publish","4":"has-post-thumbnail","6":"product_cat-artes-de-ca","8":"first","9":"instock","10":"taxable","11":"shipping-taxable","12":"purchasable","13":"product-type-simple"},"yoast_head":"<!-- This site is optimized with the Yoast SEO plugin v27.4 - https:\/\/yoast.com\/product\/yoast-seo-wordpress\/ -->\n<title>Bases de Barro - Despensa Franciscana<\/title>\n<meta name=\"robots\" content=\"index, follow, max-snippet:-1, max-image-preview:large, max-video-preview:-1\" \/>\n<link rel=\"canonical\" href=\"https:\/\/despensafranciscana.com\/de\/loja\/bases-para-frios\/\" \/>\n<meta property=\"og:locale\" content=\"de_DE\" \/>\n<meta property=\"og:type\" content=\"article\" \/>\n<meta property=\"og:title\" content=\"Bases de Barro - Despensa Franciscana\" \/>\n<meta property=\"og:description\" content=\"Bases de cer\u00e2mica com motivos alentejanos, ideais para ir \u00e0 mesa com queijos, enchidos, salgados, etc. Uma bonita e distinta pe\u00e7a que far\u00e1 toda a diferen\u00e7a numa mesa tipicamente portuguesa. As bases s\u00e3o feitas artesanalmente pela ceramista Susana Perp\u00e9tua e produzidas mediante os pedidos efetuados.\" \/>\n<meta property=\"og:url\" content=\"https:\/\/despensafranciscana.com\/de\/loja\/bases-para-frios\/\" \/>\n<meta property=\"og:site_name\" content=\"Despensa Franciscana\" \/>\n<meta property=\"article:publisher\" content=\"https:\/\/www.facebook.com\/despensafranciscana\/\" \/>\n<meta property=\"article:modified_time\" content=\"2025-02-28T14:46:31+00:00\" \/>\n<meta property=\"og:image\" content=\"https:\/\/despensafranciscana.com\/wp-content\/uploads\/2024\/03\/1.png\" \/>\n\t<meta property=\"og:image:width\" content=\"1080\" \/>\n\t<meta property=\"og:image:height\" content=\"1080\" \/>\n\t<meta property=\"og:image:type\" content=\"image\/png\" \/>\n<meta name=\"twitter:card\" content=\"summary_large_image\" \/>\n<script type=\"application\/ld+json\" class=\"yoast-schema-graph\">{\"@context\":\"https:\\\/\\\/schema.org\",\"@graph\":[{\"@type\":\"WebPage\",\"@id\":\"https:\\\/\\\/despensafranciscana.com\\\/en\\\/loja\\\/bases-para-frios\\\/\",\"url\":\"https:\\\/\\\/despensafranciscana.com\\\/en\\\/loja\\\/bases-para-frios\\\/\",\"name\":\"Bases de Barro - Despensa Franciscana\",\"isPartOf\":{\"@id\":\"https:\\\/\\\/despensafranciscana.com\\\/#website\"},\"primaryImageOfPage\":{\"@id\":\"https:\\\/\\\/despensafranciscana.com\\\/en\\\/loja\\\/bases-para-frios\\\/#primaryimage\"},\"image\":{\"@id\":\"https:\\\/\\\/despensafranciscana.com\\\/en\\\/loja\\\/bases-para-frios\\\/#primaryimage\"},\"thumbnailUrl\":\"https:\\\/\\\/despensafranciscana.com\\\/wp-content\\\/uploads\\\/2024\\\/03\\\/1.png\",\"datePublished\":\"2024-03-05T18:27:20+00:00\",\"dateModified\":\"2025-02-28T14:46:31+00:00\",\"breadcrumb\":{\"@id\":\"https:\\\/\\\/despensafranciscana.com\\\/en\\\/loja\\\/bases-para-frios\\\/#breadcrumb\"},\"inLanguage\":\"de\",\"potentialAction\":[{\"@type\":\"ReadAction\",\"target\":[\"https:\\\/\\\/despensafranciscana.com\\\/en\\\/loja\\\/bases-para-frios\\\/\"]}]},{\"@type\":\"ImageObject\",\"inLanguage\":\"de\",\"@id\":\"https:\\\/\\\/despensafranciscana.com\\\/en\\\/loja\\\/bases-para-frios\\\/#primaryimage\",\"url\":\"https:\\\/\\\/despensafranciscana.com\\\/wp-content\\\/uploads\\\/2024\\\/03\\\/1.png\",\"contentUrl\":\"https:\\\/\\\/despensafranciscana.com\\\/wp-content\\\/uploads\\\/2024\\\/03\\\/1.png\",\"width\":1080,\"height\":1080},{\"@type\":\"BreadcrumbList\",\"@id\":\"https:\\\/\\\/despensafranciscana.com\\\/en\\\/loja\\\/bases-para-frios\\\/#breadcrumb\",\"itemListElement\":[{\"@type\":\"ListItem\",\"position\":1,\"name\":\"In\u00edcio\",\"item\":\"https:\\\/\\\/despensafranciscana.com\\\/\"},{\"@type\":\"ListItem\",\"position\":2,\"name\":\"Loja\",\"item\":\"https:\\\/\\\/despensafranciscana.com\\\/loja\\\/\"},{\"@type\":\"ListItem\",\"position\":3,\"name\":\"Bases de Barro\"}]},{\"@type\":\"WebSite\",\"@id\":\"https:\\\/\\\/despensafranciscana.com\\\/#website\",\"url\":\"https:\\\/\\\/despensafranciscana.com\\\/\",\"name\":\"Despensa Franciscana\",\"description\":\"Despensa Franciscana\",\"publisher\":{\"@id\":\"https:\\\/\\\/despensafranciscana.com\\\/#organization\"},\"potentialAction\":[{\"@type\":\"SearchAction\",\"target\":{\"@type\":\"EntryPoint\",\"urlTemplate\":\"https:\\\/\\\/despensafranciscana.com\\\/?s={search_term_string}\"},\"query-input\":{\"@type\":\"PropertyValueSpecification\",\"valueRequired\":true,\"valueName\":\"search_term_string\"}}],\"inLanguage\":\"de\"},{\"@type\":\"Organization\",\"@id\":\"https:\\\/\\\/despensafranciscana.com\\\/#organization\",\"name\":\"Despensa Franciscana\",\"url\":\"https:\\\/\\\/despensafranciscana.com\\\/\",\"logo\":{\"@type\":\"ImageObject\",\"inLanguage\":\"de\",\"@id\":\"https:\\\/\\\/despensafranciscana.com\\\/#\\\/schema\\\/logo\\\/image\\\/\",\"url\":\"https:\\\/\\\/despensafranciscana.com\\\/wp-content\\\/uploads\\\/2025\\\/02\\\/despensa-franciscana-revamp-logos-8.png\",\"contentUrl\":\"https:\\\/\\\/despensafranciscana.com\\\/wp-content\\\/uploads\\\/2025\\\/02\\\/despensa-franciscana-revamp-logos-8.png\",\"width\":1920,\"height\":628,\"caption\":\"Despensa Franciscana\"},\"image\":{\"@id\":\"https:\\\/\\\/despensafranciscana.com\\\/#\\\/schema\\\/logo\\\/image\\\/\"},\"sameAs\":[\"https:\\\/\\\/www.facebook.com\\\/despensafranciscana\\\/\",\"https:\\\/\\\/www.instagram.com\\\/despensafranciscana\\\/\"]}]}<\/script>\n<!-- \/ Yoast SEO plugin. -->","yoast_head_json":{"title":"Bases de Barro - Despensa Franciscana","robots":{"index":"index","follow":"follow","max-snippet":"max-snippet:-1","max-image-preview":"max-image-preview:large","max-video-preview":"max-video-preview:-1"},"canonical":"https:\/\/despensafranciscana.com\/de\/loja\/bases-para-frios\/","og_locale":"de_DE","og_type":"article","og_title":"Bases de Barro - Despensa Franciscana","og_description":"Bases de cer\u00e2mica com motivos alentejanos, ideais para ir \u00e0 mesa com queijos, enchidos, salgados, etc. Uma bonita e distinta pe\u00e7a que far\u00e1 toda a diferen\u00e7a numa mesa tipicamente portuguesa. As bases s\u00e3o feitas artesanalmente pela ceramista Susana Perp\u00e9tua e produzidas mediante os pedidos efetuados.","og_url":"https:\/\/despensafranciscana.com\/de\/loja\/bases-para-frios\/","og_site_name":"Despensa Franciscana","article_publisher":"https:\/\/www.facebook.com\/despensafranciscana\/","article_modified_time":"2025-02-28T14:46:31+00:00","og_image":[{"width":1080,"height":1080,"url":"https:\/\/despensafranciscana.com\/wp-content\/uploads\/2024\/03\/1.png","type":"image\/png"}],"twitter_card":"summary_large_image","schema":{"@context":"https:\/\/schema.org","@graph":[{"@type":"WebPage","@id":"https:\/\/despensafranciscana.com\/en\/loja\/bases-para-frios\/","url":"https:\/\/despensafranciscana.com\/en\/loja\/bases-para-frios\/","name":"Bases de Barro - Despensa Franciscana","isPartOf":{"@id":"https:\/\/despensafranciscana.com\/#website"},"primaryImageOfPage":{"@id":"https:\/\/despensafranciscana.com\/en\/loja\/bases-para-frios\/#primaryimage"},"image":{"@id":"https:\/\/despensafranciscana.com\/en\/loja\/bases-para-frios\/#primaryimage"},"thumbnailUrl":"https:\/\/despensafranciscana.com\/wp-content\/uploads\/2024\/03\/1.png","datePublished":"2024-03-05T18:27:20+00:00","dateModified":"2025-02-28T14:46:31+00:00","breadcrumb":{"@id":"https:\/\/despensafranciscana.com\/en\/loja\/bases-para-frios\/#breadcrumb"},"inLanguage":"de","potentialAction":[{"@type":"ReadAction","target":["https:\/\/despensafranciscana.com\/en\/loja\/bases-para-frios\/"]}]},{"@type":"ImageObject","inLanguage":"de","@id":"https:\/\/despensafranciscana.com\/en\/loja\/bases-para-frios\/#primaryimage","url":"https:\/\/despensafranciscana.com\/wp-content\/uploads\/2024\/03\/1.png","contentUrl":"https:\/\/despensafranciscana.com\/wp-content\/uploads\/2024\/03\/1.png","width":1080,"height":1080},{"@type":"BreadcrumbList","@id":"https:\/\/despensafranciscana.com\/en\/loja\/bases-para-frios\/#breadcrumb","itemListElement":[{"@type":"ListItem","position":1,"name":"In\u00edcio","item":"https:\/\/despensafranciscana.com\/"},{"@type":"ListItem","position":2,"name":"Loja","item":"https:\/\/despensafranciscana.com\/loja\/"},{"@type":"ListItem","position":3,"name":"Bases de Barro"}]},{"@type":"WebSite","@id":"https:\/\/despensafranciscana.com\/#website","url":"https:\/\/despensafranciscana.com\/","name":"Franziskanische Speisekammer","description":"Franziskanische Speisekammer","publisher":{"@id":"https:\/\/despensafranciscana.com\/#organization"},"potentialAction":[{"@type":"SearchAction","target":{"@type":"EntryPoint","urlTemplate":"https:\/\/despensafranciscana.com\/?s={search_term_string}"},"query-input":{"@type":"PropertyValueSpecification","valueRequired":true,"valueName":"search_term_string"}}],"inLanguage":"de"},{"@type":"Organization","@id":"https:\/\/despensafranciscana.com\/#organization","name":"Franziskanische Speisekammer","url":"https:\/\/despensafranciscana.com\/","logo":{"@type":"ImageObject","inLanguage":"de","@id":"https:\/\/despensafranciscana.com\/#\/schema\/logo\/image\/","url":"https:\/\/despensafranciscana.com\/wp-content\/uploads\/2025\/02\/despensa-franciscana-revamp-logos-8.png","contentUrl":"https:\/\/despensafranciscana.com\/wp-content\/uploads\/2025\/02\/despensa-franciscana-revamp-logos-8.png","width":1920,"height":628,"caption":"Despensa Franciscana"},"image":{"@id":"https:\/\/despensafranciscana.com\/#\/schema\/logo\/image\/"},"sameAs":["https:\/\/www.facebook.com\/despensafranciscana\/","https:\/\/www.instagram.com\/despensafranciscana\/"]}]}},"_links":{"self":[{"href":"https:\/\/despensafranciscana.com\/de\/wp-json\/wp\/v2\/product\/16311","targetHints":{"allow":["GET"]}}],"collection":[{"href":"https:\/\/despensafranciscana.com\/de\/wp-json\/wp\/v2\/product"}],"about":[{"href":"https:\/\/despensafranciscana.com\/de\/wp-json\/wp\/v2\/types\/product"}],"wp:featuredmedia":[{"embeddable":true,"href":"https:\/\/despensafranciscana.com\/de\/wp-json\/wp\/v2\/media\/16317"}],"wp:attachment":[{"href":"https:\/\/despensafranciscana.com\/de\/wp-json\/wp\/v2\/media?parent=16311"}],"wp:term":[{"taxonomy":"product_brand","embeddable":true,"href":"https:\/\/despensafranciscana.com\/de\/wp-json\/wp\/v2\/product_brand?post=16311"},{"taxonomy":"product_cat","embeddable":true,"href":"https:\/\/despensafranciscana.com\/de\/wp-json\/wp\/v2\/product_cat?post=16311"},{"taxonomy":"product_tag","embeddable":true,"href":"https:\/\/despensafranciscana.com\/de\/wp-json\/wp\/v2\/product_tag?post=16311"}],"curies":[{"name":"wp","href":"https:\/\/api.w.org\/{rel}","templated":true}]}}